{"id":20863,"date":"2023-03-23T17:29:43","date_gmt":"2023-03-23T16:29:43","guid":{"rendered":"https:\/\/ilovehandbags.com\/impressum\/"},"modified":"2025-07-21T10:11:07","modified_gmt":"2025-07-21T08:11:07","slug":"impressum","status":"publish","type":"page","link":"https:\/\/ilovehandbags.com\/de\/impressum\/","title":{"rendered":"Impressum"},"content":{"rendered":"\n<div class=\"wp-block-uagb-advanced-heading uagb-block-84a8c544\"><h2 class=\"uagb-heading-text\">Impressum<\/h2><\/div>\n\n\n\n<p>ANGABEN GEM\u00c4SS \u00a7&nbsp;5 TMG<\/p>\n\n\n\n<p>ILH International GmbH<br>Arthur-Hoffmann Str. 47<br>Hintergeb\u00e4ude, 2 OG<br>04107 Leipzig<br>Deutschland<br><\/p>\n\n\n\n<p>Aus Sicherheitsgr\u00fcnden wird unsere Ware nicht unter dieser Adresse aufbewahrt.<\/p>\n\n\n\n<p><strong>Showroombesuche sind ausschlie\u00dflich mit vorheriger Terminvereinbarung m\u00f6glich.<\/strong><\/p>\n\n\n\n<p>Gesch\u00e4ftsf\u00fchrung: Jana Riedel, Dipl.-Betriebswirt Steve Riedel<\/p>\n\n\n\n<p>KONTAKT<br>WhatsApp: 0176 47160910<br>Telefon: 0341 2252070<br>Email: info @ ilovehandbags.com<\/p>\n\n\n\n<p>REGISTEREINTRAGUNG<br>Amtsgericht Leipzig, HRB 41222<\/p>\n\n\n\n<p>Steuernummer: 231\/111\/00276<br>Umsatzsteuer-Identifikationsnummer: DE359349489<\/p>\n\n\n\n<p>Verantwortlicher im Sinne des \u00a7&nbsp;18 Abs. 2 MStV: Steve Riedel<\/p>\n\n\n\n<p>QUELLENANGABEN F\u00dcR VERWENDETE BILDER UND GRAFIKEN<br>Eigene Aufnahmen<\/p>\n\n\n\n<div style=\"height:20px\" aria-hidden=\"true\" class=\"wp-block-spacer\"><\/div>\n\n\n\n<p style=\"margin-top:0px;margin-right:0px;margin-bottom:0px;margin-left:0px;padding-top:0px;padding-right:0px;padding-bottom:0px;padding-left:0px\">Juristisch betreut von IT-Recht Kanzlei<\/p>\n\n\n\n<a href=\"https:\/\/www.it-recht-kanzlei.de\/\" target=\"_blank\" rel=\"noopener\"><img decoding=\"async\" src=\"https:\/\/www.it-recht-kanzlei.de\/logo\/Logo_Juristisch_betreut_durch_IT-Recht_Kanzlei.png?i=4e791-34f13-39c6-907c-1\" alt=\"Vertreten durch die IT-Recht Kanzlei\" \/><\/a>\n","protected":false},"excerpt":{"rendered":"<p>Impressum ANGABEN GEM\u00c4SS \u00a7&nbsp;5 TMG ILH International GmbHArthur-Hoffmann Str. 47Hintergeb\u00e4ude, 2 OG04107 LeipzigDeutschland Aus Sicherheitsgr\u00fcnden wird unsere Ware nicht unter dieser Adresse aufbewahrt. Showroombesuche sind ausschlie\u00dflich mit vorheriger Terminvereinbarung m\u00f6glich. Gesch\u00e4ftsf\u00fchrung: Jana Riedel, Dipl.-Betriebswirt Steve Riedel KONTAKTWhatsApp: 0176 47160910Telefon: 0341 2252070Email: info @ ilovehandbags.com REGISTEREINTRAGUNGAmtsgericht Leipzig, HRB 41222 Steuernummer: 231\/111\/00276Umsatzsteuer-Identifikationsnummer: DE359349489 Verantwortlicher im Sinne des [&hellip;]<\/p>\n","protected":false},"author":1,"featured_media":0,"parent":0,"menu_order":0,"comment_status":"closed","ping_status":"closed","template":"","meta":{"_uag_custom_page_level_css":"","site-sidebar-layout":"default","site-content-layout":"","ast-site-content-layout":"default","site-content-style":"default","site-sidebar-style":"default","ast-global-header-display":"","ast-banner-title-visibility":"","ast-main-header-display":"","ast-hfb-above-header-display":"","ast-hfb-below-header-display":"","ast-hfb-mobile-header-display":"","site-post-title":"disabled","ast-breadcrumbs-content":"","ast-featured-img":"","footer-sml-layout":"","ast-disable-related-posts":"","theme-transparent-header-meta":"","adv-header-id-meta":"","stick-header-meta":"","header-above-stick-meta":"","header-main-stick-meta":"","header-below-stick-meta":"","astra-migrate-meta-layouts":"set","ast-page-background-enabled":"default","ast-page-background-meta":{"desktop":{"background-color":"var(--ast-global-color-4)","background-image":"","background-repeat":"repeat","background-position":"center center","background-size":"auto","background-attachment":"scroll","background-type":"","background-media":"","overlay-type":"","overlay-color":"","overlay-opacity":"","overlay-gradient":""},"tablet":{"background-color":"","background-image":"","background-repeat":"repeat","background-position":"center center","background-size":"auto","background-attachment":"scroll","background-type":"","background-media":"","overlay-type":"","overlay-color":"","overlay-opacity":"","overlay-gradient":""},"mobile":{"background-color":"","background-image":"","background-repeat":"repeat","background-position":"center center","background-size":"auto","background-attachment":"scroll","background-type":"","background-media":"","overlay-type":"","overlay-color":"","overlay-opacity":"","overlay-gradient":""}},"ast-content-background-meta":{"desktop":{"background-color":"var(--ast-global-color-5)","background-image":"","background-repeat":"repeat","background-position":"center center","background-size":"auto","background-attachment":"scroll","background-type":"","background-media":"","overlay-type":"","overlay-color":"","overlay-opacity":"","overlay-gradient":""},"tablet":{"background-color":"var(--ast-global-color-5)","background-image":"","background-repeat":"repeat","background-position":"center center","background-size":"auto","background-attachment":"scroll","background-type":"","background-media":"","overlay-type":"","overlay-color":"","overlay-opacity":"","overlay-gradient":""},"mobile":{"background-color":"var(--ast-global-color-5)","background-image":"","background-repeat":"repeat","background-position":"center center","background-size":"auto","background-attachment":"scroll","background-type":"","background-media":"","overlay-type":"","overlay-color":"","overlay-opacity":"","overlay-gradient":""}},"_glsr_average":0,"_glsr_ranking":0,"_glsr_reviews":0,"footnotes":""},"class_list":["post-20863","page","type-page","status-publish","hentry"],"spectra_custom_meta":{"_fusion_google_fonts":[""],"_top_nav_excluded":[""],"_cms_nav_minihome":[""],"_wp_page_template":["default"],"_fusion":["a:13:{s:7:\"bg_full\";s:2:\"no\";s:17:\"slider_visibility\";s:51:\"small-visibility,medium-visibility,large-visibility\";s:25:\"show_first_featured_image\";s:3:\"yes\";s:12:\"main_padding\";a:2:{s:3:\"top\";s:0:\"\";s:6:\"bottom\";s:0:\"\";}s:15:\"content_bg_full\";s:2:\"no\";s:9:\"bg_repeat\";s:7:\"default\";s:35:\"container_hundred_percent_animation\";s:0:\"\";s:11:\"slider_type\";s:2:\"no\";s:9:\"wooslider\";s:1:\"0\";s:17:\"content_bg_repeat\";s:7:\"default\";s:13:\"pages_sidebar\";s:15:\"default_sidebar\";s:15:\"pages_sidebar_2\";s:15:\"default_sidebar\";s:14:\"sidebar_sticky\";s:7:\"default\";}"],"rank_math_robots":["a:1:{i:0;s:5:\"index\";}"],"_last_translation_edit_mode":["native-editor"],"_edit_lock":["1767631614:4"],"rank_math_seo_score":["15"],"_edit_last":["1"],"_wpml_word_count":["123"],"_wpml_location_migration_done":["1"],"_wpml_media_duplicate":["0"],"_wpml_media_featured":["0"],"_uag_custom_page_level_css":[""],"site-post-title":["disabled"],"theme-transparent-header-meta":[""],"stick-header-meta":[""],"_pys_head_footer":["a:7:{s:14:\"disable_global\";b:0;s:8:\"head_any\";s:0:\"\";s:12:\"head_desktop\";s:0:\"\";s:11:\"head_mobile\";s:0:\"\";s:10:\"footer_any\";s:0:\"\";s:14:\"footer_desktop\";s:0:\"\";s:13:\"footer_mobile\";s:0:\"\";}"],"rank_math_og_content_image":["a:2:{s:5:\"check\";s:32:\"ba473ef933d08af642324904640017b5\";s:6:\"images\";a:0:{}}"],"litespeed_vpi_list":["a:1:{i:0;s:8:\"logo.png\";}"],"_wpml_post_translation_editor_native":["no"],"litespeed_vpi_list_mobile":["a:1:{i:0;s:8:\"logo.png\";}"],"_rank_math_video":["true"],"ast-site-content-layout":["default"],"adv-header-id-meta":[""],"astra-migrate-meta-layouts":["set"],"footnotes":[""],"site-sidebar-layout":["default"],"site-content-layout":[""],"site-content-style":["default"],"site-sidebar-style":["default"],"ast-global-header-display":[""],"ast-banner-title-visibility":[""],"ast-main-header-display":[""],"ast-hfb-above-header-display":[""],"ast-hfb-below-header-display":[""],"ast-hfb-mobile-header-display":[""],"ast-breadcrumbs-content":[""],"ast-featured-img":[""],"footer-sml-layout":[""],"header-above-stick-meta":[""],"header-main-stick-meta":[""],"header-below-stick-meta":[""],"ast-page-background-enabled":["default"],"ast-page-background-meta":["a:3:{s:7:\"desktop\";a:12:{s:16:\"background-color\";s:25:\"var(--ast-global-color-4)\";s:16:\"background-image\";s:0:\"\";s:17:\"background-repeat\";s:6:\"repeat\";s:19:\"background-position\";s:13:\"center center\";s:15:\"background-size\";s:4:\"auto\";s:21:\"background-attachment\";s:6:\"scroll\";s:15:\"background-type\";s:0:\"\";s:16:\"background-media\";s:0:\"\";s:12:\"overlay-type\";s:0:\"\";s:13:\"overlay-color\";s:0:\"\";s:15:\"overlay-opacity\";s:0:\"\";s:16:\"overlay-gradient\";s:0:\"\";}s:6:\"tablet\";a:12:{s:16:\"background-color\";s:0:\"\";s:16:\"background-image\";s:0:\"\";s:17:\"background-repeat\";s:6:\"repeat\";s:19:\"background-position\";s:13:\"center center\";s:15:\"background-size\";s:4:\"auto\";s:21:\"background-attachment\";s:6:\"scroll\";s:15:\"background-type\";s:0:\"\";s:16:\"background-media\";s:0:\"\";s:12:\"overlay-type\";s:0:\"\";s:13:\"overlay-color\";s:0:\"\";s:15:\"overlay-opacity\";s:0:\"\";s:16:\"overlay-gradient\";s:0:\"\";}s:6:\"mobile\";a:12:{s:16:\"background-color\";s:0:\"\";s:16:\"background-image\";s:0:\"\";s:17:\"background-repeat\";s:6:\"repeat\";s:19:\"background-position\";s:13:\"center center\";s:15:\"background-size\";s:4:\"auto\";s:21:\"background-attachment\";s:6:\"scroll\";s:15:\"background-type\";s:0:\"\";s:16:\"background-media\";s:0:\"\";s:12:\"overlay-type\";s:0:\"\";s:13:\"overlay-color\";s:0:\"\";s:15:\"overlay-opacity\";s:0:\"\";s:16:\"overlay-gradient\";s:0:\"\";}}"],"ast-content-background-meta":["a:3:{s:7:\"desktop\";a:12:{s:16:\"background-color\";s:25:\"var(--ast-global-color-5)\";s:16:\"background-image\";s:0:\"\";s:17:\"background-repeat\";s:6:\"repeat\";s:19:\"background-position\";s:13:\"center center\";s:15:\"background-size\";s:4:\"auto\";s:21:\"background-attachment\";s:6:\"scroll\";s:15:\"background-type\";s:0:\"\";s:16:\"background-media\";s:0:\"\";s:12:\"overlay-type\";s:0:\"\";s:13:\"overlay-color\";s:0:\"\";s:15:\"overlay-opacity\";s:0:\"\";s:16:\"overlay-gradient\";s:0:\"\";}s:6:\"tablet\";a:12:{s:16:\"background-color\";s:25:\"var(--ast-global-color-5)\";s:16:\"background-image\";s:0:\"\";s:17:\"background-repeat\";s:6:\"repeat\";s:19:\"background-position\";s:13:\"center center\";s:15:\"background-size\";s:4:\"auto\";s:21:\"background-attachment\";s:6:\"scroll\";s:15:\"background-type\";s:0:\"\";s:16:\"background-media\";s:0:\"\";s:12:\"overlay-type\";s:0:\"\";s:13:\"overlay-color\";s:0:\"\";s:15:\"overlay-opacity\";s:0:\"\";s:16:\"overlay-gradient\";s:0:\"\";}s:6:\"mobile\";a:12:{s:16:\"background-color\";s:25:\"var(--ast-global-color-5)\";s:16:\"background-image\";s:0:\"\";s:17:\"background-repeat\";s:6:\"repeat\";s:19:\"background-position\";s:13:\"center center\";s:15:\"background-size\";s:4:\"auto\";s:21:\"background-attachment\";s:6:\"scroll\";s:15:\"background-type\";s:0:\"\";s:16:\"background-media\";s:0:\"\";s:12:\"overlay-type\";s:0:\"\";s:13:\"overlay-color\";s:0:\"\";s:15:\"overlay-opacity\";s:0:\"\";s:16:\"overlay-gradient\";s:0:\"\";}}"],"_glsr_average":["0"],"_glsr_ranking":["0"],"_glsr_reviews":["0"],"_ame_cpe_post_policy":["{\"accessProtection\":{\"active\":\"replace\"}}"],"copied_media_ids":["a:0:{}"],"referenced_media_ids":["a:0:{}"],"rank_math_analytic_object_id":["2586"],"_uagb_previous_block_counts":["a:90:{s:21:\"uagb\/advanced-heading\";i:1;s:15:\"uagb\/blockquote\";i:0;s:12:\"uagb\/buttons\";i:0;s:18:\"uagb\/buttons-child\";i:0;s:19:\"uagb\/call-to-action\";i:0;s:15:\"uagb\/cf7-styler\";i:0;s:11:\"uagb\/column\";i:0;s:12:\"uagb\/columns\";i:0;s:14:\"uagb\/container\";i:0;s:21:\"uagb\/content-timeline\";i:0;s:27:\"uagb\/content-timeline-child\";i:0;s:14:\"uagb\/countdown\";i:0;s:12:\"uagb\/counter\";i:0;s:8:\"uagb\/faq\";i:0;s:14:\"uagb\/faq-child\";i:0;s:10:\"uagb\/forms\";i:0;s:17:\"uagb\/forms-accept\";i:0;s:19:\"uagb\/forms-checkbox\";i:0;s:15:\"uagb\/forms-date\";i:0;s:16:\"uagb\/forms-email\";i:0;s:17:\"uagb\/forms-hidden\";i:0;s:15:\"uagb\/forms-name\";i:0;s:16:\"uagb\/forms-phone\";i:0;s:16:\"uagb\/forms-radio\";i:0;s:17:\"uagb\/forms-select\";i:0;s:19:\"uagb\/forms-textarea\";i:0;s:17:\"uagb\/forms-toggle\";i:0;s:14:\"uagb\/forms-url\";i:0;s:14:\"uagb\/gf-styler\";i:0;s:15:\"uagb\/google-map\";i:0;s:11:\"uagb\/how-to\";i:0;s:16:\"uagb\/how-to-step\";i:0;s:9:\"uagb\/icon\";i:0;s:14:\"uagb\/icon-list\";i:0;s:20:\"uagb\/icon-list-child\";i:0;s:10:\"uagb\/image\";i:0;s:18:\"uagb\/image-gallery\";i:0;s:13:\"uagb\/info-box\";i:0;s:18:\"uagb\/inline-notice\";i:0;s:11:\"uagb\/lottie\";i:0;s:21:\"uagb\/marketing-button\";i:0;s:10:\"uagb\/modal\";i:0;s:18:\"uagb\/popup-builder\";i:0;s:16:\"uagb\/post-button\";i:0;s:18:\"uagb\/post-carousel\";i:0;s:17:\"uagb\/post-excerpt\";i:0;s:14:\"uagb\/post-grid\";i:0;s:15:\"uagb\/post-image\";i:0;s:17:\"uagb\/post-masonry\";i:0;s:14:\"uagb\/post-meta\";i:0;s:18:\"uagb\/post-taxonomy\";i:0;s:18:\"uagb\/post-timeline\";i:0;s:15:\"uagb\/post-title\";i:0;s:20:\"uagb\/restaurant-menu\";i:0;s:26:\"uagb\/restaurant-menu-child\";i:0;s:11:\"uagb\/review\";i:0;s:12:\"uagb\/section\";i:0;s:14:\"uagb\/separator\";i:0;s:11:\"uagb\/slider\";i:0;s:17:\"uagb\/slider-child\";i:0;s:17:\"uagb\/social-share\";i:0;s:23:\"uagb\/social-share-child\";i:0;s:16:\"uagb\/star-rating\";i:0;s:23:\"uagb\/sure-cart-checkout\";i:0;s:22:\"uagb\/sure-cart-product\";i:0;s:15:\"uagb\/sure-forms\";i:0;s:22:\"uagb\/table-of-contents\";i:0;s:9:\"uagb\/tabs\";i:0;s:15:\"uagb\/tabs-child\";i:0;s:18:\"uagb\/taxonomy-list\";i:0;s:9:\"uagb\/team\";i:0;s:16:\"uagb\/testimonial\";i:0;s:14:\"uagb\/wp-search\";i:0;s:19:\"uagb\/instagram-feed\";i:0;s:10:\"uagb\/login\";i:0;s:17:\"uagb\/loop-builder\";i:0;s:18:\"uagb\/loop-category\";i:0;s:20:\"uagb\/loop-pagination\";i:0;s:15:\"uagb\/loop-reset\";i:0;s:16:\"uagb\/loop-search\";i:0;s:14:\"uagb\/loop-sort\";i:0;s:17:\"uagb\/loop-wrapper\";i:0;s:13:\"uagb\/register\";i:0;s:19:\"uagb\/register-email\";i:0;s:24:\"uagb\/register-first-name\";i:0;s:23:\"uagb\/register-last-name\";i:0;s:22:\"uagb\/register-password\";i:0;s:30:\"uagb\/register-reenter-password\";i:0;s:19:\"uagb\/register-terms\";i:0;s:22:\"uagb\/register-username\";i:0;}"],"_uagb_last_spectra_edit":["1776775900"],"_uag_page_assets":["a:9:{s:3:\"css\";s:673:\".wp-block-uagb-advanced-heading.uagb-block-84a8c544.wp-block-uagb-advanced-heading .uagb-desc-text{margin-bottom: 15px;}.wp-block-uagb-advanced-heading.uagb-block-84a8c544.wp-block-uagb-advanced-heading .uagb-highlight{font-style: normal;font-weight: Default;background: #007cba;color: #fff;-webkit-text-fill-color: #fff;}.wp-block-uagb-advanced-heading.uagb-block-84a8c544.wp-block-uagb-advanced-heading .uagb-highlight::-moz-selection{color: #fff;background: #007cba;-webkit-text-fill-color: #fff;}.wp-block-uagb-advanced-heading.uagb-block-84a8c544.wp-block-uagb-advanced-heading .uagb-highlight::selection{color: #fff;background: #007cba;-webkit-text-fill-color: #fff;}\";s:2:\"js\";s:0:\"\";s:18:\"current_block_list\";a:9:{i:0;s:21:\"uagb\/advanced-heading\";i:1;s:14:\"core\/paragraph\";i:2;s:11:\"core\/spacer\";i:3;s:9:\"core\/html\";i:4;s:26:\"woocommerce\/filter-wrapper\";i:5;s:24:\"woocommerce\/price-filter\";i:6;s:30:\"woocommerce\/product-categories\";i:7;s:14:\"core\/shortcode\";i:8;s:11:\"core\/search\";}s:8:\"uag_flag\";b:1;s:11:\"uag_version\";s:10:\"1778148243\";s:6:\"gfonts\";a:0:{}s:10:\"gfonts_url\";s:0:\"\";s:12:\"gfonts_files\";a:0:{}s:14:\"uag_faq_layout\";b:0;}"]},"uagb_featured_image_src":{"full":false,"thumbnail":false,"medium":false,"medium_large":false,"large":false,"1536x1536":false,"2048x2048":false,"woocommerce_thumbnail":false,"woocommerce_single":false,"woocommerce_gallery_thumbnail":false},"uagb_author_info":{"display_name":"Steve","author_link":"https:\/\/ilovehandbags.com\/de\/author\/sriedel\/"},"uagb_comment_info":0,"uagb_excerpt":"Impressum ANGABEN GEM\u00c4SS \u00a7&nbsp;5 TMG ILH International GmbHArthur-Hoffmann Str. 47Hintergeb\u00e4ude, 2 OG04107 LeipzigDeutschland Aus Sicherheitsgr\u00fcnden wird unsere Ware nicht unter dieser Adresse aufbewahrt. Showroombesuche sind ausschlie\u00dflich mit vorheriger Terminvereinbarung m\u00f6glich. Gesch\u00e4ftsf\u00fchrung: Jana Riedel, Dipl.-Betriebswirt Steve Riedel KONTAKTWhatsApp: 0176 47160910Telefon: 0341 2252070Email: info @ ilovehandbags.com REGISTEREINTRAGUNGAmtsgericht Leipzig, HRB 41222 Steuernummer: 231\/111\/00276Umsatzsteuer-Identifikationsnummer: DE359349489 Verantwortlicher im Sinne des&hellip;","_links":{"self":[{"href":"https:\/\/ilovehandbags.com\/de\/wp-json\/wp\/v2\/pages\/20863","targetHints":{"allow":["GET"]}}],"collection":[{"href":"https:\/\/ilovehandbags.com\/de\/wp-json\/wp\/v2\/pages"}],"about":[{"href":"https:\/\/ilovehandbags.com\/de\/wp-json\/wp\/v2\/types\/page"}],"author":[{"embeddable":true,"href":"https:\/\/ilovehandbags.com\/de\/wp-json\/wp\/v2\/users\/1"}],"replies":[{"embeddable":true,"href":"https:\/\/ilovehandbags.com\/de\/wp-json\/wp\/v2\/comments?post=20863"}],"version-history":[{"count":0,"href":"https:\/\/ilovehandbags.com\/de\/wp-json\/wp\/v2\/pages\/20863\/revisions"}],"wp:attachment":[{"href":"https:\/\/ilovehandbags.com\/de\/wp-json\/wp\/v2\/media?parent=20863"}],"curies":[{"name":"wp","href":"https:\/\/api.w.org\/{rel}","templated":true}]}}