{"id":25680,"date":"2023-04-27T11:51:07","date_gmt":"2023-04-27T09:51:07","guid":{"rendered":"https:\/\/ilovehandbags.com\/?page_id=25680"},"modified":"2026-01-20T17:31:59","modified_gmt":"2026-01-20T16:31:59","slug":"versand-und-rueckgabe","status":"publish","type":"page","link":"https:\/\/ilovehandbags.com\/de\/versand-und-rueckgabe\/","title":{"rendered":"Versand und R\u00fcckgabe"},"content":{"rendered":"\n<div class=\"wp-block-uagb-container uagb-block-67a2ee08 alignfull uagb-is-root-container\"><div class=\"uagb-container-inner-blocks-wrap\">\n<h2 class=\"wp-block-heading\">Versand und R\u00fcckgabe<\/h2>\n\n\n\n<p><strong>Versandkosten und Lieferzeiten<br><\/strong>Unsere Produkte werden in der Regel innerhalb von 1 bis 2 Werktagen nach Zahlungseingang versichert versendet. Sobald deine Bestellung unser Haus verlassen hat, erh\u00e4ltst du eine Versandbest\u00e4tigung einschlie\u00dflich der Sendungsnummer, mit der du den Versandstatus jederzeit nachverfolgen kannst. Bei Lieferungen ins Ausland k\u00f6nnen die Versandzeiten je nach Zielland und Versanddienstleister variieren.<\/p>\n\n\n\n<p>Unsere Versandkosten beinhalten ebenso die Kosten f\u00fcr Verpackung, h\u00e4ngen vom Zielland und dem Einkaufswert ab.<\/p>\n\n\n\n<figure class=\"wp-block-table is-style-stripes\"><table><tbody><tr><td><strong>Land \/ Region<\/strong><\/td><td><strong>Einkaufswert<\/strong><\/td><td><strong>Versandkosten<\/strong><\/td><td><strong>Versanddienstleister<\/strong><\/td><td><strong>Versanddauer<\/strong><\/td><\/tr><tr><td>Deutschland<\/td><td>Warenpost*<\/td><td>4,50 Euro<\/td><td>Deutsche Post<\/td><td>1-2 Werktage<\/td><\/tr><tr><td>Deutschland<\/td><td>bis 500 Euro<\/td><td>6,50 Euro<\/td><td>DHL<\/td><td>1-2 Werktage<\/td><\/tr><tr><td>Deutschland<\/td><td>\u00fcber 500 Euro<\/td><td>kostenfrei<\/td><td>DHL<\/td><td>1-2 Werktage<\/td><\/tr><tr><td>Europa<\/td><td>bis 500 Euro<\/td><td>15 Euro<\/td><td>DHL \/ UPS<\/td><td>3-5 Werktage<\/td><\/tr><tr><td>Europa<\/td><td>bis 2500 Euro<\/td><td>35 Euro<\/td><td>DHL \/ UPS<\/td><td>3-5 Werktage<\/td><\/tr><tr><td>Europa<\/td><td>\u00fcber 2500 Euro<\/td><td>50 Euro<\/td><td>DHL \/ UPS<\/td><td>3-5 Werktage<\/td><\/tr><\/tbody><\/table><\/figure>\n<\/div><\/div>\n\n\n\n<p>*gilt f\u00fcr Schulterriemen der Marke I Love Handbags (sofern auf der jeweiligen Produktseite entsprechend ausgewiesen)<\/p>\n\n\n\n<p>Solltest du au\u00dferhalb Europas wohnen oder einen Expressversand w\u00fcnschen, kontaktiere uns bitte vorab, damit wir dir die entsprechenden Versandkosten und Optionen mitteilen k\u00f6nnen.<\/p>\n\n\n\n<p>Bei Lieferungen in L\u00e4nder au\u00dferhalb der EU k\u00f6nnen zus\u00e4tzliche Kosten wie Z\u00f6lle, Steuern oder sonstige Einfuhrabgaben anfallen. Diese Kosten werden vom jeweiligen Zoll- bzw. Steuerbeh\u00f6rden erhoben und sind von dir als K\u00e4ufer zu tragen.<\/p>\n\n\n\n<p><strong>R\u00fcckgabe \/ Widerruf<\/strong><br>Du hast ab Erhalt der Ware ein 14-t\u00e4giges gesetzliches Widerrufsrecht.<br>Wir bitten dich, bei einer R\u00fccksendung darauf zu achten, dass die Artikel in dem Zustand zur\u00fcckgesendet werden, in dem sie dir geliefert wurden, und dass das Produkt- bzw. Sicherheitsetikett nicht entfernt wurde. Eine \u00fcber die \u00fcbliche Pr\u00fcfung hinausgehende Nutzung kann zu einem Wertersatz f\u00fchren.<\/p>\n\n\n\n<p>Wenn du von deinem Widerrufsrecht Gebrauch machen m\u00f6chtest, sende uns bitte eine Nachricht an info@ilovehandbags.com oder nutze unser <a class=\"MSI_ext_nofollow\" href=\"https:\/\/ilovehandbags.com\/de\/online-widerrufsformular\/\" data-type=\"page\" data-id=\"26360\" rel=\"nofollow\">Online-Formular<\/a>, damit wir dich \u00fcber den Ablauf informieren k\u00f6nnen. Der Sendung liegt zudem eine Information zur R\u00fccksendung bei.<\/p>\n\n\n\n<p>Die Kosten der R\u00fccksendung tr\u00e4gst du als K\u00e4ufer, sofern in unserer Widerrufsbelehrung nicht anders angegeben.<\/p>\n\n\n\n<p><\/p>\n","protected":false},"excerpt":{"rendered":"<p>Versand und R\u00fcckgabe Versandkosten und LieferzeitenUnsere Produkte werden in der Regel innerhalb von 1 bis 2 Werktagen nach Zahlungseingang versichert versendet. Sobald deine Bestellung unser Haus verlassen hat, erh\u00e4ltst du eine Versandbest\u00e4tigung einschlie\u00dflich der Sendungsnummer, mit der du den Versandstatus jederzeit nachverfolgen kannst. Bei Lieferungen ins Ausland k\u00f6nnen die Versandzeiten je nach Zielland und Versanddienstleister [&hellip;]<\/p>\n","protected":false},"author":1,"featured_media":0,"parent":0,"menu_order":0,"comment_status":"closed","ping_status":"closed","template":"","meta":{"_uag_custom_page_level_css":"","site-sidebar-layout":"default","site-content-layout":"","ast-site-content-layout":"default","site-content-style":"default","site-sidebar-style":"default","ast-global-header-display":"","ast-banner-title-visibility":"","ast-main-header-display":"","ast-hfb-above-header-display":"","ast-hfb-below-header-display":"","ast-hfb-mobile-header-display":"","site-post-title":"disabled","ast-breadcrumbs-content":"","ast-featured-img":"","footer-sml-layout":"","ast-disable-related-posts":"","theme-transparent-header-meta":"","adv-header-id-meta":"","stick-header-meta":"","header-above-stick-meta":"","header-main-stick-meta":"","header-below-stick-meta":"","astra-migrate-meta-layouts":"set","ast-page-background-enabled":"default","ast-page-background-meta":{"desktop":{"background-color":"var(--ast-global-color-4)","background-image":"","background-repeat":"repeat","background-position":"center center","background-size":"auto","background-attachment":"scroll","background-type":"","background-media":"","overlay-type":"","overlay-color":"","overlay-opacity":"","overlay-gradient":""},"tablet":{"background-color":"","background-image":"","background-repeat":"repeat","background-position":"center center","background-size":"auto","background-attachment":"scroll","background-type":"","background-media":"","overlay-type":"","overlay-color":"","overlay-opacity":"","overlay-gradient":""},"mobile":{"background-color":"","background-image":"","background-repeat":"repeat","background-position":"center center","background-size":"auto","background-attachment":"scroll","background-type":"","background-media":"","overlay-type":"","overlay-color":"","overlay-opacity":"","overlay-gradient":""}},"ast-content-background-meta":{"desktop":{"background-color":"var(--ast-global-color-5)","background-image":"","background-repeat":"repeat","background-position":"center center","background-size":"auto","background-attachment":"scroll","background-type":"","background-media":"","overlay-type":"","overlay-color":"","overlay-opacity":"","overlay-gradient":""},"tablet":{"background-color":"var(--ast-global-color-5)","background-image":"","background-repeat":"repeat","background-position":"center center","background-size":"auto","background-attachment":"scroll","background-type":"","background-media":"","overlay-type":"","overlay-color":"","overlay-opacity":"","overlay-gradient":""},"mobile":{"background-color":"var(--ast-global-color-5)","background-image":"","background-repeat":"repeat","background-position":"center center","background-size":"auto","background-attachment":"scroll","background-type":"","background-media":"","overlay-type":"","overlay-color":"","overlay-opacity":"","overlay-gradient":""}},"_glsr_average":0,"_glsr_ranking":0,"_glsr_reviews":0,"footnotes":""},"class_list":["post-25680","page","type-page","status-publish","hentry"],"spectra_custom_meta":{"_edit_lock":["1768927814:4"],"_wpml_word_count":["385"],"rank_math_seo_score":["13"],"_edit_last":["4"],"_wpml_media_duplicate":["1"],"_wpml_media_featured":["1"],"_wpml_location_migration_done":["1"],"_uag_custom_page_level_css":[""],"site-post-title":["disabled"],"theme-transparent-header-meta":[""],"adv-header-id-meta":[""],"stick-header-meta":[""],"_pys_head_footer":["a:7:{s:14:\"disable_global\";b:0;s:8:\"head_any\";s:0:\"\";s:12:\"head_desktop\";s:0:\"\";s:11:\"head_mobile\";s:0:\"\";s:10:\"footer_any\";s:0:\"\";s:14:\"footer_desktop\";s:0:\"\";s:13:\"footer_mobile\";s:0:\"\";}"],"litespeed_vpi_list":["a:1:{i:0;s:8:\"logo.png\";}"],"_wpml_post_translation_editor_native":["no"],"litespeed_vpi_list_mobile":["a:1:{i:0;s:8:\"logo.png\";}"],"footnotes":[""],"ast-site-content-layout":["default"],"astra-migrate-meta-layouts":["set"],"rank_math_robots":["a:5:{i:0;s:9:\"noarchive\";i:1;s:9:\"nosnippet\";i:2;s:8:\"nofollow\";i:3;s:5:\"index\";i:4;s:12:\"noimageindex\";}"],"rank_math_description":["Alle Informationen zum Versand und zur R\u00fcckgabe von K\u00e4ufen bei I Love Handbags. Portokosten, R\u00fccksendebedingungen, reginal und weltweit"],"_rank_math_video":["true"],"borlabsCookieCustomCode":[""],"copied_media_ids":["a:0:{}"],"referenced_media_ids":["a:0:{}"],"_ame_cpe_post_policy":["{\"accessProtection\":{\"active\":\"replace\"}}"],"rank_math_analytic_object_id":["2399"],"_uagb_previous_block_counts":["a:90:{s:21:\"uagb\/advanced-heading\";i:0;s:15:\"uagb\/blockquote\";i:0;s:12:\"uagb\/buttons\";i:0;s:18:\"uagb\/buttons-child\";i:0;s:19:\"uagb\/call-to-action\";i:0;s:15:\"uagb\/cf7-styler\";i:0;s:11:\"uagb\/column\";i:0;s:12:\"uagb\/columns\";i:0;s:14:\"uagb\/container\";i:1;s:21:\"uagb\/content-timeline\";i:0;s:27:\"uagb\/content-timeline-child\";i:0;s:14:\"uagb\/countdown\";i:0;s:12:\"uagb\/counter\";i:0;s:8:\"uagb\/faq\";i:0;s:14:\"uagb\/faq-child\";i:0;s:10:\"uagb\/forms\";i:0;s:17:\"uagb\/forms-accept\";i:0;s:19:\"uagb\/forms-checkbox\";i:0;s:15:\"uagb\/forms-date\";i:0;s:16:\"uagb\/forms-email\";i:0;s:17:\"uagb\/forms-hidden\";i:0;s:15:\"uagb\/forms-name\";i:0;s:16:\"uagb\/forms-phone\";i:0;s:16:\"uagb\/forms-radio\";i:0;s:17:\"uagb\/forms-select\";i:0;s:19:\"uagb\/forms-textarea\";i:0;s:17:\"uagb\/forms-toggle\";i:0;s:14:\"uagb\/forms-url\";i:0;s:14:\"uagb\/gf-styler\";i:0;s:15:\"uagb\/google-map\";i:0;s:11:\"uagb\/how-to\";i:0;s:16:\"uagb\/how-to-step\";i:0;s:9:\"uagb\/icon\";i:0;s:14:\"uagb\/icon-list\";i:0;s:20:\"uagb\/icon-list-child\";i:0;s:10:\"uagb\/image\";i:0;s:18:\"uagb\/image-gallery\";i:0;s:13:\"uagb\/info-box\";i:0;s:18:\"uagb\/inline-notice\";i:0;s:11:\"uagb\/lottie\";i:0;s:21:\"uagb\/marketing-button\";i:0;s:10:\"uagb\/modal\";i:0;s:18:\"uagb\/popup-builder\";i:0;s:16:\"uagb\/post-button\";i:0;s:18:\"uagb\/post-carousel\";i:0;s:17:\"uagb\/post-excerpt\";i:0;s:14:\"uagb\/post-grid\";i:0;s:15:\"uagb\/post-image\";i:0;s:17:\"uagb\/post-masonry\";i:0;s:14:\"uagb\/post-meta\";i:0;s:18:\"uagb\/post-taxonomy\";i:0;s:18:\"uagb\/post-timeline\";i:0;s:15:\"uagb\/post-title\";i:0;s:20:\"uagb\/restaurant-menu\";i:0;s:26:\"uagb\/restaurant-menu-child\";i:0;s:11:\"uagb\/review\";i:0;s:12:\"uagb\/section\";i:0;s:14:\"uagb\/separator\";i:0;s:11:\"uagb\/slider\";i:0;s:17:\"uagb\/slider-child\";i:0;s:17:\"uagb\/social-share\";i:0;s:23:\"uagb\/social-share-child\";i:0;s:16:\"uagb\/star-rating\";i:0;s:23:\"uagb\/sure-cart-checkout\";i:0;s:22:\"uagb\/sure-cart-product\";i:0;s:15:\"uagb\/sure-forms\";i:0;s:22:\"uagb\/table-of-contents\";i:0;s:9:\"uagb\/tabs\";i:0;s:15:\"uagb\/tabs-child\";i:0;s:18:\"uagb\/taxonomy-list\";i:0;s:9:\"uagb\/team\";i:0;s:16:\"uagb\/testimonial\";i:0;s:14:\"uagb\/wp-search\";i:0;s:19:\"uagb\/instagram-feed\";i:0;s:10:\"uagb\/login\";i:0;s:17:\"uagb\/loop-builder\";i:0;s:18:\"uagb\/loop-category\";i:0;s:20:\"uagb\/loop-pagination\";i:0;s:15:\"uagb\/loop-reset\";i:0;s:16:\"uagb\/loop-search\";i:0;s:14:\"uagb\/loop-sort\";i:0;s:17:\"uagb\/loop-wrapper\";i:0;s:13:\"uagb\/register\";i:0;s:19:\"uagb\/register-email\";i:0;s:24:\"uagb\/register-first-name\";i:0;s:23:\"uagb\/register-last-name\";i:0;s:22:\"uagb\/register-password\";i:0;s:30:\"uagb\/register-reenter-password\";i:0;s:19:\"uagb\/register-terms\";i:0;s:22:\"uagb\/register-username\";i:0;}"],"_uagb_last_spectra_edit":["1776775900"]},"uagb_featured_image_src":{"full":false,"thumbnail":false,"medium":false,"medium_large":false,"large":false,"1536x1536":false,"2048x2048":false,"woocommerce_thumbnail":false,"woocommerce_single":false,"woocommerce_gallery_thumbnail":false},"uagb_author_info":{"display_name":"Steve","author_link":"https:\/\/ilovehandbags.com\/de\/author\/sriedel\/"},"uagb_comment_info":0,"uagb_excerpt":"Versand und R\u00fcckgabe Versandkosten und LieferzeitenUnsere Produkte werden in der Regel innerhalb von 1 bis 2 Werktagen nach Zahlungseingang versichert versendet. Sobald deine Bestellung unser Haus verlassen hat, erh\u00e4ltst du eine Versandbest\u00e4tigung einschlie\u00dflich der Sendungsnummer, mit der du den Versandstatus jederzeit nachverfolgen kannst. Bei Lieferungen ins Ausland k\u00f6nnen die Versandzeiten je nach Zielland und Versanddienstleister&hellip;","_links":{"self":[{"href":"https:\/\/ilovehandbags.com\/de\/wp-json\/wp\/v2\/pages\/25680","targetHints":{"allow":["GET"]}}],"collection":[{"href":"https:\/\/ilovehandbags.com\/de\/wp-json\/wp\/v2\/pages"}],"about":[{"href":"https:\/\/ilovehandbags.com\/de\/wp-json\/wp\/v2\/types\/page"}],"author":[{"embeddable":true,"href":"https:\/\/ilovehandbags.com\/de\/wp-json\/wp\/v2\/users\/1"}],"replies":[{"embeddable":true,"href":"https:\/\/ilovehandbags.com\/de\/wp-json\/wp\/v2\/comments?post=25680"}],"version-history":[{"count":0,"href":"https:\/\/ilovehandbags.com\/de\/wp-json\/wp\/v2\/pages\/25680\/revisions"}],"wp:attachment":[{"href":"https:\/\/ilovehandbags.com\/de\/wp-json\/wp\/v2\/media?parent=25680"}],"curies":[{"name":"wp","href":"https:\/\/api.w.org\/{rel}","templated":true}]}}