{"id":39794,"date":"2024-02-27T07:57:50","date_gmt":"2024-02-27T06:57:50","guid":{"rendered":"https:\/\/ilovehandbags.com\/?page_id=39794"},"modified":"2024-02-27T08:05:58","modified_gmt":"2024-02-27T07:05:58","slug":"erfahrung","status":"publish","type":"page","link":"https:\/\/ilovehandbags.com\/de\/erfahrung\/","title":{"rendered":"Erfahrung"},"content":{"rendered":"<div class=\"has-text-align-left items-justified-left wp-block-site-reviews\" style=\"--glsr-review-row-gap:2em;--glsr-review-star:1.25em;\"><div class=\"glsr glsr-default\" id=\"glsr_22mindiq\" data-from=\"block\" data-shortcode=\"site_reviews\" data-display=\"10\" data-pagination=\"ajax\" data-form=\"27109\"><div class=\"glsr-reviews-wrap\">\n    <div class=\"glsr-reviews\">\n        <div class=\"glsr-review\" data-type=\"local\" data-id=\"27606\" data-type=\"local\" data-pinned=\"1\" data-verified=\"1\" data-form=\"27109\" id=\"review-27606\" data-assigned='{\"assigned_terms\":[545]}'>\r\n    <div class=\"glsr-review-title\"><h4 class=\"glsr-tag-value\">Toller Online Shop f\u00fcr gebrauchte Louis Vuitton Taschen<\/h4><\/div>\r\n    <div class=\"glsr-review-rating\"><div class=\"glsr-star-rating glsr-stars\" role=\"img\" aria-label=\"Rated 4 out of 5 stars\" data-rating=\"4\" data-reviews=\"0\"><span class=\"glsr-star glsr-star-full\" aria-hidden=\"true\"><\/span><span class=\"glsr-star glsr-star-full\" aria-hidden=\"true\"><\/span><span class=\"glsr-star glsr-star-full\" aria-hidden=\"true\"><\/span><span class=\"glsr-star glsr-star-full\" aria-hidden=\"true\"><\/span><span class=\"glsr-star glsr-star-empty\" aria-hidden=\"true\"><\/span><\/div><\/div> <div class=\"glsr-review-date\"><span class=\"glsr-tag-value\">07.06.2023<\/span><\/div>\r\n    \r\n    <div class=\"glsr-review-content\"><div class=\"glsr-tag-value\" data-expanded=\"false\"><p>Ich bin sehr zufrieden mit meiner Bestellung. Meine Bestellung war binnen 1 Tag bei mir. Das Paket war liebevoll verpackt und die Louis Vuitton Tasche ist ein Traum. Ich werde hier definitiv wieder einkaufen und den Shop weiterempfehlen.<\/p><\/div><\/div> \r\n     <div class=\"glsr-review-author\"><span class=\"glsr-tag-value\">L.<\/span><\/div> <div class=\"glsr-review-verified\"><svg style=\"pointer-events: none;\" aria-hidden=\"true\" focusable=\"false\" role=\"img\" xmlns=\"http:\/\/www.w3.org\/2000\/svg\" viewBox=\"0 0 20 20\" width=\"20\" height=\"20\"><path fill=\"currentColor\" d=\"M10 2a8 8 0 1 1 0 16 8 8 0 1 1 0-16zm3.855 3.34l-5.14 5.93-2.57-2.4-1.34 1.25 3.24 4.54h1.34l5.81-8.38-1.34-.94z\"\/><\/svg> <span>Best\u00e4tigt<\/span><\/div>\r\n    \r\n<\/div>\n<div class=\"glsr-review\" data-type=\"local\" data-id=\"57569\" data-type=\"local\" data-form=\"27109\" id=\"review-57569\" data-assigned='[]'>\r\n    <div class=\"glsr-review-title\"><h4 class=\"glsr-tag-value\">Absolut super \u2665\ufe0f<\/h4><\/div>\r\n    <div class=\"glsr-review-rating\"><div class=\"glsr-star-rating glsr-stars\" role=\"img\" aria-label=\"Rated 5 out of 5 stars\" data-rating=\"5\" data-reviews=\"0\"><span class=\"glsr-star glsr-star-full\" aria-hidden=\"true\"><\/span><span class=\"glsr-star glsr-star-full\" aria-hidden=\"true\"><\/span><span class=\"glsr-star glsr-star-full\" aria-hidden=\"true\"><\/span><span class=\"glsr-star glsr-star-full\" aria-hidden=\"true\"><\/span><span class=\"glsr-star glsr-star-full\" aria-hidden=\"true\"><\/span><\/div><\/div> <div class=\"glsr-review-date\"><span class=\"glsr-tag-value\">27.03.2025<\/span><\/div>\r\n    \r\n    <div class=\"glsr-review-content\"><div class=\"glsr-tag-value\" data-expanded=\"false\"><p>Ich habe vor einiger Zeit eine Tasche gekauft und war mit der Abwicklung super zufrieden. Nun habe ich diese Tasche hier zum Kauf angeboten . Faires Angebot erhalten. Tasche am Dienstag versendet und bereits heute hatte ich mein Geld. Zudem noch ein \u00e4u\u00dferst netter Kontakt \u2665\ufe0f<\/p><\/div><\/div> \r\n     <div class=\"glsr-review-author\"><span class=\"glsr-tag-value\">K.<\/span><\/div> \r\n    \r\n<\/div>\n<div class=\"glsr-review\" data-type=\"local\" data-id=\"55965\" data-type=\"local\" data-form=\"27109\" id=\"review-55965\" data-assigned='[]'>\r\n    <div class=\"glsr-review-title\"><h4 class=\"glsr-tag-value\">Ankauf meiner gebrauchten Louis Vuitton Tasche<\/h4><\/div>\r\n    <div class=\"glsr-review-rating\"><div class=\"glsr-star-rating glsr-stars\" role=\"img\" aria-label=\"Rated 5 out of 5 stars\" data-rating=\"5\" data-reviews=\"0\"><span class=\"glsr-star glsr-star-full\" aria-hidden=\"true\"><\/span><span class=\"glsr-star glsr-star-full\" aria-hidden=\"true\"><\/span><span class=\"glsr-star glsr-star-full\" aria-hidden=\"true\"><\/span><span class=\"glsr-star glsr-star-full\" aria-hidden=\"true\"><\/span><span class=\"glsr-star glsr-star-full\" aria-hidden=\"true\"><\/span><\/div><\/div> <div class=\"glsr-review-date\"><span class=\"glsr-tag-value\">05.03.2025<\/span><\/div>\r\n    \r\n    <div class=\"glsr-review-content\"><div class=\"glsr-tag-value\" data-expanded=\"false\"><p>Ich habe meine gebrauchte Louis Vuitton Jana zum Kauf angeboten.<\/p>\n<p>Hat alles super geklappt, sehr netter Kontakt immer wieder gerne.<\/p><\/div><\/div> \r\n     <div class=\"glsr-review-author\"><span class=\"glsr-tag-value\">C. R.<\/span><\/div> \r\n    \r\n<\/div>\n<div class=\"glsr-review\" data-type=\"local\" data-id=\"50586\" data-type=\"local\" data-form=\"27109\" id=\"review-50586\" data-assigned='[]'>\r\n    <div class=\"glsr-review-title\"><h4 class=\"glsr-tag-value\">Perfektes Kauferlebnis<\/h4><\/div>\r\n    <div class=\"glsr-review-rating\"><div class=\"glsr-star-rating glsr-stars\" role=\"img\" aria-label=\"Rated 5 out of 5 stars\" data-rating=\"5\" data-reviews=\"0\"><span class=\"glsr-star glsr-star-full\" aria-hidden=\"true\"><\/span><span class=\"glsr-star glsr-star-full\" aria-hidden=\"true\"><\/span><span class=\"glsr-star glsr-star-full\" aria-hidden=\"true\"><\/span><span class=\"glsr-star glsr-star-full\" aria-hidden=\"true\"><\/span><span class=\"glsr-star glsr-star-full\" aria-hidden=\"true\"><\/span><\/div><\/div> <div class=\"glsr-review-date\"><span class=\"glsr-tag-value\">08.12.2024<\/span><\/div>\r\n    \r\n    <div class=\"glsr-review-content\"><div class=\"glsr-tag-value\" data-expanded=\"false\"><p>Meine Erfahrung mit I Love Handbags ist durchweg positiv! Die Auswahl an Designertaschen ist fantastisch, und die Bestellabwicklung lief reibungslos. Die Tasche, die ich bestellt habe, entsprach genau der Beschreibung und wurde schnell geliefert. Besonders begeistert hat mich der freundliche Kundenservice. Ich werde hier auf jeden Fall wieder einkaufen!<\/p><\/div><\/div> \r\n     <div class=\"glsr-review-author\"><span class=\"glsr-tag-value\">S.<\/span><\/div> \r\n    \r\n<\/div>\n<div class=\"glsr-review\" data-type=\"local\" data-id=\"42211\" data-type=\"local\" data-form=\"27109\" id=\"review-42211\" data-assigned='[]'>\r\n    <div class=\"glsr-review-title\"><h4 class=\"glsr-tag-value\">Super sch\u00f6ne Tasche<\/h4><\/div>\r\n    <div class=\"glsr-review-rating\"><div class=\"glsr-star-rating glsr-stars\" role=\"img\" aria-label=\"Rated 5 out of 5 stars\" data-rating=\"5\" data-reviews=\"0\"><span class=\"glsr-star glsr-star-full\" aria-hidden=\"true\"><\/span><span class=\"glsr-star glsr-star-full\" aria-hidden=\"true\"><\/span><span class=\"glsr-star glsr-star-full\" aria-hidden=\"true\"><\/span><span class=\"glsr-star glsr-star-full\" aria-hidden=\"true\"><\/span><span class=\"glsr-star glsr-star-full\" aria-hidden=\"true\"><\/span><\/div><\/div> <div class=\"glsr-review-date\"><span class=\"glsr-tag-value\">13.05.2024<\/span><\/div>\r\n    \r\n    <div class=\"glsr-review-content\"><div class=\"glsr-tag-value\" data-expanded=\"false\"><p>Der Kauf hat reibungslos funktioniert. Die Tasche ist ein Traum!!<\/p><\/div><\/div> \r\n     <div class=\"glsr-review-author\"><span class=\"glsr-tag-value\">C. G.<\/span><\/div> \r\n    \r\n<\/div>\n<div class=\"glsr-review\" data-type=\"local\" data-id=\"42134\" data-type=\"local\" data-form=\"27109\" id=\"review-42134\" data-assigned='[]'>\r\n    <div class=\"glsr-review-title\"><h4 class=\"glsr-tag-value\">Tolle Ware<\/h4><\/div>\r\n    <div class=\"glsr-review-rating\"><div class=\"glsr-star-rating glsr-stars\" role=\"img\" aria-label=\"Rated 5 out of 5 stars\" data-rating=\"5\" data-reviews=\"0\"><span class=\"glsr-star glsr-star-full\" aria-hidden=\"true\"><\/span><span class=\"glsr-star glsr-star-full\" aria-hidden=\"true\"><\/span><span class=\"glsr-star glsr-star-full\" aria-hidden=\"true\"><\/span><span class=\"glsr-star glsr-star-full\" aria-hidden=\"true\"><\/span><span class=\"glsr-star glsr-star-full\" aria-hidden=\"true\"><\/span><\/div><\/div> <div class=\"glsr-review-date\"><span class=\"glsr-tag-value\">08.05.2024<\/span><\/div>\r\n    \r\n    <div class=\"glsr-review-content\"><div class=\"glsr-tag-value\" data-expanded=\"false\"><p>Super Ware, wie beschrieben, faires Preis-Leistungs-Verh\u00e4ltnis. Perfekt!<\/p><\/div><\/div> \r\n     <div class=\"glsr-review-author\"><span class=\"glsr-tag-value\">C.<\/span><\/div> \r\n    \r\n<\/div>\n<div class=\"glsr-review\" data-type=\"local\" data-id=\"41947\" data-type=\"local\" data-form=\"27109\" id=\"review-41947\" data-assigned='[]'>\r\n    <div class=\"glsr-review-title\"><h4 class=\"glsr-tag-value\">Toller Service, super Produkte<\/h4><\/div>\r\n    <div class=\"glsr-review-rating\"><div class=\"glsr-star-rating glsr-stars\" role=\"img\" aria-label=\"Rated 5 out of 5 stars\" data-rating=\"5\" data-reviews=\"0\"><span class=\"glsr-star glsr-star-full\" aria-hidden=\"true\"><\/span><span class=\"glsr-star glsr-star-full\" aria-hidden=\"true\"><\/span><span class=\"glsr-star glsr-star-full\" aria-hidden=\"true\"><\/span><span class=\"glsr-star glsr-star-full\" aria-hidden=\"true\"><\/span><span class=\"glsr-star glsr-star-full\" aria-hidden=\"true\"><\/span><\/div><\/div> <div class=\"glsr-review-date\"><span class=\"glsr-tag-value\">03.05.2024<\/span><\/div>\r\n    \r\n    <div class=\"glsr-review-content\"><div class=\"glsr-tag-value\" data-expanded=\"false\"><p>Danke f\u00fcr eurw tolle Auswahl an Produkten, habe schon mehrmals bestellt und die Sachen waren immer im top Zustand.<\/p><\/div><\/div> \r\n     <div class=\"glsr-review-author\"><span class=\"glsr-tag-value\">K.<\/span><\/div> \r\n    \r\n<\/div>\n<div class=\"glsr-review\" data-type=\"local\" data-id=\"41854\" data-type=\"local\" data-form=\"27109\" id=\"review-41854\" data-assigned='[]'>\r\n    <div class=\"glsr-review-title\"><h4 class=\"glsr-tag-value\">Sehr sch\u00f6ner Anh\u00e4nger<\/h4><\/div>\r\n    <div class=\"glsr-review-rating\"><div class=\"glsr-star-rating glsr-stars\" role=\"img\" aria-label=\"Rated 5 out of 5 stars\" data-rating=\"5\" data-reviews=\"0\"><span class=\"glsr-star glsr-star-full\" aria-hidden=\"true\"><\/span><span class=\"glsr-star glsr-star-full\" aria-hidden=\"true\"><\/span><span class=\"glsr-star glsr-star-full\" aria-hidden=\"true\"><\/span><span class=\"glsr-star glsr-star-full\" aria-hidden=\"true\"><\/span><span class=\"glsr-star glsr-star-full\" aria-hidden=\"true\"><\/span><\/div><\/div> <div class=\"glsr-review-date\"><span class=\"glsr-tag-value\">27.04.2024<\/span><\/div>\r\n    \r\n    <div class=\"glsr-review-content\"><div class=\"glsr-tag-value\" data-expanded=\"false\"><p>Sehr gute Beschreibung &#8230;.m\u00f6chte mich auch f\u00fcr die schnelle Lieferung bedanken &#8230;hat mir beim Auspacken ein l\u00e4cheln ins Gesicht gezaubert &#8230;jeder Zeit w\u00fcrde ich den Shop empfehlen<\/p><\/div><\/div> \r\n     <div class=\"glsr-review-author\"><span class=\"glsr-tag-value\">G.<\/span><\/div> \r\n    \r\n<\/div>\n<div class=\"glsr-review\" data-type=\"local\" data-id=\"41571\" data-type=\"local\" data-form=\"27109\" id=\"review-41571\" data-assigned='[]'>\r\n    <div class=\"glsr-review-title\"><h4 class=\"glsr-tag-value\">Absolut fabelhaft \uff08\u2579\u25e1\u2579\uff09\u2661<\/h4><\/div>\r\n    <div class=\"glsr-review-rating\"><div class=\"glsr-star-rating glsr-stars\" role=\"img\" aria-label=\"Rated 5 out of 5 stars\" data-rating=\"5\" data-reviews=\"0\"><span class=\"glsr-star glsr-star-full\" aria-hidden=\"true\"><\/span><span class=\"glsr-star glsr-star-full\" aria-hidden=\"true\"><\/span><span class=\"glsr-star glsr-star-full\" aria-hidden=\"true\"><\/span><span class=\"glsr-star glsr-star-full\" aria-hidden=\"true\"><\/span><span class=\"glsr-star glsr-star-full\" aria-hidden=\"true\"><\/span><\/div><\/div> <div class=\"glsr-review-date\"><span class=\"glsr-tag-value\">19.04.2024<\/span><\/div>\r\n    \r\n    <div class=\"glsr-review-content\"><div class=\"glsr-tag-value\" data-expanded=\"false\"><p class=\"glsr-hidden-text\" data-show-less=\"Weniger anzeigen\" data-show-more=\"Mehr anzeigen\" data-trigger=\"expand\">Ich habe mir endlich einen sehr lang gehegten Taschentraum erf\u00fcllen k\u00f6nnen und eine LV Pochette Roses von Stephen Sprouse in fabelhaftem Vintage Zustand ergattert. Ich bin total begeistert und das gute St\u00fcck kam binnen weniger Tage perfekt verpackt und gut gesch\u00fctzt bei mir an. Besonders toll am Shop finde ich auch, dass man neben den<span class=\"glsr-hidden\"> Klassiker auch seltenere Modelle oder limitierte Versionen finden kann &#8211; ganz klare Empfehlung an alle Taschenfans. \ud83d\udc9c\ud83c\udf38\u2728<\/span><\/p><\/div><\/div> \r\n     <div class=\"glsr-review-author\"><span class=\"glsr-tag-value\">H.<\/span><\/div> \r\n    \r\n<\/div>\n<div class=\"glsr-review\" data-type=\"local\" data-id=\"41481\" data-type=\"local\" data-form=\"27109\" id=\"review-41481\" data-assigned='[]'>\r\n    <div class=\"glsr-review-title\"><h4 class=\"glsr-tag-value\">Taschengurt f\u00fcr SAC Noe<\/h4><\/div>\r\n    <div class=\"glsr-review-rating\"><div class=\"glsr-star-rating glsr-stars\" role=\"img\" aria-label=\"Rated 5 out of 5 stars\" data-rating=\"5\" data-reviews=\"0\"><span class=\"glsr-star glsr-star-full\" aria-hidden=\"true\"><\/span><span class=\"glsr-star glsr-star-full\" aria-hidden=\"true\"><\/span><span class=\"glsr-star glsr-star-full\" aria-hidden=\"true\"><\/span><span class=\"glsr-star glsr-star-full\" aria-hidden=\"true\"><\/span><span class=\"glsr-star glsr-star-full\" aria-hidden=\"true\"><\/span><\/div><\/div> <div class=\"glsr-review-date\"><span class=\"glsr-tag-value\">17.04.2024<\/span><\/div>\r\n    \r\n    <div class=\"glsr-review-content\"><div class=\"glsr-tag-value\" data-expanded=\"false\"><p>Kompetente Lieferung, Produkt wie vorgestellt.<\/p>\n<p>Kann euch weiterempfehlen<\/p><\/div><\/div> \r\n     <div class=\"glsr-review-author\"><span class=\"glsr-tag-value\">C. E. F. C.<\/span><\/div> \r\n    \r\n<\/div>\n    <\/div>\n    <div class=\"glsr-pagination glsr-ajax-pagination\" data-class=\"glsr glsr-default\" data-display=\"10\" data-id=\"glsr_22mindiq\" data-pagination=\"ajax\" data-form=\"27109\"><div class=\"pagination\">\n    <nav class=\"navigation\" role=\"navigation\">\n        <h2 class=\"screen-reader-text\">Navigation f\u00fcr Site Reviews<\/h2>\n        <div class=\"nav-links\">\n            <span class=\"page-numbers current\" aria-current=\"page\" data-page=\"1\"><span class=\"meta-nav screen-reader-text\">Seite <\/span>1<\/span>\n<a class=\"page-numbers\" data-page=\"2\" href=\"https:\/\/ilovehandbags.com\/de\/erfahrung\/?reviews-page=2\"><span class=\"meta-nav screen-reader-text\">Seite <\/span>2<\/a>\n<a class=\"page-numbers next\" data-page=\"2\" href=\"https:\/\/ilovehandbags.com\/de\/erfahrung\/?reviews-page=2\">Next<\/a>\n        <\/div>\n    <\/nav>\n<\/div><\/div>\n<\/div><\/div><\/div>","protected":false},"excerpt":{"rendered":"","protected":false},"author":1,"featured_media":0,"parent":0,"menu_order":0,"comment_status":"closed","ping_status":"closed","template":"","meta":{"_uag_custom_page_level_css":"","site-sidebar-layout":"default","site-content-layout":"","ast-site-content-layout":"default","site-content-style":"default","site-sidebar-style":"default","ast-global-header-display":"","ast-banner-title-visibility":"","ast-main-header-display":"","ast-hfb-above-header-display":"","ast-hfb-below-header-display":"","ast-hfb-mobile-header-display":"","site-post-title":"","ast-breadcrumbs-content":"","ast-featured-img":"","footer-sml-layout":"","ast-disable-related-posts":"","theme-transparent-header-meta":"","adv-header-id-meta":"","stick-header-meta":"","header-above-stick-meta":"","header-main-stick-meta":"","header-below-stick-meta":"","astra-migrate-meta-layouts":"set","ast-page-background-enabled":"default","ast-page-background-meta":{"desktop":{"background-color":"var(--ast-global-color-4)","background-image":"","background-repeat":"repeat","background-position":"center center","background-size":"auto","background-attachment":"scroll","background-type":"","background-media":"","overlay-type":"","overlay-color":"","overlay-opacity":"","overlay-gradient":""},"tablet":{"background-color":"","background-image":"","background-repeat":"repeat","background-position":"center center","background-size":"auto","background-attachment":"scroll","background-type":"","background-media":"","overlay-type":"","overlay-color":"","overlay-opacity":"","overlay-gradient":""},"mobile":{"background-color":"","background-image":"","background-repeat":"repeat","background-position":"center center","background-size":"auto","background-attachment":"scroll","background-type":"","background-media":"","overlay-type":"","overlay-color":"","overlay-opacity":"","overlay-gradient":""}},"ast-content-background-meta":{"desktop":{"background-color":"var(--ast-global-color-5)","background-image":"","background-repeat":"repeat","background-position":"center center","background-size":"auto","background-attachment":"scroll","background-type":"","background-media":"","overlay-type":"","overlay-color":"","overlay-opacity":"","overlay-gradient":""},"tablet":{"background-color":"var(--ast-global-color-5)","background-image":"","background-repeat":"repeat","background-position":"center center","background-size":"auto","background-attachment":"scroll","background-type":"","background-media":"","overlay-type":"","overlay-color":"","overlay-opacity":"","overlay-gradient":""},"mobile":{"background-color":"var(--ast-global-color-5)","background-image":"","background-repeat":"repeat","background-position":"center center","background-size":"auto","background-attachment":"scroll","background-type":"","background-media":"","overlay-type":"","overlay-color":"","overlay-opacity":"","overlay-gradient":""}},"_glsr_average":0,"_glsr_ranking":0,"_glsr_reviews":0,"footnotes":""},"class_list":["post-39794","page","type-page","status-publish","hentry"],"spectra_custom_meta":{"_edit_lock":["1709044461:2"],"_wpml_word_count":["2"],"_uag_custom_page_level_css":[""],"ast-site-content-layout":["default"],"theme-transparent-header-meta":[""],"adv-header-id-meta":[""],"stick-header-meta":[""],"astra-migrate-meta-layouts":["set"],"footnotes":[""],"_edit_last":["2"],"_wpml_media_duplicate":["1"],"_wpml_media_featured":["1"],"_wpml_location_migration_done":["1"],"rank_math_seo_score":["6"],"litespeed_vpi_list_mobile":["a:2:{i:0;s:8:\"logo.png\";i:1;s:24:\"logo-ilovehandbags-w.png\";}"],"_wpml_post_translation_editor_native":["no"],"litespeed_vpi_list":["a:4:{i:0;s:8:\"logo.png\";i:1;s:6:\"de.png\";i:2;s:32:\"Bard_Generated_Image-300x300.jpg\";i:3;s:70:\"Louis-Vuitton-Pochette-Accessoires-vorn-2023-0200-scaled-1-300x300.jpg\";}"],"copied_media_ids":["a:0:{}"],"referenced_media_ids":["a:0:{}"],"rank_math_analytic_object_id":["1765"],"_uagb_previous_block_counts":["a:90:{s:21:\"uagb\/advanced-heading\";i:0;s:15:\"uagb\/blockquote\";i:0;s:12:\"uagb\/buttons\";i:0;s:18:\"uagb\/buttons-child\";i:0;s:19:\"uagb\/call-to-action\";i:0;s:15:\"uagb\/cf7-styler\";i:0;s:11:\"uagb\/column\";i:0;s:12:\"uagb\/columns\";i:0;s:14:\"uagb\/container\";i:0;s:21:\"uagb\/content-timeline\";i:0;s:27:\"uagb\/content-timeline-child\";i:0;s:14:\"uagb\/countdown\";i:0;s:12:\"uagb\/counter\";i:0;s:8:\"uagb\/faq\";i:0;s:14:\"uagb\/faq-child\";i:0;s:10:\"uagb\/forms\";i:0;s:17:\"uagb\/forms-accept\";i:0;s:19:\"uagb\/forms-checkbox\";i:0;s:15:\"uagb\/forms-date\";i:0;s:16:\"uagb\/forms-email\";i:0;s:17:\"uagb\/forms-hidden\";i:0;s:15:\"uagb\/forms-name\";i:0;s:16:\"uagb\/forms-phone\";i:0;s:16:\"uagb\/forms-radio\";i:0;s:17:\"uagb\/forms-select\";i:0;s:19:\"uagb\/forms-textarea\";i:0;s:17:\"uagb\/forms-toggle\";i:0;s:14:\"uagb\/forms-url\";i:0;s:14:\"uagb\/gf-styler\";i:0;s:15:\"uagb\/google-map\";i:0;s:11:\"uagb\/how-to\";i:0;s:16:\"uagb\/how-to-step\";i:0;s:9:\"uagb\/icon\";i:0;s:14:\"uagb\/icon-list\";i:0;s:20:\"uagb\/icon-list-child\";i:0;s:10:\"uagb\/image\";i:0;s:18:\"uagb\/image-gallery\";i:0;s:13:\"uagb\/info-box\";i:0;s:18:\"uagb\/inline-notice\";i:0;s:11:\"uagb\/lottie\";i:0;s:21:\"uagb\/marketing-button\";i:0;s:10:\"uagb\/modal\";i:0;s:18:\"uagb\/popup-builder\";i:0;s:16:\"uagb\/post-button\";i:0;s:18:\"uagb\/post-carousel\";i:0;s:17:\"uagb\/post-excerpt\";i:0;s:14:\"uagb\/post-grid\";i:0;s:15:\"uagb\/post-image\";i:0;s:17:\"uagb\/post-masonry\";i:0;s:14:\"uagb\/post-meta\";i:0;s:18:\"uagb\/post-taxonomy\";i:0;s:18:\"uagb\/post-timeline\";i:0;s:15:\"uagb\/post-title\";i:0;s:20:\"uagb\/restaurant-menu\";i:0;s:26:\"uagb\/restaurant-menu-child\";i:0;s:11:\"uagb\/review\";i:0;s:12:\"uagb\/section\";i:0;s:14:\"uagb\/separator\";i:0;s:11:\"uagb\/slider\";i:0;s:17:\"uagb\/slider-child\";i:0;s:17:\"uagb\/social-share\";i:0;s:23:\"uagb\/social-share-child\";i:0;s:16:\"uagb\/star-rating\";i:0;s:23:\"uagb\/sure-cart-checkout\";i:0;s:22:\"uagb\/sure-cart-product\";i:0;s:15:\"uagb\/sure-forms\";i:0;s:22:\"uagb\/table-of-contents\";i:0;s:9:\"uagb\/tabs\";i:0;s:15:\"uagb\/tabs-child\";i:0;s:18:\"uagb\/taxonomy-list\";i:0;s:9:\"uagb\/team\";i:0;s:16:\"uagb\/testimonial\";i:0;s:14:\"uagb\/wp-search\";i:0;s:19:\"uagb\/instagram-feed\";i:0;s:10:\"uagb\/login\";i:0;s:17:\"uagb\/loop-builder\";i:0;s:18:\"uagb\/loop-category\";i:0;s:20:\"uagb\/loop-pagination\";i:0;s:15:\"uagb\/loop-reset\";i:0;s:16:\"uagb\/loop-search\";i:0;s:14:\"uagb\/loop-sort\";i:0;s:17:\"uagb\/loop-wrapper\";i:0;s:13:\"uagb\/register\";i:0;s:19:\"uagb\/register-email\";i:0;s:24:\"uagb\/register-first-name\";i:0;s:23:\"uagb\/register-last-name\";i:0;s:22:\"uagb\/register-password\";i:0;s:30:\"uagb\/register-reenter-password\";i:0;s:19:\"uagb\/register-terms\";i:0;s:22:\"uagb\/register-username\";i:0;}"],"_uag_page_assets":["a:9:{s:3:\"css\";s:0:\"\";s:2:\"js\";s:0:\"\";s:18:\"current_block_list\";a:7:{i:0;s:20:\"site-reviews\/reviews\";i:1;s:26:\"woocommerce\/filter-wrapper\";i:2;s:24:\"woocommerce\/price-filter\";i:3;s:30:\"woocommerce\/product-categories\";i:4;s:14:\"core\/paragraph\";i:5;s:14:\"core\/shortcode\";i:6;s:11:\"core\/search\";}s:8:\"uag_flag\";b:0;s:11:\"uag_version\";s:10:\"1777533139\";s:6:\"gfonts\";a:0:{}s:10:\"gfonts_url\";s:0:\"\";s:12:\"gfonts_files\";a:0:{}s:14:\"uag_faq_layout\";b:0;}"]},"uagb_featured_image_src":{"full":false,"thumbnail":false,"medium":false,"medium_large":false,"large":false,"1536x1536":false,"2048x2048":false,"woocommerce_thumbnail":false,"woocommerce_single":false,"woocommerce_gallery_thumbnail":false},"uagb_author_info":{"display_name":"Steve","author_link":"https:\/\/ilovehandbags.com\/de\/author\/sriedel\/"},"uagb_comment_info":0,"uagb_excerpt":null,"_links":{"self":[{"href":"https:\/\/ilovehandbags.com\/de\/wp-json\/wp\/v2\/pages\/39794","targetHints":{"allow":["GET"]}}],"collection":[{"href":"https:\/\/ilovehandbags.com\/de\/wp-json\/wp\/v2\/pages"}],"about":[{"href":"https:\/\/ilovehandbags.com\/de\/wp-json\/wp\/v2\/types\/page"}],"author":[{"embeddable":true,"href":"https:\/\/ilovehandbags.com\/de\/wp-json\/wp\/v2\/users\/1"}],"replies":[{"embeddable":true,"href":"https:\/\/ilovehandbags.com\/de\/wp-json\/wp\/v2\/comments?post=39794"}],"version-history":[{"count":0,"href":"https:\/\/ilovehandbags.com\/de\/wp-json\/wp\/v2\/pages\/39794\/revisions"}],"wp:attachment":[{"href":"https:\/\/ilovehandbags.com\/de\/wp-json\/wp\/v2\/media?parent=39794"}],"curies":[{"name":"wp","href":"https:\/\/api.w.org\/{rel}","templated":true}]}}