{"id":21842,"date":"2025-08-06T14:00:03","date_gmt":"2025-08-06T12:00:03","guid":{"rendered":"https:\/\/ilovehandbags.com\/?post_type=product&#038;p=21842"},"modified":"2025-12-02T09:39:03","modified_gmt":"2025-12-02T08:39:03","slug":"louis-vuitton-very-schluesselanhaenger-taschenschmuck","status":"publish","type":"product","link":"https:\/\/ilovehandbags.com\/de\/louis-vuitton-very-schluesselanhaenger-taschenschmuck\/","title":{"rendered":"Louis Vuitton Very Schl\u00fcsselanh\u00e4nger Taschenschmuck"},"content":{"rendered":"","protected":false},"excerpt":{"rendered":"<p>Der Louis Vuitton Very Taschenanh\u00e4nger ist das perfekte Accessoire, um deiner Tasche oder deinem Schl\u00fcsselbund einen Hauch von Luxus zu verleihen. Gefertigt aus hochwertigem, glattem Leder, besticht der Anh\u00e4nger durch sein minimalistisches Design, das von der ikonischen V-f\u00f6rmigen Louis Vuitton Signatur gepr\u00e4gt ist. Die goldfarbenen Metallakzente sorgen f\u00fcr einen eleganten Kontrast und machen den Anh\u00e4nger zu einem stilvollen Highlight. Dank des praktischen Karabinerhakens l\u00e4sst sich der Very Taschenanh\u00e4nger m\u00fchelos an Taschen, Rucks\u00e4cken oder Schl\u00fcsseln befestigen.<\/p>\n","protected":false},"featured_media":65098,"template":"","meta":{"_uag_custom_page_level_css":"","site-sidebar-layout":"default","site-content-layout":"default","ast-site-content-layout":"default","site-content-style":"default","site-sidebar-style":"default","ast-global-header-display":"","ast-banner-title-visibility":"","ast-main-header-display":"","ast-hfb-above-header-display":"","ast-hfb-below-header-display":"","ast-hfb-mobile-header-display":"","site-post-title":"","ast-breadcrumbs-content":"","ast-featured-img":"","footer-sml-layout":"","ast-disable-related-posts":"","theme-transparent-header-meta":"default","adv-header-id-meta":"","stick-header-meta":"default","header-above-stick-meta":"","header-main-stick-meta":"","header-below-stick-meta":"","astra-migrate-meta-layouts":"set","ast-page-background-enabled":"default","ast-page-background-meta":{"desktop":{"background-color":"var(--ast-global-color-4)","background-image":"","background-repeat":"repeat","background-position":"center center","background-size":"auto","background-attachment":"scroll","background-type":"","background-media":"","overlay-type":"","overlay-color":"","overlay-opacity":"","overlay-gradient":""},"tablet":{"background-color":"","background-image":"","background-repeat":"repeat","background-position":"center center","background-size":"auto","background-attachment":"scroll","background-type":"","background-media":"","overlay-type":"","overlay-color":"","overlay-opacity":"","overlay-gradient":""},"mobile":{"background-color":"","background-image":"","background-repeat":"repeat","background-position":"center center","background-size":"auto","background-attachment":"scroll","background-type":"","background-media":"","overlay-type":"","overlay-color":"","overlay-opacity":"","overlay-gradient":""}},"ast-content-background-meta":{"desktop":{"background-color":"var(--ast-global-color-5)","background-image":"","background-repeat":"repeat","background-position":"center center","background-size":"auto","background-attachment":"scroll","background-type":"","background-media":"","overlay-type":"","overlay-color":"","overlay-opacity":"","overlay-gradient":""},"tablet":{"background-color":"var(--ast-global-color-5)","background-image":"","background-repeat":"repeat","background-position":"center center","background-size":"auto","background-attachment":"scroll","background-type":"","background-media":"","overlay-type":"","overlay-color":"","overlay-opacity":"","overlay-gradient":""},"mobile":{"background-color":"var(--ast-global-color-5)","background-image":"","background-repeat":"repeat","background-position":"center center","background-size":"auto","background-attachment":"scroll","background-type":"","background-media":"","overlay-type":"","overlay-color":"","overlay-opacity":"","overlay-gradient":""}},"_glsr_average":0,"_glsr_ranking":0,"_glsr_reviews":0},"product_brand":[1584],"product_cat":[239,195],"product_tag":[214,302,278,288,301],"class_list":{"0":"post-21842","1":"product","2":"type-product","3":"status-publish","4":"has-post-thumbnail","6":"product_brand-louis-vuitton","7":"product_cat-louis-vuitton","8":"product_cat-taschenschmuck","9":"product_tag-louis-vuitton","10":"product_tag-louis-vuitton-m63082","11":"product_tag-louis-vuitton-taschenanhaenger","12":"product_tag-louis-vuitton-taschenschmuck","13":"product_tag-louis-vuitton-very","14":"desktop-align-left","15":"tablet-align-left","16":"mobile-align-left","17":"ast-product-gallery-layout-first-image-large","18":"ast-magnify-disabled","19":"ast-product-tabs-layout-accordion","21":"first","22":"instock","23":"sold-individually","24":"purchasable","25":"product-type-simple"},"spectra_custom_meta":{"_wpml_media_featured":["1","1","1","1","1","1","1","1","1","1","1","1","1","1","1","1"],"_wpml_media_duplicate":["1","1","1","1","1","1","1","1","1","1","1","1","1","1","1","1"],"_sku":["P5-0076-K"],"_regular_price":["290"],"total_sales":["0"],"_tax_status":["none"],"_tax_class":[""],"_manage_stock":["yes"],"_backorders":["no"],"_sold_individually":["yes"],"_virtual":["no"],"_downloadable":["no"],"_download_limit":["-1"],"_download_expiry":["-1"],"_stock":["1"],"_stock_status":["instock"],"_wc_average_rating":[0],"_wc_review_count":["0"],"_product_version":["10.3.5"],"_price":["290"],"_wpml_word_count":["112"],"_wpml_location_migration_done":["1"],"_fusion":["a:3:{s:17:\"slider_visibility\";s:51:\"small-visibility,medium-visibility,large-visibility\";s:11:\"slider_type\";s:2:\"no\";s:9:\"wooslider\";s:1:\"0\";}"],"rank_math_seo_score":["69"],"rank_math_focus_keyword":["Louis Vuitton"],"_purchase_price_field":["190"],"_internal_warehouse_number_field":["P5-0076-K"],"_gdrive_field":["https:\/\/drive.google.com\/drive\/u\/0\/folders\/174d30ABqTm4xl87HBvybB8VM2psvfR5r"],"_unit":[""],"_unit_base":[""],"_unit_product":[""],"_unit_price_auto":["no"],"_unit_price_regular":[""],"_unit_price":[""],"_unit_price_sale":[""],"_sale_price_label":[""],"_sale_price_regular_label":[""],"_mini_desc":["Louis Vuitton Very Schl\u00fcsselanh\u00e4nger Taschenschmuck"],"_defect_description":[""],"_allergen_ids":["a:0:{}"],"_warranty_attachment_id":[""],"_min_age":[""],"_ts_gtin":[""],"_ts_mpn":[""],"_delivery_time_countries":["a:0:{}"],"_free_shipping":["no"],"_service":["no"],"_photovoltaic_system":["no"],"_used_good":["yes"],"_defective_copy":["no"],"_is_food":["no"],"_differential_taxation":["yes"],"_gzd_version":["3.20.4"],"_hs_code":[""],"_manufacture_country":[""],"_rank_math_gtin_code":[""],"_fusion_google_fonts":[""],"fusion_builder_status":["active"],"rank_math_primary_product_cat":["0"],"_wcml_custom_prices_status":["0"],"avada_post_views_count":["78"],"avada_today_post_views_count":["8"],"avada_post_views_count_today_date":["04-04-2023"],"_edit_lock":["1764664643:4"],"_edit_last":["4"],"_thumbnail_id":["65098"],"_product_image_gallery":["65084,65086,65092,65082,65090,65078"],"yikes_woo_products_tabs":["a:2:{i:0;a:3:{s:5:\"title\";s:21:\"Weitere Informationen\";s:2:\"id\";s:21:\"weitere-informationen\";s:7:\"content\";s:370:\"<strong>Material: <\/strong>Metall mit schwarzem Ledergeflecht\r\n<strong>Ma\u00dfe: <\/strong>18,6 cm\r\n<strong>Date Code \/ Herstellungsjahr:<\/strong> unbekannt, da der Schl\u00fcsselring fehlt\r\n<strong>SKU:<\/strong> M63082\r\n<strong>Lieferumfang:<\/strong> I Love Handbags Staubbeutel. Die abgebildeten Handtaschen geh\u00f6ren nicht zum Lieferumfang und dienen ausschlie\u00dflich zur Deko.\";}i:1;a:3:{s:5:\"title\";s:7:\"Zustand\";s:2:\"id\";s:7:\"zustand\";s:7:\"content\";s:180:\"<strong>Gesamtzustand:<\/strong> Sehr gut, lediglich der Schl\u00fcsselring fehlt\r\n<strong>Verschluss:<\/strong> Schlie\u00dft einwandfrei\r\n<strong>Hardware:<\/strong> Leichte Gebrauchsspuren\";}}"],"_deposit_type":[""],"_nutrient_ids":["a:0:{}"],"_nutrient_reference_value":["100g"],"_ingredients":[""],"_nutri_score":[""],"_alcohol_content":[""],"_drained_weight":[""],"_net_filling_quantity":[""],"_food_distributor":[""],"_food_description":[""],"_food_place_of_origin":[""],"_deposit_quantity":[""],"site-sidebar-layout":["default"],"site-content-layout":["default"],"theme-transparent-header-meta":["default"],"stick-header-meta":["default"],"_pys_conversion_label_settings":["a:3:{s:6:\"enable\";b:0;s:5:\"label\";s:0:\"\";s:2:\"id\";s:14:\"AW-11184563350\";}"],"_pys_super_pack_cpt_url":[""],"_pys_super_pack_cpt_condition":["only"],"_pys_super_pack_cpt_cart":["hidden"],"_woosea_brand":[""],"_woosea_mpn":[""],"_woosea_upc":[""],"_woosea_ean":[""],"_woosea_gtin":[""],"_woosea_color":[""],"_woosea_size":[""],"_woosea_gender":[""],"_woosea_material":[""],"_woosea_pattern":[""],"_woosea_optimized_title":[""],"_woosea_unit_pricing_measure":[""],"_woosea_unit_pricing_base_measure":[""],"_woosea_condition":[""],"_woosea_age_group":["adult"],"_woosea_installment_months":[""],"_woosea_installment_amount":[""],"_woosea_exclude_product":["no"],"_woosea_cost_of_good_sold":[""],"_woosea_multipack":[""],"_woosea_is_bundle":[""],"_woosea_energy_efficiency_class":[""],"_woosea_min_energy_efficiency_class":[""],"_woosea_max_energy_efficiency_class":[""],"_woosea_is_promotion":[""],"_woosea_custom_field_0":[""],"_woosea_custom_field_1":[""],"_woosea_custom_field_2":[""],"_woosea_custom_field_3":[""],"_woosea_custom_field_4":[""],"_pys_head_footer":["a:7:{s:14:\"disable_global\";b:0;s:8:\"head_any\";s:0:\"\";s:12:\"head_desktop\";s:0:\"\";s:11:\"head_mobile\";s:0:\"\";s:10:\"footer_any\";s:0:\"\";s:14:\"footer_desktop\";s:0:\"\";s:13:\"footer_mobile\";s:0:\"\";}"],"_product_attributes":["a:3:{s:8:\"pa_brand\";a:7:{s:4:\"name\";s:8:\"pa_brand\";s:5:\"value\";s:0:\"\";s:8:\"position\";i:1;s:10:\"is_visible\";i:0;s:12:\"is_variation\";i:1;s:11:\"is_taxonomy\";i:1;s:16:\"checkout_visible\";i:0;}s:8:\"pa_color\";a:7:{s:4:\"name\";s:8:\"pa_color\";s:5:\"value\";s:0:\"\";s:8:\"position\";i:2;s:10:\"is_visible\";i:0;s:12:\"is_variation\";i:1;s:11:\"is_taxonomy\";i:1;s:16:\"checkout_visible\";i:0;}s:9:\"pa_gender\";a:7:{s:4:\"name\";s:9:\"pa_gender\";s:5:\"value\";s:0:\"\";s:8:\"position\";i:3;s:10:\"is_visible\";i:0;s:12:\"is_variation\";i:1;s:11:\"is_taxonomy\";i:1;s:16:\"checkout_visible\";i:0;}}"],"_customs_description":[""],"_is_non_returnable":["no"],"_wpml_media_has_media":["1"],"litespeed_vpi_list_mobile":["a:2:{i:0;s:8:\"logo.png\";i:1;s:62:\"Louis-Vuitton-Very-Taschenschmuck-2023-0076-scaled-500x500.jpg\";}"],"litespeed_vpi_list":["a:4:{i:0;s:8:\"logo.png\";i:1;s:6:\"de.png\";i:2;s:62:\"Louis-Vuitton-Very-Taschenschmuck-2023-0076-scaled-500x500.jpg\";i:3;s:35:\"three-o-clock-clock-svgrepo-com.svg\";}"],"_internal_date_code":[""],"_internal_product_origin":[""],"_product_rating":["A"],"ast-site-content-layout":["default"],"site-content-style":["default"],"site-sidebar-style":["default"],"_rank_math_video":["true"],"rank_math_robots":["a:1:{i:0;s:5:\"index\";}"],"_not_in_inventory_checkbox":["yes"],"_customer_view":["6"],"_custom_view_last_updated":["2026-04-03 14:28:43"],"woocommerce_izettle_variant_uuid":["48f6844e-2d70-11ef-8a94-353536383939"],"_izettle_updated":["1755928825"],"_izettle_barcode":["0290000218424"],"_izettle_product_etag":["AD544E3B9C105DC2BD5260032F175A7E"],"_product_shipping_weight":["1kg"],"_product_available_from_field":["2025-08-08T19:00"],"_manufacturer_slug":["lvmh-moet-hennessy-louis-vuitton-se"],"_safety_instructions":[""],"_safety_attachment_ids":["a:0:{}"],"_shipping_length":[""],"_shipping_width":[""],"_shipping_height":[""],"_izettle_nosync":[""],"_izettle_cost_price":[""],"_izettle_special_price":[""],"_izettle_product_name":[""],"_zettle_product_cat_id":[""],"_nickx_video_text_url":["a:1:{i:0;s:0:\"\";}"],"_nickx_product_video_type":["a:1:{i:0;s:23:\"nickx_video_url_youtube\";}"],"_nickx_product_video_thumb_ids":["a:1:{i:0;s:0:\"\";}"],"_custom_html_content":[""],"_product_reserve_till_field":[""],"_wireless_electronic_device":["no"],"_device_contains_power_supply":["no"],"_device_charging_supports_usb_pd":["no"],"_device_charging_watt_min":["0"],"_device_charging_watt_max":["0"],"rank_math_primary_product_brand":["1584"],"sib_push_meta_box_present":["1"],"sib_push_send_notification":["0"],"sib_push_target_segment_ids":["@ALL"],"similar_product_key":["1754473563"],"_ame_cpe_post_policy":["{\"accessProtection\":{\"active\":\"replace\"}}"],"_izettle_image_lookup_key":["3kyncy1cEe-udXp3qLWasA-Bui0cnK9EfCKxULKMBq3QA"],"woocommerce_izettle_product_uuid":["06ebe3da-72bd-11f0-a71d-353536383939"],"_wpml_post_translation_editor_native":["no"],"copied_media_ids":["a:0:{}"],"referenced_media_ids":["a:7:{i:0;i:65098;i:1;i:65084;i:2;i:65086;i:3;i:65092;i:4;i:65082;i:5;i:65090;i:6;i:65078;}"],"sib_push_send_notification_delay_seconds":["0"],"_is_non_alcoholic":["no"],"_mid_code":[""],"_ship_separately_via":[""],"_shipping_weight":[""],"_wcml_average_rating":[null],"_wcml_review_count":[null],"_wcml_rating_count":[null],"astra-migrate-meta-layouts":["set"],"rank_math_analytic_object_id":["512"],"_uag_page_assets":["a:9:{s:3:\"css\";s:0:\"\";s:2:\"js\";s:0:\"\";s:18:\"current_block_list\";a:6:{i:0;s:26:\"woocommerce\/filter-wrapper\";i:1;s:24:\"woocommerce\/price-filter\";i:2;s:30:\"woocommerce\/product-categories\";i:3;s:14:\"core\/paragraph\";i:4;s:14:\"core\/shortcode\";i:5;s:11:\"core\/search\";}s:8:\"uag_flag\";b:0;s:11:\"uag_version\";s:10:\"1775349914\";s:6:\"gfonts\";a:0:{}s:10:\"gfonts_url\";s:0:\"\";s:12:\"gfonts_files\";a:0:{}s:14:\"uag_faq_layout\";b:0;}"],"_wc_rating_count":[""]},"uagb_featured_image_src":{"full":["https:\/\/ilovehandbags.com\/wp-content\/uploads\/sites\/3\/Louis-Vuitton-Very-Taschenschmuck-P5-0076-09-1-scaled.png",2560,1920,false],"thumbnail":["https:\/\/ilovehandbags.com\/wp-content\/uploads\/sites\/3\/Louis-Vuitton-Very-Taschenschmuck-P5-0076-09-1-150x150.png.jpg",150,150,true],"medium":["https:\/\/ilovehandbags.com\/wp-content\/uploads\/sites\/3\/Louis-Vuitton-Very-Taschenschmuck-P5-0076-09-1-300x300.png.jpg",300,300,true],"medium_large":["https:\/\/ilovehandbags.com\/wp-content\/uploads\/sites\/3\/Louis-Vuitton-Very-Taschenschmuck-P5-0076-09-1-768x768.png.jpg",768,768,true],"large":["https:\/\/ilovehandbags.com\/wp-content\/uploads\/sites\/3\/Louis-Vuitton-Very-Taschenschmuck-P5-0076-09-1-1024x1024.png.jpg",1024,1024,true],"1536x1536":["https:\/\/ilovehandbags.com\/wp-content\/uploads\/sites\/3\/Louis-Vuitton-Very-Taschenschmuck-P5-0076-09-1-scaled.png",1536,1152,false],"2048x2048":["https:\/\/ilovehandbags.com\/wp-content\/uploads\/sites\/3\/Louis-Vuitton-Very-Taschenschmuck-P5-0076-09-1-scaled.png",2048,1536,false],"woocommerce_thumbnail":["https:\/\/ilovehandbags.com\/wp-content\/uploads\/sites\/3\/Louis-Vuitton-Very-Taschenschmuck-P5-0076-09-1-500x500.png.jpg",500,500,true],"woocommerce_single":["https:\/\/ilovehandbags.com\/wp-content\/uploads\/sites\/3\/Louis-Vuitton-Very-Taschenschmuck-P5-0076-09-1-500x500.png.jpg",500,500,true],"woocommerce_gallery_thumbnail":["https:\/\/ilovehandbags.com\/wp-content\/uploads\/sites\/3\/Louis-Vuitton-Very-Taschenschmuck-P5-0076-09-1-100x100.png.jpg",100,100,true]},"uagb_author_info":{"display_name":"ILoveHandbags","author_link":"https:\/\/ilovehandbags.com\/de\/author\/"},"uagb_comment_info":0,"uagb_excerpt":"Der Louis Vuitton Very Taschenanh\u00e4nger ist das perfekte Accessoire, um deiner Tasche oder deinem Schl\u00fcsselbund einen Hauch von Luxus zu verleihen. Gefertigt aus hochwertigem, glattem Leder, besticht der Anh\u00e4nger durch sein minimalistisches Design, das von der ikonischen V-f\u00f6rmigen Louis Vuitton Signatur gepr\u00e4gt ist. Die goldfarbenen Metallakzente sorgen f\u00fcr einen eleganten Kontrast und machen den Anh\u00e4nger&hellip;","_links":{"self":[{"href":"https:\/\/ilovehandbags.com\/de\/wp-json\/wp\/v2\/product\/21842","targetHints":{"allow":["GET"]}}],"collection":[{"href":"https:\/\/ilovehandbags.com\/de\/wp-json\/wp\/v2\/product"}],"about":[{"href":"https:\/\/ilovehandbags.com\/de\/wp-json\/wp\/v2\/types\/product"}],"wp:featuredmedia":[{"embeddable":true,"href":"https:\/\/ilovehandbags.com\/de\/wp-json\/wp\/v2\/media\/65098"}],"wp:attachment":[{"href":"https:\/\/ilovehandbags.com\/de\/wp-json\/wp\/v2\/media?parent=21842"}],"wp:term":[{"taxonomy":"product_brand","embeddable":true,"href":"https:\/\/ilovehandbags.com\/de\/wp-json\/wp\/v2\/product_brand?post=21842"},{"taxonomy":"product_cat","embeddable":true,"href":"https:\/\/ilovehandbags.com\/de\/wp-json\/wp\/v2\/product_cat?post=21842"},{"taxonomy":"product_tag","embeddable":true,"href":"https:\/\/ilovehandbags.com\/de\/wp-json\/wp\/v2\/product_tag?post=21842"}],"curies":[{"name":"wp","href":"https:\/\/api.w.org\/{rel}","templated":true}]}}