{"id":22255,"date":"2023-06-09T15:52:23","date_gmt":"2023-06-09T13:52:23","guid":{"rendered":"https:\/\/ilovehandbags.com\/?post_type=product&#038;p=22255"},"modified":"2025-03-19T14:14:09","modified_gmt":"2025-03-19T13:14:09","slug":"chanel-wallet-on-chain-woc-pochette-kalbsleder-schwarz","status":"publish","type":"product","link":"https:\/\/ilovehandbags.com\/de\/chanel-wallet-on-chain-woc-pochette-kalbsleder-schwarz\/","title":{"rendered":"Chanel Wallet on Chain WOC Pochette Kalbsleder Schwarz"},"content":{"rendered":"","protected":false},"excerpt":{"rendered":"<p>Die schwarze Chanel WOC ist ein klassisches St\u00fcck, das nie aus der Mode kommt. Sie ist perfekt f\u00fcr formelle Anl\u00e4sse wie Hochzeiten, Abendessen und Cocktails, aber auch f\u00fcr den t\u00e4glichen Gebrauch geeignet. Mit ihrer edlen Optik und ihrer funktionalen Ausstattung ist sie ein echtes Must-Have f\u00fcr alle modebewussten Frauen. Diese edle Tasche kann sowohl als Schultertasche oder auch als Clutch getragen werden kann.<\/p>\n<p>Im Inneren der Tasche gibt es mehrere F\u00e4cher einschlie\u00dflich eines Hauptfachs mit einem Rei\u00dfverschluss, mehreren Kartenf\u00e4chern und einer Tasche f\u00fcr das Handy. Die Tasche ist gro\u00df genug, um alle wichtigen Gegenst\u00e4nde wie Handy, Schl\u00fcssel, Geldb\u00f6rse und Make-up aufzunehmen, aber auch klein genug, um leicht und handlich zu sein.<\/p>\n","protected":false},"featured_media":22258,"template":"","meta":{"_uag_custom_page_level_css":"","site-sidebar-layout":"default","site-content-layout":"default","ast-site-content-layout":"default","site-content-style":"default","site-sidebar-style":"default","ast-global-header-display":"","ast-banner-title-visibility":"","ast-main-header-display":"","ast-hfb-above-header-display":"","ast-hfb-below-header-display":"","ast-hfb-mobile-header-display":"","site-post-title":"","ast-breadcrumbs-content":"","ast-featured-img":"","footer-sml-layout":"","ast-disable-related-posts":"","theme-transparent-header-meta":"default","adv-header-id-meta":"","stick-header-meta":"default","header-above-stick-meta":"","header-main-stick-meta":"","header-below-stick-meta":"","astra-migrate-meta-layouts":"set","ast-page-background-enabled":"default","ast-page-background-meta":{"desktop":{"background-color":"var(--ast-global-color-4)","background-image":"","background-repeat":"repeat","background-position":"center center","background-size":"auto","background-attachment":"scroll","background-type":"","background-media":"","overlay-type":"","overlay-color":"","overlay-opacity":"","overlay-gradient":""},"tablet":{"background-color":"","background-image":"","background-repeat":"repeat","background-position":"center center","background-size":"auto","background-attachment":"scroll","background-type":"","background-media":"","overlay-type":"","overlay-color":"","overlay-opacity":"","overlay-gradient":""},"mobile":{"background-color":"","background-image":"","background-repeat":"repeat","background-position":"center center","background-size":"auto","background-attachment":"scroll","background-type":"","background-media":"","overlay-type":"","overlay-color":"","overlay-opacity":"","overlay-gradient":""}},"ast-content-background-meta":{"desktop":{"background-color":"var(--ast-global-color-5)","background-image":"","background-repeat":"repeat","background-position":"center center","background-size":"auto","background-attachment":"scroll","background-type":"","background-media":"","overlay-type":"","overlay-color":"","overlay-opacity":"","overlay-gradient":""},"tablet":{"background-color":"var(--ast-global-color-5)","background-image":"","background-repeat":"repeat","background-position":"center center","background-size":"auto","background-attachment":"scroll","background-type":"","background-media":"","overlay-type":"","overlay-color":"","overlay-opacity":"","overlay-gradient":""},"mobile":{"background-color":"var(--ast-global-color-5)","background-image":"","background-repeat":"repeat","background-position":"center center","background-size":"auto","background-attachment":"scroll","background-type":"","background-media":"","overlay-type":"","overlay-color":"","overlay-opacity":"","overlay-gradient":""}},"_glsr_average":0,"_glsr_ranking":0,"_glsr_reviews":0},"product_brand":[1593],"product_cat":[235,208,242,204,449],"product_tag":[325,327,326],"class_list":{"0":"post-22255","1":"product","2":"type-product","3":"status-publish","4":"has-post-thumbnail","6":"product_brand-chanel","7":"product_cat-chanel","8":"product_cat-handtaschen","9":"product_cat-kleine-taschen","10":"product_cat-umhaengetaschen","11":"product_cat-bald-wieder-da","12":"product_tag-chanel","13":"product_tag-chanel-wallet-on-chain","14":"product_tag-chanel-woc","15":"desktop-align-left","16":"tablet-align-left","17":"mobile-align-left","18":"ast-product-gallery-layout-first-image-large","19":"ast-magnify-disabled","20":"ast-product-tabs-layout-accordion","22":"first","23":"outofstock","24":"sold-individually","25":"purchasable","26":"product-type-simple"},"spectra_custom_meta":{"_wpml_media_featured":["1","1","1","1"],"_wpml_media_duplicate":["1","1","1","1"],"_sku":["P3-0082"],"_regular_price":["2600"],"total_sales":["2"],"_tax_status":["none"],"_tax_class":[""],"_manage_stock":["yes"],"_backorders":["no"],"_sold_individually":["yes"],"_virtual":["no"],"_downloadable":["no"],"_product_image_gallery":["26211,22278,22276,22256,22270,22272,22274,22268,22266,22262,27294,22260,22264,27292,27296,27299"],"_download_limit":["-1"],"_download_expiry":["-1"],"_thumbnail_id":["22258"],"_stock":["0"],"_stock_status":["outofstock"],"_wc_average_rating":[0],"_wc_review_count":["0"],"_product_version":["9.7.1"],"_price":["2600"],"_wpml_word_count":["138"],"_wpml_location_migration_done":["1"],"_fusion":["a:3:{s:17:\"slider_visibility\";s:51:\"small-visibility,medium-visibility,large-visibility\";s:11:\"slider_type\";s:2:\"no\";s:9:\"wooslider\";s:1:\"0\";}"],"rank_math_seo_score":["64"],"rank_math_focus_keyword":["chanel wallet on chain"],"_purchase_price_field":["1915"],"_internal_warehouse_number_field":["2023-0082"],"_gdrive_field":["https:\/\/drive.google.com\/drive\/u\/0\/folders\/187ksqnPP3Yv6cHjcdL5ifnvA11g9-sP9"],"_unit":[""],"_unit_base":[""],"_unit_product":[""],"_unit_price_auto":["no"],"_unit_price_regular":[""],"_unit_price":[""],"_unit_price_sale":[""],"_sale_price_label":[""],"_sale_price_regular_label":[""],"_mini_desc":["Chanel Wallet on Chain Woc Pochette Kalbsleder schwarz"],"_defect_description":[""],"_allergen_ids":["a:0:{}"],"_warranty_attachment_id":[""],"_min_age":[""],"_ts_gtin":[""],"_ts_mpn":[""],"_delivery_time_countries":["a:0:{}"],"_free_shipping":["no"],"_service":["no"],"_photovoltaic_system":["no"],"_used_good":["yes"],"_defective_copy":["no"],"_is_food":["no"],"_differential_taxation":["yes"],"_gzd_version":["3.18.4"],"_hs_code":[""],"_manufacture_country":["0"],"_rank_math_gtin_code":[""],"_fusion_google_fonts":[""],"fusion_builder_status":["active"],"rank_math_primary_product_cat":["235"],"_wcml_custom_prices_status":["0"],"avada_post_views_count":["50"],"avada_today_post_views_count":["3"],"avada_post_views_count_today_date":["12-04-2023"],"_edit_lock":["1751399997:1"],"_edit_last":["1"],"_crosssell_ids":["a:1:{i:0;i:23129;}"],"yikes_woo_products_tabs":["a:2:{i:0;a:3:{s:5:\"title\";s:21:\"Weitere Informationen\";s:2:\"id\";s:21:\"weitere-informationen\";s:7:\"content\";s:528:\"<strong>Material au\u00dfen: <\/strong>genarbtes schwarzes Kalbsleder mit goldfarbenem Metall\r\n<strong>Material innen:\u00a0<\/strong>roter Textilstoff\r\n<strong>Ma\u00dfe: <\/strong>12.3 \u00d7 19.2 \u00d7 3.5 cm\r\n<strong>Serie \/ Herstellungsjahr: <\/strong>27XXXX \/ 2019\r\n<strong>Lieferumfang:<\/strong> Original Chanel Staubbeutel, Box, ID Karte und Base Shaper.\r\n\r\nDer Versand erfolgt innerhalb von 1 bis 2 Werktagen.\r\n\r\nF\u00fcr dieses Produkt gilt die Differenzbesteuerung gem\u00e4\u00df \u00a7 25a UStG. Die Mehrwertsteuer wird somit nicht gesondert ausgewiesen.\";}i:1;a:3:{s:5:\"title\";s:7:\"Zustand\";s:2:\"id\";s:7:\"zustand\";s:7:\"content\";s:273:\"<strong>Gesamtzustand: <\/strong>sehr gut\r\n<strong>Leder: <\/strong>intakt mit minimalen Gebrauchsspuren\r\n<strong>Rei\u00dfverschluss: <\/strong>schlie\u00dft fl\u00fcssig\r\n<strong>Hardware: <\/strong>minimale Gebrauchsspuren\r\n<strong>Innenraum: <\/strong>sauber mit wenigen Gebrauchsspuren\";}}"],"_deposit_type":[""],"_nutrient_ids":["a:0:{}"],"_nutrient_reference_value":["100g"],"_ingredients":[""],"_nutri_score":[""],"_alcohol_content":[""],"_drained_weight":[""],"_net_filling_quantity":[""],"_food_distributor":[""],"_food_description":[""],"_food_place_of_origin":[""],"_deposit_quantity":[""],"site-sidebar-layout":["default"],"site-content-layout":["default"],"theme-transparent-header-meta":["default"],"stick-header-meta":["default"],"_default_delivery_time":[""],"_pys_conversion_label_settings":["a:3:{s:6:\"enable\";b:0;s:5:\"label\";s:0:\"\";s:2:\"id\";s:14:\"AW-11184563350\";}"],"_pys_super_pack_cpt_url":[""],"_pys_super_pack_cpt_condition":["only"],"_pys_super_pack_cpt_cart":["hidden"],"_woosea_brand":[""],"_woosea_mpn":[""],"_woosea_upc":[""],"_woosea_ean":[""],"_woosea_gtin":[""],"_woosea_color":[""],"_woosea_size":[""],"_woosea_gender":[""],"_woosea_material":[""],"_woosea_pattern":[""],"_woosea_optimized_title":[""],"_woosea_unit_pricing_measure":[""],"_woosea_unit_pricing_base_measure":[""],"_woosea_condition":[""],"_woosea_age_group":["adult"],"_woosea_installment_months":[""],"_woosea_installment_amount":[""],"_woosea_exclude_product":["no"],"_woosea_cost_of_good_sold":[""],"_woosea_multipack":[""],"_woosea_is_bundle":[""],"_woosea_energy_efficiency_class":[""],"_woosea_min_energy_efficiency_class":[""],"_woosea_max_energy_efficiency_class":[""],"_woosea_is_promotion":[""],"_woosea_custom_field_0":[""],"_woosea_custom_field_1":[""],"_woosea_custom_field_2":[""],"_woosea_custom_field_3":[""],"_woosea_custom_field_4":[""],"_pys_head_footer":["a:7:{s:14:\"disable_global\";b:0;s:8:\"head_any\";s:0:\"\";s:12:\"head_desktop\";s:0:\"\";s:11:\"head_mobile\";s:0:\"\";s:10:\"footer_any\";s:0:\"\";s:14:\"footer_desktop\";s:0:\"\";s:13:\"footer_mobile\";s:0:\"\";}"],"_product_attributes":["a:3:{s:8:\"pa_brand\";a:7:{s:4:\"name\";s:8:\"pa_brand\";s:5:\"value\";s:0:\"\";s:8:\"position\";i:1;s:10:\"is_visible\";i:0;s:12:\"is_variation\";i:1;s:11:\"is_taxonomy\";i:1;s:16:\"checkout_visible\";i:0;}s:8:\"pa_color\";a:7:{s:4:\"name\";s:8:\"pa_color\";s:5:\"value\";s:0:\"\";s:8:\"position\";i:2;s:10:\"is_visible\";i:0;s:12:\"is_variation\";i:1;s:11:\"is_taxonomy\";i:1;s:16:\"checkout_visible\";i:0;}s:9:\"pa_gender\";a:7:{s:4:\"name\";s:9:\"pa_gender\";s:5:\"value\";s:0:\"\";s:8:\"position\";i:3;s:10:\"is_visible\";i:0;s:12:\"is_variation\";i:1;s:11:\"is_taxonomy\";i:1;s:16:\"checkout_visible\";i:0;}}"],"litespeed_vpi_list":["a:2:{i:0;s:8:\"logo.png\";i:1;s:60:\"Chanel-Woc-Caviar-schwarz-kette-2023-0082-scaled-500x500.jpg\";}"],"_customs_description":[""],"_wp_old_date":["2023-04-07","2023-06-01"],"_is_non_returnable":["no"],"_wpml_media_has_media":["1"],"litespeed_vpi_list_mobile":["a:2:{i:0;s:8:\"logo.png\";i:1;s:60:\"Chanel-Woc-Caviar-schwarz-kette-2023-0082-scaled-500x500.jpg\";}"],"_rank_math_video":["true"],"_izettle_image_lookup_key":["3kyncy1cEe-udXp3qLWasA-NmWR0S1vEe-Xryo70nVibg"],"woocommerce_izettle_product_uuid":["3669786e-2d6f-11ef-bdcf-353536383939"],"woocommerce_izettle_variant_uuid":["36698d86-2d6f-11ef-99fc-353536383939"],"_izettle_updated":["1718714115"],"_product_shipping_weight":["1kg"],"_internal_date_code":[""],"_internal_product_origin":[""],"_product_rating":[""],"_not_in_inventory_checkbox":[""],"_product_available_from_field":[""],"_manufacturer_slug":[""],"_safety_attachment_ids":["a:0:{}"],"_izettle_barcode":[""],"_izettle_nosync":[""],"_izettle_cost_price":[""],"_izettle_special_price":[""],"_izettle_product_name":[""],"_zettle_product_cat_id":[""],"_shipping_length":[""],"_shipping_width":[""],"_shipping_height":[""],"_nickx_video_text_url":["a:1:{i:0;s:0:\"\";}"],"_nickx_product_video_type":["a:1:{i:0;s:23:\"nickx_video_url_youtube\";}"],"_nickx_product_video_thumb_ids":["a:1:{i:0;s:0:\"\";}"],"_custom_html_content":[""],"ast-site-content-layout":["default"],"site-content-style":["default"],"site-sidebar-style":["default"],"astra-migrate-meta-layouts":["set"],"_wcml_average_rating":[null],"_wcml_review_count":[null],"_wcml_rating_count":[null],"copied_media_ids":["a:0:{}"],"referenced_media_ids":["a:17:{i:0;i:22258;i:1;i:26211;i:2;i:22278;i:3;i:22276;i:4;i:22256;i:5;i:22270;i:6;i:22272;i:7;i:22274;i:8;i:22268;i:9;i:22266;i:10;i:22262;i:11;i:27294;i:12;i:22260;i:13;i:22264;i:14;i:27292;i:15;i:27296;i:16;i:27299;}"],"rank_math_analytic_object_id":["2319"],"_uag_page_assets":["a:9:{s:3:\"css\";s:0:\"\";s:2:\"js\";s:0:\"\";s:18:\"current_block_list\";a:6:{i:0;s:26:\"woocommerce\/filter-wrapper\";i:1;s:24:\"woocommerce\/price-filter\";i:2;s:30:\"woocommerce\/product-categories\";i:3;s:14:\"core\/paragraph\";i:4;s:14:\"core\/shortcode\";i:5;s:11:\"core\/search\";}s:8:\"uag_flag\";b:0;s:11:\"uag_version\";s:10:\"1777481675\";s:6:\"gfonts\";a:0:{}s:10:\"gfonts_url\";s:0:\"\";s:12:\"gfonts_files\";a:0:{}s:14:\"uag_faq_layout\";b:0;}"],"_wc_rating_count":[""]},"uagb_featured_image_src":{"full":["https:\/\/ilovehandbags.com\/wp-content\/uploads\/sites\/3\/Chanel-Woc-Caviar-schwarz-kette-2023-0082-scaled.jpg",2560,2560,false],"thumbnail":["https:\/\/ilovehandbags.com\/wp-content\/uploads\/sites\/3\/Chanel-Woc-Caviar-schwarz-kette-2023-0082-scaled-150x150.jpg",150,150,true],"medium":["https:\/\/ilovehandbags.com\/wp-content\/uploads\/sites\/3\/Chanel-Woc-Caviar-schwarz-kette-2023-0082-scaled-300x300.jpg",300,300,true],"medium_large":["https:\/\/ilovehandbags.com\/wp-content\/uploads\/sites\/3\/Chanel-Woc-Caviar-schwarz-kette-2023-0082-scaled-768x768.jpg",768,768,true],"large":["https:\/\/ilovehandbags.com\/wp-content\/uploads\/sites\/3\/Chanel-Woc-Caviar-schwarz-kette-2023-0082-scaled-1024x1024.jpg",1024,1024,true],"1536x1536":["https:\/\/ilovehandbags.com\/wp-content\/uploads\/sites\/3\/Chanel-Woc-Caviar-schwarz-kette-2023-0082-scaled.jpg",1536,1536,false],"2048x2048":["https:\/\/ilovehandbags.com\/wp-content\/uploads\/sites\/3\/Chanel-Woc-Caviar-schwarz-kette-2023-0082-scaled.jpg",2048,2048,false],"woocommerce_thumbnail":["https:\/\/ilovehandbags.com\/wp-content\/uploads\/sites\/3\/Chanel-Woc-Caviar-schwarz-kette-2023-0082-scaled-500x500.jpg",500,500,true],"woocommerce_single":["https:\/\/ilovehandbags.com\/wp-content\/uploads\/sites\/3\/Chanel-Woc-Caviar-schwarz-kette-2023-0082-scaled-500x500.jpg",500,500,true],"woocommerce_gallery_thumbnail":["https:\/\/ilovehandbags.com\/wp-content\/uploads\/sites\/3\/Chanel-Woc-Caviar-schwarz-kette-2023-0082-scaled-100x100.jpg",100,100,true]},"uagb_author_info":{"display_name":"ILoveHandbags","author_link":"https:\/\/ilovehandbags.com\/de\/author\/"},"uagb_comment_info":0,"uagb_excerpt":"Die schwarze Chanel WOC ist ein klassisches St\u00fcck, das nie aus der Mode kommt. Sie ist perfekt f\u00fcr formelle Anl\u00e4sse wie Hochzeiten, Abendessen und Cocktails, aber auch f\u00fcr den t\u00e4glichen Gebrauch geeignet. Mit ihrer edlen Optik und ihrer funktionalen Ausstattung ist sie ein echtes Must-Have f\u00fcr alle modebewussten Frauen. Diese edle Tasche kann sowohl als&hellip;","_links":{"self":[{"href":"https:\/\/ilovehandbags.com\/de\/wp-json\/wp\/v2\/product\/22255","targetHints":{"allow":["GET"]}}],"collection":[{"href":"https:\/\/ilovehandbags.com\/de\/wp-json\/wp\/v2\/product"}],"about":[{"href":"https:\/\/ilovehandbags.com\/de\/wp-json\/wp\/v2\/types\/product"}],"wp:featuredmedia":[{"embeddable":true,"href":"https:\/\/ilovehandbags.com\/de\/wp-json\/wp\/v2\/media\/22258"}],"wp:attachment":[{"href":"https:\/\/ilovehandbags.com\/de\/wp-json\/wp\/v2\/media?parent=22255"}],"wp:term":[{"taxonomy":"product_brand","embeddable":true,"href":"https:\/\/ilovehandbags.com\/de\/wp-json\/wp\/v2\/product_brand?post=22255"},{"taxonomy":"product_cat","embeddable":true,"href":"https:\/\/ilovehandbags.com\/de\/wp-json\/wp\/v2\/product_cat?post=22255"},{"taxonomy":"product_tag","embeddable":true,"href":"https:\/\/ilovehandbags.com\/de\/wp-json\/wp\/v2\/product_tag?post=22255"}],"curies":[{"name":"wp","href":"https:\/\/api.w.org\/{rel}","templated":true}]}}