{"id":22281,"date":"2025-04-04T17:15:13","date_gmt":"2025-04-04T15:15:13","guid":{"rendered":"https:\/\/ilovehandbags.com\/?post_type=product&#038;p=22281"},"modified":"2025-12-22T10:06:51","modified_gmt":"2025-12-22T09:06:51","slug":"chanel-wallet-on-chain-woc-pochette-kalbsleder-light-pink-rosa","status":"publish","type":"product","link":"https:\/\/ilovehandbags.com\/de\/chanel-wallet-on-chain-woc-pochette-kalbsleder-light-pink-rosa\/","title":{"rendered":"Chanel Wallet on Chain WOC Pochette Kalbsleder Light Pink Rosa"},"content":{"rendered":"","protected":false},"excerpt":{"rendered":"<p>Die exklusive Chanel Wallet on Chain, liebevoll als WOC bekannt, verk\u00f6rpert die zeitlose Eleganz des renommierten Luxusmodehauses Chanel. Ein Meisterwerk des ber\u00fchmten Designers Karl Lagerfeld, besticht die WOC durch ihr unverwechselbares gestepptes Leder und das legend\u00e4re CC-Logo, das Luxus und Stil verk\u00f6rpert. Diese atemberaubende Tasche in einem zarten Rosa und aus hochwertigem Kalbsleder vereint auf einzigartige Weise Funktionalit\u00e4t und Eleganz. Sie bietet nicht nur ausreichend Platz f\u00fcr die wichtigsten Essentials wie Geld, Karten und Schl\u00fcssel, sondern setzt auch ein beeindruckendes modisches Statement. Das raffinierte Design der Chanel WOC erm\u00f6glicht vielseitige Tragem\u00f6glichkeiten. Dank des eleganten Kettenschulterbands kann sie sowohl als stilvolle Geldb\u00f6rse als auch als trendige Umh\u00e4ngetasche getragen werden, was sie zur perfekten Begleiterin f\u00fcr jeden Anlass macht. Die Chanel Wallet on Chain ist in einer Vielzahl von hochwertigen Materialien und verf\u00fchrerischen Farben erh\u00e4ltlich, um den individuellen Geschmack und Stil jeder Fashionista zu treffen. Diese Investition in zeitlose Eleganz verspricht nicht nur eine perfekte Erg\u00e4nzung f\u00fcr den Alltag, sondern auch eine unvergleichliche Erscheinung f\u00fcr besondere Anl\u00e4sse.<\/p>\n","protected":false},"featured_media":40336,"template":"","meta":{"_uag_custom_page_level_css":"","site-sidebar-layout":"default","site-content-layout":"default","ast-site-content-layout":"default","site-content-style":"default","site-sidebar-style":"default","ast-global-header-display":"","ast-banner-title-visibility":"","ast-main-header-display":"","ast-hfb-above-header-display":"","ast-hfb-below-header-display":"","ast-hfb-mobile-header-display":"","site-post-title":"","ast-breadcrumbs-content":"","ast-featured-img":"","footer-sml-layout":"","ast-disable-related-posts":"","theme-transparent-header-meta":"default","adv-header-id-meta":"","stick-header-meta":"default","header-above-stick-meta":"","header-main-stick-meta":"","header-below-stick-meta":"","astra-migrate-meta-layouts":"set","ast-page-background-enabled":"default","ast-page-background-meta":{"desktop":{"background-color":"var(--ast-global-color-4)","background-image":"","background-repeat":"repeat","background-position":"center center","background-size":"auto","background-attachment":"scroll","background-type":"","background-media":"","overlay-type":"","overlay-color":"","overlay-opacity":"","overlay-gradient":""},"tablet":{"background-color":"","background-image":"","background-repeat":"repeat","background-position":"center center","background-size":"auto","background-attachment":"scroll","background-type":"","background-media":"","overlay-type":"","overlay-color":"","overlay-opacity":"","overlay-gradient":""},"mobile":{"background-color":"","background-image":"","background-repeat":"repeat","background-position":"center center","background-size":"auto","background-attachment":"scroll","background-type":"","background-media":"","overlay-type":"","overlay-color":"","overlay-opacity":"","overlay-gradient":""}},"ast-content-background-meta":{"desktop":{"background-color":"var(--ast-global-color-5)","background-image":"","background-repeat":"repeat","background-position":"center center","background-size":"auto","background-attachment":"scroll","background-type":"","background-media":"","overlay-type":"","overlay-color":"","overlay-opacity":"","overlay-gradient":""},"tablet":{"background-color":"var(--ast-global-color-5)","background-image":"","background-repeat":"repeat","background-position":"center center","background-size":"auto","background-attachment":"scroll","background-type":"","background-media":"","overlay-type":"","overlay-color":"","overlay-opacity":"","overlay-gradient":""},"mobile":{"background-color":"var(--ast-global-color-5)","background-image":"","background-repeat":"repeat","background-position":"center center","background-size":"auto","background-attachment":"scroll","background-type":"","background-media":"","overlay-type":"","overlay-color":"","overlay-opacity":"","overlay-gradient":""}},"_glsr_average":0,"_glsr_ranking":0,"_glsr_reviews":0},"product_brand":[1593],"product_cat":[235,208,242,204],"product_tag":[325,327,326],"class_list":{"0":"post-22281","1":"product","2":"type-product","3":"status-publish","4":"has-post-thumbnail","6":"product_brand-chanel","7":"product_cat-chanel","8":"product_cat-handtaschen","9":"product_cat-kleine-taschen","10":"product_cat-umhaengetaschen","11":"product_tag-chanel","12":"product_tag-chanel-wallet-on-chain","13":"product_tag-chanel-woc","14":"desktop-align-left","15":"tablet-align-left","16":"mobile-align-left","17":"ast-product-gallery-layout-first-image-large","18":"ast-magnify-disabled","19":"ast-product-tabs-layout-accordion","21":"first","22":"outofstock","23":"sold-individually","24":"purchasable","25":"product-type-simple"},"spectra_custom_meta":{"_wpml_media_featured":["1","1","1","1","1"],"_wpml_media_duplicate":["1","1","1","1","1"],"_sku":["P3-0119-K"],"_regular_price":["3350"],"total_sales":["2"],"_tax_status":["none"],"_tax_class":[""],"_manage_stock":["yes"],"_backorders":["no"],"_sold_individually":["yes"],"_virtual":["no"],"_downloadable":["no"],"_product_image_gallery":["22306,26246,26244,26242,22282,22304,22302,22300,22298,22296,22294,22284,22286,22292,22290,27943,22288"],"_download_limit":["-1"],"_download_expiry":["-1"],"_thumbnail_id":["40336"],"_stock":["0"],"_stock_status":["outofstock"],"_wc_average_rating":[0],"_wc_review_count":["0"],"_product_version":["10.4.2"],"_price":["3350"],"_wpml_word_count":["230"],"_wpml_location_migration_done":["1"],"_fusion":["a:3:{s:17:\"slider_visibility\";s:51:\"small-visibility,medium-visibility,large-visibility\";s:11:\"slider_type\";s:2:\"no\";s:9:\"wooslider\";s:1:\"0\";}"],"rank_math_seo_score":["78"],"rank_math_focus_keyword":["chanel"],"_purchase_price_field":["2725"],"_internal_warehouse_number_field":["2023-0119"],"_gdrive_field":["https:\/\/drive.google.com\/drive\/u\/0\/folders\/1gru1oflxYGSEx5c2nqyXoaFHg9PAP3eq"],"_unit":[""],"_unit_base":[""],"_unit_product":[""],"_unit_price_auto":["no"],"_unit_price_regular":[""],"_unit_price":[""],"_unit_price_sale":[""],"_sale_price_label":[""],"_sale_price_regular_label":[""],"_mini_desc":["Chanel Wallet on Chain WOC Pochette Kalbsleder Light Pink Rosa"],"_defect_description":[""],"_allergen_ids":["a:0:{}"],"_warranty_attachment_id":[""],"_min_age":[""],"_ts_gtin":[""],"_ts_mpn":[""],"_delivery_time_countries":["a:0:{}"],"_free_shipping":["no"],"_service":["no"],"_photovoltaic_system":["no"],"_used_good":["yes"],"_defective_copy":["no"],"_is_food":["no"],"_differential_taxation":["yes"],"_gzd_version":["3.20.4"],"_hs_code":[""],"_manufacture_country":[""],"_rank_math_gtin_code":[""],"_fusion_google_fonts":[""],"fusion_builder_status":["active"],"rank_math_primary_product_cat":["0"],"_wcml_custom_prices_status":["0"],"avada_post_views_count":["46"],"avada_today_post_views_count":["1"],"avada_post_views_count_today_date":["08-04-2023"],"_edit_lock":["1766394288:4"],"_edit_last":["4"],"_crosssell_ids":["a:1:{i:0;i:23129;}"],"yikes_woo_products_tabs":["a:2:{i:0;a:3:{s:5:\"title\";s:21:\"Weitere Informationen\";s:2:\"id\";s:21:\"weitere-informationen\";s:7:\"content\";s:331:\"<strong>Material au\u00dfen: <\/strong>genarbtes rosa Kalbsleder mit goldfarbenem Metall\r\n<strong>Material innen:\u00a0<\/strong>rosa Textilstoff\r\n<strong>Ma\u00dfe: <\/strong>12.3 \u00d7 19.2 \u00d7 3.5 cm\r\n<strong>Farbcode<\/strong>: NH620\r\n<strong>Serie \/ Herstellungsjahr: <\/strong>22S \/ 2022\r\n<strong>Lieferumfang:<\/strong> Chanel Staubbeutel und Box\";}i:1;a:3:{s:5:\"title\";s:7:\"Zustand\";s:2:\"id\";s:7:\"zustand\";s:7:\"content\";s:360:\"<strong>Gesamtzustand: <\/strong>neuwertig und unbenutzt\r\n<strong>Leder: <\/strong>au\u00dfen keine Besch\u00e4digungen, lediglich innen gibt es auf der Lederinnenseite leichte Abdr\u00fccke durch die Schulterkette\r\n<strong>Rei\u00dfverschluss: <\/strong>schlie\u00dft fl\u00fcssig\r\n<strong>Hardware: <\/strong>minimalste Gebrauchsspuren durch Lagerung\r\n<strong>Innenraum: <\/strong>sauber\";}}"],"_deposit_type":[""],"_nutrient_ids":["a:0:{}"],"_nutrient_reference_value":["100g"],"_ingredients":[""],"_nutri_score":[""],"_alcohol_content":[""],"_drained_weight":[""],"_net_filling_quantity":[""],"_food_distributor":[""],"_food_description":[""],"_food_place_of_origin":[""],"_deposit_quantity":[""],"site-sidebar-layout":["default"],"site-content-layout":["default"],"theme-transparent-header-meta":["default"],"stick-header-meta":["default"],"_wp_old_date":["2023-04-07","2023-05-07","2023-05-16","2023-05-27","2023-06-04","2023-10-04","2024-04-04","2024-10-04"],"_pys_conversion_label_settings":["a:3:{s:6:\"enable\";b:0;s:5:\"label\";s:0:\"\";s:2:\"id\";s:14:\"AW-11184563350\";}"],"_pys_super_pack_cpt_url":[""],"_pys_super_pack_cpt_condition":["only"],"_pys_super_pack_cpt_cart":["hidden"],"_pys_head_footer":["a:7:{s:14:\"disable_global\";b:0;s:8:\"head_any\";s:0:\"\";s:12:\"head_desktop\";s:0:\"\";s:11:\"head_mobile\";s:0:\"\";s:10:\"footer_any\";s:0:\"\";s:14:\"footer_desktop\";s:0:\"\";s:13:\"footer_mobile\";s:0:\"\";}"],"_woosea_brand":[""],"_woosea_mpn":[""],"_woosea_upc":[""],"_woosea_ean":[""],"_woosea_gtin":[""],"_woosea_color":[""],"_woosea_size":[""],"_woosea_gender":[""],"_woosea_material":[""],"_woosea_pattern":[""],"_woosea_optimized_title":[""],"_woosea_unit_pricing_measure":[""],"_woosea_unit_pricing_base_measure":[""],"_woosea_condition":[""],"_woosea_age_group":["adult"],"_woosea_installment_months":[""],"_woosea_installment_amount":[""],"_woosea_exclude_product":["no"],"_woosea_cost_of_good_sold":[""],"_woosea_multipack":[""],"_woosea_is_bundle":[""],"_woosea_energy_efficiency_class":[""],"_woosea_min_energy_efficiency_class":[""],"_woosea_max_energy_efficiency_class":[""],"_woosea_is_promotion":[""],"_woosea_custom_field_0":[""],"_woosea_custom_field_1":[""],"_woosea_custom_field_2":[""],"_woosea_custom_field_3":[""],"_woosea_custom_field_4":[""],"_product_attributes":["a:3:{s:8:\"pa_brand\";a:7:{s:4:\"name\";s:8:\"pa_brand\";s:5:\"value\";s:0:\"\";s:8:\"position\";i:0;s:10:\"is_visible\";i:0;s:12:\"is_variation\";i:0;s:11:\"is_taxonomy\";i:1;s:16:\"checkout_visible\";i:0;}s:8:\"pa_color\";a:7:{s:4:\"name\";s:8:\"pa_color\";s:5:\"value\";s:0:\"\";s:8:\"position\";i:1;s:10:\"is_visible\";i:0;s:12:\"is_variation\";i:0;s:11:\"is_taxonomy\";i:1;s:16:\"checkout_visible\";i:0;}s:9:\"pa_gender\";a:7:{s:4:\"name\";s:9:\"pa_gender\";s:5:\"value\";s:0:\"\";s:8:\"position\";i:2;s:10:\"is_visible\";i:0;s:12:\"is_variation\";i:0;s:11:\"is_taxonomy\";i:1;s:16:\"checkout_visible\";i:0;}}"],"litespeed_vpi_list":["a:2:{i:0;s:8:\"logo.png\";i:1;s:59:\"Chanel-Woc-Light-Pink-hardware-2023-0119-scaled-500x500.jpg\";}"],"_customs_description":[""],"_is_non_returnable":["no"],"_wpml_media_has_media":["1"],"litespeed_vpi_list_mobile":["a:2:{i:0;s:8:\"logo.png\";i:1;s:59:\"Chanel-Woc-Light-Pink-hardware-2023-0119-scaled-500x500.jpg\";}"],"_internal_date_code":["EKE6475A"],"_internal_product_origin":["Frankreich"],"_product_rating":["N"],"ast-site-content-layout":["default"],"site-content-style":["default"],"site-sidebar-style":["default"],"_rank_math_video":["true"],"_not_in_inventory_checkbox":[""],"_customer_view":["5"],"_custom_view_last_updated":["2025-11-29 19:03:40"],"_custom_html_content":[""],"_shipping_length":[""],"_shipping_width":[""],"_shipping_height":[""],"_izettle_image_lookup_key":["3kyncy1cEe-udXp3qLWasA-mq-spEbBEfCOPUx8jZH1eQ"],"woocommerce_izettle_product_uuid":["9d5d8776-361b-11f0-ac71-353536383939"],"woocommerce_izettle_variant_uuid":["8e54ef1a-2d6d-11ef-bdf9-353536383939"],"_izettle_updated":["1755928948"],"_izettle_barcode":["0290000222810"],"_izettle_product_etag":["CF1756F127A189164830668DFB967526"],"_product_shipping_weight":["1kg"],"_product_available_from_field":[""],"_manufacturer_slug":["chanel-s-a-s"],"_safety_instructions":[""],"_safety_attachment_ids":["a:0:{}"],"_izettle_nosync":[""],"_izettle_cost_price":[""],"_izettle_special_price":[""],"_izettle_product_name":[""],"_zettle_product_cat_id":[""],"_nickx_video_text_url":["a:1:{i:0;s:0:\"\";}"],"_nickx_product_video_type":["a:1:{i:0;s:23:\"nickx_video_url_youtube\";}"],"_nickx_product_video_thumb_ids":["a:1:{i:0;s:0:\"\";}"],"_product_reserve_till_field":["2025-08-26T18:00"],"_wireless_electronic_device":["no"],"_device_contains_power_supply":["no"],"_device_charging_supports_usb_pd":["no"],"_device_charging_watt_min":["0"],"_device_charging_watt_max":["0"],"rank_math_primary_product_brand":["0"],"_default_delivery_time":[""],"sib_push_meta_box_present":["1"],"sib_push_send_notification":["0"],"sib_push_target_segment_ids":["@ALL"],"similar_product_key":["1747815266"],"_ame_cpe_post_policy":["{\"accessProtection\":{\"active\":\"replace\"}}"],"_product_reserve_add_cart_link_key":["wZmqbGJLHAaDjeErCktSzpdKgxFOWRynXfIiusPQcUvoTNYBlhMV1755794167"],"copied_media_ids":["a:0:{}"],"referenced_media_ids":["a:18:{i:0;i:40336;i:1;i:22306;i:2;i:26246;i:3;i:26244;i:4;i:26242;i:5;i:22282;i:6;i:22304;i:7;i:22302;i:8;i:22300;i:9;i:22298;i:10;i:22296;i:11;i:22294;i:12;i:22284;i:13;i:22286;i:14;i:22292;i:15;i:22290;i:16;i:27943;i:17;i:22288;}"],"sib_push_send_notification_delay_seconds":["0"],"_is_non_alcoholic":["no"],"_mid_code":[""],"_ship_separately_via":[""],"_shipping_weight":[""],"_wcml_average_rating":[null],"_wcml_review_count":[null],"_wcml_rating_count":[null],"astra-migrate-meta-layouts":["set"],"rank_math_analytic_object_id":["849"],"_uag_page_assets":["a:9:{s:3:\"css\";s:0:\"\";s:2:\"js\";s:0:\"\";s:18:\"current_block_list\";a:6:{i:0;s:26:\"woocommerce\/filter-wrapper\";i:1;s:24:\"woocommerce\/price-filter\";i:2;s:30:\"woocommerce\/product-categories\";i:3;s:14:\"core\/paragraph\";i:4;s:14:\"core\/shortcode\";i:5;s:11:\"core\/search\";}s:8:\"uag_flag\";b:0;s:11:\"uag_version\";s:10:\"1777481675\";s:6:\"gfonts\";a:0:{}s:10:\"gfonts_url\";s:0:\"\";s:12:\"gfonts_files\";a:0:{}s:14:\"uag_faq_layout\";b:0;}"],"_wc_rating_count":[""]},"uagb_featured_image_src":{"full":["https:\/\/ilovehandbags.com\/wp-content\/uploads\/sites\/3\/Photoroom_000_20240312_101854-scaled.jpg",1920,2560,false],"thumbnail":["https:\/\/ilovehandbags.com\/wp-content\/uploads\/sites\/3\/Photoroom_000_20240312_101854-scaled-150x150.jpg",150,150,true],"medium":["https:\/\/ilovehandbags.com\/wp-content\/uploads\/sites\/3\/Photoroom_000_20240312_101854-scaled-300x300.jpg",300,300,true],"medium_large":["https:\/\/ilovehandbags.com\/wp-content\/uploads\/sites\/3\/Photoroom_000_20240312_101854-scaled-768x768.jpg",768,768,true],"large":["https:\/\/ilovehandbags.com\/wp-content\/uploads\/sites\/3\/Photoroom_000_20240312_101854-scaled-1024x1024.jpg",1024,1024,true],"1536x1536":["https:\/\/ilovehandbags.com\/wp-content\/uploads\/sites\/3\/Photoroom_000_20240312_101854-scaled.jpg",1152,1536,false],"2048x2048":["https:\/\/ilovehandbags.com\/wp-content\/uploads\/sites\/3\/Photoroom_000_20240312_101854-scaled.jpg",1536,2048,false],"woocommerce_thumbnail":["https:\/\/ilovehandbags.com\/wp-content\/uploads\/sites\/3\/Photoroom_000_20240312_101854-scaled-500x500.jpg",500,500,true],"woocommerce_single":["https:\/\/ilovehandbags.com\/wp-content\/uploads\/sites\/3\/Photoroom_000_20240312_101854-scaled-500x500.jpg",500,500,true],"woocommerce_gallery_thumbnail":["https:\/\/ilovehandbags.com\/wp-content\/uploads\/sites\/3\/Photoroom_000_20240312_101854-scaled-100x100.jpg",100,100,true]},"uagb_author_info":{"display_name":"ILoveHandbags","author_link":"https:\/\/ilovehandbags.com\/de\/author\/"},"uagb_comment_info":0,"uagb_excerpt":"Die exklusive Chanel Wallet on Chain, liebevoll als WOC bekannt, verk\u00f6rpert die zeitlose Eleganz des renommierten Luxusmodehauses Chanel. Ein Meisterwerk des ber\u00fchmten Designers Karl Lagerfeld, besticht die WOC durch ihr unverwechselbares gestepptes Leder und das legend\u00e4re CC-Logo, das Luxus und Stil verk\u00f6rpert. Diese atemberaubende Tasche in einem zarten Rosa und aus hochwertigem Kalbsleder vereint auf&hellip;","_links":{"self":[{"href":"https:\/\/ilovehandbags.com\/de\/wp-json\/wp\/v2\/product\/22281","targetHints":{"allow":["GET"]}}],"collection":[{"href":"https:\/\/ilovehandbags.com\/de\/wp-json\/wp\/v2\/product"}],"about":[{"href":"https:\/\/ilovehandbags.com\/de\/wp-json\/wp\/v2\/types\/product"}],"wp:featuredmedia":[{"embeddable":true,"href":"https:\/\/ilovehandbags.com\/de\/wp-json\/wp\/v2\/media\/40336"}],"wp:attachment":[{"href":"https:\/\/ilovehandbags.com\/de\/wp-json\/wp\/v2\/media?parent=22281"}],"wp:term":[{"taxonomy":"product_brand","embeddable":true,"href":"https:\/\/ilovehandbags.com\/de\/wp-json\/wp\/v2\/product_brand?post=22281"},{"taxonomy":"product_cat","embeddable":true,"href":"https:\/\/ilovehandbags.com\/de\/wp-json\/wp\/v2\/product_cat?post=22281"},{"taxonomy":"product_tag","embeddable":true,"href":"https:\/\/ilovehandbags.com\/de\/wp-json\/wp\/v2\/product_tag?post=22281"}],"curies":[{"name":"wp","href":"https:\/\/api.w.org\/{rel}","templated":true}]}}