{"id":22599,"date":"2023-04-09T17:00:45","date_gmt":"2023-04-09T15:00:45","guid":{"rendered":"https:\/\/ilovehandbags.com\/?post_type=product&#038;p=22599"},"modified":"2024-06-18T14:41:45","modified_gmt":"2024-06-18T12:41:45","slug":"louis-vuitton-montsouris-mm-monogram-canvas-rucksack","status":"publish","type":"product","link":"https:\/\/ilovehandbags.com\/de\/louis-vuitton-montsouris-mm-monogram-canvas-rucksack\/","title":{"rendered":"Louis Vuitton Montsouris MM Monogram Canvas Rucksack"},"content":{"rendered":"","protected":false},"excerpt":{"rendered":"<p>Der Louis Vuitton Montsouris MM Rucksack wurde nach einem bekannten franz\u00f6sischen Park benannt. Das Modell ist zeitlos und praktisch. Die hohe Qualit\u00e4t der Materialien und Verarbeitung machen diesen Rucksack zu einem langlebigen Accessoire, das auch nach vielen Jahren noch modisch und funktional ist. Im Inneren befindet sich ein ger\u00e4umiges Hauptfach, das ausreichend Platz f\u00fcr pers\u00f6nliche Gegenst\u00e4nde wie Geldb\u00f6rse, Schl\u00fcssel, Handy und Kosmetiktasche bietet. Auf der Vorderseite gibt es kleines Fach. Die Schultergurte des Montsouris MM Rucksacks sind verstellbar, um eine individuelle Passform zu gew\u00e4hrleisten.<\/p>\n<p>&nbsp;<\/p>\n","protected":false},"featured_media":22787,"template":"","meta":{"_uag_custom_page_level_css":"","site-sidebar-layout":"default","site-content-layout":"default","ast-site-content-layout":"default","site-content-style":"default","site-sidebar-style":"default","ast-global-header-display":"","ast-banner-title-visibility":"","ast-main-header-display":"","ast-hfb-above-header-display":"","ast-hfb-below-header-display":"","ast-hfb-mobile-header-display":"","site-post-title":"","ast-breadcrumbs-content":"","ast-featured-img":"","footer-sml-layout":"","ast-disable-related-posts":"","theme-transparent-header-meta":"default","adv-header-id-meta":"","stick-header-meta":"default","header-above-stick-meta":"","header-main-stick-meta":"","header-below-stick-meta":"","astra-migrate-meta-layouts":"default","ast-page-background-enabled":"default","ast-page-background-meta":{"desktop":{"background-color":"var(--ast-global-color-4)","background-image":"","background-repeat":"repeat","background-position":"center center","background-size":"auto","background-attachment":"scroll","background-type":"","background-media":"","overlay-type":"","overlay-color":"","overlay-opacity":"","overlay-gradient":""},"tablet":{"background-color":"","background-image":"","background-repeat":"repeat","background-position":"center center","background-size":"auto","background-attachment":"scroll","background-type":"","background-media":"","overlay-type":"","overlay-color":"","overlay-opacity":"","overlay-gradient":""},"mobile":{"background-color":"","background-image":"","background-repeat":"repeat","background-position":"center center","background-size":"auto","background-attachment":"scroll","background-type":"","background-media":"","overlay-type":"","overlay-color":"","overlay-opacity":"","overlay-gradient":""}},"ast-content-background-meta":{"desktop":{"background-color":"var(--ast-global-color-5)","background-image":"","background-repeat":"repeat","background-position":"center center","background-size":"auto","background-attachment":"scroll","background-type":"","background-media":"","overlay-type":"","overlay-color":"","overlay-opacity":"","overlay-gradient":""},"tablet":{"background-color":"var(--ast-global-color-5)","background-image":"","background-repeat":"repeat","background-position":"center center","background-size":"auto","background-attachment":"scroll","background-type":"","background-media":"","overlay-type":"","overlay-color":"","overlay-opacity":"","overlay-gradient":""},"mobile":{"background-color":"var(--ast-global-color-5)","background-image":"","background-repeat":"repeat","background-position":"center center","background-size":"auto","background-attachment":"scroll","background-type":"","background-media":"","overlay-type":"","overlay-color":"","overlay-opacity":"","overlay-gradient":""}},"_glsr_average":0,"_glsr_ranking":0,"_glsr_reviews":0},"product_brand":[],"product_cat":[208,239,238,204,449],"product_tag":[214,347,346,348],"class_list":{"0":"post-22599","1":"product","2":"type-product","3":"status-publish","4":"has-post-thumbnail","6":"product_cat-handtaschen","7":"product_cat-louis-vuitton","8":"product_cat-reisegepaeck","9":"product_cat-umhaengetaschen","10":"product_cat-bald-wieder-da","11":"product_tag-louis-vuitton","12":"product_tag-louis-vuitton-m51136","13":"product_tag-louis-vuitton-montsouris","14":"product_tag-louis-vuitton-rucksack","15":"desktop-align-left","16":"tablet-align-left","17":"mobile-align-left","18":"ast-product-gallery-layout-first-image-large","19":"ast-magnify-disabled","20":"ast-product-tabs-layout-accordion","22":"first","23":"outofstock","24":"sold-individually","25":"purchasable","26":"product-type-simple"},"spectra_custom_meta":{"_wpml_media_featured":["1","1","1","1","1"],"_wpml_media_duplicate":["1","1","1","1","1"],"_sku":["P3-0162"],"_regular_price":["750"],"total_sales":["1"],"_tax_status":["none"],"_tax_class":[""],"_manage_stock":["yes"],"_backorders":["no"],"_sold_individually":["yes"],"_virtual":["no"],"_downloadable":["no"],"_download_limit":["-1"],"_download_expiry":["-1"],"_stock":["0"],"_stock_status":["outofstock"],"_wc_average_rating":[0],"_wc_review_count":["0"],"_product_version":["8.9.3"],"_price":["750"],"_wpml_word_count":["119"],"_wpml_location_migration_done":["1"],"_fusion":["a:3:{s:17:\"slider_visibility\";s:51:\"small-visibility,medium-visibility,large-visibility\";s:11:\"slider_type\";s:2:\"no\";s:9:\"wooslider\";s:1:\"0\";}"],"rank_math_seo_score":["63"],"rank_math_focus_keyword":["Louis Vuitton Montsouris MM Monogram Canvas"],"_purchase_price_field":["557,26"],"_internal_warehouse_number_field":["2023-0162"],"_gdrive_field":["https:\/\/drive.google.com\/drive\/u\/0\/folders\/1tdBzxt3_FlozbbWL25s0elNlW8Fje2FK"],"_unit":[""],"_unit_base":[""],"_unit_product":[""],"_unit_price_auto":["no"],"_unit_price_regular":[""],"_unit_price":[""],"_unit_price_sale":[""],"_sale_price_label":[""],"_sale_price_regular_label":[""],"_mini_desc":["Louis Vuitton Montsouris MM Monogram Canvas Rucksack"],"_defect_description":[""],"_allergen_ids":["a:0:{}"],"_warranty_attachment_id":[""],"_min_age":[""],"_ts_gtin":[""],"_ts_mpn":[""],"_delivery_time_countries":["a:0:{}"],"_free_shipping":["no"],"_service":["no"],"_photovoltaic_system":["no"],"_used_good":["yes"],"_defective_copy":["no"],"_is_food":["no"],"_differential_taxation":["yes"],"_gzd_version":["3.13.3"],"_hs_code":[""],"_manufacture_country":["0"],"_rank_math_gtin_code":[""],"_fusion_google_fonts":[""],"fusion_builder_status":["active"],"rank_math_primary_product_cat":["0"],"_wcml_custom_prices_status":["1"],"avada_post_views_count":["19"],"avada_today_post_views_count":["3"],"avada_post_views_count_today_date":["10-04-2023"],"_sale_price_dates_to_USD":[""],"_sale_price_dates_from_USD":[""],"_sale_price_USD":[""],"_regular_price_USD":[""],"_wcml_schedule_USD":["0"],"_edit_lock":["1689081458:4"],"_edit_last":["4"],"_thumbnail_id":["22787"],"_product_image_gallery":["22787,22785,22783,22771,22781,22779,22777,22773,22775"],"yikes_woo_products_tabs":["a:2:{i:0;a:3:{s:5:\"title\";s:21:\"Weitere Informationen\";s:2:\"id\";s:21:\"weitere-informationen\";s:7:\"content\";s:506:\"<strong>Material au\u00dfen: <\/strong>Monogram Canvas und Rindsleder\r\n<strong>Material innen:<\/strong> braunes Textilinnenfutter\r\n<strong>Ma\u00dfe: <\/strong> 25 x 30 x 10 cm\r\n<strong>Date Code \/ Herstellungsjahr: <\/strong>SP0938\/ 1998\r\n<strong>SKU:<\/strong> M51136\r\n<strong>Lieferumfang:<\/strong> I Love Handbags Staubbeutel\r\n\r\nDer Versand erfolgt innerhalb von 1 bis 2 Werktagen.\r\n\r\nF\u00fcr dieses Produkt gilt die Differenzbesteuerung gem\u00e4\u00df \u00a7 25a UStG. Die Mehrwertsteuer wird somit nicht gesondert ausgewiesen.\";}i:1;a:3:{s:5:\"title\";s:7:\"Zustand\";s:2:\"id\";s:7:\"zustand\";s:7:\"content\";s:286:\"<strong>Gesamtzustand: <\/strong>gut\r\n<strong>Canvas: <\/strong>intakt\r\n<strong>Vachetta Leder:<\/strong> honigfarbene Patina mit Flecken und Kratzern\r\n<strong>Hardware:<\/strong> zum Teil leicht oxidiert, mit ein paar Gebrauchsspuren\r\n<strong>Innenraum: <\/strong>sauber mit wenigen Flecken\";}}"],"_deposit_type":[""],"_nutrient_ids":["a:0:{}"],"_nutrient_reference_value":["100g"],"_ingredients":[""],"_nutri_score":[""],"_alcohol_content":[""],"_drained_weight":[""],"_net_filling_quantity":[""],"_food_distributor":[""],"_food_description":[""],"_food_place_of_origin":[""],"_deposit_quantity":[""],"site-sidebar-layout":["default"],"site-content-layout":["default"],"theme-transparent-header-meta":["default"],"stick-header-meta":["default"],"_pys_conversion_label_settings":["a:3:{s:6:\"enable\";b:0;s:5:\"label\";s:0:\"\";s:2:\"id\";s:14:\"AW-11184563350\";}"],"_pys_super_pack_cpt_url":[""],"_pys_super_pack_cpt_condition":["only"],"_pys_super_pack_cpt_cart":["hidden"],"_woosea_brand":[""],"_woosea_mpn":[""],"_woosea_upc":[""],"_woosea_ean":[""],"_woosea_gtin":[""],"_woosea_color":[""],"_woosea_size":[""],"_woosea_gender":[""],"_woosea_material":[""],"_woosea_pattern":[""],"_woosea_optimized_title":[""],"_woosea_unit_pricing_measure":[""],"_woosea_unit_pricing_base_measure":[""],"_woosea_condition":[""],"_woosea_age_group":["adult"],"_woosea_installment_months":[""],"_woosea_installment_amount":[""],"_woosea_exclude_product":["no"],"_woosea_cost_of_good_sold":[""],"_woosea_multipack":[""],"_woosea_is_bundle":[""],"_woosea_energy_efficiency_class":[""],"_woosea_min_energy_efficiency_class":[""],"_woosea_max_energy_efficiency_class":[""],"_woosea_is_promotion":[""],"_woosea_custom_field_0":[""],"_woosea_custom_field_1":[""],"_woosea_custom_field_2":[""],"_woosea_custom_field_3":[""],"_woosea_custom_field_4":[""],"_pys_head_footer":["a:7:{s:14:\"disable_global\";b:0;s:8:\"head_any\";s:0:\"\";s:12:\"head_desktop\";s:0:\"\";s:11:\"head_mobile\";s:0:\"\";s:10:\"footer_any\";s:0:\"\";s:14:\"footer_desktop\";s:0:\"\";s:13:\"footer_mobile\";s:0:\"\";}"],"_product_attributes":["a:3:{s:8:\"pa_brand\";a:7:{s:4:\"name\";s:8:\"pa_brand\";s:5:\"value\";s:0:\"\";s:8:\"position\";i:1;s:10:\"is_visible\";i:0;s:12:\"is_variation\";i:1;s:11:\"is_taxonomy\";i:1;s:16:\"checkout_visible\";i:0;}s:8:\"pa_color\";a:7:{s:4:\"name\";s:8:\"pa_color\";s:5:\"value\";s:0:\"\";s:8:\"position\";i:2;s:10:\"is_visible\";i:0;s:12:\"is_variation\";i:1;s:11:\"is_taxonomy\";i:1;s:16:\"checkout_visible\";i:0;}s:9:\"pa_gender\";a:7:{s:4:\"name\";s:9:\"pa_gender\";s:5:\"value\";s:0:\"\";s:8:\"position\";i:3;s:10:\"is_visible\";i:0;s:12:\"is_variation\";i:1;s:11:\"is_taxonomy\";i:1;s:16:\"checkout_visible\";i:0;}}"],"_customs_description":[""],"_is_non_returnable":["no"],"_wpml_media_has_media":["1"],"litespeed_vpi_list":["a:3:{i:0;s:8:\"logo.png\";i:1;s:6:\"de.png\";i:2;s:67:\"Louis-Vuitton-Montsouris-Backpack-vorn-2023-0162-scaled-500x500.jpg\";}"],"_rank_math_video":["true"],"litespeed_vpi_list_mobile":["a:2:{i:0;s:8:\"logo.png\";i:1;s:67:\"Louis-Vuitton-Montsouris-Backpack-vorn-2023-0162-scaled-500x500.jpg\";}"],"rank_math_robots":["a:1:{i:0;s:5:\"index\";}"],"_izettle_image_lookup_key":["3kyncy1cEe-udXp3qLWasA-Hqnp1C1wEe-WSDCR0gNC_g"],"woocommerce_izettle_product_uuid":["1ead8566-2d70-11ef-a766-353536383939"],"woocommerce_izettle_variant_uuid":["1ead9c90-2d70-11ef-c051-353536383939"],"_izettle_updated":["1718714505"],"_wcml_average_rating":[null],"_wcml_review_count":[null],"_wcml_rating_count":[null],"_product_shipping_weight":["1kg"],"copied_media_ids":["a:0:{}"],"referenced_media_ids":["a:9:{i:0;i:22787;i:1;i:22785;i:2;i:22783;i:3;i:22771;i:4;i:22781;i:5;i:22779;i:6;i:22777;i:7;i:22773;i:8;i:22775;}"],"rank_math_analytic_object_id":["2509"],"_uag_page_assets":["a:9:{s:3:\"css\";s:0:\"\";s:2:\"js\";s:0:\"\";s:18:\"current_block_list\";a:6:{i:0;s:26:\"woocommerce\/filter-wrapper\";i:1;s:24:\"woocommerce\/price-filter\";i:2;s:30:\"woocommerce\/product-categories\";i:3;s:14:\"core\/paragraph\";i:4;s:14:\"core\/shortcode\";i:5;s:11:\"core\/search\";}s:8:\"uag_flag\";b:0;s:11:\"uag_version\";s:10:\"1778503291\";s:6:\"gfonts\";a:0:{}s:10:\"gfonts_url\";s:0:\"\";s:12:\"gfonts_files\";a:0:{}s:14:\"uag_faq_layout\";b:0;}"],"_wc_rating_count":[""]},"uagb_featured_image_src":{"full":["https:\/\/ilovehandbags.com\/wp-content\/uploads\/sites\/3\/Louis-Vuitton-Montsouris-Backpack-vorn-2023-0162-scaled.jpg",2560,2560,false],"thumbnail":["https:\/\/ilovehandbags.com\/wp-content\/uploads\/sites\/3\/Louis-Vuitton-Montsouris-Backpack-vorn-2023-0162-scaled-150x150.jpg",150,150,true],"medium":["https:\/\/ilovehandbags.com\/wp-content\/uploads\/sites\/3\/Louis-Vuitton-Montsouris-Backpack-vorn-2023-0162-scaled-300x300.jpg",300,300,true],"medium_large":["https:\/\/ilovehandbags.com\/wp-content\/uploads\/sites\/3\/Louis-Vuitton-Montsouris-Backpack-vorn-2023-0162-scaled-768x768.jpg",768,768,true],"large":["https:\/\/ilovehandbags.com\/wp-content\/uploads\/sites\/3\/Louis-Vuitton-Montsouris-Backpack-vorn-2023-0162-scaled-1024x1024.jpg",1024,1024,true],"1536x1536":["https:\/\/ilovehandbags.com\/wp-content\/uploads\/sites\/3\/Louis-Vuitton-Montsouris-Backpack-vorn-2023-0162-scaled.jpg",1536,1536,false],"2048x2048":["https:\/\/ilovehandbags.com\/wp-content\/uploads\/sites\/3\/Louis-Vuitton-Montsouris-Backpack-vorn-2023-0162-scaled.jpg",2048,2048,false],"woocommerce_thumbnail":["https:\/\/ilovehandbags.com\/wp-content\/uploads\/sites\/3\/Louis-Vuitton-Montsouris-Backpack-vorn-2023-0162-scaled-500x500.jpg",500,500,true],"woocommerce_single":["https:\/\/ilovehandbags.com\/wp-content\/uploads\/sites\/3\/Louis-Vuitton-Montsouris-Backpack-vorn-2023-0162-scaled-500x500.jpg",500,500,true],"woocommerce_gallery_thumbnail":["https:\/\/ilovehandbags.com\/wp-content\/uploads\/sites\/3\/Louis-Vuitton-Montsouris-Backpack-vorn-2023-0162-scaled-100x100.jpg",100,100,true]},"uagb_author_info":{"display_name":"ILoveHandbags","author_link":"https:\/\/ilovehandbags.com\/de\/author\/"},"uagb_comment_info":0,"uagb_excerpt":"Der Louis Vuitton Montsouris MM Rucksack wurde nach einem bekannten franz\u00f6sischen Park benannt. Das Modell ist zeitlos und praktisch. Die hohe Qualit\u00e4t der Materialien und Verarbeitung machen diesen Rucksack zu einem langlebigen Accessoire, das auch nach vielen Jahren noch modisch und funktional ist. Im Inneren befindet sich ein ger\u00e4umiges Hauptfach, das ausreichend Platz f\u00fcr pers\u00f6nliche&hellip;","_links":{"self":[{"href":"https:\/\/ilovehandbags.com\/de\/wp-json\/wp\/v2\/product\/22599","targetHints":{"allow":["GET"]}}],"collection":[{"href":"https:\/\/ilovehandbags.com\/de\/wp-json\/wp\/v2\/product"}],"about":[{"href":"https:\/\/ilovehandbags.com\/de\/wp-json\/wp\/v2\/types\/product"}],"wp:featuredmedia":[{"embeddable":true,"href":"https:\/\/ilovehandbags.com\/de\/wp-json\/wp\/v2\/media\/22787"}],"wp:attachment":[{"href":"https:\/\/ilovehandbags.com\/de\/wp-json\/wp\/v2\/media?parent=22599"}],"wp:term":[{"taxonomy":"product_brand","embeddable":true,"href":"https:\/\/ilovehandbags.com\/de\/wp-json\/wp\/v2\/product_brand?post=22599"},{"taxonomy":"product_cat","embeddable":true,"href":"https:\/\/ilovehandbags.com\/de\/wp-json\/wp\/v2\/product_cat?post=22599"},{"taxonomy":"product_tag","embeddable":true,"href":"https:\/\/ilovehandbags.com\/de\/wp-json\/wp\/v2\/product_tag?post=22599"}],"curies":[{"name":"wp","href":"https:\/\/api.w.org\/{rel}","templated":true}]}}