{"id":25902,"date":"2023-05-30T16:12:50","date_gmt":"2023-05-30T14:12:50","guid":{"rendered":"https:\/\/ilovehandbags.com\/?post_type=product&#038;p=25902"},"modified":"2024-11-25T18:37:44","modified_gmt":"2024-11-25T17:37:44","slug":"louis-vuitton-agenda-pm-epi-schwarz","status":"publish","type":"product","link":"https:\/\/ilovehandbags.com\/de\/louis-vuitton-agenda-pm-epi-schwarz\/","title":{"rendered":"Louis Vuitton Agenda PM Epi Schwarz"},"content":{"rendered":"","protected":false},"excerpt":{"rendered":"<p>Entdecke die vielseitige Welt der Louis Vuitton Agenda PM \u2013 Dein stilvoller Begleiter f\u00fcr Organisation und Eleganz. Diese kompakte Sch\u00f6nheit f\u00fcgt sich m\u00fchelos in deinen Alltag ein und erf\u00fcllt mehrere Funktionen mit Leichtigkeit. Nutze sie als Kalender, um wichtige Termine stets im Blick zu behalten. Oder verwandle sie in dein pers\u00f6nliches Notiz- und Adressbuch, um kreative Ideen und Kontakte an einem Ort festzuhalten. Die Louis Vuitton Agenda PM ist nicht nur funktional, sondern auch stilvoll \u2013 mit Platz f\u00fcr Karten, damit du auch unterwegs stets organisiert bist.<\/p>\n","protected":false},"featured_media":26028,"template":"","meta":{"_uag_custom_page_level_css":"","site-sidebar-layout":"default","site-content-layout":"default","ast-site-content-layout":"default","site-content-style":"default","site-sidebar-style":"default","ast-global-header-display":"","ast-banner-title-visibility":"","ast-main-header-display":"","ast-hfb-above-header-display":"","ast-hfb-below-header-display":"","ast-hfb-mobile-header-display":"","site-post-title":"","ast-breadcrumbs-content":"","ast-featured-img":"","footer-sml-layout":"","ast-disable-related-posts":"","theme-transparent-header-meta":"default","adv-header-id-meta":"","stick-header-meta":"default","header-above-stick-meta":"","header-main-stick-meta":"","header-below-stick-meta":"","astra-migrate-meta-layouts":"set","ast-page-background-enabled":"default","ast-page-background-meta":{"desktop":{"background-color":"var(--ast-global-color-4)","background-image":"","background-repeat":"repeat","background-position":"center center","background-size":"auto","background-attachment":"scroll","background-type":"","background-media":"","overlay-type":"","overlay-color":"","overlay-opacity":"","overlay-gradient":""},"tablet":{"background-color":"","background-image":"","background-repeat":"repeat","background-position":"center center","background-size":"auto","background-attachment":"scroll","background-type":"","background-media":"","overlay-type":"","overlay-color":"","overlay-opacity":"","overlay-gradient":""},"mobile":{"background-color":"","background-image":"","background-repeat":"repeat","background-position":"center center","background-size":"auto","background-attachment":"scroll","background-type":"","background-media":"","overlay-type":"","overlay-color":"","overlay-opacity":"","overlay-gradient":""}},"ast-content-background-meta":{"desktop":{"background-color":"var(--ast-global-color-5)","background-image":"","background-repeat":"repeat","background-position":"center center","background-size":"auto","background-attachment":"scroll","background-type":"","background-media":"","overlay-type":"","overlay-color":"","overlay-opacity":"","overlay-gradient":""},"tablet":{"background-color":"var(--ast-global-color-5)","background-image":"","background-repeat":"repeat","background-position":"center center","background-size":"auto","background-attachment":"scroll","background-type":"","background-media":"","overlay-type":"","overlay-color":"","overlay-opacity":"","overlay-gradient":""},"mobile":{"background-color":"var(--ast-global-color-5)","background-image":"","background-repeat":"repeat","background-position":"center center","background-size":"auto","background-attachment":"scroll","background-type":"","background-media":"","overlay-type":"","overlay-color":"","overlay-opacity":"","overlay-gradient":""}},"_glsr_average":0,"_glsr_ranking":0,"_glsr_reviews":0},"product_brand":[],"product_cat":[237,239,447,449],"product_tag":[214,386,385,505],"class_list":{"0":"post-25902","1":"product","2":"type-product","3":"status-publish","4":"has-post-thumbnail","6":"product_cat-kleinlederwaren","7":"product_cat-louis-vuitton","8":"product_cat-sale","9":"product_cat-bald-wieder-da","10":"product_tag-louis-vuitton","11":"product_tag-louis-vuitton-agenda","12":"product_tag-louis-vuitton-agenda-pm","13":"product_tag-louis-vuitton-r20092","14":"desktop-align-left","15":"tablet-align-left","16":"mobile-align-left","17":"ast-product-gallery-layout-first-image-large","18":"ast-magnify-disabled","19":"ast-product-tabs-layout-accordion","21":"first","22":"outofstock","23":"sale","24":"sold-individually","25":"taxable","26":"shipping-taxable","27":"purchasable","28":"product-type-simple"},"spectra_custom_meta":{"_wpml_media_featured":["1","1","1","1","1","1","1","1","1","1","1"],"_wpml_media_duplicate":["1","1","1","1","1","1","1","1","1","1","1"],"_sku":["P3-0230"],"_regular_price":["220"],"total_sales":["2"],"_tax_status":["taxable"],"_tax_class":[""],"_manage_stock":["yes"],"_backorders":["no"],"_sold_individually":["yes"],"_virtual":["no"],"_downloadable":["no"],"_download_limit":["-1"],"_download_expiry":["-1"],"_stock":["0"],"_stock_status":["outofstock"],"_wc_average_rating":[0],"_wc_review_count":["0"],"_product_version":["9.4.2"],"_price":["190"],"_wpml_word_count":["{\"total\":108,\"to_translate\":{\"en\":108}}"],"_wpml_location_migration_done":["1"],"_fusion":["a:3:{s:17:\"slider_visibility\";s:51:\"small-visibility,medium-visibility,large-visibility\";s:11:\"slider_type\";s:2:\"no\";s:9:\"wooslider\";s:1:\"0\";}"],"rank_math_seo_score":["82"],"rank_math_focus_keyword":["Louis Vuitton Agenda"],"_purchase_price_field":["98,91"],"_internal_warehouse_number_field":["2023-0230"],"_gdrive_field":["https:\/\/drive.google.com\/drive\/u\/2\/folders\/1HC_4TwvoycT76mZTFDdtsMv58yP_2VxZ"],"_unit":[""],"_unit_base":[""],"_unit_product":[""],"_unit_price_auto":["no"],"_unit_price_regular":[""],"_unit_price":[""],"_unit_price_sale":[""],"_sale_price_label":[""],"_sale_price_regular_label":[""],"_mini_desc":["Louis Vuitton Agenda PM Epi Schwarz"],"_defect_description":[""],"_allergen_ids":["a:0:{}"],"_warranty_attachment_id":[""],"_min_age":[""],"_ts_gtin":[""],"_ts_mpn":[""],"_delivery_time_countries":["a:0:{}"],"_free_shipping":["no"],"_service":["no"],"_photovoltaic_system":["no"],"_used_good":["yes"],"_defective_copy":["no"],"_is_food":["no"],"_differential_taxation":["no"],"_gzd_version":["3.18.4"],"_hs_code":[""],"_manufacture_country":["0"],"_rank_math_gtin_code":[""],"_fusion_google_fonts":[""],"fusion_builder_status":["active"],"rank_math_primary_product_cat":["0"],"_wcml_custom_prices_status":["0"],"avada_post_views_count":["49"],"avada_today_post_views_count":["1"],"avada_post_views_count_today_date":["13-04-2023"],"_deposit_type":[""],"_nutrient_ids":["a:0:{}"],"_nutrient_reference_value":["100g"],"_ingredients":[""],"_nutri_score":[""],"_alcohol_content":[""],"_drained_weight":[""],"_net_filling_quantity":[""],"_food_distributor":[""],"_food_description":[""],"_food_place_of_origin":[""],"_deposit_quantity":[""],"yikes_woo_products_tabs":["a:2:{i:0;a:3:{s:5:\"title\";s:21:\"Weitere Informationen\";s:2:\"id\";s:21:\"weitere-informationen\";s:7:\"content\";s:300:\"<strong>Material au\u00dfen: <\/strong>Epi Leder\r\n<strong>Material innen: <\/strong>schwarzes Rindsleder\r\n<strong>Ma\u00dfe: <\/strong>10 x 14.5 x 2 cm\r\n<strong>Date Code \/ Herstellungsjahr: <\/strong>SP0041 \/ 2001\r\n<strong>SKU:\u00a0<\/strong>R20005\r\n<strong>Lieferumfang: <\/strong>Original Louis Vuitton Staubbeutel\";}i:1;a:3:{s:5:\"title\";s:7:\"Zustand\";s:2:\"id\";s:7:\"zustand\";s:7:\"content\";s:265:\"<strong>Gesamtzustand: <\/strong>sehr gut\r\n<strong>Leder:\u00a0<\/strong>intakt mit wenigen Gebrauchsspuren wie z.B. Kratzern\r\n<strong>Br\u00fcnierung:\u00a0<\/strong>intakt, minimale Gebrauchsspuren\r\n<strong>Druckknopf:<\/strong> schlie\u00dft gut\r\n<strong>Innenraum:\u00a0<\/strong>sauber\";}}"],"site-sidebar-layout":["default"],"site-content-layout":["default"],"theme-transparent-header-meta":["default"],"stick-header-meta":["default"],"_edit_lock":["1732556286:4"],"_edit_last":["4"],"_thumbnail_id":["26028"],"_product_image_gallery":["26030,26028,26026,26024,26020,26022,26018,26016,26014,26012,26010,26008"],"_wp_old_date":["2023-04-30","2023-03-30"],"_pys_conversion_label_settings":["a:3:{s:6:\"enable\";b:0;s:5:\"label\";s:0:\"\";s:2:\"id\";s:14:\"AW-11184563350\";}"],"_pys_super_pack_cpt_url":[""],"_pys_super_pack_cpt_condition":["only"],"_pys_super_pack_cpt_cart":["hidden"],"_pys_head_footer":["a:7:{s:14:\"disable_global\";b:0;s:8:\"head_any\";s:0:\"\";s:12:\"head_desktop\";s:0:\"\";s:11:\"head_mobile\";s:0:\"\";s:10:\"footer_any\";s:0:\"\";s:14:\"footer_desktop\";s:0:\"\";s:13:\"footer_mobile\";s:0:\"\";}"],"_woosea_brand":[""],"_woosea_mpn":[""],"_woosea_upc":[""],"_woosea_ean":[""],"_woosea_gtin":[""],"_woosea_color":[""],"_woosea_size":[""],"_woosea_gender":[""],"_woosea_material":[""],"_woosea_pattern":[""],"_woosea_optimized_title":[""],"_woosea_unit_pricing_measure":[""],"_woosea_unit_pricing_base_measure":[""],"_woosea_condition":[""],"_woosea_age_group":["adult"],"_woosea_installment_months":[""],"_woosea_installment_amount":[""],"_woosea_exclude_product":["no"],"_woosea_cost_of_good_sold":[""],"_woosea_multipack":[""],"_woosea_is_bundle":[""],"_woosea_energy_efficiency_class":[""],"_woosea_min_energy_efficiency_class":[""],"_woosea_max_energy_efficiency_class":[""],"_woosea_is_promotion":[""],"_woosea_custom_field_0":[""],"_woosea_custom_field_1":[""],"_woosea_custom_field_2":[""],"_woosea_custom_field_3":[""],"_woosea_custom_field_4":[""],"_product_attributes":["a:3:{s:8:\"pa_brand\";a:7:{s:4:\"name\";s:8:\"pa_brand\";s:5:\"value\";s:0:\"\";s:8:\"position\";i:1;s:10:\"is_visible\";i:0;s:12:\"is_variation\";i:1;s:11:\"is_taxonomy\";i:1;s:16:\"checkout_visible\";i:0;}s:8:\"pa_color\";a:7:{s:4:\"name\";s:8:\"pa_color\";s:5:\"value\";s:0:\"\";s:8:\"position\";i:2;s:10:\"is_visible\";i:0;s:12:\"is_variation\";i:1;s:11:\"is_taxonomy\";i:1;s:16:\"checkout_visible\";i:0;}s:9:\"pa_gender\";a:7:{s:4:\"name\";s:9:\"pa_gender\";s:5:\"value\";s:0:\"\";s:8:\"position\";i:3;s:10:\"is_visible\";i:0;s:12:\"is_variation\";i:1;s:11:\"is_taxonomy\";i:1;s:16:\"checkout_visible\";i:0;}}"],"litespeed_vpi_list":["a:2:{i:0;s:8:\"logo.png\";i:1;s:66:\"Louis-Vuitton-Agenda-Epi-Schwarz-vorn-2023-0230-scaled-500x500.jpg\";}"],"_customs_description":[""],"_is_non_returnable":["no"],"_sale_price":["190"],"litespeed_vpi_list_mobile":["a:2:{i:0;s:8:\"logo.png\";i:1;s:66:\"Louis-Vuitton-Agenda-Epi-Schwarz-vorn-2023-0230-scaled-500x500.jpg\";}"],"_internal_date_code":["SP0041"],"_internal_product_origin":["Frankreich"],"_product_rating":["A"],"_wpml_media_has_media":["1"],"ast-site-content-layout":["default"],"site-content-style":["default"],"site-sidebar-style":["default"],"_rank_math_video":["true"],"rank_math_robots":["a:1:{i:0;s:5:\"index\";}"],"_customer_view":["13"],"_custom_view_last_updated":["2024-11-16 10:56:59"],"_not_in_inventory_checkbox":[""],"_shipping_length":[""],"_shipping_width":[""],"_shipping_height":[""],"_custom_html_content":[""],"_izettle_image_lookup_key":["3kyncy1cEe-udXp3qLWasA-v-H1Z5wuEe-FCSvSLhPrfQ"],"woocommerce_izettle_product_uuid":["217769fa-63d1-11ef-be08-353536383939"],"woocommerce_izettle_variant_uuid":["5fbad44c-2d6f-11ef-a1f3-353536383939"],"_izettle_updated":["1731719298"],"_izettle_barcode":["0290000259021"],"_izettle_product_etag":["634454D4FB917AEEC215607ABD446D01"],"_izettle_nosync":[""],"_izettle_cost_price":[""],"_izettle_special_price":[""],"_izettle_product_name":[""],"_zettle_product_cat_id":[""],"_product_shipping_weight":["1kg"],"_manufacturer_slug":[""],"_safety_attachment_ids":["a:0:{}"],"_nickx_video_text_url":["a:1:{i:0;s:0:\"\";}"],"_nickx_product_video_type":["a:1:{i:0;s:23:\"nickx_video_url_youtube\";}"],"_nickx_product_video_thumb_ids":["a:1:{i:0;s:0:\"\";}"],"_product_available_from_field":[""],"_wcml_average_rating":[null],"_wcml_review_count":[null],"_wcml_rating_count":[null],"astra-migrate-meta-layouts":["set"],"copied_media_ids":["a:0:{}"],"referenced_media_ids":["a:12:{i:0;i:26028;i:1;i:26030;i:2;i:26026;i:3;i:26024;i:4;i:26020;i:5;i:26022;i:6;i:26018;i:7;i:26016;i:8;i:26014;i:9;i:26012;i:10;i:26010;i:11;i:26008;}"],"rank_math_analytic_object_id":["2337"],"_wc_rating_count":[""]},"uagb_featured_image_src":{"full":["https:\/\/ilovehandbags.com\/wp-content\/uploads\/sites\/3\/Louis-Vuitton-Agenda-Epi-Schwarz-vorn-2023-0230-scaled.jpg",2560,2560,false],"thumbnail":["https:\/\/ilovehandbags.com\/wp-content\/uploads\/sites\/3\/Louis-Vuitton-Agenda-Epi-Schwarz-vorn-2023-0230-scaled-150x150.jpg",150,150,true],"medium":["https:\/\/ilovehandbags.com\/wp-content\/uploads\/sites\/3\/Louis-Vuitton-Agenda-Epi-Schwarz-vorn-2023-0230-scaled-300x300.jpg",300,300,true],"medium_large":["https:\/\/ilovehandbags.com\/wp-content\/uploads\/sites\/3\/Louis-Vuitton-Agenda-Epi-Schwarz-vorn-2023-0230-scaled-768x768.jpg",768,768,true],"large":["https:\/\/ilovehandbags.com\/wp-content\/uploads\/sites\/3\/Louis-Vuitton-Agenda-Epi-Schwarz-vorn-2023-0230-scaled-1024x1024.jpg",1024,1024,true],"1536x1536":["https:\/\/ilovehandbags.com\/wp-content\/uploads\/sites\/3\/Louis-Vuitton-Agenda-Epi-Schwarz-vorn-2023-0230-scaled.jpg",1536,1536,false],"2048x2048":["https:\/\/ilovehandbags.com\/wp-content\/uploads\/sites\/3\/Louis-Vuitton-Agenda-Epi-Schwarz-vorn-2023-0230-scaled.jpg",2048,2048,false],"woocommerce_thumbnail":["https:\/\/ilovehandbags.com\/wp-content\/uploads\/sites\/3\/Louis-Vuitton-Agenda-Epi-Schwarz-vorn-2023-0230-scaled-500x500.jpg",500,500,true],"woocommerce_single":["https:\/\/ilovehandbags.com\/wp-content\/uploads\/sites\/3\/Louis-Vuitton-Agenda-Epi-Schwarz-vorn-2023-0230-scaled-500x500.jpg",500,500,true],"woocommerce_gallery_thumbnail":["https:\/\/ilovehandbags.com\/wp-content\/uploads\/sites\/3\/Louis-Vuitton-Agenda-Epi-Schwarz-vorn-2023-0230-scaled-100x100.jpg",100,100,true]},"uagb_author_info":{"display_name":"ILoveHandbags","author_link":"https:\/\/ilovehandbags.com\/de\/author\/"},"uagb_comment_info":0,"uagb_excerpt":"Entdecke die vielseitige Welt der Louis Vuitton Agenda PM \u2013 Dein stilvoller Begleiter f\u00fcr Organisation und Eleganz. Diese kompakte Sch\u00f6nheit f\u00fcgt sich m\u00fchelos in deinen Alltag ein und erf\u00fcllt mehrere Funktionen mit Leichtigkeit. Nutze sie als Kalender, um wichtige Termine stets im Blick zu behalten. Oder verwandle sie in dein pers\u00f6nliches Notiz- und Adressbuch, um&hellip;","_links":{"self":[{"href":"https:\/\/ilovehandbags.com\/de\/wp-json\/wp\/v2\/product\/25902","targetHints":{"allow":["GET"]}}],"collection":[{"href":"https:\/\/ilovehandbags.com\/de\/wp-json\/wp\/v2\/product"}],"about":[{"href":"https:\/\/ilovehandbags.com\/de\/wp-json\/wp\/v2\/types\/product"}],"wp:featuredmedia":[{"embeddable":true,"href":"https:\/\/ilovehandbags.com\/de\/wp-json\/wp\/v2\/media\/26028"}],"wp:attachment":[{"href":"https:\/\/ilovehandbags.com\/de\/wp-json\/wp\/v2\/media?parent=25902"}],"wp:term":[{"taxonomy":"product_brand","embeddable":true,"href":"https:\/\/ilovehandbags.com\/de\/wp-json\/wp\/v2\/product_brand?post=25902"},{"taxonomy":"product_cat","embeddable":true,"href":"https:\/\/ilovehandbags.com\/de\/wp-json\/wp\/v2\/product_cat?post=25902"},{"taxonomy":"product_tag","embeddable":true,"href":"https:\/\/ilovehandbags.com\/de\/wp-json\/wp\/v2\/product_tag?post=25902"}],"curies":[{"name":"wp","href":"https:\/\/api.w.org\/{rel}","templated":true}]}}