{"id":28245,"date":"2023-06-23T11:05:24","date_gmt":"2023-06-23T09:05:24","guid":{"rendered":"https:\/\/ilovehandbags.com\/?post_type=product&#038;p=28245"},"modified":"2025-02-18T21:09:55","modified_gmt":"2025-02-18T20:09:55","slug":"louis-vuitton-alma-pm-murakami-multicolor-weiss","status":"publish","type":"product","link":"https:\/\/ilovehandbags.com\/de\/louis-vuitton-alma-pm-murakami-multicolor-weiss\/","title":{"rendered":"Louis Vuitton Alma PM Murakami Multicolor wei\u00df"},"content":{"rendered":"","protected":false},"excerpt":{"rendered":"<p>Liebst du stilvolle Accessoires, die deinem Outfit einen Hauch von Luxus verleihen? Dann ist die Louis Vuitton Alma PM aus der exklusiven Takashi Murakami Multicolor Kollektion genau das Richtige f\u00fcr dich! Diese ikonische Handtasche verk\u00f6rpert zeitlose Eleganz und Praktikabilit\u00e4t und ist perfekt f\u00fcr jede Gelegenheit. Die Louis Vuitton Alma PM ist mehr als nur eine Tasche \u2013 sie ist ein Statement. Ihr edles Design und die hochwertige Verarbeitung machen sie zu einem langlebigen Begleiter, der auch nach Jahren noch modisch und funktional ist. Mit ihrem ger\u00e4umigen Hauptfach bietet sie ausreichend Platz f\u00fcr all deine pers\u00f6nlichen Gegenst\u00e4nde wie Geldb\u00f6rse, Schl\u00fcssel, Handy und Kosmetiktasche. Trage die Alma PM stolz zu jedem Anlass und genie\u00dfe die bewundernden Blicke, die du damit erntest. Diese Tasche ist nicht nur ein Accessoire, sondern ein Symbol f\u00fcr deinen einzigartigen Stil und deine Vorliebe f\u00fcr zeitlose Eleganz.<\/p>\n","protected":false},"featured_media":28284,"template":"","meta":{"_uag_custom_page_level_css":"","site-sidebar-layout":"default","site-content-layout":"default","ast-site-content-layout":"default","site-content-style":"default","site-sidebar-style":"default","ast-global-header-display":"","ast-banner-title-visibility":"","ast-main-header-display":"","ast-hfb-above-header-display":"","ast-hfb-below-header-display":"","ast-hfb-mobile-header-display":"","site-post-title":"","ast-breadcrumbs-content":"","ast-featured-img":"","footer-sml-layout":"","ast-disable-related-posts":"","theme-transparent-header-meta":"default","adv-header-id-meta":"","stick-header-meta":"default","header-above-stick-meta":"","header-main-stick-meta":"","header-below-stick-meta":"","astra-migrate-meta-layouts":"set","ast-page-background-enabled":"default","ast-page-background-meta":{"desktop":{"background-color":"var(--ast-global-color-4)","background-image":"","background-repeat":"repeat","background-position":"center center","background-size":"auto","background-attachment":"scroll","background-type":"","background-media":"","overlay-type":"","overlay-color":"","overlay-opacity":"","overlay-gradient":""},"tablet":{"background-color":"","background-image":"","background-repeat":"repeat","background-position":"center center","background-size":"auto","background-attachment":"scroll","background-type":"","background-media":"","overlay-type":"","overlay-color":"","overlay-opacity":"","overlay-gradient":""},"mobile":{"background-color":"","background-image":"","background-repeat":"repeat","background-position":"center center","background-size":"auto","background-attachment":"scroll","background-type":"","background-media":"","overlay-type":"","overlay-color":"","overlay-opacity":"","overlay-gradient":""}},"ast-content-background-meta":{"desktop":{"background-color":"var(--ast-global-color-5)","background-image":"","background-repeat":"repeat","background-position":"center center","background-size":"auto","background-attachment":"scroll","background-type":"","background-media":"","overlay-type":"","overlay-color":"","overlay-opacity":"","overlay-gradient":""},"tablet":{"background-color":"var(--ast-global-color-5)","background-image":"","background-repeat":"repeat","background-position":"center center","background-size":"auto","background-attachment":"scroll","background-type":"","background-media":"","overlay-type":"","overlay-color":"","overlay-opacity":"","overlay-gradient":""},"mobile":{"background-color":"var(--ast-global-color-5)","background-image":"","background-repeat":"repeat","background-position":"center center","background-size":"auto","background-attachment":"scroll","background-type":"","background-media":"","overlay-type":"","overlay-color":"","overlay-opacity":"","overlay-gradient":""}},"_glsr_average":0,"_glsr_ranking":0,"_glsr_reviews":0},"product_brand":[],"product_cat":[208,448,239,447,205,451,449],"product_tag":[933,907,214,332,333,592,465],"class_list":{"0":"post-28245","1":"product","2":"type-product","3":"status-publish","4":"has-post-thumbnail","6":"product_cat-handtaschen","7":"product_cat-limited-editions","8":"product_cat-louis-vuitton","9":"product_cat-sale","10":"product_cat-tragetaschen","11":"product_cat-vintage","12":"product_cat-bald-wieder-da","13":"product_tag-black-week","14":"product_tag-handbag-day","15":"product_tag-louis-vuitton","16":"product_tag-louis-vuitton-alma","17":"product_tag-louis-vuitton-alma-pm","18":"product_tag-louis-vuitton-m92647","19":"product_tag-louis-vuitton-multicolor","20":"desktop-align-left","21":"tablet-align-left","22":"mobile-align-left","23":"ast-product-gallery-layout-first-image-large","24":"ast-magnify-disabled","25":"ast-product-tabs-layout-accordion","27":"first","28":"outofstock","29":"sale","30":"sold-individually","31":"purchasable","32":"product-type-simple"},"spectra_custom_meta":{"_wpml_media_featured":["1","1","1","1","1","1"],"_wpml_media_duplicate":["1","1","1","1","1","1"],"_sku":["P3-0258"],"_regular_price":["1150"],"total_sales":["1"],"_tax_status":["none"],"_tax_class":[""],"_manage_stock":["yes"],"_backorders":["no"],"_sold_individually":["yes"],"_virtual":["no"],"_downloadable":["no"],"_product_image_gallery":["28252,28284,28282,28276,28278,28274,28272,28270,28268,28264,28256,28260,28258,28254,28266,28248,28250,28262,28246"],"_download_limit":["-1"],"_download_expiry":["-1"],"_thumbnail_id":["28284"],"_stock":["0"],"_stock_status":["outofstock"],"_wc_average_rating":[0],"_wc_review_count":["0"],"_product_attributes":["a:3:{s:8:\"pa_brand\";a:7:{s:4:\"name\";s:8:\"pa_brand\";s:5:\"value\";s:0:\"\";s:8:\"position\";i:1;s:10:\"is_visible\";i:0;s:12:\"is_variation\";i:0;s:11:\"is_taxonomy\";i:1;s:16:\"checkout_visible\";i:0;}s:8:\"pa_color\";a:7:{s:4:\"name\";s:8:\"pa_color\";s:5:\"value\";s:0:\"\";s:8:\"position\";i:2;s:10:\"is_visible\";i:0;s:12:\"is_variation\";i:0;s:11:\"is_taxonomy\";i:1;s:16:\"checkout_visible\";i:0;}s:9:\"pa_gender\";a:7:{s:4:\"name\";s:9:\"pa_gender\";s:5:\"value\";s:0:\"\";s:8:\"position\";i:3;s:10:\"is_visible\";i:0;s:12:\"is_variation\";i:0;s:11:\"is_taxonomy\";i:1;s:16:\"checkout_visible\";i:0;}}"],"_product_version":["9.6.2"],"_price":["1050"],"_wpml_word_count":["{\"total\":164,\"to_translate\":{\"en\":164}}"],"_wpml_location_migration_done":["1"],"_fusion":["a:3:{s:17:\"slider_visibility\";s:51:\"small-visibility,medium-visibility,large-visibility\";s:11:\"slider_type\";s:2:\"no\";s:9:\"wooslider\";s:1:\"0\";}"],"rank_math_seo_score":["77"],"rank_math_focus_keyword":["Louis Vuitton Alma PM"],"_purchase_price_field":["810"],"_internal_warehouse_number_field":["2023-0258"],"_gdrive_field":["https:\/\/drive.google.com\/drive\/u\/2\/folders\/18dVPsmaOf8JAE166gtFJfv7H27xgAn3v"],"_unit":[""],"_unit_base":[""],"_unit_product":[""],"_unit_price_auto":["no"],"_unit_price_regular":[""],"_unit_price":[""],"_unit_price_sale":[""],"_sale_price_label":[""],"_sale_price_regular_label":[""],"_mini_desc":["Louis Vuitton Alma PM Murakami Multicolor wei\u00df"],"_defect_description":[""],"_allergen_ids":["a:0:{}"],"_warranty_attachment_id":[""],"_min_age":[""],"_ts_gtin":[""],"_ts_mpn":[""],"_delivery_time_countries":["a:0:{}"],"_free_shipping":["no"],"_service":["no"],"_photovoltaic_system":["no"],"_used_good":["yes"],"_defective_copy":["no"],"_is_food":["no"],"_differential_taxation":["yes"],"_gzd_version":["3.18.7"],"_hs_code":[""],"_manufacture_country":["0"],"_rank_math_gtin_code":["M92647"],"_fusion_google_fonts":[""],"fusion_builder_status":["active"],"rank_math_primary_product_cat":["0"],"_wcml_custom_prices_status":["1"],"avada_post_views_count":["14"],"avada_today_post_views_count":["1"],"avada_post_views_count_today_date":["08-04-2023"],"_sale_price_dates_to_USD":[""],"_sale_price_dates_from_USD":[""],"_sale_price_USD":[""],"_regular_price_USD":[""],"_wcml_schedule_USD":["0"],"yikes_woo_products_tabs":["a:2:{i:0;a:3:{s:5:\"title\";s:21:\"Weitere Informationen\";s:2:\"id\";s:21:\"weitere-informationen\";s:7:\"content\";s:396:\"<strong>Material au\u00dfen: <\/strong>Monogram Canvas mit Multicolor Aufdruck, Griffe und Boden aus Rindsleder\r\n<strong>Material innen:<\/strong> rotes Textilinnenfutter\r\n<strong>Ma\u00dfe:<\/strong> (B) 32 x (H) 24 x (T) 15 cm\r\n<strong>Date Code \/ Herstellungsjahr: <\/strong>FL0033 \/ 2003\r\n<strong>SKU: <\/strong>M92647\r\n<strong>Lieferumfang: <\/strong>Original Louis Vuitton\u00a0Staubbeutel<strong>\r\n<\/strong>\";}i:1;a:3:{s:5:\"title\";s:7:\"Zustand\";s:2:\"id\";s:7:\"zustand\";s:7:\"content\";s:499:\"<strong>Gesamtzustand: <\/strong>sehr gut\r\n<strong>Canvas: <\/strong>intakt mit nur minimalen Gebrauchsspuren, untere Seiteninnenteile verf\u00e4rbt (bekanntes LV Problem bei diesem Modell), werden durch den Rei\u00dfverschluss jedoch verdeckt\r\n<strong>Vachetta Leder:<\/strong> helle Patina mit wenigen Flecken und Kratzern\r\n<strong>Rei\u00dfverschluss: <\/strong>schlie\u00dft einwandfrei\r\n<strong>Hardware: <\/strong>nicht oxidiert, mit ein paar Gebrauchsspuren\r\n<strong>Innenraum: <\/strong>sauber mit wenigen Flecken\";}}"],"_deposit_type":[""],"_nutrient_ids":["a:0:{}"],"_nutrient_reference_value":["100g"],"_ingredients":[""],"_nutri_score":[""],"_alcohol_content":[""],"_drained_weight":[""],"_net_filling_quantity":[""],"_food_distributor":[""],"_food_description":[""],"_food_place_of_origin":[""],"_deposit_quantity":[""],"site-sidebar-layout":["default"],"site-content-layout":["default"],"theme-transparent-header-meta":["default"],"stick-header-meta":["default"],"_pys_conversion_label_settings":["a:3:{s:6:\"enable\";b:0;s:5:\"label\";s:0:\"\";s:2:\"id\";s:14:\"AW-11184563350\";}"],"_pys_super_pack_cpt_url":[""],"_pys_super_pack_cpt_condition":["only"],"_pys_super_pack_cpt_cart":["hidden"],"_woosea_brand":[""],"_woosea_mpn":[""],"_woosea_upc":[""],"_woosea_ean":[""],"_woosea_gtin":[""],"_woosea_color":[""],"_woosea_size":[""],"_woosea_gender":[""],"_woosea_material":[""],"_woosea_pattern":[""],"_woosea_optimized_title":[""],"_woosea_unit_pricing_measure":[""],"_woosea_unit_pricing_base_measure":[""],"_woosea_condition":[""],"_woosea_age_group":["adult"],"_woosea_installment_months":[""],"_woosea_installment_amount":[""],"_woosea_exclude_product":["no"],"_woosea_cost_of_good_sold":[""],"_woosea_multipack":[""],"_woosea_is_bundle":[""],"_woosea_energy_efficiency_class":[""],"_woosea_min_energy_efficiency_class":[""],"_woosea_max_energy_efficiency_class":[""],"_woosea_is_promotion":[""],"_woosea_custom_field_0":[""],"_woosea_custom_field_1":[""],"_woosea_custom_field_2":[""],"_woosea_custom_field_3":[""],"_woosea_custom_field_4":[""],"_pys_head_footer":["a:7:{s:14:\"disable_global\";b:0;s:8:\"head_any\";s:0:\"\";s:12:\"head_desktop\";s:0:\"\";s:11:\"head_mobile\";s:0:\"\";s:10:\"footer_any\";s:0:\"\";s:14:\"footer_desktop\";s:0:\"\";s:13:\"footer_mobile\";s:0:\"\";}"],"_customs_description":[""],"_is_non_returnable":["no"],"_edit_lock":["1739972160:4"],"_edit_last":["4"],"ast-site-content-layout":["default"],"site-content-style":["default"],"site-sidebar-style":["default"],"litespeed_vpi_list":["a:4:{i:0;s:8:\"logo.png\";i:1;s:6:\"de.png\";i:2;s:48:\"PhotoRoom_001_20230623_093503-scaled-500x500.jpg\";i:3;s:35:\"three-o-clock-clock-svgrepo-com.svg\";}"],"_internal_date_code":[""],"_internal_product_origin":[""],"_wpml_media_has_media":["1"],"_sale_price_dates_to_CHF":[""],"_sale_price_dates_from_CHF":[""],"_sale_price_CHF":[""],"_regular_price_CHF":[""],"_wcml_schedule_CHF":["0"],"_sale_price_dates_to_GBP":[""],"_sale_price_dates_from_GBP":[""],"_sale_price_GBP":[""],"_regular_price_GBP":[""],"_wcml_schedule_GBP":["0"],"litespeed_vpi_list_mobile":["a:2:{i:0;s:8:\"logo.png\";i:1;s:48:\"PhotoRoom_001_20230623_093503-scaled-500x500.jpg\";}"],"_product_rating":["A"],"rank_math_robots":["a:1:{i:0;s:5:\"index\";}"],"_customer_view":["19"],"_custom_view_last_updated":["2024-11-15 22:33:56"],"_not_in_inventory_checkbox":[""],"_shipping_length":[""],"_shipping_width":[""],"_shipping_height":[""],"_custom_html_content":[""],"_izettle_image_lookup_key":["3kyncy1cEe-udXp3qLWasA-s0HgG5wuEe-zulB6mkzkHQ"],"woocommerce_izettle_product_uuid":["21db87a0-63d1-11ef-a7d9-353536383939"],"woocommerce_izettle_variant_uuid":["20749b88-2d6f-11ef-c0ca-353536383939"],"_izettle_updated":["1731632773"],"_izettle_barcode":["0290000282456"],"_izettle_product_etag":["AF10F3B82AD874F516FD85214AE4B619"],"_izettle_nosync":[""],"_izettle_cost_price":[""],"_izettle_special_price":[""],"_izettle_product_name":[""],"_zettle_product_cat_id":[""],"_sale_price":["1050"],"_product_shipping_weight":["1kg"],"_manufacturer_slug":[""],"_safety_attachment_ids":["a:0:{}"],"_nickx_video_text_url":["a:1:{i:0;s:0:\"\";}"],"_nickx_product_video_type":["a:1:{i:0;s:23:\"nickx_video_url_youtube\";}"],"_nickx_product_video_thumb_ids":["a:1:{i:0;s:0:\"\";}"],"_product_available_from_field":[""],"_safety_instructions":[""],"_wireless_electronic_device":["no"],"_device_contains_power_supply":["no"],"_device_charging_supports_usb_pd":["no"],"_device_charging_watt_min":["0"],"_device_charging_watt_max":["0"],"rank_math_primary_product_brand":["0"],"_product_reserve_till_field":[""],"_wcml_average_rating":[null],"_wcml_review_count":[null],"_wcml_rating_count":[null],"_price_USD":[null],"_price_CHF":[null],"_price_GBP":[null],"astra-migrate-meta-layouts":["set"],"copied_media_ids":["a:0:{}"],"referenced_media_ids":["a:19:{i:0;i:28284;i:1;i:28252;i:2;i:28282;i:3;i:28276;i:4;i:28278;i:5;i:28274;i:6;i:28272;i:7;i:28270;i:8;i:28268;i:9;i:28264;i:10;i:28256;i:11;i:28260;i:12;i:28258;i:13;i:28254;i:14;i:28266;i:15;i:28248;i:16;i:28250;i:17;i:28262;i:18;i:28246;}"],"rank_math_analytic_object_id":["2289"],"_uag_page_assets":["a:9:{s:3:\"css\";s:0:\"\";s:2:\"js\";s:0:\"\";s:18:\"current_block_list\";a:6:{i:0;s:26:\"woocommerce\/filter-wrapper\";i:1;s:24:\"woocommerce\/price-filter\";i:2;s:30:\"woocommerce\/product-categories\";i:3;s:14:\"core\/paragraph\";i:4;s:14:\"core\/shortcode\";i:5;s:11:\"core\/search\";}s:8:\"uag_flag\";b:0;s:11:\"uag_version\";s:10:\"1778668023\";s:6:\"gfonts\";a:0:{}s:10:\"gfonts_url\";s:0:\"\";s:12:\"gfonts_files\";a:0:{}s:14:\"uag_faq_layout\";b:0;}"],"_wc_rating_count":[""]},"uagb_featured_image_src":{"full":["https:\/\/ilovehandbags.com\/wp-content\/uploads\/sites\/3\/PhotoRoom_001_20230623_093503-scaled.jpg",1920,2560,false],"thumbnail":["https:\/\/ilovehandbags.com\/wp-content\/uploads\/sites\/3\/PhotoRoom_001_20230623_093503-scaled-150x150.jpg",150,150,true],"medium":["https:\/\/ilovehandbags.com\/wp-content\/uploads\/sites\/3\/PhotoRoom_001_20230623_093503-scaled-300x300.jpg",300,300,true],"medium_large":["https:\/\/ilovehandbags.com\/wp-content\/uploads\/sites\/3\/PhotoRoom_001_20230623_093503-scaled-768x768.jpg",768,768,true],"large":["https:\/\/ilovehandbags.com\/wp-content\/uploads\/sites\/3\/PhotoRoom_001_20230623_093503-scaled-1024x1024.jpg",1024,1024,true],"1536x1536":["https:\/\/ilovehandbags.com\/wp-content\/uploads\/sites\/3\/PhotoRoom_001_20230623_093503-scaled.jpg",1152,1536,false],"2048x2048":["https:\/\/ilovehandbags.com\/wp-content\/uploads\/sites\/3\/PhotoRoom_001_20230623_093503-scaled.jpg",1536,2048,false],"woocommerce_thumbnail":["https:\/\/ilovehandbags.com\/wp-content\/uploads\/sites\/3\/PhotoRoom_001_20230623_093503-scaled-500x500.jpg",500,500,true],"woocommerce_single":["https:\/\/ilovehandbags.com\/wp-content\/uploads\/sites\/3\/PhotoRoom_001_20230623_093503-scaled-500x500.jpg",500,500,true],"woocommerce_gallery_thumbnail":["https:\/\/ilovehandbags.com\/wp-content\/uploads\/sites\/3\/PhotoRoom_001_20230623_093503-scaled-100x100.jpg",100,100,true]},"uagb_author_info":{"display_name":"ILoveHandbags","author_link":"https:\/\/ilovehandbags.com\/de\/author\/"},"uagb_comment_info":0,"uagb_excerpt":"Liebst du stilvolle Accessoires, die deinem Outfit einen Hauch von Luxus verleihen? Dann ist die Louis Vuitton Alma PM aus der exklusiven Takashi Murakami Multicolor Kollektion genau das Richtige f\u00fcr dich! Diese ikonische Handtasche verk\u00f6rpert zeitlose Eleganz und Praktikabilit\u00e4t und ist perfekt f\u00fcr jede Gelegenheit. Die Louis Vuitton Alma PM ist mehr als nur eine&hellip;","_links":{"self":[{"href":"https:\/\/ilovehandbags.com\/de\/wp-json\/wp\/v2\/product\/28245","targetHints":{"allow":["GET"]}}],"collection":[{"href":"https:\/\/ilovehandbags.com\/de\/wp-json\/wp\/v2\/product"}],"about":[{"href":"https:\/\/ilovehandbags.com\/de\/wp-json\/wp\/v2\/types\/product"}],"wp:featuredmedia":[{"embeddable":true,"href":"https:\/\/ilovehandbags.com\/de\/wp-json\/wp\/v2\/media\/28284"}],"wp:attachment":[{"href":"https:\/\/ilovehandbags.com\/de\/wp-json\/wp\/v2\/media?parent=28245"}],"wp:term":[{"taxonomy":"product_brand","embeddable":true,"href":"https:\/\/ilovehandbags.com\/de\/wp-json\/wp\/v2\/product_brand?post=28245"},{"taxonomy":"product_cat","embeddable":true,"href":"https:\/\/ilovehandbags.com\/de\/wp-json\/wp\/v2\/product_cat?post=28245"},{"taxonomy":"product_tag","embeddable":true,"href":"https:\/\/ilovehandbags.com\/de\/wp-json\/wp\/v2\/product_tag?post=28245"}],"curies":[{"name":"wp","href":"https:\/\/api.w.org\/{rel}","templated":true}]}}