{"id":29146,"date":"2023-07-12T12:31:43","date_gmt":"2023-07-12T10:31:43","guid":{"rendered":"https:\/\/ilovehandbags.com\/?post_type=product&#038;p=29146"},"modified":"2025-12-30T11:53:56","modified_gmt":"2025-12-30T10:53:56","slug":"leder-zugband-fuer-louis-vuitton-noe-montsouris","status":"publish","type":"product","link":"https:\/\/ilovehandbags.com\/de\/leder-zugband-fuer-louis-vuitton-noe-montsouris\/","title":{"rendered":"Leder Zugband f\u00fcr Noe und Montsouris"},"content":{"rendered":"","protected":false},"excerpt":{"rendered":"<p data-start=\"168\" data-end=\"312\">Entdecke das handgefertigte Zugband von I Love Handbags \u2013 gefertigt aus hochwertigem Rindsleder f\u00fcr einen stilvollen Look. Es wird klassisch durch einen Knoten verschlossen und passt perfekt zu Modellen wie der Louis Vuitton No\u00e9 BB, der Petit No\u00e9 und dem Montsouris Rucksack.\u00a0 Unser Zugband ist in <strong>zwei L\u00e4ngen erh\u00e4ltlich<\/strong>. W\u00e4hle zwischen der k\u00fcrzeren Variante ohne Zugbandstopper in 90 cm oder der l\u00e4ngeren Variante mit 99 cm, ideal wenn du ein l\u00e4ngeres Zugband bevorzugst und auf den Zugbandstopper Wert legst (<a href=\"https:\/\/ilovehandbags.com\/de\/leder-zugband-mit-stopper-fuer-noe-und-montsouris\/\">Artikel-Nr. P4-0510<\/a>)<br \/>\n<strong data-start=\"1056\" data-end=\"1068\"><br \/>\nHinweis:<\/strong> Dieses Produkt stammt nicht von Louis Vuitton und ist kein Originalzubeh\u00f6r der Marke. Es handelt sich um ein hochwertiges, handgefertigtes Produkt von I Love Handbags, das mit bestimmten Louis Vuitton Modellen kompatibel ist.<\/p>\n","protected":false},"featured_media":29175,"template":"","meta":{"_uag_custom_page_level_css":"","site-sidebar-layout":"default","site-content-layout":"default","ast-site-content-layout":"default","site-content-style":"default","site-sidebar-style":"default","ast-global-header-display":"","ast-banner-title-visibility":"","ast-main-header-display":"","ast-hfb-above-header-display":"","ast-hfb-below-header-display":"","ast-hfb-mobile-header-display":"","site-post-title":"","ast-breadcrumbs-content":"","ast-featured-img":"","footer-sml-layout":"","ast-disable-related-posts":"","theme-transparent-header-meta":"default","adv-header-id-meta":"","stick-header-meta":"default","header-above-stick-meta":"","header-main-stick-meta":"","header-below-stick-meta":"","astra-migrate-meta-layouts":"set","ast-page-background-enabled":"default","ast-page-background-meta":{"desktop":{"background-color":"var(--ast-global-color-4)","background-image":"","background-repeat":"repeat","background-position":"center center","background-size":"auto","background-attachment":"scroll","background-type":"","background-media":"","overlay-type":"","overlay-color":"","overlay-opacity":"","overlay-gradient":""},"tablet":{"background-color":"","background-image":"","background-repeat":"repeat","background-position":"center center","background-size":"auto","background-attachment":"scroll","background-type":"","background-media":"","overlay-type":"","overlay-color":"","overlay-opacity":"","overlay-gradient":""},"mobile":{"background-color":"","background-image":"","background-repeat":"repeat","background-position":"center center","background-size":"auto","background-attachment":"scroll","background-type":"","background-media":"","overlay-type":"","overlay-color":"","overlay-opacity":"","overlay-gradient":""}},"ast-content-background-meta":{"desktop":{"background-color":"var(--ast-global-color-5)","background-image":"","background-repeat":"repeat","background-position":"center center","background-size":"auto","background-attachment":"scroll","background-type":"","background-media":"","overlay-type":"","overlay-color":"","overlay-opacity":"","overlay-gradient":""},"tablet":{"background-color":"var(--ast-global-color-5)","background-image":"","background-repeat":"repeat","background-position":"center center","background-size":"auto","background-attachment":"scroll","background-type":"","background-media":"","overlay-type":"","overlay-color":"","overlay-opacity":"","overlay-gradient":""},"mobile":{"background-color":"var(--ast-global-color-5)","background-image":"","background-repeat":"repeat","background-position":"center center","background-size":"auto","background-attachment":"scroll","background-type":"","background-media":"","overlay-type":"","overlay-color":"","overlay-opacity":"","overlay-gradient":""}},"_glsr_average":0,"_glsr_ranking":0,"_glsr_reviews":0},"product_brand":[],"product_cat":[236],"product_tag":[1225,1227,1228,1230,1226],"class_list":{"0":"post-29146","1":"product","2":"type-product","3":"status-publish","4":"has-post-thumbnail","6":"product_cat-schulterriemen","7":"product_tag-zugband","8":"product_tag-zugband-louis-vuitton","9":"product_tag-zugband-louis-vuitton-noe","10":"product_tag-zugband-montsouris","11":"product_tag-zugband-noe","12":"product_shipping_class-warenpost","13":"desktop-align-left","14":"tablet-align-left","15":"mobile-align-left","16":"ast-product-gallery-layout-first-image-large","17":"ast-magnify-disabled","18":"ast-product-tabs-layout-accordion","20":"first","21":"instock","22":"taxable","23":"shipping-taxable","24":"purchasable","25":"product-type-simple"},"spectra_custom_meta":{"_wpml_media_featured":["1","1","1"],"_wpml_media_duplicate":["1","1","1"],"_sku":["P3-0276"],"_regular_price":["29"],"total_sales":["86"],"_tax_status":["taxable"],"_tax_class":[""],"_manage_stock":["yes"],"_backorders":["no"],"_sold_individually":["no"],"_virtual":["no"],"_downloadable":["no"],"_product_image_gallery":["29175,29173,29171,29169,29167"],"_download_limit":["-1"],"_download_expiry":["-1"],"_thumbnail_id":["29175"],"_stock":["16"],"_stock_status":["instock"],"_wc_average_rating":[0],"_wc_review_count":["0"],"_product_attributes":["a:3:{s:9:\"pa_gender\";a:7:{s:4:\"name\";s:9:\"pa_gender\";s:5:\"value\";s:0:\"\";s:8:\"position\";i:0;s:10:\"is_visible\";i:0;s:12:\"is_variation\";i:1;s:11:\"is_taxonomy\";i:1;s:16:\"checkout_visible\";i:0;}s:8:\"pa_color\";a:7:{s:4:\"name\";s:8:\"pa_color\";s:5:\"value\";s:0:\"\";s:8:\"position\";i:1;s:10:\"is_visible\";i:0;s:12:\"is_variation\";i:1;s:11:\"is_taxonomy\";i:1;s:16:\"checkout_visible\";i:0;}s:8:\"pa_brand\";a:7:{s:4:\"name\";s:8:\"pa_brand\";s:5:\"value\";s:0:\"\";s:8:\"position\";i:2;s:10:\"is_visible\";i:0;s:12:\"is_variation\";i:1;s:11:\"is_taxonomy\";i:1;s:16:\"checkout_visible\";i:0;}}"],"_product_version":["10.4.3"],"_price":["29"],"_wpml_word_count":["138"],"_wpml_location_migration_done":["1"],"rank_math_seo_score":["69"],"rank_math_focus_keyword":["Leder Zugband,Louis Vuitton,Zugband Noe,Zugband Montsouris"],"_purchase_price_field":["11,31"],"_internal_warehouse_number_field":["2023-0276"],"_gdrive_field":["https:\/\/drive.google.com\/drive\/u\/2\/folders\/1eWYc85o883nTf9FmHPA6tA94RpasahLZ"],"_unit":["stueck"],"_unit_base":[""],"_unit_product":[""],"_unit_price_auto":["no"],"_unit_price_regular":[""],"_unit_price":[""],"_unit_price_sale":[""],"_sale_price_label":["mwst"],"_sale_price_regular_label":["mwst"],"_mini_desc":["Leder Zugband f\u00fcr Louis Vuitton Noe Montsouris"],"_defect_description":[""],"_allergen_ids":["a:0:{}"],"_warranty_attachment_id":[""],"_min_age":[""],"_ts_gtin":[""],"_ts_mpn":[""],"_delivery_time_countries":["a:0:{}"],"_free_shipping":["no"],"_service":["no"],"_photovoltaic_system":["no"],"_used_good":["no"],"_defective_copy":["no"],"_is_food":["no"],"_differential_taxation":["no"],"_gzd_version":["3.20.4"],"_hs_code":[""],"_manufacture_country":[""],"_rank_math_gtin_code":[""],"_fusion":["a:3:{s:17:\"slider_visibility\";s:51:\"small-visibility,medium-visibility,large-visibility\";s:11:\"slider_type\";s:2:\"no\";s:9:\"wooslider\";s:1:\"0\";}"],"_fusion_google_fonts":[""],"fusion_builder_status":["active"],"rank_math_primary_product_cat":["236"],"_wcml_custom_prices_status":["1"],"avada_post_views_count":["15"],"avada_today_post_views_count":["1"],"avada_post_views_count_today_date":["13-04-2023"],"yikes_woo_products_tabs":["a:2:{i:0;a:3:{s:5:\"title\";s:21:\"Weitere Informationen\";s:2:\"id\";s:21:\"weitere-informationen\";s:7:\"content\";s:624:\"<strong>Material: <\/strong>Rindsleder\r\n<strong>Ma\u00dfe: <\/strong>L\u00e4nge ca: 90 cm, Breite: 0,7 cm\r\n<strong data-start=\"117\" data-end=\"134\">Besonderheit:<\/strong>\u00a0K\u00fcrzer gearbeitet als ein Originalzugband, wir empfehlen dies daher nicht f\u00fcr die No\u00e9 Grand.\r\n<strong>Lieferumfang:<\/strong> I Love Handbags Zugband. Die abgebildete Handtasche geh\u00f6rt nicht zum Lieferumfang und dient ausschlie\u00dflich zur Deko.\r\n\r\nBitte beachte: Jede Tasche entwickelt eine individuelle Patina, daher kann der Farbton leicht abweichen. Auch durch Displayeinstellungen sind Farbabweichungen m\u00f6glich. Bei Unsicherheit helfen wir dir gern weiter.\";}i:1;a:3:{s:5:\"title\";s:7:\"Zustand\";s:2:\"id\";s:7:\"zustand\";s:7:\"content\";s:49:\"<strong>Gesamtzustand: <\/strong>Neu und unbenutzt\";}}"],"_deposit_type":[""],"_nutrient_ids":["a:0:{}"],"_nutrient_reference_value":["100g"],"_ingredients":[""],"_nutri_score":[""],"_alcohol_content":[""],"_drained_weight":[""],"_net_filling_quantity":[""],"_food_distributor":[""],"_food_description":[""],"_food_place_of_origin":[""],"_deposit_quantity":[""],"site-sidebar-layout":["default"],"site-content-layout":["default"],"theme-transparent-header-meta":["default"],"stick-header-meta":["default"],"_sale_price_dates_to_USD":[""],"_sale_price_dates_from_USD":[""],"_sale_price_USD":[""],"_regular_price_USD":[""],"_wcml_schedule_USD":["0"],"_pys_conversion_label_settings":["a:3:{s:6:\"enable\";b:0;s:5:\"label\";s:0:\"\";s:2:\"id\";s:14:\"AW-11184563350\";}"],"_pys_super_pack_cpt_url":[""],"_pys_super_pack_cpt_condition":["only"],"_pys_super_pack_cpt_cart":["hidden"],"_woosea_brand":[""],"_woosea_mpn":[""],"_woosea_upc":[""],"_woosea_ean":[""],"_woosea_gtin":[""],"_woosea_color":[""],"_woosea_size":[""],"_woosea_gender":[""],"_woosea_material":[""],"_woosea_pattern":[""],"_woosea_optimized_title":[""],"_woosea_unit_pricing_measure":[""],"_woosea_unit_pricing_base_measure":[""],"_woosea_condition":[""],"_woosea_age_group":["adult"],"_woosea_installment_months":[""],"_woosea_installment_amount":[""],"_woosea_exclude_product":["no"],"_woosea_cost_of_good_sold":[""],"_woosea_multipack":[""],"_woosea_is_bundle":[""],"_woosea_energy_efficiency_class":[""],"_woosea_min_energy_efficiency_class":[""],"_woosea_max_energy_efficiency_class":[""],"_woosea_is_promotion":[""],"_woosea_custom_field_0":[""],"_woosea_custom_field_1":[""],"_woosea_custom_field_2":[""],"_woosea_custom_field_3":[""],"_woosea_custom_field_4":[""],"_pys_head_footer":["a:7:{s:14:\"disable_global\";b:0;s:8:\"head_any\";s:0:\"\";s:12:\"head_desktop\";s:0:\"\";s:11:\"head_mobile\";s:0:\"\";s:10:\"footer_any\";s:0:\"\";s:14:\"footer_desktop\";s:0:\"\";s:13:\"footer_mobile\";s:0:\"\";}"],"litespeed_vpi_list":["a:2:{i:0;s:8:\"logo.png\";i:1;s:52:\"Leder-Schulterriemen-2023-0218JPG-scaled-500x500.jpg\";}"],"_customs_description":[""],"_is_non_returnable":["no"],"_edit_lock":["1767092037:4"],"_edit_last":["4"],"_wpml_media_has_media":["1"],"ast-site-content-layout":["default"],"site-content-style":["default"],"site-sidebar-style":["default"],"_sale_price_dates_to_CHF":[""],"_sale_price_dates_from_CHF":[""],"_sale_price_CHF":[""],"_regular_price_CHF":[""],"_wcml_schedule_CHF":["0"],"_sale_price_dates_to_GBP":[""],"_sale_price_dates_from_GBP":[""],"_sale_price_GBP":[""],"_regular_price_GBP":[""],"_wcml_schedule_GBP":["0"],"litespeed_vpi_list_mobile":["a:2:{i:0;s:8:\"logo.png\";i:1;s:36:\"Zugband-2023-0276-scaled-500x500.jpg\";}"],"_internal_date_code":[""],"_internal_product_origin":[""],"_product_rating":["N+"],"rank_math_robots":["a:1:{i:0;s:5:\"index\";}"],"_custom_html_content":[""],"_not_in_inventory_checkbox":[""],"rank_math_contentai_score":["a:4:{s:9:\"wordCount\";s:4:\"1.18\";s:9:\"linkCount\";s:1:\"0\";s:12:\"headingCount\";s:1:\"0\";s:10:\"mediaCount\";s:5:\"26.67\";}"],"_customer_view":["24"],"_custom_view_last_updated":["2026-03-30 08:48:07"],"_shipping_length":[""],"_shipping_width":[""],"_shipping_height":[""],"_izettle_image_lookup_key":["3kyncy1cEe-udXp3qLWasA-XGlOq0bCEfCtBopD1_e9fQ"],"woocommerce_izettle_product_uuid":["5e665034-c690-11ef-c079-353536383939"],"woocommerce_izettle_variant_uuid":["12cf8a7e-2d6f-11ef-9c81-353536383939"],"_izettle_updated":["1755929179"],"_izettle_barcode":["0290000291465"],"_izettle_product_etag":["A172692D884117431F559CE48867FE56"],"_izettle_nosync":[""],"_izettle_cost_price":[""],"_izettle_special_price":[""],"_izettle_product_name":[""],"_zettle_product_cat_id":[""],"_product_shipping_weight":["1kg"],"_manufacturer_slug":["ilh-international-gmbh"],"_safety_attachment_ids":["a:0:{}"],"_nickx_video_text_url":["a:1:{i:0;s:0:\"\";}"],"_nickx_product_video_type":["a:1:{i:0;s:23:\"nickx_video_url_youtube\";}"],"_nickx_product_video_thumb_ids":["a:1:{i:0;s:0:\"\";}"],"_product_available_from_field":[""],"_safety_instructions":[""],"_product_reserve_till_field":[""],"_wireless_electronic_device":["no"],"_device_contains_power_supply":["no"],"_device_charging_supports_usb_pd":["no"],"_device_charging_watt_min":["0"],"_device_charging_watt_max":["0"],"rank_math_primary_product_brand":["0"],"_ame_cpe_post_policy":["{\"accessProtection\":{\"active\":\"replace\"}}"],"sib_push_meta_box_present":["1"],"sib_push_send_notification":["0"],"sib_push_target_segment_ids":["@ALL"],"_wpml_post_translation_editor_native":["no"],"copied_media_ids":["a:0:{}"],"referenced_media_ids":["a:5:{i:0;i:29175;i:1;i:29173;i:2;i:29171;i:3;i:29169;i:4;i:29167;}"],"_ship_separately_via":[""],"sib_push_send_notification_delay_seconds":["0"],"_is_non_alcoholic":["no"],"_mid_code":[""],"_shipping_weight":[""],"_entrupy_echtheitszertifikat":[""],"_wcml_average_rating":[null],"_wcml_review_count":[null],"_wcml_rating_count":[null],"astra-migrate-meta-layouts":["set"],"rank_math_analytic_object_id":["2275"],"_uag_page_assets":["a:9:{s:3:\"css\";s:0:\"\";s:2:\"js\";s:0:\"\";s:18:\"current_block_list\";a:6:{i:0;s:26:\"woocommerce\/filter-wrapper\";i:1;s:24:\"woocommerce\/price-filter\";i:2;s:30:\"woocommerce\/product-categories\";i:3;s:14:\"core\/paragraph\";i:4;s:14:\"core\/shortcode\";i:5;s:11:\"core\/search\";}s:8:\"uag_flag\";b:0;s:11:\"uag_version\";s:10:\"1776275997\";s:6:\"gfonts\";a:0:{}s:10:\"gfonts_url\";s:0:\"\";s:12:\"gfonts_files\";a:0:{}s:14:\"uag_faq_layout\";b:0;}"],"_wc_rating_count":[""]},"uagb_featured_image_src":{"full":["https:\/\/ilovehandbags.com\/wp-content\/uploads\/sites\/3\/Zugband-2023-0276-scaled.jpg",1920,2560,false],"thumbnail":["https:\/\/ilovehandbags.com\/wp-content\/uploads\/sites\/3\/Zugband-2023-0276-scaled-150x150.jpg",150,150,true],"medium":["https:\/\/ilovehandbags.com\/wp-content\/uploads\/sites\/3\/Zugband-2023-0276-scaled-300x300.jpg",300,300,true],"medium_large":["https:\/\/ilovehandbags.com\/wp-content\/uploads\/sites\/3\/Zugband-2023-0276-scaled-768x768.jpg",768,768,true],"large":["https:\/\/ilovehandbags.com\/wp-content\/uploads\/sites\/3\/Zugband-2023-0276-scaled-1024x1024.jpg",1024,1024,true],"1536x1536":["https:\/\/ilovehandbags.com\/wp-content\/uploads\/sites\/3\/Zugband-2023-0276-scaled.jpg",1152,1536,false],"2048x2048":["https:\/\/ilovehandbags.com\/wp-content\/uploads\/sites\/3\/Zugband-2023-0276-scaled.jpg",1536,2048,false],"woocommerce_thumbnail":["https:\/\/ilovehandbags.com\/wp-content\/uploads\/sites\/3\/Zugband-2023-0276-scaled-500x500.jpg",500,500,true],"woocommerce_single":["https:\/\/ilovehandbags.com\/wp-content\/uploads\/sites\/3\/Zugband-2023-0276-scaled-500x500.jpg",500,500,true],"woocommerce_gallery_thumbnail":["https:\/\/ilovehandbags.com\/wp-content\/uploads\/sites\/3\/Zugband-2023-0276-scaled-100x100.jpg",100,100,true]},"uagb_author_info":{"display_name":"ILoveHandbags","author_link":"https:\/\/ilovehandbags.com\/de\/author\/"},"uagb_comment_info":0,"uagb_excerpt":"Entdecke das handgefertigte Zugband von I Love Handbags \u2013 gefertigt aus hochwertigem Rindsleder f\u00fcr einen stilvollen Look. Es wird klassisch durch einen Knoten verschlossen und passt perfekt zu Modellen wie der Louis Vuitton No\u00e9 BB, der Petit No\u00e9 und dem Montsouris Rucksack.\u00a0 Unser Zugband ist in zwei L\u00e4ngen erh\u00e4ltlich. W\u00e4hle zwischen der k\u00fcrzeren Variante ohne&hellip;","_links":{"self":[{"href":"https:\/\/ilovehandbags.com\/de\/wp-json\/wp\/v2\/product\/29146","targetHints":{"allow":["GET"]}}],"collection":[{"href":"https:\/\/ilovehandbags.com\/de\/wp-json\/wp\/v2\/product"}],"about":[{"href":"https:\/\/ilovehandbags.com\/de\/wp-json\/wp\/v2\/types\/product"}],"wp:featuredmedia":[{"embeddable":true,"href":"https:\/\/ilovehandbags.com\/de\/wp-json\/wp\/v2\/media\/29175"}],"wp:attachment":[{"href":"https:\/\/ilovehandbags.com\/de\/wp-json\/wp\/v2\/media?parent=29146"}],"wp:term":[{"taxonomy":"product_brand","embeddable":true,"href":"https:\/\/ilovehandbags.com\/de\/wp-json\/wp\/v2\/product_brand?post=29146"},{"taxonomy":"product_cat","embeddable":true,"href":"https:\/\/ilovehandbags.com\/de\/wp-json\/wp\/v2\/product_cat?post=29146"},{"taxonomy":"product_tag","embeddable":true,"href":"https:\/\/ilovehandbags.com\/de\/wp-json\/wp\/v2\/product_tag?post=29146"}],"curies":[{"name":"wp","href":"https:\/\/api.w.org\/{rel}","templated":true}]}}