{"id":33084,"date":"2023-08-31T16:21:06","date_gmt":"2023-08-31T14:21:06","guid":{"rendered":"https:\/\/ilovehandbags.com\/?post_type=product&#038;p=33084"},"modified":"2025-03-19T14:13:16","modified_gmt":"2025-03-19T13:13:16","slug":"chanel-timeless-double-flap-bag-small-lambskin-schwarz-ghw","status":"publish","type":"product","link":"https:\/\/ilovehandbags.com\/de\/chanel-timeless-double-flap-bag-small-lambskin-schwarz-ghw\/","title":{"rendered":"Chanel Timeless Double Flap Bag Small Lambskin Black GHW"},"content":{"rendered":"","protected":false},"excerpt":{"rendered":"<p>Die schwarze Chanel Times Flap Bag ist ein klassische Tasche, die nie aus der Mode kommt. Sie ist perfekt f\u00fcr formelle Anl\u00e4sse wie Hochzeiten, Abendessen und Cocktails, aber auch f\u00fcr den t\u00e4glichen Gebrauch geeignet. Mit ihrer edlen Optik und ihrer funktionalen Ausstattung ist sie ein echtes Must-Have f\u00fcr alle modebewussten Frauen. Diese edle Tasche kann sowohl als Schultertasche oder auch als Clutch getragen werden kann. Neben einem gro\u00dfem Hauptfach verf\u00fcgt die Tasche \u00fcber ein Nebenfach sowie ein weiteres flaches Seitenfach. Die Tasche ist gro\u00df genug, um alle wichtigen Gegenst\u00e4nde wie Handy, Schl\u00fcssel, Geldb\u00f6rse und Make-up aufzunehmen, aber auch klein genug, um leicht und handlich zu sein.<\/p>\n","protected":false},"featured_media":33140,"template":"","meta":{"_uag_custom_page_level_css":"","site-sidebar-layout":"default","site-content-layout":"default","ast-site-content-layout":"default","site-content-style":"default","site-sidebar-style":"default","ast-global-header-display":"","ast-banner-title-visibility":"","ast-main-header-display":"","ast-hfb-above-header-display":"","ast-hfb-below-header-display":"","ast-hfb-mobile-header-display":"","site-post-title":"","ast-breadcrumbs-content":"","ast-featured-img":"","footer-sml-layout":"","ast-disable-related-posts":"","theme-transparent-header-meta":"default","adv-header-id-meta":"","stick-header-meta":"default","header-above-stick-meta":"","header-main-stick-meta":"","header-below-stick-meta":"","astra-migrate-meta-layouts":"set","ast-page-background-enabled":"default","ast-page-background-meta":{"desktop":{"background-color":"var(--ast-global-color-4)","background-image":"","background-repeat":"repeat","background-position":"center center","background-size":"auto","background-attachment":"scroll","background-type":"","background-media":"","overlay-type":"","overlay-color":"","overlay-opacity":"","overlay-gradient":""},"tablet":{"background-color":"","background-image":"","background-repeat":"repeat","background-position":"center center","background-size":"auto","background-attachment":"scroll","background-type":"","background-media":"","overlay-type":"","overlay-color":"","overlay-opacity":"","overlay-gradient":""},"mobile":{"background-color":"","background-image":"","background-repeat":"repeat","background-position":"center center","background-size":"auto","background-attachment":"scroll","background-type":"","background-media":"","overlay-type":"","overlay-color":"","overlay-opacity":"","overlay-gradient":""}},"ast-content-background-meta":{"desktop":{"background-color":"var(--ast-global-color-5)","background-image":"","background-repeat":"repeat","background-position":"center center","background-size":"auto","background-attachment":"scroll","background-type":"","background-media":"","overlay-type":"","overlay-color":"","overlay-opacity":"","overlay-gradient":""},"tablet":{"background-color":"var(--ast-global-color-5)","background-image":"","background-repeat":"repeat","background-position":"center center","background-size":"auto","background-attachment":"scroll","background-type":"","background-media":"","overlay-type":"","overlay-color":"","overlay-opacity":"","overlay-gradient":""},"mobile":{"background-color":"var(--ast-global-color-5)","background-image":"","background-repeat":"repeat","background-position":"center center","background-size":"auto","background-attachment":"scroll","background-type":"","background-media":"","overlay-type":"","overlay-color":"","overlay-opacity":"","overlay-gradient":""}},"_glsr_average":0,"_glsr_ranking":0,"_glsr_reviews":0},"product_brand":[1593],"product_cat":[235,208,242,204,449],"product_tag":[325,908,909],"class_list":{"0":"post-33084","1":"product","2":"type-product","3":"status-publish","4":"has-post-thumbnail","6":"product_brand-chanel","7":"product_cat-chanel","8":"product_cat-handtaschen","9":"product_cat-kleine-taschen","10":"product_cat-umhaengetaschen","11":"product_cat-bald-wieder-da","12":"product_tag-chanel","13":"product_tag-chanel-double-flap","14":"product_tag-chanel-timeless-classic","15":"desktop-align-left","16":"tablet-align-left","17":"mobile-align-left","18":"ast-product-gallery-layout-first-image-large","19":"ast-magnify-disabled","20":"ast-product-tabs-layout-accordion","22":"first","23":"outofstock","24":"sold-individually","25":"taxable","26":"shipping-taxable","27":"purchasable","28":"product-type-simple"},"spectra_custom_meta":{"_sku":["P3-0339"],"_regular_price":["5400"],"total_sales":["1"],"_tax_status":["taxable"],"_tax_class":[""],"_manage_stock":["yes"],"_backorders":["no"],"_sold_individually":["yes"],"_crosssell_ids":["a:1:{i:0;i:23129;}"],"_virtual":["no"],"_downloadable":["no"],"_product_image_gallery":["33134,33142,33138,33132,33128,33130,33126,33122,33124,33120,33090,33092,33116,33136,33114,33088,33098,33096,33100,33110,33112,33104,33094,33102,33086"],"_download_limit":["-1"],"_download_expiry":["-1"],"_thumbnail_id":["33140"],"_stock":["0"],"_stock_status":["outofstock"],"_wc_average_rating":[0],"_wc_review_count":["0"],"_product_attributes":["a:3:{s:8:\"pa_brand\";a:7:{s:4:\"name\";s:8:\"pa_brand\";s:5:\"value\";s:0:\"\";s:8:\"position\";i:1;s:10:\"is_visible\";i:0;s:12:\"is_variation\";i:1;s:11:\"is_taxonomy\";i:1;s:16:\"checkout_visible\";i:0;}s:8:\"pa_color\";a:7:{s:4:\"name\";s:8:\"pa_color\";s:5:\"value\";s:0:\"\";s:8:\"position\";i:2;s:10:\"is_visible\";i:0;s:12:\"is_variation\";i:1;s:11:\"is_taxonomy\";i:1;s:16:\"checkout_visible\";i:0;}s:9:\"pa_gender\";a:7:{s:4:\"name\";s:9:\"pa_gender\";s:5:\"value\";s:0:\"\";s:8:\"position\";i:3;s:10:\"is_visible\";i:0;s:12:\"is_variation\";i:1;s:11:\"is_taxonomy\";i:1;s:16:\"checkout_visible\";i:0;}}"],"_product_version":["9.7.1"],"_price":["5400"],"_wpml_media_featured":["1","1","1","1"],"_wpml_media_duplicate":["1","1","1","1"],"_wpml_word_count":["131"],"_wpml_location_migration_done":["1"],"_fusion":["a:3:{s:17:\"slider_visibility\";s:51:\"small-visibility,medium-visibility,large-visibility\";s:11:\"slider_type\";s:2:\"no\";s:9:\"wooslider\";s:1:\"0\";}"],"rank_math_seo_score":["69"],"rank_math_focus_keyword":["Chanel Timeless Double Flap Bag"],"_purchase_price_field":["3300"],"_internal_warehouse_number_field":["2023-0339"],"_gdrive_field":["https:\/\/drive.google.com\/drive\/u\/1\/folders\/1CERZLavcKta37bff-G53BYirruUgRB3-"],"_unit":[""],"_unit_base":[""],"_unit_product":[""],"_unit_price_auto":["no"],"_unit_price_regular":[""],"_unit_price":[""],"_unit_price_sale":[""],"_sale_price_label":[""],"_sale_price_regular_label":[""],"_mini_desc":["Chanel Timeless Double Flap Bag Small Lambskin Schwarz GHW"],"_defect_description":[""],"_allergen_ids":["a:0:{}"],"_warranty_attachment_id":[""],"_min_age":[""],"_ts_gtin":[""],"_ts_mpn":[""],"_delivery_time_countries":["a:0:{}"],"_free_shipping":["no"],"_service":["no"],"_photovoltaic_system":["no"],"_used_good":["yes"],"_defective_copy":["no"],"_is_food":["no"],"_differential_taxation":["no"],"_gzd_version":["3.15.5"],"_hs_code":[""],"_manufacture_country":["0"],"_rank_math_gtin_code":[""],"_fusion_google_fonts":[""],"fusion_builder_status":["active"],"rank_math_primary_product_cat":["235"],"_wcml_custom_prices_status":["0"],"avada_post_views_count":["50"],"avada_today_post_views_count":["3"],"avada_post_views_count_today_date":["12-04-2023"],"yikes_woo_products_tabs":["a:2:{i:0;a:3:{s:5:\"title\";s:21:\"Weitere Informationen\";s:2:\"id\";s:21:\"weitere-informationen\";s:7:\"content\";s:407:\"<strong>Material au\u00dfen: <\/strong>genarbtes schwarzes Lammleder mit goldfarbenem Metall\r\n<strong>Material innen:\u00a0<\/strong>rotes Leder\r\n<strong>Ma\u00dfe: <\/strong>23 \u00d7 14,5 \u00d7 6 cm\r\n<strong>Code \/ Herstellungsjahr: <\/strong>18XXX77 \/ 2013-14 \r\n<strong>aktueller Kaufpreis: <\/strong>9.300 EUR \r\n<strong>Lieferumfang:<\/strong> Original Chanel Staubbeutel, ID Karte, Organizer und Entrupy Echtheitszertifikat\r\n\r\n\";}i:1;a:3:{s:5:\"title\";s:7:\"Zustand\";s:2:\"id\";s:7:\"zustand\";s:7:\"content\";s:385:\"<strong>Gesamtzustand: <\/strong>sehr gut\r\n<strong>Leder: <\/strong>intakt und geschmeidig, vereinzelt leichte Gebrauchsspuren wie Kratzer (haupts\u00e4chlich am Boden der Tasche)\r\n<strong>Ecken: <\/strong>intakt, keine Abreibungen\r\n<strong>Verschluss: <\/strong>schlie\u00dft gut\r\n<strong>Hardware: <\/strong>minimale Gebrauchsspuren\r\n<strong>Innenraum: <\/strong>sauber mit wenigen Gebrauchsspuren\";}}"],"_deposit_type":[""],"_nutrient_ids":["a:0:{}"],"_nutrient_reference_value":["100g"],"_ingredients":[""],"_nutri_score":[""],"_alcohol_content":[""],"_drained_weight":[""],"_net_filling_quantity":[""],"_food_distributor":[""],"_food_description":[""],"_food_place_of_origin":[""],"_deposit_quantity":[""],"site-sidebar-layout":["default"],"site-content-layout":["default"],"theme-transparent-header-meta":["default"],"stick-header-meta":["default"],"_default_delivery_time":[""],"_pys_conversion_label_settings":["a:3:{s:6:\"enable\";b:0;s:5:\"label\";s:0:\"\";s:2:\"id\";s:14:\"AW-11184563350\";}"],"_pys_super_pack_cpt_url":[""],"_pys_super_pack_cpt_condition":["only"],"_pys_super_pack_cpt_cart":["hidden"],"_woosea_brand":[""],"_woosea_mpn":[""],"_woosea_upc":[""],"_woosea_ean":[""],"_woosea_gtin":[""],"_woosea_color":[""],"_woosea_size":[""],"_woosea_gender":[""],"_woosea_material":[""],"_woosea_pattern":[""],"_woosea_optimized_title":[""],"_woosea_unit_pricing_measure":[""],"_woosea_unit_pricing_base_measure":[""],"_woosea_condition":[""],"_woosea_age_group":["adult"],"_woosea_installment_months":[""],"_woosea_installment_amount":[""],"_woosea_exclude_product":["no"],"_woosea_cost_of_good_sold":[""],"_woosea_multipack":[""],"_woosea_is_bundle":[""],"_woosea_energy_efficiency_class":[""],"_woosea_min_energy_efficiency_class":[""],"_woosea_max_energy_efficiency_class":[""],"_woosea_is_promotion":[""],"_woosea_custom_field_0":[""],"_woosea_custom_field_1":[""],"_woosea_custom_field_2":[""],"_woosea_custom_field_3":[""],"_woosea_custom_field_4":[""],"_pys_head_footer":["a:7:{s:14:\"disable_global\";b:0;s:8:\"head_any\";s:0:\"\";s:12:\"head_desktop\";s:0:\"\";s:11:\"head_mobile\";s:0:\"\";s:10:\"footer_any\";s:0:\"\";s:14:\"footer_desktop\";s:0:\"\";s:13:\"footer_mobile\";s:0:\"\";}"],"litespeed_vpi_list":["a:2:{i:0;s:8:\"logo.png\";i:1;s:60:\"Chanel-Woc-Caviar-schwarz-kette-2023-0082-scaled-500x500.jpg\";}"],"_customs_description":[""],"_wp_old_date":["2023-04-07","2023-06-01","2023-08-29"],"_is_non_returnable":["no"],"_wpml_media_has_media":["1"],"_edit_lock":["1742389996:1"],"_edit_last":["1"],"ast-site-content-layout":["default"],"site-content-style":["default"],"site-sidebar-style":["default"],"litespeed_vpi_list_mobile":["a:2:{i:0;s:8:\"logo.png\";i:1;s:70:\"Chanel-Timeless-Flap-Bag-Small-Voderseite-2023-0339-scaled-500x500.jpg\";}"],"_internal_date_code":["1884077"],"_internal_product_origin":["France"],"rank_math_contentai_score":["a:4:{s:9:\"wordCount\";s:4:\"4.64\";s:9:\"linkCount\";s:1:\"0\";s:12:\"headingCount\";s:1:\"0\";s:10:\"mediaCount\";s:1:\"0\";}"],"_not_in_inventory_checkbox":[""],"_product_rating":[""],"_custom_html_content":[""],"astra-migrate-meta-layouts":["set"],"_izettle_image_lookup_key":["3kyncy1cEe-udXp3qLWasA-rtlSrS1uEe-11ZOoQovx2g"],"woocommerce_izettle_product_uuid":["aedd20b2-2d6e-11ef-c0c3-353536383939"],"woocommerce_izettle_variant_uuid":["aedd38f4-2d6e-11ef-9809-353536383939"],"_izettle_updated":["1718713888"],"_product_shipping_weight":["1kg"],"_wcml_average_rating":[null],"_wcml_review_count":[null],"_wcml_rating_count":[null],"_manufacturer_slug":[""],"_izettle_special_price":[""],"_izettle_cost_price":[""],"_izettle_barcode":[""],"_izettle_nosync":[""],"copied_media_ids":["a:0:{}"],"referenced_media_ids":["a:26:{i:0;i:33140;i:1;i:33134;i:2;i:33142;i:3;i:33138;i:4;i:33132;i:5;i:33128;i:6;i:33130;i:7;i:33126;i:8;i:33122;i:9;i:33124;i:10;i:33120;i:11;i:33090;i:12;i:33092;i:13;i:33116;i:14;i:33136;i:15;i:33114;i:16;i:33088;i:17;i:33098;i:18;i:33096;i:19;i:33100;i:20;i:33110;i:21;i:33112;i:22;i:33104;i:23;i:33094;i:24;i:33102;i:25;i:33086;}"],"rank_math_analytic_object_id":["2117"],"_uag_page_assets":["a:9:{s:3:\"css\";s:0:\"\";s:2:\"js\";s:0:\"\";s:18:\"current_block_list\";a:6:{i:0;s:26:\"woocommerce\/filter-wrapper\";i:1;s:24:\"woocommerce\/price-filter\";i:2;s:30:\"woocommerce\/product-categories\";i:3;s:14:\"core\/paragraph\";i:4;s:14:\"core\/shortcode\";i:5;s:11:\"core\/search\";}s:8:\"uag_flag\";b:0;s:11:\"uag_version\";s:10:\"1778745323\";s:6:\"gfonts\";a:0:{}s:10:\"gfonts_url\";s:0:\"\";s:12:\"gfonts_files\";a:0:{}s:14:\"uag_faq_layout\";b:0;}"],"_wc_rating_count":[""]},"uagb_featured_image_src":{"full":["https:\/\/ilovehandbags.com\/wp-content\/uploads\/sites\/3\/Chanel-Timeless-Flap-Bag-Small-Voderseite-2023-0339-scaled.jpg",1920,2560,false],"thumbnail":["https:\/\/ilovehandbags.com\/wp-content\/uploads\/sites\/3\/Chanel-Timeless-Flap-Bag-Small-Voderseite-2023-0339-scaled-150x150.jpg",150,150,true],"medium":["https:\/\/ilovehandbags.com\/wp-content\/uploads\/sites\/3\/Chanel-Timeless-Flap-Bag-Small-Voderseite-2023-0339-scaled-300x300.jpg",300,300,true],"medium_large":["https:\/\/ilovehandbags.com\/wp-content\/uploads\/sites\/3\/Chanel-Timeless-Flap-Bag-Small-Voderseite-2023-0339-scaled-768x768.jpg",768,768,true],"large":["https:\/\/ilovehandbags.com\/wp-content\/uploads\/sites\/3\/Chanel-Timeless-Flap-Bag-Small-Voderseite-2023-0339-scaled-1024x1024.jpg",1024,1024,true],"1536x1536":["https:\/\/ilovehandbags.com\/wp-content\/uploads\/sites\/3\/Chanel-Timeless-Flap-Bag-Small-Voderseite-2023-0339-scaled.jpg",1152,1536,false],"2048x2048":["https:\/\/ilovehandbags.com\/wp-content\/uploads\/sites\/3\/Chanel-Timeless-Flap-Bag-Small-Voderseite-2023-0339-scaled.jpg",1536,2048,false],"woocommerce_thumbnail":["https:\/\/ilovehandbags.com\/wp-content\/uploads\/sites\/3\/Chanel-Timeless-Flap-Bag-Small-Voderseite-2023-0339-scaled-500x500.jpg",500,500,true],"woocommerce_single":["https:\/\/ilovehandbags.com\/wp-content\/uploads\/sites\/3\/Chanel-Timeless-Flap-Bag-Small-Voderseite-2023-0339-scaled-500x500.jpg",500,500,true],"woocommerce_gallery_thumbnail":["https:\/\/ilovehandbags.com\/wp-content\/uploads\/sites\/3\/Chanel-Timeless-Flap-Bag-Small-Voderseite-2023-0339-scaled-100x100.jpg",100,100,true]},"uagb_author_info":{"display_name":"ILoveHandbags","author_link":"https:\/\/ilovehandbags.com\/de\/author\/"},"uagb_comment_info":0,"uagb_excerpt":"Die schwarze Chanel Times Flap Bag ist ein klassische Tasche, die nie aus der Mode kommt. Sie ist perfekt f\u00fcr formelle Anl\u00e4sse wie Hochzeiten, Abendessen und Cocktails, aber auch f\u00fcr den t\u00e4glichen Gebrauch geeignet. Mit ihrer edlen Optik und ihrer funktionalen Ausstattung ist sie ein echtes Must-Have f\u00fcr alle modebewussten Frauen. Diese edle Tasche kann&hellip;","_links":{"self":[{"href":"https:\/\/ilovehandbags.com\/de\/wp-json\/wp\/v2\/product\/33084","targetHints":{"allow":["GET"]}}],"collection":[{"href":"https:\/\/ilovehandbags.com\/de\/wp-json\/wp\/v2\/product"}],"about":[{"href":"https:\/\/ilovehandbags.com\/de\/wp-json\/wp\/v2\/types\/product"}],"wp:featuredmedia":[{"embeddable":true,"href":"https:\/\/ilovehandbags.com\/de\/wp-json\/wp\/v2\/media\/33140"}],"wp:attachment":[{"href":"https:\/\/ilovehandbags.com\/de\/wp-json\/wp\/v2\/media?parent=33084"}],"wp:term":[{"taxonomy":"product_brand","embeddable":true,"href":"https:\/\/ilovehandbags.com\/de\/wp-json\/wp\/v2\/product_brand?post=33084"},{"taxonomy":"product_cat","embeddable":true,"href":"https:\/\/ilovehandbags.com\/de\/wp-json\/wp\/v2\/product_cat?post=33084"},{"taxonomy":"product_tag","embeddable":true,"href":"https:\/\/ilovehandbags.com\/de\/wp-json\/wp\/v2\/product_tag?post=33084"}],"curies":[{"name":"wp","href":"https:\/\/api.w.org\/{rel}","templated":true}]}}