{"id":34576,"date":"2023-10-10T13:03:59","date_gmt":"2023-10-10T11:03:59","guid":{"rendered":"https:\/\/ilovehandbags.com\/?post_type=product&#038;p=34576"},"modified":"2024-06-18T14:30:13","modified_gmt":"2024-06-18T12:30:13","slug":"louis-vuitton-pochette-accessoires-stephen-sprouse-roses","status":"publish","type":"product","link":"https:\/\/ilovehandbags.com\/de\/louis-vuitton-pochette-accessoires-stephen-sprouse-roses\/","title":{"rendered":"Louis Vuitton Pochette Accessoires Stephen Sprouse Roses"},"content":{"rendered":"","protected":false},"excerpt":{"rendered":"<p>Diese wundersch\u00f6ne Louis Vuitton Pochette Accessoires ist aus der limitierten Stephen Sprouses Roses Kollektion. Die Pochette Accessoires ist eine perfekte Allround-Tasche. Egal ob als Clutch f\u00fcr den Abend oder als Accessoires tags\u00fcber, diese Pochette bietet Platz f\u00fcr das Wichtigste. Zur Pochette geh\u00f6ren ein langer Louis Vuitton Schulterriemen sowie ein kurzer neuer Riemen von I Love Handbags. <\/p>\n","protected":false},"featured_media":34627,"template":"","meta":{"_uag_custom_page_level_css":"","site-sidebar-layout":"default","site-content-layout":"default","ast-site-content-layout":"default","site-content-style":"default","site-sidebar-style":"default","ast-global-header-display":"","ast-banner-title-visibility":"","ast-main-header-display":"","ast-hfb-above-header-display":"","ast-hfb-below-header-display":"","ast-hfb-mobile-header-display":"","site-post-title":"","ast-breadcrumbs-content":"","ast-featured-img":"","footer-sml-layout":"","ast-disable-related-posts":"","theme-transparent-header-meta":"default","adv-header-id-meta":"","stick-header-meta":"default","header-above-stick-meta":"","header-main-stick-meta":"","header-below-stick-meta":"","astra-migrate-meta-layouts":"set","ast-page-background-enabled":"default","ast-page-background-meta":{"desktop":{"background-color":"var(--ast-global-color-4)","background-image":"","background-repeat":"repeat","background-position":"center center","background-size":"auto","background-attachment":"scroll","background-type":"","background-media":"","overlay-type":"","overlay-color":"","overlay-opacity":"","overlay-gradient":""},"tablet":{"background-color":"","background-image":"","background-repeat":"repeat","background-position":"center center","background-size":"auto","background-attachment":"scroll","background-type":"","background-media":"","overlay-type":"","overlay-color":"","overlay-opacity":"","overlay-gradient":""},"mobile":{"background-color":"","background-image":"","background-repeat":"repeat","background-position":"center center","background-size":"auto","background-attachment":"scroll","background-type":"","background-media":"","overlay-type":"","overlay-color":"","overlay-opacity":"","overlay-gradient":""}},"ast-content-background-meta":{"desktop":{"background-color":"var(--ast-global-color-5)","background-image":"","background-repeat":"repeat","background-position":"center center","background-size":"auto","background-attachment":"scroll","background-type":"","background-media":"","overlay-type":"","overlay-color":"","overlay-opacity":"","overlay-gradient":""},"tablet":{"background-color":"var(--ast-global-color-5)","background-image":"","background-repeat":"repeat","background-position":"center center","background-size":"auto","background-attachment":"scroll","background-type":"","background-media":"","overlay-type":"","overlay-color":"","overlay-opacity":"","overlay-gradient":""},"mobile":{"background-color":"var(--ast-global-color-5)","background-image":"","background-repeat":"repeat","background-position":"center center","background-size":"auto","background-attachment":"scroll","background-type":"","background-media":"","overlay-type":"","overlay-color":"","overlay-opacity":"","overlay-gradient":""}},"_glsr_average":0,"_glsr_ranking":0,"_glsr_reviews":0},"product_brand":[],"product_cat":[208,242,448,239,449],"product_tag":[214,265,273,475],"class_list":{"0":"post-34576","1":"product","2":"type-product","3":"status-publish","4":"has-post-thumbnail","6":"product_cat-handtaschen","7":"product_cat-kleine-taschen","8":"product_cat-limited-editions","9":"product_cat-louis-vuitton","10":"product_cat-bald-wieder-da","11":"product_tag-louis-vuitton","12":"product_tag-louis-vuitton-pochette-accessoires","13":"product_tag-louis-vuitton-pochette-accessoires-monogram","14":"product_tag-louis-vuitton-stephen-sprouse-roses","15":"desktop-align-left","16":"tablet-align-left","17":"mobile-align-left","18":"ast-product-gallery-layout-first-image-large","19":"ast-magnify-disabled","20":"ast-product-tabs-layout-accordion","22":"first","23":"outofstock","24":"sold-individually","25":"purchasable","26":"product-type-simple"},"spectra_custom_meta":{"_sku":["P3-0352"],"_regular_price":["1190"],"total_sales":["1"],"_tax_status":["none"],"_tax_class":[""],"_manage_stock":["yes"],"_backorders":["no"],"_sold_individually":["yes"],"_virtual":["no"],"_downloadable":["no"],"_download_limit":["-1"],"_download_expiry":["-1"],"_stock":["0"],"_stock_status":["outofstock"],"_wc_average_rating":[0],"_wc_review_count":["0"],"_product_attributes":["a:3:{s:8:\"pa_brand\";a:7:{s:4:\"name\";s:8:\"pa_brand\";s:5:\"value\";s:0:\"\";s:8:\"position\";i:1;s:10:\"is_visible\";i:0;s:12:\"is_variation\";i:1;s:11:\"is_taxonomy\";i:1;s:16:\"checkout_visible\";i:0;}s:8:\"pa_color\";a:7:{s:4:\"name\";s:8:\"pa_color\";s:5:\"value\";s:0:\"\";s:8:\"position\";i:2;s:10:\"is_visible\";i:0;s:12:\"is_variation\";i:1;s:11:\"is_taxonomy\";i:1;s:16:\"checkout_visible\";i:0;}s:9:\"pa_gender\";a:7:{s:4:\"name\";s:9:\"pa_gender\";s:5:\"value\";s:0:\"\";s:8:\"position\";i:3;s:10:\"is_visible\";i:0;s:12:\"is_variation\";i:1;s:11:\"is_taxonomy\";i:1;s:16:\"checkout_visible\";i:0;}}"],"_product_version":["8.9.3"],"_price":["1190"],"_wpml_media_featured":["1","1","1"],"_wpml_media_duplicate":["1","1","1"],"_wpml_word_count":["{\"total\":81,\"to_translate\":{\"en\":81}}"],"_wpml_location_migration_done":["1"],"_fusion":["a:3:{s:17:\"slider_visibility\";s:51:\"small-visibility,medium-visibility,large-visibility\";s:11:\"slider_type\";s:2:\"no\";s:9:\"wooslider\";s:1:\"0\";}"],"rank_math_seo_score":["76"],"rank_math_focus_keyword":["louis vuitton pochette"],"_purchase_price_field":["803,95"],"_internal_warehouse_number_field":["2023-0352"],"_gdrive_field":["https:\/\/drive.google.com\/drive\/u\/1\/folders\/1OfQIDhLCSS69Ypj4fEYsWLO6dVeP8ZK2"],"_unit":[""],"_unit_base":[""],"_unit_product":[""],"_unit_price_auto":["no"],"_unit_price_regular":[""],"_unit_price":[""],"_unit_price_sale":[""],"_sale_price_label":[""],"_sale_price_regular_label":[""],"_mini_desc":["Louis Vuitton Pochette Accessoires Stephen Sprouse Roses"],"_defect_description":[""],"_allergen_ids":["a:0:{}"],"_warranty_attachment_id":[""],"_min_age":[""],"_ts_gtin":[""],"_ts_mpn":[""],"_delivery_time_countries":["a:0:{}"],"_free_shipping":["no"],"_service":["no"],"_photovoltaic_system":["no"],"_used_good":["yes"],"_defective_copy":["no"],"_is_food":["no"],"_differential_taxation":["yes"],"_gzd_version":["3.16.2"],"_hs_code":[""],"_manufacture_country":["0"],"_rank_math_gtin_code":[""],"_fusion_google_fonts":[""],"fusion_builder_status":["active"],"rank_math_primary_product_cat":["0"],"_wcml_custom_prices_status":["0"],"avada_post_views_count":["12"],"avada_today_post_views_count":["2"],"avada_post_views_count_today_date":["17-04-2023"],"_deposit_type":[""],"_nutrient_ids":["a:0:{}"],"_nutrient_reference_value":["100g"],"_ingredients":[""],"_nutri_score":[""],"_alcohol_content":[""],"_drained_weight":[""],"_net_filling_quantity":[""],"_food_distributor":[""],"_food_description":[""],"_food_place_of_origin":[""],"_deposit_quantity":[""],"yikes_woo_products_tabs":["a:2:{i:0;a:3:{s:5:\"title\";s:21:\"Weitere Informationen\";s:2:\"id\";s:21:\"weitere-informationen\";s:7:\"content\";s:485:\"<strong>Material au\u00dfen:\u00a0<\/strong>Monogram Canvas mit Rosenaufdruck\r\n<strong>Material innen: <\/strong>Textilstoff in braun\r\n<strong>Ma\u00dfe Pochette: <\/strong>22 x 12 x 4 cm\r\n<strong>Ma\u00dfe Schulterriemen: <\/strong>99 x 1,5 cm\r\n<strong>Date Code \/ Herstellungsjahr Pochette: <\/strong>CA5018 \/ 2008\r\n<strong>Lieferumfang: <\/strong>Louis Vuitton Staubbeutel, Box, Kopie der Kaufrechnung mit geschw\u00e4rzten Daten, Louis Vuitton Schulterriemen lang und I Love Handbags Schulterriemen kurz\r\n\r\n\";}i:1;a:3:{s:5:\"title\";s:7:\"Zustand\";s:2:\"id\";s:7:\"zustand\";s:7:\"content\";s:479:\"<strong>Gesamtzustand Pochette: <\/strong>sehr gut\r\n<strong>Canvas: <\/strong>intakt\r\n<strong>Vachetta Pochette: <\/strong>leichte Patina\r\n<strong>Rei\u00dfverschluss: <\/strong>schlie\u00dft einwandfrei\r\n<strong>Hardware: <\/strong>leichte Gebrauchsspuren\r\n<strong>Innenraum: <\/strong>sauber\r\n\r\n<strong>Gesamtzustand Schulterriemen: <\/strong>gut\r\n<strong>Vachetta Schulterriemen: <\/strong>honigfarbene Patina mit leichten Gebrauchsspuren\r\n<strong>Hardware: <\/strong>leichte Gebrauchsspuren\r\n\";}}"],"site-sidebar-layout":["default"],"site-content-layout":["default"],"theme-transparent-header-meta":["default"],"stick-header-meta":["default"],"_wp_old_date":["2023-04-01"],"_pys_conversion_label_settings":["a:3:{s:6:\"enable\";b:0;s:5:\"label\";s:0:\"\";s:2:\"id\";s:14:\"AW-11184563350\";}"],"_pys_super_pack_cpt_url":[""],"_pys_super_pack_cpt_condition":["only"],"_pys_super_pack_cpt_cart":["hidden"],"_pys_head_footer":["a:7:{s:14:\"disable_global\";b:0;s:8:\"head_any\";s:0:\"\";s:12:\"head_desktop\";s:0:\"\";s:11:\"head_mobile\";s:0:\"\";s:10:\"footer_any\";s:0:\"\";s:14:\"footer_desktop\";s:0:\"\";s:13:\"footer_mobile\";s:0:\"\";}"],"_woosea_brand":[""],"_woosea_mpn":[""],"_woosea_upc":[""],"_woosea_ean":[""],"_woosea_gtin":[""],"_woosea_color":[""],"_woosea_size":[""],"_woosea_gender":[""],"_woosea_material":[""],"_woosea_pattern":[""],"_woosea_optimized_title":[""],"_woosea_unit_pricing_measure":[""],"_woosea_unit_pricing_base_measure":[""],"_woosea_condition":[""],"_woosea_age_group":["adult"],"_woosea_installment_months":[""],"_woosea_installment_amount":[""],"_woosea_exclude_product":["no"],"_woosea_cost_of_good_sold":[""],"_woosea_multipack":[""],"_woosea_is_bundle":[""],"_woosea_energy_efficiency_class":[""],"_woosea_min_energy_efficiency_class":[""],"_woosea_max_energy_efficiency_class":[""],"_woosea_is_promotion":[""],"_woosea_custom_field_0":[""],"_woosea_custom_field_1":[""],"_woosea_custom_field_2":[""],"_woosea_custom_field_3":[""],"_woosea_custom_field_4":[""],"litespeed_vpi_list":["a:2:{i:0;s:8:\"logo.png\";i:1;s:100:\"Louis-Vuitton-Pochette-Accessoires-Murakami-Cherry-Blossom-Riemen-vorn-2023-011-1-scaled-500x500.jpg\";}"],"_customs_description":[""],"_is_non_returnable":["no"],"litespeed_vpi_list_mobile":["a:2:{i:0;s:8:\"logo.png\";i:1;s:100:\"Louis-Vuitton-Pochette-Accessoires-Murakami-Cherry-Blossom-Riemen-vorn-2023-011-1-scaled-500x500.jpg\";}"],"_edit_lock":["1751907851:4"],"_edit_last":["4"],"_internal_date_code":["CA5018"],"_internal_product_origin":["Spain"],"ast-site-content-layout":["default"],"site-content-style":["default"],"site-sidebar-style":["default"],"_thumbnail_id":["34627"],"_product_image_gallery":["34629,34615,34625,34623,34621,34619,34617,34607,34613,34600,34605,34611,34603,34598,34596,34594,34592,34631,34609,34586,34588,34590"],"_wpml_media_has_media":["1"],"rank_math_robots":["a:1:{i:0;s:5:\"index\";}"],"_product_rating":[""],"_not_in_inventory_checkbox":[""],"_shipping_length":[""],"_shipping_width":[""],"_shipping_height":[""],"_custom_html_content":[""],"astra-migrate-meta-layouts":["set"],"_izettle_image_lookup_key":["3kyncy1cEe-udXp3qLWasA-ggJ2Ky1uEe-0XqfywbN-OQ"],"woocommerce_izettle_product_uuid":["820722ea-2d6e-11ef-9b51-353536383939"],"woocommerce_izettle_variant_uuid":["82073ab4-2d6e-11ef-812a-353536383939"],"_izettle_updated":["1718713813"],"_wcml_average_rating":[null],"_wcml_review_count":[null],"_wcml_rating_count":[null],"_product_shipping_weight":["1kg"],"copied_media_ids":["a:0:{}"],"referenced_media_ids":["a:23:{i:0;i:34627;i:1;i:34629;i:2;i:34615;i:3;i:34625;i:4;i:34623;i:5;i:34621;i:6;i:34619;i:7;i:34617;i:8;i:34607;i:9;i:34613;i:10;i:34600;i:11;i:34605;i:12;i:34611;i:13;i:34603;i:14;i:34598;i:15;i:34596;i:16;i:34594;i:17;i:34592;i:18;i:34631;i:19;i:34609;i:20;i:34586;i:21;i:34588;i:22;i:34590;}"],"rank_math_analytic_object_id":["2054"],"_uag_page_assets":["a:9:{s:3:\"css\";s:0:\"\";s:2:\"js\";s:0:\"\";s:18:\"current_block_list\";a:6:{i:0;s:26:\"woocommerce\/filter-wrapper\";i:1;s:24:\"woocommerce\/price-filter\";i:2;s:30:\"woocommerce\/product-categories\";i:3;s:14:\"core\/paragraph\";i:4;s:14:\"core\/shortcode\";i:5;s:11:\"core\/search\";}s:8:\"uag_flag\";b:0;s:11:\"uag_version\";s:10:\"1777481675\";s:6:\"gfonts\";a:0:{}s:10:\"gfonts_url\";s:0:\"\";s:12:\"gfonts_files\";a:0:{}s:14:\"uag_faq_layout\";b:0;}"],"_wc_rating_count":[""]},"uagb_featured_image_src":{"full":["https:\/\/ilovehandbags.com\/wp-content\/uploads\/sites\/3\/Louis-Vuitton-Pochette-Accessoires-Stephen-Sprouse-Roses-Vorderseite-2023-0352-scaled.jpg",1920,2560,false],"thumbnail":["https:\/\/ilovehandbags.com\/wp-content\/uploads\/sites\/3\/Louis-Vuitton-Pochette-Accessoires-Stephen-Sprouse-Roses-Vorderseite-2023-0352-scaled-150x150.jpg",150,150,true],"medium":["https:\/\/ilovehandbags.com\/wp-content\/uploads\/sites\/3\/Louis-Vuitton-Pochette-Accessoires-Stephen-Sprouse-Roses-Vorderseite-2023-0352-scaled-300x300.jpg",300,300,true],"medium_large":["https:\/\/ilovehandbags.com\/wp-content\/uploads\/sites\/3\/Louis-Vuitton-Pochette-Accessoires-Stephen-Sprouse-Roses-Vorderseite-2023-0352-scaled-768x768.jpg",768,768,true],"large":["https:\/\/ilovehandbags.com\/wp-content\/uploads\/sites\/3\/Louis-Vuitton-Pochette-Accessoires-Stephen-Sprouse-Roses-Vorderseite-2023-0352-scaled-1024x1024.jpg",1024,1024,true],"1536x1536":["https:\/\/ilovehandbags.com\/wp-content\/uploads\/sites\/3\/Louis-Vuitton-Pochette-Accessoires-Stephen-Sprouse-Roses-Vorderseite-2023-0352-scaled.jpg",1152,1536,false],"2048x2048":["https:\/\/ilovehandbags.com\/wp-content\/uploads\/sites\/3\/Louis-Vuitton-Pochette-Accessoires-Stephen-Sprouse-Roses-Vorderseite-2023-0352-scaled.jpg",1536,2048,false],"woocommerce_thumbnail":["https:\/\/ilovehandbags.com\/wp-content\/uploads\/sites\/3\/Louis-Vuitton-Pochette-Accessoires-Stephen-Sprouse-Roses-Vorderseite-2023-0352-scaled-500x500.jpg",500,500,true],"woocommerce_single":["https:\/\/ilovehandbags.com\/wp-content\/uploads\/sites\/3\/Louis-Vuitton-Pochette-Accessoires-Stephen-Sprouse-Roses-Vorderseite-2023-0352-scaled-500x500.jpg",500,500,true],"woocommerce_gallery_thumbnail":["https:\/\/ilovehandbags.com\/wp-content\/uploads\/sites\/3\/Louis-Vuitton-Pochette-Accessoires-Stephen-Sprouse-Roses-Vorderseite-2023-0352-scaled-100x100.jpg",100,100,true]},"uagb_author_info":{"display_name":"ILoveHandbags","author_link":"https:\/\/ilovehandbags.com\/de\/author\/"},"uagb_comment_info":0,"uagb_excerpt":"Diese wundersch\u00f6ne Louis Vuitton Pochette Accessoires ist aus der limitierten Stephen Sprouses Roses Kollektion. Die Pochette Accessoires ist eine perfekte Allround-Tasche. Egal ob als Clutch f\u00fcr den Abend oder als Accessoires tags\u00fcber, diese Pochette bietet Platz f\u00fcr das Wichtigste. Zur Pochette geh\u00f6ren ein langer Louis Vuitton Schulterriemen sowie ein kurzer neuer Riemen von I Love&hellip;","_links":{"self":[{"href":"https:\/\/ilovehandbags.com\/de\/wp-json\/wp\/v2\/product\/34576","targetHints":{"allow":["GET"]}}],"collection":[{"href":"https:\/\/ilovehandbags.com\/de\/wp-json\/wp\/v2\/product"}],"about":[{"href":"https:\/\/ilovehandbags.com\/de\/wp-json\/wp\/v2\/types\/product"}],"wp:featuredmedia":[{"embeddable":true,"href":"https:\/\/ilovehandbags.com\/de\/wp-json\/wp\/v2\/media\/34627"}],"wp:attachment":[{"href":"https:\/\/ilovehandbags.com\/de\/wp-json\/wp\/v2\/media?parent=34576"}],"wp:term":[{"taxonomy":"product_brand","embeddable":true,"href":"https:\/\/ilovehandbags.com\/de\/wp-json\/wp\/v2\/product_brand?post=34576"},{"taxonomy":"product_cat","embeddable":true,"href":"https:\/\/ilovehandbags.com\/de\/wp-json\/wp\/v2\/product_cat?post=34576"},{"taxonomy":"product_tag","embeddable":true,"href":"https:\/\/ilovehandbags.com\/de\/wp-json\/wp\/v2\/product_tag?post=34576"}],"curies":[{"name":"wp","href":"https:\/\/api.w.org\/{rel}","templated":true}]}}