{"id":35128,"date":"2023-11-08T14:49:25","date_gmt":"2023-11-08T13:49:25","guid":{"rendered":"https:\/\/ilovehandbags.com\/?post_type=product&#038;p=35128"},"modified":"2024-06-18T14:28:30","modified_gmt":"2024-06-18T12:28:30","slug":"louis-vuitton-sac-noe-grand-monogram-canvas-7","status":"publish","type":"product","link":"https:\/\/ilovehandbags.com\/de\/louis-vuitton-sac-noe-grand-monogram-canvas-7\/","title":{"rendered":"Louis Vuitton Sac Noe Grand Monogram Canvas"},"content":{"rendered":"","protected":false},"excerpt":{"rendered":"<p>Der Sac Noe Grand ist ein Klassiker aus dem Haus Louis Vuitton. Dieses ikonische Modell wurde in den 30er Jahren f\u00fcr Champagner Produzenten f\u00fcr den Transport der Flaschen entworfen. Die Noe hat einen ger\u00e4umigen Innenraum. Sie l\u00e4sst sich sowohl in der Hand als auch \u00fcber der Schulter tragen.<\/p>\n","protected":false},"featured_media":35170,"template":"","meta":{"_uag_custom_page_level_css":"","site-sidebar-layout":"default","site-content-layout":"default","ast-site-content-layout":"default","site-content-style":"default","site-sidebar-style":"default","ast-global-header-display":"","ast-banner-title-visibility":"","ast-main-header-display":"","ast-hfb-above-header-display":"","ast-hfb-below-header-display":"","ast-hfb-mobile-header-display":"","site-post-title":"","ast-breadcrumbs-content":"","ast-featured-img":"","footer-sml-layout":"","ast-disable-related-posts":"","theme-transparent-header-meta":"default","adv-header-id-meta":"","stick-header-meta":"default","header-above-stick-meta":"","header-main-stick-meta":"","header-below-stick-meta":"","astra-migrate-meta-layouts":"set","ast-page-background-enabled":"default","ast-page-background-meta":{"desktop":{"background-color":"var(--ast-global-color-4)","background-image":"","background-repeat":"repeat","background-position":"center center","background-size":"auto","background-attachment":"scroll","background-type":"","background-media":"","overlay-type":"","overlay-color":"","overlay-opacity":"","overlay-gradient":""},"tablet":{"background-color":"","background-image":"","background-repeat":"repeat","background-position":"center center","background-size":"auto","background-attachment":"scroll","background-type":"","background-media":"","overlay-type":"","overlay-color":"","overlay-opacity":"","overlay-gradient":""},"mobile":{"background-color":"","background-image":"","background-repeat":"repeat","background-position":"center center","background-size":"auto","background-attachment":"scroll","background-type":"","background-media":"","overlay-type":"","overlay-color":"","overlay-opacity":"","overlay-gradient":""}},"ast-content-background-meta":{"desktop":{"background-color":"var(--ast-global-color-5)","background-image":"","background-repeat":"repeat","background-position":"center center","background-size":"auto","background-attachment":"scroll","background-type":"","background-media":"","overlay-type":"","overlay-color":"","overlay-opacity":"","overlay-gradient":""},"tablet":{"background-color":"var(--ast-global-color-5)","background-image":"","background-repeat":"repeat","background-position":"center center","background-size":"auto","background-attachment":"scroll","background-type":"","background-media":"","overlay-type":"","overlay-color":"","overlay-opacity":"","overlay-gradient":""},"mobile":{"background-color":"var(--ast-global-color-5)","background-image":"","background-repeat":"repeat","background-position":"center center","background-size":"auto","background-attachment":"scroll","background-type":"","background-media":"","overlay-type":"","overlay-color":"","overlay-opacity":"","overlay-gradient":""}},"_glsr_average":0,"_glsr_ranking":0,"_glsr_reviews":0},"product_brand":[],"product_cat":[208,239,205,204,449],"product_tag":[214,342,344,762],"class_list":{"0":"post-35128","1":"product","2":"type-product","3":"status-publish","4":"has-post-thumbnail","6":"product_cat-handtaschen","7":"product_cat-louis-vuitton","8":"product_cat-tragetaschen","9":"product_cat-umhaengetaschen","10":"product_cat-bald-wieder-da","11":"product_tag-louis-vuitton","12":"product_tag-louis-vuitton-noe","13":"product_tag-louis-vuitton-sac-noe-grand","14":"product_tag-m42224","15":"desktop-align-left","16":"tablet-align-left","17":"mobile-align-left","18":"ast-product-gallery-layout-first-image-large","19":"ast-magnify-disabled","20":"ast-product-tabs-layout-accordion","22":"first","23":"outofstock","24":"sold-individually","25":"taxable","26":"shipping-taxable","27":"purchasable","28":"product-type-simple"},"spectra_custom_meta":{"_sku":["P3-0358"],"_regular_price":["690"],"total_sales":["1"],"_tax_status":["taxable"],"_tax_class":[""],"_manage_stock":["yes"],"_backorders":["no"],"_sold_individually":["yes"],"_virtual":["no"],"_downloadable":["no"],"_product_image_gallery":["35168,35166,35164,35162,35160,35156,35158,35154,35152,35150,35140,35146,35142,35144,35148,35134,35132,35136,35138,35130"],"_download_limit":["-1"],"_download_expiry":["-1"],"_thumbnail_id":["35170"],"_stock":["0"],"_stock_status":["outofstock"],"_wc_average_rating":[0],"_wc_review_count":["0"],"_product_attributes":["a:3:{s:8:\"pa_brand\";a:7:{s:4:\"name\";s:8:\"pa_brand\";s:5:\"value\";s:0:\"\";s:8:\"position\";i:1;s:10:\"is_visible\";i:0;s:12:\"is_variation\";i:0;s:11:\"is_taxonomy\";i:1;s:16:\"checkout_visible\";i:0;}s:8:\"pa_color\";a:7:{s:4:\"name\";s:8:\"pa_color\";s:5:\"value\";s:0:\"\";s:8:\"position\";i:2;s:10:\"is_visible\";i:0;s:12:\"is_variation\";i:0;s:11:\"is_taxonomy\";i:1;s:16:\"checkout_visible\";i:0;}s:9:\"pa_gender\";a:7:{s:4:\"name\";s:9:\"pa_gender\";s:5:\"value\";s:0:\"\";s:8:\"position\";i:3;s:10:\"is_visible\";i:0;s:12:\"is_variation\";i:0;s:11:\"is_taxonomy\";i:1;s:16:\"checkout_visible\";i:0;}}"],"_product_version":["8.9.3"],"_price":["690"],"_wpml_media_featured":["1","1","1","1","1","1","1","1","1"],"_wpml_media_duplicate":["1","1","1","1","1","1","1","1","1"],"_wpml_word_count":["{\"total\":77,\"to_translate\":{\"en\":77}}"],"_wpml_location_migration_done":["1"],"_fusion":["a:3:{s:17:\"slider_visibility\";s:51:\"small-visibility,medium-visibility,large-visibility\";s:11:\"slider_type\";s:2:\"no\";s:9:\"wooslider\";s:1:\"0\";}"],"rank_math_seo_score":["65"],"rank_math_focus_keyword":["Louis Vuitton Sac Noe Grand Monogram Canvas"],"_purchase_price_field":["401,53"],"_internal_warehouse_number_field":["2023-0358"],"_gdrive_field":["https:\/\/drive.google.com\/drive\/u\/1\/folders\/1rU71W8v46kyMelD7qVzmjQmYtmG44olP"],"_unit":[""],"_unit_base":[""],"_unit_product":[""],"_unit_price_auto":["no"],"_unit_price_regular":[""],"_unit_price":[""],"_unit_price_sale":[""],"_sale_price_label":[""],"_sale_price_regular_label":[""],"_mini_desc":["Louis Vuitton Sac Noe Grand Monogram Canvas"],"_defect_description":[""],"_allergen_ids":["a:0:{}"],"_warranty_attachment_id":[""],"_min_age":[""],"_ts_gtin":[""],"_ts_mpn":[""],"_delivery_time_countries":["a:0:{}"],"_free_shipping":["no"],"_service":["no"],"_photovoltaic_system":["no"],"_used_good":["yes"],"_defective_copy":["no"],"_is_food":["no"],"_differential_taxation":["no"],"_gzd_version":["3.15.3"],"_hs_code":[""],"_manufacture_country":["0"],"_rank_math_gtin_code":[""],"_fusion_google_fonts":[""],"fusion_builder_status":["active"],"rank_math_primary_product_cat":["0"],"_wcml_custom_prices_status":["1"],"avada_post_views_count":["18"],"avada_today_post_views_count":["1"],"avada_post_views_count_today_date":["10-04-2023"],"_sale_price_dates_to_USD":[""],"_sale_price_dates_from_USD":[""],"_sale_price_USD":[""],"_regular_price_USD":[""],"_wcml_schedule_USD":["0"],"yikes_woo_products_tabs":["a:2:{i:0;a:3:{s:5:\"title\";s:21:\"Weitere Informationen\";s:2:\"id\";s:21:\"weitere-informationen\";s:7:\"content\";s:322:\"<strong>Material au\u00dfen: <\/strong>Monogram Canvas mit Rindsleder\r\n<strong>Material innen:<\/strong> braunes Textilinnenfutter\r\n<strong>Ma\u00dfe: <\/strong>34\u00a0x\u00a025\u00a0x\u00a021 cm\r\n<strong>Date Code \/ Herstellungsjahr: <\/strong>A2 8906 \/ 1989\r\n<strong>SKU: <\/strong>M42224\r\n<strong>Lieferumfang:<\/strong> I Love Handbags Staubbeutel\";}i:1;a:3:{s:5:\"title\";s:7:\"Zustand\";s:2:\"id\";s:7:\"zustand\";s:7:\"content\";s:653:\"<strong>Gesamtzustand: <\/strong>gut\r\n<strong>Canvas: <\/strong>intakt, mit wenigen kleinen Flecken und Kratzern\r\n<strong>Vachetta Leder:<\/strong> allgemein honigfarbene Patina mit Flecken und Kratzern, das Leder ist  gr\u00f6\u00dftenteils sch\u00f6n geschmeidig, Seitenteile und Schulterriemen altersbedingt trocken\r\n<strong>Einfassung:<\/strong> intakt, Leder geschmeidig, mit Flecken und leichten Abreibungen\r\n<strong>Zugband:<\/strong> wurde ausgetauscht\r\n<strong>Schulterriemen:<\/strong> intakt, jedoch altersbedingt etwas trocken\r\n<strong>Hardware: <\/strong>\u00a0oxidiert, mit ein paar Gebrauchsspuren\r\n<strong>Innenraum: <\/strong>sauber mit wenigen Gebrauchsspuren\";}}"],"_deposit_type":[""],"_nutrient_ids":["a:0:{}"],"_nutrient_reference_value":["100g"],"_ingredients":[""],"_nutri_score":[""],"_alcohol_content":[""],"_drained_weight":[""],"_net_filling_quantity":[""],"_food_distributor":[""],"_food_description":[""],"_food_place_of_origin":[""],"_deposit_quantity":[""],"site-sidebar-layout":["default"],"site-content-layout":["default"],"theme-transparent-header-meta":["default"],"stick-header-meta":["default"],"_pys_conversion_label_settings":["a:3:{s:6:\"enable\";b:0;s:5:\"label\";s:0:\"\";s:2:\"id\";s:14:\"AW-11184563350\";}"],"_pys_super_pack_cpt_url":[""],"_pys_super_pack_cpt_condition":["only"],"_pys_super_pack_cpt_cart":["hidden"],"_woosea_brand":[""],"_woosea_mpn":[""],"_woosea_upc":[""],"_woosea_ean":[""],"_woosea_gtin":[""],"_woosea_color":[""],"_woosea_size":[""],"_woosea_gender":[""],"_woosea_material":[""],"_woosea_pattern":[""],"_woosea_optimized_title":[""],"_woosea_unit_pricing_measure":[""],"_woosea_unit_pricing_base_measure":[""],"_woosea_condition":[""],"_woosea_age_group":["adult"],"_woosea_installment_months":[""],"_woosea_installment_amount":[""],"_woosea_exclude_product":["no"],"_woosea_cost_of_good_sold":[""],"_woosea_multipack":[""],"_woosea_is_bundle":[""],"_woosea_energy_efficiency_class":[""],"_woosea_min_energy_efficiency_class":[""],"_woosea_max_energy_efficiency_class":[""],"_woosea_is_promotion":[""],"_woosea_custom_field_0":[""],"_woosea_custom_field_1":[""],"_woosea_custom_field_2":[""],"_woosea_custom_field_3":[""],"_woosea_custom_field_4":[""],"_pys_head_footer":["a:7:{s:14:\"disable_global\";b:0;s:8:\"head_any\";s:0:\"\";s:12:\"head_desktop\";s:0:\"\";s:11:\"head_mobile\";s:0:\"\";s:10:\"footer_any\";s:0:\"\";s:14:\"footer_desktop\";s:0:\"\";s:13:\"footer_mobile\";s:0:\"\";}"],"_customs_description":[""],"_is_non_returnable":["no"],"_wpml_media_has_media":["1"],"_wp_old_date":["2023-08-10","2023-08-31","2023-10-23","2023-10-24"],"ast-site-content-layout":["default"],"site-content-style":["default"],"site-sidebar-style":["default"],"_sale_price_dates_to_CHF":[""],"_sale_price_dates_from_CHF":[""],"_sale_price_CHF":[""],"_regular_price_CHF":[""],"_wcml_schedule_CHF":["0"],"_sale_price_dates_to_GBP":[""],"_sale_price_dates_from_GBP":[""],"_sale_price_GBP":[""],"_regular_price_GBP":[""],"_wcml_schedule_GBP":["0"],"litespeed_vpi_list_mobile":["a:2:{i:0;s:8:\"logo.png\";i:1;s:64:\"Louis-Vuitton-Noe-Grand-Vorderseite-2023-0302-scaled-500x500.jpg\";}"],"litespeed_vpi_list":["a:4:{i:0;s:8:\"logo.png\";i:1;s:6:\"de.png\";i:2;s:64:\"Louis-Vuitton-Noe-Grand-Vorderseite-2023-0302-scaled-500x500.jpg\";i:3;s:35:\"three-o-clock-clock-svgrepo-com.svg\";}"],"_internal_date_code":["A2 8906"],"_internal_product_origin":["France"],"_edit_lock":["1703704846:4"],"_edit_last":["4"],"_product_rating":["B"],"_upsell_ids":["a:1:{i:0;i:33838;}"],"rank_math_robots":["a:1:{i:0;s:5:\"index\";}"],"_custom_html_content":[""],"astra-migrate-meta-layouts":["set"],"_izettle_image_lookup_key":["3kyncy1cEe-udXp3qLWasA-RN20vi1uEe-fobsOZ_fPDg"],"woocommerce_izettle_product_uuid":["44e15e44-2d6e-11ef-ae0a-353536383939"],"woocommerce_izettle_variant_uuid":["44e1765e-2d6e-11ef-a02f-353536383939"],"_izettle_updated":["1718713710"],"_wcml_average_rating":[null],"_wcml_review_count":[null],"_wcml_rating_count":[null],"_product_shipping_weight":["1kg"],"copied_media_ids":["a:0:{}"],"referenced_media_ids":["a:21:{i:0;i:35170;i:1;i:35168;i:2;i:35166;i:3;i:35164;i:4;i:35162;i:5;i:35160;i:6;i:35156;i:7;i:35158;i:8;i:35154;i:9;i:35152;i:10;i:35150;i:11;i:35140;i:12;i:35146;i:13;i:35142;i:14;i:35144;i:15;i:35148;i:16;i:35134;i:17;i:35132;i:18;i:35136;i:19;i:35138;i:20;i:35130;}"],"rank_math_analytic_object_id":["1966"],"_uag_page_assets":["a:9:{s:3:\"css\";s:0:\"\";s:2:\"js\";s:0:\"\";s:18:\"current_block_list\";a:6:{i:0;s:26:\"woocommerce\/filter-wrapper\";i:1;s:24:\"woocommerce\/price-filter\";i:2;s:30:\"woocommerce\/product-categories\";i:3;s:14:\"core\/paragraph\";i:4;s:14:\"core\/shortcode\";i:5;s:11:\"core\/search\";}s:8:\"uag_flag\";b:0;s:11:\"uag_version\";s:10:\"1777446157\";s:6:\"gfonts\";a:0:{}s:10:\"gfonts_url\";s:0:\"\";s:12:\"gfonts_files\";a:0:{}s:14:\"uag_faq_layout\";b:0;}"],"_wc_rating_count":[""]},"uagb_featured_image_src":{"full":["https:\/\/ilovehandbags.com\/wp-content\/uploads\/sites\/3\/Louis-Vuitton-Noe-Grand-Vorderseite-2023-0358-scaled.jpg",1920,2560,false],"thumbnail":["https:\/\/ilovehandbags.com\/wp-content\/uploads\/sites\/3\/Louis-Vuitton-Noe-Grand-Vorderseite-2023-0358-scaled-150x150.jpg",150,150,true],"medium":["https:\/\/ilovehandbags.com\/wp-content\/uploads\/sites\/3\/Louis-Vuitton-Noe-Grand-Vorderseite-2023-0358-scaled-300x300.jpg",300,300,true],"medium_large":["https:\/\/ilovehandbags.com\/wp-content\/uploads\/sites\/3\/Louis-Vuitton-Noe-Grand-Vorderseite-2023-0358-scaled-768x768.jpg",768,768,true],"large":["https:\/\/ilovehandbags.com\/wp-content\/uploads\/sites\/3\/Louis-Vuitton-Noe-Grand-Vorderseite-2023-0358-scaled-1024x1024.jpg",1024,1024,true],"1536x1536":["https:\/\/ilovehandbags.com\/wp-content\/uploads\/sites\/3\/Louis-Vuitton-Noe-Grand-Vorderseite-2023-0358-scaled.jpg",1152,1536,false],"2048x2048":["https:\/\/ilovehandbags.com\/wp-content\/uploads\/sites\/3\/Louis-Vuitton-Noe-Grand-Vorderseite-2023-0358-scaled.jpg",1536,2048,false],"woocommerce_thumbnail":["https:\/\/ilovehandbags.com\/wp-content\/uploads\/sites\/3\/Louis-Vuitton-Noe-Grand-Vorderseite-2023-0358-scaled-500x500.jpg",500,500,true],"woocommerce_single":["https:\/\/ilovehandbags.com\/wp-content\/uploads\/sites\/3\/Louis-Vuitton-Noe-Grand-Vorderseite-2023-0358-scaled-500x500.jpg",500,500,true],"woocommerce_gallery_thumbnail":["https:\/\/ilovehandbags.com\/wp-content\/uploads\/sites\/3\/Louis-Vuitton-Noe-Grand-Vorderseite-2023-0358-scaled-100x100.jpg",100,100,true]},"uagb_author_info":{"display_name":"ILoveHandbags","author_link":"https:\/\/ilovehandbags.com\/de\/author\/"},"uagb_comment_info":0,"uagb_excerpt":"Der Sac Noe Grand ist ein Klassiker aus dem Haus Louis Vuitton. Dieses ikonische Modell wurde in den 30er Jahren f\u00fcr Champagner Produzenten f\u00fcr den Transport der Flaschen entworfen. Die Noe hat einen ger\u00e4umigen Innenraum. Sie l\u00e4sst sich sowohl in der Hand als auch \u00fcber der Schulter tragen.","_links":{"self":[{"href":"https:\/\/ilovehandbags.com\/de\/wp-json\/wp\/v2\/product\/35128","targetHints":{"allow":["GET"]}}],"collection":[{"href":"https:\/\/ilovehandbags.com\/de\/wp-json\/wp\/v2\/product"}],"about":[{"href":"https:\/\/ilovehandbags.com\/de\/wp-json\/wp\/v2\/types\/product"}],"wp:featuredmedia":[{"embeddable":true,"href":"https:\/\/ilovehandbags.com\/de\/wp-json\/wp\/v2\/media\/35170"}],"wp:attachment":[{"href":"https:\/\/ilovehandbags.com\/de\/wp-json\/wp\/v2\/media?parent=35128"}],"wp:term":[{"taxonomy":"product_brand","embeddable":true,"href":"https:\/\/ilovehandbags.com\/de\/wp-json\/wp\/v2\/product_brand?post=35128"},{"taxonomy":"product_cat","embeddable":true,"href":"https:\/\/ilovehandbags.com\/de\/wp-json\/wp\/v2\/product_cat?post=35128"},{"taxonomy":"product_tag","embeddable":true,"href":"https:\/\/ilovehandbags.com\/de\/wp-json\/wp\/v2\/product_tag?post=35128"}],"curies":[{"name":"wp","href":"https:\/\/api.w.org\/{rel}","templated":true}]}}