{"id":36370,"date":"2023-11-18T09:57:23","date_gmt":"2023-11-18T08:57:23","guid":{"rendered":"https:\/\/ilovehandbags.com\/?post_type=product&#038;p=36370"},"modified":"2025-08-13T09:33:11","modified_gmt":"2025-08-13T07:33:11","slug":"louis-vuitton-nice-bb-monogram-canvas","status":"publish","type":"product","link":"https:\/\/ilovehandbags.com\/de\/louis-vuitton-nice-bb-monogram-canvas\/","title":{"rendered":"Louis Vuitton Nice BB Monogram Canvas"},"content":{"rendered":"","protected":false},"excerpt":{"rendered":"<p>Zierlich und zugleich bezaubernd: Die elegante Poche Toilette, inspiriert vom ikonischen Louis Vuitton Nice Beautycase, ist eine stilvolle L\u00f6sung auf Reisen oder als Schmuckst\u00fcck im Badezimmer. Die Nice BB bietet ausreichend Platz um alle notwendigen Kosmetikprodukte auf Reisen mitzuf\u00fchren. Das Rei\u00dfverschlussfach unter dem \u00dcberschlag bietet ebenso diskreten Raum um kleine Dinge oder Wertgegenst\u00e4nde sicher zu verstauen.<\/p>\n","protected":false},"featured_media":36405,"template":"","meta":{"_uag_custom_page_level_css":"","site-sidebar-layout":"default","site-content-layout":"default","ast-site-content-layout":"default","site-content-style":"default","site-sidebar-style":"default","ast-global-header-display":"","ast-banner-title-visibility":"","ast-main-header-display":"","ast-hfb-above-header-display":"","ast-hfb-below-header-display":"","ast-hfb-mobile-header-display":"","site-post-title":"","ast-breadcrumbs-content":"","ast-featured-img":"","footer-sml-layout":"","ast-disable-related-posts":"","theme-transparent-header-meta":"default","adv-header-id-meta":"","stick-header-meta":"default","header-above-stick-meta":"","header-main-stick-meta":"","header-below-stick-meta":"","astra-migrate-meta-layouts":"set","ast-page-background-enabled":"default","ast-page-background-meta":{"desktop":{"background-color":"var(--ast-global-color-4)","background-image":"","background-repeat":"repeat","background-position":"center center","background-size":"auto","background-attachment":"scroll","background-type":"","background-media":"","overlay-type":"","overlay-color":"","overlay-opacity":"","overlay-gradient":""},"tablet":{"background-color":"","background-image":"","background-repeat":"repeat","background-position":"center center","background-size":"auto","background-attachment":"scroll","background-type":"","background-media":"","overlay-type":"","overlay-color":"","overlay-opacity":"","overlay-gradient":""},"mobile":{"background-color":"","background-image":"","background-repeat":"repeat","background-position":"center center","background-size":"auto","background-attachment":"scroll","background-type":"","background-media":"","overlay-type":"","overlay-color":"","overlay-opacity":"","overlay-gradient":""}},"ast-content-background-meta":{"desktop":{"background-color":"var(--ast-global-color-5)","background-image":"","background-repeat":"repeat","background-position":"center center","background-size":"auto","background-attachment":"scroll","background-type":"","background-media":"","overlay-type":"","overlay-color":"","overlay-opacity":"","overlay-gradient":""},"tablet":{"background-color":"var(--ast-global-color-5)","background-image":"","background-repeat":"repeat","background-position":"center center","background-size":"auto","background-attachment":"scroll","background-type":"","background-media":"","overlay-type":"","overlay-color":"","overlay-opacity":"","overlay-gradient":""},"mobile":{"background-color":"var(--ast-global-color-5)","background-image":"","background-repeat":"repeat","background-position":"center center","background-size":"auto","background-attachment":"scroll","background-type":"","background-media":"","overlay-type":"","overlay-color":"","overlay-opacity":"","overlay-gradient":""}},"_glsr_average":0,"_glsr_ranking":0,"_glsr_reviews":0},"product_brand":[],"product_cat":[237,239,238,449],"product_tag":[214,938,936,937,262],"class_list":{"0":"post-36370","1":"product","2":"type-product","3":"status-publish","4":"has-post-thumbnail","6":"product_cat-kleinlederwaren","7":"product_cat-louis-vuitton","8":"product_cat-reisegepaeck","9":"product_cat-bald-wieder-da","10":"product_tag-louis-vuitton","11":"product_tag-louis-vuitton-m42265","12":"product_tag-louis-vuitton-nice","13":"product_tag-louis-vuitton-nice-bb","14":"product_tag-louis-vuitton-poche-toilette","15":"desktop-align-left","16":"tablet-align-left","17":"mobile-align-left","18":"ast-product-gallery-layout-first-image-large","19":"ast-magnify-disabled","20":"ast-product-tabs-layout-accordion","22":"first","23":"outofstock","24":"sold-individually","25":"purchasable","26":"product-type-simple"},"spectra_custom_meta":{"_sku":["P3-0380"],"_regular_price":["790"],"total_sales":["1"],"_tax_status":["none"],"_tax_class":[""],"_manage_stock":["yes"],"_backorders":["no"],"_sold_individually":["yes"],"_virtual":["no"],"_downloadable":["no"],"_product_image_gallery":["36401,36403,36399,36397,36391,36393,36395,36387,36389,36385,36383,36381,36379,36377,36375,36373"],"_download_limit":["-1"],"_download_expiry":["-1"],"_thumbnail_id":["36405"],"_stock":["0"],"_stock_status":["outofstock"],"_wc_average_rating":[0],"_wc_review_count":["0"],"_product_attributes":["a:3:{s:8:\"pa_brand\";a:7:{s:4:\"name\";s:8:\"pa_brand\";s:5:\"value\";s:0:\"\";s:8:\"position\";i:1;s:10:\"is_visible\";i:0;s:12:\"is_variation\";i:1;s:11:\"is_taxonomy\";i:1;s:16:\"checkout_visible\";i:0;}s:8:\"pa_color\";a:7:{s:4:\"name\";s:8:\"pa_color\";s:5:\"value\";s:0:\"\";s:8:\"position\";i:2;s:10:\"is_visible\";i:0;s:12:\"is_variation\";i:1;s:11:\"is_taxonomy\";i:1;s:16:\"checkout_visible\";i:0;}s:9:\"pa_gender\";a:7:{s:4:\"name\";s:9:\"pa_gender\";s:5:\"value\";s:0:\"\";s:8:\"position\";i:3;s:10:\"is_visible\";i:0;s:12:\"is_variation\";i:1;s:11:\"is_taxonomy\";i:1;s:16:\"checkout_visible\";i:0;}}"],"_product_version":["10.0.4"],"_price":["790"],"_wpml_media_featured":["1","1","1","1"],"_wpml_media_duplicate":["1","1","1","1"],"_wpml_word_count":["81"],"_wpml_location_migration_done":["1"],"_fusion":["a:3:{s:17:\"slider_visibility\";s:51:\"small-visibility,medium-visibility,large-visibility\";s:11:\"slider_type\";s:2:\"no\";s:9:\"wooslider\";s:1:\"0\";}"],"rank_math_seo_score":["65"],"rank_math_focus_keyword":["louis vuitton nice bb"],"_purchase_price_field":["550"],"_internal_warehouse_number_field":["2023-0380"],"_gdrive_field":["https:\/\/drive.google.com\/drive\/u\/1\/folders\/1qdnsPmeXf0m0vq4BmLUDLLZ-QAh7KUVR"],"_unit":[""],"_unit_base":[""],"_unit_product":[""],"_unit_price_auto":["no"],"_unit_price_regular":[""],"_unit_price":[""],"_unit_price_sale":[""],"_sale_price_label":[""],"_sale_price_regular_label":[""],"_mini_desc":["Louis Vuitton Nice BB Monogram Canvas"],"_defect_description":[""],"_allergen_ids":["a:0:{}"],"_warranty_attachment_id":[""],"_min_age":[""],"_ts_gtin":[""],"_ts_mpn":[""],"_delivery_time_countries":["a:0:{}"],"_free_shipping":["no"],"_service":["no"],"_photovoltaic_system":["no"],"_used_good":["yes"],"_defective_copy":["no"],"_is_food":["no"],"_differential_taxation":["yes"],"_gzd_version":["3.20.0"],"_hs_code":[""],"_manufacture_country":["0"],"_rank_math_gtin_code":[""],"_fusion_google_fonts":[""],"fusion_builder_status":["active"],"rank_math_primary_product_cat":["0"],"_wcml_custom_prices_status":["0"],"avada_post_views_count":["71"],"avada_today_post_views_count":["1"],"avada_post_views_count_today_date":["06-04-2023"],"yikes_woo_products_tabs":["a:2:{i:0;a:3:{s:5:\"title\";s:21:\"Weitere Informationen\";s:2:\"id\";s:21:\"weitere-informationen\";s:7:\"content\";s:312:\"<strong>Material au\u00dfen:\u00a0<\/strong>Monogram Canvas mit Besatz aus Rindsleder\r\n<strong>Material innen: <\/strong>Leder\r\n<strong>Ma\u00dfe:\u00a0<\/strong>24 x 18 x 14.5 cm\r\n<strong>Date Code \/ Herstellungsjahr: <\/strong>PL3189 \/ 2019\r\n<strong>SKU: <\/strong>M42265\r\n<strong>Lieferumfang:<\/strong> I Love Handbags Staubbeutel\";}i:1;a:3:{s:5:\"title\";s:7:\"Zustand\";s:2:\"id\";s:7:\"zustand\";s:7:\"content\";s:283:\"<strong>Gesamtzustand:\u00a0<\/strong>sehr gut\r\n<strong>Canvas:\u00a0<\/strong>intakt\r\n<strong>Vachetta:\u00a0<\/strong>leichte Patina mit Wasserfleck am Griff\r\n<strong>Rei\u00dfverschluss: <\/strong>schlie\u00dft gut\r\n<strong>Hardware:\u00a0<\/strong>minimale Gebrauchsspuren\r\n<strong>Innenraum: <\/strong>sauber\";}}"],"_deposit_type":[""],"_nutrient_ids":["a:0:{}"],"_nutrient_reference_value":["100g"],"_ingredients":[""],"_nutri_score":[""],"_alcohol_content":[""],"_drained_weight":[""],"_net_filling_quantity":[""],"_food_distributor":[""],"_food_description":[""],"_food_place_of_origin":[""],"_deposit_quantity":[""],"site-sidebar-layout":["default"],"site-content-layout":["default"],"theme-transparent-header-meta":["default"],"stick-header-meta":["default"],"_default_delivery_time":[""],"rank_math_robots":["a:1:{i:0;s:5:\"index\";}"],"_pys_conversion_label_settings":["a:3:{s:6:\"enable\";b:0;s:5:\"label\";s:0:\"\";s:2:\"id\";s:14:\"AW-11184563350\";}"],"_pys_super_pack_cpt_url":[""],"_pys_super_pack_cpt_condition":["only"],"_pys_super_pack_cpt_cart":["hidden"],"_woosea_brand":[""],"_woosea_mpn":[""],"_woosea_upc":[""],"_woosea_ean":[""],"_woosea_gtin":[""],"_woosea_color":[""],"_woosea_size":[""],"_woosea_gender":[""],"_woosea_material":[""],"_woosea_pattern":[""],"_woosea_optimized_title":[""],"_woosea_unit_pricing_measure":[""],"_woosea_unit_pricing_base_measure":[""],"_woosea_condition":[""],"_woosea_age_group":["adult"],"_woosea_installment_months":[""],"_woosea_installment_amount":[""],"_woosea_exclude_product":["no"],"_woosea_cost_of_good_sold":[""],"_woosea_multipack":[""],"_woosea_is_bundle":[""],"_woosea_energy_efficiency_class":[""],"_woosea_min_energy_efficiency_class":[""],"_woosea_max_energy_efficiency_class":[""],"_woosea_is_promotion":[""],"_woosea_custom_field_0":[""],"_woosea_custom_field_1":[""],"_woosea_custom_field_2":[""],"_woosea_custom_field_3":[""],"_woosea_custom_field_4":[""],"_pys_head_footer":["a:7:{s:14:\"disable_global\";b:0;s:8:\"head_any\";s:0:\"\";s:12:\"head_desktop\";s:0:\"\";s:11:\"head_mobile\";s:0:\"\";s:10:\"footer_any\";s:0:\"\";s:14:\"footer_desktop\";s:0:\"\";s:13:\"footer_mobile\";s:0:\"\";}"],"_customs_description":[""],"_is_non_returnable":["no"],"litespeed_vpi_list_mobile":["a:2:{i:0;s:8:\"logo.png\";i:1;s:66:\"Louis-Vuitton-Poche-Toilette-19-seite-2023-0078-scaled-500x500.jpg\";}"],"litespeed_vpi_list":["a:3:{i:0;s:8:\"logo.png\";i:1;s:6:\"de.png\";i:2;s:66:\"Louis-Vuitton-Poche-Toilette-19-seite-2023-0078-scaled-500x500.jpg\";}"],"_wpml_media_has_media":["1"],"_internal_date_code":["PL3189"],"_internal_product_origin":["Italy"],"ast-site-content-layout":["default"],"site-content-style":["default"],"site-sidebar-style":["default"],"_wp_old_date":["2023-10-22","2023-11-15"],"_product_rating":["A"],"_edit_lock":["1755070383:4"],"_edit_last":["4"],"_izettle_image_lookup_key":["3kyncy1cEe-udXp3qLWasA-N-tZ8S1uEe-yLbLasvfiQg"],"woocommerce_izettle_product_uuid":["37ef723e-2d6e-11ef-988f-353536383939"],"woocommerce_izettle_variant_uuid":["37ef8b70-2d6e-11ef-8c83-353536383939"],"_izettle_updated":["1718713688"],"_product_shipping_weight":["1kg"],"sib_push_meta_box_present":["1"],"sib_push_send_notification":["0"],"sib_push_target_segment_ids":["@ALL"],"_not_in_inventory_checkbox":[""],"_product_available_from_field":[""],"_manufacturer_slug":[""],"_safety_instructions":[""],"_safety_attachment_ids":["a:0:{}"],"_wireless_electronic_device":["no"],"_device_contains_power_supply":["no"],"_device_charging_supports_usb_pd":["no"],"_device_charging_watt_min":[""],"_device_charging_watt_max":[""],"_shipping_length":[""],"_shipping_width":[""],"_shipping_height":[""],"_izettle_barcode":[""],"_izettle_nosync":[""],"_izettle_cost_price":[""],"_izettle_special_price":[""],"_izettle_product_name":[""],"_zettle_product_cat_id":[""],"_nickx_video_text_url":["a:1:{i:0;s:0:\"\";}"],"_nickx_product_video_type":["a:1:{i:0;s:23:\"nickx_video_url_youtube\";}"],"_nickx_product_video_thumb_ids":["a:1:{i:0;s:0:\"\";}"],"_custom_html_content":[""],"rank_math_primary_product_brand":["0"],"_ame_cpe_post_policy":["{\"accessProtection\":{\"active\":\"replace\"}}"],"_product_reserve_till_field":[""],"_wcml_average_rating":[null],"_wcml_review_count":[null],"_wcml_rating_count":[null],"sib_push_send_notification_delay_seconds":[null],"sib_push_target_tags":[null],"sib_push_target_brevo_segment_ids":[null],"sib_push_target_brevo_list_ids":[null],"sib_push_utm_source":[null],"sib_push_utm_medium":[null],"sib_push_utm_campaign":[null],"sib_push_utm_term":[null],"sib_push_utm_content":[null],"astra-migrate-meta-layouts":["set"],"copied_media_ids":["a:0:{}"],"referenced_media_ids":["a:17:{i:0;i:36405;i:1;i:36401;i:2;i:36403;i:3;i:36399;i:4;i:36397;i:5;i:36391;i:6;i:36393;i:7;i:36395;i:8;i:36387;i:9;i:36389;i:10;i:36385;i:11;i:36383;i:12;i:36381;i:13;i:36379;i:14;i:36377;i:15;i:36375;i:16;i:36373;}"],"rank_math_analytic_object_id":["1948"],"_wc_rating_count":[""]},"uagb_featured_image_src":{"full":["https:\/\/ilovehandbags.com\/wp-content\/uploads\/sites\/3\/Louis-Vuitton-Nice-BB-Vorderseite-2023-0380-scaled.jpg",1920,2560,false],"thumbnail":["https:\/\/ilovehandbags.com\/wp-content\/uploads\/sites\/3\/Louis-Vuitton-Nice-BB-Vorderseite-2023-0380-scaled-150x150.jpg",150,150,true],"medium":["https:\/\/ilovehandbags.com\/wp-content\/uploads\/sites\/3\/Louis-Vuitton-Nice-BB-Vorderseite-2023-0380-scaled-300x300.jpg",300,300,true],"medium_large":["https:\/\/ilovehandbags.com\/wp-content\/uploads\/sites\/3\/Louis-Vuitton-Nice-BB-Vorderseite-2023-0380-scaled-768x768.jpg",768,768,true],"large":["https:\/\/ilovehandbags.com\/wp-content\/uploads\/sites\/3\/Louis-Vuitton-Nice-BB-Vorderseite-2023-0380-scaled-1024x1024.jpg",1024,1024,true],"1536x1536":["https:\/\/ilovehandbags.com\/wp-content\/uploads\/sites\/3\/Louis-Vuitton-Nice-BB-Vorderseite-2023-0380-scaled.jpg",1152,1536,false],"2048x2048":["https:\/\/ilovehandbags.com\/wp-content\/uploads\/sites\/3\/Louis-Vuitton-Nice-BB-Vorderseite-2023-0380-scaled.jpg",1536,2048,false],"woocommerce_thumbnail":["https:\/\/ilovehandbags.com\/wp-content\/uploads\/sites\/3\/Louis-Vuitton-Nice-BB-Vorderseite-2023-0380-scaled-500x500.jpg",500,500,true],"woocommerce_single":["https:\/\/ilovehandbags.com\/wp-content\/uploads\/sites\/3\/Louis-Vuitton-Nice-BB-Vorderseite-2023-0380-scaled-500x500.jpg",500,500,true],"woocommerce_gallery_thumbnail":["https:\/\/ilovehandbags.com\/wp-content\/uploads\/sites\/3\/Louis-Vuitton-Nice-BB-Vorderseite-2023-0380-scaled-100x100.jpg",100,100,true]},"uagb_author_info":{"display_name":"ILoveHandbags","author_link":"https:\/\/ilovehandbags.com\/de\/author\/"},"uagb_comment_info":0,"uagb_excerpt":"Zierlich und zugleich bezaubernd: Die elegante Poche Toilette, inspiriert vom ikonischen Louis Vuitton Nice Beautycase, ist eine stilvolle L\u00f6sung auf Reisen oder als Schmuckst\u00fcck im Badezimmer. Die Nice BB bietet ausreichend Platz um alle notwendigen Kosmetikprodukte auf Reisen mitzuf\u00fchren. Das Rei\u00dfverschlussfach unter dem \u00dcberschlag bietet ebenso diskreten Raum um kleine Dinge oder Wertgegenst\u00e4nde sicher zu&hellip;","_links":{"self":[{"href":"https:\/\/ilovehandbags.com\/de\/wp-json\/wp\/v2\/product\/36370","targetHints":{"allow":["GET"]}}],"collection":[{"href":"https:\/\/ilovehandbags.com\/de\/wp-json\/wp\/v2\/product"}],"about":[{"href":"https:\/\/ilovehandbags.com\/de\/wp-json\/wp\/v2\/types\/product"}],"wp:featuredmedia":[{"embeddable":true,"href":"https:\/\/ilovehandbags.com\/de\/wp-json\/wp\/v2\/media\/36405"}],"wp:attachment":[{"href":"https:\/\/ilovehandbags.com\/de\/wp-json\/wp\/v2\/media?parent=36370"}],"wp:term":[{"taxonomy":"product_brand","embeddable":true,"href":"https:\/\/ilovehandbags.com\/de\/wp-json\/wp\/v2\/product_brand?post=36370"},{"taxonomy":"product_cat","embeddable":true,"href":"https:\/\/ilovehandbags.com\/de\/wp-json\/wp\/v2\/product_cat?post=36370"},{"taxonomy":"product_tag","embeddable":true,"href":"https:\/\/ilovehandbags.com\/de\/wp-json\/wp\/v2\/product_tag?post=36370"}],"curies":[{"name":"wp","href":"https:\/\/api.w.org\/{rel}","templated":true}]}}