{"id":36541,"date":"2023-11-28T17:28:10","date_gmt":"2023-11-28T16:28:10","guid":{"rendered":"https:\/\/ilovehandbags.com\/?post_type=product&#038;p=36541"},"modified":"2025-08-23T08:06:05","modified_gmt":"2025-08-23T06:06:05","slug":"ilovehandbags-geschenkgutschein","status":"publish","type":"product","link":"https:\/\/ilovehandbags.com\/de\/ilovehandbags-geschenkgutschein\/","title":{"rendered":"I Love Handbags Geschenkgutschein"},"content":{"rendered":"","protected":false},"excerpt":{"rendered":"<p>\u00dcberrasche deine Liebsten mit unserem sch\u00f6nen Geschenkgutschein. Der Gutschein kommt in ansprechender Verpackung, der du noch deinen individuellen Gru\u00df beif\u00fcgen kannst. Lass deine Liebsten ihre Traum Designertasche selbst w\u00e4hlen und die Liebe zur Mode feiern \u2013 Stil, Klasse und zeitlose Eleganz in einem Gutschein! Der Gutschein wird nach Zahlungseingang per Post an dich versendet. Versand ist kostenfrei.<\/p>\n","protected":false},"featured_media":36645,"template":"","meta":{"_uag_custom_page_level_css":"","site-sidebar-layout":"default","site-content-layout":"","ast-site-content-layout":"default","site-content-style":"default","site-sidebar-style":"default","ast-global-header-display":"","ast-banner-title-visibility":"","ast-main-header-display":"","ast-hfb-above-header-display":"","ast-hfb-below-header-display":"","ast-hfb-mobile-header-display":"","site-post-title":"","ast-breadcrumbs-content":"","ast-featured-img":"","footer-sml-layout":"","ast-disable-related-posts":"","theme-transparent-header-meta":"default","adv-header-id-meta":"","stick-header-meta":"default","header-above-stick-meta":"","header-main-stick-meta":"","header-below-stick-meta":"","astra-migrate-meta-layouts":"set","ast-page-background-enabled":"default","ast-page-background-meta":{"desktop":{"background-color":"var(--ast-global-color-4)","background-image":"","background-repeat":"repeat","background-position":"center center","background-size":"auto","background-attachment":"scroll","background-type":"","background-media":"","overlay-type":"","overlay-color":"","overlay-opacity":"","overlay-gradient":""},"tablet":{"background-color":"","background-image":"","background-repeat":"repeat","background-position":"center center","background-size":"auto","background-attachment":"scroll","background-type":"","background-media":"","overlay-type":"","overlay-color":"","overlay-opacity":"","overlay-gradient":""},"mobile":{"background-color":"","background-image":"","background-repeat":"repeat","background-position":"center center","background-size":"auto","background-attachment":"scroll","background-type":"","background-media":"","overlay-type":"","overlay-color":"","overlay-opacity":"","overlay-gradient":""}},"ast-content-background-meta":{"desktop":{"background-color":"var(--ast-global-color-5)","background-image":"","background-repeat":"repeat","background-position":"center center","background-size":"auto","background-attachment":"scroll","background-type":"","background-media":"","overlay-type":"","overlay-color":"","overlay-opacity":"","overlay-gradient":""},"tablet":{"background-color":"var(--ast-global-color-5)","background-image":"","background-repeat":"repeat","background-position":"center center","background-size":"auto","background-attachment":"scroll","background-type":"","background-media":"","overlay-type":"","overlay-color":"","overlay-opacity":"","overlay-gradient":""},"mobile":{"background-color":"var(--ast-global-color-5)","background-image":"","background-repeat":"repeat","background-position":"center center","background-size":"auto","background-attachment":"scroll","background-type":"","background-media":"","overlay-type":"","overlay-color":"","overlay-opacity":"","overlay-gradient":""}},"_glsr_average":0,"_glsr_ranking":0,"_glsr_reviews":0},"product_brand":[],"product_cat":[945],"product_tag":[],"class_list":{"0":"post-36541","1":"product","2":"type-product","3":"status-publish","4":"has-post-thumbnail","6":"product_cat-geschenkgutschein","7":"desktop-align-left","8":"tablet-align-left","9":"mobile-align-left","10":"ast-product-gallery-layout-first-image-large","11":"ast-magnify-disabled","12":"ast-product-single-variable","13":"ast-product-tabs-layout-accordion","15":"first","16":"instock","17":"purchasable","18":"product-type-variable"},"spectra_custom_meta":{"_wpml_word_count":["77"],"yikes_woo_products_tabs":["a:2:{i:0;a:3:{s:5:\"title\";s:16:\"Flexibler Betrag\";s:2:\"id\";s:16:\"flexibler-betrag\";s:7:\"content\";s:183:\"Sofern der gew\u00fcnschte Betrag nicht als Standardoption verf\u00fcgbar ist, besteht auch die M\u00f6glichkeit, ihn durch die Kombination von mehreren Gutscheinen individuell zusammenzustellen.\";}i:1;a:3:{s:5:\"title\";s:20:\"Gutscheinbedingungen\";s:2:\"id\";s:20:\"gutscheinbedingungen\";s:7:\"content\";s:976:\"Der Gutschein kann online unter ilovehandbags.com oder in unserem Showroom eingel\u00f6st werden. Der Gutschein und evtl. Restguthaben sind bis zum Ende des dritten Jahres nach dem Jahr des Gutscheinkaufs einl\u00f6sbar. Danach verf\u00e4llt der Gutschein. Der Gutschein kann nur vor Abschluss des Bestellvorgangs eingel\u00f6st werden. Eine nachtr\u00e4gliche Verrechnung ist nicht m\u00f6glich. Der Gutschein kann nur f\u00fcr den Kauf von Waren und nicht f\u00fcr den Kauf von weiteren Gutscheinen verwendet werden. Gutschein-Guthaben weder in Bargeld ausgezahlt noch verzinst. Werden Produkte mit einem h\u00f6heren Wert als dem Geschenkwert ausgew\u00e4hlt, muss der Kunde die Differenz zahlen. Der Gutschein ist \u00fcbertragbar. Der Verk\u00e4ufer kann mit befreiender Wirkung an den jeweiligen Inhaber leisten. Dies gilt nicht, wenn der Verk\u00e4ufer Kenntnis oder grob fahrl\u00e4ssige Unkenntnis von der Nichtberechtigung, der Gesch\u00e4ftsunf\u00e4higkeit oder der fehlenden Vertretungsberechtigung des jeweiligen Inhabers hat.\";}}"],"total_sales":["0"],"_tax_status":["none"],"_tax_class":["zero-rate"],"_manage_stock":["no"],"_backorders":["no"],"_sold_individually":["no"],"_virtual":["no"],"_downloadable":["no"],"_download_limit":["-1"],"_download_expiry":["-1"],"_stock":[null],"_stock_status":["instock"],"_wc_average_rating":[0],"_wc_review_count":["0"],"_product_attributes":["a:2:{s:4:\"wert\";a:7:{s:4:\"name\";s:4:\"Wert\";s:5:\"value\";s:66:\"25 | 50 | 75 | 100 | 150 | 200 | 250 | 300 | 350 | 400 | 450 | 500\";s:8:\"position\";i:0;s:10:\"is_visible\";i:0;s:12:\"is_variation\";i:1;s:11:\"is_taxonomy\";i:0;s:16:\"checkout_visible\";i:0;}s:9:\"pa_gender\";a:7:{s:4:\"name\";s:9:\"pa_gender\";s:5:\"value\";s:0:\"\";s:8:\"position\";i:1;s:10:\"is_visible\";i:0;s:12:\"is_variation\";i:0;s:11:\"is_taxonomy\";i:1;s:16:\"checkout_visible\";i:0;}}"],"_product_version":["10.1.1"],"_edit_lock":["1755632428:1"],"rank_math_seo_score":["84"],"_edit_last":["4"],"_pys_conversion_label_settings":["a:3:{s:6:\"enable\";b:0;s:5:\"label\";s:0:\"\";s:2:\"id\";s:14:\"AW-11184563350\";}"],"_pys_super_pack_cpt_url":[""],"_pys_super_pack_cpt_condition":["only"],"_pys_super_pack_cpt_cart":["hidden"],"_woosea_brand":["I Love Handbags"],"_woosea_mpn":[""],"_woosea_upc":[""],"_woosea_ean":[""],"_woosea_gtin":[""],"_woosea_color":[""],"_woosea_size":[""],"_woosea_gender":[""],"_woosea_material":[""],"_woosea_pattern":[""],"_woosea_optimized_title":[""],"_woosea_unit_pricing_measure":[""],"_woosea_unit_pricing_base_measure":[""],"_woosea_condition":[""],"_woosea_age_group":["adult"],"_woosea_installment_months":[""],"_woosea_installment_amount":[""],"_woosea_exclude_product":["no"],"_woosea_cost_of_good_sold":[""],"_woosea_multipack":[""],"_woosea_is_bundle":[""],"_woosea_energy_efficiency_class":[""],"_woosea_min_energy_efficiency_class":[""],"_woosea_max_energy_efficiency_class":[""],"_woosea_is_promotion":[""],"_woosea_custom_field_0":[""],"_woosea_custom_field_1":[""],"_woosea_custom_field_2":[""],"_woosea_custom_field_3":[""],"_woosea_custom_field_4":[""],"_purchase_price_field":[""],"_internal_warehouse_number_field":["2023-0384"],"_gdrive_field":[""],"_internal_date_code":[""],"_internal_product_origin":[""],"_unit":[""],"_unit_base":[""],"_unit_product":[""],"_unit_price_auto":["no"],"_unit_price_regular":[""],"_unit_price":[""],"_unit_price_sale":[""],"_sale_price_label":[""],"_sale_price_regular_label":[""],"_mini_desc":["Geschenkgutschein"],"_defect_description":[""],"_allergen_ids":["a:0:{}"],"_warranty_attachment_id":[""],"_min_age":["18"],"_ts_gtin":[""],"_ts_mpn":[""],"_delivery_time_countries":["a:0:{}"],"_free_shipping":["yes"],"_service":["no"],"_photovoltaic_system":["no"],"_used_good":["no"],"_defective_copy":["no"],"_is_food":["no"],"_differential_taxation":["no"],"_gzd_version":["3.18.5"],"_hs_code":[""],"_customs_description":[""],"_manufacture_country":["DE"],"_is_non_returnable":["no"],"_rank_math_gtin_code":[""],"_pys_head_footer":["a:7:{s:14:\"disable_global\";b:0;s:8:\"head_any\";s:0:\"\";s:12:\"head_desktop\";s:0:\"\";s:11:\"head_mobile\";s:0:\"\";s:10:\"footer_any\";s:0:\"\";s:14:\"footer_desktop\";s:0:\"\";s:13:\"footer_mobile\";s:0:\"\";}"],"rank_math_primary_product_cat":["945"],"site-sidebar-layout":["default"],"ast-site-content-layout":["default"],"site-content-style":["default"],"site-sidebar-style":["default"],"theme-transparent-header-meta":["default"],"stick-header-meta":["default"],"_wpml_media_duplicate":["1"],"_wpml_media_featured":["1"],"_wcml_custom_prices_status":["0"],"_wpml_location_migration_done":["1"],"_product_rating":[""],"rank_math_focus_keyword":["Geschenkgutschein,ilovehandbags"],"rank_math_title":["I Love Handbags Geschenkgutschein - \u00dcberrasche deine Liebsten"],"rank_math_description":["Schenke Stil, Klasse und zeitlose Eleganz mit unserem Geschenkgutschein von I Love Handbags. Individuell verpackt, inklusive pers\u00f6nlichem Gru\u00df."],"rank_math_facebook_title":["\u00dcberrasche deine Liebsten mit dem I Love Handbags Geschenkgutschein f\u00fcr zeitlose Eleganz"],"rank_math_facebook_description":["Schenke Stil, Klasse und zeitlose Eleganz mit dem Geschenkgutschein von I Love Handbags. Ein perfektes Geschenk f\u00fcr Fashionistas! Individuell verpackt und inklusive pers\u00f6nlichem Gru\u00df. Jetzt entdecken und stilvoll \u00fcberraschen. #Geschenkgutschein #ilovehandbags"],"_sku":["P3-0384"],"rank_math_ca_keyword":["a:2:{s:7:\"keyword\";s:17:\"geschenkgutschein\";s:7:\"country\";s:5:\"de_DE\";}"],"rank_math_contentai_score":["a:5:{s:9:\"wordCount\";s:2:\"28\";s:9:\"linkCount\";s:1:\"0\";s:12:\"headingCount\";s:1:\"0\";s:10:\"mediaCount\";s:1:\"0\";s:8:\"keywords\";s:5:\"53.33\";}"],"_thumbnail_id":["36645"],"_default_delivery_time":["1-2-werktage"],"_wpml_media_has_media":["1"],"_product_image_gallery":["36643,36638"],"litespeed_vpi_list_mobile":["a:2:{i:0;s:8:\"logo.png\";i:1;s:50:\"PhotoRoom_000_20231119_120527-1-scaled-500x500.jpg\";}"],"litespeed_vpi_list":["a:3:{i:0;s:8:\"logo.png\";i:1;s:6:\"de.png\";i:2;s:50:\"PhotoRoom_000_20231119_120527-1-scaled-500x500.jpg\";}"],"_wp_old_date":["2023-11-17"],"_custom_html_content":[""],"rank_math_robots":["a:1:{i:0;s:5:\"index\";}"],"_not_in_inventory_checkbox":["yes"],"_customer_view":["8"],"_custom_view_last_updated":["2026-03-15 15:09:28"],"_izettle_image_lookup_key":["3kyncy1cEe-udXp3qLWasA-UvZfe0bCEfC6Tf1JLAZ7lg"],"woocommerce_izettle_product_uuid":["93e71888-ab15-11ef-b8c0-353536383939"],"_izettle_updated":["1755929165"],"_izettle_product_etag":["926FA7ECCF80399F82CEB34FB6920C45"],"_izettle_barcode":[""],"_izettle_nosync":[""],"_izettle_cost_price":[""],"_izettle_special_price":[""],"_izettle_product_name":[""],"_zettle_product_cat_id":[""],"_shipping_length":[""],"_shipping_width":[""],"_shipping_height":[""],"_product_shipping_weight":["1kg"],"_product_available_from_field":[""],"_manufacturer_slug":[""],"_safety_attachment_ids":["a:0:{}"],"_nickx_video_text_url":["a:1:{i:0;s:0:\"\";}"],"_nickx_product_video_type":["a:1:{i:0;s:23:\"nickx_video_url_youtube\";}"],"_nickx_product_video_thumb_ids":["a:1:{i:0;s:0:\"\";}"],"_price":["25","50","75","100","150","200","250","300","350","400","450","500"],"_safety_instructions":[""],"_product_reserve_till_field":[""],"astra-migrate-meta-layouts":["set"],"_wcml_average_rating":[null],"_wcml_review_count":[null],"_wcml_rating_count":[null],"copied_media_ids":["a:0:{}"],"referenced_media_ids":["a:3:{i:0;i:36645;i:1;i:36643;i:2;i:36638;}"],"rank_math_analytic_object_id":["1927"],"_uag_page_assets":["a:9:{s:3:\"css\";s:0:\"\";s:2:\"js\";s:0:\"\";s:18:\"current_block_list\";a:6:{i:0;s:26:\"woocommerce\/filter-wrapper\";i:1;s:24:\"woocommerce\/price-filter\";i:2;s:30:\"woocommerce\/product-categories\";i:3;s:14:\"core\/paragraph\";i:4;s:14:\"core\/shortcode\";i:5;s:11:\"core\/search\";}s:8:\"uag_flag\";b:0;s:11:\"uag_version\";s:10:\"1775954881\";s:6:\"gfonts\";a:0:{}s:10:\"gfonts_url\";s:0:\"\";s:12:\"gfonts_files\";a:0:{}s:14:\"uag_faq_layout\";b:0;}"],"_wc_rating_count":[""]},"uagb_featured_image_src":{"full":["https:\/\/ilovehandbags.com\/wp-content\/uploads\/sites\/3\/PhotoRoom_000_20231119_120527-1-scaled.jpg",2560,2560,false],"thumbnail":["https:\/\/ilovehandbags.com\/wp-content\/uploads\/sites\/3\/PhotoRoom_000_20231119_120527-1-scaled-150x150.jpg",150,150,true],"medium":["https:\/\/ilovehandbags.com\/wp-content\/uploads\/sites\/3\/PhotoRoom_000_20231119_120527-1-scaled-300x300.jpg",300,300,true],"medium_large":["https:\/\/ilovehandbags.com\/wp-content\/uploads\/sites\/3\/PhotoRoom_000_20231119_120527-1-scaled-768x768.jpg",768,768,true],"large":["https:\/\/ilovehandbags.com\/wp-content\/uploads\/sites\/3\/PhotoRoom_000_20231119_120527-1-scaled-1024x1024.jpg",1024,1024,true],"1536x1536":["https:\/\/ilovehandbags.com\/wp-content\/uploads\/sites\/3\/PhotoRoom_000_20231119_120527-1-scaled.jpg",1536,1536,false],"2048x2048":["https:\/\/ilovehandbags.com\/wp-content\/uploads\/sites\/3\/PhotoRoom_000_20231119_120527-1-scaled.jpg",2048,2048,false],"woocommerce_thumbnail":["https:\/\/ilovehandbags.com\/wp-content\/uploads\/sites\/3\/PhotoRoom_000_20231119_120527-1-scaled-500x500.jpg",500,500,true],"woocommerce_single":["https:\/\/ilovehandbags.com\/wp-content\/uploads\/sites\/3\/PhotoRoom_000_20231119_120527-1-scaled-500x500.jpg",500,500,true],"woocommerce_gallery_thumbnail":["https:\/\/ilovehandbags.com\/wp-content\/uploads\/sites\/3\/PhotoRoom_000_20231119_120527-1-scaled-100x100.jpg",100,100,true]},"uagb_author_info":{"display_name":"akhan","author_link":"https:\/\/ilovehandbags.com\/de\/author\/"},"uagb_comment_info":0,"uagb_excerpt":"\u00dcberrasche deine Liebsten mit unserem sch\u00f6nen Geschenkgutschein. Der Gutschein kommt in ansprechender Verpackung, der du noch deinen individuellen Gru\u00df beif\u00fcgen kannst. Lass deine Liebsten ihre Traum Designertasche selbst w\u00e4hlen und die Liebe zur Mode feiern \u2013 Stil, Klasse und zeitlose Eleganz in einem Gutschein! Der Gutschein wird nach Zahlungseingang per Post an dich versendet. Versand&hellip;","_links":{"self":[{"href":"https:\/\/ilovehandbags.com\/de\/wp-json\/wp\/v2\/product\/36541","targetHints":{"allow":["GET"]}}],"collection":[{"href":"https:\/\/ilovehandbags.com\/de\/wp-json\/wp\/v2\/product"}],"about":[{"href":"https:\/\/ilovehandbags.com\/de\/wp-json\/wp\/v2\/types\/product"}],"wp:featuredmedia":[{"embeddable":true,"href":"https:\/\/ilovehandbags.com\/de\/wp-json\/wp\/v2\/media\/36645"}],"wp:attachment":[{"href":"https:\/\/ilovehandbags.com\/de\/wp-json\/wp\/v2\/media?parent=36541"}],"wp:term":[{"taxonomy":"product_brand","embeddable":true,"href":"https:\/\/ilovehandbags.com\/de\/wp-json\/wp\/v2\/product_brand?post=36541"},{"taxonomy":"product_cat","embeddable":true,"href":"https:\/\/ilovehandbags.com\/de\/wp-json\/wp\/v2\/product_cat?post=36541"},{"taxonomy":"product_tag","embeddable":true,"href":"https:\/\/ilovehandbags.com\/de\/wp-json\/wp\/v2\/product_tag?post=36541"}],"curies":[{"name":"wp","href":"https:\/\/api.w.org\/{rel}","templated":true}]}}