{"id":37097,"date":"2023-12-17T16:00:08","date_gmt":"2023-12-17T15:00:08","guid":{"rendered":"https:\/\/ilovehandbags.com\/?post_type=product&#038;p=37097"},"modified":"2025-03-19T14:12:25","modified_gmt":"2025-03-19T13:12:25","slug":"chanel-wallet-on-chain-woc-pochette-kalbsleder-light-beige-ghw","status":"publish","type":"product","link":"https:\/\/ilovehandbags.com\/de\/chanel-wallet-on-chain-woc-pochette-kalbsleder-light-beige-ghw\/","title":{"rendered":"Chanel Wallet on Chain WOC Pochette Kalbsleder Light Beige GHW"},"content":{"rendered":"","protected":false},"excerpt":{"rendered":"<p>Erlebe den zeitlosen Luxus der Chanel Wallet on Chain, liebevoll als WOC bekannt. Von keinem Geringeren als dem legend\u00e4ren Karl Lagerfeld entworfen, vereint dieses begehrte Accessoire meisterhaft Funktionalit\u00e4t mit Eleganz. Die WOC besticht durch ihr charakteristisches gestepptes Leder und das unverkennbare CC-Logo, das einen Hauch von Raffinesse verleiht. In der atemberaubenden Nuance Light Beige pr\u00e4sentiert sich dieses Modell als perfekte Symbiose aus Stil und Vielseitigkeit. Deine WOC ist nicht nur eine stilvolle Geldb\u00f6rse, sondern bietet auch gen\u00fcgend Raum f\u00fcr unverzichtbare Essentials wie Geld, Karten und Schl\u00fcssel. Dank des Kettenschulterbands kannst du sie m\u00fchelos als Umh\u00e4ngetasche tragen \u2013 ein unverzichtbarer Begleiter f\u00fcr jeden Anlass.<\/p>\n","protected":false},"featured_media":40260,"template":"","meta":{"_uag_custom_page_level_css":"","site-sidebar-layout":"default","site-content-layout":"default","ast-site-content-layout":"default","site-content-style":"default","site-sidebar-style":"default","ast-global-header-display":"","ast-banner-title-visibility":"","ast-main-header-display":"","ast-hfb-above-header-display":"","ast-hfb-below-header-display":"","ast-hfb-mobile-header-display":"","site-post-title":"","ast-breadcrumbs-content":"","ast-featured-img":"","footer-sml-layout":"","ast-disable-related-posts":"","theme-transparent-header-meta":"default","adv-header-id-meta":"","stick-header-meta":"default","header-above-stick-meta":"","header-main-stick-meta":"","header-below-stick-meta":"","astra-migrate-meta-layouts":"set","ast-page-background-enabled":"default","ast-page-background-meta":{"desktop":{"background-color":"var(--ast-global-color-4)","background-image":"","background-repeat":"repeat","background-position":"center center","background-size":"auto","background-attachment":"scroll","background-type":"","background-media":"","overlay-type":"","overlay-color":"","overlay-opacity":"","overlay-gradient":""},"tablet":{"background-color":"","background-image":"","background-repeat":"repeat","background-position":"center center","background-size":"auto","background-attachment":"scroll","background-type":"","background-media":"","overlay-type":"","overlay-color":"","overlay-opacity":"","overlay-gradient":""},"mobile":{"background-color":"","background-image":"","background-repeat":"repeat","background-position":"center center","background-size":"auto","background-attachment":"scroll","background-type":"","background-media":"","overlay-type":"","overlay-color":"","overlay-opacity":"","overlay-gradient":""}},"ast-content-background-meta":{"desktop":{"background-color":"var(--ast-global-color-5)","background-image":"","background-repeat":"repeat","background-position":"center center","background-size":"auto","background-attachment":"scroll","background-type":"","background-media":"","overlay-type":"","overlay-color":"","overlay-opacity":"","overlay-gradient":""},"tablet":{"background-color":"var(--ast-global-color-5)","background-image":"","background-repeat":"repeat","background-position":"center center","background-size":"auto","background-attachment":"scroll","background-type":"","background-media":"","overlay-type":"","overlay-color":"","overlay-opacity":"","overlay-gradient":""},"mobile":{"background-color":"var(--ast-global-color-5)","background-image":"","background-repeat":"repeat","background-position":"center center","background-size":"auto","background-attachment":"scroll","background-type":"","background-media":"","overlay-type":"","overlay-color":"","overlay-opacity":"","overlay-gradient":""}},"_glsr_average":0,"_glsr_ranking":0,"_glsr_reviews":0},"product_brand":[1593],"product_cat":[235,208,242,204,449],"product_tag":[325,959,327,326,1074],"class_list":{"0":"post-37097","1":"product","2":"type-product","3":"status-publish","4":"has-post-thumbnail","6":"product_brand-chanel","7":"product_cat-chanel","8":"product_cat-handtaschen","9":"product_cat-kleine-taschen","10":"product_cat-umhaengetaschen","11":"product_cat-bald-wieder-da","12":"product_tag-chanel","13":"product_tag-chanel-nn269","14":"product_tag-chanel-wallet-on-chain","15":"product_tag-chanel-woc","16":"product_tag-womens-day","17":"desktop-align-left","18":"tablet-align-left","19":"mobile-align-left","20":"ast-product-gallery-layout-first-image-large","21":"ast-magnify-disabled","22":"ast-product-tabs-layout-accordion","24":"first","25":"outofstock","26":"sale","27":"sold-individually","28":"purchasable","29":"product-type-simple"},"spectra_custom_meta":{"_sku":["P3-0396"],"_regular_price":["2800"],"total_sales":["1"],"_tax_status":["none"],"_tax_class":[""],"_manage_stock":["yes"],"_backorders":["no"],"_sold_individually":["yes"],"_crosssell_ids":["a:1:{i:0;i:23129;}"],"_virtual":["no"],"_downloadable":["no"],"_product_image_gallery":["37125,37109,37121,37107,37119,37117,37115,37113,37111,37127,37123,37105,37103,37101,37332,37099"],"_download_limit":["-1"],"_download_expiry":["-1"],"_thumbnail_id":["40260"],"_stock":["0"],"_stock_status":["outofstock"],"_wc_average_rating":[0],"_wc_review_count":["0"],"_product_attributes":["a:3:{s:8:\"pa_brand\";a:7:{s:4:\"name\";s:8:\"pa_brand\";s:5:\"value\";s:0:\"\";s:8:\"position\";i:0;s:10:\"is_visible\";i:0;s:12:\"is_variation\";i:1;s:11:\"is_taxonomy\";i:1;s:16:\"checkout_visible\";i:0;}s:8:\"pa_color\";a:7:{s:4:\"name\";s:8:\"pa_color\";s:5:\"value\";s:0:\"\";s:8:\"position\";i:1;s:10:\"is_visible\";i:0;s:12:\"is_variation\";i:1;s:11:\"is_taxonomy\";i:1;s:16:\"checkout_visible\";i:0;}s:9:\"pa_gender\";a:7:{s:4:\"name\";s:9:\"pa_gender\";s:5:\"value\";s:0:\"\";s:8:\"position\";i:2;s:10:\"is_visible\";i:0;s:12:\"is_variation\";i:1;s:11:\"is_taxonomy\";i:1;s:16:\"checkout_visible\";i:0;}}"],"_product_version":["9.7.1"],"_price":["2500"],"_wpml_media_featured":["1","1","1","1","1","1","1"],"_wpml_media_duplicate":["1","1","1","1","1","1","1"],"_wpml_word_count":["144"],"_wpml_location_migration_done":["1"],"_fusion":["a:3:{s:17:\"slider_visibility\";s:51:\"small-visibility,medium-visibility,large-visibility\";s:11:\"slider_type\";s:2:\"no\";s:9:\"wooslider\";s:1:\"0\";}"],"rank_math_seo_score":["76"],"rank_math_focus_keyword":["chanel wallet on chain, Chanel woc"],"_purchase_price_field":["2000"],"_internal_warehouse_number_field":["2023-0396"],"_gdrive_field":["https:\/\/drive.google.com\/drive\/u\/1\/folders\/1-V4kN6YESnoyTLFYGu3K1j2_HsMFFgQb"],"_unit":[""],"_unit_base":[""],"_unit_product":[""],"_unit_price_auto":["no"],"_unit_price_regular":[""],"_unit_price":[""],"_unit_price_sale":[""],"_sale_price_label":[""],"_sale_price_regular_label":[""],"_mini_desc":["Chanel Wallet on Chain WOC Pochette Kalbsleder Light Beige GHW"],"_defect_description":[""],"_allergen_ids":["a:0:{}"],"_warranty_attachment_id":[""],"_min_age":[""],"_ts_gtin":[""],"_ts_mpn":[""],"_delivery_time_countries":["a:0:{}"],"_free_shipping":["no"],"_service":["no"],"_photovoltaic_system":["no"],"_used_good":["yes"],"_defective_copy":["no"],"_is_food":["no"],"_differential_taxation":["yes"],"_gzd_version":["3.17.2"],"_hs_code":[""],"_manufacture_country":["0"],"_rank_math_gtin_code":[""],"_fusion_google_fonts":[""],"fusion_builder_status":["active"],"rank_math_primary_product_cat":["0"],"_wcml_custom_prices_status":["0"],"avada_post_views_count":["46"],"avada_today_post_views_count":["1"],"avada_post_views_count_today_date":["08-04-2023"],"_deposit_type":[""],"_nutrient_ids":["a:0:{}"],"_nutrient_reference_value":["100g"],"_ingredients":[""],"_nutri_score":[""],"_alcohol_content":[""],"_drained_weight":[""],"_net_filling_quantity":[""],"_food_distributor":[""],"_food_description":[""],"_food_place_of_origin":[""],"_deposit_quantity":[""],"yikes_woo_products_tabs":["a:2:{i:0;a:3:{s:5:\"title\";s:21:\"Weitere Informationen\";s:2:\"id\";s:21:\"weitere-informationen\";s:7:\"content\";s:366:\"<strong>Material au\u00dfen: <\/strong>genarbtes Kalbsleder mit goldfarbenem Metall\r\n<strong>Material innen:\u00a0<\/strong>beiger Textilstoff\r\n<strong>Ma\u00dfe: <\/strong>19,2 \u00d7 12,3 x3,5 cm\r\n<strong>Farbcode<\/strong>: NN269\r\n<strong>Herstellungsjahr \/ Kollekion: <\/strong>2023 \/ 23S\r\n<strong>Lieferumfang:<\/strong> Staubbeutel und Kopie der Kaufrechnung mit geschw\u00e4rzten Daten\";}i:1;a:3:{s:5:\"title\";s:7:\"Zustand\";s:2:\"id\";s:7:\"zustand\";s:7:\"content\";s:410:\"<strong>Gesamtzustand: <\/strong>sehr gut\r\n<strong>Leder: <\/strong>intakt, vereinzelt leichte Abreibungen insbesondere an den Ecken, auf der Lederinnenfachseite gibt es minimale Abdr\u00fccke durch die Lagerung der Schulterkette\r\n<strong>Rei\u00dfverschluss: <\/strong>schlie\u00dft fl\u00fcssig, Schutzfolie noch dran\r\n<strong>Hardware: <\/strong>minimale Kratzer\r\n<strong>Innenraum: <\/strong>sauber mit leichten Gebrauchsspuren\";}}"],"site-sidebar-layout":["default"],"site-content-layout":["default"],"theme-transparent-header-meta":["default"],"stick-header-meta":["default"],"_wp_old_date":["2023-04-16","2023-05-08","2023-05-16","2023-05-13","2023-11-15","2023-12-07","2023-12-08"],"_pys_conversion_label_settings":["a:3:{s:6:\"enable\";b:0;s:5:\"label\";s:0:\"\";s:2:\"id\";s:14:\"AW-11184563350\";}"],"_pys_super_pack_cpt_url":[""],"_pys_super_pack_cpt_condition":["only"],"_pys_super_pack_cpt_cart":["hidden"],"_pys_head_footer":["a:7:{s:14:\"disable_global\";b:0;s:8:\"head_any\";s:0:\"\";s:12:\"head_desktop\";s:0:\"\";s:11:\"head_mobile\";s:0:\"\";s:10:\"footer_any\";s:0:\"\";s:14:\"footer_desktop\";s:0:\"\";s:13:\"footer_mobile\";s:0:\"\";}"],"_borlabs-cookie-custom-code":[""],"_woosea_brand":[""],"_woosea_mpn":[""],"_woosea_upc":[""],"_woosea_ean":[""],"_woosea_gtin":[""],"_woosea_color":[""],"_woosea_size":[""],"_woosea_gender":[""],"_woosea_material":[""],"_woosea_pattern":[""],"_woosea_optimized_title":[""],"_woosea_unit_pricing_measure":[""],"_woosea_unit_pricing_base_measure":[""],"_woosea_condition":["used"],"_woosea_age_group":["adult"],"_woosea_installment_months":[""],"_woosea_installment_amount":[""],"_woosea_exclude_product":["no"],"_woosea_cost_of_good_sold":[""],"_woosea_multipack":[""],"_woosea_is_bundle":[""],"_woosea_energy_efficiency_class":[""],"_woosea_min_energy_efficiency_class":[""],"_woosea_max_energy_efficiency_class":[""],"_woosea_is_promotion":[""],"_woosea_custom_field_0":[""],"_woosea_custom_field_1":[""],"_woosea_custom_field_2":[""],"_woosea_custom_field_3":[""],"_woosea_custom_field_4":[""],"litespeed_vpi_list":["a:2:{i:0;s:8:\"logo.png\";i:1;s:62:\"Chanel-Woc-iridescent-purple-vorn-2023-0094-scaled-500x500.jpg\";}"],"_customs_description":[""],"_is_non_returnable":["no"],"_internal_date_code":["Chip A1PA5LJA"],"_internal_product_origin":["Italy"],"_product_rating":["A"],"ast-site-content-layout":["default"],"site-content-style":["default"],"site-sidebar-style":["default"],"litespeed_vpi_list_mobile":["a:2:{i:0;s:8:\"logo.png\";i:1;s:60:\"Chanel-Woc-Hot-Pink-Vorderseite-2023-0381-scaled-500x500.jpg\";}"],"_custom_html_content":[""],"_wpml_post_translation_editor_native":["no"],"_edit_lock":["1742389945:1"],"_edit_last":["1"],"_wpml_media_has_media":["1"],"_not_in_inventory_checkbox":[""],"_customer_view":["2"],"_custom_view_last_updated":["2024-03-10 12:59:27"],"_izettle_image_lookup_key":["3kyncy1cEe-udXp3qLWasA-FNMPIC1uEe-szpspuq9c5g"],"woocommerce_izettle_product_uuid":["14d7332c-2d6e-11ef-a0fc-353536383939"],"woocommerce_izettle_variant_uuid":["14d74c9a-2d6e-11ef-9465-353536383939"],"_izettle_updated":["1718713629"],"_izettle_barcode":["0290000370979"],"_izettle_nosync":[""],"_izettle_cost_price":[""],"_izettle_special_price":[""],"_izettle_product_name":[""],"_zettle_product_cat_id":[""],"_shipping_length":[""],"_shipping_width":[""],"_shipping_height":[""],"_product_shipping_weight":["1kg"],"_sale_price":["2500"],"astra-migrate-meta-layouts":["set"],"_wcml_average_rating":[null],"_wcml_review_count":[null],"_wcml_rating_count":[null],"_default_delivery_time":[""],"_manufacturer_slug":[""],"copied_media_ids":["a:0:{}"],"referenced_media_ids":["a:17:{i:0;i:40260;i:1;i:37125;i:2;i:37109;i:3;i:37121;i:4;i:37107;i:5;i:37119;i:6;i:37117;i:7;i:37115;i:8;i:37113;i:9;i:37111;i:10;i:37127;i:11;i:37123;i:12;i:37105;i:13;i:37103;i:14;i:37101;i:15;i:37332;i:16;i:37099;}"],"rank_math_analytic_object_id":["1900"],"_uag_page_assets":["a:9:{s:3:\"css\";s:0:\"\";s:2:\"js\";s:0:\"\";s:18:\"current_block_list\";a:6:{i:0;s:26:\"woocommerce\/filter-wrapper\";i:1;s:24:\"woocommerce\/price-filter\";i:2;s:30:\"woocommerce\/product-categories\";i:3;s:14:\"core\/paragraph\";i:4;s:14:\"core\/shortcode\";i:5;s:11:\"core\/search\";}s:8:\"uag_flag\";b:0;s:11:\"uag_version\";s:10:\"1777680842\";s:6:\"gfonts\";a:0:{}s:10:\"gfonts_url\";s:0:\"\";s:12:\"gfonts_files\";a:0:{}s:14:\"uag_faq_layout\";b:0;}"],"_wc_rating_count":[""]},"uagb_featured_image_src":{"full":["https:\/\/ilovehandbags.com\/wp-content\/uploads\/sites\/3\/Chanel-Woc-Beige-Titelbild-2023-0396-scaled.jpg",1920,2560,false],"thumbnail":["https:\/\/ilovehandbags.com\/wp-content\/uploads\/sites\/3\/Chanel-Woc-Beige-Titelbild-2023-0396-scaled-150x150.jpg",150,150,true],"medium":["https:\/\/ilovehandbags.com\/wp-content\/uploads\/sites\/3\/Chanel-Woc-Beige-Titelbild-2023-0396-scaled-300x300.jpg",300,300,true],"medium_large":["https:\/\/ilovehandbags.com\/wp-content\/uploads\/sites\/3\/Chanel-Woc-Beige-Titelbild-2023-0396-scaled-768x768.jpg",768,768,true],"large":["https:\/\/ilovehandbags.com\/wp-content\/uploads\/sites\/3\/Chanel-Woc-Beige-Titelbild-2023-0396-scaled-1024x1024.jpg",1024,1024,true],"1536x1536":["https:\/\/ilovehandbags.com\/wp-content\/uploads\/sites\/3\/Chanel-Woc-Beige-Titelbild-2023-0396-scaled.jpg",1152,1536,false],"2048x2048":["https:\/\/ilovehandbags.com\/wp-content\/uploads\/sites\/3\/Chanel-Woc-Beige-Titelbild-2023-0396-scaled.jpg",1536,2048,false],"woocommerce_thumbnail":["https:\/\/ilovehandbags.com\/wp-content\/uploads\/sites\/3\/Chanel-Woc-Beige-Titelbild-2023-0396-scaled-500x500.jpg",500,500,true],"woocommerce_single":["https:\/\/ilovehandbags.com\/wp-content\/uploads\/sites\/3\/Chanel-Woc-Beige-Titelbild-2023-0396-scaled-500x500.jpg",500,500,true],"woocommerce_gallery_thumbnail":["https:\/\/ilovehandbags.com\/wp-content\/uploads\/sites\/3\/Chanel-Woc-Beige-Titelbild-2023-0396-scaled-100x100.jpg",100,100,true]},"uagb_author_info":{"display_name":"ILoveHandbags","author_link":"https:\/\/ilovehandbags.com\/de\/author\/"},"uagb_comment_info":0,"uagb_excerpt":"Erlebe den zeitlosen Luxus der Chanel Wallet on Chain, liebevoll als WOC bekannt. Von keinem Geringeren als dem legend\u00e4ren Karl Lagerfeld entworfen, vereint dieses begehrte Accessoire meisterhaft Funktionalit\u00e4t mit Eleganz. Die WOC besticht durch ihr charakteristisches gestepptes Leder und das unverkennbare CC-Logo, das einen Hauch von Raffinesse verleiht. In der atemberaubenden Nuance Light Beige pr\u00e4sentiert&hellip;","_links":{"self":[{"href":"https:\/\/ilovehandbags.com\/de\/wp-json\/wp\/v2\/product\/37097","targetHints":{"allow":["GET"]}}],"collection":[{"href":"https:\/\/ilovehandbags.com\/de\/wp-json\/wp\/v2\/product"}],"about":[{"href":"https:\/\/ilovehandbags.com\/de\/wp-json\/wp\/v2\/types\/product"}],"wp:featuredmedia":[{"embeddable":true,"href":"https:\/\/ilovehandbags.com\/de\/wp-json\/wp\/v2\/media\/40260"}],"wp:attachment":[{"href":"https:\/\/ilovehandbags.com\/de\/wp-json\/wp\/v2\/media?parent=37097"}],"wp:term":[{"taxonomy":"product_brand","embeddable":true,"href":"https:\/\/ilovehandbags.com\/de\/wp-json\/wp\/v2\/product_brand?post=37097"},{"taxonomy":"product_cat","embeddable":true,"href":"https:\/\/ilovehandbags.com\/de\/wp-json\/wp\/v2\/product_cat?post=37097"},{"taxonomy":"product_tag","embeddable":true,"href":"https:\/\/ilovehandbags.com\/de\/wp-json\/wp\/v2\/product_tag?post=37097"}],"curies":[{"name":"wp","href":"https:\/\/api.w.org\/{rel}","templated":true}]}}