{"id":37612,"date":"2023-12-27T10:08:28","date_gmt":"2023-12-27T09:08:28","guid":{"rendered":"https:\/\/ilovehandbags.com\/?post_type=product&#038;p=37612"},"modified":"2024-07-02T12:13:01","modified_gmt":"2024-07-02T10:13:01","slug":"louis-vuitton-parfum-reiseetui-monogram-eclipse","status":"publish","type":"product","link":"https:\/\/ilovehandbags.com\/de\/louis-vuitton-parfum-reiseetui-monogram-eclipse\/","title":{"rendered":"Louis Vuitton Perfume Case Monogram Eclipse"},"content":{"rendered":"","protected":false},"excerpt":{"rendered":"<p>Entfalte deinen unverkennbaren Stil auf Reisen mit dem Louis Vuitton Reiseetui, das gro\u00dfz\u00fcgige 100 ml Fassungsverm\u00f6gen bietet. Dieses exklusive Etui garantiert nicht nur den optimalen Schutz f\u00fcr deinen bevorzugten Louis Vuitton Duft, sondern sichert ihn auch zuverl\u00e4ssig mit einer eleganten Schlie\u00dfe. Dank seines kompakten Designs l\u00e4sst sich das Etui m\u00fchelos in jeder Tasche verstauen, damit du es sorglos zu jedem Anlass mitnehmen kannst.<\/p>\n<p>Erlebe die Harmonie aus Stil und Funktionalit\u00e4t mit diesem Louis Vuitton Reiseetui \u2013 die ultimative L\u00f6sung f\u00fcr anspruchsvolle Reisende, die h\u00f6chsten Wert auf Qualit\u00e4t und Raffinesse legen. Ergattere jetzt dieses Accessoire, das nicht nur deinen Duft, sondern auch deinen individuellen Stil in den Fokus r\u00fcckt. Reise mit Eleganz und Schutz \u2013 dank Louis Vuitton.<\/p>\n","protected":false},"featured_media":37642,"template":"","meta":{"_uag_custom_page_level_css":"","site-sidebar-layout":"default","site-content-layout":"default","ast-site-content-layout":"default","site-content-style":"default","site-sidebar-style":"default","ast-global-header-display":"","ast-banner-title-visibility":"","ast-main-header-display":"","ast-hfb-above-header-display":"","ast-hfb-below-header-display":"","ast-hfb-mobile-header-display":"","site-post-title":"","ast-breadcrumbs-content":"","ast-featured-img":"","footer-sml-layout":"","ast-disable-related-posts":"","theme-transparent-header-meta":"default","adv-header-id-meta":"","stick-header-meta":"default","header-above-stick-meta":"","header-main-stick-meta":"","header-below-stick-meta":"","astra-migrate-meta-layouts":"set","ast-page-background-enabled":"default","ast-page-background-meta":{"desktop":{"background-color":"var(--ast-global-color-4)","background-image":"","background-repeat":"repeat","background-position":"center center","background-size":"auto","background-attachment":"scroll","background-type":"","background-media":"","overlay-type":"","overlay-color":"","overlay-opacity":"","overlay-gradient":""},"tablet":{"background-color":"","background-image":"","background-repeat":"repeat","background-position":"center center","background-size":"auto","background-attachment":"scroll","background-type":"","background-media":"","overlay-type":"","overlay-color":"","overlay-opacity":"","overlay-gradient":""},"mobile":{"background-color":"","background-image":"","background-repeat":"repeat","background-position":"center center","background-size":"auto","background-attachment":"scroll","background-type":"","background-media":"","overlay-type":"","overlay-color":"","overlay-opacity":"","overlay-gradient":""}},"ast-content-background-meta":{"desktop":{"background-color":"var(--ast-global-color-5)","background-image":"","background-repeat":"repeat","background-position":"center center","background-size":"auto","background-attachment":"scroll","background-type":"","background-media":"","overlay-type":"","overlay-color":"","overlay-opacity":"","overlay-gradient":""},"tablet":{"background-color":"var(--ast-global-color-5)","background-image":"","background-repeat":"repeat","background-position":"center center","background-size":"auto","background-attachment":"scroll","background-type":"","background-media":"","overlay-type":"","overlay-color":"","overlay-opacity":"","overlay-gradient":""},"mobile":{"background-color":"var(--ast-global-color-5)","background-image":"","background-repeat":"repeat","background-position":"center center","background-size":"auto","background-attachment":"scroll","background-type":"","background-media":"","overlay-type":"","overlay-color":"","overlay-opacity":"","overlay-gradient":""}},"_glsr_average":0,"_glsr_ranking":0,"_glsr_reviews":0},"product_brand":[],"product_cat":[541,237,239,447],"product_tag":[214,991,966,990],"class_list":{"0":"post-37612","1":"product","2":"type-product","3":"status-publish","4":"has-post-thumbnail","6":"product_cat-herren","7":"product_cat-kleinlederwaren","8":"product_cat-louis-vuitton","9":"product_cat-sale","10":"product_tag-louis-vuitton","11":"product_tag-louis-vuitton-ls0207","12":"product_tag-louis-vuitton-monogram-eclipse","13":"product_tag-louis-vuitton-reiseetui","14":"desktop-align-left","15":"tablet-align-left","16":"mobile-align-left","17":"ast-product-gallery-layout-first-image-large","18":"ast-magnify-disabled","19":"ast-product-tabs-layout-accordion","21":"first","22":"outofstock","23":"sale","24":"sold-individually","25":"purchasable","26":"product-type-simple"},"spectra_custom_meta":{"_sku":["P3-0407"],"_regular_price":["330"],"total_sales":["1"],"_tax_status":["none"],"_tax_class":[""],"_manage_stock":["yes"],"_backorders":["no"],"_sold_individually":["yes"],"_virtual":["no"],"_downloadable":["no"],"_product_image_gallery":["37614,37636,37640,37638,37632,37630,37634,37628,37626,37624,37622,37618,37620,37616"],"_download_limit":["-1"],"_download_expiry":["-1"],"_thumbnail_id":["37642"],"_stock":["0.000000"],"_stock_status":["outofstock"],"_wc_average_rating":[0],"_wc_review_count":["0"],"_product_attributes":["a:3:{s:8:\"pa_brand\";a:7:{s:4:\"name\";s:8:\"pa_brand\";s:5:\"value\";s:0:\"\";s:8:\"position\";i:1;s:10:\"is_visible\";i:0;s:12:\"is_variation\";i:0;s:11:\"is_taxonomy\";i:1;s:16:\"checkout_visible\";i:0;}s:8:\"pa_color\";a:7:{s:4:\"name\";s:8:\"pa_color\";s:5:\"value\";s:0:\"\";s:8:\"position\";i:2;s:10:\"is_visible\";i:0;s:12:\"is_variation\";i:0;s:11:\"is_taxonomy\";i:1;s:16:\"checkout_visible\";i:0;}s:9:\"pa_gender\";a:7:{s:4:\"name\";s:9:\"pa_gender\";s:5:\"value\";s:0:\"\";s:8:\"position\";i:3;s:10:\"is_visible\";i:0;s:12:\"is_variation\";i:0;s:11:\"is_taxonomy\";i:1;s:16:\"checkout_visible\";i:0;}}"],"_product_version":["9.0.2"],"_price":["270"],"_wpml_media_featured":["1","1","1","1","1","1","1","1","1","1","1"],"_wpml_media_duplicate":["1","1","1","1","1","1","1","1","1","1","1"],"_wpml_word_count":["{\"total\":148,\"to_translate\":{\"en\":148}}"],"_wpml_location_migration_done":["1"],"_fusion":["a:3:{s:17:\"slider_visibility\";s:51:\"small-visibility,medium-visibility,large-visibility\";s:11:\"slider_type\";s:2:\"no\";s:9:\"wooslider\";s:1:\"0\";}"],"rank_math_seo_score":["33"],"rank_math_focus_keyword":["Louis Vuitton Parfum Reiseetui,Louis Vuitton Reiseetui,Louis Vuitton Parfum Reiseetui Monogram Eclipse"],"_purchase_price_field":["250"],"_internal_warehouse_number_field":["2023-0407"],"_gdrive_field":["https:\/\/drive.google.com\/drive\/u\/1\/folders\/10WaC5Q2b0GkhMUGBw5eyBIrg1X12FkRl"],"_unit":[""],"_unit_base":[""],"_unit_product":[""],"_unit_price_auto":["no"],"_unit_price_regular":[""],"_unit_price":[""],"_unit_price_sale":[""],"_sale_price_label":[""],"_sale_price_regular_label":[""],"_mini_desc":["Louis Vuitton Parfum Reiseetui Monogram Eclipse"],"_defect_description":[""],"_allergen_ids":["a:0:{}"],"_warranty_attachment_id":[""],"_min_age":[""],"_ts_gtin":[""],"_ts_mpn":[""],"_delivery_time_countries":["a:0:{}"],"_free_shipping":["no"],"_service":["no"],"_photovoltaic_system":["no"],"_used_good":["yes"],"_defective_copy":["no"],"_is_food":["no"],"_differential_taxation":["yes"],"_gzd_version":["3.16.9"],"_hs_code":[""],"_manufacture_country":["0"],"_rank_math_gtin_code":[""],"_fusion_google_fonts":[""],"fusion_builder_status":["active"],"rank_math_primary_product_cat":["0"],"_wcml_custom_prices_status":["0"],"avada_post_views_count":["49"],"avada_today_post_views_count":["1"],"avada_post_views_count_today_date":["13-04-2023"],"_deposit_type":[""],"_nutrient_ids":["a:0:{}"],"_nutrient_reference_value":["100g"],"_ingredients":[""],"_nutri_score":[""],"_alcohol_content":[""],"_drained_weight":[""],"_net_filling_quantity":[""],"_food_distributor":[""],"_food_description":[""],"_food_place_of_origin":[""],"_deposit_quantity":[""],"yikes_woo_products_tabs":["a:2:{i:0;a:3:{s:5:\"title\";s:21:\"Weitere Informationen\";s:2:\"id\";s:21:\"weitere-informationen\";s:7:\"content\";s:371:\"<strong>Material au\u00dfen: <\/strong>Monogram Eclipse Canvas\r\n<strong>Material innen: <\/strong>Mikrofaserinnenfutter\r\n<strong>Ma\u00dfe: <\/strong>6 x 6 x 12,5 cm\r\n<strong>Date Code \/ Herstellungsjahr: <\/strong>PL1108 \/ 2018\r\n<strong>SKU:\u00a0<\/strong>LS0207\r\n<strong>Lieferumfang: <\/strong>Louis Vuitton Staubbeutel. Die abgebildete Parfumflasche geh\u00f6rt nicht zum Lieferumfang\r\n\r\n\";}i:1;a:3:{s:5:\"title\";s:7:\"Zustand\";s:2:\"id\";s:7:\"zustand\";s:7:\"content\";s:293:\"<strong>Gesamtzustand: <\/strong>gut bis sehr gut\r\n<strong>Canvas:\u00a0<\/strong>intakt\r\n<strong>Br\u00fcnierung:\u00a0<\/strong>modelltypisch leichter Abrieb\r\n<strong>Verschluss:\u00a0<\/strong>schlie\u00dft gut\r\n<strong>Hardware:\u00a0<\/strong>modelltypisch leichte Gebrauchsspuren\r\n<strong>Innenraum:\u00a0<\/strong>sauber\";}}"],"site-sidebar-layout":["default"],"site-content-layout":["default"],"theme-transparent-header-meta":["default"],"stick-header-meta":["default"],"_pys_conversion_label_settings":["a:3:{s:6:\"enable\";b:0;s:5:\"label\";s:0:\"\";s:2:\"id\";s:14:\"AW-11184563350\";}"],"_pys_super_pack_cpt_url":[""],"_pys_super_pack_cpt_condition":["only"],"_pys_super_pack_cpt_cart":["hidden"],"_woosea_brand":[""],"_woosea_mpn":[""],"_woosea_upc":[""],"_woosea_ean":[""],"_woosea_gtin":[""],"_woosea_color":[""],"_woosea_size":[""],"_woosea_gender":[""],"_woosea_material":[""],"_woosea_pattern":[""],"_woosea_optimized_title":[""],"_woosea_unit_pricing_measure":[""],"_woosea_unit_pricing_base_measure":[""],"_woosea_condition":[""],"_woosea_age_group":["adult"],"_woosea_installment_months":[""],"_woosea_installment_amount":[""],"_woosea_exclude_product":["no"],"_woosea_cost_of_good_sold":[""],"_woosea_multipack":[""],"_woosea_is_bundle":[""],"_woosea_energy_efficiency_class":[""],"_woosea_min_energy_efficiency_class":[""],"_woosea_max_energy_efficiency_class":[""],"_woosea_is_promotion":[""],"_woosea_custom_field_0":[""],"_woosea_custom_field_1":[""],"_woosea_custom_field_2":[""],"_woosea_custom_field_3":[""],"_woosea_custom_field_4":[""],"_pys_head_footer":["a:7:{s:14:\"disable_global\";b:0;s:8:\"head_any\";s:0:\"\";s:12:\"head_desktop\";s:0:\"\";s:11:\"head_mobile\";s:0:\"\";s:10:\"footer_any\";s:0:\"\";s:14:\"footer_desktop\";s:0:\"\";s:13:\"footer_mobile\";s:0:\"\";}"],"_customs_description":[""],"_is_non_returnable":["no"],"litespeed_vpi_list":["a:4:{i:0;s:8:\"logo.png\";i:1;s:6:\"de.png\";i:2;s:67:\"Louis-Vuitton-Agenda-PM-01-Vorderseite-2023-0293-scaled-500x500.jpg\";i:3;s:35:\"three-o-clock-clock-svgrepo-com.svg\";}"],"litespeed_vpi_list_mobile":["a:2:{i:0;s:8:\"logo.png\";i:1;s:67:\"Louis-Vuitton-Agenda-PM-01-Vorderseite-2023-0293-scaled-500x500.jpg\";}"],"_wpml_media_has_media":["1"],"_internal_date_code":["PL1158"],"_internal_product_origin":["Italy"],"ast-site-content-layout":["default"],"site-content-style":["default"],"site-sidebar-style":["default"],"_product_rating":["A"],"_wp_old_date":["2023-10-13","2023-11-10","2023-12-07"],"rank_math_robots":["a:1:{i:0;s:5:\"index\";}"],"_custom_html_content":[""],"_wpml_post_translation_editor_native":["no"],"_edit_lock":["1719915153:4"],"_edit_last":["4"],"_not_in_inventory_checkbox":[""],"_sale_price":["270"],"rank_math_contentai_score":["a:4:{s:9:\"wordCount\";s:4:\"5.03\";s:9:\"linkCount\";s:1:\"0\";s:12:\"headingCount\";s:1:\"0\";s:10:\"mediaCount\";s:3:\"100\";}"],"_izettle_image_lookup_key":["3kyncy1cEe-udXp3qLWasA-CznfYS1uEe-eXPLb1guHGg"],"woocommerce_izettle_product_uuid":["0b3ddfd2-2d6e-11ef-9500-353536383939"],"woocommerce_izettle_variant_uuid":["0b3df788-2d6e-11ef-ae3d-353536383939"],"_izettle_updated":["1718713613"],"_izettle_barcode":["0290000376124"],"_izettle_nosync":[""],"_izettle_cost_price":[""],"_izettle_special_price":[""],"_izettle_product_name":[""],"_zettle_product_cat_id":[""],"_shipping_length":[""],"_shipping_width":[""],"_shipping_height":[""],"_wcml_average_rating":[null],"_wcml_review_count":[null],"_wcml_rating_count":[null],"astra-migrate-meta-layouts":["set"],"_product_shipping_weight":["1kg"],"copied_media_ids":["a:0:{}"],"referenced_media_ids":["a:15:{i:0;i:37642;i:1;i:37614;i:2;i:37636;i:3;i:37640;i:4;i:37638;i:5;i:37632;i:6;i:37630;i:7;i:37634;i:8;i:37628;i:9;i:37626;i:10;i:37624;i:11;i:37622;i:12;i:37618;i:13;i:37620;i:14;i:37616;}"],"rank_math_analytic_object_id":["1885"],"_wc_rating_count":[""]},"uagb_featured_image_src":{"full":["https:\/\/ilovehandbags.com\/wp-content\/uploads\/sites\/3\/Louis-Vuitton-Reiseetui-Vorderseite-2023-0407-scaled.jpg",1920,2560,false],"thumbnail":["https:\/\/ilovehandbags.com\/wp-content\/uploads\/sites\/3\/Louis-Vuitton-Reiseetui-Vorderseite-2023-0407-scaled-150x150.jpg",150,150,true],"medium":["https:\/\/ilovehandbags.com\/wp-content\/uploads\/sites\/3\/Louis-Vuitton-Reiseetui-Vorderseite-2023-0407-scaled-300x300.jpg",300,300,true],"medium_large":["https:\/\/ilovehandbags.com\/wp-content\/uploads\/sites\/3\/Louis-Vuitton-Reiseetui-Vorderseite-2023-0407-scaled-768x768.jpg",768,768,true],"large":["https:\/\/ilovehandbags.com\/wp-content\/uploads\/sites\/3\/Louis-Vuitton-Reiseetui-Vorderseite-2023-0407-scaled-1024x1024.jpg",1024,1024,true],"1536x1536":["https:\/\/ilovehandbags.com\/wp-content\/uploads\/sites\/3\/Louis-Vuitton-Reiseetui-Vorderseite-2023-0407-scaled.jpg",1152,1536,false],"2048x2048":["https:\/\/ilovehandbags.com\/wp-content\/uploads\/sites\/3\/Louis-Vuitton-Reiseetui-Vorderseite-2023-0407-scaled.jpg",1536,2048,false],"woocommerce_thumbnail":["https:\/\/ilovehandbags.com\/wp-content\/uploads\/sites\/3\/Louis-Vuitton-Reiseetui-Vorderseite-2023-0407-scaled-500x500.jpg",500,500,true],"woocommerce_single":["https:\/\/ilovehandbags.com\/wp-content\/uploads\/sites\/3\/Louis-Vuitton-Reiseetui-Vorderseite-2023-0407-scaled-500x500.jpg",500,500,true],"woocommerce_gallery_thumbnail":["https:\/\/ilovehandbags.com\/wp-content\/uploads\/sites\/3\/Louis-Vuitton-Reiseetui-Vorderseite-2023-0407-scaled-100x100.jpg",100,100,true]},"uagb_author_info":{"display_name":"ILoveHandbags","author_link":"https:\/\/ilovehandbags.com\/de\/author\/"},"uagb_comment_info":0,"uagb_excerpt":"Entfalte deinen unverkennbaren Stil auf Reisen mit dem Louis Vuitton Reiseetui, das gro\u00dfz\u00fcgige 100 ml Fassungsverm\u00f6gen bietet. Dieses exklusive Etui garantiert nicht nur den optimalen Schutz f\u00fcr deinen bevorzugten Louis Vuitton Duft, sondern sichert ihn auch zuverl\u00e4ssig mit einer eleganten Schlie\u00dfe. Dank seines kompakten Designs l\u00e4sst sich das Etui m\u00fchelos in jeder Tasche verstauen, damit&hellip;","_links":{"self":[{"href":"https:\/\/ilovehandbags.com\/de\/wp-json\/wp\/v2\/product\/37612","targetHints":{"allow":["GET"]}}],"collection":[{"href":"https:\/\/ilovehandbags.com\/de\/wp-json\/wp\/v2\/product"}],"about":[{"href":"https:\/\/ilovehandbags.com\/de\/wp-json\/wp\/v2\/types\/product"}],"wp:featuredmedia":[{"embeddable":true,"href":"https:\/\/ilovehandbags.com\/de\/wp-json\/wp\/v2\/media\/37642"}],"wp:attachment":[{"href":"https:\/\/ilovehandbags.com\/de\/wp-json\/wp\/v2\/media?parent=37612"}],"wp:term":[{"taxonomy":"product_brand","embeddable":true,"href":"https:\/\/ilovehandbags.com\/de\/wp-json\/wp\/v2\/product_brand?post=37612"},{"taxonomy":"product_cat","embeddable":true,"href":"https:\/\/ilovehandbags.com\/de\/wp-json\/wp\/v2\/product_cat?post=37612"},{"taxonomy":"product_tag","embeddable":true,"href":"https:\/\/ilovehandbags.com\/de\/wp-json\/wp\/v2\/product_tag?post=37612"}],"curies":[{"name":"wp","href":"https:\/\/api.w.org\/{rel}","templated":true}]}}