{"id":37762,"date":"2024-01-04T14:52:22","date_gmt":"2024-01-04T13:52:22","guid":{"rendered":"https:\/\/ilovehandbags.com\/?post_type=product&#038;p=37762"},"modified":"2025-10-14T19:48:15","modified_gmt":"2025-10-14T17:48:15","slug":"louis-vuitton-neonoe-bb-stardust","status":"publish","type":"product","link":"https:\/\/ilovehandbags.com\/de\/louis-vuitton-neonoe-bb-stardust\/","title":{"rendered":"Louis Vuitton NeoNoe BB Stardust"},"content":{"rendered":"","protected":false},"excerpt":{"rendered":"<p>Tauche ein in die zeitlose Eleganz der Louis Vuitton NeoNoe BB aus der schimmernden Stardust Kollektion 2022. Diese limitierte Edition verleiht deinem Look das gewisse Etwas.<\/p>\n<p>Die NeoNoe BB ist nicht nur ein Blickfang, sondern dank des abnehmbaren und verstellbaren Schultergurts auch flexibel in der Tragweise. Mit ihrem ger\u00e4umigen Hauptfach bietet sie Platz f\u00fcr Geldb\u00f6rse, Schl\u00fcssel und Handy \u2013 perfekt f\u00fcr jede Gelegenheit.<\/p>\n<p>Egal, ob formeller Anlass oder entspanntes Treffen, die NeoNoe BB verleiht deinem Outfit das gewisse Extra. Liebevolle Details und hochwertige Verarbeitung machen sie zum zeitlosen Begleiter mit Stil.<\/p>\n","protected":false},"featured_media":37798,"template":"","meta":{"_uag_custom_page_level_css":"","site-sidebar-layout":"default","site-content-layout":"default","ast-site-content-layout":"default","site-content-style":"default","site-sidebar-style":"default","ast-global-header-display":"","ast-banner-title-visibility":"","ast-main-header-display":"","ast-hfb-above-header-display":"","ast-hfb-below-header-display":"","ast-hfb-mobile-header-display":"","site-post-title":"","ast-breadcrumbs-content":"","ast-featured-img":"","footer-sml-layout":"","ast-disable-related-posts":"","theme-transparent-header-meta":"default","adv-header-id-meta":"","stick-header-meta":"default","header-above-stick-meta":"","header-main-stick-meta":"","header-below-stick-meta":"","astra-migrate-meta-layouts":"set","ast-page-background-enabled":"default","ast-page-background-meta":{"desktop":{"background-color":"var(--ast-global-color-4)","background-image":"","background-repeat":"repeat","background-position":"center center","background-size":"auto","background-attachment":"scroll","background-type":"","background-media":"","overlay-type":"","overlay-color":"","overlay-opacity":"","overlay-gradient":""},"tablet":{"background-color":"","background-image":"","background-repeat":"repeat","background-position":"center center","background-size":"auto","background-attachment":"scroll","background-type":"","background-media":"","overlay-type":"","overlay-color":"","overlay-opacity":"","overlay-gradient":""},"mobile":{"background-color":"","background-image":"","background-repeat":"repeat","background-position":"center center","background-size":"auto","background-attachment":"scroll","background-type":"","background-media":"","overlay-type":"","overlay-color":"","overlay-opacity":"","overlay-gradient":""}},"ast-content-background-meta":{"desktop":{"background-color":"var(--ast-global-color-5)","background-image":"","background-repeat":"repeat","background-position":"center center","background-size":"auto","background-attachment":"scroll","background-type":"","background-media":"","overlay-type":"","overlay-color":"","overlay-opacity":"","overlay-gradient":""},"tablet":{"background-color":"var(--ast-global-color-5)","background-image":"","background-repeat":"repeat","background-position":"center center","background-size":"auto","background-attachment":"scroll","background-type":"","background-media":"","overlay-type":"","overlay-color":"","overlay-opacity":"","overlay-gradient":""},"mobile":{"background-color":"var(--ast-global-color-5)","background-image":"","background-repeat":"repeat","background-position":"center center","background-size":"auto","background-attachment":"scroll","background-type":"","background-media":"","overlay-type":"","overlay-color":"","overlay-opacity":"","overlay-gradient":""}},"_glsr_average":0,"_glsr_ranking":0,"_glsr_reviews":0},"product_brand":[],"product_cat":[208,448,239,205,204,449],"product_tag":[214,999,508,392],"class_list":{"0":"post-37762","1":"product","2":"type-product","3":"status-publish","4":"has-post-thumbnail","6":"product_cat-handtaschen","7":"product_cat-limited-editions","8":"product_cat-louis-vuitton","9":"product_cat-tragetaschen","10":"product_cat-umhaengetaschen","11":"product_cat-bald-wieder-da","12":"product_tag-louis-vuitton","13":"product_tag-louis-vuitton-m46174","14":"product_tag-louis-vuitton-neonoe-bb","15":"product_tag-louis-vuitton-stardust","16":"desktop-align-left","17":"tablet-align-left","18":"mobile-align-left","19":"ast-product-gallery-layout-first-image-large","20":"ast-magnify-disabled","21":"ast-product-tabs-layout-accordion","23":"first","24":"outofstock","25":"sold-individually","26":"purchasable","27":"product-type-simple"},"spectra_custom_meta":{"_sku":["P4-0412"],"_regular_price":["2200"],"total_sales":["1"],"_tax_status":["none"],"_tax_class":[""],"_manage_stock":["yes"],"_backorders":["no"],"_sold_individually":["yes"],"_crosssell_ids":["a:2:{i:0;i:22130;i:1;i:21887;}"],"_virtual":["no"],"_downloadable":["no"],"_product_image_gallery":["37802,37800,37796,37792,37794,37790,37786,37788,37784,37782,37780,37778,37776,37774,37772,37770,37764,37804,37806"],"_download_limit":["-1"],"_download_expiry":["-1"],"_thumbnail_id":["37798"],"_stock":["0"],"_stock_status":["outofstock"],"_wc_average_rating":[0],"_wc_review_count":["0"],"_product_attributes":["a:2:{s:8:\"pa_color\";a:7:{s:4:\"name\";s:8:\"pa_color\";s:5:\"value\";s:0:\"\";s:8:\"position\";i:1;s:10:\"is_visible\";i:0;s:12:\"is_variation\";i:1;s:11:\"is_taxonomy\";i:1;s:16:\"checkout_visible\";i:0;}s:9:\"pa_gender\";a:7:{s:4:\"name\";s:9:\"pa_gender\";s:5:\"value\";s:0:\"\";s:8:\"position\";i:2;s:10:\"is_visible\";i:0;s:12:\"is_variation\";i:1;s:11:\"is_taxonomy\";i:1;s:16:\"checkout_visible\";i:0;}}"],"_product_version":["10.2.2"],"_price":["2200"],"_wpml_media_featured":["1","1","1","1","1","1","1","1","1"],"_wpml_media_duplicate":["1","1","1","1","1","1","1","1","1"],"_wpml_word_count":["113"],"_wpml_location_migration_done":["1"],"_fusion":["a:3:{s:17:\"slider_visibility\";s:51:\"small-visibility,medium-visibility,large-visibility\";s:11:\"slider_type\";s:2:\"no\";s:9:\"wooslider\";s:1:\"0\";}"],"rank_math_seo_score":["79"],"rank_math_focus_keyword":["Louis Vuitton NeoNoe BB Stardust,louis vuitton neonoe bb"],"_purchase_price_field":["1800"],"_internal_warehouse_number_field":["2024-0412"],"_gdrive_field":["https:\/\/drive.google.com\/drive\/u\/1\/folders\/11-K4v1LBKCEQUMBZb_hvABakPgZXzKiw"],"_unit":[""],"_unit_base":[""],"_unit_product":[""],"_unit_price_auto":["no"],"_unit_price_regular":[""],"_unit_price":[""],"_unit_price_sale":[""],"_sale_price_label":[""],"_sale_price_regular_label":[""],"_mini_desc":["Louis Vuitton NeoNoe BB Stardust"],"_defect_description":[""],"_allergen_ids":["a:0:{}"],"_warranty_attachment_id":[""],"_min_age":[""],"_ts_gtin":[""],"_ts_mpn":[""],"_delivery_time_countries":["a:0:{}"],"_free_shipping":["no"],"_service":["no"],"_photovoltaic_system":["no"],"_used_good":["yes"],"_defective_copy":["no"],"_is_food":["no"],"_differential_taxation":["yes"],"_gzd_version":["3.20.2"],"_hs_code":[""],"_manufacture_country":["0"],"_rank_math_gtin_code":[""],"_fusion_google_fonts":[""],"fusion_builder_status":["active"],"rank_math_primary_product_cat":["0"],"_wcml_custom_prices_status":["1"],"avada_post_views_count":["22"],"avada_today_post_views_count":["1"],"avada_post_views_count_today_date":["14-04-2023"],"_sale_price_dates_to_USD":[""],"_sale_price_dates_from_USD":[""],"_sale_price_USD":[""],"_regular_price_USD":[""],"_wcml_schedule_USD":["0"],"_deposit_type":[""],"_nutrient_ids":["a:0:{}"],"_nutrient_reference_value":["100g"],"_ingredients":[""],"_nutri_score":[""],"_alcohol_content":[""],"_drained_weight":[""],"_net_filling_quantity":[""],"_food_distributor":[""],"_food_description":[""],"_food_place_of_origin":[""],"_deposit_quantity":[""],"yikes_woo_products_tabs":["a:2:{i:0;a:3:{s:5:\"title\";s:21:\"Weitere Informationen\";s:2:\"id\";s:21:\"weitere-informationen\";s:7:\"content\";s:441:\"<strong>Material au\u00dfen: <\/strong>bespr\u00fchtes, gepr\u00e4gtes und genarbtes Rindsleder\r\n<strong>Material innen: <\/strong>Mikrofaserinnenfutter\r\n<strong>Ma\u00dfe:<\/strong> 20 x 20 x 13\u00a0cm\r\n<strong>L\u00e4nge Schulterriemen: <\/strong>in 2 L\u00e4ngen verstellbar, 33 bzw 56 cm\r\n<strong>Date Code \/ Herstellungsjahr: <\/strong>RFID Chip \/ 2022\r\n<strong>SKU: <\/strong>M46174\r\n<strong>Lieferumfang: <\/strong>Original Louis Vuitton Staubbeutel, Box und Organizer\";}i:1;a:3:{s:5:\"title\";s:7:\"Zustand\";s:2:\"id\";s:7:\"zustand\";s:7:\"content\";s:211:\"<strong>Gesamtzustand: <\/strong>neuwertig\r\n<strong>Leder:<\/strong> intakt\r\n<strong>Hardware: <\/strong>minimale Gebrauchsspuren\r\n<strong>Verschluss: <\/strong>schlie\u00dft fl\u00fcssig\r\n<strong>Innenraum: <\/strong>sauber\";}}"],"site-sidebar-layout":["default"],"site-content-layout":["default"],"theme-transparent-header-meta":["default"],"stick-header-meta":["default"],"_yith_wcwtl_users_list":["a:2:{i:0;s:21:\"sriedel1105@gmail.com\";i:1;s:15:\"akhan@sysbe.com\";}"],"_default_delivery_time":[""],"rank_math_robots":["a:1:{i:0;s:5:\"index\";}"],"_pys_conversion_label_settings":["a:3:{s:6:\"enable\";b:0;s:5:\"label\";s:0:\"\";s:2:\"id\";s:14:\"AW-11184563350\";}"],"_pys_super_pack_cpt_url":[""],"_pys_super_pack_cpt_condition":["only"],"_pys_super_pack_cpt_cart":["hidden"],"_woosea_brand":[""],"_woosea_mpn":[""],"_woosea_upc":[""],"_woosea_ean":[""],"_woosea_gtin":[""],"_woosea_color":[""],"_woosea_size":[""],"_woosea_gender":[""],"_woosea_material":[""],"_woosea_pattern":[""],"_woosea_optimized_title":[""],"_woosea_unit_pricing_measure":[""],"_woosea_unit_pricing_base_measure":[""],"_woosea_condition":[""],"_woosea_age_group":["adult"],"_woosea_installment_months":[""],"_woosea_installment_amount":[""],"_woosea_exclude_product":["no"],"_woosea_cost_of_good_sold":[""],"_woosea_multipack":[""],"_woosea_is_bundle":[""],"_woosea_energy_efficiency_class":[""],"_woosea_min_energy_efficiency_class":[""],"_woosea_max_energy_efficiency_class":[""],"_woosea_is_promotion":[""],"_woosea_custom_field_0":[""],"_woosea_custom_field_1":[""],"_woosea_custom_field_2":[""],"_woosea_custom_field_3":[""],"_woosea_custom_field_4":[""],"_pys_head_footer":["a:7:{s:14:\"disable_global\";b:0;s:8:\"head_any\";s:0:\"\";s:12:\"head_desktop\";s:0:\"\";s:11:\"head_mobile\";s:0:\"\";s:10:\"footer_any\";s:0:\"\";s:14:\"footer_desktop\";s:0:\"\";s:13:\"footer_mobile\";s:0:\"\";}"],"_customs_description":[""],"_is_non_returnable":["no"],"litespeed_vpi_list_mobile":["a:2:{i:0;s:8:\"logo.png\";i:1;s:75:\"Louis-Vuitton-NeoNoeBB-Summer-by-the-Pool-vorn-2023-0235-scaled-500x500.jpg\";}"],"litespeed_vpi_list":["a:3:{i:0;s:8:\"logo.png\";i:1;s:6:\"de.png\";i:2;s:75:\"Louis-Vuitton-NeoNoeBB-Summer-by-the-Pool-vorn-2023-0235-scaled-500x500.jpg\";}"],"_rank_math_video":["true"],"_internal_date_code":["RFID Chip"],"_internal_product_origin":["Italy"],"_product_rating":["N"],"_wpml_media_has_media":["1"],"_custom_html_content":[""],"ast-site-content-layout":["default"],"site-content-style":["default"],"site-sidebar-style":["default"],"_sale_price_dates_to_CHF":[""],"_sale_price_dates_from_CHF":[""],"_sale_price_CHF":[""],"_regular_price_CHF":[""],"_wcml_schedule_CHF":["0"],"_sale_price_dates_to_GBP":[""],"_sale_price_dates_from_GBP":[""],"_sale_price_GBP":[""],"_regular_price_GBP":[""],"_wcml_schedule_GBP":["0"],"_wp_old_date":["2023-05-01","2023-01-02"],"_show_in_inventory_checkbox":["yes"],"_not_in_inventory_checkbox":[""],"_edit_lock":["1760637523:4"],"_edit_last":["4"],"_wpml_post_translation_editor_native":["no"],"rank_math_contentai_score":["a:4:{s:9:\"wordCount\";s:4:\"3.94\";s:9:\"linkCount\";s:1:\"0\";s:12:\"headingCount\";s:1:\"0\";s:10:\"mediaCount\";s:3:\"100\";}"],"_izettle_image_lookup_key":["3kyncy1cEe-udXp3qLWasA-_4Wyzi1tEe-L6KmNzY0mWQ"],"woocommerce_izettle_product_uuid":["ff89ab08-2d6e-11ef-aa52-353536383939"],"woocommerce_izettle_variant_uuid":["ff89c70a-2d6e-11ef-9826-353536383939"],"_izettle_updated":["1718713594"],"_product_shipping_weight":["1kg"],"copied_media_ids":["a:0:{}"],"referenced_media_ids":["a:20:{i:0;i:37798;i:1;i:37802;i:2;i:37800;i:3;i:37796;i:4;i:37792;i:5;i:37794;i:6;i:37790;i:7;i:37786;i:8;i:37788;i:9;i:37784;i:10;i:37782;i:11;i:37780;i:12;i:37778;i:13;i:37776;i:14;i:37774;i:15;i:37772;i:16;i:37770;i:17;i:37764;i:18;i:37804;i:19;i:37806;}"],"sib_push_meta_box_present":["1"],"sib_push_send_notification":["0"],"sib_push_target_segment_ids":["@ALL"],"_product_available_from_field":[""],"_manufacturer_slug":[""],"_safety_instructions":[""],"_safety_attachment_ids":["a:0:{}"],"_wireless_electronic_device":["no"],"_device_contains_power_supply":["no"],"_device_charging_supports_usb_pd":["no"],"_device_charging_watt_min":[""],"_device_charging_watt_max":[""],"_ship_separately_via":[""],"_shipping_length":[""],"_shipping_width":[""],"_shipping_height":[""],"_product_reserve_till_field":[""],"_wcml_average_rating":[null],"_wcml_review_count":[null],"_wcml_rating_count":[null],"_nickx_video_text_url":["a:1:{i:0;s:0:\"\";}"],"_nickx_product_video_type":["a:1:{i:0;s:23:\"nickx_video_url_youtube\";}"],"_nickx_product_video_thumb_ids":["a:1:{i:0;s:0:\"\";}"],"rank_math_primary_product_brand":["0"],"_ame_cpe_post_policy":["{\"accessProtection\":{\"active\":\"replace\"}}"],"astra-migrate-meta-layouts":["set"],"rank_math_analytic_object_id":["1869"],"_uag_page_assets":["a:9:{s:3:\"css\";s:0:\"\";s:2:\"js\";s:0:\"\";s:18:\"current_block_list\";a:6:{i:0;s:26:\"woocommerce\/filter-wrapper\";i:1;s:24:\"woocommerce\/price-filter\";i:2;s:30:\"woocommerce\/product-categories\";i:3;s:14:\"core\/paragraph\";i:4;s:14:\"core\/shortcode\";i:5;s:11:\"core\/search\";}s:8:\"uag_flag\";b:0;s:11:\"uag_version\";s:10:\"1777895668\";s:6:\"gfonts\";a:0:{}s:10:\"gfonts_url\";s:0:\"\";s:12:\"gfonts_files\";a:0:{}s:14:\"uag_faq_layout\";b:0;}"],"_wc_rating_count":[""]},"uagb_featured_image_src":{"full":["https:\/\/ilovehandbags.com\/wp-content\/uploads\/sites\/3\/Louis-Vuitton-NeoNoe-BB-Stardust-Vorderseite-2024-0412-scaled.jpg",1920,2560,false],"thumbnail":["https:\/\/ilovehandbags.com\/wp-content\/uploads\/sites\/3\/Louis-Vuitton-NeoNoe-BB-Stardust-Vorderseite-2024-0412-scaled-150x150.jpg",150,150,true],"medium":["https:\/\/ilovehandbags.com\/wp-content\/uploads\/sites\/3\/Louis-Vuitton-NeoNoe-BB-Stardust-Vorderseite-2024-0412-scaled-300x300.jpg",300,300,true],"medium_large":["https:\/\/ilovehandbags.com\/wp-content\/uploads\/sites\/3\/Louis-Vuitton-NeoNoe-BB-Stardust-Vorderseite-2024-0412-scaled-768x768.jpg",768,768,true],"large":["https:\/\/ilovehandbags.com\/wp-content\/uploads\/sites\/3\/Louis-Vuitton-NeoNoe-BB-Stardust-Vorderseite-2024-0412-scaled-1024x1024.jpg",1024,1024,true],"1536x1536":["https:\/\/ilovehandbags.com\/wp-content\/uploads\/sites\/3\/Louis-Vuitton-NeoNoe-BB-Stardust-Vorderseite-2024-0412-scaled.jpg",1152,1536,false],"2048x2048":["https:\/\/ilovehandbags.com\/wp-content\/uploads\/sites\/3\/Louis-Vuitton-NeoNoe-BB-Stardust-Vorderseite-2024-0412-scaled.jpg",1536,2048,false],"woocommerce_thumbnail":["https:\/\/ilovehandbags.com\/wp-content\/uploads\/sites\/3\/Louis-Vuitton-NeoNoe-BB-Stardust-Vorderseite-2024-0412-scaled-500x500.jpg",500,500,true],"woocommerce_single":["https:\/\/ilovehandbags.com\/wp-content\/uploads\/sites\/3\/Louis-Vuitton-NeoNoe-BB-Stardust-Vorderseite-2024-0412-scaled-500x500.jpg",500,500,true],"woocommerce_gallery_thumbnail":["https:\/\/ilovehandbags.com\/wp-content\/uploads\/sites\/3\/Louis-Vuitton-NeoNoe-BB-Stardust-Vorderseite-2024-0412-scaled-100x100.jpg",100,100,true]},"uagb_author_info":{"display_name":"ILoveHandbags","author_link":"https:\/\/ilovehandbags.com\/de\/author\/"},"uagb_comment_info":0,"uagb_excerpt":"Tauche ein in die zeitlose Eleganz der Louis Vuitton NeoNoe BB aus der schimmernden Stardust Kollektion 2022. Diese limitierte Edition verleiht deinem Look das gewisse Etwas. Die NeoNoe BB ist nicht nur ein Blickfang, sondern dank des abnehmbaren und verstellbaren Schultergurts auch flexibel in der Tragweise. Mit ihrem ger\u00e4umigen Hauptfach bietet sie Platz f\u00fcr Geldb\u00f6rse,&hellip;","_links":{"self":[{"href":"https:\/\/ilovehandbags.com\/de\/wp-json\/wp\/v2\/product\/37762","targetHints":{"allow":["GET"]}}],"collection":[{"href":"https:\/\/ilovehandbags.com\/de\/wp-json\/wp\/v2\/product"}],"about":[{"href":"https:\/\/ilovehandbags.com\/de\/wp-json\/wp\/v2\/types\/product"}],"wp:featuredmedia":[{"embeddable":true,"href":"https:\/\/ilovehandbags.com\/de\/wp-json\/wp\/v2\/media\/37798"}],"wp:attachment":[{"href":"https:\/\/ilovehandbags.com\/de\/wp-json\/wp\/v2\/media?parent=37762"}],"wp:term":[{"taxonomy":"product_brand","embeddable":true,"href":"https:\/\/ilovehandbags.com\/de\/wp-json\/wp\/v2\/product_brand?post=37762"},{"taxonomy":"product_cat","embeddable":true,"href":"https:\/\/ilovehandbags.com\/de\/wp-json\/wp\/v2\/product_cat?post=37762"},{"taxonomy":"product_tag","embeddable":true,"href":"https:\/\/ilovehandbags.com\/de\/wp-json\/wp\/v2\/product_tag?post=37762"}],"curies":[{"name":"wp","href":"https:\/\/api.w.org\/{rel}","templated":true}]}}