{"id":38877,"date":"2024-10-10T17:30:41","date_gmt":"2024-10-10T15:30:41","guid":{"rendered":"https:\/\/ilovehandbags.com\/?post_type=product&#038;p=38877"},"modified":"2025-07-31T18:11:55","modified_gmt":"2025-07-31T16:11:55","slug":"louis-vuitton-neverfull-mm-stephen-sprouse-roses","status":"publish","type":"product","link":"https:\/\/ilovehandbags.com\/de\/louis-vuitton-neverfull-mm-stephen-sprouse-roses\/","title":{"rendered":"Louis Vuitton Neverfull MM Monogram Stephen Sprouse Roses"},"content":{"rendered":"","protected":false},"excerpt":{"rendered":"<p>Entdecke mit der Louis Vuitton Neverfull MM aus der exquisiten Stephen Sprouse Roses Kollektion einen zeitlosen Begleiter, der nicht nur ein Modeaccessoire, sondern auch eine Hommage an die zeitlose Sch\u00f6nheit von Blumen ist. In dieser einzigartigen Kreation vereinen sich Eleganz und Praktikabilit\u00e4t, wodurch die Neverfull zu einem vielseitigen Begleiter f\u00fcr verschiedenste Anl\u00e4sse wird. Das Modell strahlt Luxus und Stil aus und verleiht jedem Outfit eine besondere Note. Die hohe Qualit\u00e4t der verwendeten Materialien und die sorgf\u00e4ltige Verarbeitung machen die Neverfull zu einem langlebigen Accessoire, das auch nach vielen Jahren noch modisch und funktional ist. Das ger\u00e4umige Hauptfach im Inneren bietet ausreichend Platz f\u00fcr pers\u00f6nliche Gegenst\u00e4nde wie Geldb\u00f6rse, Schl\u00fcssel, Handy und Kosmetiktasche, wodurch die Neverfull nicht nur ein modisches Statement, sondern auch eine \u00e4u\u00dferst praktische Begleiterin im Alltag ist.<\/p>\n","protected":false},"featured_media":38942,"template":"","meta":{"_uag_custom_page_level_css":"","site-sidebar-layout":"default","site-content-layout":"default","ast-site-content-layout":"default","site-content-style":"default","site-sidebar-style":"default","ast-global-header-display":"","ast-banner-title-visibility":"","ast-main-header-display":"","ast-hfb-above-header-display":"","ast-hfb-below-header-display":"","ast-hfb-mobile-header-display":"","site-post-title":"","ast-breadcrumbs-content":"","ast-featured-img":"","footer-sml-layout":"","ast-disable-related-posts":"","theme-transparent-header-meta":"default","adv-header-id-meta":"","stick-header-meta":"default","header-above-stick-meta":"","header-main-stick-meta":"","header-below-stick-meta":"","astra-migrate-meta-layouts":"set","ast-page-background-enabled":"default","ast-page-background-meta":{"desktop":{"background-color":"var(--ast-global-color-4)","background-image":"","background-repeat":"repeat","background-position":"center center","background-size":"auto","background-attachment":"scroll","background-type":"","background-media":"","overlay-type":"","overlay-color":"","overlay-opacity":"","overlay-gradient":""},"tablet":{"background-color":"","background-image":"","background-repeat":"repeat","background-position":"center center","background-size":"auto","background-attachment":"scroll","background-type":"","background-media":"","overlay-type":"","overlay-color":"","overlay-opacity":"","overlay-gradient":""},"mobile":{"background-color":"","background-image":"","background-repeat":"repeat","background-position":"center center","background-size":"auto","background-attachment":"scroll","background-type":"","background-media":"","overlay-type":"","overlay-color":"","overlay-opacity":"","overlay-gradient":""}},"ast-content-background-meta":{"desktop":{"background-color":"var(--ast-global-color-5)","background-image":"","background-repeat":"repeat","background-position":"center center","background-size":"auto","background-attachment":"scroll","background-type":"","background-media":"","overlay-type":"","overlay-color":"","overlay-opacity":"","overlay-gradient":""},"tablet":{"background-color":"var(--ast-global-color-5)","background-image":"","background-repeat":"repeat","background-position":"center center","background-size":"auto","background-attachment":"scroll","background-type":"","background-media":"","overlay-type":"","overlay-color":"","overlay-opacity":"","overlay-gradient":""},"mobile":{"background-color":"var(--ast-global-color-5)","background-image":"","background-repeat":"repeat","background-position":"center center","background-size":"auto","background-attachment":"scroll","background-type":"","background-media":"","overlay-type":"","overlay-color":"","overlay-opacity":"","overlay-gradient":""}},"_glsr_average":0,"_glsr_ranking":0,"_glsr_reviews":0},"product_brand":[1584],"product_cat":[208,448,239,447,205,204,449],"product_tag":[214,337,338,1120],"class_list":{"0":"post-38877","1":"product","2":"type-product","3":"status-publish","4":"has-post-thumbnail","6":"product_brand-louis-vuitton","7":"product_cat-handtaschen","8":"product_cat-limited-editions","9":"product_cat-louis-vuitton","10":"product_cat-sale","11":"product_cat-tragetaschen","12":"product_cat-umhaengetaschen","13":"product_cat-bald-wieder-da","14":"product_tag-louis-vuitton","15":"product_tag-louis-vuitton-neverfull","16":"product_tag-louis-vuitton-neverfull-mm","17":"product_tag-mothers-day","18":"desktop-align-left","19":"tablet-align-left","20":"mobile-align-left","21":"ast-product-gallery-layout-first-image-large","22":"ast-magnify-disabled","23":"ast-product-tabs-layout-accordion","25":"first","26":"outofstock","27":"sale","28":"sold-individually","29":"taxable","30":"shipping-taxable","31":"purchasable","32":"product-type-simple"},"spectra_custom_meta":{"_sku":["P4-0435"],"_regular_price":["1590"],"total_sales":["1"],"_tax_status":["taxable"],"_tax_class":[""],"_manage_stock":["yes"],"_backorders":["no"],"_sold_individually":["yes"],"_virtual":["no"],"_downloadable":["no"],"_download_limit":["-1"],"_download_expiry":["-1"],"_stock":["0"],"_stock_status":["outofstock"],"_wc_average_rating":[0],"_wc_review_count":["0"],"_product_attributes":["a:3:{s:8:\"pa_brand\";a:7:{s:4:\"name\";s:8:\"pa_brand\";s:5:\"value\";s:0:\"\";s:8:\"position\";i:1;s:10:\"is_visible\";i:0;s:12:\"is_variation\";i:1;s:11:\"is_taxonomy\";i:1;s:16:\"checkout_visible\";i:0;}s:8:\"pa_color\";a:7:{s:4:\"name\";s:8:\"pa_color\";s:5:\"value\";s:0:\"\";s:8:\"position\";i:2;s:10:\"is_visible\";i:0;s:12:\"is_variation\";i:1;s:11:\"is_taxonomy\";i:1;s:16:\"checkout_visible\";i:0;}s:9:\"pa_gender\";a:7:{s:4:\"name\";s:9:\"pa_gender\";s:5:\"value\";s:0:\"\";s:8:\"position\";i:3;s:10:\"is_visible\";i:0;s:12:\"is_variation\";i:1;s:11:\"is_taxonomy\";i:1;s:16:\"checkout_visible\";i:0;}}"],"_product_version":["10.0.4"],"_price":["1250"],"_wpml_media_featured":["1","1","1","1","1","1","1"],"_wpml_media_duplicate":["1","1","1","1","1","1","1"],"_wpml_word_count":["173"],"_wpml_location_migration_done":["1"],"_fusion":["a:3:{s:17:\"slider_visibility\";s:51:\"small-visibility,medium-visibility,large-visibility\";s:11:\"slider_type\";s:2:\"no\";s:9:\"wooslider\";s:1:\"0\";}"],"rank_math_seo_score":["79"],"rank_math_focus_keyword":["louis vuitton"],"_purchase_price_field":["905"],"_internal_warehouse_number_field":["2024-0435"],"_gdrive_field":["https:\/\/drive.google.com\/drive\/u\/1\/folders\/1VnCkxxY18xIVp-cHsJ69dj9UIuEXzAlD"],"_unit":[""],"_unit_base":[""],"_unit_product":[""],"_unit_price_auto":["no"],"_unit_price_regular":[""],"_unit_price":[""],"_unit_price_sale":[""],"_sale_price_label":[""],"_sale_price_regular_label":[""],"_mini_desc":["Louis Vuitton Neverfull MM Monogram Stephen Sprouse Roses"],"_defect_description":[""],"_allergen_ids":["a:0:{}"],"_warranty_attachment_id":[""],"_min_age":[""],"_ts_gtin":[""],"_ts_mpn":[""],"_delivery_time_countries":["a:0:{}"],"_free_shipping":["no"],"_service":["no"],"_photovoltaic_system":["no"],"_used_good":["yes"],"_defective_copy":["no"],"_is_food":["no"],"_differential_taxation":["no"],"_gzd_version":["3.20.0"],"_hs_code":[""],"_manufacture_country":["0"],"_rank_math_gtin_code":[""],"_fusion_google_fonts":[""],"fusion_builder_status":["active"],"rank_math_primary_product_cat":["0"],"_wcml_custom_prices_status":["1"],"avada_post_views_count":["22"],"avada_today_post_views_count":["5"],"avada_post_views_count_today_date":["10-04-2023"],"_sale_price_dates_to_USD":[""],"_sale_price_dates_from_USD":[""],"_sale_price_USD":[""],"_regular_price_USD":[""],"_wcml_schedule_USD":["0"],"_deposit_type":[""],"_nutrient_ids":["a:0:{}"],"_nutrient_reference_value":["100g"],"_ingredients":[""],"_nutri_score":[""],"_alcohol_content":[""],"_drained_weight":[""],"_net_filling_quantity":[""],"_food_distributor":[""],"_food_description":[""],"_food_place_of_origin":[""],"_deposit_quantity":[""],"yikes_woo_products_tabs":["a:2:{i:0;a:3:{s:5:\"title\";s:21:\"Weitere Informationen\";s:2:\"id\";s:21:\"weitere-informationen\";s:7:\"content\";s:322:\"<strong>Material au\u00dfen:<\/strong> Monogram Canvas mit Griffen aus Rindsleder\r\n<strong>Material innen:<\/strong> Pinkes Textilinnenfutter\r\n<strong>Ma\u00dfe:<\/strong> 31 x 28 x 14 cm\r\n<strong>Date Code \/ Herstellungsjahr: <\/strong>SP0069 \/ 2009\r\n<strong>Lieferumfang: <\/strong>I Love Handbags Staubbeutel und passenden Organizer\";}i:1;a:3:{s:5:\"title\";s:7:\"Zustand\";s:2:\"id\";s:7:\"zustand\";s:7:\"content\";s:513:\"<strong>Gesamtzustand: <\/strong>Gut\r\n<strong>Canvas: <\/strong>Intakt mit minimalen Gebrauchsspuren, an den Ecken vereinzelt leichter Abrieb\r\n<strong>Vachetta Leder:\u00a0<\/strong>Mittlere Patina mit Flecken und Kratzern, die Seitenb\u00e4nder haben an wenigen Stellen leichte Risse\r\n<strong>Einfassung: <\/strong>Intakt, jedoch vereinzelt mit Abrieb und an wenigen Stellen mit Besch\u00e4digungen\r\n<strong>Innenraum: <\/strong>Einige Gebrauchsspuren vorhanden, die jedoch gr\u00f6\u00dftenteils mit dem Organizer bedeckt werden k\u00f6nnen\";}}"],"site-sidebar-layout":["default"],"site-content-layout":["default"],"theme-transparent-header-meta":["default"],"stick-header-meta":["default"],"_pys_conversion_label_settings":["a:3:{s:6:\"enable\";b:0;s:5:\"label\";s:0:\"\";s:2:\"id\";s:14:\"AW-11184563350\";}"],"_pys_super_pack_cpt_url":[""],"_pys_super_pack_cpt_condition":["only"],"_pys_super_pack_cpt_cart":["hidden"],"_woosea_brand":[""],"_woosea_mpn":[""],"_woosea_upc":[""],"_woosea_ean":[""],"_woosea_gtin":[""],"_woosea_color":[""],"_woosea_size":[""],"_woosea_gender":[""],"_woosea_material":[""],"_woosea_pattern":[""],"_woosea_optimized_title":[""],"_woosea_unit_pricing_measure":[""],"_woosea_unit_pricing_base_measure":[""],"_woosea_condition":[""],"_woosea_age_group":["adult"],"_woosea_installment_months":[""],"_woosea_installment_amount":[""],"_woosea_exclude_product":["no"],"_woosea_cost_of_good_sold":[""],"_woosea_multipack":[""],"_woosea_is_bundle":[""],"_woosea_energy_efficiency_class":[""],"_woosea_min_energy_efficiency_class":[""],"_woosea_max_energy_efficiency_class":[""],"_woosea_is_promotion":[""],"_woosea_custom_field_0":[""],"_woosea_custom_field_1":[""],"_woosea_custom_field_2":[""],"_woosea_custom_field_3":[""],"_woosea_custom_field_4":[""],"_pys_head_footer":["a:7:{s:14:\"disable_global\";b:0;s:8:\"head_any\";s:0:\"\";s:12:\"head_desktop\";s:0:\"\";s:11:\"head_mobile\";s:0:\"\";s:10:\"footer_any\";s:0:\"\";s:14:\"footer_desktop\";s:0:\"\";s:13:\"footer_mobile\";s:0:\"\";}"],"_customs_description":[""],"_is_non_returnable":["no"],"litespeed_vpi_list_mobile":["a:2:{i:0;s:8:\"logo.png\";i:1;s:67:\"Louis-Vuitton-Neverfull-Roses-komplett-2023-0079-scaled-500x500.jpg\";}"],"litespeed_vpi_list":["a:3:{i:0;s:8:\"logo.png\";i:1;s:6:\"de.png\";i:2;s:67:\"Louis-Vuitton-Neverfull-Roses-komplett-2023-0079-scaled-500x500.jpg\";}"],"_rank_math_video":["true"],"rank_math_robots":["a:1:{i:0;s:5:\"index\";}"],"_edit_lock":["1753978378:4"],"rank_math_contentai_score":["a:4:{s:9:\"wordCount\";s:3:\"4.2\";s:9:\"linkCount\";s:1:\"0\";s:12:\"headingCount\";s:1:\"0\";s:10:\"mediaCount\";s:1:\"0\";}"],"_edit_last":["4"],"_not_in_inventory_checkbox":[""],"_internal_date_code":["SP0069"],"_internal_product_origin":["France"],"_product_rating":["B"],"_custom_html_content":[""],"ast-site-content-layout":["default"],"site-content-style":["default"],"site-sidebar-style":["default"],"_sale_price_dates_to_CHF":[""],"_sale_price_dates_from_CHF":[""],"_sale_price_CHF":[""],"_regular_price_CHF":[""],"_wcml_schedule_CHF":["0"],"_sale_price_dates_to_GBP":[""],"_sale_price_dates_from_GBP":[""],"_sale_price_GBP":[""],"_regular_price_GBP":[""],"_wcml_schedule_GBP":["0"],"_thumbnail_id":["38942"],"_product_image_gallery":["59269,38938,38940,38936,38934,38912,38930,38928,38932,38926,38924,38922,38920,38918,38916,38898,38896,38910,38908,38906,38904,38902,38900,38914"],"_wpml_media_has_media":["1"],"_wpml_post_translation_editor_native":["no"],"_wp_old_date":["2024-02-10","2024-02-07","2024-02-08","2024-02-13","2024-03-10"],"_customer_view":["20"],"_custom_view_last_updated":["2025-07-17 18:01:51"],"_shipping_length":[""],"_shipping_width":[""],"_shipping_height":[""],"_izettle_image_lookup_key":["3kyncy1cEe-udXp3qLWasA-ElJwZUbCEfCenyk_5OClvQ"],"woocommerce_izettle_product_uuid":["6d462a8e-63d0-11ef-a780-353536383939"],"woocommerce_izettle_variant_uuid":["a3fbfc46-2d6d-11ef-ad95-353536383939"],"_izettle_updated":["1752732293"],"_izettle_barcode":["0290000388776"],"_izettle_product_etag":["A9EEE87EBD3D310820140E5E82C36DA2"],"_izettle_nosync":[""],"_izettle_cost_price":[""],"_izettle_special_price":[""],"_izettle_product_name":[""],"_zettle_product_cat_id":[""],"_product_shipping_weight":["1kg"],"_product_available_from_field":[""],"_manufacturer_slug":[""],"_safety_instructions":[""],"_safety_attachment_ids":["a:0:{}"],"_nickx_video_text_url":["a:1:{i:0;s:0:\"\";}"],"_nickx_product_video_type":["a:1:{i:0;s:23:\"nickx_video_url_youtube\";}"],"_nickx_product_video_thumb_ids":["a:1:{i:0;s:0:\"\";}"],"_product_reserve_till_field":["2024-12-19T16:00"],"_product_reserve_add_cart_link_key":["WPOGNsLptaulcwxyVvqFDSjeRXQBgInbmiUZHoErkhYdfJCTMzKA1734380378"],"_sale_price":["1250"],"_wireless_electronic_device":["no"],"_device_contains_power_supply":["no"],"_device_charging_supports_usb_pd":["no"],"_device_charging_watt_min":["0"],"_device_charging_watt_max":["0"],"rank_math_primary_product_brand":["1584"],"sib_push_meta_box_present":["1"],"sib_push_send_notification":["0"],"sib_push_target_segment_ids":["@ALL"],"_ame_cpe_post_policy":["{\"accessProtection\":{\"active\":\"replace\"}}"],"_wcml_average_rating":[null],"_wcml_review_count":[null],"_wcml_rating_count":[null],"sib_push_send_notification_delay_seconds":[null],"sib_push_target_tags":[null],"sib_push_target_brevo_segment_ids":[null],"sib_push_target_brevo_list_ids":[null],"sib_push_utm_source":[null],"sib_push_utm_medium":[null],"sib_push_utm_campaign":[null],"sib_push_utm_term":[null],"sib_push_utm_content":[null],"astra-migrate-meta-layouts":["set"],"copied_media_ids":["a:0:{}"],"referenced_media_ids":["a:25:{i:0;i:38942;i:1;i:59269;i:2;i:38938;i:3;i:38940;i:4;i:38936;i:5;i:38934;i:6;i:38912;i:7;i:38930;i:8;i:38928;i:9;i:38932;i:10;i:38926;i:11;i:38924;i:12;i:38922;i:13;i:38920;i:14;i:38918;i:15;i:38916;i:16;i:38898;i:17;i:38896;i:18;i:38910;i:19;i:38908;i:20;i:38906;i:21;i:38904;i:22;i:38902;i:23;i:38900;i:24;i:38914;}"],"rank_math_analytic_object_id":["1403"],"_uag_page_assets":["a:9:{s:3:\"css\";s:0:\"\";s:2:\"js\";s:0:\"\";s:18:\"current_block_list\";a:6:{i:0;s:26:\"woocommerce\/filter-wrapper\";i:1;s:24:\"woocommerce\/price-filter\";i:2;s:30:\"woocommerce\/product-categories\";i:3;s:14:\"core\/paragraph\";i:4;s:14:\"core\/shortcode\";i:5;s:11:\"core\/search\";}s:8:\"uag_flag\";b:0;s:11:\"uag_version\";s:10:\"1777481675\";s:6:\"gfonts\";a:0:{}s:10:\"gfonts_url\";s:0:\"\";s:12:\"gfonts_files\";a:0:{}s:14:\"uag_faq_layout\";b:0;}"],"_wc_rating_count":[""]},"uagb_featured_image_src":{"full":["https:\/\/ilovehandbags.com\/wp-content\/uploads\/sites\/3\/Louis-Vuitton-Neverfull-Roses-Vorderseite-2024-0435-scaled.jpg",1920,2560,false],"thumbnail":["https:\/\/ilovehandbags.com\/wp-content\/uploads\/sites\/3\/Louis-Vuitton-Neverfull-Roses-Vorderseite-2024-0435-scaled-150x150.jpg",150,150,true],"medium":["https:\/\/ilovehandbags.com\/wp-content\/uploads\/sites\/3\/Louis-Vuitton-Neverfull-Roses-Vorderseite-2024-0435-scaled-300x300.jpg",300,300,true],"medium_large":["https:\/\/ilovehandbags.com\/wp-content\/uploads\/sites\/3\/Louis-Vuitton-Neverfull-Roses-Vorderseite-2024-0435-scaled-768x768.jpg",768,768,true],"large":["https:\/\/ilovehandbags.com\/wp-content\/uploads\/sites\/3\/Louis-Vuitton-Neverfull-Roses-Vorderseite-2024-0435-scaled-1024x1024.jpg",1024,1024,true],"1536x1536":["https:\/\/ilovehandbags.com\/wp-content\/uploads\/sites\/3\/Louis-Vuitton-Neverfull-Roses-Vorderseite-2024-0435-scaled.jpg",1152,1536,false],"2048x2048":["https:\/\/ilovehandbags.com\/wp-content\/uploads\/sites\/3\/Louis-Vuitton-Neverfull-Roses-Vorderseite-2024-0435-scaled.jpg",1536,2048,false],"woocommerce_thumbnail":["https:\/\/ilovehandbags.com\/wp-content\/uploads\/sites\/3\/Louis-Vuitton-Neverfull-Roses-Vorderseite-2024-0435-scaled-500x500.jpg",500,500,true],"woocommerce_single":["https:\/\/ilovehandbags.com\/wp-content\/uploads\/sites\/3\/Louis-Vuitton-Neverfull-Roses-Vorderseite-2024-0435-scaled-500x500.jpg",500,500,true],"woocommerce_gallery_thumbnail":["https:\/\/ilovehandbags.com\/wp-content\/uploads\/sites\/3\/Louis-Vuitton-Neverfull-Roses-Vorderseite-2024-0435-scaled-100x100.jpg",100,100,true]},"uagb_author_info":{"display_name":"ILoveHandbags","author_link":"https:\/\/ilovehandbags.com\/de\/author\/"},"uagb_comment_info":0,"uagb_excerpt":"Entdecke mit der Louis Vuitton Neverfull MM aus der exquisiten Stephen Sprouse Roses Kollektion einen zeitlosen Begleiter, der nicht nur ein Modeaccessoire, sondern auch eine Hommage an die zeitlose Sch\u00f6nheit von Blumen ist. In dieser einzigartigen Kreation vereinen sich Eleganz und Praktikabilit\u00e4t, wodurch die Neverfull zu einem vielseitigen Begleiter f\u00fcr verschiedenste Anl\u00e4sse wird. Das Modell&hellip;","_links":{"self":[{"href":"https:\/\/ilovehandbags.com\/de\/wp-json\/wp\/v2\/product\/38877","targetHints":{"allow":["GET"]}}],"collection":[{"href":"https:\/\/ilovehandbags.com\/de\/wp-json\/wp\/v2\/product"}],"about":[{"href":"https:\/\/ilovehandbags.com\/de\/wp-json\/wp\/v2\/types\/product"}],"wp:featuredmedia":[{"embeddable":true,"href":"https:\/\/ilovehandbags.com\/de\/wp-json\/wp\/v2\/media\/38942"}],"wp:attachment":[{"href":"https:\/\/ilovehandbags.com\/de\/wp-json\/wp\/v2\/media?parent=38877"}],"wp:term":[{"taxonomy":"product_brand","embeddable":true,"href":"https:\/\/ilovehandbags.com\/de\/wp-json\/wp\/v2\/product_brand?post=38877"},{"taxonomy":"product_cat","embeddable":true,"href":"https:\/\/ilovehandbags.com\/de\/wp-json\/wp\/v2\/product_cat?post=38877"},{"taxonomy":"product_tag","embeddable":true,"href":"https:\/\/ilovehandbags.com\/de\/wp-json\/wp\/v2\/product_tag?post=38877"}],"curies":[{"name":"wp","href":"https:\/\/api.w.org\/{rel}","templated":true}]}}