{"id":40755,"date":"2024-03-27T08:57:42","date_gmt":"2024-03-27T07:57:42","guid":{"rendered":"https:\/\/ilovehandbags.com\/?post_type=product&#038;p=40755"},"modified":"2024-07-04T13:58:50","modified_gmt":"2024-07-04T11:58:50","slug":"louis-vuitton-pochette-accessoires-monogram-canvas-4","status":"publish","type":"product","link":"https:\/\/ilovehandbags.com\/de\/louis-vuitton-pochette-accessoires-monogram-canvas-4\/","title":{"rendered":"Louis Vuitton Pochette Accessoires Monogram Canvas"},"content":{"rendered":"","protected":false},"excerpt":{"rendered":"<p>Selbstbewusst und zeitlos pr\u00e4sentiert sich die Louis Vuitton Pochette Accessoires im charakteristischen Monogram Canvas. Als treuer Begleiter f\u00fcr jede Gelegenheit verk\u00f6rpert sie einen Hauch von Luxus und Stil. Diese klassische Tasche vereint Funktionalit\u00e4t mit Eleganz und ist ein unverzichtbares Accessoire in jedem Kleiderschrank. Ganz gleich, ob du sie als Clutch f\u00fcr einen glamour\u00f6sen Abend oder als stilvolle Erg\u00e4nzung f\u00fcr den Alltag verwendest, die Pochette Accessoires bietet stets ausreichend Platz f\u00fcr das Wesentliche. Ihr zeitloses Design und die hochwertige Verarbeitung machen sie zu einem zeitlosen Schmuckst\u00fcck, das \u00fcber Trends hinaus Bestand hat. Diese Ausf\u00fchrung pr\u00e4sentiert das beliebte \u00e4ltere Modell und wird mit einem neue, I Love Handbags Schulterriemen aus eingef\u00e4rbten Vachetta Leder geliefert. Entdecke mit der Louis Vuitton Pochette Accessoires die perfekte Symbiose aus Funktionalit\u00e4t, Stil und Eleganz, die dich bei jedem Anlass begleitet.<\/p>\n","protected":false},"featured_media":40781,"template":"","meta":{"_uag_custom_page_level_css":"","site-sidebar-layout":"default","site-content-layout":"default","ast-site-content-layout":"default","site-content-style":"default","site-sidebar-style":"default","ast-global-header-display":"","ast-banner-title-visibility":"","ast-main-header-display":"","ast-hfb-above-header-display":"","ast-hfb-below-header-display":"","ast-hfb-mobile-header-display":"","site-post-title":"","ast-breadcrumbs-content":"","ast-featured-img":"","footer-sml-layout":"","ast-disable-related-posts":"","theme-transparent-header-meta":"default","adv-header-id-meta":"","stick-header-meta":"default","header-above-stick-meta":"","header-main-stick-meta":"","header-below-stick-meta":"","astra-migrate-meta-layouts":"set","ast-page-background-enabled":"default","ast-page-background-meta":{"desktop":{"background-color":"var(--ast-global-color-4)","background-image":"","background-repeat":"repeat","background-position":"center center","background-size":"auto","background-attachment":"scroll","background-type":"","background-media":"","overlay-type":"","overlay-color":"","overlay-opacity":"","overlay-gradient":""},"tablet":{"background-color":"","background-image":"","background-repeat":"repeat","background-position":"center center","background-size":"auto","background-attachment":"scroll","background-type":"","background-media":"","overlay-type":"","overlay-color":"","overlay-opacity":"","overlay-gradient":""},"mobile":{"background-color":"","background-image":"","background-repeat":"repeat","background-position":"center center","background-size":"auto","background-attachment":"scroll","background-type":"","background-media":"","overlay-type":"","overlay-color":"","overlay-opacity":"","overlay-gradient":""}},"ast-content-background-meta":{"desktop":{"background-color":"var(--ast-global-color-5)","background-image":"","background-repeat":"repeat","background-position":"center center","background-size":"auto","background-attachment":"scroll","background-type":"","background-media":"","overlay-type":"","overlay-color":"","overlay-opacity":"","overlay-gradient":""},"tablet":{"background-color":"var(--ast-global-color-5)","background-image":"","background-repeat":"repeat","background-position":"center center","background-size":"auto","background-attachment":"scroll","background-type":"","background-media":"","overlay-type":"","overlay-color":"","overlay-opacity":"","overlay-gradient":""},"mobile":{"background-color":"var(--ast-global-color-5)","background-image":"","background-repeat":"repeat","background-position":"center center","background-size":"auto","background-attachment":"scroll","background-type":"","background-media":"","overlay-type":"","overlay-color":"","overlay-opacity":"","overlay-gradient":""}},"_glsr_average":0,"_glsr_ranking":0,"_glsr_reviews":0},"product_brand":[],"product_cat":[208,242,239,449],"product_tag":[214,836,341,265],"class_list":{"0":"post-40755","1":"product","2":"type-product","3":"status-publish","4":"has-post-thumbnail","6":"product_cat-handtaschen","7":"product_cat-kleine-taschen","8":"product_cat-louis-vuitton","9":"product_cat-bald-wieder-da","10":"product_tag-louis-vuitton","11":"product_tag-louis-vuitton-m51980","12":"product_tag-louis-vuitton-pochette-accessoire-monogram-canvas","13":"product_tag-louis-vuitton-pochette-accessoires","14":"desktop-align-left","15":"tablet-align-left","16":"mobile-align-left","17":"ast-product-gallery-layout-first-image-large","18":"ast-magnify-disabled","19":"ast-product-tabs-layout-accordion","21":"first","22":"outofstock","23":"sold-individually","24":"taxable","25":"shipping-taxable","26":"purchasable","27":"product-type-simple"},"spectra_custom_meta":{"_sku":["P4-0459"],"_regular_price":["650"],"total_sales":["1"],"_tax_status":["taxable"],"_tax_class":[""],"_manage_stock":["yes"],"_backorders":["no"],"_sold_individually":["yes"],"_crosssell_ids":["a:1:{i:0;i:21887;}"],"_virtual":["no"],"_downloadable":["no"],"_download_limit":["-1"],"_download_expiry":["-1"],"_thumbnail_id":["40781"],"_stock":["0"],"_stock_status":["outofstock"],"_wc_average_rating":[0],"_wc_review_count":["0"],"_product_attributes":["a:3:{s:8:\"pa_brand\";a:7:{s:4:\"name\";s:8:\"pa_brand\";s:5:\"value\";s:0:\"\";s:8:\"position\";i:1;s:10:\"is_visible\";i:0;s:12:\"is_variation\";i:0;s:11:\"is_taxonomy\";i:1;s:16:\"checkout_visible\";i:0;}s:8:\"pa_color\";a:7:{s:4:\"name\";s:8:\"pa_color\";s:5:\"value\";s:0:\"\";s:8:\"position\";i:2;s:10:\"is_visible\";i:0;s:12:\"is_variation\";i:0;s:11:\"is_taxonomy\";i:1;s:16:\"checkout_visible\";i:0;}s:9:\"pa_gender\";a:7:{s:4:\"name\";s:9:\"pa_gender\";s:5:\"value\";s:0:\"\";s:8:\"position\";i:3;s:10:\"is_visible\";i:0;s:12:\"is_variation\";i:0;s:11:\"is_taxonomy\";i:1;s:16:\"checkout_visible\";i:0;}}"],"_product_version":["9.0.2"],"_price":["650"],"_wpml_media_featured":["1","1","1","1","1","1","1"],"_wpml_media_duplicate":["1","1","1","1","1","1","1"],"_wpml_word_count":["{\"total\":155,\"to_translate\":{\"en\":155}}"],"_wpml_location_migration_done":["1"],"_fusion":["a:3:{s:17:\"slider_visibility\";s:51:\"small-visibility,medium-visibility,large-visibility\";s:11:\"slider_type\";s:2:\"no\";s:9:\"wooslider\";s:1:\"0\";}"],"rank_math_seo_score":["63"],"rank_math_focus_keyword":["louis vuitton pochette"],"_purchase_price_field":["315,67"],"_internal_warehouse_number_field":["2024-0459"],"_gdrive_field":["https:\/\/drive.google.com\/drive\/u\/1\/folders\/1gYsJz9iIhlrOW01EBoQn0M5F8ZZvAa8A"],"_unit":[""],"_unit_base":[""],"_unit_product":[""],"_unit_price_auto":["no"],"_unit_price_regular":[""],"_unit_price":[""],"_unit_price_sale":[""],"_sale_price_label":[""],"_sale_price_regular_label":[""],"_mini_desc":["Louis Vuitton Pochette Accessoires Monogram Canvas"],"_defect_description":[""],"_allergen_ids":["a:0:{}"],"_warranty_attachment_id":[""],"_min_age":[""],"_ts_gtin":[""],"_ts_mpn":[""],"_delivery_time_countries":["a:0:{}"],"_free_shipping":["no"],"_service":["no"],"_photovoltaic_system":["no"],"_used_good":["yes"],"_defective_copy":["no"],"_is_food":["no"],"_differential_taxation":["no"],"_gzd_version":["3.16.9"],"_hs_code":[""],"_manufacture_country":["0"],"_rank_math_gtin_code":[""],"_fusion_google_fonts":[""],"fusion_builder_status":["active"],"rank_math_primary_product_cat":["0"],"_wcml_custom_prices_status":["0"],"avada_post_views_count":["11"],"avada_today_post_views_count":["3"],"avada_post_views_count_today_date":["10-04-2023"],"yikes_woo_products_tabs":["a:2:{i:0;a:3:{s:5:\"title\";s:21:\"Weitere Informationen\";s:2:\"id\";s:21:\"weitere-informationen\";s:7:\"content\";s:515:\"<strong>Material au\u00dfen:\u00a0<\/strong>Monogram Canvas\r\n<strong>Material innen: <\/strong>brauner Textilstoff\r\n<strong>Material Schulteriemen:\u00a0<\/strong>Monogram Canvas mit goldfarbenen Metallelementen\r\n<strong>Ma\u00dfe Pochette:\u00a0<\/strong>22 x 12 x 4 cm\r\n<strong>Ma\u00dfe Schulterriemen:\u00a0<\/strong>L\u00e4nge: 59 cm Breite: 1 cm\r\n<strong>Date Code \/ Herstellungsjahr:\u00a0<\/strong>VI0031 \/ 2001\r\n<strong>SKU:\u00a0<\/strong>M51980\r\n<strong>Lieferumfang:<\/strong> I Love Handbags Staubbeutel und neuer Schulterriemen von I Love Handbags\r\n\";}i:1;a:3:{s:5:\"title\";s:7:\"Zustand\";s:2:\"id\";s:7:\"zustand\";s:7:\"content\";s:323:\"<strong>Gesamtzustand Pochette: <\/strong>gut bis sehr gut\r\n<strong>Gesamtzustand Schulterriemen: <\/strong>neu\r\n<strong>Canvas:\u00a0<\/strong>intakt, mit kleinem Fleck\r\n<strong>Rei\u00dfverschluss:\u00a0<\/strong>schlie\u00dft gut\r\n<strong>Hardware:\u00a0 <\/strong>Gebrauchsspuren\r\n<strong>Innenraum: <\/strong>sauber mit leichten Gebrauchsspuren\";}}"],"_deposit_type":[""],"_nutrient_ids":["a:0:{}"],"_nutrient_reference_value":["100g"],"_ingredients":[""],"_nutri_score":[""],"_alcohol_content":[""],"_drained_weight":[""],"_net_filling_quantity":[""],"_food_distributor":[""],"_food_description":[""],"_food_place_of_origin":[""],"_deposit_quantity":[""],"site-sidebar-layout":["default"],"site-content-layout":["default"],"theme-transparent-header-meta":["default"],"stick-header-meta":["default"],"_wp_old_date":["2023-04-10","2023-05-10","2023-07-10","2023-08-03","2023-11-30","2024-03-29"],"_pys_conversion_label_settings":["a:3:{s:6:\"enable\";b:0;s:5:\"label\";s:0:\"\";s:2:\"id\";s:14:\"AW-11184563350\";}"],"_pys_super_pack_cpt_url":[""],"_pys_super_pack_cpt_condition":["only"],"_pys_super_pack_cpt_cart":["hidden"],"_pys_head_footer":["a:7:{s:14:\"disable_global\";b:0;s:8:\"head_any\";s:0:\"\";s:12:\"head_desktop\";s:0:\"\";s:11:\"head_mobile\";s:0:\"\";s:10:\"footer_any\";s:0:\"\";s:14:\"footer_desktop\";s:0:\"\";s:13:\"footer_mobile\";s:0:\"\";}"],"_woosea_brand":[""],"_woosea_mpn":[""],"_woosea_upc":[""],"_woosea_ean":[""],"_woosea_gtin":[""],"_woosea_color":[""],"_woosea_size":[""],"_woosea_gender":[""],"_woosea_material":[""],"_woosea_pattern":[""],"_woosea_optimized_title":[""],"_woosea_unit_pricing_measure":[""],"_woosea_unit_pricing_base_measure":[""],"_woosea_condition":[""],"_woosea_age_group":["adult"],"_woosea_installment_months":[""],"_woosea_installment_amount":[""],"_woosea_exclude_product":["no"],"_woosea_cost_of_good_sold":[""],"_woosea_multipack":[""],"_woosea_is_bundle":[""],"_woosea_energy_efficiency_class":[""],"_woosea_min_energy_efficiency_class":[""],"_woosea_max_energy_efficiency_class":[""],"_woosea_is_promotion":[""],"_woosea_custom_field_0":[""],"_woosea_custom_field_1":[""],"_woosea_custom_field_2":[""],"_woosea_custom_field_3":[""],"_woosea_custom_field_4":[""],"litespeed_vpi_list":["a:2:{i:0;s:8:\"logo.png\";i:1;s:68:\"Louis-Vuitton-Pochette-Accessoires-vorn-2023-0200-scaled-500x500.jpg\";}"],"_customs_description":[""],"_is_non_returnable":["no"],"litespeed_vpi_list_mobile":["a:2:{i:0;s:8:\"logo.png\";i:1;s:72:\"Louis-Vuitton-Pochette-Accessoires-komplett-2023-0284-scaled-500x500.jpg\";}"],"_internal_date_code":["VI0031"],"_internal_product_origin":["France"],"_product_rating":["B"],"ast-site-content-layout":["default"],"site-content-style":["default"],"site-sidebar-style":["default"],"_custom_html_content":[""],"rank_math_robots":["a:1:{i:0;s:5:\"index\";}"],"_customer_view":["4"],"_custom_view_last_updated":["2024-05-01 20:07:34"],"_not_in_inventory_checkbox":[""],"_edit_lock":["1720094333:4"],"_edit_last":["4"],"_shipping_length":[""],"_shipping_width":[""],"_shipping_height":[""],"_product_image_gallery":["40781,40779,40775,40777,40771,40767,40765,40763,40769,40773,40761,40759,40757"],"_wpml_post_translation_editor_native":["no"],"_wpml_media_has_media":["1"],"_izettle_image_lookup_key":["3kyncy1cEe-udXp3qLWasA-nNhOrS1tEe-odnmNpg95Pw"],"woocommerce_izettle_product_uuid":["9cdc3d7c-2d6d-11ef-ad54-353536383939"],"woocommerce_izettle_variant_uuid":["9cdc5514-2d6d-11ef-a951-353536383939"],"_izettle_updated":["1718713428"],"_izettle_barcode":["0290000407552"],"_izettle_nosync":[""],"_izettle_cost_price":[""],"_izettle_special_price":[""],"_izettle_product_name":[""],"_zettle_product_cat_id":[""],"_wcml_average_rating":[null],"_wcml_review_count":[null],"_wcml_rating_count":[null],"astra-migrate-meta-layouts":["set"],"_product_shipping_weight":["1kg"],"copied_media_ids":["a:0:{}"],"referenced_media_ids":["a:13:{i:0;i:40781;i:1;i:40779;i:2;i:40775;i:3;i:40777;i:4;i:40771;i:5;i:40767;i:6;i:40765;i:7;i:40763;i:8;i:40769;i:9;i:40773;i:10;i:40761;i:11;i:40759;i:12;i:40757;}"],"rank_math_analytic_object_id":["1723"],"_uag_page_assets":["a:9:{s:3:\"css\";s:0:\"\";s:2:\"js\";s:0:\"\";s:18:\"current_block_list\";a:6:{i:0;s:26:\"woocommerce\/filter-wrapper\";i:1;s:24:\"woocommerce\/price-filter\";i:2;s:30:\"woocommerce\/product-categories\";i:3;s:14:\"core\/paragraph\";i:4;s:14:\"core\/shortcode\";i:5;s:11:\"core\/search\";}s:8:\"uag_flag\";b:0;s:11:\"uag_version\";s:10:\"1777508402\";s:6:\"gfonts\";a:0:{}s:10:\"gfonts_url\";s:0:\"\";s:12:\"gfonts_files\";a:0:{}s:14:\"uag_faq_layout\";b:0;}"],"_wc_rating_count":[""]},"uagb_featured_image_src":{"full":["https:\/\/ilovehandbags.com\/wp-content\/uploads\/sites\/3\/Louis-Vuitton-Pochette-Accessoires-Vorderseite-2024-0459-scaled.jpg",1920,2560,false],"thumbnail":["https:\/\/ilovehandbags.com\/wp-content\/uploads\/sites\/3\/Louis-Vuitton-Pochette-Accessoires-Vorderseite-2024-0459-scaled-150x150.jpg",150,150,true],"medium":["https:\/\/ilovehandbags.com\/wp-content\/uploads\/sites\/3\/Louis-Vuitton-Pochette-Accessoires-Vorderseite-2024-0459-scaled-300x300.jpg",300,300,true],"medium_large":["https:\/\/ilovehandbags.com\/wp-content\/uploads\/sites\/3\/Louis-Vuitton-Pochette-Accessoires-Vorderseite-2024-0459-scaled-768x768.jpg",768,768,true],"large":["https:\/\/ilovehandbags.com\/wp-content\/uploads\/sites\/3\/Louis-Vuitton-Pochette-Accessoires-Vorderseite-2024-0459-scaled-1024x1024.jpg",1024,1024,true],"1536x1536":["https:\/\/ilovehandbags.com\/wp-content\/uploads\/sites\/3\/Louis-Vuitton-Pochette-Accessoires-Vorderseite-2024-0459-scaled.jpg",1152,1536,false],"2048x2048":["https:\/\/ilovehandbags.com\/wp-content\/uploads\/sites\/3\/Louis-Vuitton-Pochette-Accessoires-Vorderseite-2024-0459-scaled.jpg",1536,2048,false],"woocommerce_thumbnail":["https:\/\/ilovehandbags.com\/wp-content\/uploads\/sites\/3\/Louis-Vuitton-Pochette-Accessoires-Vorderseite-2024-0459-scaled-500x500.jpg",500,500,true],"woocommerce_single":["https:\/\/ilovehandbags.com\/wp-content\/uploads\/sites\/3\/Louis-Vuitton-Pochette-Accessoires-Vorderseite-2024-0459-scaled-500x500.jpg",500,500,true],"woocommerce_gallery_thumbnail":["https:\/\/ilovehandbags.com\/wp-content\/uploads\/sites\/3\/Louis-Vuitton-Pochette-Accessoires-Vorderseite-2024-0459-scaled-100x100.jpg",100,100,true]},"uagb_author_info":{"display_name":"ILoveHandbags","author_link":"https:\/\/ilovehandbags.com\/de\/author\/"},"uagb_comment_info":0,"uagb_excerpt":"Selbstbewusst und zeitlos pr\u00e4sentiert sich die Louis Vuitton Pochette Accessoires im charakteristischen Monogram Canvas. Als treuer Begleiter f\u00fcr jede Gelegenheit verk\u00f6rpert sie einen Hauch von Luxus und Stil. Diese klassische Tasche vereint Funktionalit\u00e4t mit Eleganz und ist ein unverzichtbares Accessoire in jedem Kleiderschrank. Ganz gleich, ob du sie als Clutch f\u00fcr einen glamour\u00f6sen Abend oder&hellip;","_links":{"self":[{"href":"https:\/\/ilovehandbags.com\/de\/wp-json\/wp\/v2\/product\/40755","targetHints":{"allow":["GET"]}}],"collection":[{"href":"https:\/\/ilovehandbags.com\/de\/wp-json\/wp\/v2\/product"}],"about":[{"href":"https:\/\/ilovehandbags.com\/de\/wp-json\/wp\/v2\/types\/product"}],"wp:featuredmedia":[{"embeddable":true,"href":"https:\/\/ilovehandbags.com\/de\/wp-json\/wp\/v2\/media\/40781"}],"wp:attachment":[{"href":"https:\/\/ilovehandbags.com\/de\/wp-json\/wp\/v2\/media?parent=40755"}],"wp:term":[{"taxonomy":"product_brand","embeddable":true,"href":"https:\/\/ilovehandbags.com\/de\/wp-json\/wp\/v2\/product_brand?post=40755"},{"taxonomy":"product_cat","embeddable":true,"href":"https:\/\/ilovehandbags.com\/de\/wp-json\/wp\/v2\/product_cat?post=40755"},{"taxonomy":"product_tag","embeddable":true,"href":"https:\/\/ilovehandbags.com\/de\/wp-json\/wp\/v2\/product_tag?post=40755"}],"curies":[{"name":"wp","href":"https:\/\/api.w.org\/{rel}","templated":true}]}}