{"id":41341,"date":"2024-04-18T14:45:28","date_gmt":"2024-04-18T12:45:28","guid":{"rendered":"https:\/\/ilovehandbags.com\/?post_type=product&#038;p=41341"},"modified":"2025-03-19T14:05:54","modified_gmt":"2025-03-19T13:05:54","slug":"chanel-coco-trifold-geldboerse-schwarz","status":"publish","type":"product","link":"https:\/\/ilovehandbags.com\/de\/chanel-coco-trifold-geldboerse-schwarz\/","title":{"rendered":"Chanel Coco Trifold Geldb\u00f6rse Schwarz"},"content":{"rendered":"","protected":false},"excerpt":{"rendered":"<p>Du suchst nach Eleganz und Funktionalit\u00e4t in deinem t\u00e4glichen Begleiter? Die kleine Chanel Coco Trifold Geldb\u00f6rse vereint beides auf perfekte Weise. Sie ist nicht nur ein Accessoire, sondern ein Statement f\u00fcr deinen Stil und deine Bed\u00fcrfnisse. Ganz gleich, ob du Wert auf Kompaktheit oder Raum legst, ob du den klassischen oder modernen Look bevorzugst \u2013 diese Trifold-Geldb\u00f6rse bietet die ideale Balance. In ihr findest du genug Platz f\u00fcr deine Kreditkarten, Geldscheine und M\u00fcnzen, alles stets griffbereit und organisiert. Jedes Detail dieser Geldb\u00f6rse wurde mit gr\u00f6\u00dfter Sorgfalt gestaltet, um h\u00f6chsten Anspr\u00fcchen gerecht zu werden.<\/p>\n","protected":false},"featured_media":41390,"template":"","meta":{"_uag_custom_page_level_css":"","site-sidebar-layout":"default","site-content-layout":"default","ast-site-content-layout":"default","site-content-style":"default","site-sidebar-style":"default","ast-global-header-display":"","ast-banner-title-visibility":"","ast-main-header-display":"","ast-hfb-above-header-display":"","ast-hfb-below-header-display":"","ast-hfb-mobile-header-display":"","site-post-title":"","ast-breadcrumbs-content":"","ast-featured-img":"","footer-sml-layout":"","ast-disable-related-posts":"","theme-transparent-header-meta":"default","adv-header-id-meta":"","stick-header-meta":"default","header-above-stick-meta":"","header-main-stick-meta":"","header-below-stick-meta":"","astra-migrate-meta-layouts":"set","ast-page-background-enabled":"default","ast-page-background-meta":{"desktop":{"background-color":"var(--ast-global-color-4)","background-image":"","background-repeat":"repeat","background-position":"center center","background-size":"auto","background-attachment":"scroll","background-type":"","background-media":"","overlay-type":"","overlay-color":"","overlay-opacity":"","overlay-gradient":""},"tablet":{"background-color":"","background-image":"","background-repeat":"repeat","background-position":"center center","background-size":"auto","background-attachment":"scroll","background-type":"","background-media":"","overlay-type":"","overlay-color":"","overlay-opacity":"","overlay-gradient":""},"mobile":{"background-color":"","background-image":"","background-repeat":"repeat","background-position":"center center","background-size":"auto","background-attachment":"scroll","background-type":"","background-media":"","overlay-type":"","overlay-color":"","overlay-opacity":"","overlay-gradient":""}},"ast-content-background-meta":{"desktop":{"background-color":"var(--ast-global-color-5)","background-image":"","background-repeat":"repeat","background-position":"center center","background-size":"auto","background-attachment":"scroll","background-type":"","background-media":"","overlay-type":"","overlay-color":"","overlay-opacity":"","overlay-gradient":""},"tablet":{"background-color":"var(--ast-global-color-5)","background-image":"","background-repeat":"repeat","background-position":"center center","background-size":"auto","background-attachment":"scroll","background-type":"","background-media":"","overlay-type":"","overlay-color":"","overlay-opacity":"","overlay-gradient":""},"mobile":{"background-color":"var(--ast-global-color-5)","background-image":"","background-repeat":"repeat","background-position":"center center","background-size":"auto","background-attachment":"scroll","background-type":"","background-media":"","overlay-type":"","overlay-color":"","overlay-opacity":"","overlay-gradient":""}},"_glsr_average":0,"_glsr_ranking":0,"_glsr_reviews":0},"product_brand":[1593],"product_cat":[235,191,237,451,449],"product_tag":[325,1079,1078],"class_list":{"0":"post-41341","1":"product","2":"type-product","3":"status-publish","4":"has-post-thumbnail","6":"product_brand-chanel","7":"product_cat-chanel","8":"product_cat-geldboersen","9":"product_cat-kleinlederwaren","10":"product_cat-vintage","11":"product_cat-bald-wieder-da","12":"product_tag-chanel","13":"product_tag-chanel-bifold-geldboerse","14":"product_tag-chanel-geldboerse","15":"desktop-align-left","16":"tablet-align-left","17":"mobile-align-left","18":"ast-product-gallery-layout-first-image-large","19":"ast-magnify-disabled","20":"ast-product-tabs-layout-accordion","22":"first","23":"outofstock","24":"sale","25":"featured","26":"sold-individually","27":"purchasable","28":"product-type-simple"},"spectra_custom_meta":{"_sku":["P4-0464"],"_regular_price":["160"],"total_sales":["0"],"_tax_status":["none"],"_tax_class":[""],"_manage_stock":["yes"],"_backorders":["no"],"_sold_individually":["yes"],"_virtual":["no"],"_downloadable":["no"],"_product_image_gallery":["41382,41384,41388,41396,41386,41368,41372,41370,41374,41392,41380,41376,41378,41366,41364,41394"],"_download_limit":["-1"],"_download_expiry":["-1"],"_thumbnail_id":["41390"],"_stock":["-2"],"_stock_status":["outofstock"],"_wc_average_rating":[0],"_wc_review_count":["0"],"_product_attributes":["a:2:{s:8:\"pa_color\";a:7:{s:4:\"name\";s:8:\"pa_color\";s:5:\"value\";s:0:\"\";s:8:\"position\";i:1;s:10:\"is_visible\";i:0;s:12:\"is_variation\";i:1;s:11:\"is_taxonomy\";i:1;s:16:\"checkout_visible\";i:0;}s:9:\"pa_gender\";a:7:{s:4:\"name\";s:9:\"pa_gender\";s:5:\"value\";s:0:\"\";s:8:\"position\";i:2;s:10:\"is_visible\";i:0;s:12:\"is_variation\";i:1;s:11:\"is_taxonomy\";i:1;s:16:\"checkout_visible\";i:0;}}"],"_product_version":["9.7.1"],"_price":["100"],"_wpml_media_featured":["1","1","1","1","1","1","1"],"_wpml_media_duplicate":["1","1","1","1","1","1","1"],"_wpml_word_count":["118"],"_wpml_location_migration_done":["1"],"_fusion":["a:3:{s:17:\"slider_visibility\";s:51:\"small-visibility,medium-visibility,large-visibility\";s:11:\"slider_type\";s:2:\"no\";s:9:\"wooslider\";s:1:\"0\";}"],"rank_math_seo_score":["67"],"rank_math_focus_keyword":["Chanel Coco Trifold Geldb\u00f6rse"],"_purchase_price_field":["100"],"_internal_warehouse_number_field":["2024-0464"],"_gdrive_field":["https:\/\/drive.google.com\/drive\/u\/0\/folders\/1BNoWa8SsQP1axED_78YtSairiBX-FD27"],"_unit":[""],"_unit_base":[""],"_unit_product":[""],"_unit_price_auto":["no"],"_unit_price_regular":[""],"_unit_price":[""],"_unit_price_sale":[""],"_sale_price_label":[""],"_sale_price_regular_label":[""],"_mini_desc":["Chanel Coco Trifold Geldb\u00f6rse Schwarz"],"_defect_description":[""],"_allergen_ids":["a:0:{}"],"_warranty_attachment_id":[""],"_min_age":[""],"_ts_gtin":[""],"_ts_mpn":[""],"_delivery_time_countries":["a:0:{}"],"_free_shipping":["no"],"_service":["no"],"_photovoltaic_system":["no"],"_used_good":["yes"],"_defective_copy":["no"],"_is_food":["no"],"_differential_taxation":["yes"],"_gzd_version":["3.18.6"],"_hs_code":[""],"_manufacture_country":["0"],"_rank_math_gtin_code":[""],"_fusion_google_fonts":[""],"fusion_builder_status":["active"],"rank_math_primary_product_cat":["235"],"_wcml_custom_prices_status":["0"],"avada_post_views_count":["47"],"avada_today_post_views_count":["2"],"avada_post_views_count_today_date":["11-04-2023"],"yikes_woo_products_tabs":["a:2:{i:0;a:3:{s:5:\"title\";s:21:\"Weitere Informationen\";s:2:\"id\";s:21:\"weitere-informationen\";s:7:\"content\";s:298:\"<strong>Material au\u00dfen: <\/strong>schwarzes Leder goldschwarzfarbener Hardware\r\n<strong>Material innen:\u00a0<\/strong>Leder und Textilstoff\r\n<strong>Ma\u00dfe: <\/strong>10 x 10 x 3 cm\r\n<strong>Serie \/ Herstellungsjahr: <\/strong>10XXXXXX \/ 2005-06\r\n<strong>Lieferumfang:<\/strong> I Love Handbags Staubbeutel\";}i:1;a:3:{s:5:\"title\";s:7:\"Zustand\";s:2:\"id\";s:7:\"zustand\";s:7:\"content\";s:283:\"<strong>Gesamtzustand: <\/strong>gut\r\n<strong>Leder: <\/strong>intakt\r\n<strong>Ecken: <\/strong>mit Abrieb\r\n<strong>Hardware: <\/strong>leichte bis mittlere Gebrauchsspuren\r\n<strong>Druckknopf: <\/strong>schlie\u00dft, jedoch leicht locker\r\n<strong>Innenraum: <\/strong>leichte Gebrauchsspuren\";}}"],"_deposit_type":[""],"_nutrient_ids":["a:0:{}"],"_nutrient_reference_value":["100g"],"_ingredients":[""],"_nutri_score":[""],"_alcohol_content":[""],"_drained_weight":[""],"_net_filling_quantity":[""],"_food_distributor":[""],"_food_description":[""],"_food_place_of_origin":[""],"_deposit_quantity":[""],"site-sidebar-layout":["default"],"site-content-layout":["default"],"theme-transparent-header-meta":["default"],"stick-header-meta":["default"],"_pys_conversion_label_settings":["a:3:{s:6:\"enable\";b:0;s:5:\"label\";s:0:\"\";s:2:\"id\";s:14:\"AW-11184563350\";}"],"_pys_super_pack_cpt_url":[""],"_pys_super_pack_cpt_condition":["only"],"_pys_super_pack_cpt_cart":["hidden"],"_woosea_brand":[""],"_woosea_mpn":[""],"_woosea_upc":[""],"_woosea_ean":[""],"_woosea_gtin":[""],"_woosea_color":[""],"_woosea_size":[""],"_woosea_gender":[""],"_woosea_material":[""],"_woosea_pattern":[""],"_woosea_optimized_title":[""],"_woosea_unit_pricing_measure":[""],"_woosea_unit_pricing_base_measure":[""],"_woosea_condition":[""],"_woosea_age_group":["adult"],"_woosea_installment_months":[""],"_woosea_installment_amount":[""],"_woosea_exclude_product":["no"],"_woosea_cost_of_good_sold":[""],"_woosea_multipack":[""],"_woosea_is_bundle":[""],"_woosea_energy_efficiency_class":[""],"_woosea_min_energy_efficiency_class":[""],"_woosea_max_energy_efficiency_class":[""],"_woosea_is_promotion":[""],"_woosea_custom_field_0":[""],"_woosea_custom_field_1":[""],"_woosea_custom_field_2":[""],"_woosea_custom_field_3":[""],"_woosea_custom_field_4":[""],"_pys_head_footer":["a:7:{s:14:\"disable_global\";b:0;s:8:\"head_any\";s:0:\"\";s:12:\"head_desktop\";s:0:\"\";s:11:\"head_mobile\";s:0:\"\";s:10:\"footer_any\";s:0:\"\";s:14:\"footer_desktop\";s:0:\"\";s:13:\"footer_mobile\";s:0:\"\";}"],"litespeed_vpi_list":["a:2:{i:0;s:8:\"logo.png\";i:1;s:56:\"Chanel-Cardholder-blau-vorn-2023-0004-scaled-500x500.jpg\";}"],"_customs_description":[""],"_is_non_returnable":["no"],"_wpml_media_has_media":["1"],"litespeed_vpi_list_mobile":["a:2:{i:0;s:8:\"logo.png\";i:1;s:56:\"Chanel-Cardholder-blau-vorn-2023-0004-scaled-500x500.jpg\";}"],"_internal_date_code":["10848404"],"_internal_product_origin":["France"],"ast-site-content-layout":["default"],"site-content-style":["default"],"site-sidebar-style":["default"],"_rank_math_video":["true"],"_wpml_post_translation_editor_native":["no"],"_product_rating":["B"],"_not_in_inventory_checkbox":[""],"_custom_html_content":[""],"_customer_view":["13"],"_custom_view_last_updated":["2024-11-13 21:28:11"],"_edit_lock":["1742389554:1"],"_edit_last":["1"],"_shipping_length":[""],"_shipping_width":[""],"_shipping_height":[""],"_wp_old_date":["2024-04-19"],"_izettle_image_lookup_key":["3kyncy1cEe-udXp3qLWasA-M2iQlJwuEe-SsEv386EBbg"],"woocommerce_izettle_product_uuid":["2f1e4660-63d0-11ef-b025-353536383939"],"woocommerce_izettle_variant_uuid":["75ddad8c-2d6d-11ef-82c3-353536383939"],"_izettle_updated":["1731546261"],"_izettle_barcode":["0290000413416"],"_izettle_product_etag":["E28BE8BB933E266F1D19B4C5519317A3"],"_izettle_nosync":[""],"_izettle_cost_price":[""],"_izettle_special_price":[""],"_izettle_product_name":[""],"_zettle_product_cat_id":[""],"_product_shipping_weight":["1kg"],"_product_available_from_field":[""],"_manufacturer_slug":[""],"_safety_attachment_ids":["a:0:{}"],"_nickx_video_text_url":["a:1:{i:0;s:0:\"\";}"],"_nickx_product_video_type":["a:1:{i:0;s:23:\"nickx_video_url_youtube\";}"],"_nickx_product_video_thumb_ids":["a:1:{i:0;s:0:\"\";}"],"_safety_instructions":[""],"_product_reserve_till_field":[""],"_sale_price":["100"],"astra-migrate-meta-layouts":["set"],"_wcml_average_rating":[null],"_wcml_review_count":[null],"_wcml_rating_count":[null],"_default_delivery_time":[""],"copied_media_ids":["a:0:{}"],"referenced_media_ids":["a:17:{i:0;i:41390;i:1;i:41382;i:2;i:41384;i:3;i:41388;i:4;i:41396;i:5;i:41386;i:6;i:41368;i:7;i:41372;i:8;i:41370;i:9;i:41374;i:10;i:41392;i:11;i:41380;i:12;i:41376;i:13;i:41378;i:14;i:41366;i:15;i:41364;i:16;i:41394;}"],"rank_math_analytic_object_id":["1679"],"_uag_page_assets":["a:9:{s:3:\"css\";s:0:\"\";s:2:\"js\";s:0:\"\";s:18:\"current_block_list\";a:6:{i:0;s:26:\"woocommerce\/filter-wrapper\";i:1;s:24:\"woocommerce\/price-filter\";i:2;s:30:\"woocommerce\/product-categories\";i:3;s:14:\"core\/paragraph\";i:4;s:14:\"core\/shortcode\";i:5;s:11:\"core\/search\";}s:8:\"uag_flag\";b:0;s:11:\"uag_version\";i:1777480949;s:6:\"gfonts\";a:0:{}s:10:\"gfonts_url\";s:0:\"\";s:12:\"gfonts_files\";a:0:{}s:14:\"uag_faq_layout\";b:0;}"],"_wc_rating_count":[""]},"uagb_featured_image_src":{"full":["https:\/\/ilovehandbags.com\/wp-content\/uploads\/sites\/3\/Chanel-Trifold-Geldboerse-Vorderseite-2024-0464-1-scaled.jpg",1920,2560,false],"thumbnail":["https:\/\/ilovehandbags.com\/wp-content\/uploads\/sites\/3\/Chanel-Trifold-Geldboerse-Vorderseite-2024-0464-1-scaled-150x150.jpg",150,150,true],"medium":["https:\/\/ilovehandbags.com\/wp-content\/uploads\/sites\/3\/Chanel-Trifold-Geldboerse-Vorderseite-2024-0464-1-scaled-300x300.jpg",300,300,true],"medium_large":["https:\/\/ilovehandbags.com\/wp-content\/uploads\/sites\/3\/Chanel-Trifold-Geldboerse-Vorderseite-2024-0464-1-scaled-768x768.jpg",768,768,true],"large":["https:\/\/ilovehandbags.com\/wp-content\/uploads\/sites\/3\/Chanel-Trifold-Geldboerse-Vorderseite-2024-0464-1-scaled-1024x1024.jpg",1024,1024,true],"1536x1536":["https:\/\/ilovehandbags.com\/wp-content\/uploads\/sites\/3\/Chanel-Trifold-Geldboerse-Vorderseite-2024-0464-1-scaled.jpg",1152,1536,false],"2048x2048":["https:\/\/ilovehandbags.com\/wp-content\/uploads\/sites\/3\/Chanel-Trifold-Geldboerse-Vorderseite-2024-0464-1-scaled.jpg",1536,2048,false],"woocommerce_thumbnail":["https:\/\/ilovehandbags.com\/wp-content\/uploads\/sites\/3\/Chanel-Trifold-Geldboerse-Vorderseite-2024-0464-1-scaled-500x500.jpg",500,500,true],"woocommerce_single":["https:\/\/ilovehandbags.com\/wp-content\/uploads\/sites\/3\/Chanel-Trifold-Geldboerse-Vorderseite-2024-0464-1-scaled-500x500.jpg",500,500,true],"woocommerce_gallery_thumbnail":["https:\/\/ilovehandbags.com\/wp-content\/uploads\/sites\/3\/Chanel-Trifold-Geldboerse-Vorderseite-2024-0464-1-scaled-100x100.jpg",100,100,true]},"uagb_author_info":{"display_name":"ILoveHandbags","author_link":"https:\/\/ilovehandbags.com\/de\/author\/"},"uagb_comment_info":0,"uagb_excerpt":"Du suchst nach Eleganz und Funktionalit\u00e4t in deinem t\u00e4glichen Begleiter? Die kleine Chanel Coco Trifold Geldb\u00f6rse vereint beides auf perfekte Weise. Sie ist nicht nur ein Accessoire, sondern ein Statement f\u00fcr deinen Stil und deine Bed\u00fcrfnisse. Ganz gleich, ob du Wert auf Kompaktheit oder Raum legst, ob du den klassischen oder modernen Look bevorzugst \u2013&hellip;","_links":{"self":[{"href":"https:\/\/ilovehandbags.com\/de\/wp-json\/wp\/v2\/product\/41341","targetHints":{"allow":["GET"]}}],"collection":[{"href":"https:\/\/ilovehandbags.com\/de\/wp-json\/wp\/v2\/product"}],"about":[{"href":"https:\/\/ilovehandbags.com\/de\/wp-json\/wp\/v2\/types\/product"}],"wp:featuredmedia":[{"embeddable":true,"href":"https:\/\/ilovehandbags.com\/de\/wp-json\/wp\/v2\/media\/41390"}],"wp:attachment":[{"href":"https:\/\/ilovehandbags.com\/de\/wp-json\/wp\/v2\/media?parent=41341"}],"wp:term":[{"taxonomy":"product_brand","embeddable":true,"href":"https:\/\/ilovehandbags.com\/de\/wp-json\/wp\/v2\/product_brand?post=41341"},{"taxonomy":"product_cat","embeddable":true,"href":"https:\/\/ilovehandbags.com\/de\/wp-json\/wp\/v2\/product_cat?post=41341"},{"taxonomy":"product_tag","embeddable":true,"href":"https:\/\/ilovehandbags.com\/de\/wp-json\/wp\/v2\/product_tag?post=41341"}],"curies":[{"name":"wp","href":"https:\/\/api.w.org\/{rel}","templated":true}]}}