{"id":42644,"date":"2025-06-12T12:00:51","date_gmt":"2025-06-12T10:00:51","guid":{"rendered":"https:\/\/ilovehandbags.com\/?post_type=product&#038;p=42644"},"modified":"2025-12-29T20:31:05","modified_gmt":"2025-12-29T19:31:05","slug":"louis-vuitton-poche-toilette-15-monogram-canvas-2","status":"publish","type":"product","link":"https:\/\/ilovehandbags.com\/de\/louis-vuitton-poche-toilette-15-monogram-canvas-2\/","title":{"rendered":"Louis Vuitton Poche Toilette 15 Monogram Canvas"},"content":{"rendered":"","protected":false},"excerpt":{"rendered":"<p>Bist du auf der Suche nach einer stilvollen und praktischen Kosmetiktasche? Die Louis Vuitton Poche Toilette 15 ist genau das Richtige f\u00fcr dich. Dieser absolute Klassiker unter den Kosmetiktaschen bietet nicht nur gen\u00fcgend Platz f\u00fcr deine wichtigsten Beauty-Essentials, sondern \u00fcberzeugt auch durch ihr ikonisches Design. Die Poche Toilette 15 stammt aus dem Toilette Trio Set und ist aus hochwertigem Monogram Canvas gefertigt, das f\u00fcr seine Langlebigkeit und seinen zeitlosen Charme bekannt ist. Das waschbare Innenfutter in einem leuchtenden Pink sorgt f\u00fcr einen frischen, modernen Look und l\u00e4sst sich leicht reinigen \u2013 ideal f\u00fcr unterwegs. Egal ob im Badezimmer, in deiner Handtasche oder auf Reisen \u2013 diese Kosmetiktasche ist der perfekte Begleiter, um deine wichtigsten Utensilien stilvoll zu verstauen. Mit der Louis Vuitton Poche Toilette 15 bist du immer bestens organisiert und modisch unterwegs.<\/p>\n","protected":false},"featured_media":42665,"template":"","meta":{"_uag_custom_page_level_css":"","site-sidebar-layout":"default","site-content-layout":"default","ast-site-content-layout":"default","site-content-style":"default","site-sidebar-style":"default","ast-global-header-display":"","ast-banner-title-visibility":"","ast-main-header-display":"","ast-hfb-above-header-display":"","ast-hfb-below-header-display":"","ast-hfb-mobile-header-display":"","site-post-title":"","ast-breadcrumbs-content":"","ast-featured-img":"","footer-sml-layout":"","ast-disable-related-posts":"","theme-transparent-header-meta":"default","adv-header-id-meta":"","stick-header-meta":"default","header-above-stick-meta":"","header-main-stick-meta":"","header-below-stick-meta":"","astra-migrate-meta-layouts":"set","ast-page-background-enabled":"default","ast-page-background-meta":{"desktop":{"background-color":"var(--ast-global-color-4)","background-image":"","background-repeat":"repeat","background-position":"center center","background-size":"auto","background-attachment":"scroll","background-type":"","background-media":"","overlay-type":"","overlay-color":"","overlay-opacity":"","overlay-gradient":""},"tablet":{"background-color":"","background-image":"","background-repeat":"repeat","background-position":"center center","background-size":"auto","background-attachment":"scroll","background-type":"","background-media":"","overlay-type":"","overlay-color":"","overlay-opacity":"","overlay-gradient":""},"mobile":{"background-color":"","background-image":"","background-repeat":"repeat","background-position":"center center","background-size":"auto","background-attachment":"scroll","background-type":"","background-media":"","overlay-type":"","overlay-color":"","overlay-opacity":"","overlay-gradient":""}},"ast-content-background-meta":{"desktop":{"background-color":"var(--ast-global-color-5)","background-image":"","background-repeat":"repeat","background-position":"center center","background-size":"auto","background-attachment":"scroll","background-type":"","background-media":"","overlay-type":"","overlay-color":"","overlay-opacity":"","overlay-gradient":""},"tablet":{"background-color":"var(--ast-global-color-5)","background-image":"","background-repeat":"repeat","background-position":"center center","background-size":"auto","background-attachment":"scroll","background-type":"","background-media":"","overlay-type":"","overlay-color":"","overlay-opacity":"","overlay-gradient":""},"mobile":{"background-color":"var(--ast-global-color-5)","background-image":"","background-repeat":"repeat","background-position":"center center","background-size":"auto","background-attachment":"scroll","background-type":"","background-media":"","overlay-type":"","overlay-color":"","overlay-opacity":"","overlay-gradient":""}},"_glsr_average":0,"_glsr_ranking":0,"_glsr_reviews":0},"product_brand":[1584],"product_cat":[237,239,238,449],"product_tag":[214,262,263,903],"class_list":{"0":"post-42644","1":"product","2":"type-product","3":"status-publish","4":"has-post-thumbnail","6":"product_brand-louis-vuitton","7":"product_cat-kleinlederwaren","8":"product_cat-louis-vuitton","9":"product_cat-reisegepaeck","10":"product_cat-bald-wieder-da","11":"product_tag-louis-vuitton","12":"product_tag-louis-vuitton-poche-toilette","13":"product_tag-louis-vuitton-poche-toilette-15","14":"product_tag-poche","15":"desktop-align-left","16":"tablet-align-left","17":"mobile-align-left","18":"ast-product-gallery-layout-first-image-large","19":"ast-magnify-disabled","20":"ast-product-tabs-layout-accordion","22":"first","23":"outofstock","24":"sold-individually","25":"taxable","26":"shipping-taxable","27":"purchasable","28":"product-type-simple"},"spectra_custom_meta":{"_sku":["P4-0485-01"],"_regular_price":["390"],"total_sales":["1"],"_tax_status":["taxable"],"_tax_class":[""],"_manage_stock":["yes"],"_backorders":["no"],"_sold_individually":["yes"],"_virtual":["no"],"_downloadable":["no"],"_product_image_gallery":["42667,42661,42663,42659,42655,42657,42653,42651,42647,42649"],"_download_limit":["-1"],"_download_expiry":["-1"],"_thumbnail_id":["42665"],"_stock":["0"],"_stock_status":["outofstock"],"_wc_average_rating":[0],"_wc_review_count":["0"],"_product_attributes":["a:3:{s:8:\"pa_brand\";a:7:{s:4:\"name\";s:8:\"pa_brand\";s:5:\"value\";s:0:\"\";s:8:\"position\";i:1;s:10:\"is_visible\";i:0;s:12:\"is_variation\";i:1;s:11:\"is_taxonomy\";i:1;s:16:\"checkout_visible\";i:0;}s:8:\"pa_color\";a:7:{s:4:\"name\";s:8:\"pa_color\";s:5:\"value\";s:0:\"\";s:8:\"position\";i:2;s:10:\"is_visible\";i:0;s:12:\"is_variation\";i:1;s:11:\"is_taxonomy\";i:1;s:16:\"checkout_visible\";i:0;}s:9:\"pa_gender\";a:7:{s:4:\"name\";s:9:\"pa_gender\";s:5:\"value\";s:0:\"\";s:8:\"position\";i:3;s:10:\"is_visible\";i:0;s:12:\"is_variation\";i:1;s:11:\"is_taxonomy\";i:1;s:16:\"checkout_visible\";i:0;}}"],"_product_version":["10.4.3"],"_price":["390"],"_wpml_media_featured":["1","1","1","1","1"],"_wpml_media_duplicate":["1","1","1","1","1"],"_wpml_word_count":["164"],"_wpml_location_migration_done":["1"],"_fusion":["a:3:{s:17:\"slider_visibility\";s:51:\"small-visibility,medium-visibility,large-visibility\";s:11:\"slider_type\";s:2:\"no\";s:9:\"wooslider\";s:1:\"0\";}"],"rank_math_seo_score":["73"],"rank_math_focus_keyword":["louis vuitton poche toilette"],"_purchase_price_field":["201,68"],"_internal_warehouse_number_field":["2024-0485-01"],"_gdrive_field":["https:\/\/drive.google.com\/drive\/u\/1\/folders\/1e2fIRN_Yaftwx-ILH7BHXErqz_VsLFor"],"_unit":[""],"_unit_base":[""],"_unit_product":[""],"_unit_price_auto":["no"],"_unit_price_regular":[""],"_unit_price":[""],"_unit_price_sale":[""],"_sale_price_label":[""],"_sale_price_regular_label":[""],"_mini_desc":["Louis Vuitton Poche Toilette 15"],"_defect_description":[""],"_allergen_ids":["a:0:{}"],"_warranty_attachment_id":[""],"_min_age":[""],"_ts_gtin":[""],"_ts_mpn":[""],"_delivery_time_countries":["a:0:{}"],"_free_shipping":["no"],"_service":["no"],"_photovoltaic_system":["no"],"_used_good":["yes"],"_defective_copy":["no"],"_is_food":["no"],"_differential_taxation":["no"],"_gzd_version":["3.20.4"],"_hs_code":[""],"_manufacture_country":[""],"_rank_math_gtin_code":[""],"_fusion_google_fonts":[""],"fusion_builder_status":["active"],"rank_math_primary_product_cat":["0"],"_wcml_custom_prices_status":["0"],"avada_post_views_count":["48"],"avada_today_post_views_count":["1"],"avada_post_views_count_today_date":["06-04-2023"],"yikes_woo_products_tabs":["a:2:{i:0;a:3:{s:5:\"title\";s:21:\"Weitere Informationen\";s:2:\"id\";s:21:\"weitere-informationen\";s:7:\"content\";s:371:\"<strong>Material au\u00dfen:\u00a0<\/strong>Monogram Canvas\r\n<strong>Material innen:\u00a0<\/strong>Leder\r\n<strong>Ma\u00dfe: <\/strong>15 x 10 x 4 cm\r\n<strong>Date Code \/ Herstellungsjahr: <\/strong>Code nicht vorhanden \/ 2024\r\n<strong>SKU:<\/strong> M47195 (Toilette Trio Set)\r\n<strong>Lieferumfang:<\/strong>\u00a0Louis Vuitton Staubbeutel, Kopie der Kaufrechnung mit geschw\u00e4rzten K\u00e4uferdaten\";}i:1;a:3:{s:5:\"title\";s:7:\"Zustand\";s:2:\"id\";s:7:\"zustand\";s:7:\"content\";s:250:\"<strong>Gesamtzustand: <\/strong>Neuwertig\r\n<strong>Canvas: <\/strong>Intakt\r\n<strong>Vachetta: <\/strong>Keine Patina\r\n<strong>Rei\u00dfverschluss: <\/strong>Schlie\u00dft gut\r\n<strong>Hardware: <\/strong>Keine Gebrauchsspuren\r\n<strong>Innenraum: <\/strong>Sauber\";}}"],"_deposit_type":[""],"_nutrient_ids":["a:0:{}"],"_nutrient_reference_value":["100g"],"_ingredients":[""],"_nutri_score":[""],"_alcohol_content":[""],"_drained_weight":[""],"_net_filling_quantity":[""],"_food_distributor":[""],"_food_description":[""],"_food_place_of_origin":[""],"_deposit_quantity":[""],"site-sidebar-layout":["default"],"site-content-layout":["default"],"theme-transparent-header-meta":["default"],"stick-header-meta":["default"],"_pys_conversion_label_settings":["a:3:{s:6:\"enable\";b:0;s:5:\"label\";s:0:\"\";s:2:\"id\";s:14:\"AW-11184563350\";}"],"_pys_super_pack_cpt_url":[""],"_pys_super_pack_cpt_condition":["only"],"_pys_super_pack_cpt_cart":["hidden"],"_woosea_brand":[""],"_woosea_mpn":[""],"_woosea_upc":[""],"_woosea_ean":[""],"_woosea_gtin":[""],"_woosea_color":[""],"_woosea_size":[""],"_woosea_gender":[""],"_woosea_material":[""],"_woosea_pattern":[""],"_woosea_optimized_title":[""],"_woosea_unit_pricing_measure":[""],"_woosea_unit_pricing_base_measure":[""],"_woosea_condition":[""],"_woosea_age_group":["adult"],"_woosea_installment_months":[""],"_woosea_installment_amount":[""],"_woosea_exclude_product":["no"],"_woosea_cost_of_good_sold":[""],"_woosea_multipack":[""],"_woosea_is_bundle":[""],"_woosea_energy_efficiency_class":[""],"_woosea_min_energy_efficiency_class":[""],"_woosea_max_energy_efficiency_class":[""],"_woosea_is_promotion":[""],"_woosea_custom_field_0":[""],"_woosea_custom_field_1":[""],"_woosea_custom_field_2":[""],"_woosea_custom_field_3":[""],"_woosea_custom_field_4":[""],"_pys_head_footer":["a:7:{s:14:\"disable_global\";b:0;s:8:\"head_any\";s:0:\"\";s:12:\"head_desktop\";s:0:\"\";s:11:\"head_mobile\";s:0:\"\";s:10:\"footer_any\";s:0:\"\";s:14:\"footer_desktop\";s:0:\"\";s:13:\"footer_mobile\";s:0:\"\";}"],"_customs_description":[""],"_is_non_returnable":["no"],"_wpml_media_has_media":["1"],"ast-site-content-layout":["default"],"site-content-style":["default"],"site-sidebar-style":["default"],"litespeed_vpi_list_mobile":["a:2:{i:0;s:8:\"logo.png\";i:1;s:66:\"Louis-Vuitton-Toilette-15-Vorderseite-2023-0334-scaled-500x500.jpg\";}"],"litespeed_vpi_list":["a:4:{i:0;s:8:\"logo.png\";i:1;s:6:\"de.png\";i:2;s:66:\"Louis-Vuitton-Toilette-15-Vorderseite-2023-0334-scaled-500x500.jpg\";i:3;s:35:\"three-o-clock-clock-svgrepo-com.svg\";}"],"_internal_date_code":["RFID Chip"],"_internal_product_origin":["France"],"_product_rating":["N"],"_wp_old_date":["2023-08-30","2024-05-31","2024-05-30"],"_custom_html_content":[""],"rank_math_robots":["a:1:{i:0;s:5:\"index\";}"],"_customer_view":["2"],"_custom_view_last_updated":["2025-11-01 15:14:32"],"_edit_lock":["1767036594:4"],"_edit_last":["4"],"_not_in_inventory_checkbox":[""],"_shipping_length":[""],"_shipping_width":[""],"_shipping_height":[""],"_wpml_post_translation_editor_native":["no"],"_izettle_image_lookup_key":["3kyncy1cEe-udXp3qLWasA-M5XZjUd0EfCwijzvH2Q2cQ"],"woocommerce_izettle_product_uuid":["3398ed70-4774-11f0-b54c-353536383939"],"woocommerce_izettle_variant_uuid":["40864a4a-2d6d-11ef-b875-353536383939"],"_izettle_updated":["1755928880"],"_izettle_barcode":["0290000426447"],"_izettle_product_etag":["7950D4BD0E51D67EB4799D6901A7EB5A"],"_product_shipping_weight":["1kg"],"_product_available_from_field":["2025-06-13T19:00"],"_manufacturer_slug":["lvmh-moet-hennessy-louis-vuitton-se"],"_safety_instructions":[""],"_safety_attachment_ids":["a:0:{}"],"_wireless_electronic_device":["no"],"_device_contains_power_supply":["no"],"_device_charging_supports_usb_pd":["no"],"_device_charging_watt_min":["0"],"_device_charging_watt_max":["0"],"_izettle_nosync":[""],"_izettle_cost_price":[""],"_izettle_special_price":[""],"_izettle_product_name":[""],"_zettle_product_cat_id":[""],"_nickx_video_text_url":["a:1:{i:0;s:0:\"\";}"],"_nickx_product_video_type":["a:1:{i:0;s:23:\"nickx_video_url_youtube\";}"],"_nickx_product_video_thumb_ids":["a:1:{i:0;s:0:\"\";}"],"rank_math_primary_product_brand":["1584"],"_product_reserve_till_field":[""],"_product_reserve_add_cart_link_key":["MHAUkXbqwQTNVciLotfuRdvZFmjaElCYgzspByGDhOrxISnePKJW1743668413"],"sib_push_meta_box_present":["1"],"sib_push_send_notification":["0"],"sib_push_target_segment_ids":["@ALL"],"_ame_cpe_post_policy":["{\"accessProtection\":{\"active\":\"replace\"}}"],"similar_product_key":["1749645712"],"sib_push_send_notification_delay_seconds":["0"],"copied_media_ids":["a:0:{}"],"referenced_media_ids":["a:11:{i:0;i:42665;i:1;i:42667;i:2;i:42661;i:3;i:42663;i:4;i:42659;i:5;i:42655;i:6;i:42657;i:7;i:42653;i:8;i:42651;i:9;i:42647;i:10;i:42649;}"],"_is_non_alcoholic":["no"],"_ship_separately_via":[""],"_entrupy_echtheitszertifikat":[""],"_mid_code":[""],"_shipping_weight":[""],"_wcml_average_rating":[null],"_wcml_review_count":[null],"_wcml_rating_count":[null],"astra-migrate-meta-layouts":["set"],"rank_math_analytic_object_id":["663"],"_uag_page_assets":["a:9:{s:3:\"css\";s:0:\"\";s:2:\"js\";s:0:\"\";s:18:\"current_block_list\";a:6:{i:0;s:26:\"woocommerce\/filter-wrapper\";i:1;s:24:\"woocommerce\/price-filter\";i:2;s:30:\"woocommerce\/product-categories\";i:3;s:14:\"core\/paragraph\";i:4;s:14:\"core\/shortcode\";i:5;s:11:\"core\/search\";}s:8:\"uag_flag\";b:0;s:11:\"uag_version\";s:10:\"1775923993\";s:6:\"gfonts\";a:0:{}s:10:\"gfonts_url\";s:0:\"\";s:12:\"gfonts_files\";a:0:{}s:14:\"uag_faq_layout\";b:0;}"],"_wc_rating_count":[""]},"uagb_featured_image_src":{"full":["https:\/\/ilovehandbags.com\/wp-content\/uploads\/sites\/3\/Louis-Vuitton-Toilette-15-Vorderseite-2-2024-0485-scaled.jpg",1920,2560,false],"thumbnail":["https:\/\/ilovehandbags.com\/wp-content\/uploads\/sites\/3\/Louis-Vuitton-Toilette-15-Vorderseite-2-2024-0485-scaled-150x150.jpg",150,150,true],"medium":["https:\/\/ilovehandbags.com\/wp-content\/uploads\/sites\/3\/Louis-Vuitton-Toilette-15-Vorderseite-2-2024-0485-scaled-300x300.jpg",300,300,true],"medium_large":["https:\/\/ilovehandbags.com\/wp-content\/uploads\/sites\/3\/Louis-Vuitton-Toilette-15-Vorderseite-2-2024-0485-scaled-768x768.jpg",768,768,true],"large":["https:\/\/ilovehandbags.com\/wp-content\/uploads\/sites\/3\/Louis-Vuitton-Toilette-15-Vorderseite-2-2024-0485-scaled-1024x1024.jpg",1024,1024,true],"1536x1536":["https:\/\/ilovehandbags.com\/wp-content\/uploads\/sites\/3\/Louis-Vuitton-Toilette-15-Vorderseite-2-2024-0485-scaled.jpg",1152,1536,false],"2048x2048":["https:\/\/ilovehandbags.com\/wp-content\/uploads\/sites\/3\/Louis-Vuitton-Toilette-15-Vorderseite-2-2024-0485-scaled.jpg",1536,2048,false],"woocommerce_thumbnail":["https:\/\/ilovehandbags.com\/wp-content\/uploads\/sites\/3\/Louis-Vuitton-Toilette-15-Vorderseite-2-2024-0485-scaled-500x500.jpg",500,500,true],"woocommerce_single":["https:\/\/ilovehandbags.com\/wp-content\/uploads\/sites\/3\/Louis-Vuitton-Toilette-15-Vorderseite-2-2024-0485-scaled-500x500.jpg",500,500,true],"woocommerce_gallery_thumbnail":["https:\/\/ilovehandbags.com\/wp-content\/uploads\/sites\/3\/Louis-Vuitton-Toilette-15-Vorderseite-2-2024-0485-scaled-100x100.jpg",100,100,true]},"uagb_author_info":{"display_name":"ILoveHandbags","author_link":"https:\/\/ilovehandbags.com\/de\/author\/"},"uagb_comment_info":0,"uagb_excerpt":"Bist du auf der Suche nach einer stilvollen und praktischen Kosmetiktasche? Die Louis Vuitton Poche Toilette 15 ist genau das Richtige f\u00fcr dich. Dieser absolute Klassiker unter den Kosmetiktaschen bietet nicht nur gen\u00fcgend Platz f\u00fcr deine wichtigsten Beauty-Essentials, sondern \u00fcberzeugt auch durch ihr ikonisches Design. Die Poche Toilette 15 stammt aus dem Toilette Trio Set&hellip;","_links":{"self":[{"href":"https:\/\/ilovehandbags.com\/de\/wp-json\/wp\/v2\/product\/42644","targetHints":{"allow":["GET"]}}],"collection":[{"href":"https:\/\/ilovehandbags.com\/de\/wp-json\/wp\/v2\/product"}],"about":[{"href":"https:\/\/ilovehandbags.com\/de\/wp-json\/wp\/v2\/types\/product"}],"wp:featuredmedia":[{"embeddable":true,"href":"https:\/\/ilovehandbags.com\/de\/wp-json\/wp\/v2\/media\/42665"}],"wp:attachment":[{"href":"https:\/\/ilovehandbags.com\/de\/wp-json\/wp\/v2\/media?parent=42644"}],"wp:term":[{"taxonomy":"product_brand","embeddable":true,"href":"https:\/\/ilovehandbags.com\/de\/wp-json\/wp\/v2\/product_brand?post=42644"},{"taxonomy":"product_cat","embeddable":true,"href":"https:\/\/ilovehandbags.com\/de\/wp-json\/wp\/v2\/product_cat?post=42644"},{"taxonomy":"product_tag","embeddable":true,"href":"https:\/\/ilovehandbags.com\/de\/wp-json\/wp\/v2\/product_tag?post=42644"}],"curies":[{"name":"wp","href":"https:\/\/api.w.org\/{rel}","templated":true}]}}