{"id":44674,"date":"2024-07-31T11:13:30","date_gmt":"2024-07-31T09:13:30","guid":{"rendered":"https:\/\/ilovehandbags.com\/?post_type=product&#038;p=44674"},"modified":"2025-01-18T07:42:50","modified_gmt":"2025-01-18T06:42:50","slug":"louis-vuitton-keepall-bandouliere-60-monogram-canvas-3","status":"publish","type":"product","link":"https:\/\/ilovehandbags.com\/de\/louis-vuitton-keepall-bandouliere-60-monogram-canvas-3\/","title":{"rendered":"Louis Vuitton Keepall Bandouliere 60 Monogram Canvas"},"content":{"rendered":"","protected":false},"excerpt":{"rendered":"<p>Entdecke die zeitlose Eleganz der Louis Vuitton Keepall 60 Bandouliere \u2013 deine unverzichtbare Begleiterin f\u00fcr Wochenendtrips, Kurzurlaube und Gesch\u00e4ftsreisen. Diese exklusive Reisetasche verbindet klassisches Design mit erstklassiger Handwerkskunst und wird somit zum ultimativen Accessoire f\u00fcr Mode- und Reiseenthusiasten. Das gro\u00dfz\u00fcgige Hauptfach im Inneren bietet ausreichend Platz f\u00fcr Kleidung, Schuhe und alle unentbehrlichen Reiseutensilien. Die Louis Vuitton Keepall 60 Bandouliere verk\u00f6rpert nicht nur Luxus, sondern auch h\u00f6chste Funktionalit\u00e4t. Mit ihrem ikonischen Stil und der herausragenden Qualit\u00e4t ist sie der perfekte Ausdruck deines pers\u00f6nlichen Stils, egal wohin deine Reise dich f\u00fchrt.<\/p>\n","protected":false},"featured_media":44720,"template":"","meta":{"_uag_custom_page_level_css":"","site-sidebar-layout":"default","site-content-layout":"default","ast-site-content-layout":"default","site-content-style":"default","site-sidebar-style":"default","ast-global-header-display":"","ast-banner-title-visibility":"","ast-main-header-display":"","ast-hfb-above-header-display":"","ast-hfb-below-header-display":"","ast-hfb-mobile-header-display":"","site-post-title":"","ast-breadcrumbs-content":"","ast-featured-img":"","footer-sml-layout":"","ast-disable-related-posts":"","theme-transparent-header-meta":"default","adv-header-id-meta":"","stick-header-meta":"default","header-above-stick-meta":"","header-main-stick-meta":"","header-below-stick-meta":"","astra-migrate-meta-layouts":"set","ast-page-background-enabled":"default","ast-page-background-meta":{"desktop":{"background-color":"var(--ast-global-color-4)","background-image":"","background-repeat":"repeat","background-position":"center center","background-size":"auto","background-attachment":"scroll","background-type":"","background-media":"","overlay-type":"","overlay-color":"","overlay-opacity":"","overlay-gradient":""},"tablet":{"background-color":"","background-image":"","background-repeat":"repeat","background-position":"center center","background-size":"auto","background-attachment":"scroll","background-type":"","background-media":"","overlay-type":"","overlay-color":"","overlay-opacity":"","overlay-gradient":""},"mobile":{"background-color":"","background-image":"","background-repeat":"repeat","background-position":"center center","background-size":"auto","background-attachment":"scroll","background-type":"","background-media":"","overlay-type":"","overlay-color":"","overlay-opacity":"","overlay-gradient":""}},"ast-content-background-meta":{"desktop":{"background-color":"var(--ast-global-color-5)","background-image":"","background-repeat":"repeat","background-position":"center center","background-size":"auto","background-attachment":"scroll","background-type":"","background-media":"","overlay-type":"","overlay-color":"","overlay-opacity":"","overlay-gradient":""},"tablet":{"background-color":"var(--ast-global-color-5)","background-image":"","background-repeat":"repeat","background-position":"center center","background-size":"auto","background-attachment":"scroll","background-type":"","background-media":"","overlay-type":"","overlay-color":"","overlay-opacity":"","overlay-gradient":""},"mobile":{"background-color":"var(--ast-global-color-5)","background-image":"","background-repeat":"repeat","background-position":"center center","background-size":"auto","background-attachment":"scroll","background-type":"","background-media":"","overlay-type":"","overlay-color":"","overlay-opacity":"","overlay-gradient":""}},"_glsr_average":0,"_glsr_ranking":0,"_glsr_reviews":0},"product_brand":[],"product_cat":[541,239,238,447,205,451,449],"product_tag":[860,548,214,364,861],"class_list":{"0":"post-44674","1":"product","2":"type-product","3":"status-publish","4":"has-post-thumbnail","6":"product_cat-herren","7":"product_cat-louis-vuitton","8":"product_cat-reisegepaeck","9":"product_cat-sale","10":"product_cat-tragetaschen","11":"product_cat-vintage","12":"product_cat-bald-wieder-da","13":"product_tag-keepall-60","14":"product_tag-keepall-bandouliere","15":"product_tag-louis-vuitton","16":"product_tag-louis-vuitton-keepall","17":"product_tag-louis-vuitton-m41412","18":"desktop-align-left","19":"tablet-align-left","20":"mobile-align-left","21":"ast-product-gallery-layout-first-image-large","22":"ast-magnify-disabled","23":"ast-product-tabs-layout-accordion","25":"first","26":"outofstock","27":"sale","28":"sold-individually","29":"taxable","30":"shipping-taxable","31":"purchasable","32":"product-type-simple"},"spectra_custom_meta":{"_sku":["P4-0347"],"_regular_price":["870"],"total_sales":["1"],"_tax_status":["taxable"],"_tax_class":[""],"_manage_stock":["yes"],"_backorders":["no"],"_sold_individually":["yes"],"_upsell_ids":["a:1:{i:0;i:36915;}"],"_virtual":["no"],"_downloadable":["no"],"_product_image_gallery":["44718,44714,44716,44712,44702,44700,44696,44698,44708,44710,44706,44704,44694,44692,44690,44688,44686,44676,44684,44682,44678,44680"],"_download_limit":["-1"],"_download_expiry":["-1"],"_thumbnail_id":["44720"],"_stock":["0"],"_stock_status":["outofstock"],"_wc_average_rating":[0],"_wc_review_count":["0"],"_product_attributes":["a:3:{s:8:\"pa_color\";a:7:{s:4:\"name\";s:8:\"pa_color\";s:5:\"value\";s:0:\"\";s:8:\"position\";i:1;s:10:\"is_visible\";i:0;s:12:\"is_variation\";i:0;s:11:\"is_taxonomy\";i:1;s:16:\"checkout_visible\";i:0;}s:8:\"pa_brand\";a:7:{s:4:\"name\";s:8:\"pa_brand\";s:5:\"value\";s:0:\"\";s:8:\"position\";i:2;s:10:\"is_visible\";i:0;s:12:\"is_variation\";i:0;s:11:\"is_taxonomy\";i:1;s:16:\"checkout_visible\";i:0;}s:9:\"pa_gender\";a:7:{s:4:\"name\";s:9:\"pa_gender\";s:5:\"value\";s:0:\"\";s:8:\"position\";i:3;s:10:\"is_visible\";i:0;s:12:\"is_variation\";i:0;s:11:\"is_taxonomy\";i:1;s:16:\"checkout_visible\";i:0;}}"],"_product_version":["9.5.1"],"_price":["770"],"_wpml_media_featured":["1","1","1","1","1","1","1","1","1","1"],"_wpml_media_duplicate":["1","1","1","1","1","1","1","1","1","1"],"_wpml_word_count":["{\"total\":114,\"to_translate\":{\"en\":114}}"],"_wpml_location_migration_done":["1"],"_fusion":["a:3:{s:17:\"slider_visibility\";s:51:\"small-visibility,medium-visibility,large-visibility\";s:11:\"slider_type\";s:2:\"no\";s:9:\"wooslider\";s:1:\"0\";}"],"rank_math_seo_score":["68"],"rank_math_focus_keyword":["louis vuitton keepall"],"_purchase_price_field":["518,48"],"_internal_warehouse_number_field":["2024-0347"],"_gdrive_field":["https:\/\/drive.google.com\/drive\/u\/2\/folders\/16j_cD4JfxOH0tEj4LrdAW_lB8dj5dYF1"],"_unit":[""],"_unit_base":[""],"_unit_product":[""],"_unit_price_auto":["no"],"_unit_price_regular":[""],"_unit_price":[""],"_unit_price_sale":[""],"_sale_price_label":[""],"_sale_price_regular_label":[""],"_mini_desc":["Louis Vuitton Keepall Bandouliere 60 Monogram Canvas"],"_defect_description":[""],"_allergen_ids":["a:0:{}"],"_warranty_attachment_id":[""],"_min_age":[""],"_ts_gtin":[""],"_ts_mpn":[""],"_delivery_time_countries":["a:0:{}"],"_free_shipping":["no"],"_service":["no"],"_photovoltaic_system":["no"],"_used_good":["yes"],"_defective_copy":["no"],"_is_food":["no"],"_differential_taxation":["no"],"_gzd_version":["3.18.6"],"_hs_code":[""],"_manufacture_country":["0"],"_rank_math_gtin_code":["M41412"],"_fusion_google_fonts":[""],"fusion_builder_status":["active"],"rank_math_primary_product_cat":["0"],"_wcml_custom_prices_status":["1"],"avada_post_views_count":["26"],"avada_today_post_views_count":["4"],"avada_post_views_count_today_date":["11-04-2023"],"_sale_price_dates_to_USD":[""],"_sale_price_dates_from_USD":[""],"_sale_price_USD":[""],"_regular_price_USD":[""],"_wcml_schedule_USD":["0"],"yikes_woo_products_tabs":["a:2:{i:0;a:3:{s:5:\"title\";s:21:\"Weitere Informationen\";s:2:\"id\";s:21:\"weitere-informationen\";s:7:\"content\";s:395:\"<strong>Material au\u00dfen: <\/strong>beschichtetes Monogram Canvas mit Griffen sowie Schultergurt aus Rindsleder\r\n<strong>Material innen:<\/strong> braunes Textilinnenfutter\r\n<strong>Ma\u00dfe: <\/strong>60 x 34 x 27 cm\r\n<strong>Date Code \/ Herstellungsjahr: <\/strong>TH0936 \/ 1996\r\n<strong>SKU: <\/strong>M41412\r\n<strong>Lieferumfang: <\/strong>I Love Handbags Staubbeutel und Louis Vuitton Schulterriemen\";}i:1;a:3:{s:5:\"title\";s:7:\"Zustand\";s:2:\"id\";s:7:\"zustand\";s:7:\"content\";s:480:\"<strong>Gesamtzustand: <\/strong>gut\r\n<strong>Canvas: <\/strong>intakt mit wenigen kleinen Flecken\r\n<strong>Vachetta Leder:<\/strong> mittelstarke Patina mit Flecken, Kratzern und vereinzelt leichte Besch\u00e4digungen, kleine Risse an den Knickstellen, das Leder ist gr\u00f6\u00dftenteils geschmeidig\r\n<strong>Rei\u00dfverschluss: <\/strong>schlie\u00dft fl\u00fcssig\r\n<strong>Hardware: <\/strong>zum Teil leicht oxidiert, mit Gebrauchsspuren\r\n<strong>Innenraum: <\/strong>sauber mit leichten Gebrauchsspuren\";}}"],"_deposit_type":[""],"_nutrient_ids":["a:0:{}"],"_nutrient_reference_value":["100g"],"_ingredients":[""],"_nutri_score":[""],"_alcohol_content":[""],"_drained_weight":[""],"_net_filling_quantity":[""],"_food_distributor":[""],"_food_description":[""],"_food_place_of_origin":[""],"_deposit_quantity":[""],"site-sidebar-layout":["default"],"site-content-layout":["default"],"theme-transparent-header-meta":["default"],"stick-header-meta":["default"],"_pys_conversion_label_settings":["a:3:{s:6:\"enable\";b:0;s:5:\"label\";s:0:\"\";s:2:\"id\";s:14:\"AW-11184563350\";}"],"_pys_super_pack_cpt_url":[""],"_pys_super_pack_cpt_condition":["only"],"_pys_super_pack_cpt_cart":["hidden"],"_woosea_brand":[""],"_woosea_mpn":[""],"_woosea_upc":[""],"_woosea_ean":[""],"_woosea_gtin":[""],"_woosea_color":[""],"_woosea_size":[""],"_woosea_gender":[""],"_woosea_material":[""],"_woosea_pattern":[""],"_woosea_optimized_title":[""],"_woosea_unit_pricing_measure":[""],"_woosea_unit_pricing_base_measure":[""],"_woosea_condition":[""],"_woosea_age_group":["adult"],"_woosea_installment_months":[""],"_woosea_installment_amount":[""],"_woosea_exclude_product":["no"],"_woosea_cost_of_good_sold":[""],"_woosea_multipack":[""],"_woosea_is_bundle":[""],"_woosea_energy_efficiency_class":[""],"_woosea_min_energy_efficiency_class":[""],"_woosea_max_energy_efficiency_class":[""],"_woosea_is_promotion":[""],"_woosea_custom_field_0":[""],"_woosea_custom_field_1":[""],"_woosea_custom_field_2":[""],"_woosea_custom_field_3":[""],"_woosea_custom_field_4":[""],"_pys_head_footer":["a:7:{s:14:\"disable_global\";b:0;s:8:\"head_any\";s:0:\"\";s:12:\"head_desktop\";s:0:\"\";s:11:\"head_mobile\";s:0:\"\";s:10:\"footer_any\";s:0:\"\";s:14:\"footer_desktop\";s:0:\"\";s:13:\"footer_mobile\";s:0:\"\";}"],"_wp_old_date":["2023-05-28","2023-08-18","2023-09-05","2023-09-21","2023-10-10","2023-06-06"],"_customs_description":[""],"_is_non_returnable":["no"],"ast-site-content-layout":["default"],"site-content-style":["default"],"site-sidebar-style":["default"],"_wpml_media_has_media":["1"],"litespeed_vpi_list_mobile":["a:2:{i:0;s:8:\"logo.png\";i:1;s:62:\"Louis-Vuitton-Keepall-60-komplett-2023-0314-scaled-500x500.jpg\";}"],"_sale_price_dates_to_CHF":[""],"_sale_price_dates_from_CHF":[""],"_sale_price_CHF":[""],"_regular_price_CHF":[""],"_wcml_schedule_CHF":["0"],"_sale_price_dates_to_GBP":[""],"_sale_price_dates_from_GBP":[""],"_sale_price_GBP":[""],"_regular_price_GBP":[""],"_wcml_schedule_GBP":["0"],"_internal_date_code":["TH0936"],"_internal_product_origin":["Frankreich"],"litespeed_vpi_list":["a:5:{i:0;s:8:\"logo.png\";i:1;s:6:\"de.png\";i:2;s:62:\"Louis-Vuitton-Keepall-60-komplett-2023-0314-scaled-500x500.jpg\";i:3;s:35:\"three-o-clock-clock-svgrepo-com.svg\";i:4;s:23:\"authentic_black_100.png\";}"],"_product_rating":["B"],"_custom_html_content":[""],"rank_math_robots":["a:1:{i:0;s:5:\"index\";}"],"rank_math_contentai_score":["a:4:{s:9:\"wordCount\";s:4:\"3.24\";s:9:\"linkCount\";s:1:\"0\";s:12:\"headingCount\";s:1:\"0\";s:10:\"mediaCount\";s:3:\"100\";}"],"_not_in_inventory_checkbox":[""],"_customer_view":["11"],"_custom_view_last_updated":["2025-01-08 16:27:52"],"_shipping_length":[""],"_shipping_width":[""],"_shipping_height":[""],"_wpml_post_translation_editor_native":["no"],"_zettle_product_cat_id":[""],"_edit_lock":["1737182661:4"],"_edit_last":["4"],"_izettle_barcode":["0290000446742"],"_izettle_nosync":[""],"_izettle_cost_price":[""],"_izettle_special_price":[""],"_izettle_product_name":[""],"_product_shipping_weight":["1kg"],"_izettle_image_lookup_key":["3kyncy1cEe-udXp3qLWasA-7An2F5wtEe-LNvPQ4MyfhQ"],"woocommerce_izettle_product_uuid":["49c2c9d8-63cf-11ef-b2f8-353536383939"],"woocommerce_izettle_variant_uuid":["e40001c0-6125-11ef-9561-353536383939"],"_izettle_updated":["1735952467"],"_izettle_product_etag":["EB92445A8D980D2B5E9E4C83E4424895"],"_product_available_from_field":[""],"_manufacturer_slug":[""],"_safety_instructions":[""],"_safety_attachment_ids":["a:0:{}"],"_sale_price":["770"],"_nickx_video_text_url":["a:1:{i:0;s:0:\"\";}"],"_nickx_product_video_type":["a:1:{i:0;s:23:\"nickx_video_url_youtube\";}"],"_nickx_product_video_thumb_ids":["a:1:{i:0;s:0:\"\";}"],"_product_reserve_till_field":[""],"_wcml_average_rating":[null],"_wcml_review_count":[null],"_wcml_rating_count":[null],"_price_USD":[null],"_price_CHF":[null],"_price_GBP":[null],"astra-migrate-meta-layouts":["set"],"copied_media_ids":["a:0:{}"],"referenced_media_ids":["a:23:{i:0;i:44720;i:1;i:44718;i:2;i:44714;i:3;i:44716;i:4;i:44712;i:5;i:44702;i:6;i:44700;i:7;i:44696;i:8;i:44698;i:9;i:44708;i:10;i:44710;i:11;i:44706;i:12;i:44704;i:13;i:44694;i:14;i:44692;i:15;i:44690;i:16;i:44688;i:17;i:44686;i:18;i:44676;i:19;i:44684;i:20;i:44682;i:21;i:44678;i:22;i:44680;}"],"rank_math_analytic_object_id":["1520"],"_uag_page_assets":["a:9:{s:3:\"css\";s:0:\"\";s:2:\"js\";s:0:\"\";s:18:\"current_block_list\";a:6:{i:0;s:26:\"woocommerce\/filter-wrapper\";i:1;s:24:\"woocommerce\/price-filter\";i:2;s:30:\"woocommerce\/product-categories\";i:3;s:14:\"core\/paragraph\";i:4;s:14:\"core\/shortcode\";i:5;s:11:\"core\/search\";}s:8:\"uag_flag\";b:0;s:11:\"uag_version\";s:10:\"1777655288\";s:6:\"gfonts\";a:0:{}s:10:\"gfonts_url\";s:0:\"\";s:12:\"gfonts_files\";a:0:{}s:14:\"uag_faq_layout\";b:0;}"],"_wc_rating_count":[""]},"uagb_featured_image_src":{"full":["https:\/\/ilovehandbags.com\/wp-content\/uploads\/sites\/3\/Louis-Vuitton-Keepall-60-Bandouliere-komplett-2024-0347-scaled.jpg",1920,2560,false],"thumbnail":["https:\/\/ilovehandbags.com\/wp-content\/uploads\/sites\/3\/Louis-Vuitton-Keepall-60-Bandouliere-komplett-2024-0347-scaled-150x150.jpg",150,150,true],"medium":["https:\/\/ilovehandbags.com\/wp-content\/uploads\/sites\/3\/Louis-Vuitton-Keepall-60-Bandouliere-komplett-2024-0347-scaled-300x300.jpg",300,300,true],"medium_large":["https:\/\/ilovehandbags.com\/wp-content\/uploads\/sites\/3\/Louis-Vuitton-Keepall-60-Bandouliere-komplett-2024-0347-scaled-768x768.jpg",768,768,true],"large":["https:\/\/ilovehandbags.com\/wp-content\/uploads\/sites\/3\/Louis-Vuitton-Keepall-60-Bandouliere-komplett-2024-0347-scaled-1024x1024.jpg",1024,1024,true],"1536x1536":["https:\/\/ilovehandbags.com\/wp-content\/uploads\/sites\/3\/Louis-Vuitton-Keepall-60-Bandouliere-komplett-2024-0347-scaled.jpg",1152,1536,false],"2048x2048":["https:\/\/ilovehandbags.com\/wp-content\/uploads\/sites\/3\/Louis-Vuitton-Keepall-60-Bandouliere-komplett-2024-0347-scaled.jpg",1536,2048,false],"woocommerce_thumbnail":["https:\/\/ilovehandbags.com\/wp-content\/uploads\/sites\/3\/Louis-Vuitton-Keepall-60-Bandouliere-komplett-2024-0347-scaled-500x500.jpg",500,500,true],"woocommerce_single":["https:\/\/ilovehandbags.com\/wp-content\/uploads\/sites\/3\/Louis-Vuitton-Keepall-60-Bandouliere-komplett-2024-0347-scaled-500x500.jpg",500,500,true],"woocommerce_gallery_thumbnail":["https:\/\/ilovehandbags.com\/wp-content\/uploads\/sites\/3\/Louis-Vuitton-Keepall-60-Bandouliere-komplett-2024-0347-scaled-100x100.jpg",100,100,true]},"uagb_author_info":{"display_name":"ILoveHandbags","author_link":"https:\/\/ilovehandbags.com\/de\/author\/"},"uagb_comment_info":0,"uagb_excerpt":"Entdecke die zeitlose Eleganz der Louis Vuitton Keepall 60 Bandouliere \u2013 deine unverzichtbare Begleiterin f\u00fcr Wochenendtrips, Kurzurlaube und Gesch\u00e4ftsreisen. Diese exklusive Reisetasche verbindet klassisches Design mit erstklassiger Handwerkskunst und wird somit zum ultimativen Accessoire f\u00fcr Mode- und Reiseenthusiasten. Das gro\u00dfz\u00fcgige Hauptfach im Inneren bietet ausreichend Platz f\u00fcr Kleidung, Schuhe und alle unentbehrlichen Reiseutensilien. Die Louis&hellip;","_links":{"self":[{"href":"https:\/\/ilovehandbags.com\/de\/wp-json\/wp\/v2\/product\/44674","targetHints":{"allow":["GET"]}}],"collection":[{"href":"https:\/\/ilovehandbags.com\/de\/wp-json\/wp\/v2\/product"}],"about":[{"href":"https:\/\/ilovehandbags.com\/de\/wp-json\/wp\/v2\/types\/product"}],"wp:featuredmedia":[{"embeddable":true,"href":"https:\/\/ilovehandbags.com\/de\/wp-json\/wp\/v2\/media\/44720"}],"wp:attachment":[{"href":"https:\/\/ilovehandbags.com\/de\/wp-json\/wp\/v2\/media?parent=44674"}],"wp:term":[{"taxonomy":"product_brand","embeddable":true,"href":"https:\/\/ilovehandbags.com\/de\/wp-json\/wp\/v2\/product_brand?post=44674"},{"taxonomy":"product_cat","embeddable":true,"href":"https:\/\/ilovehandbags.com\/de\/wp-json\/wp\/v2\/product_cat?post=44674"},{"taxonomy":"product_tag","embeddable":true,"href":"https:\/\/ilovehandbags.com\/de\/wp-json\/wp\/v2\/product_tag?post=44674"}],"curies":[{"name":"wp","href":"https:\/\/api.w.org\/{rel}","templated":true}]}}