{"id":47501,"date":"2024-10-11T10:54:39","date_gmt":"2024-10-11T08:54:39","guid":{"rendered":"https:\/\/ilovehandbags.com\/?post_type=product&#038;p=47501"},"modified":"2024-12-04T11:54:28","modified_gmt":"2024-12-04T10:54:28","slug":"louis-vuitton-agenda-pm-monogram-canvas-24","status":"publish","type":"product","link":"https:\/\/ilovehandbags.com\/de\/louis-vuitton-agenda-pm-monogram-canvas-24\/","title":{"rendered":"Louis Vuitton Agenda PM Monogram Canvas"},"content":{"rendered":"","protected":false},"excerpt":{"rendered":"<p>Entdecke die vielseitige Welt der Louis Vuitton Agenda PM \u2013 Dein stilvoller Begleiter f\u00fcr Organisation und Eleganz. Diese kompakte Sch\u00f6nheit f\u00fcgt sich m\u00fchelos in deinen Alltag ein und erf\u00fcllt mehrere Funktionen mit Leichtigkeit. Nutze sie als Kalender, um wichtige Termine stets im Blick zu behalten. Oder verwandle sie in dein pers\u00f6nliches Notiz- und Adressbuch, um kreative Ideen und Kontakte an einem Ort festzuhalten. Die Louis Vuitton Agenda PM ist nicht nur funktional, sondern auch stilvoll \u2013 mit Platz f\u00fcr bis zu 3 Karten, damit du auch unterwegs stets organisiert bist.<\/p>\n","protected":false},"featured_media":47533,"template":"","meta":{"_uag_custom_page_level_css":"","site-sidebar-layout":"default","site-content-layout":"default","ast-site-content-layout":"default","site-content-style":"default","site-sidebar-style":"default","ast-global-header-display":"","ast-banner-title-visibility":"","ast-main-header-display":"","ast-hfb-above-header-display":"","ast-hfb-below-header-display":"","ast-hfb-mobile-header-display":"","site-post-title":"","ast-breadcrumbs-content":"","ast-featured-img":"","footer-sml-layout":"","ast-disable-related-posts":"","theme-transparent-header-meta":"default","adv-header-id-meta":"","stick-header-meta":"default","header-above-stick-meta":"","header-main-stick-meta":"","header-below-stick-meta":"","astra-migrate-meta-layouts":"set","ast-page-background-enabled":"default","ast-page-background-meta":{"desktop":{"background-color":"var(--ast-global-color-4)","background-image":"","background-repeat":"repeat","background-position":"center center","background-size":"auto","background-attachment":"scroll","background-type":"","background-media":"","overlay-type":"","overlay-color":"","overlay-opacity":"","overlay-gradient":""},"tablet":{"background-color":"","background-image":"","background-repeat":"repeat","background-position":"center center","background-size":"auto","background-attachment":"scroll","background-type":"","background-media":"","overlay-type":"","overlay-color":"","overlay-opacity":"","overlay-gradient":""},"mobile":{"background-color":"","background-image":"","background-repeat":"repeat","background-position":"center center","background-size":"auto","background-attachment":"scroll","background-type":"","background-media":"","overlay-type":"","overlay-color":"","overlay-opacity":"","overlay-gradient":""}},"ast-content-background-meta":{"desktop":{"background-color":"var(--ast-global-color-5)","background-image":"","background-repeat":"repeat","background-position":"center center","background-size":"auto","background-attachment":"scroll","background-type":"","background-media":"","overlay-type":"","overlay-color":"","overlay-opacity":"","overlay-gradient":""},"tablet":{"background-color":"var(--ast-global-color-5)","background-image":"","background-repeat":"repeat","background-position":"center center","background-size":"auto","background-attachment":"scroll","background-type":"","background-media":"","overlay-type":"","overlay-color":"","overlay-opacity":"","overlay-gradient":""},"mobile":{"background-color":"var(--ast-global-color-5)","background-image":"","background-repeat":"repeat","background-position":"center center","background-size":"auto","background-attachment":"scroll","background-type":"","background-media":"","overlay-type":"","overlay-color":"","overlay-opacity":"","overlay-gradient":""}},"_glsr_average":0,"_glsr_ranking":0,"_glsr_reviews":0},"product_brand":[],"product_cat":[449,237,239,451],"product_tag":[214,386,385,387],"class_list":{"0":"post-47501","1":"product","2":"type-product","3":"status-publish","4":"has-post-thumbnail","6":"product_cat-bald-wieder-da","7":"product_cat-kleinlederwaren","8":"product_cat-louis-vuitton","9":"product_cat-vintage","10":"product_tag-louis-vuitton","11":"product_tag-louis-vuitton-agenda","12":"product_tag-louis-vuitton-agenda-pm","13":"product_tag-louis-vuitton-r20005","14":"desktop-align-left","15":"tablet-align-left","16":"mobile-align-left","17":"ast-product-gallery-layout-first-image-large","18":"ast-magnify-disabled","19":"ast-product-tabs-layout-accordion","21":"first","22":"outofstock","23":"sold-individually","24":"taxable","25":"shipping-taxable","26":"purchasable","27":"product-type-simple"},"spectra_custom_meta":{"_sku":["P4-0573-05"],"_regular_price":["130"],"total_sales":["1"],"_tax_status":["taxable"],"_tax_class":[""],"_manage_stock":["yes"],"_backorders":["no"],"_sold_individually":["yes"],"_virtual":["no"],"_downloadable":["no"],"_product_image_gallery":["47531,47529,47525,47527,47523,47513,47519,47515,47517,47511,47521,47503,47509,47507,47505"],"_download_limit":["-1"],"_download_expiry":["-1"],"_thumbnail_id":["47533"],"_stock":["0"],"_stock_status":["outofstock"],"_wc_average_rating":[0],"_wc_review_count":["0"],"_product_attributes":["a:3:{s:8:\"pa_brand\";a:7:{s:4:\"name\";s:8:\"pa_brand\";s:5:\"value\";s:0:\"\";s:8:\"position\";i:1;s:10:\"is_visible\";i:0;s:12:\"is_variation\";i:0;s:11:\"is_taxonomy\";i:1;s:16:\"checkout_visible\";i:0;}s:8:\"pa_color\";a:7:{s:4:\"name\";s:8:\"pa_color\";s:5:\"value\";s:0:\"\";s:8:\"position\";i:2;s:10:\"is_visible\";i:0;s:12:\"is_variation\";i:0;s:11:\"is_taxonomy\";i:1;s:16:\"checkout_visible\";i:0;}s:9:\"pa_gender\";a:7:{s:4:\"name\";s:9:\"pa_gender\";s:5:\"value\";s:0:\"\";s:8:\"position\";i:3;s:10:\"is_visible\";i:0;s:12:\"is_variation\";i:0;s:11:\"is_taxonomy\";i:1;s:16:\"checkout_visible\";i:0;}}"],"_product_version":["9.4.2"],"_price":["130"],"_wpml_media_featured":["1","1","1","1","1","1","1","1","1","1","1"],"_wpml_media_duplicate":["1","1","1","1","1","1","1","1","1","1","1"],"_wpml_word_count":["{\"total\":113,\"to_translate\":{\"en\":113}}"],"_wpml_location_migration_done":["1"],"_fusion":["a:3:{s:17:\"slider_visibility\";s:51:\"small-visibility,medium-visibility,large-visibility\";s:11:\"slider_type\";s:2:\"no\";s:9:\"wooslider\";s:1:\"0\";}"],"rank_math_seo_score":["67"],"rank_math_focus_keyword":["Louis Vuitton Agenda PM"],"_purchase_price_field":["50,31"],"_internal_warehouse_number_field":["2024-0573-01"],"_gdrive_field":["https:\/\/drive.google.com\/drive\/u\/1\/folders\/1aOH38dMG-azsai3BBwJpBx_LxJpral5q"],"_unit":[""],"_unit_base":[""],"_unit_product":[""],"_unit_price_auto":["no"],"_unit_price_regular":[""],"_unit_price":[""],"_unit_price_sale":[""],"_sale_price_label":[""],"_sale_price_regular_label":[""],"_mini_desc":["Louis Vuitton Agenda PM Monogram Canvas"],"_defect_description":[""],"_allergen_ids":["a:0:{}"],"_warranty_attachment_id":[""],"_min_age":[""],"_ts_gtin":[""],"_ts_mpn":[""],"_delivery_time_countries":["a:0:{}"],"_free_shipping":["no"],"_service":["no"],"_photovoltaic_system":["no"],"_used_good":["yes"],"_defective_copy":["no"],"_is_food":["no"],"_differential_taxation":["no"],"_gzd_version":["3.18.5"],"_hs_code":[""],"_manufacture_country":["0"],"_rank_math_gtin_code":[""],"_fusion_google_fonts":[""],"fusion_builder_status":["active"],"rank_math_primary_product_cat":["449"],"_wcml_custom_prices_status":["0"],"avada_post_views_count":["49"],"avada_today_post_views_count":["1"],"avada_post_views_count_today_date":["13-04-2023"],"_deposit_type":[""],"_nutrient_ids":["a:0:{}"],"_nutrient_reference_value":["100g"],"_ingredients":[""],"_nutri_score":[""],"_alcohol_content":[""],"_drained_weight":[""],"_net_filling_quantity":[""],"_food_distributor":[""],"_food_description":[""],"_food_place_of_origin":[""],"_deposit_quantity":[""],"yikes_woo_products_tabs":["a:2:{i:0;a:3:{s:5:\"title\";s:21:\"Weitere Informationen\";s:2:\"id\";s:21:\"weitere-informationen\";s:7:\"content\";s:297:\"<strong>Material au\u00dfen: <\/strong>Monogram Canvas\r\n<strong>Material innen: <\/strong>braunes Rindsleder\r\n<strong>Ma\u00dfe: <\/strong>10 x 14,5 x 2 cm\r\n<strong>Date Code \/ Herstellungsjahr: <\/strong>CA1915 \/ 1995\r\n<strong>SKU:\u00a0<\/strong>R20005\r\n<strong>Lieferumfang: <\/strong>I Love Handbags Staubbeutel\";}i:1;a:3:{s:5:\"title\";s:7:\"Zustand\";s:2:\"id\";s:7:\"zustand\";s:7:\"content\";s:277:\"<strong>Gesamtzustand: <\/strong>gut\r\n<strong>Canvas: <\/strong>intakt\r\n<strong>Br\u00fcnierung: <\/strong>gr\u00f6\u00dftenteils intakt, vereinzelt Abreibungen \/ Besch\u00e4digungen\r\n<strong>Druckknopf:<\/strong> schlie\u00dft gut, leichte Gebrauchsspuren\r\n<strong>Innenraum: <\/strong>Gebrauchsspuren\";}}"],"site-sidebar-layout":["default"],"site-content-layout":["default"],"theme-transparent-header-meta":["default"],"stick-header-meta":["default"],"_pys_conversion_label_settings":["a:3:{s:6:\"enable\";b:0;s:5:\"label\";s:0:\"\";s:2:\"id\";s:14:\"AW-11184563350\";}"],"_pys_super_pack_cpt_url":[""],"_pys_super_pack_cpt_condition":["only"],"_pys_super_pack_cpt_cart":["hidden"],"_woosea_brand":[""],"_woosea_mpn":[""],"_woosea_upc":[""],"_woosea_ean":[""],"_woosea_gtin":[""],"_woosea_color":[""],"_woosea_size":[""],"_woosea_gender":[""],"_woosea_material":[""],"_woosea_pattern":[""],"_woosea_optimized_title":[""],"_woosea_unit_pricing_measure":[""],"_woosea_unit_pricing_base_measure":[""],"_woosea_condition":[""],"_woosea_age_group":["adult"],"_woosea_installment_months":[""],"_woosea_installment_amount":[""],"_woosea_exclude_product":["no"],"_woosea_cost_of_good_sold":[""],"_woosea_multipack":[""],"_woosea_is_bundle":[""],"_woosea_energy_efficiency_class":[""],"_woosea_min_energy_efficiency_class":[""],"_woosea_max_energy_efficiency_class":[""],"_woosea_is_promotion":[""],"_woosea_custom_field_0":[""],"_woosea_custom_field_1":[""],"_woosea_custom_field_2":[""],"_woosea_custom_field_3":[""],"_woosea_custom_field_4":[""],"_pys_head_footer":["a:7:{s:14:\"disable_global\";b:0;s:8:\"head_any\";s:0:\"\";s:12:\"head_desktop\";s:0:\"\";s:11:\"head_mobile\";s:0:\"\";s:10:\"footer_any\";s:0:\"\";s:14:\"footer_desktop\";s:0:\"\";s:13:\"footer_mobile\";s:0:\"\";}"],"_customs_description":[""],"_is_non_returnable":["no"],"litespeed_vpi_list":["a:4:{i:0;s:8:\"logo.png\";i:1;s:6:\"de.png\";i:2;s:67:\"Louis-Vuitton-Agenda-PM-01-Vorderseite-2023-0293-scaled-500x500.jpg\";i:3;s:35:\"three-o-clock-clock-svgrepo-com.svg\";}"],"litespeed_vpi_list_mobile":["a:2:{i:0;s:8:\"logo.png\";i:1;s:67:\"Louis-Vuitton-Agenda-PM-01-Vorderseite-2023-0293-scaled-500x500.jpg\";}"],"_wpml_media_has_media":["1"],"_internal_date_code":["CA1915"],"_internal_product_origin":["Spanien"],"ast-site-content-layout":["default"],"site-content-style":["default"],"site-sidebar-style":["default"],"_product_rating":["B"],"_wp_old_date":["2023-10-13","2023-11-10","2024-03-05","2024-03-18","2024-04-01","2024-04-07","2024-10-11"],"rank_math_robots":["a:1:{i:0;s:5:\"index\";}"],"_custom_html_content":[""],"_not_in_inventory_checkbox":[""],"_wpml_post_translation_editor_native":["no"],"rank_math_auto_redirect":["a:1:{i:0;i:41;}"],"_customer_view":["17"],"_custom_view_last_updated":["2024-11-30 11:08:50"],"_shipping_length":[""],"_shipping_width":[""],"_shipping_height":[""],"_zettle_product_cat_id":[""],"_product_shipping_weight":["1kg"],"_manufacturer_slug":[""],"_safety_attachment_ids":["a:0:{}"],"_nickx_video_text_url":["a:1:{i:0;s:0:\"\";}"],"_nickx_product_video_type":["a:1:{i:0;s:23:\"nickx_video_url_youtube\";}"],"_nickx_product_video_thumb_ids":["a:1:{i:0;s:0:\"\";}"],"_edit_lock":["1733316685:4"],"woocommerce_izettle_product_uuid":["84404ba0-87ae-11ef-afec-353536383939"],"woocommerce_izettle_variant_uuid":["81dcf372-87ae-11ef-9e28-353536383939"],"_izettle_updated":["1731978098"],"_edit_last":["4"],"_izettle_barcode":[""],"_izettle_nosync":[""],"_izettle_cost_price":[""],"_izettle_special_price":[""],"_izettle_product_name":[""],"_izettle_image_lookup_key":["3kyncy1cEe-udXp3qLWasA-obOz8JwtEe-1u7BYhuw2XQ"],"_izettle_product_etag":["30AD46226C72EB7B018DF8477F4A5049"],"_product_available_from_field":[""],"_safety_instructions":[""],"_wcml_average_rating":[null],"_wcml_review_count":[null],"_wcml_rating_count":[null],"astra-migrate-meta-layouts":["set"],"copied_media_ids":["a:0:{}"],"referenced_media_ids":["a:16:{i:0;i:47533;i:1;i:47531;i:2;i:47529;i:3;i:47525;i:4;i:47527;i:5;i:47523;i:6;i:47513;i:7;i:47519;i:8;i:47515;i:9;i:47517;i:10;i:47511;i:11;i:47521;i:12;i:47503;i:13;i:47509;i:14;i:47507;i:15;i:47505;}"],"rank_math_analytic_object_id":["1389"],"_uag_page_assets":["a:9:{s:3:\"css\";s:0:\"\";s:2:\"js\";s:0:\"\";s:18:\"current_block_list\";a:6:{i:0;s:26:\"woocommerce\/filter-wrapper\";i:1;s:24:\"woocommerce\/price-filter\";i:2;s:30:\"woocommerce\/product-categories\";i:3;s:14:\"core\/paragraph\";i:4;s:14:\"core\/shortcode\";i:5;s:11:\"core\/search\";}s:8:\"uag_flag\";b:0;s:11:\"uag_version\";s:10:\"1777594802\";s:6:\"gfonts\";a:0:{}s:10:\"gfonts_url\";s:0:\"\";s:12:\"gfonts_files\";a:0:{}s:14:\"uag_faq_layout\";b:0;}"],"_wc_rating_count":[""]},"uagb_featured_image_src":{"full":["https:\/\/ilovehandbags.com\/wp-content\/uploads\/sites\/3\/Louis-Vuitton-Agenda-PM-05-Vorderseite-2024-0573-scaled.jpg",1920,2560,false],"thumbnail":["https:\/\/ilovehandbags.com\/wp-content\/uploads\/sites\/3\/Louis-Vuitton-Agenda-PM-05-Vorderseite-2024-0573-scaled-150x150.jpg",150,150,true],"medium":["https:\/\/ilovehandbags.com\/wp-content\/uploads\/sites\/3\/Louis-Vuitton-Agenda-PM-05-Vorderseite-2024-0573-scaled-300x300.jpg",300,300,true],"medium_large":["https:\/\/ilovehandbags.com\/wp-content\/uploads\/sites\/3\/Louis-Vuitton-Agenda-PM-05-Vorderseite-2024-0573-scaled-768x768.jpg",768,768,true],"large":["https:\/\/ilovehandbags.com\/wp-content\/uploads\/sites\/3\/Louis-Vuitton-Agenda-PM-05-Vorderseite-2024-0573-scaled-1024x1024.jpg",1024,1024,true],"1536x1536":["https:\/\/ilovehandbags.com\/wp-content\/uploads\/sites\/3\/Louis-Vuitton-Agenda-PM-05-Vorderseite-2024-0573-scaled.jpg",1152,1536,false],"2048x2048":["https:\/\/ilovehandbags.com\/wp-content\/uploads\/sites\/3\/Louis-Vuitton-Agenda-PM-05-Vorderseite-2024-0573-scaled.jpg",1536,2048,false],"woocommerce_thumbnail":["https:\/\/ilovehandbags.com\/wp-content\/uploads\/sites\/3\/Louis-Vuitton-Agenda-PM-05-Vorderseite-2024-0573-scaled-500x500.jpg",500,500,true],"woocommerce_single":["https:\/\/ilovehandbags.com\/wp-content\/uploads\/sites\/3\/Louis-Vuitton-Agenda-PM-05-Vorderseite-2024-0573-scaled-500x500.jpg",500,500,true],"woocommerce_gallery_thumbnail":["https:\/\/ilovehandbags.com\/wp-content\/uploads\/sites\/3\/Louis-Vuitton-Agenda-PM-05-Vorderseite-2024-0573-scaled-100x100.jpg",100,100,true]},"uagb_author_info":{"display_name":"ILoveHandbags","author_link":"https:\/\/ilovehandbags.com\/de\/author\/"},"uagb_comment_info":0,"uagb_excerpt":"Entdecke die vielseitige Welt der Louis Vuitton Agenda PM \u2013 Dein stilvoller Begleiter f\u00fcr Organisation und Eleganz. Diese kompakte Sch\u00f6nheit f\u00fcgt sich m\u00fchelos in deinen Alltag ein und erf\u00fcllt mehrere Funktionen mit Leichtigkeit. Nutze sie als Kalender, um wichtige Termine stets im Blick zu behalten. Oder verwandle sie in dein pers\u00f6nliches Notiz- und Adressbuch, um&hellip;","_links":{"self":[{"href":"https:\/\/ilovehandbags.com\/de\/wp-json\/wp\/v2\/product\/47501","targetHints":{"allow":["GET"]}}],"collection":[{"href":"https:\/\/ilovehandbags.com\/de\/wp-json\/wp\/v2\/product"}],"about":[{"href":"https:\/\/ilovehandbags.com\/de\/wp-json\/wp\/v2\/types\/product"}],"wp:featuredmedia":[{"embeddable":true,"href":"https:\/\/ilovehandbags.com\/de\/wp-json\/wp\/v2\/media\/47533"}],"wp:attachment":[{"href":"https:\/\/ilovehandbags.com\/de\/wp-json\/wp\/v2\/media?parent=47501"}],"wp:term":[{"taxonomy":"product_brand","embeddable":true,"href":"https:\/\/ilovehandbags.com\/de\/wp-json\/wp\/v2\/product_brand?post=47501"},{"taxonomy":"product_cat","embeddable":true,"href":"https:\/\/ilovehandbags.com\/de\/wp-json\/wp\/v2\/product_cat?post=47501"},{"taxonomy":"product_tag","embeddable":true,"href":"https:\/\/ilovehandbags.com\/de\/wp-json\/wp\/v2\/product_tag?post=47501"}],"curies":[{"name":"wp","href":"https:\/\/api.w.org\/{rel}","templated":true}]}}