{"id":47838,"date":"2024-10-25T10:00:08","date_gmt":"2024-10-25T08:00:08","guid":{"rendered":"https:\/\/ilovehandbags.com\/?post_type=product&#038;p=47838"},"modified":"2025-04-07T15:36:29","modified_gmt":"2025-04-07T13:36:29","slug":"fendi-peekaboo-iseeu-small-shearling","status":"publish","type":"product","link":"https:\/\/ilovehandbags.com\/de\/fendi-peekaboo-iseeu-small-shearling\/","title":{"rendered":"Fendi Peekaboo Iseeu Small Lammfell"},"content":{"rendered":"","protected":false},"excerpt":{"rendered":"<p>Entdecke die Fendi Peekaboo ISeeU Small \u2013 Dein perfektes Statement-Piece! Diese luxuri\u00f6se Handtasche aus hochwertigem, weichem Lammfell vereint modernes Design mit der ikonischen Handwerkskunst von Fendi. Mit ihrem einzigartigen Peekaboo-Verschluss und den eleganten goldfarbenen Details setzt du ein echtes Highlight, das jedes Outfit stilvoll aufwertet. Die Peekaboo ist nicht nur ein echter Hingucker, sondern auch \u00e4u\u00dferst praktisch: Trotz ihrer kompakten Gr\u00f6\u00dfe bietet sie gen\u00fcgend Platz f\u00fcr all deine Essentials, wie Smartphone, Geldb\u00f6rse und Make-up. Ein besonderes Merkmal dieser Designer-Handtasche ist der verstellbare Schulterriemen, der dir die Flexibilit\u00e4t bietet, sie als elegante Schultertasche oder l\u00e4ssige Umh\u00e4ngetasche zu tragen. So passt sie sich deinem individuellen Stil und deinen Bed\u00fcrfnissen perfekt an. Besonders praktisch ist der separate Regenschutz, der sicherstellt, dass deine Tasche bei jedem Wetter gesch\u00fctzt bleibt. Ob Regen oder Sonnenschein \u2013 mit der Fendi Peekaboo ISeeU Small bleibt deine Handtasche immer makellos und stilvoll.<\/p>\n","protected":false},"featured_media":47890,"template":"","meta":{"_uag_custom_page_level_css":"","site-sidebar-layout":"default","site-content-layout":"default","ast-site-content-layout":"default","site-content-style":"default","site-sidebar-style":"default","ast-global-header-display":"","ast-banner-title-visibility":"","ast-main-header-display":"","ast-hfb-above-header-display":"","ast-hfb-below-header-display":"","ast-hfb-mobile-header-display":"","site-post-title":"","ast-breadcrumbs-content":"","ast-featured-img":"","footer-sml-layout":"","ast-disable-related-posts":"","theme-transparent-header-meta":"default","adv-header-id-meta":"","stick-header-meta":"default","header-above-stick-meta":"","header-main-stick-meta":"","header-below-stick-meta":"","astra-migrate-meta-layouts":"set","ast-page-background-enabled":"default","ast-page-background-meta":{"desktop":{"background-color":"var(--ast-global-color-4)","background-image":"","background-repeat":"repeat","background-position":"center center","background-size":"auto","background-attachment":"scroll","background-type":"","background-media":"","overlay-type":"","overlay-color":"","overlay-opacity":"","overlay-gradient":""},"tablet":{"background-color":"","background-image":"","background-repeat":"repeat","background-position":"center center","background-size":"auto","background-attachment":"scroll","background-type":"","background-media":"","overlay-type":"","overlay-color":"","overlay-opacity":"","overlay-gradient":""},"mobile":{"background-color":"","background-image":"","background-repeat":"repeat","background-position":"center center","background-size":"auto","background-attachment":"scroll","background-type":"","background-media":"","overlay-type":"","overlay-color":"","overlay-opacity":"","overlay-gradient":""}},"ast-content-background-meta":{"desktop":{"background-color":"var(--ast-global-color-5)","background-image":"","background-repeat":"repeat","background-position":"center center","background-size":"auto","background-attachment":"scroll","background-type":"","background-media":"","overlay-type":"","overlay-color":"","overlay-opacity":"","overlay-gradient":""},"tablet":{"background-color":"var(--ast-global-color-5)","background-image":"","background-repeat":"repeat","background-position":"center center","background-size":"auto","background-attachment":"scroll","background-type":"","background-media":"","overlay-type":"","overlay-color":"","overlay-opacity":"","overlay-gradient":""},"mobile":{"background-color":"var(--ast-global-color-5)","background-image":"","background-repeat":"repeat","background-position":"center center","background-size":"auto","background-attachment":"scroll","background-type":"","background-media":"","overlay-type":"","overlay-color":"","overlay-opacity":"","overlay-gradient":""}},"_glsr_average":0,"_glsr_ranking":0,"_glsr_reviews":0},"product_brand":[],"product_cat":[1248,208,242,447,204,449],"product_tag":[1251,1252],"class_list":{"0":"post-47838","1":"product","2":"type-product","3":"status-publish","4":"has-post-thumbnail","6":"product_cat-fendi","7":"product_cat-handtaschen","8":"product_cat-kleine-taschen","9":"product_cat-sale","10":"product_cat-umhaengetaschen","11":"product_cat-bald-wieder-da","12":"product_tag-fendi","13":"product_tag-fendi-peekaboo","14":"desktop-align-left","15":"tablet-align-left","16":"mobile-align-left","17":"ast-product-gallery-layout-first-image-large","18":"ast-magnify-disabled","19":"ast-product-tabs-layout-accordion","21":"first","22":"outofstock","23":"sale","24":"sold-individually","25":"purchasable","26":"product-type-simple"},"spectra_custom_meta":{"_sku":["P4-0580-K"],"_regular_price":["2750"],"total_sales":["0"],"_tax_status":["none"],"_tax_class":[""],"_manage_stock":["yes"],"_backorders":["no"],"_sold_individually":["yes"],"_crosssell_ids":["a:1:{i:0;i:23129;}"],"_virtual":["no"],"_downloadable":["no"],"_product_image_gallery":["48046,48044,47892,47882,47884,47886,47880,47876,47878,47874,47868,47870,47872,47866,47862,47888,47864,47852,47856,47854,47860,47858,47842,47840,48421,47850,47848,47844,47846"],"_download_limit":["-1"],"_download_expiry":["-1"],"_thumbnail_id":["47890"],"_stock":["0"],"_stock_status":["outofstock"],"_wc_average_rating":[0],"_wc_review_count":["0"],"_product_attributes":["a:3:{s:8:\"pa_brand\";a:7:{s:4:\"name\";s:8:\"pa_brand\";s:5:\"value\";s:0:\"\";s:8:\"position\";i:0;s:10:\"is_visible\";i:0;s:12:\"is_variation\";i:1;s:11:\"is_taxonomy\";i:1;s:16:\"checkout_visible\";i:0;}s:8:\"pa_color\";a:7:{s:4:\"name\";s:8:\"pa_color\";s:5:\"value\";s:0:\"\";s:8:\"position\";i:1;s:10:\"is_visible\";i:0;s:12:\"is_variation\";i:1;s:11:\"is_taxonomy\";i:1;s:16:\"checkout_visible\";i:0;}s:9:\"pa_gender\";a:7:{s:4:\"name\";s:9:\"pa_gender\";s:5:\"value\";s:0:\"\";s:8:\"position\";i:2;s:10:\"is_visible\";i:0;s:12:\"is_variation\";i:1;s:11:\"is_taxonomy\";i:1;s:16:\"checkout_visible\";i:0;}}"],"_product_version":["9.7.1"],"_price":["2490"],"_wpml_media_featured":["1","1","1","1"],"_wpml_media_duplicate":["1","1","1","1"],"_wpml_word_count":["194"],"_wpml_location_migration_done":["1"],"_fusion":["a:3:{s:17:\"slider_visibility\";s:51:\"small-visibility,medium-visibility,large-visibility\";s:11:\"slider_type\";s:2:\"no\";s:9:\"wooslider\";s:1:\"0\";}"],"rank_math_seo_score":["73"],"rank_math_focus_keyword":["Fendi"],"_purchase_price_field":["1925"],"_internal_warehouse_number_field":["2024-0580"],"_gdrive_field":["https:\/\/drive.google.com\/drive\/u\/1\/folders\/1y9wfIpVLoyCByGNihSzFXuCeBr9r8xPE"],"_unit":[""],"_unit_base":[""],"_unit_product":[""],"_unit_price_auto":["no"],"_unit_price_regular":[""],"_unit_price":[""],"_unit_price_sale":[""],"_sale_price_label":[""],"_sale_price_regular_label":[""],"_mini_desc":["Fendi Peekaboo Iseeu Small Lammfell"],"_defect_description":[""],"_allergen_ids":["a:0:{}"],"_warranty_attachment_id":[""],"_min_age":[""],"_ts_gtin":[""],"_ts_mpn":[""],"_delivery_time_countries":["a:0:{}"],"_free_shipping":["no"],"_service":["no"],"_photovoltaic_system":["no"],"_used_good":["yes"],"_defective_copy":["no"],"_is_food":["no"],"_differential_taxation":["yes"],"_gzd_version":["3.19.7"],"_hs_code":[""],"_manufacture_country":["0"],"_rank_math_gtin_code":[""],"_fusion_google_fonts":[""],"fusion_builder_status":["active"],"rank_math_primary_product_cat":["0"],"_wcml_custom_prices_status":["0"],"avada_post_views_count":["50"],"avada_today_post_views_count":["3"],"avada_post_views_count_today_date":["12-04-2023"],"yikes_woo_products_tabs":["a:2:{i:0;a:3:{s:5:\"title\";s:21:\"Weitere Informationen\";s:2:\"id\";s:21:\"weitere-informationen\";s:7:\"content\";s:478:\"<strong>Material au\u00dfen: <\/strong>Hochwertiges Lammfell mit edler, goldener Hardware.\r\n<strong>Material innen: <\/strong>Feinstes Kalbsleder, das dir eine luxuri\u00f6se Haptik bietet.\r\n<strong>Ma\u00dfe: <\/strong>27 x 21 x 11 cm\r\n<strong>L\u00e4nge Schulterriemen: <\/strong> Verstellbar von ca. 95 bis 110 cm, perfekt f\u00fcr vielseitiges Tragen.\r\n<strong>Lieferumfang:<\/strong> Die Tasche kommt mit einem Fendi Staubbeutel, einem praktischen Regenschutz und einem Entrupy Echtheitszertifikat.\";}i:1;a:3:{s:5:\"title\";s:7:\"Zustand\";s:2:\"id\";s:7:\"zustand\";s:7:\"content\";s:339:\"<strong>Gesamtzustand: <\/strong>Neuwertig\r\n<strong>Material au\u00dfen: <\/strong>Intakt\r\n<strong>Ecken: <\/strong>Intakt\r\n<strong>Hardware:<\/strong> Zeigt minimale Gebrauchsspuren durch Lagerung, teilweise ist die Schutzfolie sogar noch vorhanden.\r\n<strong>Innenraum: <\/strong>Sauber und gepflegt, mit leichten, kaum sichtbaren Gebrauchsspuren.\";}}"],"_deposit_type":[""],"_nutrient_ids":["a:0:{}"],"_nutrient_reference_value":["100g"],"_ingredients":[""],"_nutri_score":[""],"_alcohol_content":[""],"_drained_weight":[""],"_net_filling_quantity":[""],"_food_distributor":[""],"_food_description":[""],"_food_place_of_origin":[""],"_deposit_quantity":[""],"site-sidebar-layout":["default"],"site-content-layout":["default"],"theme-transparent-header-meta":["default"],"stick-header-meta":["default"],"_default_delivery_time":[""],"rank_math_robots":["a:1:{i:0;s:5:\"index\";}"],"_pys_conversion_label_settings":["a:3:{s:6:\"enable\";b:0;s:5:\"label\";s:0:\"\";s:2:\"id\";s:14:\"AW-11184563350\";}"],"_pys_super_pack_cpt_url":[""],"_pys_super_pack_cpt_condition":["only"],"_pys_super_pack_cpt_cart":["hidden"],"_woosea_brand":[""],"_woosea_mpn":[""],"_woosea_upc":[""],"_woosea_ean":[""],"_woosea_gtin":[""],"_woosea_color":[""],"_woosea_size":[""],"_woosea_gender":[""],"_woosea_material":[""],"_woosea_pattern":[""],"_woosea_optimized_title":[""],"_woosea_unit_pricing_measure":[""],"_woosea_unit_pricing_base_measure":[""],"_woosea_condition":[""],"_woosea_age_group":["adult"],"_woosea_installment_months":[""],"_woosea_installment_amount":[""],"_woosea_exclude_product":["no"],"_woosea_cost_of_good_sold":[""],"_woosea_multipack":[""],"_woosea_is_bundle":[""],"_woosea_energy_efficiency_class":[""],"_woosea_min_energy_efficiency_class":[""],"_woosea_max_energy_efficiency_class":[""],"_woosea_is_promotion":[""],"_woosea_custom_field_0":[""],"_woosea_custom_field_1":[""],"_woosea_custom_field_2":[""],"_woosea_custom_field_3":[""],"_woosea_custom_field_4":[""],"_pys_head_footer":["a:7:{s:14:\"disable_global\";b:0;s:8:\"head_any\";s:0:\"\";s:12:\"head_desktop\";s:0:\"\";s:11:\"head_mobile\";s:0:\"\";s:10:\"footer_any\";s:0:\"\";s:14:\"footer_desktop\";s:0:\"\";s:13:\"footer_mobile\";s:0:\"\";}"],"litespeed_vpi_list":["a:2:{i:0;s:8:\"logo.png\";i:1;s:60:\"Chanel-Woc-Caviar-schwarz-kette-2023-0082-scaled-500x500.jpg\";}"],"_customs_description":[""],"_wp_old_date":["2023-04-07","2023-06-01","2023-08-29","2024-02-02","2024-05-31"],"_is_non_returnable":["no"],"ast-site-content-layout":["default"],"site-content-style":["default"],"site-sidebar-style":["default"],"litespeed_vpi_list_mobile":["a:2:{i:0;s:8:\"logo.png\";i:1;s:70:\"Chanel-Timeless-Flap-Bag-Small-Voderseite-2023-0339-scaled-500x500.jpg\";}"],"_internal_date_code":["RFID Chip"],"_internal_product_origin":["Italien"],"rank_math_contentai_score":["a:4:{s:9:\"wordCount\";s:4:\"4.64\";s:9:\"linkCount\";s:1:\"0\";s:12:\"headingCount\";s:1:\"0\";s:10:\"mediaCount\";s:3:\"100\";}"],"_not_in_inventory_checkbox":["yes"],"_product_rating":["N"],"_custom_html_content":[""],"_wpml_post_translation_editor_native":["no"],"_customer_view":["11"],"_custom_view_last_updated":["2025-03-29 22:56:44"],"_shipping_length":[""],"_shipping_width":[""],"_shipping_height":[""],"_zettle_product_cat_id":[""],"_product_shipping_weight":["1kg"],"_wpml_media_has_media":["1"],"_edit_lock":["1744095741:4"],"woocommerce_izettle_product_uuid":["56a5829c-92a7-11ef-8c54-353536383939"],"woocommerce_izettle_variant_uuid":["3d52eb5c-904c-11ef-80eb-353536383939"],"_izettle_updated":["1738026068"],"_izettle_product_etag":["C14449A84F19448973174CA08D3BF08A"],"_edit_last":["4"],"_manufacturer_slug":[""],"_safety_attachment_ids":["a:0:{}"],"_izettle_barcode":[""],"_izettle_nosync":[""],"_izettle_cost_price":[""],"_izettle_special_price":[""],"_izettle_product_name":[""],"_nickx_video_text_url":["a:1:{i:0;s:0:\"\";}"],"_nickx_product_video_type":["a:1:{i:0;s:23:\"nickx_video_url_youtube\";}"],"_nickx_product_video_thumb_ids":["a:1:{i:0;s:0:\"\";}"],"_izettle_image_lookup_key":["3kyncy1cEe-udXp3qLWasA-h4h3PZwtEe-Am7mhQfGbUA"],"_product_available_from_field":[""],"_safety_instructions":[""],"_sale_price":["2490"],"_product_reserve_till_field":[""],"_wireless_electronic_device":["no"],"_device_contains_power_supply":["no"],"_device_charging_supports_usb_pd":["no"],"_device_charging_watt_min":["0"],"_device_charging_watt_max":["0"],"rank_math_primary_product_brand":["0"],"_wcml_average_rating":[null],"_wcml_review_count":[null],"_wcml_rating_count":[null],"astra-migrate-meta-layouts":["set"],"copied_media_ids":["a:0:{}"],"referenced_media_ids":["a:30:{i:0;i:47890;i:1;i:48046;i:2;i:48044;i:3;i:47892;i:4;i:47882;i:5;i:47884;i:6;i:47886;i:7;i:47880;i:8;i:47876;i:9;i:47878;i:10;i:47874;i:11;i:47868;i:12;i:47870;i:13;i:47872;i:14;i:47866;i:15;i:47862;i:16;i:47888;i:17;i:47864;i:18;i:47852;i:19;i:47856;i:20;i:47854;i:21;i:47860;i:22;i:47858;i:23;i:47842;i:24;i:47840;i:25;i:48421;i:26;i:47850;i:27;i:47848;i:28;i:47844;i:29;i:47846;}"],"rank_math_analytic_object_id":["1358"],"_uag_page_assets":["a:9:{s:3:\"css\";s:0:\"\";s:2:\"js\";s:0:\"\";s:18:\"current_block_list\";a:6:{i:0;s:26:\"woocommerce\/filter-wrapper\";i:1;s:24:\"woocommerce\/price-filter\";i:2;s:30:\"woocommerce\/product-categories\";i:3;s:14:\"core\/paragraph\";i:4;s:14:\"core\/shortcode\";i:5;s:11:\"core\/search\";}s:8:\"uag_flag\";b:0;s:11:\"uag_version\";i:1777507808;s:6:\"gfonts\";a:0:{}s:10:\"gfonts_url\";s:0:\"\";s:12:\"gfonts_files\";a:0:{}s:14:\"uag_faq_layout\";b:0;}"],"_wc_rating_count":[""]},"uagb_featured_image_src":{"full":["https:\/\/ilovehandbags.com\/wp-content\/uploads\/sites\/3\/Fendi-Peekaboo-Small-Shearling-Vorderseite-2024-0580-scaled.jpg",2560,1920,false],"thumbnail":["https:\/\/ilovehandbags.com\/wp-content\/uploads\/sites\/3\/Fendi-Peekaboo-Small-Shearling-Vorderseite-2024-0580-scaled-150x150.jpg",150,150,true],"medium":["https:\/\/ilovehandbags.com\/wp-content\/uploads\/sites\/3\/Fendi-Peekaboo-Small-Shearling-Vorderseite-2024-0580-scaled-300x300.jpg",300,300,true],"medium_large":["https:\/\/ilovehandbags.com\/wp-content\/uploads\/sites\/3\/Fendi-Peekaboo-Small-Shearling-Vorderseite-2024-0580-scaled-768x768.jpg",768,768,true],"large":["https:\/\/ilovehandbags.com\/wp-content\/uploads\/sites\/3\/Fendi-Peekaboo-Small-Shearling-Vorderseite-2024-0580-scaled-1024x1024.jpg",1024,1024,true],"1536x1536":["https:\/\/ilovehandbags.com\/wp-content\/uploads\/sites\/3\/Fendi-Peekaboo-Small-Shearling-Vorderseite-2024-0580-scaled.jpg",1536,1152,false],"2048x2048":["https:\/\/ilovehandbags.com\/wp-content\/uploads\/sites\/3\/Fendi-Peekaboo-Small-Shearling-Vorderseite-2024-0580-scaled.jpg",2048,1536,false],"woocommerce_thumbnail":["https:\/\/ilovehandbags.com\/wp-content\/uploads\/sites\/3\/Fendi-Peekaboo-Small-Shearling-Vorderseite-2024-0580-scaled-500x500.jpg",500,500,true],"woocommerce_single":["https:\/\/ilovehandbags.com\/wp-content\/uploads\/sites\/3\/Fendi-Peekaboo-Small-Shearling-Vorderseite-2024-0580-scaled-500x500.jpg",500,500,true],"woocommerce_gallery_thumbnail":["https:\/\/ilovehandbags.com\/wp-content\/uploads\/sites\/3\/Fendi-Peekaboo-Small-Shearling-Vorderseite-2024-0580-scaled-100x100.jpg",100,100,true]},"uagb_author_info":{"display_name":"ILoveHandbags","author_link":"https:\/\/ilovehandbags.com\/de\/author\/"},"uagb_comment_info":0,"uagb_excerpt":"Entdecke die Fendi Peekaboo ISeeU Small \u2013 Dein perfektes Statement-Piece! Diese luxuri\u00f6se Handtasche aus hochwertigem, weichem Lammfell vereint modernes Design mit der ikonischen Handwerkskunst von Fendi. Mit ihrem einzigartigen Peekaboo-Verschluss und den eleganten goldfarbenen Details setzt du ein echtes Highlight, das jedes Outfit stilvoll aufwertet. Die Peekaboo ist nicht nur ein echter Hingucker, sondern auch&hellip;","_links":{"self":[{"href":"https:\/\/ilovehandbags.com\/de\/wp-json\/wp\/v2\/product\/47838","targetHints":{"allow":["GET"]}}],"collection":[{"href":"https:\/\/ilovehandbags.com\/de\/wp-json\/wp\/v2\/product"}],"about":[{"href":"https:\/\/ilovehandbags.com\/de\/wp-json\/wp\/v2\/types\/product"}],"wp:featuredmedia":[{"embeddable":true,"href":"https:\/\/ilovehandbags.com\/de\/wp-json\/wp\/v2\/media\/47890"}],"wp:attachment":[{"href":"https:\/\/ilovehandbags.com\/de\/wp-json\/wp\/v2\/media?parent=47838"}],"wp:term":[{"taxonomy":"product_brand","embeddable":true,"href":"https:\/\/ilovehandbags.com\/de\/wp-json\/wp\/v2\/product_brand?post=47838"},{"taxonomy":"product_cat","embeddable":true,"href":"https:\/\/ilovehandbags.com\/de\/wp-json\/wp\/v2\/product_cat?post=47838"},{"taxonomy":"product_tag","embeddable":true,"href":"https:\/\/ilovehandbags.com\/de\/wp-json\/wp\/v2\/product_tag?post=47838"}],"curies":[{"name":"wp","href":"https:\/\/api.w.org\/{rel}","templated":true}]}}