{"id":49012,"date":"2024-11-08T11:48:52","date_gmt":"2024-11-08T10:48:52","guid":{"rendered":"https:\/\/ilovehandbags.com\/?post_type=product&#038;p=49012"},"modified":"2025-04-29T18:01:49","modified_gmt":"2025-04-29T16:01:49","slug":"louis-vuitton-amfar-monogram-canvas","status":"publish","type":"product","link":"https:\/\/ilovehandbags.com\/de\/louis-vuitton-amfar-monogram-canvas\/","title":{"rendered":"Louis Vuitton Amfar designed by Sharon Stone Monogram Canvas"},"content":{"rendered":"","protected":false},"excerpt":{"rendered":"<p>Die Louis Vuitton Amfar ist eine au\u00dfergew\u00f6hnliche Handtasche, die Stilbewusstsein und zeitlose Klasse vereint. Dieses besondere Modell wurde von Sharon Stone entworfen und ist Teil einer limitierten Serie, die zur Unterst\u00fctzung der Amfar Foundation (American Foundation for AIDS Research) entstand. Die Tasche verk\u00f6rpert nicht nur Luxus, sondern auch ein Engagement f\u00fcr den guten Zweck \u2013 eine Hommage an Stil und soziales Bewusstsein. Gefertigt aus feinem, strapazierf\u00e4higem Canvas und Leder und verziert mit dem ikonischen Louis Vuitton Monogram, ist die Louis Vuitton Amfar ein absolutes Highlight f\u00fcr Liebhaberinnen exklusiver Handtaschen. Sie vereint praktischen Stauraum mit luxuri\u00f6sem Design und l\u00e4sst sich durch den verstellbaren Schulterriemen sowohl \u00fcber der Schulter als auch crossbody tragen. Die Liebe zum Detail ist in jeder Naht und in der hochwertigen Innenausstattung sp\u00fcrbar. Mit ihrer au\u00dfergew\u00f6hnlichen Kombination aus Funktionalit\u00e4t und \u00c4sthetik zieht die Louis Vuitton Amfar alle Blicke auf sich. Diese Tasche ist ein Symbol f\u00fcr Geschmack und Exklusivit\u00e4t, verleiht jeder Sammlung einen Hauch von Geschichte und Eleganz und steht f\u00fcr den perfekten Einklang von Mode und gesellschaftlichem Engagement.<\/p>\n","protected":false},"featured_media":49161,"template":"","meta":{"_uag_custom_page_level_css":"","site-sidebar-layout":"default","site-content-layout":"default","ast-site-content-layout":"default","site-content-style":"default","site-sidebar-style":"default","ast-global-header-display":"","ast-banner-title-visibility":"","ast-main-header-display":"","ast-hfb-above-header-display":"","ast-hfb-below-header-display":"","ast-hfb-mobile-header-display":"","site-post-title":"","ast-breadcrumbs-content":"","ast-featured-img":"","footer-sml-layout":"","ast-disable-related-posts":"","theme-transparent-header-meta":"default","adv-header-id-meta":"","stick-header-meta":"default","header-above-stick-meta":"","header-main-stick-meta":"","header-below-stick-meta":"","astra-migrate-meta-layouts":"set","ast-page-background-enabled":"default","ast-page-background-meta":{"desktop":{"background-color":"var(--ast-global-color-4)","background-image":"","background-repeat":"repeat","background-position":"center center","background-size":"auto","background-attachment":"scroll","background-type":"","background-media":"","overlay-type":"","overlay-color":"","overlay-opacity":"","overlay-gradient":""},"tablet":{"background-color":"","background-image":"","background-repeat":"repeat","background-position":"center center","background-size":"auto","background-attachment":"scroll","background-type":"","background-media":"","overlay-type":"","overlay-color":"","overlay-opacity":"","overlay-gradient":""},"mobile":{"background-color":"","background-image":"","background-repeat":"repeat","background-position":"center center","background-size":"auto","background-attachment":"scroll","background-type":"","background-media":"","overlay-type":"","overlay-color":"","overlay-opacity":"","overlay-gradient":""}},"ast-content-background-meta":{"desktop":{"background-color":"var(--ast-global-color-5)","background-image":"","background-repeat":"repeat","background-position":"center center","background-size":"auto","background-attachment":"scroll","background-type":"","background-media":"","overlay-type":"","overlay-color":"","overlay-opacity":"","overlay-gradient":""},"tablet":{"background-color":"var(--ast-global-color-5)","background-image":"","background-repeat":"repeat","background-position":"center center","background-size":"auto","background-attachment":"scroll","background-type":"","background-media":"","overlay-type":"","overlay-color":"","overlay-opacity":"","overlay-gradient":""},"mobile":{"background-color":"var(--ast-global-color-5)","background-image":"","background-repeat":"repeat","background-position":"center center","background-size":"auto","background-attachment":"scroll","background-type":"","background-media":"","overlay-type":"","overlay-color":"","overlay-opacity":"","overlay-gradient":""}},"_glsr_average":0,"_glsr_ranking":0,"_glsr_reviews":0},"product_brand":[1584],"product_cat":[208,448,239,447,205,204,451,449],"product_tag":[214,1270,1275,1120],"class_list":{"0":"post-49012","1":"product","2":"type-product","3":"status-publish","4":"has-post-thumbnail","6":"product_brand-louis-vuitton","7":"product_cat-handtaschen","8":"product_cat-limited-editions","9":"product_cat-louis-vuitton","10":"product_cat-sale","11":"product_cat-tragetaschen","12":"product_cat-umhaengetaschen","13":"product_cat-vintage","14":"product_cat-bald-wieder-da","15":"product_tag-louis-vuitton","16":"product_tag-louis-vuitton-amfar","17":"product_tag-louis-vuitton-m47275","18":"product_tag-mothers-day","19":"desktop-align-left","20":"tablet-align-left","21":"mobile-align-left","22":"ast-product-gallery-layout-first-image-large","23":"ast-magnify-disabled","24":"ast-product-tabs-layout-accordion","26":"first","27":"outofstock","28":"sale","29":"sold-individually","30":"purchasable","31":"product-type-simple"},"spectra_custom_meta":{"_sku":["P4-0597-K"],"_regular_price":["790"],"total_sales":["0"],"_tax_status":["none"],"_tax_class":[""],"_manage_stock":["yes"],"_backorders":["no"],"_sold_individually":["yes"],"_virtual":["no"],"_downloadable":["no"],"_product_image_gallery":["49157,49092,49096,49098,49094,49078,49090,49088,49086,49084,49102,49076,49074,49082,49080,49072,49070,49066,49068"],"_download_limit":["-1"],"_download_expiry":["-1"],"_thumbnail_id":["49161"],"_stock":["0"],"_stock_status":["outofstock"],"_wc_average_rating":[0],"_wc_review_count":["0"],"_product_attributes":["a:3:{s:8:\"pa_brand\";a:7:{s:4:\"name\";s:8:\"pa_brand\";s:5:\"value\";s:0:\"\";s:8:\"position\";i:1;s:10:\"is_visible\";i:0;s:12:\"is_variation\";i:1;s:11:\"is_taxonomy\";i:1;s:16:\"checkout_visible\";i:0;}s:8:\"pa_color\";a:7:{s:4:\"name\";s:8:\"pa_color\";s:5:\"value\";s:0:\"\";s:8:\"position\";i:2;s:10:\"is_visible\";i:0;s:12:\"is_variation\";i:1;s:11:\"is_taxonomy\";i:1;s:16:\"checkout_visible\";i:0;}s:9:\"pa_gender\";a:7:{s:4:\"name\";s:9:\"pa_gender\";s:5:\"value\";s:0:\"\";s:8:\"position\";i:3;s:10:\"is_visible\";i:0;s:12:\"is_variation\";i:1;s:11:\"is_taxonomy\";i:1;s:16:\"checkout_visible\";i:0;}}"],"_product_version":["9.8.2"],"_price":["710"],"_wpml_media_featured":["1","1","1","1","1","1","1"],"_wpml_media_duplicate":["1","1","1","1","1","1","1"],"_wpml_word_count":["224"],"_wpml_location_migration_done":["1"],"_fusion":["a:3:{s:17:\"slider_visibility\";s:51:\"small-visibility,medium-visibility,large-visibility\";s:11:\"slider_type\";s:2:\"no\";s:9:\"wooslider\";s:1:\"0\";}"],"rank_math_seo_score":["73"],"rank_math_focus_keyword":["louis vuitton"],"_purchase_price_field":["461,50"],"_internal_warehouse_number_field":["2024-0597"],"_gdrive_field":["https:\/\/drive.google.com\/drive\/u\/1\/folders\/1YHX5mziKLM3NvLNH8RstlWq6lBtaIHqp"],"_unit":[""],"_unit_base":[""],"_unit_product":[""],"_unit_price_auto":["no"],"_unit_price_regular":[""],"_unit_price":[""],"_unit_price_sale":[""],"_sale_price_label":[""],"_sale_price_regular_label":[""],"_mini_desc":["Louis Vuitton Amfar Monogram Canvas"],"_defect_description":[""],"_allergen_ids":["a:0:{}"],"_warranty_attachment_id":[""],"_min_age":[""],"_ts_gtin":[""],"_ts_mpn":[""],"_delivery_time_countries":["a:0:{}"],"_free_shipping":["no"],"_service":["no"],"_photovoltaic_system":["no"],"_used_good":["yes"],"_defective_copy":["no"],"_is_food":["no"],"_differential_taxation":["yes"],"_gzd_version":["3.19.10"],"_hs_code":[""],"_manufacture_country":["0"],"_rank_math_gtin_code":[""],"_fusion_google_fonts":[""],"fusion_builder_status":["active"],"rank_math_primary_product_cat":["0"],"_wcml_custom_prices_status":["1"],"avada_post_views_count":["21"],"avada_today_post_views_count":["1"],"avada_post_views_count_today_date":["15-04-2023"],"_sale_price_dates_to_USD":[""],"_sale_price_dates_from_USD":[""],"_sale_price_USD":[""],"_regular_price_USD":[""],"_wcml_schedule_USD":["0"],"_deposit_type":[""],"_nutrient_ids":["a:0:{}"],"_nutrient_reference_value":["100g"],"_ingredients":[""],"_nutri_score":[""],"_alcohol_content":[""],"_drained_weight":[""],"_net_filling_quantity":[""],"_food_distributor":[""],"_food_description":[""],"_food_place_of_origin":[""],"_deposit_quantity":[""],"yikes_woo_products_tabs":["a:2:{i:0;a:3:{s:5:\"title\";s:21:\"Weitere Informationen\";s:2:\"id\";s:21:\"weitere-informationen\";s:7:\"content\";s:335:\"<strong>Material au\u00dfen: <\/strong>Monogram Canvas mit Rindsleder\r\n<strong>Material innen:<\/strong> Rotes Textilinnenfutter\r\n<strong>Ma\u00dfe:\u00a0 <\/strong>(H) 30 x (B) x 30\u00a0 x (T) 18 cm\r\n<strong>SKU: <\/strong>M47275\r\n<strong>Date Code \/ Herstellungsjahr: <\/strong>\u00a0SL0071 \/ 2001\r\n<strong>Lieferumfang:<\/strong> I Love Handbags Staubbeutel\";}i:1;a:3:{s:5:\"title\";s:7:\"Zustand\";s:2:\"id\";s:7:\"zustand\";s:7:\"content\";s:353:\"<strong>Gesamtzustand: <\/strong>Gut\r\n<strong>Canvas: <\/strong>Intakt, mit leichten Gebrauchsspuren\r\n<strong>Vachetta Leder:<\/strong> Honigfarbene Patina mit Flecken, Kratzern und Abrieb an den Ecken\r\n<strong>Griff:<\/strong> Intakt\r\n<strong>Hardware: <\/strong>\u00a0Teilweise oxidiert, mit Gebrauchsspuren\r\n<strong>Innenraum: <\/strong>Leichte Gebrauchsspuren\";}}"],"site-sidebar-layout":["default"],"site-content-layout":["default"],"theme-transparent-header-meta":["default"],"stick-header-meta":["default"],"_pys_conversion_label_settings":["a:3:{s:6:\"enable\";b:0;s:5:\"label\";s:0:\"\";s:2:\"id\";s:14:\"AW-11184563350\";}"],"_pys_super_pack_cpt_url":[""],"_pys_super_pack_cpt_condition":["only"],"_pys_super_pack_cpt_cart":["hidden"],"_woosea_brand":[""],"_woosea_mpn":[""],"_woosea_upc":[""],"_woosea_ean":[""],"_woosea_gtin":[""],"_woosea_color":[""],"_woosea_size":[""],"_woosea_gender":[""],"_woosea_material":[""],"_woosea_pattern":[""],"_woosea_optimized_title":[""],"_woosea_unit_pricing_measure":[""],"_woosea_unit_pricing_base_measure":[""],"_woosea_condition":[""],"_woosea_age_group":["adult"],"_woosea_installment_months":[""],"_woosea_installment_amount":[""],"_woosea_exclude_product":["no"],"_woosea_cost_of_good_sold":[""],"_woosea_multipack":[""],"_woosea_is_bundle":[""],"_woosea_energy_efficiency_class":[""],"_woosea_min_energy_efficiency_class":[""],"_woosea_max_energy_efficiency_class":[""],"_woosea_is_promotion":[""],"_woosea_custom_field_0":[""],"_woosea_custom_field_1":[""],"_woosea_custom_field_2":[""],"_woosea_custom_field_3":[""],"_woosea_custom_field_4":[""],"_pys_head_footer":["a:7:{s:14:\"disable_global\";b:0;s:8:\"head_any\";s:0:\"\";s:12:\"head_desktop\";s:0:\"\";s:11:\"head_mobile\";s:0:\"\";s:10:\"footer_any\";s:0:\"\";s:14:\"footer_desktop\";s:0:\"\";s:13:\"footer_mobile\";s:0:\"\";}"],"_customs_description":[""],"_is_non_returnable":["no"],"_wp_old_date":["2023-04-15","2023-07-13","2023-09-28","2023-10-08","2024-06-29","2024-06-28","2024-09-25"],"litespeed_vpi_list_mobile":["a:2:{i:0;s:8:\"logo.png\";i:1;s:57:\"Louis-Vuitton-Noe-Petit-vorn-2023-0071-scaled-500x500.jpg\";}"],"litespeed_vpi_list":["a:3:{i:0;s:8:\"logo.png\";i:1;s:6:\"de.png\";i:2;s:57:\"Louis-Vuitton-Noe-Petit-vorn-2023-0071-scaled-500x500.jpg\";}"],"_internal_date_code":["SL0071"],"_internal_product_origin":[""],"ast-site-content-layout":["default"],"site-content-style":["default"],"site-sidebar-style":["default"],"_sale_price_dates_to_CHF":[""],"_sale_price_dates_from_CHF":[""],"_sale_price_CHF":[""],"_regular_price_CHF":[""],"_wcml_schedule_CHF":["0"],"_sale_price_dates_to_GBP":[""],"_sale_price_dates_from_GBP":[""],"_sale_price_GBP":[""],"_regular_price_GBP":[""],"_wcml_schedule_GBP":["0"],"_product_rating":["B"],"rank_math_robots":["a:1:{i:0;s:5:\"index\";}"],"rank_math_contentai_score":["a:4:{s:9:\"wordCount\";s:4:\"2.97\";s:9:\"linkCount\";s:1:\"0\";s:12:\"headingCount\";s:1:\"0\";s:10:\"mediaCount\";s:3:\"100\";}"],"_not_in_inventory_checkbox":["yes"],"_custom_html_content":[""],"_wpml_post_translation_editor_native":["no"],"_customer_view":["2"],"_custom_view_last_updated":["2025-04-27 22:58:46"],"_shipping_length":[""],"_shipping_width":[""],"_shipping_height":[""],"_zettle_product_cat_id":[""],"_wpml_media_has_media":["1"],"_product_shipping_weight":["1kg"],"_manufacturer_slug":[""],"_safety_attachment_ids":["a:0:{}"],"_nickx_video_text_url":["a:1:{i:0;s:0:\"\";}"],"_nickx_product_video_type":["a:1:{i:0;s:23:\"nickx_video_url_youtube\";}"],"_nickx_product_video_thumb_ids":["a:1:{i:0;s:0:\"\";}"],"_edit_lock":["1745943098:4"],"woocommerce_izettle_product_uuid":["11fad6e2-9dbf-11ef-b7d1-353536383939"],"woocommerce_izettle_variant_uuid":["560ee8f2-9c4b-11ef-be3b-353536383939"],"_izettle_updated":["1745424444"],"_edit_last":["4"],"_izettle_barcode":[""],"_izettle_nosync":[""],"_izettle_cost_price":[""],"_izettle_special_price":[""],"_izettle_product_name":[""],"_product_available_from_field":["2024-11-08T19:00"],"_izettle_image_lookup_key":["3kyncy1cEe-udXp3qLWasA-EfaFrp2_Ee-3ncqWDBrpxw"],"_safety_instructions":[""],"_izettle_product_etag":["382E5E561D9F9E89AAB39BC01501E692"],"_sale_price":["710"],"_product_reserve_till_field":[""],"_wireless_electronic_device":["no"],"_device_contains_power_supply":["no"],"_device_charging_supports_usb_pd":["no"],"_device_charging_watt_min":["0"],"_device_charging_watt_max":["0"],"rank_math_primary_product_brand":["1584"],"_ame_cpe_post_policy":["{\"accessProtection\":{\"active\":\"replace\"}}"],"_wcml_average_rating":[null],"_wcml_review_count":[null],"_wcml_rating_count":[null],"astra-migrate-meta-layouts":["set"],"copied_media_ids":["a:0:{}"],"referenced_media_ids":["a:20:{i:0;i:49161;i:1;i:49157;i:2;i:49092;i:3;i:49096;i:4;i:49098;i:5;i:49094;i:6;i:49078;i:7;i:49090;i:8;i:49088;i:9;i:49086;i:10;i:49084;i:11;i:49102;i:12;i:49076;i:13;i:49074;i:14;i:49082;i:15;i:49080;i:16;i:49072;i:17;i:49070;i:18;i:49066;i:19;i:49068;}"],"rank_math_analytic_object_id":["1319"],"_uag_page_assets":["a:9:{s:3:\"css\";s:0:\"\";s:2:\"js\";s:0:\"\";s:18:\"current_block_list\";a:6:{i:0;s:26:\"woocommerce\/filter-wrapper\";i:1;s:24:\"woocommerce\/price-filter\";i:2;s:30:\"woocommerce\/product-categories\";i:3;s:14:\"core\/paragraph\";i:4;s:14:\"core\/shortcode\";i:5;s:11:\"core\/search\";}s:8:\"uag_flag\";b:0;s:11:\"uag_version\";s:10:\"1778336664\";s:6:\"gfonts\";a:0:{}s:10:\"gfonts_url\";s:0:\"\";s:12:\"gfonts_files\";a:0:{}s:14:\"uag_faq_layout\";b:0;}"],"_wc_rating_count":[""]},"uagb_featured_image_src":{"full":["https:\/\/ilovehandbags.com\/wp-content\/uploads\/sites\/3\/IMG_7085-1-scaled.jpg",1920,2560,false],"thumbnail":["https:\/\/ilovehandbags.com\/wp-content\/uploads\/sites\/3\/IMG_7085-1-scaled-150x150.jpg",150,150,true],"medium":["https:\/\/ilovehandbags.com\/wp-content\/uploads\/sites\/3\/IMG_7085-1-scaled-300x300.jpg",300,300,true],"medium_large":["https:\/\/ilovehandbags.com\/wp-content\/uploads\/sites\/3\/IMG_7085-1-scaled-768x768.jpg",768,768,true],"large":["https:\/\/ilovehandbags.com\/wp-content\/uploads\/sites\/3\/IMG_7085-1-scaled-1024x1024.jpg",1024,1024,true],"1536x1536":["https:\/\/ilovehandbags.com\/wp-content\/uploads\/sites\/3\/IMG_7085-1-scaled.jpg",1152,1536,false],"2048x2048":["https:\/\/ilovehandbags.com\/wp-content\/uploads\/sites\/3\/IMG_7085-1-scaled.jpg",1536,2048,false],"woocommerce_thumbnail":["https:\/\/ilovehandbags.com\/wp-content\/uploads\/sites\/3\/IMG_7085-1-scaled-500x500.jpg",500,500,true],"woocommerce_single":["https:\/\/ilovehandbags.com\/wp-content\/uploads\/sites\/3\/IMG_7085-1-scaled-500x500.jpg",500,500,true],"woocommerce_gallery_thumbnail":["https:\/\/ilovehandbags.com\/wp-content\/uploads\/sites\/3\/IMG_7085-1-scaled-100x100.jpg",100,100,true]},"uagb_author_info":{"display_name":"ILoveHandbags","author_link":"https:\/\/ilovehandbags.com\/de\/author\/"},"uagb_comment_info":0,"uagb_excerpt":"Die Louis Vuitton Amfar ist eine au\u00dfergew\u00f6hnliche Handtasche, die Stilbewusstsein und zeitlose Klasse vereint. Dieses besondere Modell wurde von Sharon Stone entworfen und ist Teil einer limitierten Serie, die zur Unterst\u00fctzung der Amfar Foundation (American Foundation for AIDS Research) entstand. Die Tasche verk\u00f6rpert nicht nur Luxus, sondern auch ein Engagement f\u00fcr den guten Zweck \u2013&hellip;","_links":{"self":[{"href":"https:\/\/ilovehandbags.com\/de\/wp-json\/wp\/v2\/product\/49012","targetHints":{"allow":["GET"]}}],"collection":[{"href":"https:\/\/ilovehandbags.com\/de\/wp-json\/wp\/v2\/product"}],"about":[{"href":"https:\/\/ilovehandbags.com\/de\/wp-json\/wp\/v2\/types\/product"}],"wp:featuredmedia":[{"embeddable":true,"href":"https:\/\/ilovehandbags.com\/de\/wp-json\/wp\/v2\/media\/49161"}],"wp:attachment":[{"href":"https:\/\/ilovehandbags.com\/de\/wp-json\/wp\/v2\/media?parent=49012"}],"wp:term":[{"taxonomy":"product_brand","embeddable":true,"href":"https:\/\/ilovehandbags.com\/de\/wp-json\/wp\/v2\/product_brand?post=49012"},{"taxonomy":"product_cat","embeddable":true,"href":"https:\/\/ilovehandbags.com\/de\/wp-json\/wp\/v2\/product_cat?post=49012"},{"taxonomy":"product_tag","embeddable":true,"href":"https:\/\/ilovehandbags.com\/de\/wp-json\/wp\/v2\/product_tag?post=49012"}],"curies":[{"name":"wp","href":"https:\/\/api.w.org\/{rel}","templated":true}]}}