{"id":49271,"date":"2024-11-12T13:03:20","date_gmt":"2024-11-12T12:03:20","guid":{"rendered":"https:\/\/ilovehandbags.com\/?post_type=product&#038;p=49271"},"modified":"2025-02-09T14:29:42","modified_gmt":"2025-02-09T13:29:42","slug":"louis-vuitton-sac-noe-petit-monogram-canvas-17","status":"publish","type":"product","link":"https:\/\/ilovehandbags.com\/de\/louis-vuitton-sac-noe-petit-monogram-canvas-17\/","title":{"rendered":"Louis Vuitton Sac Noe Petit Monogram Canvas"},"content":{"rendered":"","protected":false},"excerpt":{"rendered":"<p>Entdecke zeitlose Eleganz mit dem exquisiten Louis Vuitton Sac Noe Petit. Urspr\u00fcnglich in den 30er Jahren f\u00fcr anspruchsvolle Champagnerproduzenten entworfen, verbindet dieses ikonische Modell historischen Charme mit zeitgem\u00e4\u00dfer Raffinesse. Seine gro\u00dfz\u00fcgige Innenraumgestaltung macht die Tasche nicht nur perfekt f\u00fcr den t\u00e4glichen Gebrauch, sondern auch f\u00fcr besondere Anl\u00e4sse. Trage die Petit Noe m\u00fchelos in der Hand oder leger \u00fcber der Schulter \u2013 ihre Vielseitigkeit unterstreicht deine individuelle Stilsicherheit. Hergestellt aus erstklassigen Materialien und mit h\u00f6chster Pr\u00e4zision verarbeitet, verk\u00f6rpert der Sac Noe Petit puren Luxus. Jedes Detail strahlt Qualit\u00e4t aus, von den sorgf\u00e4ltig ausgew\u00e4hlten Stoffen bis zur meisterhaften Handwerkskunst. Diese einzigartige Handtasche wird zum stilvollen Statement und setzt dich in jeder Situation gekonnt in Szene.<\/p>\n","protected":false},"featured_media":49373,"template":"","meta":{"_uag_custom_page_level_css":"","site-sidebar-layout":"default","site-content-layout":"default","ast-site-content-layout":"default","site-content-style":"default","site-sidebar-style":"default","ast-global-header-display":"","ast-banner-title-visibility":"","ast-main-header-display":"","ast-hfb-above-header-display":"","ast-hfb-below-header-display":"","ast-hfb-mobile-header-display":"","site-post-title":"","ast-breadcrumbs-content":"","ast-featured-img":"","footer-sml-layout":"","ast-disable-related-posts":"","theme-transparent-header-meta":"default","adv-header-id-meta":"","stick-header-meta":"default","header-above-stick-meta":"","header-main-stick-meta":"","header-below-stick-meta":"","astra-migrate-meta-layouts":"set","ast-page-background-enabled":"default","ast-page-background-meta":{"desktop":{"background-color":"var(--ast-global-color-4)","background-image":"","background-repeat":"repeat","background-position":"center center","background-size":"auto","background-attachment":"scroll","background-type":"","background-media":"","overlay-type":"","overlay-color":"","overlay-opacity":"","overlay-gradient":""},"tablet":{"background-color":"","background-image":"","background-repeat":"repeat","background-position":"center center","background-size":"auto","background-attachment":"scroll","background-type":"","background-media":"","overlay-type":"","overlay-color":"","overlay-opacity":"","overlay-gradient":""},"mobile":{"background-color":"","background-image":"","background-repeat":"repeat","background-position":"center center","background-size":"auto","background-attachment":"scroll","background-type":"","background-media":"","overlay-type":"","overlay-color":"","overlay-opacity":"","overlay-gradient":""}},"ast-content-background-meta":{"desktop":{"background-color":"var(--ast-global-color-5)","background-image":"","background-repeat":"repeat","background-position":"center center","background-size":"auto","background-attachment":"scroll","background-type":"","background-media":"","overlay-type":"","overlay-color":"","overlay-opacity":"","overlay-gradient":""},"tablet":{"background-color":"var(--ast-global-color-5)","background-image":"","background-repeat":"repeat","background-position":"center center","background-size":"auto","background-attachment":"scroll","background-type":"","background-media":"","overlay-type":"","overlay-color":"","overlay-opacity":"","overlay-gradient":""},"mobile":{"background-color":"var(--ast-global-color-5)","background-image":"","background-repeat":"repeat","background-position":"center center","background-size":"auto","background-attachment":"scroll","background-type":"","background-media":"","overlay-type":"","overlay-color":"","overlay-opacity":"","overlay-gradient":""}},"_glsr_average":0,"_glsr_ranking":0,"_glsr_reviews":0},"product_brand":[],"product_cat":[208,239,447,205,204,451,449],"product_tag":[214,841,342,343],"class_list":{"0":"post-49271","1":"product","2":"type-product","3":"status-publish","4":"has-post-thumbnail","6":"product_cat-handtaschen","7":"product_cat-louis-vuitton","8":"product_cat-sale","9":"product_cat-tragetaschen","10":"product_cat-umhaengetaschen","11":"product_cat-vintage","12":"product_cat-bald-wieder-da","13":"product_tag-louis-vuitton","14":"product_tag-louis-vuitton-m42224","15":"product_tag-louis-vuitton-noe","16":"product_tag-louis-vuitton-noe-petit","17":"desktop-align-left","18":"tablet-align-left","19":"mobile-align-left","20":"ast-product-gallery-layout-first-image-large","21":"ast-magnify-disabled","22":"ast-product-tabs-layout-accordion","24":"first","25":"outofstock","26":"sale","27":"sold-individually","28":"taxable","29":"shipping-taxable","30":"purchasable","31":"product-type-simple"},"spectra_custom_meta":{"_sku":["P4-0599"],"_regular_price":["650"],"total_sales":["1"],"_tax_status":["taxable"],"_tax_class":[""],"_manage_stock":["yes"],"_backorders":["no"],"_sold_individually":["yes"],"_virtual":["no"],"_downloadable":["no"],"_product_image_gallery":["49365,49363,49369,49371,49367,49361,49359,49357,49355,49353,49351,49349,49347,49343,49341,49339,49337,49345"],"_download_limit":["-1"],"_download_expiry":["-1"],"_thumbnail_id":["49373"],"_stock":["0"],"_stock_status":["outofstock"],"_wc_average_rating":[0],"_wc_review_count":["0"],"_product_attributes":["a:3:{s:8:\"pa_brand\";a:7:{s:4:\"name\";s:8:\"pa_brand\";s:5:\"value\";s:0:\"\";s:8:\"position\";i:1;s:10:\"is_visible\";i:0;s:12:\"is_variation\";i:1;s:11:\"is_taxonomy\";i:1;s:16:\"checkout_visible\";i:0;}s:8:\"pa_color\";a:7:{s:4:\"name\";s:8:\"pa_color\";s:5:\"value\";s:0:\"\";s:8:\"position\";i:2;s:10:\"is_visible\";i:0;s:12:\"is_variation\";i:1;s:11:\"is_taxonomy\";i:1;s:16:\"checkout_visible\";i:0;}s:9:\"pa_gender\";a:7:{s:4:\"name\";s:9:\"pa_gender\";s:5:\"value\";s:0:\"\";s:8:\"position\";i:3;s:10:\"is_visible\";i:0;s:12:\"is_variation\";i:1;s:11:\"is_taxonomy\";i:1;s:16:\"checkout_visible\";i:0;}}"],"_product_version":["9.6.1"],"_price":["570"],"_wpml_media_featured":["1","1","1","1","1","1","1"],"_wpml_media_duplicate":["1","1","1","1","1","1","1"],"_wpml_word_count":["{\"total\":139,\"to_translate\":{\"en\":139}}"],"_wpml_location_migration_done":["1"],"_fusion":["a:3:{s:17:\"slider_visibility\";s:51:\"small-visibility,medium-visibility,large-visibility\";s:11:\"slider_type\";s:2:\"no\";s:9:\"wooslider\";s:1:\"0\";}"],"rank_math_seo_score":["68"],"rank_math_focus_keyword":["louis vuitton sac noe"],"_purchase_price_field":["333,60"],"_internal_warehouse_number_field":["2024-0599"],"_gdrive_field":["https:\/\/drive.google.com\/drive\/u\/1\/folders\/1oRIYvaTdKhicoIfz_d9F-HPGD-FHIIRm"],"_unit":[""],"_unit_base":[""],"_unit_product":[""],"_unit_price_auto":["no"],"_unit_price_regular":[""],"_unit_price":[""],"_unit_price_sale":[""],"_sale_price_label":[""],"_sale_price_regular_label":[""],"_mini_desc":["Louis Vuitton Sac Noe Petit Monogram Canvas"],"_defect_description":[""],"_allergen_ids":["a:0:{}"],"_warranty_attachment_id":[""],"_min_age":[""],"_ts_gtin":[""],"_ts_mpn":[""],"_delivery_time_countries":["a:0:{}"],"_free_shipping":["no"],"_service":["no"],"_photovoltaic_system":["no"],"_used_good":["yes"],"_defective_copy":["no"],"_is_food":["no"],"_differential_taxation":["no"],"_gzd_version":["3.18.7"],"_hs_code":[""],"_manufacture_country":["0"],"_rank_math_gtin_code":[""],"_fusion_google_fonts":[""],"fusion_builder_status":["active"],"rank_math_primary_product_cat":["0"],"_wcml_custom_prices_status":["1"],"avada_post_views_count":["21"],"avada_today_post_views_count":["1"],"avada_post_views_count_today_date":["15-04-2023"],"_sale_price_dates_to_USD":[""],"_sale_price_dates_from_USD":[""],"_sale_price_USD":[""],"_regular_price_USD":[""],"_wcml_schedule_USD":["0"],"_deposit_type":[""],"_nutrient_ids":["a:0:{}"],"_nutrient_reference_value":["100g"],"_ingredients":[""],"_nutri_score":[""],"_alcohol_content":[""],"_drained_weight":[""],"_net_filling_quantity":[""],"_food_distributor":[""],"_food_description":[""],"_food_place_of_origin":[""],"_deposit_quantity":[""],"yikes_woo_products_tabs":["a:2:{i:0;a:3:{s:5:\"title\";s:21:\"Weitere Informationen\";s:2:\"id\";s:21:\"weitere-informationen\";s:7:\"content\";s:333:\"<strong>Material au\u00dfen: <\/strong>Monogram Canvas mit Rindsleder\r\n<strong>Material innen:<\/strong> Braunes Textilinnenfutter\r\n<strong>Ma\u00dfe: <\/strong>(H) 26 x (B) x 24\u00a0 x (T) 17 cm\r\n<strong>SKU: <\/strong>M42224\r\n<strong>Date Code \/ Herstellungsjahr: <\/strong>A2 872 \/ 1987\r\n<strong>Lieferumfang:<\/strong> I Love Handbags Staubbeutel\";}i:1;a:3:{s:5:\"title\";s:7:\"Zustand\";s:2:\"id\";s:7:\"zustand\";s:7:\"content\";s:576:\"<strong>Gesamtzustand: <\/strong>Gut\r\n<strong>Canvas: <\/strong>Intakt\r\n<strong>Vachetta Leder:<\/strong> Honigfarbene Patina mit Flecken, Kratzern und Abrieb,\u00a0 das Leder ist gr\u00f6\u00dftenteils geschmeidig, die Seitenteile sind vereinzelt etwas trocken\r\n<strong>Griff:<\/strong> Intakt mit Gebrauchsspuren\r\n<strong>Einfassung:<\/strong> Intakt mit Abreibungen und Flecken\r\n<strong>Original Zugband:<\/strong> Wurde durch ein Zugband von I Love Handbags ersetzt\r\n<strong>Hardware: <\/strong>\u00a0Teilweise oxidiert, mit Gebrauchsspuren\r\n<strong>Innenraum: <\/strong>Gebrauchsspuren vorhanden\";}}"],"site-sidebar-layout":["default"],"site-content-layout":["default"],"theme-transparent-header-meta":["default"],"stick-header-meta":["default"],"_pys_conversion_label_settings":["a:3:{s:6:\"enable\";b:0;s:5:\"label\";s:0:\"\";s:2:\"id\";s:14:\"AW-11184563350\";}"],"_pys_super_pack_cpt_url":[""],"_pys_super_pack_cpt_condition":["only"],"_pys_super_pack_cpt_cart":["hidden"],"_woosea_brand":[""],"_woosea_mpn":[""],"_woosea_upc":[""],"_woosea_ean":[""],"_woosea_gtin":[""],"_woosea_color":[""],"_woosea_size":[""],"_woosea_gender":[""],"_woosea_material":[""],"_woosea_pattern":[""],"_woosea_optimized_title":[""],"_woosea_unit_pricing_measure":[""],"_woosea_unit_pricing_base_measure":[""],"_woosea_condition":[""],"_woosea_age_group":["adult"],"_woosea_installment_months":[""],"_woosea_installment_amount":[""],"_woosea_exclude_product":["no"],"_woosea_cost_of_good_sold":[""],"_woosea_multipack":[""],"_woosea_is_bundle":[""],"_woosea_energy_efficiency_class":[""],"_woosea_min_energy_efficiency_class":[""],"_woosea_max_energy_efficiency_class":[""],"_woosea_is_promotion":[""],"_woosea_custom_field_0":[""],"_woosea_custom_field_1":[""],"_woosea_custom_field_2":[""],"_woosea_custom_field_3":[""],"_woosea_custom_field_4":[""],"_pys_head_footer":["a:7:{s:14:\"disable_global\";b:0;s:8:\"head_any\";s:0:\"\";s:12:\"head_desktop\";s:0:\"\";s:11:\"head_mobile\";s:0:\"\";s:10:\"footer_any\";s:0:\"\";s:14:\"footer_desktop\";s:0:\"\";s:13:\"footer_mobile\";s:0:\"\";}"],"_customs_description":[""],"_is_non_returnable":["no"],"_wp_old_date":["2023-04-15","2023-07-13","2023-09-28","2023-10-08","2024-06-29","2024-06-28","2024-09-25"],"litespeed_vpi_list_mobile":["a:2:{i:0;s:8:\"logo.png\";i:1;s:57:\"Louis-Vuitton-Noe-Petit-vorn-2023-0071-scaled-500x500.jpg\";}"],"litespeed_vpi_list":["a:3:{i:0;s:8:\"logo.png\";i:1;s:6:\"de.png\";i:2;s:57:\"Louis-Vuitton-Noe-Petit-vorn-2023-0071-scaled-500x500.jpg\";}"],"_internal_date_code":["A2 872"],"_internal_product_origin":["Frankreich"],"ast-site-content-layout":["default"],"site-content-style":["default"],"site-sidebar-style":["default"],"_sale_price_dates_to_CHF":[""],"_sale_price_dates_from_CHF":[""],"_sale_price_CHF":[""],"_regular_price_CHF":[""],"_wcml_schedule_CHF":["0"],"_sale_price_dates_to_GBP":[""],"_sale_price_dates_from_GBP":[""],"_sale_price_GBP":[""],"_regular_price_GBP":[""],"_wcml_schedule_GBP":["0"],"_product_rating":["B"],"rank_math_robots":["a:1:{i:0;s:5:\"index\";}"],"rank_math_contentai_score":["a:4:{s:9:\"wordCount\";s:4:\"2.97\";s:9:\"linkCount\";s:1:\"0\";s:12:\"headingCount\";s:1:\"0\";s:10:\"mediaCount\";s:3:\"100\";}"],"_not_in_inventory_checkbox":[""],"_custom_html_content":[""],"_wpml_post_translation_editor_native":["no"],"_customer_view":["10"],"_custom_view_last_updated":["2025-02-06 09:53:41"],"_shipping_length":[""],"_shipping_width":[""],"_shipping_height":[""],"_zettle_product_cat_id":[""],"_wpml_media_has_media":["1"],"_product_shipping_weight":["1kg"],"_manufacturer_slug":[""],"_safety_attachment_ids":["a:0:{}"],"_nickx_video_text_url":["a:1:{i:0;s:0:\"\";}"],"_nickx_product_video_type":["a:1:{i:0;s:23:\"nickx_video_url_youtube\";}"],"_nickx_product_video_thumb_ids":["a:1:{i:0;s:0:\"\";}"],"_edit_lock":["1739108181:4"],"woocommerce_izettle_product_uuid":["37a43dca-a0ee-11ef-a637-353536383939"],"woocommerce_izettle_variant_uuid":["3574501c-a0ee-11ef-a0c3-353536383939"],"_izettle_updated":["1736543232"],"_edit_last":["4"],"_product_available_from_field":["2024-11-15T19:00"],"_izettle_barcode":[""],"_izettle_nosync":[""],"_izettle_cost_price":[""],"_izettle_special_price":[""],"_izettle_product_name":[""],"_izettle_product_etag":["1F7D37D5C51126E2B70C2031D9C95219"],"_izettle_image_lookup_key":["3kyncy1cEe-udXp3qLWasA-btkaOqGoEe-L0XwHvNCRzA"],"_upsell_ids":["a:1:{i:0;i:33838;}"],"_safety_instructions":[""],"_product_reserve_till_field":[""],"_product_reserve_add_cart_link_key":["RlTErSbgLkefoVJcPBxjDzhAHpUitIwQYWFXCudqZNMvsaOGnmyK1734380216"],"_sale_price":["570"],"_wireless_electronic_device":["no"],"_device_contains_power_supply":["no"],"_device_charging_supports_usb_pd":["no"],"_device_charging_watt_min":["0"],"_device_charging_watt_max":["0"],"rank_math_primary_product_brand":["0"],"_wcml_average_rating":[null],"_wcml_review_count":[null],"_wcml_rating_count":[null],"_price_USD":[null],"_price_CHF":[null],"_price_GBP":[null],"astra-migrate-meta-layouts":["set"],"copied_media_ids":["a:0:{}"],"referenced_media_ids":["a:19:{i:0;i:49373;i:1;i:49365;i:2;i:49363;i:3;i:49369;i:4;i:49371;i:5;i:49367;i:6;i:49361;i:7;i:49359;i:8;i:49357;i:9;i:49355;i:10;i:49353;i:11;i:49351;i:12;i:49349;i:13;i:49347;i:14;i:49343;i:15;i:49341;i:16;i:49339;i:17;i:49337;i:18;i:49345;}"],"rank_math_analytic_object_id":["1301"],"_wc_rating_count":[""]},"uagb_featured_image_src":{"full":["https:\/\/ilovehandbags.com\/wp-content\/uploads\/sites\/3\/Louis-Vuitton-Noe-Petit-Vorderseite-2024-0599-scaled.jpg",1920,2560,false],"thumbnail":["https:\/\/ilovehandbags.com\/wp-content\/uploads\/sites\/3\/Louis-Vuitton-Noe-Petit-Vorderseite-2024-0599-scaled-150x150.jpg",150,150,true],"medium":["https:\/\/ilovehandbags.com\/wp-content\/uploads\/sites\/3\/Louis-Vuitton-Noe-Petit-Vorderseite-2024-0599-scaled-300x300.jpg",300,300,true],"medium_large":["https:\/\/ilovehandbags.com\/wp-content\/uploads\/sites\/3\/Louis-Vuitton-Noe-Petit-Vorderseite-2024-0599-scaled-768x768.jpg",768,768,true],"large":["https:\/\/ilovehandbags.com\/wp-content\/uploads\/sites\/3\/Louis-Vuitton-Noe-Petit-Vorderseite-2024-0599-scaled-1024x1024.jpg",1024,1024,true],"1536x1536":["https:\/\/ilovehandbags.com\/wp-content\/uploads\/sites\/3\/Louis-Vuitton-Noe-Petit-Vorderseite-2024-0599-scaled.jpg",1152,1536,false],"2048x2048":["https:\/\/ilovehandbags.com\/wp-content\/uploads\/sites\/3\/Louis-Vuitton-Noe-Petit-Vorderseite-2024-0599-scaled.jpg",1536,2048,false],"woocommerce_thumbnail":["https:\/\/ilovehandbags.com\/wp-content\/uploads\/sites\/3\/Louis-Vuitton-Noe-Petit-Vorderseite-2024-0599-scaled-500x500.jpg",500,500,true],"woocommerce_single":["https:\/\/ilovehandbags.com\/wp-content\/uploads\/sites\/3\/Louis-Vuitton-Noe-Petit-Vorderseite-2024-0599-scaled-500x500.jpg",500,500,true],"woocommerce_gallery_thumbnail":["https:\/\/ilovehandbags.com\/wp-content\/uploads\/sites\/3\/Louis-Vuitton-Noe-Petit-Vorderseite-2024-0599-scaled-100x100.jpg",100,100,true]},"uagb_author_info":{"display_name":"ILoveHandbags","author_link":"https:\/\/ilovehandbags.com\/de\/author\/"},"uagb_comment_info":0,"uagb_excerpt":"Entdecke zeitlose Eleganz mit dem exquisiten Louis Vuitton Sac Noe Petit. Urspr\u00fcnglich in den 30er Jahren f\u00fcr anspruchsvolle Champagnerproduzenten entworfen, verbindet dieses ikonische Modell historischen Charme mit zeitgem\u00e4\u00dfer Raffinesse. Seine gro\u00dfz\u00fcgige Innenraumgestaltung macht die Tasche nicht nur perfekt f\u00fcr den t\u00e4glichen Gebrauch, sondern auch f\u00fcr besondere Anl\u00e4sse. Trage die Petit Noe m\u00fchelos in der Hand&hellip;","_links":{"self":[{"href":"https:\/\/ilovehandbags.com\/de\/wp-json\/wp\/v2\/product\/49271","targetHints":{"allow":["GET"]}}],"collection":[{"href":"https:\/\/ilovehandbags.com\/de\/wp-json\/wp\/v2\/product"}],"about":[{"href":"https:\/\/ilovehandbags.com\/de\/wp-json\/wp\/v2\/types\/product"}],"wp:featuredmedia":[{"embeddable":true,"href":"https:\/\/ilovehandbags.com\/de\/wp-json\/wp\/v2\/media\/49373"}],"wp:attachment":[{"href":"https:\/\/ilovehandbags.com\/de\/wp-json\/wp\/v2\/media?parent=49271"}],"wp:term":[{"taxonomy":"product_brand","embeddable":true,"href":"https:\/\/ilovehandbags.com\/de\/wp-json\/wp\/v2\/product_brand?post=49271"},{"taxonomy":"product_cat","embeddable":true,"href":"https:\/\/ilovehandbags.com\/de\/wp-json\/wp\/v2\/product_cat?post=49271"},{"taxonomy":"product_tag","embeddable":true,"href":"https:\/\/ilovehandbags.com\/de\/wp-json\/wp\/v2\/product_tag?post=49271"}],"curies":[{"name":"wp","href":"https:\/\/api.w.org\/{rel}","templated":true}]}}