{"id":50731,"date":"2024-12-10T14:20:28","date_gmt":"2024-12-10T13:20:28","guid":{"rendered":"https:\/\/ilovehandbags.com\/?post_type=product&#038;p=50731"},"modified":"2025-07-04T14:29:56","modified_gmt":"2025-07-04T12:29:56","slug":"chanel-boy-small-paris-edimbourg-tweed-bordeaux","status":"publish","type":"product","link":"https:\/\/ilovehandbags.com\/de\/chanel-boy-small-paris-edimbourg-tweed-bordeaux\/","title":{"rendered":"Chanel Boy Small Paris-\u00c9dimbourg Tweed Bordeaux"},"content":{"rendered":"","protected":false},"excerpt":{"rendered":"<p>Die Chanel Boy Small Paris-\u00c9dimbourg Bordeaux Tweed und Samt ist ein echtes Meisterwerk der Luxusmode, das Tradition mit modernem Chic vereint. Diese exquisite Handtasche aus der limitierten Paris-\u00c9dimbourg Kollektion besticht durch ihren raffinierten Materialmix aus Bordeaux-Tweed und weichem Samt, der der Tasche eine edle Textur und tiefe Farbnuancen verleiht. Die rutheniumfarbene Hardware setzt einen stilvollen Kontrast zu dem warmen Bordeauxton und verleiht der Tasche ein modernes, elegantes Flair. Der markante Boy-Style, der f\u00fcr seine klare Linienf\u00fchrung und seine unverwechselbare Form bekannt ist, sorgt f\u00fcr eine zeitlose \u00c4sthetik, die sowohl zu eleganten als auch zu l\u00e4ssigen Outfits passt. Mit ihrer praktischen Small Gr\u00f6\u00dfe bietet die Tasche ausreichend Platz f\u00fcr die wichtigsten Essentials, ohne dabei an Stil zu verlieren. Der verstellbare Schulterriemen sorgt f\u00fcr zus\u00e4tzlichen Komfort und Flexibilit\u00e4t.<\/p>\n","protected":false},"featured_media":50754,"template":"","meta":{"_uag_custom_page_level_css":"","site-sidebar-layout":"default","site-content-layout":"default","ast-site-content-layout":"default","site-content-style":"default","site-sidebar-style":"default","ast-global-header-display":"","ast-banner-title-visibility":"","ast-main-header-display":"","ast-hfb-above-header-display":"","ast-hfb-below-header-display":"","ast-hfb-mobile-header-display":"","site-post-title":"","ast-breadcrumbs-content":"","ast-featured-img":"","footer-sml-layout":"","ast-disable-related-posts":"","theme-transparent-header-meta":"default","adv-header-id-meta":"","stick-header-meta":"default","header-above-stick-meta":"","header-main-stick-meta":"","header-below-stick-meta":"","astra-migrate-meta-layouts":"set","ast-page-background-enabled":"default","ast-page-background-meta":{"desktop":{"background-color":"var(--ast-global-color-4)","background-image":"","background-repeat":"repeat","background-position":"center center","background-size":"auto","background-attachment":"scroll","background-type":"","background-media":"","overlay-type":"","overlay-color":"","overlay-opacity":"","overlay-gradient":""},"tablet":{"background-color":"","background-image":"","background-repeat":"repeat","background-position":"center center","background-size":"auto","background-attachment":"scroll","background-type":"","background-media":"","overlay-type":"","overlay-color":"","overlay-opacity":"","overlay-gradient":""},"mobile":{"background-color":"","background-image":"","background-repeat":"repeat","background-position":"center center","background-size":"auto","background-attachment":"scroll","background-type":"","background-media":"","overlay-type":"","overlay-color":"","overlay-opacity":"","overlay-gradient":""}},"ast-content-background-meta":{"desktop":{"background-color":"var(--ast-global-color-5)","background-image":"","background-repeat":"repeat","background-position":"center center","background-size":"auto","background-attachment":"scroll","background-type":"","background-media":"","overlay-type":"","overlay-color":"","overlay-opacity":"","overlay-gradient":""},"tablet":{"background-color":"var(--ast-global-color-5)","background-image":"","background-repeat":"repeat","background-position":"center center","background-size":"auto","background-attachment":"scroll","background-type":"","background-media":"","overlay-type":"","overlay-color":"","overlay-opacity":"","overlay-gradient":""},"mobile":{"background-color":"var(--ast-global-color-5)","background-image":"","background-repeat":"repeat","background-position":"center center","background-size":"auto","background-attachment":"scroll","background-type":"","background-media":"","overlay-type":"","overlay-color":"","overlay-opacity":"","overlay-gradient":""}},"_glsr_average":0,"_glsr_ranking":0,"_glsr_reviews":0},"product_brand":[1593],"product_cat":[235,208,242,447,204,449],"product_tag":[325,1355,1120],"class_list":{"0":"post-50731","1":"product","2":"type-product","3":"status-publish","4":"has-post-thumbnail","6":"product_brand-chanel","7":"product_cat-chanel","8":"product_cat-handtaschen","9":"product_cat-kleine-taschen","10":"product_cat-sale","11":"product_cat-umhaengetaschen","12":"product_cat-bald-wieder-da","13":"product_tag-chanel","14":"product_tag-chanel-boy","15":"product_tag-mothers-day","16":"desktop-align-left","17":"tablet-align-left","18":"mobile-align-left","19":"ast-product-gallery-layout-first-image-large","20":"ast-magnify-disabled","21":"ast-product-tabs-layout-accordion","23":"first","24":"outofstock","25":"sale","26":"sold-individually","27":"purchasable","28":"product-type-simple"},"spectra_custom_meta":{"_sku":["P4-0630-K"],"_regular_price":["2390"],"total_sales":["0"],"_tax_status":["none"],"_tax_class":[""],"_manage_stock":["yes"],"_backorders":["no"],"_sold_individually":["yes"],"_crosssell_ids":["a:1:{i:0;i:23129;}"],"_virtual":["no"],"_downloadable":["no"],"_product_image_gallery":["50764,50766,50756,50760,50762,50758,50752,50734,50748,50746,50768,50740,50738,50736,50750,50742,50744"],"_download_limit":["-1"],"_download_expiry":["-1"],"_thumbnail_id":["50754"],"_stock":["0"],"_stock_status":["outofstock"],"_wc_average_rating":[0],"_wc_review_count":["0"],"_product_attributes":["a:3:{s:8:\"pa_brand\";a:7:{s:4:\"name\";s:8:\"pa_brand\";s:5:\"value\";s:0:\"\";s:8:\"position\";i:1;s:10:\"is_visible\";i:0;s:12:\"is_variation\";i:1;s:11:\"is_taxonomy\";i:1;s:16:\"checkout_visible\";i:0;}s:8:\"pa_color\";a:7:{s:4:\"name\";s:8:\"pa_color\";s:5:\"value\";s:0:\"\";s:8:\"position\";i:2;s:10:\"is_visible\";i:0;s:12:\"is_variation\";i:1;s:11:\"is_taxonomy\";i:1;s:16:\"checkout_visible\";i:0;}s:9:\"pa_gender\";a:7:{s:4:\"name\";s:9:\"pa_gender\";s:5:\"value\";s:0:\"\";s:8:\"position\";i:3;s:10:\"is_visible\";i:0;s:12:\"is_variation\";i:1;s:11:\"is_taxonomy\";i:1;s:16:\"checkout_visible\";i:0;}}"],"_product_version":["9.9.5"],"_price":["1900"],"_wpml_media_featured":["1","1","1","1"],"_wpml_media_duplicate":["1","1","1","1"],"_wpml_word_count":["170"],"_wpml_location_migration_done":["1"],"_fusion":["a:3:{s:17:\"slider_visibility\";s:51:\"small-visibility,medium-visibility,large-visibility\";s:11:\"slider_type\";s:2:\"no\";s:9:\"wooslider\";s:1:\"0\";}"],"rank_math_seo_score":["68"],"rank_math_focus_keyword":["chanel"],"_purchase_price_field":["1673"],"_internal_warehouse_number_field":["2024-0630"],"_gdrive_field":["https:\/\/drive.google.com\/drive\/u\/1\/folders\/1Wb5KiTtaNDQ7gtlHlOfWPRd5jhTIyoE2"],"_unit":[""],"_unit_base":[""],"_unit_product":[""],"_unit_price_auto":["no"],"_unit_price_regular":[""],"_unit_price":[""],"_unit_price_sale":[""],"_sale_price_label":[""],"_sale_price_regular_label":[""],"_mini_desc":["Chanel Boy Small Paris-\u00c9dimbourg Tweed Bordeaux"],"_defect_description":[""],"_allergen_ids":["a:0:{}"],"_warranty_attachment_id":[""],"_min_age":[""],"_ts_gtin":[""],"_ts_mpn":[""],"_delivery_time_countries":["a:0:{}"],"_free_shipping":["no"],"_service":["no"],"_photovoltaic_system":["no"],"_used_good":["yes"],"_defective_copy":["no"],"_is_food":["no"],"_differential_taxation":["yes"],"_gzd_version":["3.19.12"],"_hs_code":[""],"_manufacture_country":["0"],"_rank_math_gtin_code":[""],"_fusion_google_fonts":[""],"fusion_builder_status":["active"],"rank_math_primary_product_cat":["0"],"_wcml_custom_prices_status":["0"],"avada_post_views_count":["50"],"avada_today_post_views_count":["3"],"avada_post_views_count_today_date":["12-04-2023"],"yikes_woo_products_tabs":["a:2:{i:0;a:3:{s:5:\"title\";s:21:\"Weitere Informationen\";s:2:\"id\";s:21:\"weitere-informationen\";s:7:\"content\";s:330:\"<strong>Material au\u00dfen: <\/strong>Tweed und Samt, Ruthenium Hardware, Schulterkette mit Leder\r\n<strong>Material innen: <\/strong>Textilinnenfutter\r\n<strong>Ma\u00dfe: <\/strong>(B) 20 \u00d7 (H) 12 \u00d7 (T) 7 cm\r\n<strong>Serie \/ Jahr: <\/strong>18XXXXXX \/ 2013-14\r\n<strong>Lieferumfang:<\/strong> Chanel Staubbeutel, Entrupy Echtheitszertifikat\";}i:1;a:3:{s:5:\"title\";s:7:\"Zustand\";s:2:\"id\";s:7:\"zustand\";s:7:\"content\";s:350:\"<strong>Gesamtzustand: <\/strong>Gut\r\n<strong>Tweed \/ Samt: <\/strong>Guter Zustand mit vereinzelt Ziehf\u00e4den, kleinen Abreibungen, Flecken\r\n<strong>Ecken: <\/strong>Besch\u00e4digungen vorhanden\r\n<strong>Verschluss: <\/strong>Schlie\u00dft gut\r\n<strong>Hardware: <\/strong>Mittlere Gebrauchsspuren\r\n<strong>Innenraum: <\/strong>Sauber mit leichten Gebrauchsspuren\";}}"],"_deposit_type":[""],"_nutrient_ids":["a:0:{}"],"_nutrient_reference_value":["100g"],"_ingredients":[""],"_nutri_score":[""],"_alcohol_content":[""],"_drained_weight":[""],"_net_filling_quantity":[""],"_food_distributor":[""],"_food_description":[""],"_food_place_of_origin":[""],"_deposit_quantity":[""],"site-sidebar-layout":["default"],"site-content-layout":["default"],"theme-transparent-header-meta":["default"],"stick-header-meta":["default"],"_default_delivery_time":[""],"_pys_conversion_label_settings":["a:3:{s:6:\"enable\";b:0;s:5:\"label\";s:0:\"\";s:2:\"id\";s:14:\"AW-11184563350\";}"],"_pys_super_pack_cpt_url":[""],"_pys_super_pack_cpt_condition":["only"],"_pys_super_pack_cpt_cart":["hidden"],"_woosea_brand":[""],"_woosea_mpn":[""],"_woosea_upc":[""],"_woosea_ean":[""],"_woosea_gtin":[""],"_woosea_color":[""],"_woosea_size":[""],"_woosea_gender":[""],"_woosea_material":[""],"_woosea_pattern":[""],"_woosea_optimized_title":[""],"_woosea_unit_pricing_measure":[""],"_woosea_unit_pricing_base_measure":[""],"_woosea_condition":[""],"_woosea_age_group":["adult"],"_woosea_installment_months":[""],"_woosea_installment_amount":[""],"_woosea_exclude_product":["no"],"_woosea_cost_of_good_sold":[""],"_woosea_multipack":[""],"_woosea_is_bundle":[""],"_woosea_energy_efficiency_class":[""],"_woosea_min_energy_efficiency_class":[""],"_woosea_max_energy_efficiency_class":[""],"_woosea_is_promotion":[""],"_woosea_custom_field_0":[""],"_woosea_custom_field_1":[""],"_woosea_custom_field_2":[""],"_woosea_custom_field_3":[""],"_woosea_custom_field_4":[""],"_pys_head_footer":["a:7:{s:14:\"disable_global\";b:0;s:8:\"head_any\";s:0:\"\";s:12:\"head_desktop\";s:0:\"\";s:11:\"head_mobile\";s:0:\"\";s:10:\"footer_any\";s:0:\"\";s:14:\"footer_desktop\";s:0:\"\";s:13:\"footer_mobile\";s:0:\"\";}"],"litespeed_vpi_list":["a:2:{i:0;s:8:\"logo.png\";i:1;s:60:\"Chanel-Woc-Caviar-schwarz-kette-2023-0082-scaled-500x500.jpg\";}"],"_customs_description":[""],"_wp_old_date":["2023-04-07","2023-06-01","2023-08-29","2024-02-02","2024-05-31","2024-12-12"],"_is_non_returnable":["no"],"_wpml_media_has_media":["1"],"ast-site-content-layout":["default"],"site-content-style":["default"],"site-sidebar-style":["default"],"litespeed_vpi_list_mobile":["a:2:{i:0;s:8:\"logo.png\";i:1;s:70:\"Chanel-Timeless-Flap-Bag-Small-Voderseite-2023-0339-scaled-500x500.jpg\";}"],"_internal_date_code":["18106806"],"_internal_product_origin":["Italien"],"rank_math_contentai_score":["a:4:{s:9:\"wordCount\";s:4:\"4.64\";s:9:\"linkCount\";s:1:\"0\";s:12:\"headingCount\";s:1:\"0\";s:10:\"mediaCount\";s:3:\"100\";}"],"_not_in_inventory_checkbox":["yes"],"_product_rating":["B"],"_custom_html_content":[""],"_wpml_post_translation_editor_native":["no"],"_customer_view":["2"],"_custom_view_last_updated":["2025-07-03 20:59:07"],"_shipping_length":[""],"_shipping_width":[""],"_shipping_height":[""],"_zettle_product_cat_id":[""],"_product_shipping_weight":["1kg"],"_product_available_from_field":["2024-12-13T19:00"],"_manufacturer_slug":[""],"_safety_instructions":[""],"_safety_attachment_ids":["a:0:{}"],"_nickx_video_text_url":["a:1:{i:0;s:0:\"\";}"],"_nickx_product_video_type":["a:1:{i:0;s:23:\"nickx_video_url_youtube\";}"],"_nickx_product_video_thumb_ids":["a:1:{i:0;s:0:\"\";}"],"_edit_lock":["1751882071:4"],"woocommerce_izettle_product_uuid":["b6a5c50a-b6f9-11ef-9c53-353536383939"],"woocommerce_izettle_variant_uuid":["c3a28122-b6df-11ef-bff0-353536383939"],"_izettle_updated":["1751619012"],"_edit_last":["4"],"_izettle_barcode":[""],"_izettle_nosync":[""],"_izettle_cost_price":[""],"_izettle_special_price":[""],"_izettle_product_name":[""],"_izettle_image_lookup_key":["3kyncy1cEe-udXp3qLWasA--bXpQkbBEfCqNR111dIaYQ"],"_izettle_product_etag":["C45811658FCE86DE65CD5EE61AB1FEB1"],"_sale_price":["1900"],"_product_reserve_till_field":[""],"_wireless_electronic_device":["no"],"_device_contains_power_supply":["no"],"_device_charging_supports_usb_pd":["no"],"_device_charging_watt_min":["0"],"_device_charging_watt_max":["0"],"rank_math_primary_product_brand":["1592"],"sib_push_meta_box_present":["1"],"sib_push_send_notification":["0"],"sib_push_target_segment_ids":["@ALL"],"_ame_cpe_post_policy":["{\"accessProtection\":{\"active\":\"replace\"}}"],"_wcml_average_rating":[null],"_wcml_review_count":[null],"_wcml_rating_count":[null],"sib_push_send_notification_delay_seconds":[null],"sib_push_target_tags":[null],"sib_push_target_brevo_segment_ids":[null],"sib_push_target_brevo_list_ids":[null],"sib_push_utm_source":[null],"sib_push_utm_medium":[null],"sib_push_utm_campaign":[null],"sib_push_utm_term":[null],"sib_push_utm_content":[null],"astra-migrate-meta-layouts":["set"],"copied_media_ids":["a:0:{}"],"referenced_media_ids":["a:18:{i:0;i:50754;i:1;i:50764;i:2;i:50766;i:3;i:50756;i:4;i:50760;i:5;i:50762;i:6;i:50758;i:7;i:50752;i:8;i:50734;i:9;i:50748;i:10;i:50746;i:11;i:50768;i:12;i:50740;i:13;i:50738;i:14;i:50736;i:15;i:50750;i:16;i:50742;i:17;i:50744;}"],"rank_math_analytic_object_id":["1208"],"_wc_rating_count":[""]},"uagb_featured_image_src":{"full":["https:\/\/ilovehandbags.com\/wp-content\/uploads\/sites\/3\/Chanel-Boy-Small-Tweed-Vorderseite-2024-0630-1-scaled.jpg",2560,1920,false],"thumbnail":["https:\/\/ilovehandbags.com\/wp-content\/uploads\/sites\/3\/Chanel-Boy-Small-Tweed-Vorderseite-2024-0630-1-scaled-150x150.jpg",150,150,true],"medium":["https:\/\/ilovehandbags.com\/wp-content\/uploads\/sites\/3\/Chanel-Boy-Small-Tweed-Vorderseite-2024-0630-1-scaled-300x300.jpg",300,300,true],"medium_large":["https:\/\/ilovehandbags.com\/wp-content\/uploads\/sites\/3\/Chanel-Boy-Small-Tweed-Vorderseite-2024-0630-1-scaled-768x768.jpg",768,768,true],"large":["https:\/\/ilovehandbags.com\/wp-content\/uploads\/sites\/3\/Chanel-Boy-Small-Tweed-Vorderseite-2024-0630-1-scaled-1024x1024.jpg",1024,1024,true],"1536x1536":["https:\/\/ilovehandbags.com\/wp-content\/uploads\/sites\/3\/Chanel-Boy-Small-Tweed-Vorderseite-2024-0630-1-scaled.jpg",1536,1152,false],"2048x2048":["https:\/\/ilovehandbags.com\/wp-content\/uploads\/sites\/3\/Chanel-Boy-Small-Tweed-Vorderseite-2024-0630-1-scaled.jpg",2048,1536,false],"woocommerce_thumbnail":["https:\/\/ilovehandbags.com\/wp-content\/uploads\/sites\/3\/Chanel-Boy-Small-Tweed-Vorderseite-2024-0630-1-scaled-500x500.jpg",500,500,true],"woocommerce_single":["https:\/\/ilovehandbags.com\/wp-content\/uploads\/sites\/3\/Chanel-Boy-Small-Tweed-Vorderseite-2024-0630-1-scaled-500x500.jpg",500,500,true],"woocommerce_gallery_thumbnail":["https:\/\/ilovehandbags.com\/wp-content\/uploads\/sites\/3\/Chanel-Boy-Small-Tweed-Vorderseite-2024-0630-1-scaled-100x100.jpg",100,100,true]},"uagb_author_info":{"display_name":"ILoveHandbags","author_link":"https:\/\/ilovehandbags.com\/de\/author\/"},"uagb_comment_info":0,"uagb_excerpt":"Die Chanel Boy Small Paris-\u00c9dimbourg Bordeaux Tweed und Samt ist ein echtes Meisterwerk der Luxusmode, das Tradition mit modernem Chic vereint. Diese exquisite Handtasche aus der limitierten Paris-\u00c9dimbourg Kollektion besticht durch ihren raffinierten Materialmix aus Bordeaux-Tweed und weichem Samt, der der Tasche eine edle Textur und tiefe Farbnuancen verleiht. Die rutheniumfarbene Hardware setzt einen stilvollen&hellip;","_links":{"self":[{"href":"https:\/\/ilovehandbags.com\/de\/wp-json\/wp\/v2\/product\/50731","targetHints":{"allow":["GET"]}}],"collection":[{"href":"https:\/\/ilovehandbags.com\/de\/wp-json\/wp\/v2\/product"}],"about":[{"href":"https:\/\/ilovehandbags.com\/de\/wp-json\/wp\/v2\/types\/product"}],"wp:featuredmedia":[{"embeddable":true,"href":"https:\/\/ilovehandbags.com\/de\/wp-json\/wp\/v2\/media\/50754"}],"wp:attachment":[{"href":"https:\/\/ilovehandbags.com\/de\/wp-json\/wp\/v2\/media?parent=50731"}],"wp:term":[{"taxonomy":"product_brand","embeddable":true,"href":"https:\/\/ilovehandbags.com\/de\/wp-json\/wp\/v2\/product_brand?post=50731"},{"taxonomy":"product_cat","embeddable":true,"href":"https:\/\/ilovehandbags.com\/de\/wp-json\/wp\/v2\/product_cat?post=50731"},{"taxonomy":"product_tag","embeddable":true,"href":"https:\/\/ilovehandbags.com\/de\/wp-json\/wp\/v2\/product_tag?post=50731"}],"curies":[{"name":"wp","href":"https:\/\/api.w.org\/{rel}","templated":true}]}}