{"id":51405,"date":"2024-12-30T12:33:15","date_gmt":"2024-12-30T11:33:15","guid":{"rendered":"https:\/\/ilovehandbags.com\/?post_type=product&#038;p=51405"},"modified":"2025-09-02T10:40:48","modified_gmt":"2025-09-02T08:40:48","slug":"louis-vuitton-multi-pochette-accessoires-wild-at-heart","status":"publish","type":"product","link":"https:\/\/ilovehandbags.com\/de\/louis-vuitton-multi-pochette-accessoires-wild-at-heart\/","title":{"rendered":"Louis Vuitton Multi Pochette Accessoires Wild at Heart Empreinte"},"content":{"rendered":"","protected":false},"excerpt":{"rendered":"<p>Die Louis Vuitton Multi Pochette Accessoires aus der Wild at Heart Kollektion ist ein elegantes und gleichzeitig funktionales Accessoire, das durch das schwarze Monogram Empreinte Leder mit Leo-Print besticht. Das luxuri\u00f6se, genarbte Leder verleiht der Tasche nicht nur einen edlen Look, sondern sorgt auch f\u00fcr Haltbarkeit und eine angenehme Haptik. Mit ihrem durchdachten Design bietet die Multi Pochette ausreichend Platz f\u00fcr deine Essentials wie Geldb\u00f6rse, Smartphone und Schl\u00fcssel. Die separaten Taschen lassen sich sowohl zusammen als auch einzeln tragen und bieten so vielseitige Tragem\u00f6glichkeiten. Der abnehmbare Schulterriemen erm\u00f6glicht es, die Tasche bequem \u00fcber der Schulter oder crossbody zu tragen. Ob beim Shoppen, einem Dinner oder besonderen Anl\u00e4ssen \u2013 die Louis Vuitton Multi Pochette Accessoires Wild at Heart verbindet eleganten Stil mit praktischer Funktionalit\u00e4t und wird garantiert zum Statement-Accessoire.<\/p>\n","protected":false},"featured_media":51513,"template":"","meta":{"_uag_custom_page_level_css":"","site-sidebar-layout":"default","site-content-layout":"default","ast-site-content-layout":"default","site-content-style":"default","site-sidebar-style":"default","ast-global-header-display":"","ast-banner-title-visibility":"","ast-main-header-display":"","ast-hfb-above-header-display":"","ast-hfb-below-header-display":"","ast-hfb-mobile-header-display":"","site-post-title":"","ast-breadcrumbs-content":"","ast-featured-img":"","footer-sml-layout":"","ast-disable-related-posts":"","theme-transparent-header-meta":"default","adv-header-id-meta":"","stick-header-meta":"default","header-above-stick-meta":"","header-main-stick-meta":"","header-below-stick-meta":"","astra-migrate-meta-layouts":"set","ast-page-background-enabled":"default","ast-page-background-meta":{"desktop":{"background-color":"var(--ast-global-color-4)","background-image":"","background-repeat":"repeat","background-position":"center center","background-size":"auto","background-attachment":"scroll","background-type":"","background-media":"","overlay-type":"","overlay-color":"","overlay-opacity":"","overlay-gradient":""},"tablet":{"background-color":"","background-image":"","background-repeat":"repeat","background-position":"center center","background-size":"auto","background-attachment":"scroll","background-type":"","background-media":"","overlay-type":"","overlay-color":"","overlay-opacity":"","overlay-gradient":""},"mobile":{"background-color":"","background-image":"","background-repeat":"repeat","background-position":"center center","background-size":"auto","background-attachment":"scroll","background-type":"","background-media":"","overlay-type":"","overlay-color":"","overlay-opacity":"","overlay-gradient":""}},"ast-content-background-meta":{"desktop":{"background-color":"var(--ast-global-color-5)","background-image":"","background-repeat":"repeat","background-position":"center center","background-size":"auto","background-attachment":"scroll","background-type":"","background-media":"","overlay-type":"","overlay-color":"","overlay-opacity":"","overlay-gradient":""},"tablet":{"background-color":"var(--ast-global-color-5)","background-image":"","background-repeat":"repeat","background-position":"center center","background-size":"auto","background-attachment":"scroll","background-type":"","background-media":"","overlay-type":"","overlay-color":"","overlay-opacity":"","overlay-gradient":""},"mobile":{"background-color":"var(--ast-global-color-5)","background-image":"","background-repeat":"repeat","background-position":"center center","background-size":"auto","background-attachment":"scroll","background-type":"","background-media":"","overlay-type":"","overlay-color":"","overlay-opacity":"","overlay-gradient":""}},"_glsr_average":0,"_glsr_ranking":0,"_glsr_reviews":0},"product_brand":[],"product_cat":[208,242,239,449],"product_tag":[214,454,1387,265,1386],"class_list":{"0":"post-51405","1":"product","2":"type-product","3":"status-publish","4":"has-post-thumbnail","6":"product_cat-handtaschen","7":"product_cat-kleine-taschen","8":"product_cat-louis-vuitton","9":"product_cat-bald-wieder-da","10":"product_tag-louis-vuitton","11":"product_tag-louis-vuitton-multi-pochette-accessoires","12":"product_tag-louis-vuitton-multi-pochette-accessoires-wild-at-heart","13":"product_tag-louis-vuitton-pochette-accessoires","14":"product_tag-louis-vuitton-wild-at-heart","15":"desktop-align-left","16":"tablet-align-left","17":"mobile-align-left","18":"ast-product-gallery-layout-first-image-large","19":"ast-magnify-disabled","20":"ast-product-tabs-layout-accordion","22":"first","23":"outofstock","24":"sold-individually","25":"purchasable","26":"product-type-simple"},"spectra_custom_meta":{"_sku":["P4-0656"],"_regular_price":["1890"],"total_sales":["1"],"_tax_status":["none"],"_tax_class":[""],"_manage_stock":["yes"],"_backorders":["no"],"_sold_individually":["yes"],"_virtual":["no"],"_downloadable":["no"],"_download_limit":["-1"],"_download_expiry":["-1"],"_thumbnail_id":["51513"],"_stock":["0"],"_stock_status":["outofstock"],"_wc_average_rating":[0],"_wc_review_count":["0"],"_product_attributes":["a:3:{s:8:\"pa_brand\";a:7:{s:4:\"name\";s:8:\"pa_brand\";s:5:\"value\";s:0:\"\";s:8:\"position\";i:1;s:10:\"is_visible\";i:0;s:12:\"is_variation\";i:0;s:11:\"is_taxonomy\";i:1;s:16:\"checkout_visible\";i:0;}s:8:\"pa_color\";a:7:{s:4:\"name\";s:8:\"pa_color\";s:5:\"value\";s:0:\"\";s:8:\"position\";i:2;s:10:\"is_visible\";i:0;s:12:\"is_variation\";i:0;s:11:\"is_taxonomy\";i:1;s:16:\"checkout_visible\";i:0;}s:9:\"pa_gender\";a:7:{s:4:\"name\";s:9:\"pa_gender\";s:5:\"value\";s:0:\"\";s:8:\"position\";i:3;s:10:\"is_visible\";i:0;s:12:\"is_variation\";i:0;s:11:\"is_taxonomy\";i:1;s:16:\"checkout_visible\";i:0;}}"],"_product_version":["10.1.2"],"_price":["1890"],"_wpml_media_featured":["1","1","1","1","1","1","1","1"],"_wpml_media_duplicate":["1","1","1","1","1","1","1","1"],"_wpml_word_count":["174"],"_wpml_location_migration_done":["1"],"_fusion":["a:3:{s:17:\"slider_visibility\";s:51:\"small-visibility,medium-visibility,large-visibility\";s:11:\"slider_type\";s:2:\"no\";s:9:\"wooslider\";s:1:\"0\";}"],"rank_math_seo_score":["64"],"rank_math_focus_keyword":["louis vuitton"],"_purchase_price_field":["1400"],"_internal_warehouse_number_field":["2024-0656"],"_gdrive_field":["https:\/\/drive.google.com\/drive\/u\/1\/folders\/1WK6XS4BCLSwaI1pVEOGY2SlOd6aNyeGM"],"_unit":[""],"_unit_base":[""],"_unit_product":[""],"_unit_price_auto":["no"],"_unit_price_regular":[""],"_unit_price":[""],"_unit_price_sale":[""],"_sale_price_label":[""],"_sale_price_regular_label":[""],"_mini_desc":["Louis Vuitton Multi Pochette Accessoires Wild at Heart Empreinte"],"_defect_description":[""],"_allergen_ids":["a:0:{}"],"_warranty_attachment_id":[""],"_min_age":[""],"_ts_gtin":[""],"_ts_mpn":[""],"_delivery_time_countries":["a:0:{}"],"_free_shipping":["no"],"_service":["no"],"_photovoltaic_system":["no"],"_used_good":["yes"],"_defective_copy":["no"],"_is_food":["no"],"_differential_taxation":["yes"],"_gzd_version":["3.20.1"],"_hs_code":[""],"_manufacture_country":["0"],"_rank_math_gtin_code":["M80399"],"_fusion_google_fonts":[""],"fusion_builder_status":["active"],"rank_math_primary_product_cat":["0"],"_wcml_custom_prices_status":["0"],"avada_post_views_count":["13"],"avada_today_post_views_count":["2"],"avada_post_views_count_today_date":["14-04-2023"],"_deposit_type":[""],"_nutrient_ids":["a:0:{}"],"_nutrient_reference_value":["100g"],"_ingredients":[""],"_nutri_score":[""],"_alcohol_content":[""],"_drained_weight":[""],"_net_filling_quantity":[""],"_food_distributor":[""],"_food_description":[""],"_food_place_of_origin":[""],"_deposit_quantity":[""],"yikes_woo_products_tabs":["a:2:{i:0;a:3:{s:5:\"title\";s:21:\"Weitere Informationen\";s:2:\"id\";s:21:\"weitere-informationen\";s:7:\"content\";s:591:\"<strong>Material au\u00dfen: <\/strong>Gepr\u00e4gtes, genarbtes Rindsleder\r\n<strong>Material innen: <\/strong>Schwarzer Textilstoff\r\n<strong>Material Schulterriemen:<\/strong> Rindsleder\r\n<strong>Ma\u00dfe gro\u00dfe Pochette: <\/strong>(L) 25 x (H) 14,5 x (T) 4,5 cm\r\n<strong>Ma\u00dfe kleine Pochette:<\/strong> (L) 20 x (H) 12,5 x (T) 4 cm\r\n<strong>L\u00e4nge des verstellbaren Schulterriemens:<\/strong> 59 bis 98 cm\r\n<strong>L\u00e4nge der abnehmbaren Kette:<\/strong> 60 cm\r\n<strong>Lieferumfang:<\/strong> Louis Vuitton Staubbeutel, Box, Kopie der Kaufrechnung mit geschw\u00e4rzten Daten und 2 Entrupy Echtheitszertifikate\";}i:1;a:3:{s:5:\"title\";s:7:\"Zustand\";s:2:\"id\";s:7:\"zustand\";s:7:\"content\";s:293:\"<strong>Gesamtzustand:\u00a0 <\/strong>Sehr gut\r\n<strong>Leder: <\/strong>Leichte Gebrauchsspuren\r\n<strong>Rei\u00dfverschl\u00fcsse <\/strong>Schlie\u00dfen fl\u00fcssig\r\n<strong>Hardware:<\/strong> Leichte Gebrauchsspuren\r\n<strong>Schulterriemen: <\/strong>Leichte Gebrauchsspuren\r\n<strong>Innenraum: <\/strong>Sauber\";}}"],"site-sidebar-layout":["default"],"site-content-layout":["default"],"theme-transparent-header-meta":["default"],"stick-header-meta":["default"],"_wp_old_date":["2023-04-14","2023-05-08","2023-05-15","2023-06-23","2023-07-31","2023-08-18","2023-08-16","2023-08-21","2023-08-31","2023-09-14","2023-11-15","2023-11-18","2024-12-29","2025-01-03"],"_pys_conversion_label_settings":["a:3:{s:6:\"enable\";b:0;s:5:\"label\";s:0:\"\";s:2:\"id\";s:14:\"AW-11184563350\";}"],"_pys_super_pack_cpt_url":[""],"_pys_super_pack_cpt_condition":["only"],"_pys_super_pack_cpt_cart":["hidden"],"_pys_head_footer":["a:7:{s:14:\"disable_global\";b:0;s:8:\"head_any\";s:0:\"\";s:12:\"head_desktop\";s:0:\"\";s:11:\"head_mobile\";s:0:\"\";s:10:\"footer_any\";s:0:\"\";s:14:\"footer_desktop\";s:0:\"\";s:13:\"footer_mobile\";s:0:\"\";}"],"_borlabs-cookie-custom-code":[""],"_woosea_brand":[""],"_woosea_mpn":[""],"_woosea_upc":[""],"_woosea_ean":[""],"_woosea_gtin":[""],"_woosea_color":[""],"_woosea_size":[""],"_woosea_gender":[""],"_woosea_material":[""],"_woosea_pattern":[""],"_woosea_optimized_title":[""],"_woosea_unit_pricing_measure":[""],"_woosea_unit_pricing_base_measure":[""],"_woosea_condition":[""],"_woosea_age_group":["adult"],"_woosea_installment_months":[""],"_woosea_installment_amount":[""],"_woosea_exclude_product":["no"],"_woosea_cost_of_good_sold":[""],"_woosea_multipack":[""],"_woosea_is_bundle":[""],"_woosea_energy_efficiency_class":[""],"_woosea_min_energy_efficiency_class":[""],"_woosea_max_energy_efficiency_class":[""],"_woosea_is_promotion":[""],"_woosea_custom_field_0":[""],"_woosea_custom_field_1":[""],"_woosea_custom_field_2":[""],"_woosea_custom_field_3":[""],"_woosea_custom_field_4":[""],"_customs_description":[""],"_is_non_returnable":["no"],"ast-site-content-layout":["default"],"site-content-style":["default"],"site-sidebar-style":["default"],"litespeed_vpi_list_mobile":["a:2:{i:0;s:8:\"logo.png\";i:1;s:86:\"Louis-Vuitton-Multi-Pochette-Accessoires-Khaki-komplett-3-2023-0322-scaled-500x500.jpg\";}"],"litespeed_vpi_list":["a:4:{i:0;s:8:\"logo.png\";i:1;s:6:\"de.png\";i:2;s:86:\"Louis-Vuitton-Multi-Pochette-Accessoires-Khaki-komplett-3-2023-0322-scaled-500x500.jpg\";i:3;s:35:\"three-o-clock-clock-svgrepo-com.svg\";}"],"_internal_date_code":["RFID Chip"],"_internal_product_origin":["Frankreich"],"_product_rating":["A"],"rank_math_robots":["a:1:{i:0;s:5:\"index\";}"],"_custom_html_content":[""],"_product_shipping_weight":["1kg"],"_not_in_inventory_checkbox":[""],"_manufacturer_slug":[""],"_safety_attachment_ids":["a:0:{}"],"_zettle_product_cat_id":[""],"_shipping_length":[""],"_shipping_width":[""],"_shipping_height":[""],"_nickx_video_text_url":["a:1:{i:0;s:0:\"\";}"],"_nickx_product_video_type":["a:1:{i:0;s:23:\"nickx_video_url_youtube\";}"],"_nickx_product_video_thumb_ids":["a:1:{i:0;s:0:\"\";}"],"_customer_view":["16"],"_custom_view_last_updated":["2025-01-13 09:12:08"],"_wpml_post_translation_editor_native":["no"],"_edit_lock":["1756802330:4"],"_edit_last":["4"],"_product_available_from_field":["2025-01-03T19:00"],"_safety_instructions":[""],"_izettle_barcode":[""],"_izettle_nosync":[""],"_izettle_cost_price":[""],"_izettle_special_price":[""],"_izettle_product_name":[""],"_product_reserve_till_field":[""],"woocommerce_izettle_product_uuid":["f893eaac-c6a1-11ef-ada5-353536383939"],"woocommerce_izettle_variant_uuid":["fb7c55b0-c5e3-11ef-9dca-353536383939"],"_izettle_updated":["1736543230"],"_wp_old_slug":["louis-vuitton-multi-pochette-accessoires-wild-at-heart-empreinte"],"_wpml_media_has_media":["1"],"_product_image_gallery":["51515,51471,51469,51467,51511,52086,51509,52088,52084,51505,52090,52092,51495,51493,51491,51489,51483,51487,51481,51485,51479,51477,51475,51473"],"_izettle_image_lookup_key":["3kyncy1cEe-udXp3qLWasA--I8xpsahEe-p_P7nMLV4Vg"],"copied_media_ids":["a:0:{}"],"referenced_media_ids":["a:25:{i:0;i:51513;i:1;i:51515;i:2;i:51471;i:3;i:51469;i:4;i:51467;i:5;i:51511;i:6;i:52086;i:7;i:51509;i:8;i:52088;i:9;i:52084;i:10;i:51505;i:11;i:52090;i:12;i:52092;i:13;i:51495;i:14;i:51493;i:15;i:51491;i:16;i:51489;i:17;i:51483;i:18;i:51487;i:19;i:51481;i:20;i:51485;i:21;i:51479;i:22;i:51477;i:23;i:51475;i:24;i:51473;}"],"sib_push_meta_box_present":["1"],"sib_push_send_notification":["0"],"sib_push_target_segment_ids":["@ALL"],"_zettle_barcode":[""],"_wireless_electronic_device":["no"],"_device_contains_power_supply":["no"],"_device_charging_supports_usb_pd":["no"],"_device_charging_watt_min":[""],"_device_charging_watt_max":[""],"_wcml_average_rating":[null],"_wcml_review_count":[null],"_wcml_rating_count":[null],"rank_math_primary_product_brand":["0"],"_ame_cpe_post_policy":["{\"accessProtection\":{\"active\":\"replace\"}}"],"astra-migrate-meta-layouts":["set"],"rank_math_analytic_object_id":["1169"],"_uag_page_assets":["a:9:{s:3:\"css\";s:0:\"\";s:2:\"js\";s:0:\"\";s:18:\"current_block_list\";a:6:{i:0;s:26:\"woocommerce\/filter-wrapper\";i:1;s:24:\"woocommerce\/price-filter\";i:2;s:30:\"woocommerce\/product-categories\";i:3;s:14:\"core\/paragraph\";i:4;s:14:\"core\/shortcode\";i:5;s:11:\"core\/search\";}s:8:\"uag_flag\";b:0;s:11:\"uag_version\";s:10:\"1775460481\";s:6:\"gfonts\";a:0:{}s:10:\"gfonts_url\";s:0:\"\";s:12:\"gfonts_files\";a:0:{}s:14:\"uag_faq_layout\";b:0;}"],"_wc_rating_count":[""]},"uagb_featured_image_src":{"full":["https:\/\/ilovehandbags.com\/wp-content\/uploads\/sites\/3\/Louis-Vuitton-Multi-Pochette-Accessoires-Wild-at-Heart-Titelbild-2024-0656-scaled.jpg",1920,2560,false],"thumbnail":["https:\/\/ilovehandbags.com\/wp-content\/uploads\/sites\/3\/Louis-Vuitton-Multi-Pochette-Accessoires-Wild-at-Heart-Titelbild-2024-0656-scaled-150x150.jpg",150,150,true],"medium":["https:\/\/ilovehandbags.com\/wp-content\/uploads\/sites\/3\/Louis-Vuitton-Multi-Pochette-Accessoires-Wild-at-Heart-Titelbild-2024-0656-scaled-300x300.jpg",300,300,true],"medium_large":["https:\/\/ilovehandbags.com\/wp-content\/uploads\/sites\/3\/Louis-Vuitton-Multi-Pochette-Accessoires-Wild-at-Heart-Titelbild-2024-0656-scaled-768x768.jpg",768,768,true],"large":["https:\/\/ilovehandbags.com\/wp-content\/uploads\/sites\/3\/Louis-Vuitton-Multi-Pochette-Accessoires-Wild-at-Heart-Titelbild-2024-0656-scaled-1024x1024.jpg",1024,1024,true],"1536x1536":["https:\/\/ilovehandbags.com\/wp-content\/uploads\/sites\/3\/Louis-Vuitton-Multi-Pochette-Accessoires-Wild-at-Heart-Titelbild-2024-0656-scaled.jpg",1152,1536,false],"2048x2048":["https:\/\/ilovehandbags.com\/wp-content\/uploads\/sites\/3\/Louis-Vuitton-Multi-Pochette-Accessoires-Wild-at-Heart-Titelbild-2024-0656-scaled.jpg",1536,2048,false],"woocommerce_thumbnail":["https:\/\/ilovehandbags.com\/wp-content\/uploads\/sites\/3\/Louis-Vuitton-Multi-Pochette-Accessoires-Wild-at-Heart-Titelbild-2024-0656-scaled-500x500.jpg",500,500,true],"woocommerce_single":["https:\/\/ilovehandbags.com\/wp-content\/uploads\/sites\/3\/Louis-Vuitton-Multi-Pochette-Accessoires-Wild-at-Heart-Titelbild-2024-0656-scaled-500x500.jpg",500,500,true],"woocommerce_gallery_thumbnail":["https:\/\/ilovehandbags.com\/wp-content\/uploads\/sites\/3\/Louis-Vuitton-Multi-Pochette-Accessoires-Wild-at-Heart-Titelbild-2024-0656-scaled-100x100.jpg",100,100,true]},"uagb_author_info":{"display_name":"ILoveHandbags","author_link":"https:\/\/ilovehandbags.com\/de\/author\/"},"uagb_comment_info":0,"uagb_excerpt":"Die Louis Vuitton Multi Pochette Accessoires aus der Wild at Heart Kollektion ist ein elegantes und gleichzeitig funktionales Accessoire, das durch das schwarze Monogram Empreinte Leder mit Leo-Print besticht. Das luxuri\u00f6se, genarbte Leder verleiht der Tasche nicht nur einen edlen Look, sondern sorgt auch f\u00fcr Haltbarkeit und eine angenehme Haptik. Mit ihrem durchdachten Design bietet&hellip;","_links":{"self":[{"href":"https:\/\/ilovehandbags.com\/de\/wp-json\/wp\/v2\/product\/51405","targetHints":{"allow":["GET"]}}],"collection":[{"href":"https:\/\/ilovehandbags.com\/de\/wp-json\/wp\/v2\/product"}],"about":[{"href":"https:\/\/ilovehandbags.com\/de\/wp-json\/wp\/v2\/types\/product"}],"wp:featuredmedia":[{"embeddable":true,"href":"https:\/\/ilovehandbags.com\/de\/wp-json\/wp\/v2\/media\/51513"}],"wp:attachment":[{"href":"https:\/\/ilovehandbags.com\/de\/wp-json\/wp\/v2\/media?parent=51405"}],"wp:term":[{"taxonomy":"product_brand","embeddable":true,"href":"https:\/\/ilovehandbags.com\/de\/wp-json\/wp\/v2\/product_brand?post=51405"},{"taxonomy":"product_cat","embeddable":true,"href":"https:\/\/ilovehandbags.com\/de\/wp-json\/wp\/v2\/product_cat?post=51405"},{"taxonomy":"product_tag","embeddable":true,"href":"https:\/\/ilovehandbags.com\/de\/wp-json\/wp\/v2\/product_tag?post=51405"}],"curies":[{"name":"wp","href":"https:\/\/api.w.org\/{rel}","templated":true}]}}