{"id":53026,"date":"2025-01-22T12:32:04","date_gmt":"2025-01-22T11:32:04","guid":{"rendered":"https:\/\/ilovehandbags.com\/?post_type=product&#038;p=53026"},"modified":"2026-03-17T22:04:32","modified_gmt":"2026-03-17T21:04:32","slug":"leder-schulterriemen-schmal-hellbraun","status":"publish","type":"product","link":"https:\/\/ilovehandbags.com\/de\/leder-schulterriemen-schmal-hellbraun\/","title":{"rendered":"Leder Schulterriemen Schmal Hellbraun"},"content":{"rendered":"","protected":false},"excerpt":{"rendered":"<p data-start=\"1008\" data-end=\"1319\">Mit diesem eleganten, schmalen <strong>Schulterriemen von I Love Handbags<\/strong> verleihst du deiner Tasche einen stilvollen und zugleich praktischen Touch. Der Riemen ist l\u00e4ngenverstellbar und bietet dir maximale Flexibilit\u00e4t \u2013 er l\u00e4sst sich sowohl \u00fcber der Schulter als auch crossbody tragen. Er wurde so gestaltet, dass er kompatibel mit kleineren Taschenmodellen ist \u2013 etwa mit der Louis Vuitton Pochette Accessoires, Favorite, Ivy und weiteren \u00e4hnlichen Formaten. Der Riemen besteht aus eingef\u00e4rbtem und beschichtetem Rindsleder und harmoniert besonders sch\u00f6n mit Taschen, deren Leder bereits eine leichte Patina entwickelt hat. <strong>Diesen Riemen gibt es in zwei Farbvarianten:<\/strong> in der eingef\u00e4rbten Ausf\u00fchrung wie hier beschrieben und aus unbehandeltem Vachetta-Leder (<a href=\"https:\/\/ilovehandbags.com\/de\/leder-vachetta-schulterriemen-schmal\/\">Artikelnummer P4-0577<\/a>), ideal f\u00fcr Taschen ohne und mit nur leichter Patina.<br \/>\n<strong style=\"font-size: 16px;\" data-start=\"1860\" data-end=\"1872\">Hinweis:<\/strong><span style=\"font-size: 16px;\"> Dieses Produkt stammt <\/span><span style=\"font-size: 16px;\">nicht von Louis Vuitton<\/span><span style=\"font-size: 16px;\"> und ist <\/span><span style=\"font-size: 16px;\">kein Originalzubeh\u00f6r<\/span><span style=\"font-size: 16px;\"> der Marke. Es handelt sich um ein hochwertiges, handgefertigtes Produkt von I Love Handbags.<\/span><\/p>\n","protected":false},"featured_media":53032,"template":"","meta":{"_uag_custom_page_level_css":"","site-sidebar-layout":"default","site-content-layout":"default","ast-site-content-layout":"default","site-content-style":"default","site-sidebar-style":"default","ast-global-header-display":"","ast-banner-title-visibility":"","ast-main-header-display":"","ast-hfb-above-header-display":"","ast-hfb-below-header-display":"","ast-hfb-mobile-header-display":"","site-post-title":"","ast-breadcrumbs-content":"","ast-featured-img":"","footer-sml-layout":"","ast-disable-related-posts":"","theme-transparent-header-meta":"default","adv-header-id-meta":"","stick-header-meta":"default","header-above-stick-meta":"","header-main-stick-meta":"","header-below-stick-meta":"","astra-migrate-meta-layouts":"set","ast-page-background-enabled":"default","ast-page-background-meta":{"desktop":{"background-color":"var(--ast-global-color-4)","background-image":"","background-repeat":"repeat","background-position":"center center","background-size":"auto","background-attachment":"scroll","background-type":"","background-media":"","overlay-type":"","overlay-color":"","overlay-opacity":"","overlay-gradient":""},"tablet":{"background-color":"","background-image":"","background-repeat":"repeat","background-position":"center center","background-size":"auto","background-attachment":"scroll","background-type":"","background-media":"","overlay-type":"","overlay-color":"","overlay-opacity":"","overlay-gradient":""},"mobile":{"background-color":"","background-image":"","background-repeat":"repeat","background-position":"center center","background-size":"auto","background-attachment":"scroll","background-type":"","background-media":"","overlay-type":"","overlay-color":"","overlay-opacity":"","overlay-gradient":""}},"ast-content-background-meta":{"desktop":{"background-color":"var(--ast-global-color-5)","background-image":"","background-repeat":"repeat","background-position":"center center","background-size":"auto","background-attachment":"scroll","background-type":"","background-media":"","overlay-type":"","overlay-color":"","overlay-opacity":"","overlay-gradient":""},"tablet":{"background-color":"var(--ast-global-color-5)","background-image":"","background-repeat":"repeat","background-position":"center center","background-size":"auto","background-attachment":"scroll","background-type":"","background-media":"","overlay-type":"","overlay-color":"","overlay-opacity":"","overlay-gradient":""},"mobile":{"background-color":"var(--ast-global-color-5)","background-image":"","background-repeat":"repeat","background-position":"center center","background-size":"auto","background-attachment":"scroll","background-type":"","background-media":"","overlay-type":"","overlay-color":"","overlay-opacity":"","overlay-gradient":""}},"_glsr_average":0,"_glsr_ranking":0,"_glsr_reviews":0},"product_brand":[],"product_cat":[236,449],"product_tag":[1061,218,1224,1007,1004,1222],"class_list":{"0":"post-53026","1":"product","2":"type-product","3":"status-publish","4":"has-post-thumbnail","6":"product_cat-schulterriemen","7":"product_cat-bald-wieder-da","8":"product_tag-leder-schulterriemen","9":"product_tag-schulterriemen","10":"product_tag-schulterriemen-louis-vuitton","11":"product_tag-vachetta-riemen-louis-vuitton-pochette-accessoires","12":"product_tag-vachetta-riemen-pochette-accessoires","13":"product_tag-vachetta-schulterriemen","14":"product_shipping_class-warenpost","15":"desktop-align-left","16":"tablet-align-left","17":"mobile-align-left","18":"ast-product-gallery-layout-first-image-large","19":"ast-magnify-disabled","20":"ast-product-tabs-layout-accordion","22":"first","23":"outofstock","24":"taxable","25":"shipping-taxable","26":"purchasable","27":"product-type-simple"},"spectra_custom_meta":{"_sku":["P4-0687"],"_regular_price":["59"],"total_sales":["15"],"_tax_status":["taxable"],"_tax_class":[""],"_manage_stock":["yes"],"_backorders":["no"],"_sold_individually":["no"],"_virtual":["no"],"_downloadable":["no"],"_product_image_gallery":["53030,53028"],"_download_limit":["-1"],"_download_expiry":["-1"],"_thumbnail_id":["53032"],"_stock":["0"],"_stock_status":["outofstock"],"_wc_average_rating":[0],"_wc_review_count":["0"],"_product_attributes":["a:3:{s:9:\"pa_gender\";a:7:{s:4:\"name\";s:9:\"pa_gender\";s:5:\"value\";s:0:\"\";s:8:\"position\";i:0;s:10:\"is_visible\";i:0;s:12:\"is_variation\";i:0;s:11:\"is_taxonomy\";i:1;s:16:\"checkout_visible\";i:0;}s:8:\"pa_color\";a:7:{s:4:\"name\";s:8:\"pa_color\";s:5:\"value\";s:0:\"\";s:8:\"position\";i:1;s:10:\"is_visible\";i:0;s:12:\"is_variation\";i:0;s:11:\"is_taxonomy\";i:1;s:16:\"checkout_visible\";i:0;}s:8:\"pa_brand\";a:7:{s:4:\"name\";s:8:\"pa_brand\";s:5:\"value\";s:0:\"\";s:8:\"position\";i:2;s:10:\"is_visible\";i:0;s:12:\"is_variation\";i:0;s:11:\"is_taxonomy\";i:1;s:16:\"checkout_visible\";i:0;}}"],"_product_version":["10.6.1"],"_price":["59"],"_wpml_media_featured":["1","1"],"_wpml_media_duplicate":["1","1"],"_wpml_word_count":["182"],"_wpml_location_migration_done":["1"],"rank_math_seo_score":["75"],"rank_math_focus_keyword":["Schulterriemen,Vachetta Schulterriemen,Leder Schulterriemen"],"_purchase_price_field":["10,99"],"_internal_warehouse_number_field":["2024-0577"],"_gdrive_field":["https:\/\/drive.google.com\/drive\/u\/1\/folders\/1ctcXWQO83Qyzho12T-ipKR_Nn9Nx28lq"],"_unit":["stueck"],"_unit_base":[""],"_unit_product":[""],"_unit_price_auto":["no"],"_unit_price_regular":[""],"_unit_price":[""],"_unit_price_sale":[""],"_sale_price_label":["mwst"],"_sale_price_regular_label":["mwst"],"_mini_desc":["Leder Schulterriemen Schmal Hellbraun"],"_defect_description":[""],"_allergen_ids":["a:0:{}"],"_warranty_attachment_id":[""],"_min_age":[""],"_ts_gtin":[""],"_ts_mpn":[""],"_delivery_time_countries":["a:0:{}"],"_free_shipping":["no"],"_service":["no"],"_photovoltaic_system":["no"],"_used_good":["no"],"_defective_copy":["no"],"_is_food":["no"],"_differential_taxation":["no"],"_gzd_version":["3.20.7"],"_hs_code":[""],"_manufacture_country":[""],"_rank_math_gtin_code":[""],"_fusion":["a:3:{s:17:\"slider_visibility\";s:51:\"small-visibility,medium-visibility,large-visibility\";s:11:\"slider_type\";s:2:\"no\";s:9:\"wooslider\";s:1:\"0\";}"],"_fusion_google_fonts":[""],"fusion_builder_status":["active"],"rank_math_primary_product_cat":["236"],"_wcml_custom_prices_status":["1"],"avada_post_views_count":["15"],"avada_today_post_views_count":["1"],"avada_post_views_count_today_date":["13-04-2023"],"yikes_woo_products_tabs":["a:2:{i:0;a:3:{s:5:\"title\";s:21:\"Weitere Informationen\";s:2:\"id\";s:21:\"weitere-informationen\";s:7:\"content\";s:871:\"<strong>Material: <\/strong>Eingef\u00e4rbtes und beschichtetes Leder mit goldfarbenen Metallelementen\r\n<strong>Ma\u00dfe: <\/strong>L\u00e4nge: 100 bis 120 cm, Breite: 1,2 cm\r\n<strong>Lieferumfang:<\/strong> I Love Handbags Staubbeutel. Die abgebildete Handtasche geh\u00f6rt nicht zum Lieferumfang und dienen ausschlie\u00dflich zur Deko.\r\n\r\n<strong>Bitte beachte, dass jede Tasche eine individuelle Patina entwickelt, wodurch der Farbton des Schulterriemens nicht immer genau mit dem deiner Tasche \u00fcbereinstimmen k\u00f6nnte. <\/strong>\r\n\r\n<strong>Zudem kann es aufgrund unterschiedlicher Displaytechnologien und individueller Einstellungen zu Farbabweichungen kommen. Die Farben auf deinem Display k\u00f6nnen daher leicht von der tats\u00e4chlichen Farbe abweichen. Falls du unsicher bist, ob der Farbton des Schulterriemens optimal zu deiner Tasche passt, z\u00f6gere nicht, uns zu kontaktieren.<\/strong>\";}i:1;a:3:{s:5:\"title\";s:7:\"Zustand\";s:2:\"id\";s:7:\"zustand\";s:7:\"content\";s:49:\"<strong>Gesamtzustand: <\/strong>Neu und unbenutzt\";}}"],"_deposit_type":[""],"_nutrient_ids":["a:0:{}"],"_nutrient_reference_value":["100g"],"_ingredients":[""],"_nutri_score":[""],"_alcohol_content":[""],"_drained_weight":[""],"_net_filling_quantity":[""],"_food_distributor":[""],"_food_description":[""],"_food_place_of_origin":[""],"_deposit_quantity":[""],"site-sidebar-layout":["default"],"site-content-layout":["default"],"theme-transparent-header-meta":["default"],"stick-header-meta":["default"],"_sale_price_dates_to_USD":[""],"_sale_price_dates_from_USD":[""],"_sale_price_USD":[""],"_regular_price_USD":[""],"_wcml_schedule_USD":["0"],"_pys_conversion_label_settings":["a:3:{s:6:\"enable\";b:0;s:5:\"label\";s:0:\"\";s:2:\"id\";s:14:\"AW-11184563350\";}"],"_pys_super_pack_cpt_url":[""],"_pys_super_pack_cpt_condition":["only"],"_pys_super_pack_cpt_cart":["hidden"],"_woosea_brand":[""],"_woosea_mpn":[""],"_woosea_upc":[""],"_woosea_ean":[""],"_woosea_gtin":[""],"_woosea_color":[""],"_woosea_size":[""],"_woosea_gender":[""],"_woosea_material":[""],"_woosea_pattern":[""],"_woosea_optimized_title":[""],"_woosea_unit_pricing_measure":[""],"_woosea_unit_pricing_base_measure":[""],"_woosea_condition":[""],"_woosea_age_group":["adult"],"_woosea_installment_months":[""],"_woosea_installment_amount":[""],"_woosea_exclude_product":["no"],"_woosea_cost_of_good_sold":[""],"_woosea_multipack":[""],"_woosea_is_bundle":[""],"_woosea_energy_efficiency_class":[""],"_woosea_min_energy_efficiency_class":[""],"_woosea_max_energy_efficiency_class":[""],"_woosea_is_promotion":[""],"_woosea_custom_field_0":[""],"_woosea_custom_field_1":[""],"_woosea_custom_field_2":[""],"_woosea_custom_field_3":[""],"_woosea_custom_field_4":[""],"_pys_head_footer":["a:7:{s:14:\"disable_global\";b:0;s:8:\"head_any\";s:0:\"\";s:12:\"head_desktop\";s:0:\"\";s:11:\"head_mobile\";s:0:\"\";s:10:\"footer_any\";s:0:\"\";s:14:\"footer_desktop\";s:0:\"\";s:13:\"footer_mobile\";s:0:\"\";}"],"litespeed_vpi_list":["a:2:{i:0;s:8:\"logo.png\";i:1;s:52:\"Leder-Schulterriemen-2023-0218JPG-scaled-500x500.jpg\";}"],"_customs_description":[""],"_is_non_returnable":["no"],"_wpml_media_has_media":["1"],"ast-site-content-layout":["default"],"site-content-style":["default"],"site-sidebar-style":["default"],"_sale_price_dates_to_CHF":[""],"_sale_price_dates_from_CHF":[""],"_sale_price_CHF":[""],"_regular_price_CHF":[""],"_wcml_schedule_CHF":["0"],"_sale_price_dates_to_GBP":[""],"_sale_price_dates_from_GBP":[""],"_sale_price_GBP":[""],"_regular_price_GBP":[""],"_wcml_schedule_GBP":["0"],"litespeed_vpi_list_mobile":["a:2:{i:0;s:8:\"logo.png\";i:1;s:52:\"Leder-Schulterriemen-2023-0218JPG-scaled-500x500.jpg\";}"],"_internal_date_code":[""],"_internal_product_origin":[""],"_product_rating":["N+"],"_rank_math_video":["true"],"rank_math_robots":["a:1:{i:0;s:5:\"index\";}"],"_custom_html_content":[""],"_not_in_inventory_checkbox":[""],"_customer_view":["20"],"_custom_view_last_updated":["2026-01-24 19:00:45"],"_shipping_length":[""],"_shipping_width":[""],"_shipping_height":[""],"_zettle_product_cat_id":[""],"_product_shipping_weight":["1kg"],"_manufacturer_slug":["ilh-international-gmbh"],"_safety_attachment_ids":["a:0:{}"],"_nickx_video_text_url":["a:1:{i:0;s:0:\"\";}"],"_nickx_product_video_type":["a:1:{i:0;s:23:\"nickx_video_url_youtube\";}"],"_nickx_product_video_thumb_ids":["a:1:{i:0;s:0:\"\";}"],"_wpml_post_translation_editor_native":["no"],"_product_available_from_field":["2025-01-24T19:00"],"_safety_instructions":[""],"_product_reserve_till_field":[""],"similar_product_key":["1737545527"],"_edit_lock":["1773849057:4"],"_edit_last":["4"],"_izettle_barcode":[""],"_izettle_nosync":[""],"_izettle_cost_price":[""],"_izettle_special_price":[""],"_izettle_product_name":[""],"_wp_old_date":["2025-01-23"],"_izettle_image_lookup_key":["3kyncy1cEe-udXp3qLWasA-5VRPk0bBEfCH9hskQw8Bbw"],"woocommerce_izettle_product_uuid":["5576c50e-d8be-11ef-ba15-353536383939"],"woocommerce_izettle_variant_uuid":["5576e20a-d8be-11ef-9dbd-353536383939"],"_izettle_updated":["1755929044"],"_izettle_product_etag":["E3562C2035F2CDE28C709E8D1A65B2AC"],"_wireless_electronic_device":["no"],"_device_contains_power_supply":["no"],"_device_charging_supports_usb_pd":["no"],"_device_charging_watt_min":["0"],"_device_charging_watt_max":["0"],"rank_math_primary_product_brand":["0"],"_ame_cpe_post_policy":["{\"accessProtection\":{\"active\":\"replace\"}}"],"sib_push_meta_box_present":["1"],"sib_push_send_notification":["0"],"sib_push_target_segment_ids":["@ALL"],"copied_media_ids":["a:0:{}"],"referenced_media_ids":["a:3:{i:0;i:53032;i:1;i:53030;i:2;i:53028;}"],"sib_push_send_notification_delay_seconds":["0"],"_is_non_alcoholic":["no"],"_ship_separately_via":[""],"_entrupy_echtheitszertifikat":[""],"_mid_code":[""],"_shipping_weight":[""],"rank_math_analytic_object_id":["1096"],"_wcml_average_rating":[null],"_wcml_review_count":[null],"_wcml_rating_count":[null],"_custom_thumbnail":["a:1:{i:0;s:2:\"no\";}"],"_video_schema":["a:1:{i:0;s:2:\"no\";}"],"_nickx_video_upload_date":["a:1:{i:0;s:0:\"\";}"],"_nickx_video_name":["a:1:{i:0;s:0:\"\";}"],"_nickx_video_description":["a:1:{i:0;s:0:\"\";}"],"rank_math_internal_links_processed":["1"],"astra-migrate-meta-layouts":["set"],"_uag_page_assets":["a:9:{s:3:\"css\";s:0:\"\";s:2:\"js\";s:0:\"\";s:18:\"current_block_list\";a:6:{i:0;s:26:\"woocommerce\/filter-wrapper\";i:1;s:24:\"woocommerce\/price-filter\";i:2;s:30:\"woocommerce\/product-categories\";i:3;s:14:\"core\/paragraph\";i:4;s:14:\"core\/shortcode\";i:5;s:11:\"core\/search\";}s:8:\"uag_flag\";b:0;s:11:\"uag_version\";s:10:\"1778251140\";s:6:\"gfonts\";a:0:{}s:10:\"gfonts_url\";s:0:\"\";s:12:\"gfonts_files\";a:0:{}s:14:\"uag_faq_layout\";b:0;}"],"_wc_rating_count":[""]},"uagb_featured_image_src":{"full":["https:\/\/ilovehandbags.com\/wp-content\/uploads\/sites\/3\/Leder-Schulterriemen-schmal-2024-0687.jpg",2000,1333,false],"thumbnail":["https:\/\/ilovehandbags.com\/wp-content\/uploads\/sites\/3\/Leder-Schulterriemen-schmal-2024-0687-150x150.jpg",150,150,true],"medium":["https:\/\/ilovehandbags.com\/wp-content\/uploads\/sites\/3\/Leder-Schulterriemen-schmal-2024-0687-300x300.jpg",300,300,true],"medium_large":["https:\/\/ilovehandbags.com\/wp-content\/uploads\/sites\/3\/Leder-Schulterriemen-schmal-2024-0687-768x768.jpg",768,768,true],"large":["https:\/\/ilovehandbags.com\/wp-content\/uploads\/sites\/3\/Leder-Schulterriemen-schmal-2024-0687-1024x1024.jpg",1024,1024,true],"1536x1536":["https:\/\/ilovehandbags.com\/wp-content\/uploads\/sites\/3\/Leder-Schulterriemen-schmal-2024-0687.jpg",1536,1024,false],"2048x2048":["https:\/\/ilovehandbags.com\/wp-content\/uploads\/sites\/3\/Leder-Schulterriemen-schmal-2024-0687.jpg",2000,1333,false],"woocommerce_thumbnail":["https:\/\/ilovehandbags.com\/wp-content\/uploads\/sites\/3\/Leder-Schulterriemen-schmal-2024-0687-500x500.jpg",500,500,true],"woocommerce_single":["https:\/\/ilovehandbags.com\/wp-content\/uploads\/sites\/3\/Leder-Schulterriemen-schmal-2024-0687-500x500.jpg",500,500,true],"woocommerce_gallery_thumbnail":["https:\/\/ilovehandbags.com\/wp-content\/uploads\/sites\/3\/Leder-Schulterriemen-schmal-2024-0687-100x100.jpg",100,100,true]},"uagb_author_info":{"display_name":"ILoveHandbags","author_link":"https:\/\/ilovehandbags.com\/de\/author\/"},"uagb_comment_info":0,"uagb_excerpt":"Mit diesem eleganten, schmalen Schulterriemen von I Love Handbags verleihst du deiner Tasche einen stilvollen und zugleich praktischen Touch. Der Riemen ist l\u00e4ngenverstellbar und bietet dir maximale Flexibilit\u00e4t \u2013 er l\u00e4sst sich sowohl \u00fcber der Schulter als auch crossbody tragen. Er wurde so gestaltet, dass er kompatibel mit kleineren Taschenmodellen ist \u2013 etwa mit der&hellip;","_links":{"self":[{"href":"https:\/\/ilovehandbags.com\/de\/wp-json\/wp\/v2\/product\/53026","targetHints":{"allow":["GET"]}}],"collection":[{"href":"https:\/\/ilovehandbags.com\/de\/wp-json\/wp\/v2\/product"}],"about":[{"href":"https:\/\/ilovehandbags.com\/de\/wp-json\/wp\/v2\/types\/product"}],"wp:featuredmedia":[{"embeddable":true,"href":"https:\/\/ilovehandbags.com\/de\/wp-json\/wp\/v2\/media\/53032"}],"wp:attachment":[{"href":"https:\/\/ilovehandbags.com\/de\/wp-json\/wp\/v2\/media?parent=53026"}],"wp:term":[{"taxonomy":"product_brand","embeddable":true,"href":"https:\/\/ilovehandbags.com\/de\/wp-json\/wp\/v2\/product_brand?post=53026"},{"taxonomy":"product_cat","embeddable":true,"href":"https:\/\/ilovehandbags.com\/de\/wp-json\/wp\/v2\/product_cat?post=53026"},{"taxonomy":"product_tag","embeddable":true,"href":"https:\/\/ilovehandbags.com\/de\/wp-json\/wp\/v2\/product_tag?post=53026"}],"curies":[{"name":"wp","href":"https:\/\/api.w.org\/{rel}","templated":true}]}}