{"id":53310,"date":"2025-01-28T14:00:52","date_gmt":"2025-01-28T13:00:52","guid":{"rendered":"https:\/\/ilovehandbags.com\/?post_type=product&#038;p=53310"},"modified":"2025-04-29T15:27:03","modified_gmt":"2025-04-29T13:27:03","slug":"prada-cerniera-tessuto-lavanda","status":"publish","type":"product","link":"https:\/\/ilovehandbags.com\/de\/prada-cerniera-tessuto-lavanda\/","title":{"rendered":"Prada Cerniera Tessuto Lavanda"},"content":{"rendered":"","protected":false},"excerpt":{"rendered":"<div class=\"flex-shrink-0 flex flex-col relative items-end\">\n<div class=\"pt-0\">\n<div class=\"gizmo-bot-avatar flex h-8 w-8 items-center justify-center overflow-hidden rounded-full\">\n<div class=\"relative p-1 rounded-sm flex items-center justify-center bg-token-main-surface-primary text-token-text-primary h-8 w-8\">\n<p>Entdecke die perfekte Kombination aus zeitloser Eleganz und Alltagstauglichkeit: Die Prada Cerniera aus hochwertigem, beigem Nylon ist ein echtes Must-have f\u00fcr modebewusste Taschenliebhaberinnen. Die Tasche besticht durch ihre goldfarbene Hardware, die einen luxuri\u00f6sen Akzent setzt, und den verstellbaren Textil-Schulterriemen, der dir maximalen Komfort bietet. Mit ihrer praktischen Gr\u00f6\u00dfe bietet die Cerniera gen\u00fcgend Platz f\u00fcr deine Essentials und ist der ideale Begleiter f\u00fcr jeden Anlass \u2013 ob in der Stadt, im B\u00fcro oder auf Reisen. Ein weiteres Highlight ist das ikonische Prada-Logo, das die Tasche stilvoll abrundet. Mit der Prada Cerniera setzt du ein modisches Statement, ohne auf Funktionalit\u00e4t verzichten zu m\u00fcssen.<\/p>\n<\/div>\n<\/div>\n<\/div>\n<\/div>\n","protected":false},"featured_media":53312,"template":"","meta":{"_uag_custom_page_level_css":"","site-sidebar-layout":"default","site-content-layout":"default","ast-site-content-layout":"default","site-content-style":"default","site-sidebar-style":"default","ast-global-header-display":"","ast-banner-title-visibility":"","ast-main-header-display":"","ast-hfb-above-header-display":"","ast-hfb-below-header-display":"","ast-hfb-mobile-header-display":"","site-post-title":"","ast-breadcrumbs-content":"","ast-featured-img":"","footer-sml-layout":"","ast-disable-related-posts":"","theme-transparent-header-meta":"default","adv-header-id-meta":"","stick-header-meta":"default","header-above-stick-meta":"","header-main-stick-meta":"","header-below-stick-meta":"","astra-migrate-meta-layouts":"set","ast-page-background-enabled":"default","ast-page-background-meta":{"desktop":{"background-color":"var(--ast-global-color-4)","background-image":"","background-repeat":"repeat","background-position":"center center","background-size":"auto","background-attachment":"scroll","background-type":"","background-media":"","overlay-type":"","overlay-color":"","overlay-opacity":"","overlay-gradient":""},"tablet":{"background-color":"","background-image":"","background-repeat":"repeat","background-position":"center center","background-size":"auto","background-attachment":"scroll","background-type":"","background-media":"","overlay-type":"","overlay-color":"","overlay-opacity":"","overlay-gradient":""},"mobile":{"background-color":"","background-image":"","background-repeat":"repeat","background-position":"center center","background-size":"auto","background-attachment":"scroll","background-type":"","background-media":"","overlay-type":"","overlay-color":"","overlay-opacity":"","overlay-gradient":""}},"ast-content-background-meta":{"desktop":{"background-color":"var(--ast-global-color-5)","background-image":"","background-repeat":"repeat","background-position":"center center","background-size":"auto","background-attachment":"scroll","background-type":"","background-media":"","overlay-type":"","overlay-color":"","overlay-opacity":"","overlay-gradient":""},"tablet":{"background-color":"var(--ast-global-color-5)","background-image":"","background-repeat":"repeat","background-position":"center center","background-size":"auto","background-attachment":"scroll","background-type":"","background-media":"","overlay-type":"","overlay-color":"","overlay-opacity":"","overlay-gradient":""},"mobile":{"background-color":"var(--ast-global-color-5)","background-image":"","background-repeat":"repeat","background-position":"center center","background-size":"auto","background-attachment":"scroll","background-type":"","background-media":"","overlay-type":"","overlay-color":"","overlay-opacity":"","overlay-gradient":""}},"_glsr_average":0,"_glsr_ranking":0,"_glsr_reviews":0},"product_brand":[],"product_cat":[208,1322,204,449],"product_tag":[1327,1444,1329],"class_list":{"0":"post-53310","1":"product","2":"type-product","3":"status-publish","4":"has-post-thumbnail","6":"product_cat-handtaschen","7":"product_cat-prada","8":"product_cat-umhaengetaschen","9":"product_cat-bald-wieder-da","10":"product_tag-prada","11":"product_tag-prada-cerniera","12":"product_tag-prada-umhaengetasche","13":"desktop-align-left","14":"tablet-align-left","15":"mobile-align-left","16":"ast-product-gallery-layout-first-image-large","17":"ast-magnify-disabled","18":"ast-product-tabs-layout-accordion","20":"first","21":"outofstock","22":"purchasable","23":"product-type-simple"},"spectra_custom_meta":{"_sku":["P5-0684-K"],"_regular_price":["590"],"total_sales":["0"],"_tax_status":["none"],"_tax_class":[""],"_manage_stock":["yes"],"_backorders":["no"],"_sold_individually":["no"],"_crosssell_ids":["a:1:{i:0;i:23129;}"],"_virtual":["no"],"_downloadable":["no"],"_product_image_gallery":["53360,53358,53356,53352,53350,53354,53348,53346,53344,53334,53332,53342,53340,53338,53336,53314,53316,53328,53330,53326,53324,53322,53320,53318"],"_download_limit":["-1"],"_download_expiry":["-1"],"_thumbnail_id":["53312"],"_stock":["0"],"_stock_status":["outofstock"],"_wc_average_rating":[0],"_wc_review_count":["0"],"_product_attributes":["a:3:{s:8:\"pa_brand\";a:7:{s:4:\"name\";s:8:\"pa_brand\";s:5:\"value\";s:0:\"\";s:8:\"position\";i:1;s:10:\"is_visible\";i:0;s:12:\"is_variation\";i:1;s:11:\"is_taxonomy\";i:1;s:16:\"checkout_visible\";i:0;}s:8:\"pa_color\";a:7:{s:4:\"name\";s:8:\"pa_color\";s:5:\"value\";s:0:\"\";s:8:\"position\";i:2;s:10:\"is_visible\";i:0;s:12:\"is_variation\";i:1;s:11:\"is_taxonomy\";i:1;s:16:\"checkout_visible\";i:0;}s:9:\"pa_gender\";a:7:{s:4:\"name\";s:9:\"pa_gender\";s:5:\"value\";s:0:\"\";s:8:\"position\";i:3;s:10:\"is_visible\";i:0;s:12:\"is_variation\";i:1;s:11:\"is_taxonomy\";i:1;s:16:\"checkout_visible\";i:0;}}"],"_product_version":["9.8.2"],"_price":["590"],"_wpml_media_featured":["1","1","1","1"],"_wpml_media_duplicate":["1","1","1","1"],"_wpml_word_count":["133"],"_wpml_location_migration_done":["1"],"_fusion":["a:3:{s:17:\"slider_visibility\";s:51:\"small-visibility,medium-visibility,large-visibility\";s:11:\"slider_type\";s:2:\"no\";s:9:\"wooslider\";s:1:\"0\";}"],"rank_math_seo_score":["67"],"rank_math_focus_keyword":["Prada"],"_purchase_price_field":["383,50"],"_internal_warehouse_number_field":["2025-0684"],"_gdrive_field":["https:\/\/drive.google.com\/drive\/u\/1\/folders\/1ADNjEN-24PoFe0o3CURb61MghKVj1R2l"],"_unit":[""],"_unit_base":[""],"_unit_product":[""],"_unit_price_auto":["no"],"_unit_price_regular":[""],"_unit_price":[""],"_unit_price_sale":[""],"_sale_price_label":[""],"_sale_price_regular_label":[""],"_mini_desc":["Prada Cerniera Tessuto Lavanda"],"_defect_description":[""],"_allergen_ids":["a:0:{}"],"_warranty_attachment_id":[""],"_min_age":[""],"_ts_gtin":[""],"_ts_mpn":[""],"_delivery_time_countries":["a:0:{}"],"_free_shipping":["no"],"_service":["no"],"_photovoltaic_system":["no"],"_used_good":["yes"],"_defective_copy":["no"],"_is_food":["no"],"_differential_taxation":["yes"],"_gzd_version":["3.19.10"],"_hs_code":[""],"_manufacture_country":["0"],"_rank_math_gtin_code":[""],"_fusion_google_fonts":[""],"fusion_builder_status":["active"],"rank_math_primary_product_cat":["0"],"_wcml_custom_prices_status":["0"],"avada_post_views_count":["50"],"avada_today_post_views_count":["3"],"avada_post_views_count_today_date":["12-04-2023"],"yikes_woo_products_tabs":["a:2:{i:0;a:3:{s:5:\"title\";s:21:\"Weitere Informationen\";s:2:\"id\";s:21:\"weitere-informationen\";s:7:\"content\";s:304:\"<strong>Material au\u00dfen: <\/strong>Nylon und Kalbsleder mit Goldfarbener Hardware\r\n<strong>Material innen: <\/strong>Textilinnenfutter\r\n<strong>Ma\u00dfe: <\/strong>(B) 40 \u00d7 (H) 30\u00d7 (T) 16 cm\r\n<strong>L\u00e4nge Schulterriemen: <\/strong>80 bis 130 cm\r\n<strong>Lieferumfang:<\/strong> Prada Staubbeutel und ID Karte\";}i:1;a:3:{s:5:\"title\";s:7:\"Zustand\";s:2:\"id\";s:7:\"zustand\";s:7:\"content\";s:313:\"<strong>Gesamtzustand: <\/strong>Gut bis sehr gut\r\n<strong>Au\u00dfenmaterial\/Ecken: <\/strong>Leichte Gebrauchsspuren wie Flecken, Kratzern und Abreibungen\r\n<strong>Verschluss: <\/strong>Schlie\u00dft gut\r\n<strong>Hardware:\u00a0 <\/strong>Gebrauchsspuren vorhanden\r\n<strong>Innenraum: <\/strong>Leichte Gebrauchsspuren vorhanden\";}}"],"_deposit_type":[""],"_nutrient_ids":["a:0:{}"],"_nutrient_reference_value":["100g"],"_ingredients":[""],"_nutri_score":[""],"_alcohol_content":[""],"_drained_weight":[""],"_net_filling_quantity":[""],"_food_distributor":[""],"_food_description":[""],"_food_place_of_origin":[""],"_deposit_quantity":[""],"site-sidebar-layout":["default"],"site-content-layout":["default"],"theme-transparent-header-meta":["default"],"stick-header-meta":["default"],"_default_delivery_time":[""],"rank_math_robots":["a:1:{i:0;s:5:\"index\";}"],"_pys_conversion_label_settings":["a:3:{s:6:\"enable\";b:0;s:5:\"label\";s:0:\"\";s:2:\"id\";s:14:\"AW-11184563350\";}"],"_pys_super_pack_cpt_url":[""],"_pys_super_pack_cpt_condition":["only"],"_pys_super_pack_cpt_cart":["hidden"],"_woosea_brand":[""],"_woosea_mpn":[""],"_woosea_upc":[""],"_woosea_ean":[""],"_woosea_gtin":[""],"_woosea_color":[""],"_woosea_size":[""],"_woosea_gender":[""],"_woosea_material":[""],"_woosea_pattern":[""],"_woosea_optimized_title":[""],"_woosea_unit_pricing_measure":[""],"_woosea_unit_pricing_base_measure":[""],"_woosea_condition":[""],"_woosea_age_group":["adult"],"_woosea_installment_months":[""],"_woosea_installment_amount":[""],"_woosea_exclude_product":["no"],"_woosea_cost_of_good_sold":[""],"_woosea_multipack":[""],"_woosea_is_bundle":[""],"_woosea_energy_efficiency_class":[""],"_woosea_min_energy_efficiency_class":[""],"_woosea_max_energy_efficiency_class":[""],"_woosea_is_promotion":[""],"_woosea_custom_field_0":[""],"_woosea_custom_field_1":[""],"_woosea_custom_field_2":[""],"_woosea_custom_field_3":[""],"_woosea_custom_field_4":[""],"_pys_head_footer":["a:7:{s:14:\"disable_global\";b:0;s:8:\"head_any\";s:0:\"\";s:12:\"head_desktop\";s:0:\"\";s:11:\"head_mobile\";s:0:\"\";s:10:\"footer_any\";s:0:\"\";s:14:\"footer_desktop\";s:0:\"\";s:13:\"footer_mobile\";s:0:\"\";}"],"litespeed_vpi_list":["a:2:{i:0;s:8:\"logo.png\";i:1;s:60:\"Chanel-Woc-Caviar-schwarz-kette-2023-0082-scaled-500x500.jpg\";}"],"_customs_description":[""],"_wp_old_date":["2023-04-07","2023-06-01","2023-08-29","2023-08-31","2023-12-28","2024-02-23","2024-03-13","2024-04-01","2024-04-05","2024-09-05","2024-10-05","2024-12-04"],"_is_non_returnable":["no"],"_wpml_media_has_media":["1"],"ast-site-content-layout":["default"],"site-content-style":["default"],"site-sidebar-style":["default"],"litespeed_vpi_list_mobile":["a:2:{i:0;s:8:\"logo.png\";i:1;s:78:\"Chanel-Timeless-Flap-Bag-Medium-Vorderseite-3-2023-0338.JPG-scaled-500x500.jpg\";}"],"_internal_date_code":[""],"_internal_product_origin":["Italien"],"_product_rating":["between A and B"],"rank_math_schema_WooCommerceProduct":["a:2:{s:5:\"@type\";s:18:\"WooCommerceProduct\";s:8:\"metadata\";a:4:{s:5:\"title\";s:19:\"WooCommerce Product\";s:4:\"type\";s:8:\"template\";s:9:\"shortcode\";s:15:\"s-655c68c138ffc\";s:9:\"isPrimary\";s:1:\"1\";}}"],"rank_math_shortcode_schema_s-655c68c138ffc":["363648"],"rank_math_rich_snippet":["off"],"_custom_html_content":[""],"_show_in_inventory_checkbox":[""],"_not_in_inventory_checkbox":["yes"],"_wpml_post_translation_editor_native":["no"],"_customer_view":["15"],"_custom_view_last_updated":["2025-04-29 08:25:38"],"_shipping_length":[""],"_shipping_width":[""],"_shipping_height":[""],"_zettle_product_cat_id":[""],"_product_shipping_weight":["1kg"],"_product_available_from_field":["2025-01-31T19:00"],"_manufacturer_slug":[""],"_safety_attachment_ids":["a:0:{}"],"_nickx_video_text_url":["a:1:{i:0;s:0:\"\";}"],"_nickx_product_video_type":["a:1:{i:0;s:23:\"nickx_video_url_youtube\";}"],"_nickx_product_video_thumb_ids":["a:1:{i:0;s:0:\"\";}"],"_safety_instructions":[""],"similar_product_key":["1738057255"],"_edit_lock":["1745997521:4"],"woocommerce_izettle_product_uuid":["5f46fffe-dd78-11ef-9ead-353536383939"],"woocommerce_izettle_variant_uuid":["213e9a76-dd5c-11ef-c0e1-353536383939"],"_izettle_updated":["1740186031"],"_edit_last":["4"],"_izettle_barcode":[""],"_izettle_nosync":[""],"_izettle_cost_price":[""],"_izettle_special_price":[""],"_izettle_product_name":[""],"_product_reserve_till_field":[""],"_izettle_image_lookup_key":["3kyncy1cEe-udXp3qLWasA-X0MRGN14Ee-Rn7DmugZNmA"],"_izettle_product_etag":["E5F46E350B7EDBAE02936EE783589E9F"],"_wireless_electronic_device":["no"],"_device_contains_power_supply":["no"],"_device_charging_supports_usb_pd":["no"],"_device_charging_watt_min":["0"],"_device_charging_watt_max":["0"],"rank_math_primary_product_brand":["0"],"_ame_cpe_post_policy":["{\"accessProtection\":{\"active\":\"replace\"}}"],"_wcml_average_rating":[null],"_wcml_review_count":[null],"_wcml_rating_count":[null],"astra-migrate-meta-layouts":["set"],"copied_media_ids":["a:0:{}"],"referenced_media_ids":["a:25:{i:0;i:53312;i:1;i:53360;i:2;i:53358;i:3;i:53356;i:4;i:53352;i:5;i:53350;i:6;i:53354;i:7;i:53348;i:8;i:53346;i:9;i:53344;i:10;i:53334;i:11;i:53332;i:12;i:53342;i:13;i:53340;i:14;i:53338;i:15;i:53336;i:16;i:53314;i:17;i:53316;i:18;i:53328;i:19;i:53330;i:20;i:53326;i:21;i:53324;i:22;i:53322;i:23;i:53320;i:24;i:53318;}"],"rank_math_analytic_object_id":["1080"],"_wc_rating_count":[""]},"uagb_featured_image_src":{"full":["https:\/\/ilovehandbags.com\/wp-content\/uploads\/sites\/3\/Prada-Cerniera-Titelbild-2025-0684-scaled.jpg",1920,2560,false],"thumbnail":["https:\/\/ilovehandbags.com\/wp-content\/uploads\/sites\/3\/Prada-Cerniera-Titelbild-2025-0684-scaled-150x150.jpg",150,150,true],"medium":["https:\/\/ilovehandbags.com\/wp-content\/uploads\/sites\/3\/Prada-Cerniera-Titelbild-2025-0684-scaled-300x300.jpg",300,300,true],"medium_large":["https:\/\/ilovehandbags.com\/wp-content\/uploads\/sites\/3\/Prada-Cerniera-Titelbild-2025-0684-scaled-768x768.jpg",768,768,true],"large":["https:\/\/ilovehandbags.com\/wp-content\/uploads\/sites\/3\/Prada-Cerniera-Titelbild-2025-0684-scaled-1024x1024.jpg",1024,1024,true],"1536x1536":["https:\/\/ilovehandbags.com\/wp-content\/uploads\/sites\/3\/Prada-Cerniera-Titelbild-2025-0684-scaled.jpg",1152,1536,false],"2048x2048":["https:\/\/ilovehandbags.com\/wp-content\/uploads\/sites\/3\/Prada-Cerniera-Titelbild-2025-0684-scaled.jpg",1536,2048,false],"woocommerce_thumbnail":["https:\/\/ilovehandbags.com\/wp-content\/uploads\/sites\/3\/Prada-Cerniera-Titelbild-2025-0684-scaled-500x500.jpg",500,500,true],"woocommerce_single":["https:\/\/ilovehandbags.com\/wp-content\/uploads\/sites\/3\/Prada-Cerniera-Titelbild-2025-0684-scaled-500x500.jpg",500,500,true],"woocommerce_gallery_thumbnail":["https:\/\/ilovehandbags.com\/wp-content\/uploads\/sites\/3\/Prada-Cerniera-Titelbild-2025-0684-scaled-100x100.jpg",100,100,true]},"uagb_author_info":{"display_name":"ILoveHandbags","author_link":"https:\/\/ilovehandbags.com\/de\/author\/"},"uagb_comment_info":0,"uagb_excerpt":"Entdecke die perfekte Kombination aus zeitloser Eleganz und Alltagstauglichkeit: Die Prada Cerniera aus hochwertigem, beigem Nylon ist ein echtes Must-have f\u00fcr modebewusste Taschenliebhaberinnen. Die Tasche besticht durch ihre goldfarbene Hardware, die einen luxuri\u00f6sen Akzent setzt, und den verstellbaren Textil-Schulterriemen, der dir maximalen Komfort bietet. Mit ihrer praktischen Gr\u00f6\u00dfe bietet die Cerniera gen\u00fcgend Platz f\u00fcr deine&hellip;","_links":{"self":[{"href":"https:\/\/ilovehandbags.com\/de\/wp-json\/wp\/v2\/product\/53310","targetHints":{"allow":["GET"]}}],"collection":[{"href":"https:\/\/ilovehandbags.com\/de\/wp-json\/wp\/v2\/product"}],"about":[{"href":"https:\/\/ilovehandbags.com\/de\/wp-json\/wp\/v2\/types\/product"}],"wp:featuredmedia":[{"embeddable":true,"href":"https:\/\/ilovehandbags.com\/de\/wp-json\/wp\/v2\/media\/53312"}],"wp:attachment":[{"href":"https:\/\/ilovehandbags.com\/de\/wp-json\/wp\/v2\/media?parent=53310"}],"wp:term":[{"taxonomy":"product_brand","embeddable":true,"href":"https:\/\/ilovehandbags.com\/de\/wp-json\/wp\/v2\/product_brand?post=53310"},{"taxonomy":"product_cat","embeddable":true,"href":"https:\/\/ilovehandbags.com\/de\/wp-json\/wp\/v2\/product_cat?post=53310"},{"taxonomy":"product_tag","embeddable":true,"href":"https:\/\/ilovehandbags.com\/de\/wp-json\/wp\/v2\/product_tag?post=53310"}],"curies":[{"name":"wp","href":"https:\/\/api.w.org\/{rel}","templated":true}]}}