{"id":55593,"date":"2025-03-05T14:00:33","date_gmt":"2025-03-05T13:00:33","guid":{"rendered":"https:\/\/ilovehandbags.com\/?post_type=product&#038;p=55593"},"modified":"2025-06-10T14:27:25","modified_gmt":"2025-06-10T12:27:25","slug":"louis-vuitton-trousse-toilette-28-monogram-canvas","status":"publish","type":"product","link":"https:\/\/ilovehandbags.com\/de\/louis-vuitton-trousse-toilette-28-monogram-canvas\/","title":{"rendered":"Louis Vuitton Trousse Toilette 28 Monogram Canvas"},"content":{"rendered":"","protected":false},"excerpt":{"rendered":"<p>Die Louis Vuitton Trousse Toilette 28 ist eine elegante und praktische Tasche aus dem ikonischen Monogram Canvas. Mit ihrer goldfarbenen Hardware ist sie ein Symbol f\u00fcr Luxus und Handwerkskunst. Der gro\u00dfz\u00fcgige Innenraum bietet mit elastischen Halterungen gen\u00fcgend Platz f\u00fcr Pflegeprodukte oder Kosmetika und sorgt f\u00fcr Ordnung. Das waschbare Innenfutter erm\u00f6glicht einfache Pflege. Mit kompakten Ma\u00dfen ist die Trousse ideal f\u00fcr Reisen oder den t\u00e4glichen Gebrauch und kombiniert Funktionalit\u00e4t mit zeitlosem Design.<\/p>\n","protected":false},"featured_media":55651,"template":"","meta":{"_uag_custom_page_level_css":"","site-sidebar-layout":"default","site-content-layout":"default","ast-site-content-layout":"default","site-content-style":"default","site-sidebar-style":"default","ast-global-header-display":"","ast-banner-title-visibility":"","ast-main-header-display":"","ast-hfb-above-header-display":"","ast-hfb-below-header-display":"","ast-hfb-mobile-header-display":"","site-post-title":"","ast-breadcrumbs-content":"","ast-featured-img":"","footer-sml-layout":"","ast-disable-related-posts":"","theme-transparent-header-meta":"default","adv-header-id-meta":"","stick-header-meta":"default","header-above-stick-meta":"","header-main-stick-meta":"","header-below-stick-meta":"","astra-migrate-meta-layouts":"set","ast-page-background-enabled":"default","ast-page-background-meta":{"desktop":{"background-color":"var(--ast-global-color-4)","background-image":"","background-repeat":"repeat","background-position":"center center","background-size":"auto","background-attachment":"scroll","background-type":"","background-media":"","overlay-type":"","overlay-color":"","overlay-opacity":"","overlay-gradient":""},"tablet":{"background-color":"","background-image":"","background-repeat":"repeat","background-position":"center center","background-size":"auto","background-attachment":"scroll","background-type":"","background-media":"","overlay-type":"","overlay-color":"","overlay-opacity":"","overlay-gradient":""},"mobile":{"background-color":"","background-image":"","background-repeat":"repeat","background-position":"center center","background-size":"auto","background-attachment":"scroll","background-type":"","background-media":"","overlay-type":"","overlay-color":"","overlay-opacity":"","overlay-gradient":""}},"ast-content-background-meta":{"desktop":{"background-color":"var(--ast-global-color-5)","background-image":"","background-repeat":"repeat","background-position":"center center","background-size":"auto","background-attachment":"scroll","background-type":"","background-media":"","overlay-type":"","overlay-color":"","overlay-opacity":"","overlay-gradient":""},"tablet":{"background-color":"var(--ast-global-color-5)","background-image":"","background-repeat":"repeat","background-position":"center center","background-size":"auto","background-attachment":"scroll","background-type":"","background-media":"","overlay-type":"","overlay-color":"","overlay-opacity":"","overlay-gradient":""},"mobile":{"background-color":"var(--ast-global-color-5)","background-image":"","background-repeat":"repeat","background-position":"center center","background-size":"auto","background-attachment":"scroll","background-type":"","background-media":"","overlay-type":"","overlay-color":"","overlay-opacity":"","overlay-gradient":""}},"_glsr_average":0,"_glsr_ranking":0,"_glsr_reviews":0},"product_brand":[],"product_cat":[541,237,239,238,451,449],"product_tag":[214,1546,1545,1313],"class_list":{"0":"post-55593","1":"product","2":"type-product","3":"status-publish","4":"has-post-thumbnail","6":"product_cat-herren","7":"product_cat-kleinlederwaren","8":"product_cat-louis-vuitton","9":"product_cat-reisegepaeck","10":"product_cat-vintage","11":"product_cat-bald-wieder-da","12":"product_tag-louis-vuitton","13":"product_tag-louis-vuitton-m47522","14":"product_tag-louis-vuitton-trousse-28","15":"product_tag-louis-vuitton-trousse-toilette","16":"desktop-align-left","17":"tablet-align-left","18":"mobile-align-left","19":"ast-product-gallery-layout-first-image-large","20":"ast-magnify-disabled","21":"ast-product-tabs-layout-accordion","23":"first","24":"outofstock","25":"sold-individually","26":"taxable","27":"shipping-taxable","28":"purchasable","29":"product-type-simple"},"spectra_custom_meta":{"_sku":["P5-0738"],"_regular_price":["410"],"total_sales":["1"],"_tax_status":["taxable"],"_tax_class":[""],"_manage_stock":["yes"],"_backorders":["no"],"_sold_individually":["yes"],"_virtual":["no"],"_downloadable":["no"],"_product_image_gallery":["55645,55649,55647,55643,55653,55641,55639,55637,55635,55633,55631"],"_download_limit":["-1"],"_download_expiry":["-1"],"_thumbnail_id":["55651"],"_stock":["0"],"_stock_status":["outofstock"],"_wc_average_rating":[0],"_wc_review_count":["0"],"_product_attributes":["a:3:{s:8:\"pa_brand\";a:7:{s:4:\"name\";s:8:\"pa_brand\";s:5:\"value\";s:0:\"\";s:8:\"position\";i:1;s:10:\"is_visible\";i:0;s:12:\"is_variation\";i:1;s:11:\"is_taxonomy\";i:1;s:16:\"checkout_visible\";i:0;}s:8:\"pa_color\";a:7:{s:4:\"name\";s:8:\"pa_color\";s:5:\"value\";s:0:\"\";s:8:\"position\";i:2;s:10:\"is_visible\";i:0;s:12:\"is_variation\";i:1;s:11:\"is_taxonomy\";i:1;s:16:\"checkout_visible\";i:0;}s:9:\"pa_gender\";a:7:{s:4:\"name\";s:9:\"pa_gender\";s:5:\"value\";s:0:\"\";s:8:\"position\";i:3;s:10:\"is_visible\";i:0;s:12:\"is_variation\";i:1;s:11:\"is_taxonomy\";i:1;s:16:\"checkout_visible\";i:0;}}"],"_product_version":["9.9.3"],"_price":["410"],"_wpml_media_featured":["1","1","1","1"],"_wpml_media_duplicate":["1","1","1","1"],"_wpml_word_count":["99"],"_wpml_location_migration_done":["1"],"_fusion":["a:3:{s:17:\"slider_visibility\";s:51:\"small-visibility,medium-visibility,large-visibility\";s:11:\"slider_type\";s:2:\"no\";s:9:\"wooslider\";s:1:\"0\";}"],"rank_math_seo_score":["63"],"rank_math_focus_keyword":["louis vuitton"],"_purchase_price_field":["261,06"],"_internal_warehouse_number_field":["2025-0738"],"_gdrive_field":["https:\/\/drive.google.com\/drive\/u\/1\/folders\/12reztU9RaelAhw_GCOIrfJmcAayxEc4D"],"_unit":[""],"_unit_base":[""],"_unit_product":[""],"_unit_price_auto":["no"],"_unit_price_regular":[""],"_unit_price":[""],"_unit_price_sale":[""],"_sale_price_label":[""],"_sale_price_regular_label":[""],"_mini_desc":["Louis Vuitton Trousse Toilette 28 Monogram Canvas"],"_defect_description":[""],"_allergen_ids":["a:0:{}"],"_warranty_attachment_id":[""],"_min_age":[""],"_ts_gtin":[""],"_ts_mpn":[""],"_delivery_time_countries":["a:0:{}"],"_free_shipping":["no"],"_service":["no"],"_photovoltaic_system":["no"],"_used_good":["yes"],"_defective_copy":["no"],"_is_food":["no"],"_differential_taxation":["no"],"_gzd_version":["3.19.11"],"_hs_code":[""],"_manufacture_country":["0"],"_rank_math_gtin_code":[""],"_fusion_google_fonts":[""],"fusion_builder_status":["active"],"rank_math_primary_product_cat":["0"],"_wcml_custom_prices_status":["0"],"avada_post_views_count":["71"],"avada_today_post_views_count":["1"],"avada_post_views_count_today_date":["06-04-2023"],"yikes_woo_products_tabs":["a:2:{i:0;a:3:{s:5:\"title\";s:21:\"Weitere Informationen\";s:2:\"id\";s:21:\"weitere-informationen\";s:7:\"content\";s:310:\"<strong>Material au\u00dfen:\u00a0<\/strong>Monogram Canvas\r\n<strong>Material innen: <\/strong>Leder\r\n<strong>Ma\u00dfe: <\/strong>(B) 28 x (H) 16 x (T) 8 cm\r\n<strong>Date Code \/ Herstellungsjahr: <\/strong>TH1925 (schwer lesbar) \/ 1995\r\n<strong>SKU: <\/strong>M47522\r\n<strong>Lieferumfang:<\/strong> I Love Handbags Staubbeutel\";}i:1;a:3:{s:5:\"title\";s:7:\"Zustand\";s:2:\"id\";s:7:\"zustand\";s:7:\"content\";s:276:\"<strong>Gesamtzustand:\u00a0<\/strong>Gut\r\n<strong>Canvas: <\/strong>Intakt, vereinzelt mit leichten Gebrauchsspuren\r\n<strong>Rei\u00dfverschluss: <\/strong>Schlie\u00dft gut\r\n<strong>Hardware: <\/strong>Gebrauchsspuren vorhanden\r\n<strong>Innenraum: <\/strong>Leichte Gebrauchsspuren vorhanden\";}}"],"_deposit_type":[""],"_nutrient_ids":["a:0:{}"],"_nutrient_reference_value":["100g"],"_ingredients":[""],"_nutri_score":[""],"_alcohol_content":[""],"_drained_weight":[""],"_net_filling_quantity":[""],"_food_distributor":[""],"_food_description":[""],"_food_place_of_origin":[""],"_deposit_quantity":[""],"site-sidebar-layout":["default"],"site-content-layout":["default"],"theme-transparent-header-meta":["default"],"stick-header-meta":["default"],"_default_delivery_time":[""],"rank_math_robots":["a:1:{i:0;s:5:\"index\";}"],"_pys_conversion_label_settings":["a:3:{s:6:\"enable\";b:0;s:5:\"label\";s:0:\"\";s:2:\"id\";s:14:\"AW-11184563350\";}"],"_pys_super_pack_cpt_url":[""],"_pys_super_pack_cpt_condition":["only"],"_pys_super_pack_cpt_cart":["hidden"],"_woosea_brand":[""],"_woosea_mpn":[""],"_woosea_upc":[""],"_woosea_ean":[""],"_woosea_gtin":[""],"_woosea_color":[""],"_woosea_size":[""],"_woosea_gender":[""],"_woosea_material":[""],"_woosea_pattern":[""],"_woosea_optimized_title":[""],"_woosea_unit_pricing_measure":[""],"_woosea_unit_pricing_base_measure":[""],"_woosea_condition":[""],"_woosea_age_group":["adult"],"_woosea_installment_months":[""],"_woosea_installment_amount":[""],"_woosea_exclude_product":["no"],"_woosea_cost_of_good_sold":[""],"_woosea_multipack":[""],"_woosea_is_bundle":[""],"_woosea_energy_efficiency_class":[""],"_woosea_min_energy_efficiency_class":[""],"_woosea_max_energy_efficiency_class":[""],"_woosea_is_promotion":[""],"_woosea_custom_field_0":[""],"_woosea_custom_field_1":[""],"_woosea_custom_field_2":[""],"_woosea_custom_field_3":[""],"_woosea_custom_field_4":[""],"_pys_head_footer":["a:7:{s:14:\"disable_global\";b:0;s:8:\"head_any\";s:0:\"\";s:12:\"head_desktop\";s:0:\"\";s:11:\"head_mobile\";s:0:\"\";s:10:\"footer_any\";s:0:\"\";s:14:\"footer_desktop\";s:0:\"\";s:13:\"footer_mobile\";s:0:\"\";}"],"_customs_description":[""],"_is_non_returnable":["no"],"litespeed_vpi_list_mobile":["a:2:{i:0;s:8:\"logo.png\";i:1;s:66:\"Louis-Vuitton-Poche-Toilette-19-seite-2023-0078-scaled-500x500.jpg\";}"],"litespeed_vpi_list":["a:3:{i:0;s:8:\"logo.png\";i:1;s:6:\"de.png\";i:2;s:66:\"Louis-Vuitton-Poche-Toilette-19-seite-2023-0078-scaled-500x500.jpg\";}"],"_wpml_media_has_media":["1"],"_internal_date_code":["TH1925"],"_internal_product_origin":["Frankreich"],"ast-site-content-layout":["default"],"site-content-style":["default"],"site-sidebar-style":["default"],"_wp_old_date":["2023-10-22","2023-11-15","2024-12-03"],"_product_rating":["B"],"_product_shipping_weight":["1kg"],"_not_in_inventory_checkbox":[""],"_product_available_from_field":["2025-03-07T19:00"],"_manufacturer_slug":[""],"_safety_instructions":[""],"_safety_attachment_ids":["a:0:{}"],"_zettle_product_cat_id":[""],"_shipping_length":[""],"_shipping_width":[""],"_shipping_height":[""],"_nickx_video_text_url":["a:1:{i:0;s:0:\"\";}"],"_nickx_product_video_type":["a:1:{i:0;s:23:\"nickx_video_url_youtube\";}"],"_nickx_product_video_thumb_ids":["a:1:{i:0;s:0:\"\";}"],"_custom_html_content":[""],"_customer_view":["8"],"_custom_view_last_updated":["2025-05-27 19:56:20"],"_wpml_post_translation_editor_native":["no"],"similar_product_key":["1740845553"],"_edit_lock":["1749558318:4"],"_edit_last":["4"],"_wireless_electronic_device":["no"],"_device_contains_power_supply":["no"],"_device_charging_supports_usb_pd":["no"],"_device_charging_watt_min":["0"],"_device_charging_watt_max":["0"],"_izettle_barcode":[""],"_izettle_nosync":[""],"_izettle_cost_price":[""],"_izettle_special_price":[""],"_izettle_product_name":[""],"rank_math_primary_product_brand":["0"],"_product_reserve_till_field":[""],"_izettle_image_lookup_key":["3kyncy1cEe-udXp3qLWasA-AbW_rPnCEe-yqL5ooQ6bbg"],"woocommerce_izettle_product_uuid":["01b9e80e-f9c2-11ef-b639-353536383939"],"woocommerce_izettle_variant_uuid":["01ba02c6-f9c2-11ef-889f-353536383939"],"_izettle_updated":["1741914061"],"sib_push_meta_box_present":["1"],"sib_push_send_notification":["0"],"sib_push_target_segment_ids":["@ALL"],"_ame_cpe_post_policy":["{\"accessProtection\":{\"active\":\"replace\"}}"],"_wcml_average_rating":[null],"_wcml_review_count":[null],"_wcml_rating_count":[null],"sib_push_send_notification_delay_seconds":[null],"sib_push_target_tags":[null],"sib_push_target_brevo_segment_ids":[null],"sib_push_target_brevo_list_ids":[null],"sib_push_utm_source":[null],"sib_push_utm_medium":[null],"sib_push_utm_campaign":[null],"sib_push_utm_term":[null],"sib_push_utm_content":[null],"astra-migrate-meta-layouts":["set"],"copied_media_ids":["a:0:{}"],"referenced_media_ids":["a:12:{i:0;i:55651;i:1;i:55645;i:2;i:55649;i:3;i:55647;i:4;i:55643;i:5;i:55653;i:6;i:55641;i:7;i:55639;i:8;i:55637;i:9;i:55635;i:10;i:55633;i:11;i:55631;}"],"rank_math_analytic_object_id":["964"],"_uag_page_assets":["a:9:{s:3:\"css\";s:0:\"\";s:2:\"js\";s:0:\"\";s:18:\"current_block_list\";a:6:{i:0;s:26:\"woocommerce\/filter-wrapper\";i:1;s:24:\"woocommerce\/price-filter\";i:2;s:30:\"woocommerce\/product-categories\";i:3;s:14:\"core\/paragraph\";i:4;s:14:\"core\/shortcode\";i:5;s:11:\"core\/search\";}s:8:\"uag_flag\";b:0;s:11:\"uag_version\";s:10:\"1778251140\";s:6:\"gfonts\";a:0:{}s:10:\"gfonts_url\";s:0:\"\";s:12:\"gfonts_files\";a:0:{}s:14:\"uag_faq_layout\";b:0;}"],"_wc_rating_count":[""]},"uagb_featured_image_src":{"full":["https:\/\/ilovehandbags.com\/wp-content\/uploads\/sites\/3\/Louis-Vuitton-Trousse-Toilette-28-2025-0738-scaled.jpg",2560,1920,false],"thumbnail":["https:\/\/ilovehandbags.com\/wp-content\/uploads\/sites\/3\/Louis-Vuitton-Trousse-Toilette-28-2025-0738-scaled-150x150.jpg",150,150,true],"medium":["https:\/\/ilovehandbags.com\/wp-content\/uploads\/sites\/3\/Louis-Vuitton-Trousse-Toilette-28-2025-0738-scaled-300x300.jpg",300,300,true],"medium_large":["https:\/\/ilovehandbags.com\/wp-content\/uploads\/sites\/3\/Louis-Vuitton-Trousse-Toilette-28-2025-0738-scaled-768x768.jpg",768,768,true],"large":["https:\/\/ilovehandbags.com\/wp-content\/uploads\/sites\/3\/Louis-Vuitton-Trousse-Toilette-28-2025-0738-scaled-1024x1024.jpg",1024,1024,true],"1536x1536":["https:\/\/ilovehandbags.com\/wp-content\/uploads\/sites\/3\/Louis-Vuitton-Trousse-Toilette-28-2025-0738-scaled.jpg",1536,1152,false],"2048x2048":["https:\/\/ilovehandbags.com\/wp-content\/uploads\/sites\/3\/Louis-Vuitton-Trousse-Toilette-28-2025-0738-scaled.jpg",2048,1536,false],"woocommerce_thumbnail":["https:\/\/ilovehandbags.com\/wp-content\/uploads\/sites\/3\/Louis-Vuitton-Trousse-Toilette-28-2025-0738-scaled-500x500.jpg",500,500,true],"woocommerce_single":["https:\/\/ilovehandbags.com\/wp-content\/uploads\/sites\/3\/Louis-Vuitton-Trousse-Toilette-28-2025-0738-scaled-500x500.jpg",500,500,true],"woocommerce_gallery_thumbnail":["https:\/\/ilovehandbags.com\/wp-content\/uploads\/sites\/3\/Louis-Vuitton-Trousse-Toilette-28-2025-0738-scaled-100x100.jpg",100,100,true]},"uagb_author_info":{"display_name":"ILoveHandbags","author_link":"https:\/\/ilovehandbags.com\/de\/author\/"},"uagb_comment_info":0,"uagb_excerpt":"Die Louis Vuitton Trousse Toilette 28 ist eine elegante und praktische Tasche aus dem ikonischen Monogram Canvas. Mit ihrer goldfarbenen Hardware ist sie ein Symbol f\u00fcr Luxus und Handwerkskunst. Der gro\u00dfz\u00fcgige Innenraum bietet mit elastischen Halterungen gen\u00fcgend Platz f\u00fcr Pflegeprodukte oder Kosmetika und sorgt f\u00fcr Ordnung. Das waschbare Innenfutter erm\u00f6glicht einfache Pflege. Mit kompakten Ma\u00dfen&hellip;","_links":{"self":[{"href":"https:\/\/ilovehandbags.com\/de\/wp-json\/wp\/v2\/product\/55593","targetHints":{"allow":["GET"]}}],"collection":[{"href":"https:\/\/ilovehandbags.com\/de\/wp-json\/wp\/v2\/product"}],"about":[{"href":"https:\/\/ilovehandbags.com\/de\/wp-json\/wp\/v2\/types\/product"}],"wp:featuredmedia":[{"embeddable":true,"href":"https:\/\/ilovehandbags.com\/de\/wp-json\/wp\/v2\/media\/55651"}],"wp:attachment":[{"href":"https:\/\/ilovehandbags.com\/de\/wp-json\/wp\/v2\/media?parent=55593"}],"wp:term":[{"taxonomy":"product_brand","embeddable":true,"href":"https:\/\/ilovehandbags.com\/de\/wp-json\/wp\/v2\/product_brand?post=55593"},{"taxonomy":"product_cat","embeddable":true,"href":"https:\/\/ilovehandbags.com\/de\/wp-json\/wp\/v2\/product_cat?post=55593"},{"taxonomy":"product_tag","embeddable":true,"href":"https:\/\/ilovehandbags.com\/de\/wp-json\/wp\/v2\/product_tag?post=55593"}],"curies":[{"name":"wp","href":"https:\/\/api.w.org\/{rel}","templated":true}]}}