{"id":56040,"date":"2025-03-06T09:40:35","date_gmt":"2025-03-06T08:40:35","guid":{"rendered":"https:\/\/ilovehandbags.com\/?post_type=product&#038;p=56040"},"modified":"2025-09-30T19:37:37","modified_gmt":"2025-09-30T17:37:37","slug":"prada-nylon-clutch-schwarz","status":"publish","type":"product","link":"https:\/\/ilovehandbags.com\/de\/prada-nylon-clutch-schwarz\/","title":{"rendered":"Prada Nylon Clutch Schwarz"},"content":{"rendered":"","protected":false},"excerpt":{"rendered":"<div class=\"flex-shrink-0 flex flex-col relative items-end\">\n<div class=\"pt-0\">\n<div class=\"gizmo-bot-avatar flex h-8 w-8 items-center justify-center overflow-hidden rounded-full\">\n<div class=\"relative p-1 rounded-sm flex items-center justify-center bg-token-main-surface-primary text-token-text-primary h-8 w-8\"><span style=\"font-size: 16px;\"><span style=\"font-size: 16px;\">Entdecke die zeitlose Eleganz der Prada <\/span><\/span><span style=\"font-size: 16px;\">Nylon Clutch. Die edle Clutch vereint modernes Design mit einem Hauch von Glamour. Ihr robustes Nylonmaterial wird durch kunstvolle Kristallverzierungen veredelt, die der Tasche einen eleganten und funkelnden Akzent verleihen. Die Clutch ist mit einem praktischen, flachen Leder-Handgelenkriemen ausgestattet, der f\u00fcr zus\u00e4tzlichen Komfort sorgt und gleichzeitig einen stilvollen Touch bietet. <\/span><span style=\"font-size: 16px;\">Der Top-Zip-Verschluss gew\u00e4hrleistet eine sichere Aufbewahrung deiner Essentials, w\u00e4hrend das minimalistische Design in Kombination mit den funkelnden Kristallen einen zeitgen\u00f6ssischen, raffinierten Look schafft. Diese Clutch ist der perfekte Begleiter f\u00fcr besondere Anl\u00e4sse oder Abendveranstaltungen und setzt dein Outfit gekonnt in Szene.<\/span><\/div>\n<\/div>\n<\/div>\n<\/div>\n","protected":false},"featured_media":56063,"template":"","meta":{"_uag_custom_page_level_css":"","site-sidebar-layout":"default","site-content-layout":"default","ast-site-content-layout":"default","site-content-style":"default","site-sidebar-style":"default","ast-global-header-display":"","ast-banner-title-visibility":"","ast-main-header-display":"","ast-hfb-above-header-display":"","ast-hfb-below-header-display":"","ast-hfb-mobile-header-display":"","site-post-title":"","ast-breadcrumbs-content":"","ast-featured-img":"","footer-sml-layout":"","ast-disable-related-posts":"","theme-transparent-header-meta":"default","adv-header-id-meta":"","stick-header-meta":"default","header-above-stick-meta":"","header-main-stick-meta":"","header-below-stick-meta":"","astra-migrate-meta-layouts":"set","ast-page-background-enabled":"default","ast-page-background-meta":{"desktop":{"background-color":"var(--ast-global-color-4)","background-image":"","background-repeat":"repeat","background-position":"center center","background-size":"auto","background-attachment":"scroll","background-type":"","background-media":"","overlay-type":"","overlay-color":"","overlay-opacity":"","overlay-gradient":""},"tablet":{"background-color":"","background-image":"","background-repeat":"repeat","background-position":"center center","background-size":"auto","background-attachment":"scroll","background-type":"","background-media":"","overlay-type":"","overlay-color":"","overlay-opacity":"","overlay-gradient":""},"mobile":{"background-color":"","background-image":"","background-repeat":"repeat","background-position":"center center","background-size":"auto","background-attachment":"scroll","background-type":"","background-media":"","overlay-type":"","overlay-color":"","overlay-opacity":"","overlay-gradient":""}},"ast-content-background-meta":{"desktop":{"background-color":"var(--ast-global-color-5)","background-image":"","background-repeat":"repeat","background-position":"center center","background-size":"auto","background-attachment":"scroll","background-type":"","background-media":"","overlay-type":"","overlay-color":"","overlay-opacity":"","overlay-gradient":""},"tablet":{"background-color":"var(--ast-global-color-5)","background-image":"","background-repeat":"repeat","background-position":"center center","background-size":"auto","background-attachment":"scroll","background-type":"","background-media":"","overlay-type":"","overlay-color":"","overlay-opacity":"","overlay-gradient":""},"mobile":{"background-color":"var(--ast-global-color-5)","background-image":"","background-repeat":"repeat","background-position":"center center","background-size":"auto","background-attachment":"scroll","background-type":"","background-media":"","overlay-type":"","overlay-color":"","overlay-opacity":"","overlay-gradient":""}},"_glsr_average":0,"_glsr_ranking":0,"_glsr_reviews":0},"product_brand":[1591],"product_cat":[208,242,1322,447,449],"product_tag":[1327,1552,1551,1553],"class_list":{"0":"post-56040","1":"product","2":"type-product","3":"status-publish","4":"has-post-thumbnail","6":"product_brand-prada","7":"product_cat-handtaschen","8":"product_cat-kleine-taschen","9":"product_cat-prada","10":"product_cat-sale","11":"product_cat-bald-wieder-da","12":"product_tag-prada","13":"product_tag-prada-clutch","14":"product_tag-prada-nylon","15":"product_tag-prada-pouch","16":"desktop-align-left","17":"tablet-align-left","18":"mobile-align-left","19":"ast-product-gallery-layout-first-image-large","20":"ast-magnify-disabled","21":"ast-product-tabs-layout-accordion","23":"first","24":"outofstock","25":"sale","26":"purchasable","27":"product-type-simple"},"spectra_custom_meta":{"_sku":["P5-0731-02-K"],"_regular_price":["350"],"total_sales":["0"],"_tax_status":["none"],"_tax_class":[""],"_manage_stock":["yes"],"_backorders":["no"],"_sold_individually":["no"],"_crosssell_ids":["a:1:{i:0;i:23129;}"],"_virtual":["no"],"_downloadable":["no"],"_product_image_gallery":["56049,56065,56051,56053,56045,56047,56067,56059,56061,56057"],"_download_limit":["-1"],"_download_expiry":["-1"],"_thumbnail_id":["56063"],"_stock":["0"],"_stock_status":["outofstock"],"_wc_average_rating":[0],"_wc_review_count":["0"],"_product_attributes":["a:3:{s:8:\"pa_brand\";a:7:{s:4:\"name\";s:8:\"pa_brand\";s:5:\"value\";s:0:\"\";s:8:\"position\";i:1;s:10:\"is_visible\";i:0;s:12:\"is_variation\";i:1;s:11:\"is_taxonomy\";i:1;s:16:\"checkout_visible\";i:0;}s:8:\"pa_color\";a:7:{s:4:\"name\";s:8:\"pa_color\";s:5:\"value\";s:0:\"\";s:8:\"position\";i:2;s:10:\"is_visible\";i:0;s:12:\"is_variation\";i:1;s:11:\"is_taxonomy\";i:1;s:16:\"checkout_visible\";i:0;}s:9:\"pa_gender\";a:7:{s:4:\"name\";s:9:\"pa_gender\";s:5:\"value\";s:0:\"\";s:8:\"position\";i:3;s:10:\"is_visible\";i:0;s:12:\"is_variation\";i:1;s:11:\"is_taxonomy\";i:1;s:16:\"checkout_visible\";i:0;}}"],"_product_version":["10.2.2"],"_price":["310"],"_not_in_inventory_checkbox":["yes","yes"],"_wpml_media_featured":["1","1","1","1"],"_wpml_media_duplicate":["1","1","1","1"],"_wpml_word_count":["141"],"_wpml_location_migration_done":["1"],"_fusion":["a:3:{s:17:\"slider_visibility\";s:51:\"small-visibility,medium-visibility,large-visibility\";s:11:\"slider_type\";s:2:\"no\";s:9:\"wooslider\";s:1:\"0\";}"],"rank_math_seo_score":["83"],"rank_math_focus_keyword":["Prada"],"_purchase_price_field":["201,50"],"_internal_warehouse_number_field":["20245-0731-02-K"],"_gdrive_field":["https:\/\/drive.google.com\/drive\/u\/1\/folders\/1sV9gu1lF1Swo9kuO_JrUys7L3XUDnaV9"],"_unit":[""],"_unit_base":[""],"_unit_product":[""],"_unit_price_auto":["no"],"_unit_price_regular":[""],"_unit_price":[""],"_unit_price_sale":[""],"_sale_price_label":[""],"_sale_price_regular_label":[""],"_mini_desc":["Prada Nylon Clutch Schwarz"],"_defect_description":[""],"_allergen_ids":["a:0:{}"],"_warranty_attachment_id":[""],"_min_age":[""],"_ts_gtin":[""],"_ts_mpn":[""],"_delivery_time_countries":["a:0:{}"],"_free_shipping":["no"],"_service":["no"],"_photovoltaic_system":["no"],"_used_good":["yes"],"_defective_copy":["no"],"_is_food":["no"],"_differential_taxation":["yes"],"_gzd_version":["3.20.2"],"_hs_code":[""],"_manufacture_country":["0"],"_rank_math_gtin_code":[""],"_fusion_google_fonts":[""],"fusion_builder_status":["active"],"rank_math_primary_product_cat":["0"],"_wcml_custom_prices_status":["0"],"avada_post_views_count":["50"],"avada_today_post_views_count":["3"],"avada_post_views_count_today_date":["12-04-2023"],"yikes_woo_products_tabs":["a:2:{i:0;a:3:{s:5:\"title\";s:21:\"Weitere Informationen\";s:2:\"id\";s:21:\"weitere-informationen\";s:7:\"content\";s:267:\"<strong>Material au\u00dfen: <\/strong>Schwarzes Nylonmaterial mit Kristallverzierungen und Lederelementen\r\n<strong>Material innen: <\/strong>Textilinnenfutter\r\n<strong>Ma\u00dfe: <\/strong>(B) 22 \u00d7 (H) 15 \u00d7 (T) 4 cm\r\n<strong>Lieferumfang:<\/strong> I Love Handbags Staubbeutel\";}i:1;a:3:{s:5:\"title\";s:7:\"Zustand\";s:2:\"id\";s:7:\"zustand\";s:7:\"content\";s:243:\"<strong>Gesamtzustand: <\/strong>Sehr gut\r\n<strong>Au\u00dfenmaterial: <\/strong>Intakt mit minimalen Gebrauchsspuren\r\n<strong>Verschluss: <\/strong>Schlie\u00dft gut\r\n<strong>Hardware: <\/strong>Leichte Gebrauchsspuren\r\n<strong>Innenraum: <\/strong>Sauber\";}}"],"_deposit_type":[""],"_nutrient_ids":["a:0:{}"],"_nutrient_reference_value":["100g"],"_ingredients":[""],"_nutri_score":[""],"_alcohol_content":[""],"_drained_weight":[""],"_net_filling_quantity":[""],"_food_distributor":[""],"_food_description":[""],"_food_place_of_origin":[""],"_deposit_quantity":[""],"site-sidebar-layout":["default"],"site-content-layout":["default"],"theme-transparent-header-meta":["default"],"stick-header-meta":["default"],"_default_delivery_time":[""],"rank_math_robots":["a:1:{i:0;s:5:\"index\";}"],"_pys_conversion_label_settings":["a:3:{s:6:\"enable\";b:0;s:5:\"label\";s:0:\"\";s:2:\"id\";s:14:\"AW-11184563350\";}"],"_pys_super_pack_cpt_url":[""],"_pys_super_pack_cpt_condition":["only"],"_pys_super_pack_cpt_cart":["hidden"],"_woosea_brand":[""],"_woosea_mpn":[""],"_woosea_upc":[""],"_woosea_ean":[""],"_woosea_gtin":[""],"_woosea_color":[""],"_woosea_size":[""],"_woosea_gender":[""],"_woosea_material":[""],"_woosea_pattern":[""],"_woosea_optimized_title":[""],"_woosea_unit_pricing_measure":[""],"_woosea_unit_pricing_base_measure":[""],"_woosea_condition":[""],"_woosea_age_group":["adult"],"_woosea_installment_months":[""],"_woosea_installment_amount":[""],"_woosea_exclude_product":["no"],"_woosea_cost_of_good_sold":[""],"_woosea_multipack":[""],"_woosea_is_bundle":[""],"_woosea_energy_efficiency_class":[""],"_woosea_min_energy_efficiency_class":[""],"_woosea_max_energy_efficiency_class":[""],"_woosea_is_promotion":[""],"_woosea_custom_field_0":[""],"_woosea_custom_field_1":[""],"_woosea_custom_field_2":[""],"_woosea_custom_field_3":[""],"_woosea_custom_field_4":[""],"_pys_head_footer":["a:7:{s:14:\"disable_global\";b:0;s:8:\"head_any\";s:0:\"\";s:12:\"head_desktop\";s:0:\"\";s:11:\"head_mobile\";s:0:\"\";s:10:\"footer_any\";s:0:\"\";s:14:\"footer_desktop\";s:0:\"\";s:13:\"footer_mobile\";s:0:\"\";}"],"litespeed_vpi_list":["a:2:{i:0;s:8:\"logo.png\";i:1;s:60:\"Chanel-Woc-Caviar-schwarz-kette-2023-0082-scaled-500x500.jpg\";}"],"_customs_description":[""],"_wp_old_date":["2023-04-07","2023-06-01","2023-08-29","2023-08-31","2023-12-28","2024-02-23","2024-03-13","2024-04-01","2024-04-05","2024-09-05","2024-10-05","2024-12-04"],"_is_non_returnable":["no"],"_wpml_media_has_media":["1"],"ast-site-content-layout":["default"],"site-content-style":["default"],"site-sidebar-style":["default"],"litespeed_vpi_list_mobile":["a:2:{i:0;s:8:\"logo.png\";i:1;s:78:\"Chanel-Timeless-Flap-Bag-Medium-Vorderseite-3-2023-0338.JPG-scaled-500x500.jpg\";}"],"_internal_date_code":[""],"_internal_product_origin":["Italien"],"_product_rating":["A"],"rank_math_schema_WooCommerceProduct":["a:2:{s:5:\"@type\";s:18:\"WooCommerceProduct\";s:8:\"metadata\";a:4:{s:5:\"title\";s:19:\"WooCommerce Product\";s:4:\"type\";s:8:\"template\";s:9:\"shortcode\";s:15:\"s-655c68c138ffc\";s:9:\"isPrimary\";s:1:\"1\";}}"],"rank_math_shortcode_schema_s-655c68c138ffc":["363648"],"rank_math_rich_snippet":["off"],"_custom_html_content":[""],"_show_in_inventory_checkbox":[""],"_wpml_post_translation_editor_native":["no"],"_customer_view":["17"],"_custom_view_last_updated":["2025-09-30 13:15:38"],"_shipping_length":[""],"_shipping_width":[""],"_shipping_height":[""],"_zettle_product_cat_id":[""],"_product_shipping_weight":["1kg"],"_product_available_from_field":["2025-03-07T19:00"],"_manufacturer_slug":["prada-s-p-a"],"_safety_attachment_ids":["a:0:{}"],"_nickx_video_text_url":["a:1:{i:0;s:0:\"\";}"],"_nickx_product_video_type":["a:1:{i:0;s:23:\"nickx_video_url_youtube\";}"],"_nickx_product_video_thumb_ids":["a:1:{i:0;s:0:\"\";}"],"_safety_instructions":[""],"similar_product_key":["1741198776"],"_edit_lock":["1759253757:4"],"woocommerce_izettle_product_uuid":["be30aca8-fa66-11ef-c01a-353536383939"],"woocommerce_izettle_variant_uuid":["213e9a76-dd5c-11ef-c0e1-353536383939"],"_izettle_product_etag":["ED305E99CB5F70CD8EFFEB31E56316E4"],"_izettle_updated":["1755929004"],"_edit_last":["4"],"_wireless_electronic_device":["no"],"_device_contains_power_supply":["no"],"_device_charging_supports_usb_pd":["no"],"_device_charging_watt_min":["0"],"_device_charging_watt_max":["0"],"_izettle_barcode":[""],"_izettle_nosync":[""],"_izettle_cost_price":[""],"_izettle_special_price":[""],"_izettle_product_name":[""],"rank_math_primary_product_brand":["1591"],"_product_reserve_till_field":[""],"_izettle_image_lookup_key":["3kyncy1cEe-udXp3qLWasA-wDYCGUbBEfCRmGUGfBBmFw"],"sib_push_meta_box_present":["1"],"sib_push_send_notification":["0"],"sib_push_target_segment_ids":["@ALL"],"_sale_price":["310"],"_ame_cpe_post_policy":["{\"accessProtection\":{\"active\":\"replace\"}}"],"copied_media_ids":["a:0:{}"],"referenced_media_ids":["a:11:{i:0;i:56063;i:1;i:56049;i:2;i:56065;i:3;i:56051;i:4;i:56053;i:5;i:56045;i:6;i:56047;i:7;i:56067;i:8;i:56059;i:9;i:56061;i:10;i:56057;}"],"_ship_separately_via":[""],"_wcml_average_rating":[null],"_wcml_review_count":[null],"_wcml_rating_count":[null],"astra-migrate-meta-layouts":["set"],"rank_math_analytic_object_id":["946"],"_wc_rating_count":[""]},"uagb_featured_image_src":{"full":["https:\/\/ilovehandbags.com\/wp-content\/uploads\/sites\/3\/Photoroom_001_20250306_092324-scaled.jpg",2560,1920,false],"thumbnail":["https:\/\/ilovehandbags.com\/wp-content\/uploads\/sites\/3\/Photoroom_001_20250306_092324-scaled-150x150.jpg",150,150,true],"medium":["https:\/\/ilovehandbags.com\/wp-content\/uploads\/sites\/3\/Photoroom_001_20250306_092324-scaled-300x300.jpg",300,300,true],"medium_large":["https:\/\/ilovehandbags.com\/wp-content\/uploads\/sites\/3\/Photoroom_001_20250306_092324-scaled-768x768.jpg",768,768,true],"large":["https:\/\/ilovehandbags.com\/wp-content\/uploads\/sites\/3\/Photoroom_001_20250306_092324-scaled-1024x1024.jpg",1024,1024,true],"1536x1536":["https:\/\/ilovehandbags.com\/wp-content\/uploads\/sites\/3\/Photoroom_001_20250306_092324-scaled.jpg",1536,1152,false],"2048x2048":["https:\/\/ilovehandbags.com\/wp-content\/uploads\/sites\/3\/Photoroom_001_20250306_092324-scaled.jpg",2048,1536,false],"woocommerce_thumbnail":["https:\/\/ilovehandbags.com\/wp-content\/uploads\/sites\/3\/Photoroom_001_20250306_092324-scaled-500x500.jpg",500,500,true],"woocommerce_single":["https:\/\/ilovehandbags.com\/wp-content\/uploads\/sites\/3\/Photoroom_001_20250306_092324-scaled-500x500.jpg",500,500,true],"woocommerce_gallery_thumbnail":["https:\/\/ilovehandbags.com\/wp-content\/uploads\/sites\/3\/Photoroom_001_20250306_092324-scaled-100x100.jpg",100,100,true]},"uagb_author_info":{"display_name":"ILoveHandbags","author_link":"https:\/\/ilovehandbags.com\/de\/author\/"},"uagb_comment_info":0,"uagb_excerpt":"Entdecke die zeitlose Eleganz der Prada Nylon Clutch. Die edle Clutch vereint modernes Design mit einem Hauch von Glamour. Ihr robustes Nylonmaterial wird durch kunstvolle Kristallverzierungen veredelt, die der Tasche einen eleganten und funkelnden Akzent verleihen. Die Clutch ist mit einem praktischen, flachen Leder-Handgelenkriemen ausgestattet, der f\u00fcr zus\u00e4tzlichen Komfort sorgt und gleichzeitig einen stilvollen Touch&hellip;","_links":{"self":[{"href":"https:\/\/ilovehandbags.com\/de\/wp-json\/wp\/v2\/product\/56040","targetHints":{"allow":["GET"]}}],"collection":[{"href":"https:\/\/ilovehandbags.com\/de\/wp-json\/wp\/v2\/product"}],"about":[{"href":"https:\/\/ilovehandbags.com\/de\/wp-json\/wp\/v2\/types\/product"}],"wp:featuredmedia":[{"embeddable":true,"href":"https:\/\/ilovehandbags.com\/de\/wp-json\/wp\/v2\/media\/56063"}],"wp:attachment":[{"href":"https:\/\/ilovehandbags.com\/de\/wp-json\/wp\/v2\/media?parent=56040"}],"wp:term":[{"taxonomy":"product_brand","embeddable":true,"href":"https:\/\/ilovehandbags.com\/de\/wp-json\/wp\/v2\/product_brand?post=56040"},{"taxonomy":"product_cat","embeddable":true,"href":"https:\/\/ilovehandbags.com\/de\/wp-json\/wp\/v2\/product_cat?post=56040"},{"taxonomy":"product_tag","embeddable":true,"href":"https:\/\/ilovehandbags.com\/de\/wp-json\/wp\/v2\/product_tag?post=56040"}],"curies":[{"name":"wp","href":"https:\/\/api.w.org\/{rel}","templated":true}]}}