{"id":57511,"date":"2025-03-26T18:00:45","date_gmt":"2025-03-26T17:00:45","guid":{"rendered":"https:\/\/ilovehandbags.com\/?post_type=product&#038;p=57511"},"modified":"2025-09-02T10:38:48","modified_gmt":"2025-09-02T08:38:48","slug":"louis-vuitton-multi-pochette-accessoires-monogram-canvas-rose-clair-6","status":"publish","type":"product","link":"https:\/\/ilovehandbags.com\/de\/louis-vuitton-multi-pochette-accessoires-monogram-canvas-rose-clair-6\/","title":{"rendered":"Louis Vuitton Multi Pochette Accessoires Monogram Canvas Rose Clair"},"content":{"rendered":"","protected":false},"excerpt":{"rendered":"<p>Die Louis Vuitton Multi Pochette Accessoires ist dein ultimativer Begleiter, der Funktionalit\u00e4t und Stil perfekt vereint. Mit einer Pochette Accessoires, einer Mini Pochette Accessoires und einer runden M\u00fcnzgeldb\u00f6rse bietet sie eine vielseitige Hybrid-Handtasche mit reichlich Platz f\u00fcr all deine Essentials. Jedes Element ist sorgf\u00e4ltig aus hochwertigem Monogram Canvas gefertigt, w\u00e4hrend das charmante Mini Monogram-Motiv die Seiten der beiden Pochettes ziert und ihnen einen zus\u00e4tzlichen Hauch von Raffinesse verleiht. Die Multi Pochette Accessoires ist nicht nur stilvoll, sondern auch \u00e4u\u00dferst praktisch. Sie verf\u00fcgt \u00fcber mehrere Taschen und F\u00e4cher, die dir helfen, deine Dinge organisiert zu halten. Mit der abnehmbaren goldfarbenen Kette und dem rosafarbenen, verstellbaren Schulterriemen aus Jacquardgewebe mit dem ikonischen Louis Vuitton Schriftzug hast du zahlreiche M\u00f6glichkeiten, deinen pers\u00f6nlichen Stil auszudr\u00fccken und die Tasche nach deinen W\u00fcnschen zu tragen.<\/p>\n","protected":false},"featured_media":57564,"template":"","meta":{"_uag_custom_page_level_css":"","site-sidebar-layout":"default","site-content-layout":"default","ast-site-content-layout":"default","site-content-style":"default","site-sidebar-style":"default","ast-global-header-display":"","ast-banner-title-visibility":"","ast-main-header-display":"","ast-hfb-above-header-display":"","ast-hfb-below-header-display":"","ast-hfb-mobile-header-display":"","site-post-title":"","ast-breadcrumbs-content":"","ast-featured-img":"","footer-sml-layout":"","ast-disable-related-posts":"","theme-transparent-header-meta":"default","adv-header-id-meta":"","stick-header-meta":"default","header-above-stick-meta":"","header-main-stick-meta":"","header-below-stick-meta":"","astra-migrate-meta-layouts":"set","ast-page-background-enabled":"default","ast-page-background-meta":{"desktop":{"background-color":"var(--ast-global-color-4)","background-image":"","background-repeat":"repeat","background-position":"center center","background-size":"auto","background-attachment":"scroll","background-type":"","background-media":"","overlay-type":"","overlay-color":"","overlay-opacity":"","overlay-gradient":""},"tablet":{"background-color":"","background-image":"","background-repeat":"repeat","background-position":"center center","background-size":"auto","background-attachment":"scroll","background-type":"","background-media":"","overlay-type":"","overlay-color":"","overlay-opacity":"","overlay-gradient":""},"mobile":{"background-color":"","background-image":"","background-repeat":"repeat","background-position":"center center","background-size":"auto","background-attachment":"scroll","background-type":"","background-media":"","overlay-type":"","overlay-color":"","overlay-opacity":"","overlay-gradient":""}},"ast-content-background-meta":{"desktop":{"background-color":"var(--ast-global-color-5)","background-image":"","background-repeat":"repeat","background-position":"center center","background-size":"auto","background-attachment":"scroll","background-type":"","background-media":"","overlay-type":"","overlay-color":"","overlay-opacity":"","overlay-gradient":""},"tablet":{"background-color":"var(--ast-global-color-5)","background-image":"","background-repeat":"repeat","background-position":"center center","background-size":"auto","background-attachment":"scroll","background-type":"","background-media":"","overlay-type":"","overlay-color":"","overlay-opacity":"","overlay-gradient":""},"mobile":{"background-color":"var(--ast-global-color-5)","background-image":"","background-repeat":"repeat","background-position":"center center","background-size":"auto","background-attachment":"scroll","background-type":"","background-media":"","overlay-type":"","overlay-color":"","overlay-opacity":"","overlay-gradient":""}},"_glsr_average":0,"_glsr_ranking":0,"_glsr_reviews":0},"product_brand":[1584],"product_cat":[208,242,239,449],"product_tag":[214,455,454,265],"class_list":{"0":"post-57511","1":"product","2":"type-product","3":"status-publish","4":"has-post-thumbnail","6":"product_brand-louis-vuitton","7":"product_cat-handtaschen","8":"product_cat-kleine-taschen","9":"product_cat-louis-vuitton","10":"product_cat-bald-wieder-da","11":"product_tag-louis-vuitton","12":"product_tag-louis-vuitton-m44840","13":"product_tag-louis-vuitton-multi-pochette-accessoires","14":"product_tag-louis-vuitton-pochette-accessoires","15":"desktop-align-left","16":"tablet-align-left","17":"mobile-align-left","18":"ast-product-gallery-layout-first-image-large","19":"ast-magnify-disabled","20":"ast-product-tabs-layout-accordion","22":"first","23":"outofstock","24":"sold-individually","25":"purchasable","26":"product-type-simple"},"spectra_custom_meta":{"_sku":["P5-0773"],"_regular_price":["1690"],"total_sales":["1"],"_tax_status":["none"],"_tax_class":[""],"_manage_stock":["yes"],"_backorders":["no"],"_sold_individually":["yes"],"_virtual":["no"],"_downloadable":["no"],"_product_image_gallery":["57527,57529,57513,57555,57521,57525,57515,57517,57551,57549,57547,57545,57543,57541,57539,57537,57553,57519,57531,57533,57535"],"_download_limit":["-1"],"_download_expiry":["-1"],"_thumbnail_id":["57564"],"_stock":["0"],"_stock_status":["outofstock"],"_wc_average_rating":[0],"_wc_review_count":["0"],"_product_attributes":["a:3:{s:8:\"pa_brand\";a:7:{s:4:\"name\";s:8:\"pa_brand\";s:5:\"value\";s:0:\"\";s:8:\"position\";i:1;s:10:\"is_visible\";i:0;s:12:\"is_variation\";i:0;s:11:\"is_taxonomy\";i:1;s:16:\"checkout_visible\";i:0;}s:8:\"pa_color\";a:7:{s:4:\"name\";s:8:\"pa_color\";s:5:\"value\";s:0:\"\";s:8:\"position\";i:2;s:10:\"is_visible\";i:0;s:12:\"is_variation\";i:0;s:11:\"is_taxonomy\";i:1;s:16:\"checkout_visible\";i:0;}s:9:\"pa_gender\";a:7:{s:4:\"name\";s:9:\"pa_gender\";s:5:\"value\";s:0:\"\";s:8:\"position\";i:3;s:10:\"is_visible\";i:0;s:12:\"is_variation\";i:0;s:11:\"is_taxonomy\";i:1;s:16:\"checkout_visible\";i:0;}}"],"_product_version":["10.1.2"],"_price":["1690"],"_wpml_media_featured":["1","1","1","1","1","1","1","1"],"_wpml_media_duplicate":["1","1","1","1","1","1","1","1"],"_wpml_word_count":["185"],"_wpml_location_migration_done":["1"],"_fusion":["a:3:{s:17:\"slider_visibility\";s:51:\"small-visibility,medium-visibility,large-visibility\";s:11:\"slider_type\";s:2:\"no\";s:9:\"wooslider\";s:1:\"0\";}"],"rank_math_seo_score":["63"],"rank_math_focus_keyword":["louis vuitton"],"_purchase_price_field":["1200"],"_internal_warehouse_number_field":["P5-0773"],"_gdrive_field":["https:\/\/drive.google.com\/drive\/u\/1\/folders\/1iDIsSG8R_4U6RmIuAnznPUA1mztF4FVt"],"_unit":[""],"_unit_base":[""],"_unit_product":[""],"_unit_price_auto":["no"],"_unit_price_regular":[""],"_unit_price":[""],"_unit_price_sale":[""],"_sale_price_label":[""],"_sale_price_regular_label":[""],"_mini_desc":["Louis Vuitton Multi Pochette Accessoires Monogram Canvas Rose Clair"],"_defect_description":[""],"_allergen_ids":["a:0:{}"],"_warranty_attachment_id":[""],"_min_age":[""],"_ts_gtin":[""],"_ts_mpn":[""],"_delivery_time_countries":["a:0:{}"],"_free_shipping":["no"],"_service":["no"],"_photovoltaic_system":["no"],"_used_good":["yes"],"_defective_copy":["no"],"_is_food":["no"],"_differential_taxation":["yes"],"_gzd_version":["3.20.1"],"_hs_code":[""],"_manufacture_country":["0"],"_rank_math_gtin_code":["M44840"],"_fusion_google_fonts":[""],"fusion_builder_status":["active"],"rank_math_primary_product_cat":["0"],"_wcml_custom_prices_status":["0"],"avada_post_views_count":["13"],"avada_today_post_views_count":["2"],"avada_post_views_count_today_date":["14-04-2023"],"_deposit_type":[""],"_nutrient_ids":["a:0:{}"],"_nutrient_reference_value":["100g"],"_ingredients":[""],"_nutri_score":[""],"_alcohol_content":[""],"_drained_weight":[""],"_net_filling_quantity":[""],"_food_distributor":[""],"_food_description":[""],"_food_place_of_origin":[""],"_deposit_quantity":[""],"yikes_woo_products_tabs":["a:2:{i:0;a:3:{s:5:\"title\";s:21:\"Weitere Informationen\";s:2:\"id\";s:21:\"weitere-informationen\";s:7:\"content\";s:625:\"<strong>Material au\u00dfen: <\/strong>Monogram Canvas\r\n<strong>Material innen: <\/strong>Brauner Textilstoff\r\n<strong>Material Schulterriemen:<\/strong> Jacquardgewebe\r\n<strong>Ma\u00dfe gro\u00dfe Pochette: <\/strong>23,5 x 13,5 x 4 cm\r\n<strong>Ma\u00dfe kleine Pochette:<\/strong> 18,5 x 10,5 x 3 cm\r\n<strong>Ma\u00dfe runde Geldb\u00f6rse:<\/strong> 9 x 9 x 2 cm\r\n<strong>L\u00e4nge des verstellbaren Schulterriemens:<\/strong> 76 bis 113 cm\r\n<strong>L\u00e4nge der abnehmbaren Kette:<\/strong> 53 cm\r\n<strong>Date Code:<\/strong> RFID Chip\r\n<strong>Lieferumfang:<\/strong> Louis Vuitton Box, Staubbeutel, Kopie der Kaufrechnung und 2 Entrupy Echtheitszertifikate\";}i:1;a:3:{s:5:\"title\";s:7:\"Zustand\";s:2:\"id\";s:7:\"zustand\";s:7:\"content\";s:309:\"<strong>Gesamtzustand: <\/strong>Sehr gut\r\n<strong>Canvas: <\/strong>Intakt\r\n<strong>Vachetta Leder: <\/strong>Leichte Patina, vereinzelt mit kleinen Flecken\r\n<strong>Rei\u00dfverschl\u00fcsse: <\/strong>Schlie\u00dfen fl\u00fcssig\r\n<strong>Hardware:<\/strong> Leichte Gebrauchsspuren vorhanden\r\n<strong>Innenraum: <\/strong>Sauber\";}}"],"site-sidebar-layout":["default"],"site-content-layout":["default"],"theme-transparent-header-meta":["default"],"stick-header-meta":["default"],"_wp_old_date":["2023-04-14","2023-05-08","2023-05-15","2023-06-23","2023-07-31","2024-03-19","2025-03-28"],"_pys_conversion_label_settings":["a:3:{s:6:\"enable\";b:0;s:5:\"label\";s:0:\"\";s:2:\"id\";s:14:\"AW-11184563350\";}"],"_pys_super_pack_cpt_url":[""],"_pys_super_pack_cpt_condition":["only"],"_pys_super_pack_cpt_cart":["hidden"],"_pys_head_footer":["a:7:{s:14:\"disable_global\";b:0;s:8:\"head_any\";s:0:\"\";s:12:\"head_desktop\";s:0:\"\";s:11:\"head_mobile\";s:0:\"\";s:10:\"footer_any\";s:0:\"\";s:14:\"footer_desktop\";s:0:\"\";s:13:\"footer_mobile\";s:0:\"\";}"],"_borlabs-cookie-custom-code":[""],"_woosea_brand":[""],"_woosea_mpn":[""],"_woosea_upc":[""],"_woosea_ean":[""],"_woosea_gtin":[""],"_woosea_color":[""],"_woosea_size":[""],"_woosea_gender":[""],"_woosea_material":[""],"_woosea_pattern":[""],"_woosea_optimized_title":[""],"_woosea_unit_pricing_measure":[""],"_woosea_unit_pricing_base_measure":[""],"_woosea_condition":[""],"_woosea_age_group":["adult"],"_woosea_installment_months":[""],"_woosea_installment_amount":[""],"_woosea_exclude_product":["no"],"_woosea_cost_of_good_sold":[""],"_woosea_multipack":[""],"_woosea_is_bundle":[""],"_woosea_energy_efficiency_class":[""],"_woosea_min_energy_efficiency_class":[""],"_woosea_max_energy_efficiency_class":[""],"_woosea_is_promotion":[""],"_woosea_custom_field_0":[""],"_woosea_custom_field_1":[""],"_woosea_custom_field_2":[""],"_woosea_custom_field_3":[""],"_woosea_custom_field_4":[""],"_customs_description":[""],"_is_non_returnable":["no"],"ast-site-content-layout":["default"],"site-content-style":["default"],"site-sidebar-style":["default"],"_wpml_media_has_media":["1"],"litespeed_vpi_list_mobile":["a:2:{i:0;s:8:\"logo.png\";i:1;s:79:\"Louis-Vuitton-Multi-Pochette-Accessoires-Titelbild-2023-0288-scaled-500x500.jpg\";}"],"litespeed_vpi_list":["a:3:{i:0;s:8:\"logo.png\";i:1;s:6:\"de.png\";i:2;s:79:\"Louis-Vuitton-Multi-Pochette-Accessoires-Titelbild-2023-0288-scaled-500x500.jpg\";}"],"_internal_date_code":["RFID Chip"],"_internal_product_origin":["Frankreich"],"rank_math_robots":["a:1:{i:0;s:5:\"index\";}"],"_product_rating":["A"],"_not_in_inventory_checkbox":[""],"_custom_html_content":[""],"_customer_view":["23"],"_custom_view_last_updated":["2025-03-28 21:46:40"],"_wpml_post_translation_editor_native":["no"],"_shipping_length":[""],"_shipping_width":[""],"_shipping_height":[""],"_zettle_product_cat_id":[""],"_product_shipping_weight":["1kg"],"_product_available_from_field":["2025-03-28T19:00"],"_manufacturer_slug":[""],"_safety_instructions":[""],"_safety_attachment_ids":["a:0:{}"],"_nickx_video_text_url":["a:1:{i:0;s:0:\"\";}"],"_nickx_product_video_type":["a:1:{i:0;s:23:\"nickx_video_url_youtube\";}"],"_nickx_product_video_thumb_ids":["a:1:{i:0;s:0:\"\";}"],"_product_reserve_till_field":[""],"similar_product_key":["1739366303"],"_wireless_electronic_device":["no"],"_device_contains_power_supply":["no"],"_device_charging_supports_usb_pd":["no"],"_device_charging_watt_min":["0"],"_device_charging_watt_max":["0"],"rank_math_primary_product_brand":["1584"],"_edit_lock":["1756802259:4"],"_edit_last":["4"],"_izettle_barcode":[""],"_izettle_nosync":[""],"_izettle_cost_price":[""],"_izettle_special_price":[""],"_izettle_product_name":[""],"woocommerce_izettle_product_uuid":["baad0c9e-0a64-11f0-81d0-353536383939"],"woocommerce_izettle_variant_uuid":["baad445c-0a64-11f0-8302-353536383939"],"_izettle_updated":["1743123623"],"_izettle_image_lookup_key":["3kyncy1cEe-udXp3qLWasA-B7m_Wwr4EfCR_kxGGA5CEg"],"_izettle_product_etag":["C8F255D3D8D7369A79FF69ED8C1A9D0B"],"copied_media_ids":["a:0:{}"],"referenced_media_ids":["a:22:{i:0;i:57564;i:1;i:57527;i:2;i:57529;i:3;i:57513;i:4;i:57555;i:5;i:57521;i:6;i:57525;i:7;i:57515;i:8;i:57517;i:9;i:57551;i:10;i:57549;i:11;i:57547;i:12;i:57545;i:13;i:57543;i:14;i:57541;i:15;i:57539;i:16;i:57537;i:17;i:57553;i:18;i:57519;i:19;i:57531;i:20;i:57533;i:21;i:57535;}"],"sib_push_meta_box_present":["1"],"sib_push_send_notification":["0"],"sib_push_target_segment_ids":["@ALL"],"_zettle_barcode":[""],"_wcml_average_rating":[null],"_wcml_review_count":[null],"_wcml_rating_count":[null],"_ame_cpe_post_policy":["{\"accessProtection\":{\"active\":\"replace\"}}"],"astra-migrate-meta-layouts":["set"],"rank_math_analytic_object_id":["876"],"_wc_rating_count":[""]},"uagb_featured_image_src":{"full":["https:\/\/ilovehandbags.com\/wp-content\/uploads\/sites\/3\/Photoroom_20250327_113627-scaled.jpeg",2560,1920,false],"thumbnail":["https:\/\/ilovehandbags.com\/wp-content\/uploads\/sites\/3\/Photoroom_20250327_113627-150x150.jpeg",150,150,true],"medium":["https:\/\/ilovehandbags.com\/wp-content\/uploads\/sites\/3\/Photoroom_20250327_113627-300x300.jpeg",300,300,true],"medium_large":["https:\/\/ilovehandbags.com\/wp-content\/uploads\/sites\/3\/Photoroom_20250327_113627-768x768.jpeg",768,768,true],"large":["https:\/\/ilovehandbags.com\/wp-content\/uploads\/sites\/3\/Photoroom_20250327_113627-1024x1024.jpeg",1024,1024,true],"1536x1536":["https:\/\/ilovehandbags.com\/wp-content\/uploads\/sites\/3\/Photoroom_20250327_113627-scaled.jpeg",1536,1152,false],"2048x2048":["https:\/\/ilovehandbags.com\/wp-content\/uploads\/sites\/3\/Photoroom_20250327_113627-scaled.jpeg",2048,1536,false],"woocommerce_thumbnail":["https:\/\/ilovehandbags.com\/wp-content\/uploads\/sites\/3\/Photoroom_20250327_113627-500x500.jpeg",500,500,true],"woocommerce_single":["https:\/\/ilovehandbags.com\/wp-content\/uploads\/sites\/3\/Photoroom_20250327_113627-500x500.jpeg",500,500,true],"woocommerce_gallery_thumbnail":["https:\/\/ilovehandbags.com\/wp-content\/uploads\/sites\/3\/Photoroom_20250327_113627-100x100.jpeg",100,100,true]},"uagb_author_info":{"display_name":"ILoveHandbags","author_link":"https:\/\/ilovehandbags.com\/de\/author\/"},"uagb_comment_info":0,"uagb_excerpt":"Die Louis Vuitton Multi Pochette Accessoires ist dein ultimativer Begleiter, der Funktionalit\u00e4t und Stil perfekt vereint. Mit einer Pochette Accessoires, einer Mini Pochette Accessoires und einer runden M\u00fcnzgeldb\u00f6rse bietet sie eine vielseitige Hybrid-Handtasche mit reichlich Platz f\u00fcr all deine Essentials. Jedes Element ist sorgf\u00e4ltig aus hochwertigem Monogram Canvas gefertigt, w\u00e4hrend das charmante Mini Monogram-Motiv die&hellip;","_links":{"self":[{"href":"https:\/\/ilovehandbags.com\/de\/wp-json\/wp\/v2\/product\/57511","targetHints":{"allow":["GET"]}}],"collection":[{"href":"https:\/\/ilovehandbags.com\/de\/wp-json\/wp\/v2\/product"}],"about":[{"href":"https:\/\/ilovehandbags.com\/de\/wp-json\/wp\/v2\/types\/product"}],"wp:featuredmedia":[{"embeddable":true,"href":"https:\/\/ilovehandbags.com\/de\/wp-json\/wp\/v2\/media\/57564"}],"wp:attachment":[{"href":"https:\/\/ilovehandbags.com\/de\/wp-json\/wp\/v2\/media?parent=57511"}],"wp:term":[{"taxonomy":"product_brand","embeddable":true,"href":"https:\/\/ilovehandbags.com\/de\/wp-json\/wp\/v2\/product_brand?post=57511"},{"taxonomy":"product_cat","embeddable":true,"href":"https:\/\/ilovehandbags.com\/de\/wp-json\/wp\/v2\/product_cat?post=57511"},{"taxonomy":"product_tag","embeddable":true,"href":"https:\/\/ilovehandbags.com\/de\/wp-json\/wp\/v2\/product_tag?post=57511"}],"curies":[{"name":"wp","href":"https:\/\/api.w.org\/{rel}","templated":true}]}}