{"id":58188,"date":"2025-04-09T12:01:37","date_gmt":"2025-04-09T10:01:37","guid":{"rendered":"https:\/\/ilovehandbags.com\/?post_type=product&#038;p=58188"},"modified":"2025-06-23T19:45:42","modified_gmt":"2025-06-23T17:45:42","slug":"louis-vuitton-speedy-30-giant-khaki","status":"publish","type":"product","link":"https:\/\/ilovehandbags.com\/de\/louis-vuitton-speedy-30-giant-khaki\/","title":{"rendered":"Louis Vuitton Speedy 30 Bandouliere Giant Khaki"},"content":{"rendered":"","protected":false},"excerpt":{"rendered":"<p class=\"\" data-start=\"0\" data-end=\"478\">Entdecke die Louis Vuitton Monogram Giant Speedy Bandouliere 30 in Kaki und Creme \u2013 eine limitierte Edition, die durch ihr einzigartiges Design besticht. Diese Speedy vereint das klassische Louis Vuitton Monogram in einer modernen Neuinterpretation. Auf dem beschichteten Canvas in Beige und Gr\u00fcn sind sowohl Miniatur- als auch \u00fcbergro\u00dfe Versionen des ikonischen Monogramms abgebildet \u2013 ein auff\u00e4lliges Muster, das der Tasche eine frische und elegante Ausstrahlung verleiht. Die Tasche verf\u00fcgt \u00fcber die markanten schwarz-wei\u00dfen Monogramm-Print-Rollengriffe sowie Messingbeschl\u00e4ge, die ihr einen luxuri\u00f6sen Touch verleihen. Der Innenraum ist gro\u00dfz\u00fcgig und in hellem Beige gehalten, mit einer praktischen, h\u00e4ngenden Rei\u00dfverschlusstasche f\u00fcr zus\u00e4tzliche Organisation. Obwohl der originale Canvas-Schulterriemen nicht zum Lieferumfang geh\u00f6rt, erh\u00e4ltst du einen verstellbaren Textilriemen in Khaki von I Love Handbags, der perfekt zu der Tasche passt und f\u00fcr zus\u00e4tzlichen Tragekomfort sorgt.<\/p>\n","protected":false},"featured_media":58286,"template":"","meta":{"_uag_custom_page_level_css":"","site-sidebar-layout":"default","site-content-layout":"default","ast-site-content-layout":"default","site-content-style":"default","site-sidebar-style":"default","ast-global-header-display":"","ast-banner-title-visibility":"","ast-main-header-display":"","ast-hfb-above-header-display":"","ast-hfb-below-header-display":"","ast-hfb-mobile-header-display":"","site-post-title":"","ast-breadcrumbs-content":"","ast-featured-img":"","footer-sml-layout":"","ast-disable-related-posts":"","theme-transparent-header-meta":"default","adv-header-id-meta":"","stick-header-meta":"default","header-above-stick-meta":"","header-main-stick-meta":"","header-below-stick-meta":"","astra-migrate-meta-layouts":"set","ast-page-background-enabled":"default","ast-page-background-meta":{"desktop":{"background-color":"var(--ast-global-color-4)","background-image":"","background-repeat":"repeat","background-position":"center center","background-size":"auto","background-attachment":"scroll","background-type":"","background-media":"","overlay-type":"","overlay-color":"","overlay-opacity":"","overlay-gradient":""},"tablet":{"background-color":"","background-image":"","background-repeat":"repeat","background-position":"center center","background-size":"auto","background-attachment":"scroll","background-type":"","background-media":"","overlay-type":"","overlay-color":"","overlay-opacity":"","overlay-gradient":""},"mobile":{"background-color":"","background-image":"","background-repeat":"repeat","background-position":"center center","background-size":"auto","background-attachment":"scroll","background-type":"","background-media":"","overlay-type":"","overlay-color":"","overlay-opacity":"","overlay-gradient":""}},"ast-content-background-meta":{"desktop":{"background-color":"var(--ast-global-color-5)","background-image":"","background-repeat":"repeat","background-position":"center center","background-size":"auto","background-attachment":"scroll","background-type":"","background-media":"","overlay-type":"","overlay-color":"","overlay-opacity":"","overlay-gradient":""},"tablet":{"background-color":"var(--ast-global-color-5)","background-image":"","background-repeat":"repeat","background-position":"center center","background-size":"auto","background-attachment":"scroll","background-type":"","background-media":"","overlay-type":"","overlay-color":"","overlay-opacity":"","overlay-gradient":""},"mobile":{"background-color":"var(--ast-global-color-5)","background-image":"","background-repeat":"repeat","background-position":"center center","background-size":"auto","background-attachment":"scroll","background-type":"","background-media":"","overlay-type":"","overlay-color":"","overlay-opacity":"","overlay-gradient":""}},"_glsr_average":0,"_glsr_ranking":0,"_glsr_reviews":0},"product_brand":[1584],"product_cat":[208,448,239,205,204,449],"product_tag":[214,323,1655,315,318],"class_list":{"0":"post-58188","1":"product","2":"type-product","3":"status-publish","4":"has-post-thumbnail","6":"product_brand-louis-vuitton","7":"product_cat-handtaschen","8":"product_cat-limited-editions","9":"product_cat-louis-vuitton","10":"product_cat-tragetaschen","11":"product_cat-umhaengetaschen","12":"product_cat-bald-wieder-da","13":"product_tag-louis-vuitton","14":"product_tag-louis-vuitton-giant-speedy","15":"product_tag-louis-vuitton-m44572","16":"product_tag-louis-vuitton-speedy","17":"product_tag-louis-vuitton-speedy-30","18":"desktop-align-left","19":"tablet-align-left","20":"mobile-align-left","21":"ast-product-gallery-layout-first-image-large","22":"ast-magnify-disabled","23":"ast-product-tabs-layout-accordion","25":"first","26":"outofstock","27":"sold-individually","28":"purchasable","29":"product-type-simple"},"spectra_custom_meta":{"_sku":["P5-0768-K"],"_regular_price":["1390"],"total_sales":["1"],"_tax_status":["none"],"_tax_class":[""],"_manage_stock":["yes"],"_backorders":["no"],"_sold_individually":["yes"],"_crosssell_ids":["a:2:{i:0;i:26463;i:1;i:23109;}"],"_virtual":["no"],"_downloadable":["no"],"_product_image_gallery":["58288,58280,58282,58262,58290,58244,58292,58278,58272,58260,58264,58266,58268,58258,58248,58254,58274,58270,58276,58252,58256,58250,58246,58242,58284"],"_download_limit":["-1"],"_download_expiry":["-1"],"_thumbnail_id":["58286"],"_stock":["0"],"_stock_status":["outofstock"],"_wc_average_rating":[0],"_wc_review_count":["0"],"_product_attributes":["a:3:{s:8:\"pa_brand\";a:7:{s:4:\"name\";s:8:\"pa_brand\";s:5:\"value\";s:0:\"\";s:8:\"position\";i:1;s:10:\"is_visible\";i:0;s:12:\"is_variation\";i:1;s:11:\"is_taxonomy\";i:1;s:16:\"checkout_visible\";i:0;}s:8:\"pa_color\";a:7:{s:4:\"name\";s:8:\"pa_color\";s:5:\"value\";s:0:\"\";s:8:\"position\";i:2;s:10:\"is_visible\";i:0;s:12:\"is_variation\";i:1;s:11:\"is_taxonomy\";i:1;s:16:\"checkout_visible\";i:0;}s:9:\"pa_gender\";a:7:{s:4:\"name\";s:9:\"pa_gender\";s:5:\"value\";s:0:\"\";s:8:\"position\";i:3;s:10:\"is_visible\";i:0;s:12:\"is_variation\";i:1;s:11:\"is_taxonomy\";i:1;s:16:\"checkout_visible\";i:0;}}"],"_product_version":["9.9.4"],"_price":["1390"],"_wpml_media_featured":["1","1","1","1","1","1"],"_wpml_media_duplicate":["1","1","1","1","1","1"],"_wpml_word_count":["183"],"_wpml_location_migration_done":["1"],"_fusion":["a:3:{s:17:\"slider_visibility\";s:51:\"small-visibility,medium-visibility,large-visibility\";s:11:\"slider_type\";s:2:\"no\";s:9:\"wooslider\";s:1:\"0\";}"],"rank_math_seo_score":["67"],"rank_math_focus_keyword":["Louis Vuitton"],"_purchase_price_field":["903,50"],"_internal_warehouse_number_field":["P5-0768-K"],"_gdrive_field":["https:\/\/drive.google.com\/drive\/u\/2\/folders\/10bYqv0kIO_TuihnRLXx8Dv8dA_sq4QhW"],"_unit":[""],"_unit_base":[""],"_unit_product":[""],"_unit_price_auto":["no"],"_unit_price_regular":[""],"_unit_price":[""],"_unit_price_sale":[""],"_sale_price_label":[""],"_sale_price_regular_label":[""],"_mini_desc":["Louis Vuitton Speedy 30 Bandouliere Giant Khaki"],"_defect_description":[""],"_allergen_ids":["a:0:{}"],"_warranty_attachment_id":[""],"_min_age":[""],"_ts_gtin":[""],"_ts_mpn":[""],"_delivery_time_countries":["a:0:{}"],"_free_shipping":["no"],"_service":["no"],"_photovoltaic_system":["no"],"_used_good":["yes"],"_defective_copy":["no"],"_is_food":["no"],"_differential_taxation":["yes"],"_gzd_version":["3.19.11"],"_hs_code":[""],"_manufacture_country":["0"],"_rank_math_gtin_code":[""],"_fusion_google_fonts":[""],"fusion_builder_status":["active"],"rank_math_primary_product_cat":["0"],"_wcml_custom_prices_status":["1"],"avada_post_views_count":["16"],"avada_today_post_views_count":["3"],"avada_post_views_count_today_date":["07-04-2023"],"_sale_price_dates_to_USD":[""],"_sale_price_dates_from_USD":[""],"_sale_price_USD":[""],"_regular_price_USD":[""],"_wcml_schedule_USD":["0"],"_deposit_type":[""],"_nutrient_ids":["a:0:{}"],"_nutrient_reference_value":["100g"],"_ingredients":[""],"_nutri_score":[""],"_alcohol_content":[""],"_drained_weight":[""],"_net_filling_quantity":[""],"_food_distributor":[""],"_food_description":[""],"_food_place_of_origin":[""],"_deposit_quantity":[""],"yikes_woo_products_tabs":["a:2:{i:0;a:3:{s:5:\"title\";s:21:\"Weitere Informationen\";s:2:\"id\";s:21:\"weitere-informationen\";s:7:\"content\";s:490:\"<strong>Material au\u00dfen:<\/strong> Beschichtetes Giant Monogram Canvas\r\n<strong>Material innen:<\/strong> Beigefarbenes Textilinnenfutter\r\n<strong>Ma\u00dfe:<\/strong> (B) 30 x (H) 21 x (T) 17 cm\r\n<strong>L\u00e4nge Schulterriemen: <\/strong>80 bis 118 cm\r\n<strong>Date Code \/ Herstellungsjahr: <\/strong>MB0179 \/ 2019\r\n<strong>SKU: <\/strong>M44572\r\n<strong>Lieferumfang:<\/strong> I Love Handbags Staubbeutel, Louis Vuitton Schloss und 2 Schl\u00fcssel sowie ein Schulterriemen von I Love Handbags\r\n\r\n&nbsp;\";}i:1;a:3:{s:5:\"title\";s:7:\"Zustand\";s:2:\"id\";s:7:\"zustand\";s:7:\"content\";s:311:\"<strong>Gesamtzustand: <\/strong>Sehr gut\r\n<strong>Canvas:<\/strong> Intakt mit vereinzelt leichten Gebrauchsspuren, Ecken mit leichten Abrieb\r\n<strong>Hardware: <\/strong>Minimale Gebrauchsspuren\r\n<strong>Rei\u00dfverschluss: <\/strong>Schlie\u00dft fl\u00fcssig\r\n<strong>Innenraum: <\/strong>Sauber mit wenigen Gebrauchsspuren\";}}"],"site-sidebar-layout":["default"],"site-content-layout":["default"],"theme-transparent-header-meta":["default"],"stick-header-meta":["default"],"_pys_conversion_label_settings":["a:3:{s:6:\"enable\";b:0;s:5:\"label\";s:0:\"\";s:2:\"id\";s:14:\"AW-11184563350\";}"],"_pys_super_pack_cpt_url":[""],"_pys_super_pack_cpt_condition":["only"],"_pys_super_pack_cpt_cart":["hidden"],"_woosea_brand":[""],"_woosea_mpn":[""],"_woosea_upc":[""],"_woosea_ean":[""],"_woosea_gtin":[""],"_woosea_color":[""],"_woosea_size":[""],"_woosea_gender":[""],"_woosea_material":[""],"_woosea_pattern":[""],"_woosea_optimized_title":[""],"_woosea_unit_pricing_measure":[""],"_woosea_unit_pricing_base_measure":[""],"_woosea_condition":[""],"_woosea_age_group":["adult"],"_woosea_installment_months":[""],"_woosea_installment_amount":[""],"_woosea_exclude_product":["no"],"_woosea_cost_of_good_sold":[""],"_woosea_multipack":[""],"_woosea_is_bundle":[""],"_woosea_energy_efficiency_class":[""],"_woosea_min_energy_efficiency_class":[""],"_woosea_max_energy_efficiency_class":[""],"_woosea_is_promotion":[""],"_woosea_custom_field_0":[""],"_woosea_custom_field_1":[""],"_woosea_custom_field_2":[""],"_woosea_custom_field_3":[""],"_woosea_custom_field_4":[""],"_pys_head_footer":["a:7:{s:14:\"disable_global\";b:0;s:8:\"head_any\";s:0:\"\";s:12:\"head_desktop\";s:0:\"\";s:11:\"head_mobile\";s:0:\"\";s:10:\"footer_any\";s:0:\"\";s:14:\"footer_desktop\";s:0:\"\";s:13:\"footer_mobile\";s:0:\"\";}"],"_customs_description":[""],"_is_non_returnable":["no"],"_wpml_media_has_media":["1"],"litespeed_vpi_list_mobile":["a:2:{i:0;s:8:\"logo.png\";i:1;s:72:\"Louis-Vuitton-Giant-Speedy-schultergurt-2023-0043.jpg-scaled-500x500.jpg\";}"],"litespeed_vpi_list":["a:4:{i:0;s:8:\"logo.png\";i:1;s:6:\"de.png\";i:2;s:72:\"Louis-Vuitton-Giant-Speedy-schultergurt-2023-0043.jpg-scaled-500x500.jpg\";i:3;s:35:\"three-o-clock-clock-svgrepo-com.svg\";}"],"_internal_date_code":[""],"_internal_product_origin":[""],"_product_rating":["A"],"ast-site-content-layout":["default"],"site-content-style":["default"],"site-sidebar-style":["default"],"_sale_price_dates_to_CHF":[""],"_sale_price_dates_from_CHF":[""],"_sale_price_CHF":[""],"_regular_price_CHF":[""],"_wcml_schedule_CHF":["0"],"_sale_price_dates_to_GBP":[""],"_sale_price_dates_from_GBP":[""],"_sale_price_GBP":[""],"_regular_price_GBP":[""],"_wcml_schedule_GBP":["0"],"_rank_math_video":["true"],"rank_math_robots":["a:1:{i:0;s:5:\"index\";}"],"_custom_html_content":[""],"_product_shipping_weight":["1kg"],"similar_product_key":["1743934598"],"_wpml_post_translation_editor_native":["no"],"_edit_lock":["1750700721:4"],"_edit_last":["4"],"_not_in_inventory_checkbox":[""],"_product_available_from_field":["2025-04-11T19:00"],"_manufacturer_slug":[""],"_safety_instructions":[""],"_safety_attachment_ids":["a:0:{}"],"_wireless_electronic_device":["no"],"_device_contains_power_supply":["no"],"_device_charging_supports_usb_pd":["no"],"_device_charging_watt_min":["0"],"_device_charging_watt_max":["0"],"_shipping_length":[""],"_shipping_width":[""],"_shipping_height":[""],"_izettle_barcode":[""],"_izettle_nosync":[""],"_izettle_cost_price":[""],"_izettle_special_price":[""],"_izettle_product_name":[""],"_zettle_product_cat_id":[""],"_nickx_video_text_url":["a:1:{i:0;s:0:\"\";}"],"_nickx_product_video_type":["a:1:{i:0;s:23:\"nickx_video_url_youtube\";}"],"_nickx_product_video_thumb_ids":["a:1:{i:0;s:0:\"\";}"],"rank_math_primary_product_brand":["1584"],"_product_reserve_till_field":[""],"_customer_view":["19"],"_custom_view_last_updated":["2025-04-15 14:13:53"],"_izettle_image_lookup_key":["3kyncy1cEe-udXp3qLWasA-t8bbtBUpEfCMs3v_-O9Gzw"],"woocommerce_izettle_product_uuid":["b7cacc94-1529-11f0-a413-353536383939"],"woocommerce_izettle_variant_uuid":["b7caf124-1529-11f0-aa17-353536383939"],"_izettle_updated":["1744329628"],"sib_push_meta_box_present":["1"],"sib_push_send_notification":["0"],"sib_push_target_segment_ids":["@ALL"],"_ame_cpe_post_policy":["{\"accessProtection\":{\"active\":\"replace\"}}"],"_wcml_average_rating":[null],"_wcml_review_count":[null],"_wcml_rating_count":[null],"sib_push_send_notification_delay_seconds":[null],"sib_push_target_tags":[null],"sib_push_target_brevo_segment_ids":[null],"sib_push_target_brevo_list_ids":[null],"sib_push_utm_source":[null],"sib_push_utm_medium":[null],"sib_push_utm_campaign":[null],"sib_push_utm_term":[null],"sib_push_utm_content":[null],"astra-migrate-meta-layouts":["set"],"copied_media_ids":["a:0:{}"],"referenced_media_ids":["a:26:{i:0;i:58286;i:1;i:58288;i:2;i:58280;i:3;i:58282;i:4;i:58262;i:5;i:58290;i:6;i:58244;i:7;i:58292;i:8;i:58278;i:9;i:58272;i:10;i:58260;i:11;i:58264;i:12;i:58266;i:13;i:58268;i:14;i:58258;i:15;i:58248;i:16;i:58254;i:17;i:58274;i:18;i:58270;i:19;i:58276;i:20;i:58252;i:21;i:58256;i:22;i:58250;i:23;i:58246;i:24;i:58242;i:25;i:58284;}"],"rank_math_analytic_object_id":["825"],"_uag_page_assets":["a:9:{s:3:\"css\";s:0:\"\";s:2:\"js\";s:0:\"\";s:18:\"current_block_list\";a:6:{i:0;s:26:\"woocommerce\/filter-wrapper\";i:1;s:24:\"woocommerce\/price-filter\";i:2;s:30:\"woocommerce\/product-categories\";i:3;s:14:\"core\/paragraph\";i:4;s:14:\"core\/shortcode\";i:5;s:11:\"core\/search\";}s:8:\"uag_flag\";b:0;s:11:\"uag_version\";s:10:\"1777481675\";s:6:\"gfonts\";a:0:{}s:10:\"gfonts_url\";s:0:\"\";s:12:\"gfonts_files\";a:0:{}s:14:\"uag_faq_layout\";b:0;}"],"_wc_rating_count":[""]},"uagb_featured_image_src":{"full":["https:\/\/ilovehandbags.com\/wp-content\/uploads\/sites\/3\/Photoroom_000_20250407_140129-scaled.jpeg",2560,1920,false],"thumbnail":["https:\/\/ilovehandbags.com\/wp-content\/uploads\/sites\/3\/Photoroom_000_20250407_140129-150x150.jpeg",150,150,true],"medium":["https:\/\/ilovehandbags.com\/wp-content\/uploads\/sites\/3\/Photoroom_000_20250407_140129-300x300.jpeg",300,300,true],"medium_large":["https:\/\/ilovehandbags.com\/wp-content\/uploads\/sites\/3\/Photoroom_000_20250407_140129-768x768.jpeg",768,768,true],"large":["https:\/\/ilovehandbags.com\/wp-content\/uploads\/sites\/3\/Photoroom_000_20250407_140129-1024x1024.jpeg",1024,1024,true],"1536x1536":["https:\/\/ilovehandbags.com\/wp-content\/uploads\/sites\/3\/Photoroom_000_20250407_140129-scaled.jpeg",1536,1152,false],"2048x2048":["https:\/\/ilovehandbags.com\/wp-content\/uploads\/sites\/3\/Photoroom_000_20250407_140129-scaled.jpeg",2048,1536,false],"woocommerce_thumbnail":["https:\/\/ilovehandbags.com\/wp-content\/uploads\/sites\/3\/Photoroom_000_20250407_140129-500x500.jpeg",500,500,true],"woocommerce_single":["https:\/\/ilovehandbags.com\/wp-content\/uploads\/sites\/3\/Photoroom_000_20250407_140129-500x500.jpeg",500,500,true],"woocommerce_gallery_thumbnail":["https:\/\/ilovehandbags.com\/wp-content\/uploads\/sites\/3\/Photoroom_000_20250407_140129-100x100.jpeg",100,100,true]},"uagb_author_info":{"display_name":"ILoveHandbags","author_link":"https:\/\/ilovehandbags.com\/de\/author\/"},"uagb_comment_info":0,"uagb_excerpt":"Entdecke die Louis Vuitton Monogram Giant Speedy Bandouliere 30 in Kaki und Creme \u2013 eine limitierte Edition, die durch ihr einzigartiges Design besticht. Diese Speedy vereint das klassische Louis Vuitton Monogram in einer modernen Neuinterpretation. Auf dem beschichteten Canvas in Beige und Gr\u00fcn sind sowohl Miniatur- als auch \u00fcbergro\u00dfe Versionen des ikonischen Monogramms abgebildet \u2013&hellip;","_links":{"self":[{"href":"https:\/\/ilovehandbags.com\/de\/wp-json\/wp\/v2\/product\/58188","targetHints":{"allow":["GET"]}}],"collection":[{"href":"https:\/\/ilovehandbags.com\/de\/wp-json\/wp\/v2\/product"}],"about":[{"href":"https:\/\/ilovehandbags.com\/de\/wp-json\/wp\/v2\/types\/product"}],"wp:featuredmedia":[{"embeddable":true,"href":"https:\/\/ilovehandbags.com\/de\/wp-json\/wp\/v2\/media\/58286"}],"wp:attachment":[{"href":"https:\/\/ilovehandbags.com\/de\/wp-json\/wp\/v2\/media?parent=58188"}],"wp:term":[{"taxonomy":"product_brand","embeddable":true,"href":"https:\/\/ilovehandbags.com\/de\/wp-json\/wp\/v2\/product_brand?post=58188"},{"taxonomy":"product_cat","embeddable":true,"href":"https:\/\/ilovehandbags.com\/de\/wp-json\/wp\/v2\/product_cat?post=58188"},{"taxonomy":"product_tag","embeddable":true,"href":"https:\/\/ilovehandbags.com\/de\/wp-json\/wp\/v2\/product_tag?post=58188"}],"curies":[{"name":"wp","href":"https:\/\/api.w.org\/{rel}","templated":true}]}}