{"id":58190,"date":"2025-12-09T12:00:02","date_gmt":"2025-12-09T11:00:02","guid":{"rendered":"https:\/\/ilovehandbags.com\/?post_type=product&#038;p=58190"},"modified":"2026-01-11T08:07:06","modified_gmt":"2026-01-11T07:07:06","slug":"louis-vuitton-sac-noe-petit-epi-braun-2","status":"publish","type":"product","link":"https:\/\/ilovehandbags.com\/de\/louis-vuitton-sac-noe-petit-epi-braun-2\/","title":{"rendered":"Louis Vuitton Sac Noe Petit Epi Braun"},"content":{"rendered":"","protected":false},"excerpt":{"rendered":"<p>Entdecke zeitlose Eleganz mit dem Louis Vuitton Sac Noe Petit in braunen Epi Leder und tauche ein in ein St\u00fcck Geschichte und Stil. Urspr\u00fcnglich in den 1930er Jahren f\u00fcr Champagnerproduzenten konzipiert, verk\u00f6rpert dieses ikonische Modell eine perfekte Verbindung aus historischem Charme und zeitgen\u00f6ssischer Raffinesse. Die gro\u00dfz\u00fcgige Innenraumgestaltung macht diese Tasche ideal f\u00fcr den t\u00e4glichen Gebrauch oder besondere Anl\u00e4sse. Trage die Petit Noe m\u00fchelos in der Hand oder leger \u00fcber der Schulter \u2013 perfekt f\u00fcr jede Gelegenheit und jedes Outfit. Jedes Detail dieser Tasche spricht Luxus an, von den hochwertigen Materialien bis zur pr\u00e4zisen Verarbeitung. Der Sac Noe Petit ist nicht nur ein Accessoire, sondern ein Statement der Exzellenz und des Stils, das dich in jeder Situation begleiten wird. Entdecke jetzt die zeitlose Sch\u00f6nheit und Qualit\u00e4t von Louis Vuitton.<\/p>\n","protected":false},"featured_media":73140,"template":"","meta":{"_uag_custom_page_level_css":"","site-sidebar-layout":"default","site-content-layout":"default","ast-site-content-layout":"default","site-content-style":"default","site-sidebar-style":"default","ast-global-header-display":"","ast-banner-title-visibility":"","ast-main-header-display":"","ast-hfb-above-header-display":"","ast-hfb-below-header-display":"","ast-hfb-mobile-header-display":"","site-post-title":"","ast-breadcrumbs-content":"","ast-featured-img":"","footer-sml-layout":"","ast-disable-related-posts":"","theme-transparent-header-meta":"default","adv-header-id-meta":"","stick-header-meta":"default","header-above-stick-meta":"","header-main-stick-meta":"","header-below-stick-meta":"","astra-migrate-meta-layouts":"set","ast-page-background-enabled":"default","ast-page-background-meta":{"desktop":{"background-color":"var(--ast-global-color-4)","background-image":"","background-repeat":"repeat","background-position":"center center","background-size":"auto","background-attachment":"scroll","background-type":"","background-media":"","overlay-type":"","overlay-color":"","overlay-opacity":"","overlay-gradient":""},"tablet":{"background-color":"","background-image":"","background-repeat":"repeat","background-position":"center center","background-size":"auto","background-attachment":"scroll","background-type":"","background-media":"","overlay-type":"","overlay-color":"","overlay-opacity":"","overlay-gradient":""},"mobile":{"background-color":"","background-image":"","background-repeat":"repeat","background-position":"center center","background-size":"auto","background-attachment":"scroll","background-type":"","background-media":"","overlay-type":"","overlay-color":"","overlay-opacity":"","overlay-gradient":""}},"ast-content-background-meta":{"desktop":{"background-color":"var(--ast-global-color-5)","background-image":"","background-repeat":"repeat","background-position":"center center","background-size":"auto","background-attachment":"scroll","background-type":"","background-media":"","overlay-type":"","overlay-color":"","overlay-opacity":"","overlay-gradient":""},"tablet":{"background-color":"var(--ast-global-color-5)","background-image":"","background-repeat":"repeat","background-position":"center center","background-size":"auto","background-attachment":"scroll","background-type":"","background-media":"","overlay-type":"","overlay-color":"","overlay-opacity":"","overlay-gradient":""},"mobile":{"background-color":"var(--ast-global-color-5)","background-image":"","background-repeat":"repeat","background-position":"center center","background-size":"auto","background-attachment":"scroll","background-type":"","background-media":"","overlay-type":"","overlay-color":"","overlay-opacity":"","overlay-gradient":""}},"_glsr_average":0,"_glsr_ranking":0,"_glsr_reviews":0},"product_brand":[1584],"product_cat":[208,239,205,204,451],"product_tag":[214,1289,342,343],"class_list":{"0":"post-58190","1":"product","2":"type-product","3":"status-publish","4":"has-post-thumbnail","6":"product_brand-louis-vuitton","7":"product_cat-handtaschen","8":"product_cat-louis-vuitton","9":"product_cat-tragetaschen","10":"product_cat-umhaengetaschen","11":"product_cat-vintage","12":"product_tag-louis-vuitton","13":"product_tag-louis-vuitton-m44103","14":"product_tag-louis-vuitton-noe","15":"product_tag-louis-vuitton-noe-petit","16":"desktop-align-left","17":"tablet-align-left","18":"mobile-align-left","19":"ast-product-gallery-layout-first-image-large","20":"ast-magnify-disabled","21":"ast-product-tabs-layout-accordion","23":"first","24":"instock","25":"sold-individually","26":"taxable","27":"shipping-taxable","28":"purchasable","29":"product-type-simple"},"spectra_custom_meta":{"_sku":["P5-0740"],"_regular_price":["570"],"total_sales":["0"],"_tax_status":["taxable"],"_tax_class":[""],"_manage_stock":["yes"],"_backorders":["no"],"_sold_individually":["yes"],"_virtual":["no"],"_downloadable":["no"],"_product_image_gallery":["73143,73130,73132,73138,73133,73128,73142,73135,73134,73127,73129,73131,73137,73139,73136,73125,73123,73126,73124"],"_download_limit":["-1"],"_download_expiry":["-1"],"_thumbnail_id":["73140"],"_stock":["1"],"_stock_status":["instock"],"_wc_average_rating":[0],"_wc_review_count":["0"],"_product_attributes":["a:3:{s:8:\"pa_brand\";a:7:{s:4:\"name\";s:8:\"pa_brand\";s:5:\"value\";s:0:\"\";s:8:\"position\";i:1;s:10:\"is_visible\";i:0;s:12:\"is_variation\";i:1;s:11:\"is_taxonomy\";i:1;s:16:\"checkout_visible\";i:0;}s:8:\"pa_color\";a:7:{s:4:\"name\";s:8:\"pa_color\";s:5:\"value\";s:0:\"\";s:8:\"position\";i:2;s:10:\"is_visible\";i:0;s:12:\"is_variation\";i:1;s:11:\"is_taxonomy\";i:1;s:16:\"checkout_visible\";i:0;}s:9:\"pa_gender\";a:7:{s:4:\"name\";s:9:\"pa_gender\";s:5:\"value\";s:0:\"\";s:8:\"position\";i:3;s:10:\"is_visible\";i:0;s:12:\"is_variation\";i:1;s:11:\"is_taxonomy\";i:1;s:16:\"checkout_visible\";i:0;}}"],"_product_version":["10.4.3"],"_price":["570"],"_wpml_media_featured":["1","1","1","1","1","1","1"],"_wpml_media_duplicate":["1","1","1","1","1","1","1"],"_wpml_word_count":["158"],"_wpml_location_migration_done":["1"],"_fusion":["a:3:{s:17:\"slider_visibility\";s:51:\"small-visibility,medium-visibility,large-visibility\";s:11:\"slider_type\";s:2:\"no\";s:9:\"wooslider\";s:1:\"0\";}"],"rank_math_seo_score":["82"],"rank_math_focus_keyword":["Louis Vuitton"],"_purchase_price_field":["340"],"_internal_warehouse_number_field":["2025-0740"],"_gdrive_field":["https:\/\/drive.google.com\/drive\/u\/1\/folders\/1ceqANuBjVRU6i1xAvCY9QK6vaKUvWfE4"],"_unit":[""],"_unit_base":[""],"_unit_product":[""],"_unit_price_auto":["no"],"_unit_price_regular":[""],"_unit_price":[""],"_unit_price_sale":[""],"_sale_price_label":[""],"_sale_price_regular_label":[""],"_mini_desc":["Louis Vuitton Sac Noe Petit Epi Braun"],"_defect_description":[""],"_allergen_ids":["a:0:{}"],"_warranty_attachment_id":[""],"_min_age":[""],"_ts_gtin":[""],"_ts_mpn":[""],"_delivery_time_countries":["a:0:{}"],"_free_shipping":["no"],"_service":["no"],"_photovoltaic_system":["no"],"_used_good":["yes"],"_defective_copy":["no"],"_is_food":["no"],"_differential_taxation":["no"],"_gzd_version":["3.20.4"],"_hs_code":[""],"_manufacture_country":[""],"_rank_math_gtin_code":[""],"_fusion_google_fonts":[""],"fusion_builder_status":["active"],"rank_math_primary_product_cat":["0"],"_wcml_custom_prices_status":["0"],"avada_post_views_count":["21"],"avada_today_post_views_count":["1"],"avada_post_views_count_today_date":["15-04-2023"],"_sale_price_dates_to_USD":[""],"_sale_price_dates_from_USD":[""],"_sale_price_USD":[""],"_regular_price_USD":[""],"_wcml_schedule_USD":["0"],"_deposit_type":[""],"_nutrient_ids":["a:0:{}"],"_nutrient_reference_value":["100g"],"_ingredients":[""],"_nutri_score":[""],"_alcohol_content":[""],"_drained_weight":[""],"_net_filling_quantity":[""],"_food_distributor":[""],"_food_description":[""],"_food_place_of_origin":[""],"_deposit_quantity":[""],"yikes_woo_products_tabs":["a:2:{i:0;a:3:{s:5:\"title\";s:21:\"Weitere Informationen\";s:2:\"id\";s:21:\"weitere-informationen\";s:7:\"content\";s:605:\"<strong>Material au\u00dfen: <\/strong>Braunes Epileder im Farbton Kenyan Fawn\r\n<strong style=\"font-size: 16px;\">Material innen:<\/strong><span style=\"font-size: 16px;\"> Gelbes Mikrofaserinnenfutter\r\n<\/span><strong style=\"font-size: 16px;\">Ma\u00dfe: <\/strong><span style=\"font-size: 16px;\">(H) 27 x (B) x 24\u00a0 x (T) 17 cm\r\n<\/span><strong style=\"font-size: 16px;\">Date Code \/ Herstellungsjahr: <\/strong><span style=\"font-size: 16px;\">AR1915 \/ 1995\r\n<\/span><strong style=\"font-size: 16px;\">Lieferumfang:<\/strong><span style=\"font-size: 16px;\"> I Love Handbags Staubbeutel und Ersatzzugband von I Love Handbags<\/span>\";}i:1;a:3:{s:5:\"title\";s:7:\"Zustand\";s:2:\"id\";s:7:\"zustand\";s:7:\"content\";s:554:\"<strong>Gesamtzustand:\u00a0 <\/strong>Gut\r\n<strong>Leder: <\/strong>Intakt, vereinzelt kleine Kratzer und Flecken, am Rand vereinzelt kleine Risse\r\n<strong>Boden:<\/strong> Intakt, vereinzelt kleine Kratzer, Ecken mit\u00a0 Abrieb\r\n<strong>Schulterriemen<\/strong> Intakt, vereinzelt kleine Kratzer\r\n<strong>Original Zugband: <\/strong>Vorhanden, jedoch vereinzelt mit Besch\u00e4digungen, ein Ersatzzugband von I Love Handbags geh\u00f6rt zur Tasche\r\n<strong>Hardware: <\/strong>\u00a0Gr\u00f6\u00dftenteils goldgl\u00e4nzend\r\n<strong>Innenraum: <\/strong>Sauber mit leichten Gebrauchsspuren\";}}"],"site-sidebar-layout":["default"],"site-content-layout":["default"],"theme-transparent-header-meta":["default"],"stick-header-meta":["default"],"_pys_conversion_label_settings":["a:3:{s:6:\"enable\";b:0;s:5:\"label\";s:0:\"\";s:2:\"id\";s:14:\"AW-11184563350\";}"],"_pys_super_pack_cpt_url":[""],"_pys_super_pack_cpt_condition":["only"],"_pys_super_pack_cpt_cart":["hidden"],"_woosea_brand":[""],"_woosea_mpn":[""],"_woosea_upc":[""],"_woosea_ean":[""],"_woosea_gtin":[""],"_woosea_color":[""],"_woosea_size":[""],"_woosea_gender":[""],"_woosea_material":[""],"_woosea_pattern":[""],"_woosea_optimized_title":[""],"_woosea_unit_pricing_measure":[""],"_woosea_unit_pricing_base_measure":[""],"_woosea_condition":[""],"_woosea_age_group":["adult"],"_woosea_installment_months":[""],"_woosea_installment_amount":[""],"_woosea_exclude_product":["no"],"_woosea_cost_of_good_sold":[""],"_woosea_multipack":[""],"_woosea_is_bundle":[""],"_woosea_energy_efficiency_class":[""],"_woosea_min_energy_efficiency_class":[""],"_woosea_max_energy_efficiency_class":[""],"_woosea_is_promotion":[""],"_woosea_custom_field_0":[""],"_woosea_custom_field_1":[""],"_woosea_custom_field_2":[""],"_woosea_custom_field_3":[""],"_woosea_custom_field_4":[""],"_pys_head_footer":["a:7:{s:14:\"disable_global\";b:0;s:8:\"head_any\";s:0:\"\";s:12:\"head_desktop\";s:0:\"\";s:11:\"head_mobile\";s:0:\"\";s:10:\"footer_any\";s:0:\"\";s:14:\"footer_desktop\";s:0:\"\";s:13:\"footer_mobile\";s:0:\"\";}"],"_customs_description":[""],"_is_non_returnable":["no"],"_wp_old_date":["2023-04-15","2023-07-13","2023-09-28","2023-10-08","2024-04-26","2024-05-02","2024-11-21","2025-02-20","2025-04-09"],"litespeed_vpi_list_mobile":["a:2:{i:0;s:8:\"logo.png\";i:1;s:57:\"Louis-Vuitton-Noe-Petit-vorn-2023-0071-scaled-500x500.jpg\";}"],"litespeed_vpi_list":["a:3:{i:0;s:8:\"logo.png\";i:1;s:6:\"de.png\";i:2;s:57:\"Louis-Vuitton-Noe-Petit-vorn-2023-0071-scaled-500x500.jpg\";}"],"_internal_date_code":["AR1915"],"_internal_product_origin":["Frankreich"],"ast-site-content-layout":["default"],"site-content-style":["default"],"site-sidebar-style":["default"],"_sale_price_dates_to_CHF":[""],"_sale_price_dates_from_CHF":[""],"_sale_price_CHF":[""],"_regular_price_CHF":[""],"_wcml_schedule_CHF":["0"],"_sale_price_dates_to_GBP":[""],"_sale_price_dates_from_GBP":[""],"_sale_price_GBP":[""],"_regular_price_GBP":[""],"_wcml_schedule_GBP":["0"],"_product_rating":["B"],"rank_math_robots":["a:1:{i:0;s:5:\"index\";}"],"rank_math_contentai_score":["a:4:{s:9:\"wordCount\";s:4:\"2.97\";s:9:\"linkCount\";s:1:\"0\";s:12:\"headingCount\";s:1:\"0\";s:10:\"mediaCount\";s:3:\"100\";}"],"_not_in_inventory_checkbox":[""],"_custom_html_content":[""],"_wpml_post_translation_editor_native":["no"],"_shipping_length":[""],"_shipping_width":[""],"_shipping_height":[""],"_customer_view":["10"],"_custom_view_last_updated":["2026-04-26 19:43:57"],"_wpml_media_has_media":["1"],"_zettle_product_cat_id":[""],"_product_shipping_weight":["1kg"],"_manufacturer_slug":["lvmh-moet-hennessy-louis-vuitton-se"],"_safety_attachment_ids":["a:0:{}"],"_nickx_video_text_url":["a:1:{i:0;s:0:\"\";}"],"_nickx_product_video_type":["a:1:{i:0;s:23:\"nickx_video_url_youtube\";}"],"_nickx_product_video_thumb_ids":["a:1:{i:0;s:0:\"\";}"],"_product_available_from_field":["2025-04-11T19:00"],"_safety_instructions":[""],"similar_product_key":["1739815223"],"_wireless_electronic_device":["no"],"_device_contains_power_supply":["no"],"_device_charging_supports_usb_pd":["no"],"_device_charging_watt_min":["0"],"_device_charging_watt_max":["0"],"rank_math_primary_product_brand":["1584"],"_product_reserve_till_field":[""],"last_permotional_email_sent_on":["21.02.2025 18:10"],"_product_reserve_add_cart_link_key":["pCUJiSPzbwKQZBTvtXlcFgYdWnDOkMGeRLaIqVNsAorHfuhjxmEy1741933203"],"woocommerce_izettle_product_uuid":["7fdfe616-1529-11f0-bffa-353536383939"],"woocommerce_izettle_variant_uuid":["38c91c46-12d3-11f0-8f87-353536383939"],"_izettle_updated":["1755928943"],"_edit_lock":["1768115215:4"],"_edit_last":["4"],"_izettle_barcode":[""],"_izettle_nosync":[""],"_izettle_cost_price":[""],"_izettle_special_price":[""],"_izettle_product_name":[""],"_izettle_image_lookup_key":["3kyncy1cEe-udXp3qLWasA-kW3fH0bBEfCMRN2f0RArOQ"],"_izettle_product_etag":["FC2C9476809489FB409555670CB30865"],"copied_media_ids":["a:0:{}"],"referenced_media_ids":["a:20:{i:0;i:73140;i:1;i:73143;i:2;i:73130;i:3;i:73132;i:4;i:73138;i:5;i:73133;i:6;i:73128;i:7;i:73142;i:8;i:73135;i:9;i:73134;i:10;i:73127;i:11;i:73129;i:12;i:73131;i:13;i:73137;i:14;i:73139;i:15;i:73136;i:16;i:73125;i:17;i:73123;i:18;i:73126;i:19;i:73124;}"],"sib_push_meta_box_present":["1"],"sib_push_send_notification":["0"],"sib_push_send_notification_delay_seconds":["0"],"sib_push_target_segment_ids":["@ALL"],"_is_non_alcoholic":["no"],"_mid_code":[""],"_ship_separately_via":[""],"_shipping_weight":[""],"_ame_cpe_post_policy":["{\"accessProtection\":{\"active\":\"replace\"}}"],"_entrupy_echtheitszertifikat":["yes"],"_wcml_average_rating":[null],"_wcml_review_count":[null],"_wcml_rating_count":[null],"astra-migrate-meta-layouts":["set"],"rank_math_analytic_object_id":["171"],"rank_math_internal_links_processed":["1"],"_uag_page_assets":["a:9:{s:3:\"css\";s:0:\"\";s:2:\"js\";s:0:\"\";s:18:\"current_block_list\";a:6:{i:0;s:26:\"woocommerce\/filter-wrapper\";i:1;s:24:\"woocommerce\/price-filter\";i:2;s:30:\"woocommerce\/product-categories\";i:3;s:14:\"core\/paragraph\";i:4;s:14:\"core\/shortcode\";i:5;s:11:\"core\/search\";}s:8:\"uag_flag\";b:0;s:11:\"uag_version\";s:10:\"1777203619\";s:6:\"gfonts\";a:0:{}s:10:\"gfonts_url\";s:0:\"\";s:12:\"gfonts_files\";a:0:{}s:14:\"uag_faq_layout\";b:0;}"],"_wc_rating_count":[""]},"uagb_featured_image_src":{"full":["https:\/\/ilovehandbags.com\/wp-content\/uploads\/sites\/3\/Louis-Vuitton-Noe-Petit-Braun-0740-03.jpg",2048,1536,false],"thumbnail":["https:\/\/ilovehandbags.com\/wp-content\/uploads\/sites\/3\/Louis-Vuitton-Noe-Petit-Braun-0740-03-150x150.jpg",150,150,true],"medium":["https:\/\/ilovehandbags.com\/wp-content\/uploads\/sites\/3\/Louis-Vuitton-Noe-Petit-Braun-0740-03-300x300.jpg",300,300,true],"medium_large":["https:\/\/ilovehandbags.com\/wp-content\/uploads\/sites\/3\/Louis-Vuitton-Noe-Petit-Braun-0740-03-768x768.jpg",768,768,true],"large":["https:\/\/ilovehandbags.com\/wp-content\/uploads\/sites\/3\/Louis-Vuitton-Noe-Petit-Braun-0740-03-1024x1024.jpg",1024,1024,true],"1536x1536":["https:\/\/ilovehandbags.com\/wp-content\/uploads\/sites\/3\/Louis-Vuitton-Noe-Petit-Braun-0740-03.jpg",1536,1152,false],"2048x2048":["https:\/\/ilovehandbags.com\/wp-content\/uploads\/sites\/3\/Louis-Vuitton-Noe-Petit-Braun-0740-03.jpg",2048,1536,false],"woocommerce_thumbnail":["https:\/\/ilovehandbags.com\/wp-content\/uploads\/sites\/3\/Louis-Vuitton-Noe-Petit-Braun-0740-03-500x500.jpg",500,500,true],"woocommerce_single":["https:\/\/ilovehandbags.com\/wp-content\/uploads\/sites\/3\/Louis-Vuitton-Noe-Petit-Braun-0740-03-500x500.jpg",500,500,true],"woocommerce_gallery_thumbnail":["https:\/\/ilovehandbags.com\/wp-content\/uploads\/sites\/3\/Louis-Vuitton-Noe-Petit-Braun-0740-03-100x100.jpg",100,100,true]},"uagb_author_info":{"display_name":"ILoveHandbags","author_link":"https:\/\/ilovehandbags.com\/de\/author\/"},"uagb_comment_info":0,"uagb_excerpt":"Entdecke zeitlose Eleganz mit dem Louis Vuitton Sac Noe Petit in braunen Epi Leder und tauche ein in ein St\u00fcck Geschichte und Stil. Urspr\u00fcnglich in den 1930er Jahren f\u00fcr Champagnerproduzenten konzipiert, verk\u00f6rpert dieses ikonische Modell eine perfekte Verbindung aus historischem Charme und zeitgen\u00f6ssischer Raffinesse. Die gro\u00dfz\u00fcgige Innenraumgestaltung macht diese Tasche ideal f\u00fcr den t\u00e4glichen Gebrauch&hellip;","_links":{"self":[{"href":"https:\/\/ilovehandbags.com\/de\/wp-json\/wp\/v2\/product\/58190","targetHints":{"allow":["GET"]}}],"collection":[{"href":"https:\/\/ilovehandbags.com\/de\/wp-json\/wp\/v2\/product"}],"about":[{"href":"https:\/\/ilovehandbags.com\/de\/wp-json\/wp\/v2\/types\/product"}],"wp:featuredmedia":[{"embeddable":true,"href":"https:\/\/ilovehandbags.com\/de\/wp-json\/wp\/v2\/media\/73140"}],"wp:attachment":[{"href":"https:\/\/ilovehandbags.com\/de\/wp-json\/wp\/v2\/media?parent=58190"}],"wp:term":[{"taxonomy":"product_brand","embeddable":true,"href":"https:\/\/ilovehandbags.com\/de\/wp-json\/wp\/v2\/product_brand?post=58190"},{"taxonomy":"product_cat","embeddable":true,"href":"https:\/\/ilovehandbags.com\/de\/wp-json\/wp\/v2\/product_cat?post=58190"},{"taxonomy":"product_tag","embeddable":true,"href":"https:\/\/ilovehandbags.com\/de\/wp-json\/wp\/v2\/product_tag?post=58190"}],"curies":[{"name":"wp","href":"https:\/\/api.w.org\/{rel}","templated":true}]}}