{"id":61955,"date":"2025-06-18T12:00:01","date_gmt":"2025-06-18T10:00:01","guid":{"rendered":"https:\/\/ilovehandbags.com\/?post_type=product&#038;p=61955"},"modified":"2025-11-13T15:45:14","modified_gmt":"2025-11-13T14:45:14","slug":"louis-vuitton-sac-noe-grand-epi-schwarz-0851","status":"publish","type":"product","link":"https:\/\/ilovehandbags.com\/de\/louis-vuitton-sac-noe-grand-epi-schwarz-0851\/","title":{"rendered":"Louis Vuitton Sac Noe Grand Epi Schwarz"},"content":{"rendered":"","protected":false},"excerpt":{"rendered":"<p>Der Louis Vuitton Sac Noe Grand aus schwarzem Epi-Leder verk\u00f6rpert zeitlose Eleganz und exquisiten Stil. Seine Wurzeln reichen zur\u00fcck in die 30er Jahre, als er urspr\u00fcnglich f\u00fcr Champagnerproduzenten entworfen wurde, um Flaschen sicher zu transportieren. Diese ikonische Tasche tr\u00e4gt somit nicht nur den Glanz von Luxus, sondern auch eine faszinierende Geschichte. Mit einem ger\u00e4umigen Innenraum bietet die Noe nicht nur Platz f\u00fcr deine Habseligkeiten, sondern verk\u00f6rpert auch einen Hauch von raffinierter Raffinesse. Die Tasche eignet sich perfekt f\u00fcr diejenigen, die Wert auf stilvollen Stauraum legen und dabei nicht auf zeitlose Sch\u00f6nheit verzichten m\u00f6chten. Die flexible Trageweise erm\u00f6glicht es, die Tasche m\u00fchelos in der Hand zu tragen oder leger \u00fcber der Schulter zu schwingen \u2013 eine Fusion von Funktionalit\u00e4t und \u00c4sthetik. Der Sac Noe Grand von Louis Vuitton ist nicht nur ein Accessoire, sondern eine Investition in zeitlosen Charme und vielseitige Eleganz.<\/p>\n","protected":false},"featured_media":61969,"template":"","meta":{"_uag_custom_page_level_css":"","site-sidebar-layout":"default","site-content-layout":"default","ast-site-content-layout":"default","site-content-style":"default","site-sidebar-style":"default","ast-global-header-display":"","ast-banner-title-visibility":"","ast-main-header-display":"","ast-hfb-above-header-display":"","ast-hfb-below-header-display":"","ast-hfb-mobile-header-display":"","site-post-title":"","ast-breadcrumbs-content":"","ast-featured-img":"","footer-sml-layout":"","ast-disable-related-posts":"","theme-transparent-header-meta":"default","adv-header-id-meta":"","stick-header-meta":"default","header-above-stick-meta":"","header-main-stick-meta":"","header-below-stick-meta":"","astra-migrate-meta-layouts":"set","ast-page-background-enabled":"default","ast-page-background-meta":{"desktop":{"background-color":"var(--ast-global-color-4)","background-image":"","background-repeat":"repeat","background-position":"center center","background-size":"auto","background-attachment":"scroll","background-type":"","background-media":"","overlay-type":"","overlay-color":"","overlay-opacity":"","overlay-gradient":""},"tablet":{"background-color":"","background-image":"","background-repeat":"repeat","background-position":"center center","background-size":"auto","background-attachment":"scroll","background-type":"","background-media":"","overlay-type":"","overlay-color":"","overlay-opacity":"","overlay-gradient":""},"mobile":{"background-color":"","background-image":"","background-repeat":"repeat","background-position":"center center","background-size":"auto","background-attachment":"scroll","background-type":"","background-media":"","overlay-type":"","overlay-color":"","overlay-opacity":"","overlay-gradient":""}},"ast-content-background-meta":{"desktop":{"background-color":"var(--ast-global-color-5)","background-image":"","background-repeat":"repeat","background-position":"center center","background-size":"auto","background-attachment":"scroll","background-type":"","background-media":"","overlay-type":"","overlay-color":"","overlay-opacity":"","overlay-gradient":""},"tablet":{"background-color":"var(--ast-global-color-5)","background-image":"","background-repeat":"repeat","background-position":"center center","background-size":"auto","background-attachment":"scroll","background-type":"","background-media":"","overlay-type":"","overlay-color":"","overlay-opacity":"","overlay-gradient":""},"mobile":{"background-color":"var(--ast-global-color-5)","background-image":"","background-repeat":"repeat","background-position":"center center","background-size":"auto","background-attachment":"scroll","background-type":"","background-media":"","overlay-type":"","overlay-color":"","overlay-opacity":"","overlay-gradient":""}},"_glsr_average":0,"_glsr_ranking":0,"_glsr_reviews":0},"product_brand":[1584],"product_cat":[208,239,205,204,451,449],"product_tag":[214,342,344],"class_list":{"0":"post-61955","1":"product","2":"type-product","3":"status-publish","4":"has-post-thumbnail","6":"product_brand-louis-vuitton","7":"product_cat-handtaschen","8":"product_cat-louis-vuitton","9":"product_cat-tragetaschen","10":"product_cat-umhaengetaschen","11":"product_cat-vintage","12":"product_cat-bald-wieder-da","13":"product_tag-louis-vuitton","14":"product_tag-louis-vuitton-noe","15":"product_tag-louis-vuitton-sac-noe-grand","16":"desktop-align-left","17":"tablet-align-left","18":"mobile-align-left","19":"ast-product-gallery-layout-first-image-large","20":"ast-magnify-disabled","21":"ast-product-tabs-layout-accordion","23":"first","24":"outofstock","25":"sold-individually","26":"taxable","27":"shipping-taxable","28":"purchasable","29":"product-type-simple"},"spectra_custom_meta":{"_regular_price":["680"],"total_sales":["1"],"_tax_status":["taxable"],"_tax_class":[""],"_manage_stock":["yes"],"_backorders":["no"],"_sold_individually":["yes"],"_upsell_ids":["a:2:{i:0;i:33838;i:1;i:43842;}"],"_virtual":["no"],"_downloadable":["no"],"_product_image_gallery":["62057,61971,61973,61975,61967,61977,61979,61993,61991,61981,61961,61983,61985,61987,61989"],"_download_limit":["-1"],"_download_expiry":["-1"],"_thumbnail_id":["61969"],"_stock":["0"],"_stock_status":["outofstock"],"_wc_average_rating":[0],"_wc_review_count":["0"],"_product_attributes":["a:3:{s:8:\"pa_brand\";a:7:{s:4:\"name\";s:8:\"pa_brand\";s:5:\"value\";s:0:\"\";s:8:\"position\";i:0;s:10:\"is_visible\";i:0;s:12:\"is_variation\";i:0;s:11:\"is_taxonomy\";i:1;s:16:\"checkout_visible\";i:0;}s:8:\"pa_color\";a:7:{s:4:\"name\";s:8:\"pa_color\";s:5:\"value\";s:0:\"\";s:8:\"position\";i:1;s:10:\"is_visible\";i:0;s:12:\"is_variation\";i:0;s:11:\"is_taxonomy\";i:1;s:16:\"checkout_visible\";i:0;}s:9:\"pa_gender\";a:7:{s:4:\"name\";s:9:\"pa_gender\";s:5:\"value\";s:0:\"\";s:8:\"position\";i:2;s:10:\"is_visible\";i:0;s:12:\"is_variation\";i:0;s:11:\"is_taxonomy\";i:1;s:16:\"checkout_visible\";i:0;}}"],"_product_version":["10.3.5"],"_price":["680"],"_wpml_media_featured":["1","1","1","1","1","1","1","1","1"],"_wpml_media_duplicate":["1","1","1","1","1","1","1","1","1"],"_wpml_word_count":["175"],"_wpml_location_migration_done":["1"],"_fusion":["a:3:{s:17:\"slider_visibility\";s:51:\"small-visibility,medium-visibility,large-visibility\";s:11:\"slider_type\";s:2:\"no\";s:9:\"wooslider\";s:1:\"0\";}"],"rank_math_seo_score":["73"],"rank_math_focus_keyword":["louis vuitton sac noe"],"_purchase_price_field":["300,18"],"_internal_warehouse_number_field":["P5-0851"],"_unit":[""],"_unit_base":[""],"_unit_product":[""],"_unit_price_auto":["no"],"_unit_price_regular":[""],"_unit_price":[""],"_unit_price_sale":[""],"_sale_price_label":["mwst"],"_sale_price_regular_label":[""],"_mini_desc":["Louis Vuitton Sac Noe Grand Epi Schwarz"],"_defect_description":[""],"_allergen_ids":["a:0:{}"],"_warranty_attachment_id":[""],"_min_age":[""],"_ts_gtin":[""],"_ts_mpn":[""],"_delivery_time_countries":["a:0:{}"],"_free_shipping":["no"],"_service":["no"],"_photovoltaic_system":["no"],"_used_good":["yes"],"_defective_copy":["no"],"_is_food":["no"],"_differential_taxation":["no"],"_gzd_version":["3.20.3"],"_hs_code":[""],"_manufacture_country":["0"],"_rank_math_gtin_code":[""],"_fusion_google_fonts":[""],"fusion_builder_status":["active"],"rank_math_primary_product_cat":["0"],"_wcml_custom_prices_status":["1"],"avada_post_views_count":["18"],"avada_today_post_views_count":["1"],"avada_post_views_count_today_date":["10-04-2023"],"_sale_price_dates_to_USD":[""],"_sale_price_dates_from_USD":[""],"_sale_price_USD":[""],"_regular_price_USD":[""],"_wcml_schedule_USD":["0"],"yikes_woo_products_tabs":["a:2:{i:0;a:3:{s:5:\"title\";s:21:\"Weitere Informationen\";s:2:\"id\";s:21:\"weitere-informationen\";s:7:\"content\";s:316:\"<strong>Material au\u00dfen: <\/strong>Schwarzes Epileder\r\n<strong>Material innen:<\/strong> Mikrofaserinnenfutter\r\n<strong>Ma\u00dfe: <\/strong>(H) 34 x (B) x 26\u00a0 x (T) 19 cm\r\n<strong>Date Code \/ Herstellungsjahr: <\/strong>AR0946\/ 1996\r\n<strong>SKU: <\/strong>M44002\r\n<strong>Lieferumfang:<\/strong> I Love Handbags Staubbeutel\";}i:1;a:3:{s:5:\"title\";s:7:\"Zustand\";s:2:\"id\";s:7:\"zustand\";s:7:\"content\";s:488:\"<strong>Gesamtzustand: <\/strong>Gut bis sehr gut\r\n<strong>Leder:<\/strong> Intakt, vereinzelt kleine Kratzer, Flecken, Abrieb, Dellen\r\n<strong>Boden:<\/strong> Intakt, vereinzelt Kratzer, Ecken mit leichten Abreibungen\r\n<strong>Original Zugband:<\/strong> Vorhanden\r\n<strong>Schulterriemen:<\/strong> Intakt, vereinzelt kleine Flecken und Kratzer\r\n<strong>Hardware: <\/strong>\u00a0Teilweise oxidiert, mit ein leichten Gebrauchspuren\r\n<strong>Innenraum: <\/strong>Sauber mit leichten Gebrauchspuren\";}}"],"_deposit_type":[""],"_nutrient_ids":["a:0:{}"],"_nutrient_reference_value":["100g"],"_ingredients":[""],"_nutri_score":[""],"_alcohol_content":[""],"_drained_weight":[""],"_net_filling_quantity":[""],"_food_distributor":[""],"_food_description":[""],"_food_place_of_origin":[""],"_deposit_quantity":[""],"site-sidebar-layout":["default"],"site-content-layout":["default"],"theme-transparent-header-meta":["default"],"stick-header-meta":["default"],"_pys_conversion_label_settings":["a:3:{s:6:\"enable\";b:0;s:5:\"label\";s:0:\"\";s:2:\"id\";s:14:\"AW-11184563350\";}"],"_pys_super_pack_cpt_url":[""],"_pys_super_pack_cpt_condition":["only"],"_pys_super_pack_cpt_cart":["hidden"],"_woosea_brand":[""],"_woosea_mpn":[""],"_woosea_upc":[""],"_woosea_ean":[""],"_woosea_gtin":[""],"_woosea_color":[""],"_woosea_size":[""],"_woosea_gender":[""],"_woosea_material":[""],"_woosea_pattern":[""],"_woosea_optimized_title":[""],"_woosea_unit_pricing_measure":[""],"_woosea_unit_pricing_base_measure":[""],"_woosea_condition":[""],"_woosea_age_group":["adult"],"_woosea_installment_months":[""],"_woosea_installment_amount":[""],"_woosea_exclude_product":["no"],"_woosea_cost_of_good_sold":[""],"_woosea_multipack":[""],"_woosea_is_bundle":[""],"_woosea_energy_efficiency_class":[""],"_woosea_min_energy_efficiency_class":[""],"_woosea_max_energy_efficiency_class":[""],"_woosea_is_promotion":[""],"_woosea_custom_field_0":[""],"_woosea_custom_field_1":[""],"_woosea_custom_field_2":[""],"_woosea_custom_field_3":[""],"_woosea_custom_field_4":[""],"_pys_head_footer":["a:7:{s:14:\"disable_global\";b:0;s:8:\"head_any\";s:0:\"\";s:12:\"head_desktop\";s:0:\"\";s:11:\"head_mobile\";s:0:\"\";s:10:\"footer_any\";s:0:\"\";s:14:\"footer_desktop\";s:0:\"\";s:13:\"footer_mobile\";s:0:\"\";}"],"_customs_description":[""],"_is_non_returnable":["no"],"_wp_old_date":["2023-08-10","2023-08-31","2023-10-23","2023-10-24","2023-11-29","2023-12-02","2023-12-14","2024-01-14","2024-08-02"],"ast-site-content-layout":["default"],"site-content-style":["default"],"site-sidebar-style":["default"],"_sale_price_dates_to_CHF":[""],"_sale_price_dates_from_CHF":[""],"_sale_price_CHF":[""],"_regular_price_CHF":[""],"_wcml_schedule_CHF":["0"],"_sale_price_dates_to_GBP":[""],"_sale_price_dates_from_GBP":[""],"_sale_price_GBP":[""],"_regular_price_GBP":[""],"_wcml_schedule_GBP":["0"],"litespeed_vpi_list_mobile":["a:2:{i:0;s:8:\"logo.png\";i:1;s:64:\"Louis-Vuitton-Noe-Grand-Vorderseite-2023-0302-scaled-500x500.jpg\";}"],"litespeed_vpi_list":["a:4:{i:0;s:8:\"logo.png\";i:1;s:6:\"de.png\";i:2;s:64:\"Louis-Vuitton-Noe-Grand-Vorderseite-2023-0302-scaled-500x500.jpg\";i:3;s:35:\"three-o-clock-clock-svgrepo-com.svg\";}"],"_internal_date_code":["AR0946"],"_internal_product_origin":["Frankreich"],"_product_rating":["between A and B"],"_custom_html_content":[""],"_wpml_post_translation_editor_native":["no"],"rank_math_robots":["a:1:{i:0;s:5:\"index\";}"],"_not_in_inventory_checkbox":[""],"rank_math_contentai_score":["a:4:{s:9:\"wordCount\";s:4:\"3.02\";s:9:\"linkCount\";s:1:\"0\";s:12:\"headingCount\";s:1:\"0\";s:10:\"mediaCount\";s:3:\"100\";}"],"_customer_view":["3"],"_custom_view_last_updated":["2025-09-30 00:43:37"],"_shipping_length":[""],"_shipping_width":[""],"_shipping_height":[""],"_zettle_product_cat_id":[""],"_wpml_media_has_media":["1"],"_product_shipping_weight":["1kg"],"_manufacturer_slug":["lvmh-moet-hennessy-louis-vuitton-se"],"_safety_attachment_ids":["a:0:{}"],"_nickx_video_text_url":["a:1:{i:0;s:0:\"\";}"],"_nickx_product_video_type":["a:1:{i:0;s:23:\"nickx_video_url_youtube\";}"],"_nickx_product_video_thumb_ids":["a:1:{i:0;s:0:\"\";}"],"_product_available_from_field":["2025-06-20T19:00"],"similar_product_key":["1742728275"],"_safety_instructions":[""],"_wireless_electronic_device":["no"],"_device_contains_power_supply":["no"],"_device_charging_supports_usb_pd":["no"],"_device_charging_watt_min":["0"],"_device_charging_watt_max":["0"],"rank_math_primary_product_brand":["1584"],"_product_reserve_till_field":[""],"_product_reserve_add_cart_link_key":["ySQpJtCjBdvcsbAUGLNwrPDZzFexfhOiTEmWnXRIHKqaguYlMkVo1744032428"],"_sku":["P5-0851"],"_edit_lock":["1763045008:4"],"_edit_last":["4"],"sib_push_meta_box_present":["1"],"sib_push_send_notification":["0"],"sib_push_target_segment_ids":["@ALL"],"_izettle_barcode":[""],"_izettle_nosync":[""],"_izettle_cost_price":[""],"_izettle_special_price":[""],"_izettle_product_name":[""],"_ame_cpe_post_policy":["{\"accessProtection\":{\"active\":\"replace\"}}"],"_gdrive_field":["https:\/\/drive.google.com\/drive\/u\/1\/folders\/1RE6LXUcPX4Vc8HogwwSNGEF45dGmyyrg"],"_izettle_image_lookup_key":["3kyncy1cEe-udXp3qLWasA-AeiHxkwrEfChPUccji3Kzw"],"woocommerce_izettle_product_uuid":["01eb8da8-4c2b-11f0-8d69-353536383939"],"woocommerce_izettle_variant_uuid":["01ebb5f8-4c2b-11f0-a55f-353536383939"],"_izettle_updated":["1755928875"],"sib_push_send_notification_delay_seconds":["0"],"copied_media_ids":["a:0:{}"],"referenced_media_ids":["a:16:{i:0;i:61969;i:1;i:62057;i:2;i:61971;i:3;i:61973;i:4;i:61975;i:5;i:61967;i:6;i:61977;i:7;i:61979;i:8;i:61993;i:9;i:61991;i:10;i:61981;i:11;i:61961;i:12;i:61983;i:13;i:61985;i:14;i:61987;i:15;i:61989;}"],"_is_non_alcoholic":["no"],"_ship_separately_via":[""],"_wcml_average_rating":[null],"_wcml_review_count":[null],"_wcml_rating_count":[null],"astra-migrate-meta-layouts":["set"],"rank_math_analytic_object_id":["647"],"_wc_rating_count":[""]},"uagb_featured_image_src":{"full":["https:\/\/ilovehandbags.com\/wp-content\/uploads\/sites\/3\/Louis-Vuitton-Sac-Noe-Grand-Epi-Schwarz-0851-16-scaled.png",2560,2560,false],"thumbnail":["https:\/\/ilovehandbags.com\/wp-content\/uploads\/sites\/3\/Louis-Vuitton-Sac-Noe-Grand-Epi-Schwarz-0851-16-150x150.png.jpg",150,150,true],"medium":["https:\/\/ilovehandbags.com\/wp-content\/uploads\/sites\/3\/Louis-Vuitton-Sac-Noe-Grand-Epi-Schwarz-0851-16-300x300.png.jpg",300,300,true],"medium_large":["https:\/\/ilovehandbags.com\/wp-content\/uploads\/sites\/3\/Louis-Vuitton-Sac-Noe-Grand-Epi-Schwarz-0851-16-768x768.png.jpg",768,768,true],"large":["https:\/\/ilovehandbags.com\/wp-content\/uploads\/sites\/3\/Louis-Vuitton-Sac-Noe-Grand-Epi-Schwarz-0851-16-1024x1024.png.jpg",1024,1024,true],"1536x1536":["https:\/\/ilovehandbags.com\/wp-content\/uploads\/sites\/3\/Louis-Vuitton-Sac-Noe-Grand-Epi-Schwarz-0851-16-scaled.png",1536,1536,false],"2048x2048":["https:\/\/ilovehandbags.com\/wp-content\/uploads\/sites\/3\/Louis-Vuitton-Sac-Noe-Grand-Epi-Schwarz-0851-16-scaled.png",2048,2048,false],"woocommerce_thumbnail":["https:\/\/ilovehandbags.com\/wp-content\/uploads\/sites\/3\/Louis-Vuitton-Sac-Noe-Grand-Epi-Schwarz-0851-16-500x500.png.jpg",500,500,true],"woocommerce_single":["https:\/\/ilovehandbags.com\/wp-content\/uploads\/sites\/3\/Louis-Vuitton-Sac-Noe-Grand-Epi-Schwarz-0851-16-500x500.png.jpg",500,500,true],"woocommerce_gallery_thumbnail":["https:\/\/ilovehandbags.com\/wp-content\/uploads\/sites\/3\/Louis-Vuitton-Sac-Noe-Grand-Epi-Schwarz-0851-16-100x100.png.jpg",100,100,true]},"uagb_author_info":{"display_name":"ILoveHandbags","author_link":"https:\/\/ilovehandbags.com\/de\/author\/"},"uagb_comment_info":0,"uagb_excerpt":"Der Louis Vuitton Sac Noe Grand aus schwarzem Epi-Leder verk\u00f6rpert zeitlose Eleganz und exquisiten Stil. Seine Wurzeln reichen zur\u00fcck in die 30er Jahre, als er urspr\u00fcnglich f\u00fcr Champagnerproduzenten entworfen wurde, um Flaschen sicher zu transportieren. Diese ikonische Tasche tr\u00e4gt somit nicht nur den Glanz von Luxus, sondern auch eine faszinierende Geschichte. Mit einem ger\u00e4umigen Innenraum&hellip;","_links":{"self":[{"href":"https:\/\/ilovehandbags.com\/de\/wp-json\/wp\/v2\/product\/61955","targetHints":{"allow":["GET"]}}],"collection":[{"href":"https:\/\/ilovehandbags.com\/de\/wp-json\/wp\/v2\/product"}],"about":[{"href":"https:\/\/ilovehandbags.com\/de\/wp-json\/wp\/v2\/types\/product"}],"wp:featuredmedia":[{"embeddable":true,"href":"https:\/\/ilovehandbags.com\/de\/wp-json\/wp\/v2\/media\/61969"}],"wp:attachment":[{"href":"https:\/\/ilovehandbags.com\/de\/wp-json\/wp\/v2\/media?parent=61955"}],"wp:term":[{"taxonomy":"product_brand","embeddable":true,"href":"https:\/\/ilovehandbags.com\/de\/wp-json\/wp\/v2\/product_brand?post=61955"},{"taxonomy":"product_cat","embeddable":true,"href":"https:\/\/ilovehandbags.com\/de\/wp-json\/wp\/v2\/product_cat?post=61955"},{"taxonomy":"product_tag","embeddable":true,"href":"https:\/\/ilovehandbags.com\/de\/wp-json\/wp\/v2\/product_tag?post=61955"}],"curies":[{"name":"wp","href":"https:\/\/api.w.org\/{rel}","templated":true}]}}