{"id":62339,"date":"2025-06-18T11:44:43","date_gmt":"2025-06-18T09:44:43","guid":{"rendered":"https:\/\/ilovehandbags.com\/?post_type=product&#038;p=62339"},"modified":"2025-08-23T08:01:16","modified_gmt":"2025-08-23T06:01:16","slug":"louis-vuitton-luggage-tag-taschenanhaenger-4","status":"publish","type":"product","link":"https:\/\/ilovehandbags.com\/de\/louis-vuitton-luggage-tag-taschenanhaenger-4\/","title":{"rendered":"Louis Vuitton Luggage Tag Taschenanh\u00e4nger"},"content":{"rendered":"","protected":false},"excerpt":{"rendered":"<p>Dieser exquisite Louis Vuitton Luggage Tag ist nicht nur ein stilvoller Taschenanh\u00e4nger, sondern auch perfekt als Adressanh\u00e4nger f\u00fcr die Keepall oder deine Lieblingshandtasche geeignet. Hol dir jetzt dein pers\u00f6nliches Highlight \u2013 kostenlos individualisierbar mit einem Stempel (Initialen oder Motiv) in jedem Louis Vuitton Gesch\u00e4ft.<\/p>\n","protected":false},"featured_media":62343,"template":"","meta":{"_uag_custom_page_level_css":"","site-sidebar-layout":"default","site-content-layout":"default","ast-site-content-layout":"default","site-content-style":"default","site-sidebar-style":"default","ast-global-header-display":"","ast-banner-title-visibility":"","ast-main-header-display":"","ast-hfb-above-header-display":"","ast-hfb-below-header-display":"","ast-hfb-mobile-header-display":"","site-post-title":"","ast-breadcrumbs-content":"","ast-featured-img":"","footer-sml-layout":"","ast-disable-related-posts":"","theme-transparent-header-meta":"default","adv-header-id-meta":"","stick-header-meta":"default","header-above-stick-meta":"","header-main-stick-meta":"","header-below-stick-meta":"","astra-migrate-meta-layouts":"set","ast-page-background-enabled":"default","ast-page-background-meta":{"desktop":{"background-color":"var(--ast-global-color-4)","background-image":"","background-repeat":"repeat","background-position":"center center","background-size":"auto","background-attachment":"scroll","background-type":"","background-media":"","overlay-type":"","overlay-color":"","overlay-opacity":"","overlay-gradient":""},"tablet":{"background-color":"","background-image":"","background-repeat":"repeat","background-position":"center center","background-size":"auto","background-attachment":"scroll","background-type":"","background-media":"","overlay-type":"","overlay-color":"","overlay-opacity":"","overlay-gradient":""},"mobile":{"background-color":"","background-image":"","background-repeat":"repeat","background-position":"center center","background-size":"auto","background-attachment":"scroll","background-type":"","background-media":"","overlay-type":"","overlay-color":"","overlay-opacity":"","overlay-gradient":""}},"ast-content-background-meta":{"desktop":{"background-color":"var(--ast-global-color-5)","background-image":"","background-repeat":"repeat","background-position":"center center","background-size":"auto","background-attachment":"scroll","background-type":"","background-media":"","overlay-type":"","overlay-color":"","overlay-opacity":"","overlay-gradient":""},"tablet":{"background-color":"var(--ast-global-color-5)","background-image":"","background-repeat":"repeat","background-position":"center center","background-size":"auto","background-attachment":"scroll","background-type":"","background-media":"","overlay-type":"","overlay-color":"","overlay-opacity":"","overlay-gradient":""},"mobile":{"background-color":"var(--ast-global-color-5)","background-image":"","background-repeat":"repeat","background-position":"center center","background-size":"auto","background-attachment":"scroll","background-type":"","background-media":"","overlay-type":"","overlay-color":"","overlay-opacity":"","overlay-gradient":""}},"_glsr_average":0,"_glsr_ranking":0,"_glsr_reviews":0},"product_brand":[1584],"product_cat":[239,516,195,206],"product_tag":[214,461,460,278],"class_list":{"0":"post-62339","1":"product","2":"type-product","3":"status-publish","4":"has-post-thumbnail","6":"product_brand-louis-vuitton","7":"product_cat-louis-vuitton","8":"product_cat-neu-im-shop","9":"product_cat-taschenschmuck","10":"product_cat-zubehoer","11":"product_tag-louis-vuitton","12":"product_tag-louis-vuitton-kofferanhaenger","13":"product_tag-louis-vuitton-luggage-tag","14":"product_tag-louis-vuitton-taschenanhaenger","15":"desktop-align-left","16":"tablet-align-left","17":"mobile-align-left","18":"ast-product-gallery-layout-first-image-large","19":"ast-magnify-disabled","20":"ast-product-tabs-layout-accordion","22":"first","23":"instock","24":"sold-individually","25":"taxable","26":"shipping-taxable","27":"purchasable","28":"product-type-simple"},"spectra_custom_meta":{"_sku":["P5-0706-09"],"_regular_price":["55"],"total_sales":["0"],"_tax_status":["taxable"],"_tax_class":[""],"_manage_stock":["yes"],"_backorders":["no"],"_sold_individually":["yes"],"_virtual":["no"],"_downloadable":["no"],"_product_image_gallery":["62341"],"_download_limit":["-1"],"_download_expiry":["-1"],"_thumbnail_id":["62343"],"_stock":["1"],"_stock_status":["instock"],"_wc_average_rating":[0],"_wc_review_count":["0"],"_product_attributes":["a:3:{s:8:\"pa_brand\";a:7:{s:4:\"name\";s:8:\"pa_brand\";s:5:\"value\";s:0:\"\";s:8:\"position\";i:1;s:10:\"is_visible\";i:0;s:12:\"is_variation\";i:1;s:11:\"is_taxonomy\";i:1;s:16:\"checkout_visible\";i:0;}s:8:\"pa_color\";a:7:{s:4:\"name\";s:8:\"pa_color\";s:5:\"value\";s:0:\"\";s:8:\"position\";i:2;s:10:\"is_visible\";i:0;s:12:\"is_variation\";i:1;s:11:\"is_taxonomy\";i:1;s:16:\"checkout_visible\";i:0;}s:9:\"pa_gender\";a:7:{s:4:\"name\";s:9:\"pa_gender\";s:5:\"value\";s:0:\"\";s:8:\"position\";i:3;s:10:\"is_visible\";i:0;s:12:\"is_variation\";i:1;s:11:\"is_taxonomy\";i:1;s:16:\"checkout_visible\";i:0;}}"],"_product_version":["10.1.1"],"_price":["55"],"_wpml_media_featured":["1","1","1","1","1","1","1","1","1","1","1","1","1","1","1","1","1","1"],"_wpml_media_duplicate":["1","1","1","1","1","1","1","1","1","1","1","1","1","1","1","1","1","1"],"_wpml_word_count":["67"],"_wpml_location_migration_done":["1"],"_fusion":["a:3:{s:17:\"slider_visibility\";s:51:\"small-visibility,medium-visibility,large-visibility\";s:11:\"slider_type\";s:2:\"no\";s:9:\"wooslider\";s:1:\"0\";}"],"rank_math_seo_score":["63"],"rank_math_focus_keyword":["Louis Vuitton Luggage Tag"],"_purchase_price_field":["21,50"],"_internal_warehouse_number_field":["P5-0706-09"],"_gdrive_field":["https:\/\/drive.google.com\/drive\/u\/1\/folders\/1eTOeeuzHFAMvLW_J-PZ1kAC-PeI1C7nI"],"_unit":[""],"_unit_base":[""],"_unit_product":[""],"_unit_price_auto":["no"],"_unit_price_regular":[""],"_unit_price":[""],"_unit_price_sale":[""],"_sale_price_label":[""],"_sale_price_regular_label":[""],"_mini_desc":["Louis Vuitton Luggage Tag Taschenanh\u00e4nger"],"_defect_description":[""],"_allergen_ids":["a:0:{}"],"_warranty_attachment_id":[""],"_min_age":[""],"_ts_gtin":[""],"_ts_mpn":[""],"_delivery_time_countries":["a:0:{}"],"_free_shipping":["no"],"_service":["no"],"_photovoltaic_system":["no"],"_used_good":["yes"],"_defective_copy":["no"],"_is_food":["no"],"_differential_taxation":["no"],"_gzd_version":["3.19.11"],"_hs_code":[""],"_manufacture_country":["0"],"_rank_math_gtin_code":[""],"_fusion_google_fonts":[""],"fusion_builder_status":["active"],"rank_math_primary_product_cat":["0"],"_wcml_custom_prices_status":["1"],"avada_post_views_count":["71"],"avada_today_post_views_count":["1"],"avada_post_views_count_today_date":["16-04-2023"],"_deposit_type":[""],"_nutrient_ids":["a:0:{}"],"_nutrient_reference_value":["100g"],"_ingredients":[""],"_nutri_score":[""],"_alcohol_content":[""],"_drained_weight":[""],"_net_filling_quantity":[""],"_food_distributor":[""],"_food_description":[""],"_food_place_of_origin":[""],"_deposit_quantity":[""],"yikes_woo_products_tabs":["a:2:{i:0;a:3:{s:5:\"title\";s:21:\"Weitere Informationen\";s:2:\"id\";s:21:\"weitere-informationen\";s:7:\"content\";s:169:\"<strong>Material: <\/strong>Vachetta Leder mit goldfarbener Hardware\r\n<strong>Ma\u00dfe: <\/strong>4 x\u00a07 x\u00a00,3 cm\r\n<strong>Lieferumfang:<\/strong> I Love Handbags Staubbeutel\";}i:1;a:3:{s:5:\"title\";s:7:\"Zustand\";s:2:\"id\";s:7:\"zustand\";s:7:\"content\";s:174:\"<strong>Gesamtzustand:<\/strong> Gut bis sehr gut\r\n<strong>Leder:<\/strong> Honigfarbene Patina mit leichten Gebrauchsspuren\r\n<strong>Hardware:<\/strong> Leichte Gebrauchsspuren\";}}"],"site-sidebar-layout":["default"],"site-content-layout":["default"],"theme-transparent-header-meta":["default"],"stick-header-meta":["default"],"_pys_conversion_label_settings":["a:3:{s:6:\"enable\";b:0;s:5:\"label\";s:0:\"\";s:2:\"id\";s:14:\"AW-11184563350\";}"],"_pys_super_pack_cpt_url":[""],"_pys_super_pack_cpt_condition":["only"],"_pys_super_pack_cpt_cart":["hidden"],"_woosea_brand":[""],"_woosea_mpn":[""],"_woosea_upc":[""],"_woosea_ean":[""],"_woosea_gtin":[""],"_woosea_color":[""],"_woosea_size":[""],"_woosea_gender":[""],"_woosea_material":[""],"_woosea_pattern":[""],"_woosea_optimized_title":[""],"_woosea_unit_pricing_measure":[""],"_woosea_unit_pricing_base_measure":[""],"_woosea_condition":[""],"_woosea_age_group":["adult"],"_woosea_installment_months":[""],"_woosea_installment_amount":[""],"_woosea_exclude_product":["no"],"_woosea_cost_of_good_sold":[""],"_woosea_multipack":[""],"_woosea_is_bundle":[""],"_woosea_energy_efficiency_class":[""],"_woosea_min_energy_efficiency_class":[""],"_woosea_max_energy_efficiency_class":[""],"_woosea_is_promotion":[""],"_woosea_custom_field_0":[""],"_woosea_custom_field_1":[""],"_woosea_custom_field_2":[""],"_woosea_custom_field_3":[""],"_woosea_custom_field_4":[""],"_pys_head_footer":["a:7:{s:14:\"disable_global\";b:0;s:8:\"head_any\";s:0:\"\";s:12:\"head_desktop\";s:0:\"\";s:11:\"head_mobile\";s:0:\"\";s:10:\"footer_any\";s:0:\"\";s:14:\"footer_desktop\";s:0:\"\";s:13:\"footer_mobile\";s:0:\"\";}"],"_sale_price_dates_to_USD":[""],"_sale_price_dates_from_USD":[""],"_sale_price_USD":[""],"_regular_price_USD":[""],"_wcml_schedule_USD":["0"],"_customs_description":[""],"_wp_old_date":["2023-06-11","2025-02-04","2025-03-20","2025-06-19"],"_is_non_returnable":["no"],"_wpml_media_has_media":["1"],"litespeed_vpi_list_mobile":["a:2:{i:0;s:8:\"logo.png\";i:1;s:72:\"Louis-Vuitton-Luggage-Tag-Damier-Ebene-vorn-2023-0018-scaled-500x500.jpg\";}"],"litespeed_vpi_list":["a:3:{i:0;s:8:\"logo.png\";i:1;s:6:\"de.png\";i:2;s:72:\"Louis-Vuitton-Luggage-Tag-Damier-Ebene-vorn-2023-0018-scaled-500x500.jpg\";}"],"rank_math_robots":["a:1:{i:0;s:5:\"index\";}"],"_internal_date_code":["nicht vorhanden"],"_internal_product_origin":["Frankreich"],"_product_rating":["between A and B"],"_custom_html_content":[""],"ast-site-content-layout":["default"],"site-content-style":["default"],"site-sidebar-style":["default"],"_sale_price_dates_to_CHF":[""],"_sale_price_dates_from_CHF":[""],"_sale_price_CHF":[""],"_regular_price_CHF":[""],"_wcml_schedule_CHF":["0"],"_sale_price_dates_to_GBP":[""],"_sale_price_dates_from_GBP":[""],"_sale_price_GBP":[""],"_regular_price_GBP":[""],"_wcml_schedule_GBP":["0"],"_wpml_post_translation_editor_native":["no"],"_not_in_inventory_checkbox":[""],"_zettle_product_cat_id":[""],"_shipping_length":[""],"_shipping_width":[""],"_shipping_height":[""],"rank_math_auto_redirect":["a:1:{i:0;i:56;}"],"_customer_view":["3"],"_custom_view_last_updated":["2026-04-05 02:47:34"],"_product_shipping_weight":["1kg"],"_product_available_from_field":["2025-06-13T19:00"],"_manufacturer_slug":["lvmh-moet-hennessy-louis-vuitton-se"],"_safety_attachment_ids":["a:0:{}"],"_nickx_video_text_url":["a:1:{i:0;s:0:\"\";}"],"_nickx_product_video_type":["a:1:{i:0;s:23:\"nickx_video_url_youtube\";}"],"_nickx_product_video_thumb_ids":["a:1:{i:0;s:0:\"\";}"],"similar_product_key":["1738682541"],"_safety_instructions":[""],"_product_reserve_till_field":[""],"_wireless_electronic_device":["no"],"_device_contains_power_supply":["no"],"_device_charging_supports_usb_pd":["no"],"_device_charging_watt_min":["0"],"_device_charging_watt_max":["0"],"rank_math_primary_product_brand":["1584"],"sib_push_meta_box_present":["1"],"sib_push_send_notification":["0"],"sib_push_target_segment_ids":["@ALL"],"_ame_cpe_post_policy":["{\"accessProtection\":{\"active\":\"replace\"}}"],"_edit_lock":["1750336546:4"],"_edit_last":["4"],"_izettle_barcode":[""],"_izettle_nosync":[""],"_izettle_cost_price":[""],"_izettle_special_price":[""],"_izettle_product_name":[""],"_izettle_image_lookup_key":["3kyncy1cEe-udXp3qLWasA-uLPdXU0DEfCG4ivc03yhTQ"],"woocommerce_izettle_product_uuid":["b8b6a738-4d03-11f0-9df9-353536383939"],"woocommerce_izettle_variant_uuid":["b8b6ceb6-4d03-11f0-8adb-353536383939"],"_izettle_updated":["1755928876"],"astra-migrate-meta-layouts":["set"],"_wcml_average_rating":[null],"_wcml_review_count":[null],"_wcml_rating_count":[null],"copied_media_ids":["a:0:{}"],"referenced_media_ids":["a:2:{i:0;i:62343;i:1;i:62341;}"],"rank_math_analytic_object_id":["649"],"_wc_rating_count":[""]},"uagb_featured_image_src":{"full":["https:\/\/ilovehandbags.com\/wp-content\/uploads\/sites\/3\/Louis-Vuitton-Luggage-Tag-0706-09-01-scaled.png",2560,2560,false],"thumbnail":["https:\/\/ilovehandbags.com\/wp-content\/uploads\/sites\/3\/Louis-Vuitton-Luggage-Tag-0706-09-01-150x150.png.jpg",150,150,true],"medium":["https:\/\/ilovehandbags.com\/wp-content\/uploads\/sites\/3\/Louis-Vuitton-Luggage-Tag-0706-09-01-300x300.png.jpg",300,300,true],"medium_large":["https:\/\/ilovehandbags.com\/wp-content\/uploads\/sites\/3\/Louis-Vuitton-Luggage-Tag-0706-09-01-768x768.png.jpg",768,768,true],"large":["https:\/\/ilovehandbags.com\/wp-content\/uploads\/sites\/3\/Louis-Vuitton-Luggage-Tag-0706-09-01-1024x1024.png.jpg",1024,1024,true],"1536x1536":["https:\/\/ilovehandbags.com\/wp-content\/uploads\/sites\/3\/Louis-Vuitton-Luggage-Tag-0706-09-01-scaled.png",1536,1536,false],"2048x2048":["https:\/\/ilovehandbags.com\/wp-content\/uploads\/sites\/3\/Louis-Vuitton-Luggage-Tag-0706-09-01-scaled.png",2048,2048,false],"woocommerce_thumbnail":["https:\/\/ilovehandbags.com\/wp-content\/uploads\/sites\/3\/Louis-Vuitton-Luggage-Tag-0706-09-01-500x500.png.jpg",500,500,true],"woocommerce_single":["https:\/\/ilovehandbags.com\/wp-content\/uploads\/sites\/3\/Louis-Vuitton-Luggage-Tag-0706-09-01-500x500.png.jpg",500,500,true],"woocommerce_gallery_thumbnail":["https:\/\/ilovehandbags.com\/wp-content\/uploads\/sites\/3\/Louis-Vuitton-Luggage-Tag-0706-09-01-100x100.png.jpg",100,100,true]},"uagb_author_info":{"display_name":"ILoveHandbags","author_link":"https:\/\/ilovehandbags.com\/de\/author\/"},"uagb_comment_info":0,"uagb_excerpt":"Dieser exquisite Louis Vuitton Luggage Tag ist nicht nur ein stilvoller Taschenanh\u00e4nger, sondern auch perfekt als Adressanh\u00e4nger f\u00fcr die Keepall oder deine Lieblingshandtasche geeignet. Hol dir jetzt dein pers\u00f6nliches Highlight \u2013 kostenlos individualisierbar mit einem Stempel (Initialen oder Motiv) in jedem Louis Vuitton Gesch\u00e4ft.","_links":{"self":[{"href":"https:\/\/ilovehandbags.com\/de\/wp-json\/wp\/v2\/product\/62339","targetHints":{"allow":["GET"]}}],"collection":[{"href":"https:\/\/ilovehandbags.com\/de\/wp-json\/wp\/v2\/product"}],"about":[{"href":"https:\/\/ilovehandbags.com\/de\/wp-json\/wp\/v2\/types\/product"}],"wp:featuredmedia":[{"embeddable":true,"href":"https:\/\/ilovehandbags.com\/de\/wp-json\/wp\/v2\/media\/62343"}],"wp:attachment":[{"href":"https:\/\/ilovehandbags.com\/de\/wp-json\/wp\/v2\/media?parent=62339"}],"wp:term":[{"taxonomy":"product_brand","embeddable":true,"href":"https:\/\/ilovehandbags.com\/de\/wp-json\/wp\/v2\/product_brand?post=62339"},{"taxonomy":"product_cat","embeddable":true,"href":"https:\/\/ilovehandbags.com\/de\/wp-json\/wp\/v2\/product_cat?post=62339"},{"taxonomy":"product_tag","embeddable":true,"href":"https:\/\/ilovehandbags.com\/de\/wp-json\/wp\/v2\/product_tag?post=62339"}],"curies":[{"name":"wp","href":"https:\/\/api.w.org\/{rel}","templated":true}]}}