{"id":64476,"date":"2025-07-30T11:01:25","date_gmt":"2025-07-30T09:01:25","guid":{"rendered":"https:\/\/ilovehandbags.com\/?post_type=product&#038;p=64476"},"modified":"2026-03-31T17:55:38","modified_gmt":"2026-03-31T15:55:38","slug":"louis-vuitton-eva-pochette-monogram-canvas-0892","status":"publish","type":"product","link":"https:\/\/ilovehandbags.com\/de\/louis-vuitton-eva-pochette-monogram-canvas-0892\/","title":{"rendered":"Louis Vuitton Eva Pochette Monogram Canvas"},"content":{"rendered":"","protected":false},"excerpt":{"rendered":"<p data-start=\"250\" data-end=\"575\">Die Louis Vuitton Eva Pochette im klassischen Monogram Canvas ist eine stilvolle und vielseitige Designer-Handtasche, die sich perfekt f\u00fcr Tag und Abend eignet. Ihr kompaktes Format bietet Platz f\u00fcr das Wesentliche wie Smartphone, Kartenetui und Schl\u00fcssel \u2013 ideal f\u00fcr alle, die unterwegs nicht auf Eleganz verzichten m\u00f6chten. Gefertigt aus dem ikonischen Monogram Canvas mit feinen Lederdetails und goldfarbener Hardware, ist sie ein echter Hingucker. Die kurze Kette ist fest integriert und sorgt f\u00fcr einen edlen Look, w\u00e4hrend der abnehmbare Schulterriemen zus\u00e4tzlichen Tragekomfort bietet \u2013 ob crossbody oder \u00fcber der Schulter. Diese Pochette vereint klassische Louis Vuitton \u00c4sthetik mit moderner Funktionalit\u00e4t und ist damit der perfekte Begleiter f\u00fcr den Alltag, Events oder Reisen. Ein echtes Lieblingsst\u00fcck f\u00fcr alle, die Qualit\u00e4t, Stil und Authentizit\u00e4t sch\u00e4tzen.<\/p>\n","protected":false},"featured_media":64498,"template":"","meta":{"_uag_custom_page_level_css":"","site-sidebar-layout":"default","site-content-layout":"default","ast-site-content-layout":"default","site-content-style":"default","site-sidebar-style":"default","ast-global-header-display":"","ast-banner-title-visibility":"","ast-main-header-display":"","ast-hfb-above-header-display":"","ast-hfb-below-header-display":"","ast-hfb-mobile-header-display":"","site-post-title":"","ast-breadcrumbs-content":"","ast-featured-img":"","footer-sml-layout":"","ast-disable-related-posts":"","theme-transparent-header-meta":"default","adv-header-id-meta":"","stick-header-meta":"default","header-above-stick-meta":"","header-main-stick-meta":"","header-below-stick-meta":"","astra-migrate-meta-layouts":"set","ast-page-background-enabled":"default","ast-page-background-meta":{"desktop":{"background-color":"var(--ast-global-color-4)","background-image":"","background-repeat":"repeat","background-position":"center center","background-size":"auto","background-attachment":"scroll","background-type":"","background-media":"","overlay-type":"","overlay-color":"","overlay-opacity":"","overlay-gradient":""},"tablet":{"background-color":"","background-image":"","background-repeat":"repeat","background-position":"center center","background-size":"auto","background-attachment":"scroll","background-type":"","background-media":"","overlay-type":"","overlay-color":"","overlay-opacity":"","overlay-gradient":""},"mobile":{"background-color":"","background-image":"","background-repeat":"repeat","background-position":"center center","background-size":"auto","background-attachment":"scroll","background-type":"","background-media":"","overlay-type":"","overlay-color":"","overlay-opacity":"","overlay-gradient":""}},"ast-content-background-meta":{"desktop":{"background-color":"var(--ast-global-color-5)","background-image":"","background-repeat":"repeat","background-position":"center center","background-size":"auto","background-attachment":"scroll","background-type":"","background-media":"","overlay-type":"","overlay-color":"","overlay-opacity":"","overlay-gradient":""},"tablet":{"background-color":"var(--ast-global-color-5)","background-image":"","background-repeat":"repeat","background-position":"center center","background-size":"auto","background-attachment":"scroll","background-type":"","background-media":"","overlay-type":"","overlay-color":"","overlay-opacity":"","overlay-gradient":""},"mobile":{"background-color":"var(--ast-global-color-5)","background-image":"","background-repeat":"repeat","background-position":"center center","background-size":"auto","background-attachment":"scroll","background-type":"","background-media":"","overlay-type":"","overlay-color":"","overlay-opacity":"","overlay-gradient":""}},"_glsr_average":0,"_glsr_ranking":0,"_glsr_reviews":0},"product_brand":[1584],"product_cat":[239,208,242,449],"product_tag":[214,906,498],"class_list":{"0":"post-64476","1":"product","2":"type-product","3":"status-publish","4":"has-post-thumbnail","6":"product_brand-louis-vuitton","7":"product_cat-louis-vuitton","8":"product_cat-handtaschen","9":"product_cat-kleine-taschen","10":"product_cat-bald-wieder-da","11":"product_tag-louis-vuitton","12":"product_tag-louis-vuitton-eva","13":"product_tag-louis-vuitton-eva-pochette","14":"desktop-align-left","15":"tablet-align-left","16":"mobile-align-left","17":"ast-product-gallery-layout-first-image-large","18":"ast-magnify-disabled","19":"ast-product-tabs-layout-accordion","21":"first","22":"outofstock","23":"sold-individually","24":"purchasable","25":"product-type-simple"},"spectra_custom_meta":{"_regular_price":["820"],"total_sales":["1"],"_tax_status":["none"],"_tax_class":[""],"_manage_stock":["yes"],"_backorders":["no"],"_sold_individually":["yes"],"_virtual":["no"],"_downloadable":["no"],"_product_image_gallery":["64628,64626,64500,64494,64496,64492,64480,64486,64478,64484,64488,64482,64490"],"_download_limit":["-1"],"_download_expiry":["-1"],"_thumbnail_id":["64498"],"_stock":["0"],"_stock_status":["outofstock"],"_wc_average_rating":[0],"_wc_review_count":["0"],"_product_attributes":["a:3:{s:8:\"pa_brand\";a:7:{s:4:\"name\";s:8:\"pa_brand\";s:5:\"value\";s:0:\"\";s:8:\"position\";i:1;s:10:\"is_visible\";i:0;s:12:\"is_variation\";i:1;s:11:\"is_taxonomy\";i:1;s:16:\"checkout_visible\";i:0;}s:8:\"pa_color\";a:7:{s:4:\"name\";s:8:\"pa_color\";s:5:\"value\";s:0:\"\";s:8:\"position\";i:2;s:10:\"is_visible\";i:0;s:12:\"is_variation\";i:1;s:11:\"is_taxonomy\";i:1;s:16:\"checkout_visible\";i:0;}s:9:\"pa_gender\";a:7:{s:4:\"name\";s:9:\"pa_gender\";s:5:\"value\";s:0:\"\";s:8:\"position\";i:3;s:10:\"is_visible\";i:0;s:12:\"is_variation\";i:1;s:11:\"is_taxonomy\";i:1;s:16:\"checkout_visible\";i:0;}}"],"_product_version":["10.6.1"],"_price":["820"],"_wpml_media_featured":["1","1","1","1","1","1"],"_wpml_media_duplicate":["1","1","1","1","1","1"],"_wpml_word_count":["161"],"_wpml_location_migration_done":["1"],"_fusion":["a:3:{s:17:\"slider_visibility\";s:51:\"small-visibility,medium-visibility,large-visibility\";s:11:\"slider_type\";s:2:\"no\";s:9:\"wooslider\";s:1:\"0\";}"],"rank_math_seo_score":["77"],"rank_math_focus_keyword":["Louis Vuitton"],"_purchase_price_field":["490"],"_internal_warehouse_number_field":["P5-0892"],"_unit":[""],"_unit_base":[""],"_unit_product":[""],"_unit_price_auto":["no"],"_unit_price_regular":[""],"_unit_price":[""],"_unit_price_sale":[""],"_sale_price_label":[""],"_sale_price_regular_label":[""],"_mini_desc":["Louis Vuitton Eva Pochette Monogram Canvas"],"_defect_description":[""],"_allergen_ids":["a:0:{}"],"_warranty_attachment_id":[""],"_min_age":[""],"_ts_gtin":[""],"_ts_mpn":[""],"_delivery_time_countries":["a:0:{}"],"_free_shipping":["no"],"_service":["no"],"_photovoltaic_system":["no"],"_used_good":["yes"],"_defective_copy":["no"],"_is_food":["no"],"_differential_taxation":["yes"],"_gzd_version":["4.0.1"],"_hs_code":[""],"_manufacture_country":[""],"_rank_math_gtin_code":[""],"_fusion_google_fonts":[""],"fusion_builder_status":["active"],"rank_math_primary_product_cat":["239"],"_wcml_custom_prices_status":["0"],"avada_post_views_count":["11"],"avada_today_post_views_count":["1"],"avada_post_views_count_today_date":["06-04-2023"],"yikes_woo_products_tabs":["a:2:{i:0;a:3:{s:5:\"title\";s:21:\"Weitere Informationen\";s:2:\"id\";s:21:\"weitere-informationen\";s:7:\"content\";s:397:\"<strong>Material Pochette au\u00dfen: <\/strong>Monogram Canvas\r\n<strong>Material Pochette innen: <\/strong>Brauner Textilstoff\r\n<strong>Ma\u00dfe Pochette:\u00a0<\/strong>25 x 12 x 4 cm\r\n<strong>Material Schulteriemen:<\/strong> Rindsleder\r\n<strong>Ma\u00dfe Schulterriemen: <\/strong>120 x 1,2 cm\r\n<strong>Date Code \/ Herstellungsjahr: <\/strong>DU5019 \/ 2009\r\n<strong>Lieferumfang:<\/strong> Louis Vuitton Staubbeutel\";}i:1;a:3:{s:5:\"title\";s:7:\"Zustand\";s:2:\"id\";s:7:\"zustand\";s:7:\"content\";s:420:\"<strong>Gesamtzustand der Pochette: <\/strong>Sehr gut\r\n<strong>Canvas: <\/strong>Intakt, leichter Abrieb an den Ecken\r\n<strong>Rei\u00dfverschluss:\u00a0<\/strong>Schlie\u00dft fl\u00fcssig\r\n<strong>Hardware:<\/strong> Leichte Gebrauchsspuren\r\n<strong>Innenraum: <\/strong>Sauber\r\n\r\n<strong>Gesamtzustand des Schulterriemens: <\/strong>Sehr gut\r\n<strong>Leder:<\/strong> Honigfarbene Patina\r\n<strong>Hardware: <\/strong>Leichte Gebrauchsspuren\";}}"],"_deposit_type":[""],"_nutrient_ids":["a:0:{}"],"_nutrient_reference_value":["100g"],"_ingredients":[""],"_nutri_score":[""],"_alcohol_content":[""],"_drained_weight":[""],"_net_filling_quantity":[""],"_food_distributor":[""],"_food_description":[""],"_food_place_of_origin":[""],"_deposit_quantity":[""],"site-sidebar-layout":["default"],"site-content-layout":["default"],"theme-transparent-header-meta":["default"],"stick-header-meta":["default"],"_default_delivery_time":[""],"rank_math_robots":["a:1:{i:0;s:5:\"index\";}"],"_wp_old_date":["2023-04-26","2023-09-26","2023-09-25","2023-11-06","2024-01-15","2025-07-29"],"_pys_conversion_label_settings":["a:3:{s:6:\"enable\";b:0;s:5:\"label\";s:0:\"\";s:2:\"id\";s:14:\"AW-11184563350\";}"],"_pys_super_pack_cpt_url":[""],"_pys_super_pack_cpt_condition":["only"],"_pys_super_pack_cpt_cart":["hidden"],"_pys_head_footer":["a:7:{s:14:\"disable_global\";b:0;s:8:\"head_any\";s:0:\"\";s:12:\"head_desktop\";s:0:\"\";s:11:\"head_mobile\";s:0:\"\";s:10:\"footer_any\";s:0:\"\";s:14:\"footer_desktop\";s:0:\"\";s:13:\"footer_mobile\";s:0:\"\";}"],"_woosea_brand":[""],"_woosea_mpn":[""],"_woosea_upc":[""],"_woosea_ean":[""],"_woosea_gtin":[""],"_woosea_color":[""],"_woosea_size":[""],"_woosea_gender":[""],"_woosea_material":[""],"_woosea_pattern":[""],"_woosea_optimized_title":[""],"_woosea_unit_pricing_measure":[""],"_woosea_unit_pricing_base_measure":[""],"_woosea_condition":[""],"_woosea_age_group":["adult"],"_woosea_installment_months":[""],"_woosea_installment_amount":[""],"_woosea_exclude_product":["no"],"_woosea_cost_of_good_sold":[""],"_woosea_multipack":[""],"_woosea_is_bundle":[""],"_woosea_energy_efficiency_class":[""],"_woosea_min_energy_efficiency_class":[""],"_woosea_max_energy_efficiency_class":[""],"_woosea_is_promotion":[""],"_woosea_custom_field_0":[""],"_woosea_custom_field_1":[""],"_woosea_custom_field_2":[""],"_woosea_custom_field_3":[""],"_woosea_custom_field_4":[""],"_customs_description":[""],"_is_non_returnable":["no"],"litespeed_vpi_list_mobile":["a:2:{i:0;s:8:\"logo.png\";i:1;s:74:\"Louis-Vuitton-Eva-Pochette-mit-Schulterriemen-2023-0226-scaled-500x500.jpg\";}"],"litespeed_vpi_list":["a:3:{i:0;s:8:\"logo.png\";i:1;s:6:\"de.png\";i:2;s:74:\"Louis-Vuitton-Eva-Pochette-mit-Schulterriemen-2023-0226-scaled-500x500.jpg\";}"],"_internal_date_code":["DU5019"],"_internal_product_origin":["France"],"ast-site-content-layout":["default"],"site-content-style":["default"],"site-sidebar-style":["default"],"_wpml_media_has_media":["1"],"_product_rating":["A"],"_custom_html_content":[""],"_not_in_inventory_checkbox":[""],"_wpml_post_translation_editor_native":["no"],"rank_math_contentai_score":["a:4:{s:9:\"wordCount\";s:4:\"3.76\";s:9:\"linkCount\";s:1:\"0\";s:12:\"headingCount\";s:1:\"0\";s:10:\"mediaCount\";s:3:\"100\";}"],"_customer_view":["5"],"_custom_view_last_updated":["2025-08-01 19:00:15"],"_product_shipping_weight":["1kg"],"sib_push_meta_box_present":["1"],"sib_push_send_notification":["0"],"sib_push_target_segment_ids":["@ALL"],"_product_available_from_field":["2025-08-01T19:00"],"_manufacturer_slug":["lvmh-moet-hennessy-louis-vuitton-se"],"_safety_instructions":[""],"_safety_attachment_ids":["a:0:{}"],"_wireless_electronic_device":["no"],"_device_contains_power_supply":["no"],"_device_charging_supports_usb_pd":["no"],"_device_charging_watt_min":[""],"_device_charging_watt_max":[""],"_shipping_length":[""],"_shipping_width":[""],"_shipping_height":[""],"_zettle_product_cat_id":[""],"_nickx_video_text_url":["a:1:{i:0;s:0:\"\";}"],"_nickx_product_video_type":["a:1:{i:0;s:23:\"nickx_video_url_youtube\";}"],"_nickx_product_video_thumb_ids":["a:1:{i:0;s:0:\"\";}"],"rank_math_primary_product_brand":["1584"],"_ame_cpe_post_policy":["{\"accessProtection\":{\"active\":\"replace\"}}"],"_product_reserve_till_field":[""],"similar_product_key":["1753687586"],"_sku":["P5-0892"],"_edit_lock":["1774982932:4"],"_edit_last":["4"],"_izettle_barcode":[""],"_izettle_nosync":[""],"_izettle_cost_price":[""],"_izettle_special_price":[""],"_izettle_product_name":[""],"_gdrive_field":["https:\/\/drive.google.com\/drive\/u\/1\/folders\/1X8FheGzXPemZRTJn-gNDdm9azIVUIyxW"],"_izettle_image_lookup_key":["3kyncy1cEe-udXp3qLWasA-sd_eg2xaEfCiuwDaLpPp2A"],"woocommerce_izettle_product_uuid":["b1e31eca-6c5a-11f0-a011-353536383939"],"woocommerce_izettle_variant_uuid":["b1e338ec-6c5a-11f0-b00b-353536383939"],"_izettle_updated":["1754048715"],"copied_media_ids":["a:0:{}"],"referenced_media_ids":["a:14:{i:0;i:64498;i:1;i:64628;i:2;i:64626;i:3;i:64500;i:4;i:64494;i:5;i:64496;i:6;i:64492;i:7;i:64480;i:8;i:64486;i:9;i:64478;i:10;i:64484;i:11;i:64488;i:12;i:64482;i:13;i:64490;}"],"rank_math_analytic_object_id":["516"],"sib_push_send_notification_delay_seconds":["0"],"_entrupy_echtheitszertifikat":[""],"_is_non_alcoholic":["no"],"_mid_code":[""],"_ship_separately_via":[""],"_shipping_weight":[""],"_wcml_average_rating":[null],"_wcml_review_count":[null],"_wcml_rating_count":[null],"_custom_thumbnail":["a:1:{i:0;s:2:\"no\";}"],"_video_schema":["a:1:{i:0;s:2:\"no\";}"],"_nickx_video_upload_date":["a:1:{i:0;s:0:\"\";}"],"_nickx_video_name":["a:1:{i:0;s:0:\"\";}"],"_nickx_video_description":["a:1:{i:0;s:0:\"\";}"],"rank_math_internal_links_processed":["1"],"astra-migrate-meta-layouts":["set"],"_uag_page_assets":["a:9:{s:3:\"css\";s:0:\"\";s:2:\"js\";s:0:\"\";s:18:\"current_block_list\";a:6:{i:0;s:26:\"woocommerce\/filter-wrapper\";i:1;s:24:\"woocommerce\/price-filter\";i:2;s:30:\"woocommerce\/product-categories\";i:3;s:14:\"core\/paragraph\";i:4;s:14:\"core\/shortcode\";i:5;s:11:\"core\/search\";}s:8:\"uag_flag\";b:0;s:11:\"uag_version\";s:10:\"1776432484\";s:6:\"gfonts\";a:0:{}s:10:\"gfonts_url\";s:0:\"\";s:12:\"gfonts_files\";a:0:{}s:14:\"uag_faq_layout\";b:0;}"],"_wc_rating_count":[""]},"uagb_featured_image_src":{"full":["https:\/\/ilovehandbags.com\/wp-content\/uploads\/sites\/3\/Louis-Vuitton-Eva-Pochette-Monogram-Canvas-0892-01.jpg",2000,1500,false],"thumbnail":["https:\/\/ilovehandbags.com\/wp-content\/uploads\/sites\/3\/Louis-Vuitton-Eva-Pochette-Monogram-Canvas-0892-01-150x150.jpg",150,150,true],"medium":["https:\/\/ilovehandbags.com\/wp-content\/uploads\/sites\/3\/Louis-Vuitton-Eva-Pochette-Monogram-Canvas-0892-01-300x300.jpg",300,300,true],"medium_large":["https:\/\/ilovehandbags.com\/wp-content\/uploads\/sites\/3\/Louis-Vuitton-Eva-Pochette-Monogram-Canvas-0892-01-768x768.jpg",768,768,true],"large":["https:\/\/ilovehandbags.com\/wp-content\/uploads\/sites\/3\/Louis-Vuitton-Eva-Pochette-Monogram-Canvas-0892-01-1024x1024.jpg",1024,1024,true],"1536x1536":["https:\/\/ilovehandbags.com\/wp-content\/uploads\/sites\/3\/Louis-Vuitton-Eva-Pochette-Monogram-Canvas-0892-01.jpg",1536,1152,false],"2048x2048":["https:\/\/ilovehandbags.com\/wp-content\/uploads\/sites\/3\/Louis-Vuitton-Eva-Pochette-Monogram-Canvas-0892-01.jpg",2000,1500,false],"woocommerce_thumbnail":["https:\/\/ilovehandbags.com\/wp-content\/uploads\/sites\/3\/Louis-Vuitton-Eva-Pochette-Monogram-Canvas-0892-01-500x500.jpg",500,500,true],"woocommerce_single":["https:\/\/ilovehandbags.com\/wp-content\/uploads\/sites\/3\/Louis-Vuitton-Eva-Pochette-Monogram-Canvas-0892-01-500x500.jpg",500,500,true],"woocommerce_gallery_thumbnail":["https:\/\/ilovehandbags.com\/wp-content\/uploads\/sites\/3\/Louis-Vuitton-Eva-Pochette-Monogram-Canvas-0892-01-100x100.jpg",100,100,true]},"uagb_author_info":{"display_name":"ILoveHandbags","author_link":"https:\/\/ilovehandbags.com\/de\/author\/"},"uagb_comment_info":0,"uagb_excerpt":"Die Louis Vuitton Eva Pochette im klassischen Monogram Canvas ist eine stilvolle und vielseitige Designer-Handtasche, die sich perfekt f\u00fcr Tag und Abend eignet. Ihr kompaktes Format bietet Platz f\u00fcr das Wesentliche wie Smartphone, Kartenetui und Schl\u00fcssel \u2013 ideal f\u00fcr alle, die unterwegs nicht auf Eleganz verzichten m\u00f6chten. Gefertigt aus dem ikonischen Monogram Canvas mit feinen&hellip;","_links":{"self":[{"href":"https:\/\/ilovehandbags.com\/de\/wp-json\/wp\/v2\/product\/64476","targetHints":{"allow":["GET"]}}],"collection":[{"href":"https:\/\/ilovehandbags.com\/de\/wp-json\/wp\/v2\/product"}],"about":[{"href":"https:\/\/ilovehandbags.com\/de\/wp-json\/wp\/v2\/types\/product"}],"wp:featuredmedia":[{"embeddable":true,"href":"https:\/\/ilovehandbags.com\/de\/wp-json\/wp\/v2\/media\/64498"}],"wp:attachment":[{"href":"https:\/\/ilovehandbags.com\/de\/wp-json\/wp\/v2\/media?parent=64476"}],"wp:term":[{"taxonomy":"product_brand","embeddable":true,"href":"https:\/\/ilovehandbags.com\/de\/wp-json\/wp\/v2\/product_brand?post=64476"},{"taxonomy":"product_cat","embeddable":true,"href":"https:\/\/ilovehandbags.com\/de\/wp-json\/wp\/v2\/product_cat?post=64476"},{"taxonomy":"product_tag","embeddable":true,"href":"https:\/\/ilovehandbags.com\/de\/wp-json\/wp\/v2\/product_tag?post=64476"}],"curies":[{"name":"wp","href":"https:\/\/api.w.org\/{rel}","templated":true}]}}