{"id":68775,"date":"2025-10-02T09:50:23","date_gmt":"2025-10-02T07:50:23","guid":{"rendered":"https:\/\/ilovehandbags.com\/?post_type=product&#038;p=68775"},"modified":"2026-03-07T14:31:01","modified_gmt":"2026-03-07T13:31:01","slug":"celine-macadam-boston-bag-0958","status":"publish","type":"product","link":"https:\/\/ilovehandbags.com\/de\/celine-macadam-boston-bag-0958\/","title":{"rendered":"C\u00e9line Macadam Boston Bag"},"content":{"rendered":"","protected":false},"excerpt":{"rendered":"<p data-start=\"109\" data-end=\"376\">Entdecke die zeitlose Eleganz der C\u00e9line Boston Bag im klassischen Macadam-Canvas. Das braune Canvas mit dem ikonischen Muster in Kombination mit goldfarbener Hardware macht diese Tasche zu einem unverkennbaren Statement-Piece voller Pariser Raffinesse. Die doppelt gerollten Ledergriffe sorgen f\u00fcr hohen Tragekomfort, w\u00e4hrend der gro\u00dfz\u00fcgige Innenraum mit zus\u00e4tzlichem Fach gen\u00fcgend Platz f\u00fcr deine Essentials bietet. Ob als stilvoller Begleiter f\u00fcr den Alltag, als elegantes Reiseaccessoire f\u00fcr einen Wochenendtrip oder als luxuri\u00f6ses Highlight beim Stadtbummel \u2013 diese Boston Bag verbindet Funktionalit\u00e4t mit franz\u00f6sischem Chic. Ein stilvolles Designerst\u00fcck, das deinem Look Eleganz, Klasse und den unverwechselbaren C\u00e9line-Charme verleiht.<\/p>\n","protected":false},"featured_media":69354,"template":"","meta":{"_uag_custom_page_level_css":"","site-sidebar-layout":"default","site-content-layout":"default","ast-site-content-layout":"default","site-content-style":"default","site-sidebar-style":"default","ast-global-header-display":"","ast-banner-title-visibility":"","ast-main-header-display":"","ast-hfb-above-header-display":"","ast-hfb-below-header-display":"","ast-hfb-mobile-header-display":"","site-post-title":"","ast-breadcrumbs-content":"","ast-featured-img":"","footer-sml-layout":"","ast-disable-related-posts":"","theme-transparent-header-meta":"default","adv-header-id-meta":"","stick-header-meta":"default","header-above-stick-meta":"","header-main-stick-meta":"","header-below-stick-meta":"","astra-migrate-meta-layouts":"set","ast-page-background-enabled":"default","ast-page-background-meta":{"desktop":{"background-color":"var(--ast-global-color-4)","background-image":"","background-repeat":"repeat","background-position":"center center","background-size":"auto","background-attachment":"scroll","background-type":"","background-media":"","overlay-type":"","overlay-color":"","overlay-opacity":"","overlay-gradient":""},"tablet":{"background-color":"","background-image":"","background-repeat":"repeat","background-position":"center center","background-size":"auto","background-attachment":"scroll","background-type":"","background-media":"","overlay-type":"","overlay-color":"","overlay-opacity":"","overlay-gradient":""},"mobile":{"background-color":"","background-image":"","background-repeat":"repeat","background-position":"center center","background-size":"auto","background-attachment":"scroll","background-type":"","background-media":"","overlay-type":"","overlay-color":"","overlay-opacity":"","overlay-gradient":""}},"ast-content-background-meta":{"desktop":{"background-color":"var(--ast-global-color-5)","background-image":"","background-repeat":"repeat","background-position":"center center","background-size":"auto","background-attachment":"scroll","background-type":"","background-media":"","overlay-type":"","overlay-color":"","overlay-opacity":"","overlay-gradient":""},"tablet":{"background-color":"var(--ast-global-color-5)","background-image":"","background-repeat":"repeat","background-position":"center center","background-size":"auto","background-attachment":"scroll","background-type":"","background-media":"","overlay-type":"","overlay-color":"","overlay-opacity":"","overlay-gradient":""},"mobile":{"background-color":"var(--ast-global-color-5)","background-image":"","background-repeat":"repeat","background-position":"center center","background-size":"auto","background-attachment":"scroll","background-type":"","background-media":"","overlay-type":"","overlay-color":"","overlay-opacity":"","overlay-gradient":""}},"_glsr_average":0,"_glsr_ranking":0,"_glsr_reviews":0},"product_brand":[1585],"product_cat":[1326,208,205],"product_tag":[1358,1922,1923],"class_list":{"0":"post-68775","1":"product","2":"type-product","3":"status-publish","4":"has-post-thumbnail","6":"product_brand-celine","7":"product_cat-celine","8":"product_cat-handtaschen","9":"product_cat-tragetaschen","10":"product_tag-celine","11":"product_tag-celine-boston-bag","12":"product_tag-celine-macadam","13":"desktop-align-left","14":"tablet-align-left","15":"mobile-align-left","16":"ast-product-gallery-layout-first-image-large","17":"ast-magnify-disabled","18":"ast-product-tabs-layout-accordion","20":"first","21":"instock","22":"sold-individually","23":"taxable","24":"shipping-taxable","25":"purchasable","26":"product-type-simple"},"spectra_custom_meta":{"copied_media_ids":["a:0:{}","a:0:{}"],"referenced_media_ids":["a:17:{i:0;i:69354;i:1;i:68796;i:2;i:69353;i:3;i:68781;i:4;i:69352;i:5;i:68777;i:6;i:68778;i:7;i:68788;i:8;i:68789;i:9;i:68786;i:10;i:68792;i:11;i:68793;i:12;i:68779;i:13;i:68782;i:14;i:68794;i:15;i:68787;i:16;i:68783;}","a:17:{i:0;i:69354;i:1;i:68796;i:2;i:69353;i:3;i:68781;i:4;i:69352;i:5;i:68777;i:6;i:68778;i:7;i:68788;i:8;i:68789;i:9;i:68786;i:10;i:68792;i:11;i:68793;i:12;i:68779;i:13;i:68782;i:14;i:68794;i:15;i:68787;i:16;i:68783;}"],"_regular_price":["330"],"total_sales":["1"],"_tax_status":["taxable"],"_tax_class":[""],"_manage_stock":["yes"],"_backorders":["no"],"_sold_individually":["yes"],"_crosssell_ids":["a:2:{i:0;i:22909;i:1;i:23112;}"],"_virtual":["no"],"_downloadable":["no"],"_product_image_gallery":["68796,69353,68781,69352,68777,68778,68788,68789,68786,68792,68793,68779,68782,68794,68787,68783"],"_download_limit":["-1"],"_download_expiry":["-1"],"_thumbnail_id":["69354"],"_stock":["1"],"_stock_status":["instock"],"_wc_average_rating":[0],"_wc_review_count":["0"],"_product_attributes":["a:3:{s:8:\"pa_brand\";a:7:{s:4:\"name\";s:8:\"pa_brand\";s:5:\"value\";s:0:\"\";s:8:\"position\";i:1;s:10:\"is_visible\";i:0;s:12:\"is_variation\";i:1;s:11:\"is_taxonomy\";i:1;s:16:\"checkout_visible\";i:0;}s:8:\"pa_color\";a:7:{s:4:\"name\";s:8:\"pa_color\";s:5:\"value\";s:0:\"\";s:8:\"position\";i:2;s:10:\"is_visible\";i:0;s:12:\"is_variation\";i:1;s:11:\"is_taxonomy\";i:1;s:16:\"checkout_visible\";i:0;}s:9:\"pa_gender\";a:7:{s:4:\"name\";s:9:\"pa_gender\";s:5:\"value\";s:0:\"\";s:8:\"position\";i:3;s:10:\"is_visible\";i:0;s:12:\"is_variation\";i:1;s:11:\"is_taxonomy\";i:1;s:16:\"checkout_visible\";i:0;}}"],"_product_version":["10.5.3"],"_price":["330"],"_wpml_media_featured":["1","1","1","1","1","1","1","1","1"],"_wpml_media_duplicate":["1","1","1","1","1","1","1","1","1"],"_wpml_word_count":["138"],"_wpml_location_migration_done":["1"],"_fusion":["a:3:{s:17:\"slider_visibility\";s:51:\"small-visibility,medium-visibility,large-visibility\";s:11:\"slider_type\";s:2:\"no\";s:9:\"wooslider\";s:1:\"0\";}"],"rank_math_seo_score":["83"],"rank_math_focus_keyword":["c\u00e9line"],"_purchase_price_field":["136,78"],"_internal_warehouse_number_field":["P5-0958"],"_unit":[""],"_unit_base":[""],"_unit_product":[""],"_unit_price_auto":["no"],"_unit_price_regular":[""],"_unit_price":[""],"_unit_price_sale":[""],"_sale_price_label":[""],"_sale_price_regular_label":[""],"_mini_desc":["C\u00e9line Macadam Boston Bag"],"_defect_description":[""],"_allergen_ids":["a:0:{}"],"_warranty_attachment_id":[""],"_min_age":[""],"_ts_gtin":[""],"_ts_mpn":[""],"_delivery_time_countries":["a:0:{}"],"_free_shipping":["no"],"_service":["no"],"_photovoltaic_system":["no"],"_used_good":["yes"],"_defective_copy":["no"],"_is_food":["no"],"_differential_taxation":["no"],"_gzd_version":["3.20.7"],"_hs_code":[""],"_manufacture_country":[""],"_rank_math_gtin_code":[""],"_fusion_google_fonts":[""],"fusion_builder_status":["active"],"rank_math_primary_product_cat":["0"],"_wcml_custom_prices_status":["1"],"avada_post_views_count":["25"],"avada_today_post_views_count":["1"],"avada_post_views_count_today_date":["16-04-2023"],"_sale_price_dates_to_USD":[""],"_sale_price_dates_from_USD":[""],"_sale_price_USD":[""],"_regular_price_USD":[""],"_wcml_schedule_USD":["0"],"_deposit_type":[""],"_nutrient_ids":["a:0:{}"],"_nutrient_reference_value":["100g"],"_ingredients":[""],"_nutri_score":[""],"_alcohol_content":[""],"_drained_weight":[""],"_net_filling_quantity":[""],"_food_distributor":[""],"_food_description":[""],"_food_place_of_origin":[""],"_deposit_quantity":[""],"yikes_woo_products_tabs":["a:2:{i:0;a:3:{s:5:\"title\";s:21:\"Weitere Informationen\";s:2:\"id\";s:21:\"weitere-informationen\";s:7:\"content\";s:343:\"<strong>Material au\u00dfen: <\/strong>Beschichtetes Macadam Canvas mit goldfarbenen Beschl\u00e4gen und Griffen aus Rindsleder\r\n<strong>Material innen:<\/strong> Braunes Leder\r\n<strong>Ma\u00dfe: <\/strong>(B) 30 x (H) 19 x (T) 18 cm\r\n<strong>Code \/ Herstellungsjahr:<\/strong> M14 \/ 2014\r\n<strong>Lieferumfang:<\/strong> I Love Handbags Staubbeutel\r\n\r\n&nbsp;\";}i:1;a:3:{s:5:\"title\";s:7:\"Zustand\";s:2:\"id\";s:7:\"zustand\";s:7:\"content\";s:396:\"<strong>Gesamtzustand: <\/strong>Gut\r\n<strong>Canvas: <\/strong>Intakt, vereinzelt mit leichten Gebrauchsspuren, Abrieb an den Ecken vorhanden\r\n<strong>Leder:<\/strong> Vereinzelt mit Flecken, Kratzern und Abreibungen\r\n<strong>Rei\u00dfverschluss: <\/strong>Schlie\u00dft fl\u00fcssig\r\n<strong>Hardware: <\/strong>Leicht oxidiert, mit Gebrauchsspuren\r\n<strong>Innenraum: <\/strong>Leichte Gebrauchsspuren vorhanden\";}}"],"site-sidebar-layout":["default"],"site-content-layout":["default"],"theme-transparent-header-meta":["default"],"stick-header-meta":["default"],"rank_math_auto_redirect":["a:1:{i:0;i:8;}"],"_pys_conversion_label_settings":["a:3:{s:6:\"enable\";b:0;s:5:\"label\";s:0:\"\";s:2:\"id\";s:14:\"AW-11184563350\";}"],"_pys_super_pack_cpt_url":[""],"_pys_super_pack_cpt_condition":["only"],"_pys_super_pack_cpt_cart":["hidden"],"_woosea_brand":[""],"_woosea_mpn":[""],"_woosea_upc":[""],"_woosea_ean":[""],"_woosea_gtin":[""],"_woosea_color":[""],"_woosea_size":[""],"_woosea_gender":[""],"_woosea_material":[""],"_woosea_pattern":[""],"_woosea_optimized_title":[""],"_woosea_unit_pricing_measure":[""],"_woosea_unit_pricing_base_measure":[""],"_woosea_condition":[""],"_woosea_age_group":["adult"],"_woosea_installment_months":[""],"_woosea_installment_amount":[""],"_woosea_exclude_product":["no"],"_woosea_cost_of_good_sold":[""],"_woosea_multipack":[""],"_woosea_is_bundle":[""],"_woosea_energy_efficiency_class":[""],"_woosea_min_energy_efficiency_class":[""],"_woosea_max_energy_efficiency_class":[""],"_woosea_is_promotion":[""],"_woosea_custom_field_0":[""],"_woosea_custom_field_1":[""],"_woosea_custom_field_2":[""],"_woosea_custom_field_3":[""],"_woosea_custom_field_4":[""],"_pys_head_footer":["a:7:{s:14:\"disable_global\";b:0;s:8:\"head_any\";s:0:\"\";s:12:\"head_desktop\";s:0:\"\";s:11:\"head_mobile\";s:0:\"\";s:10:\"footer_any\";s:0:\"\";s:14:\"footer_desktop\";s:0:\"\";s:13:\"footer_mobile\";s:0:\"\";}"],"_customs_description":[""],"_is_non_returnable":["no"],"litespeed_vpi_list_mobile":["a:2:{i:0;s:8:\"logo.png\";i:1;s:69:\"Louis-Vuitton-Speedy35-Monogram-vorn-2023-0131.JPG-scaled-500x500.jpg\";}"],"litespeed_vpi_list":["a:4:{i:0;s:8:\"logo.png\";i:1;s:6:\"de.png\";i:2;s:69:\"Louis-Vuitton-Speedy35-Monogram-vorn-2023-0131.JPG-scaled-500x500.jpg\";i:3;s:35:\"three-o-clock-clock-svgrepo-com.svg\";}"],"_internal_date_code":["M14"],"_internal_product_origin":["Italien"],"_product_rating":["B"],"_wpml_media_has_media":["1"],"ast-site-content-layout":["default"],"site-content-style":["default"],"site-sidebar-style":["default"],"_sale_price_dates_to_CHF":[""],"_sale_price_dates_from_CHF":[""],"_sale_price_CHF":[""],"_regular_price_CHF":[""],"_wcml_schedule_CHF":["0"],"_sale_price_dates_to_GBP":[""],"_sale_price_dates_from_GBP":[""],"_sale_price_GBP":[""],"_regular_price_GBP":[""],"_wcml_schedule_GBP":["0"],"_rank_math_video":["true"],"rank_math_robots":["a:1:{i:0;s:5:\"index\";}"],"_not_in_inventory_checkbox":[""],"_customer_view":["11"],"_custom_view_last_updated":["2026-04-09 23:09:46"],"_zettle_product_cat_id":[""],"_shipping_length":[""],"_shipping_width":[""],"_shipping_height":[""],"_custom_html_content":[""],"_product_shipping_weight":["1kg"],"_manufacturer_slug":["celine-s-a"],"_safety_attachment_ids":["a:0:{}"],"_nickx_video_text_url":["a:1:{i:0;s:0:\"\";}"],"_nickx_product_video_type":["a:1:{i:0;s:23:\"nickx_video_url_youtube\";}"],"_nickx_product_video_thumb_ids":["a:1:{i:0;s:0:\"\";}"],"_product_available_from_field":["2025-09-26T19:00"],"_safety_instructions":[""],"_wireless_electronic_device":["no"],"_device_contains_power_supply":["no"],"_device_charging_supports_usb_pd":["no"],"_device_charging_watt_min":["0"],"_device_charging_watt_max":["0"],"similar_product_key":["1739277936"],"rank_math_primary_product_brand":["1585"],"_product_reserve_till_field":[""],"_wp_old_date":["2025-02-12","2025-02-26","2025-09-24"],"_wpml_post_translation_editor_native":["no"],"_izettle_barcode":[""],"_izettle_nosync":[""],"_izettle_cost_price":[""],"_izettle_special_price":[""],"_izettle_product_name":[""],"_izettle_image_lookup_key":["3kyncy1cEe-udXp3qLWasA-WwE-IB9wEfCmly1_PZ5WLg"],"woocommerce_izettle_product_uuid":["5b05cf9e-1f70-11f0-b31d-353536383939"],"woocommerce_izettle_variant_uuid":["1b586b44-f361-11ef-9272-353536383939"],"_izettle_updated":["1745322789"],"_izettle_product_etag":["DEA8569133B84DCE134BAEAF38EB6604"],"sib_push_meta_box_present":["1"],"sib_push_send_notification":["0"],"sib_push_target_segment_ids":["@ALL"],"_ame_cpe_post_policy":["{\"accessProtection\":{\"active\":\"replace\"}}"],"_sku":["P5-0958"],"_edit_lock":["1772890160:4"],"_gdrive_field":["https:\/\/drive.google.com\/drive\/u\/1\/folders\/1LTTIFk2NezAsk2jFbaVxGpVwRc6LRpN3"],"_edit_last":["4"],"_ship_separately_via":[""],"last_permotional_email_sent_on":["08.10.2025 13:33"],"sib_push_send_notification_delay_seconds":["0"],"_is_non_alcoholic":["no"],"_mid_code":[""],"_shipping_weight":[""],"_entrupy_echtheitszertifikat":["yes"],"rank_math_analytic_object_id":["358"],"_wcml_average_rating":[null],"_wcml_review_count":[null],"_wcml_rating_count":[null],"rank_math_internal_links_processed":["1"],"astra-migrate-meta-layouts":["set"],"_uag_page_assets":["a:9:{s:3:\"css\";s:0:\"\";s:2:\"js\";s:0:\"\";s:18:\"current_block_list\";a:6:{i:0;s:26:\"woocommerce\/filter-wrapper\";i:1;s:24:\"woocommerce\/price-filter\";i:2;s:30:\"woocommerce\/product-categories\";i:3;s:14:\"core\/paragraph\";i:4;s:14:\"core\/shortcode\";i:5;s:11:\"core\/search\";}s:8:\"uag_flag\";b:0;s:11:\"uag_version\";s:10:\"1775781901\";s:6:\"gfonts\";a:0:{}s:10:\"gfonts_url\";s:0:\"\";s:12:\"gfonts_files\";a:0:{}s:14:\"uag_faq_layout\";b:0;}"],"_wc_rating_count":[""]},"uagb_featured_image_src":{"full":["https:\/\/ilovehandbags.com\/wp-content\/uploads\/sites\/3\/Celine-Macadam-Boston-Bag-0958-17-1.jpg",2048,2048,false],"thumbnail":["https:\/\/ilovehandbags.com\/wp-content\/uploads\/sites\/3\/Celine-Macadam-Boston-Bag-0958-17-1-150x150.jpg",150,150,true],"medium":["https:\/\/ilovehandbags.com\/wp-content\/uploads\/sites\/3\/Celine-Macadam-Boston-Bag-0958-17-1-300x300.jpg",300,300,true],"medium_large":["https:\/\/ilovehandbags.com\/wp-content\/uploads\/sites\/3\/Celine-Macadam-Boston-Bag-0958-17-1-768x768.jpg",768,768,true],"large":["https:\/\/ilovehandbags.com\/wp-content\/uploads\/sites\/3\/Celine-Macadam-Boston-Bag-0958-17-1-1024x1024.jpg",1024,1024,true],"1536x1536":["https:\/\/ilovehandbags.com\/wp-content\/uploads\/sites\/3\/Celine-Macadam-Boston-Bag-0958-17-1.jpg",1536,1536,false],"2048x2048":["https:\/\/ilovehandbags.com\/wp-content\/uploads\/sites\/3\/Celine-Macadam-Boston-Bag-0958-17-1.jpg",2048,2048,false],"woocommerce_thumbnail":["https:\/\/ilovehandbags.com\/wp-content\/uploads\/sites\/3\/Celine-Macadam-Boston-Bag-0958-17-1-500x500.jpg",500,500,true],"woocommerce_single":["https:\/\/ilovehandbags.com\/wp-content\/uploads\/sites\/3\/Celine-Macadam-Boston-Bag-0958-17-1-500x500.jpg",500,500,true],"woocommerce_gallery_thumbnail":["https:\/\/ilovehandbags.com\/wp-content\/uploads\/sites\/3\/Celine-Macadam-Boston-Bag-0958-17-1-100x100.jpg",100,100,true]},"uagb_author_info":{"display_name":"ILoveHandbags","author_link":"https:\/\/ilovehandbags.com\/de\/author\/"},"uagb_comment_info":0,"uagb_excerpt":"Entdecke die zeitlose Eleganz der C\u00e9line Boston Bag im klassischen Macadam-Canvas. Das braune Canvas mit dem ikonischen Muster in Kombination mit goldfarbener Hardware macht diese Tasche zu einem unverkennbaren Statement-Piece voller Pariser Raffinesse. Die doppelt gerollten Ledergriffe sorgen f\u00fcr hohen Tragekomfort, w\u00e4hrend der gro\u00dfz\u00fcgige Innenraum mit zus\u00e4tzlichem Fach gen\u00fcgend Platz f\u00fcr deine Essentials bietet. Ob&hellip;","_links":{"self":[{"href":"https:\/\/ilovehandbags.com\/de\/wp-json\/wp\/v2\/product\/68775","targetHints":{"allow":["GET"]}}],"collection":[{"href":"https:\/\/ilovehandbags.com\/de\/wp-json\/wp\/v2\/product"}],"about":[{"href":"https:\/\/ilovehandbags.com\/de\/wp-json\/wp\/v2\/types\/product"}],"wp:featuredmedia":[{"embeddable":true,"href":"https:\/\/ilovehandbags.com\/de\/wp-json\/wp\/v2\/media\/69354"}],"wp:attachment":[{"href":"https:\/\/ilovehandbags.com\/de\/wp-json\/wp\/v2\/media?parent=68775"}],"wp:term":[{"taxonomy":"product_brand","embeddable":true,"href":"https:\/\/ilovehandbags.com\/de\/wp-json\/wp\/v2\/product_brand?post=68775"},{"taxonomy":"product_cat","embeddable":true,"href":"https:\/\/ilovehandbags.com\/de\/wp-json\/wp\/v2\/product_cat?post=68775"},{"taxonomy":"product_tag","embeddable":true,"href":"https:\/\/ilovehandbags.com\/de\/wp-json\/wp\/v2\/product_tag?post=68775"}],"curies":[{"name":"wp","href":"https:\/\/api.w.org\/{rel}","templated":true}]}}