{"id":68990,"date":"2025-09-29T12:00:57","date_gmt":"2025-09-29T10:00:57","guid":{"rendered":"https:\/\/ilovehandbags.com\/?post_type=product&#038;p=68990"},"modified":"2025-10-22T19:56:17","modified_gmt":"2025-10-22T17:56:17","slug":"louis-vuitton-speedy-30-bandouliere-0962","status":"publish","type":"product","link":"https:\/\/ilovehandbags.com\/de\/louis-vuitton-speedy-30-bandouliere-0962\/","title":{"rendered":"Louis Vuitton Speedy 30 Bandouliere Monogram Canvas"},"content":{"rendered":"","protected":false},"excerpt":{"rendered":"<p>Die Louis Vuitton Speedy 30 Bandouliere in Monogram Canvas ist eine ideale Handtasche f\u00fcr den Alltag. Das Modell ist zeitlos und kann zu verschiedenen Anl\u00e4ssen getragen werden. Die Speedy ist sowohl elegant als auch praktisch und verleiht jedem Outfit einen Hauch von Luxus und Stil. Die hohe Qualit\u00e4t der Materialien und Verarbeitung machen die Speedy 30 zu einem langlebigen Accessoire, das auch nach vielen Jahren noch modisch und funktional ist. Die Speedy ist durch den abnehmbaren und verstellbaren Schultergurt vielseitig tragbar. Im Inneren befindet sich ein ger\u00e4umiges Hauptfach, das ausreichend Platz f\u00fcr pers\u00f6nliche Gegenst\u00e4nde wie Geldb\u00f6rse, Schl\u00fcssel, Handy und Kosmetiktasche bietet.<\/p>\n","protected":false},"featured_media":69014,"template":"","meta":{"_uag_custom_page_level_css":"","site-sidebar-layout":"default","site-content-layout":"default","ast-site-content-layout":"default","site-content-style":"default","site-sidebar-style":"default","ast-global-header-display":"","ast-banner-title-visibility":"","ast-main-header-display":"","ast-hfb-above-header-display":"","ast-hfb-below-header-display":"","ast-hfb-mobile-header-display":"","site-post-title":"","ast-breadcrumbs-content":"","ast-featured-img":"","footer-sml-layout":"","ast-disable-related-posts":"","theme-transparent-header-meta":"default","adv-header-id-meta":"","stick-header-meta":"default","header-above-stick-meta":"","header-main-stick-meta":"","header-below-stick-meta":"","astra-migrate-meta-layouts":"set","ast-page-background-enabled":"default","ast-page-background-meta":{"desktop":{"background-color":"var(--ast-global-color-4)","background-image":"","background-repeat":"repeat","background-position":"center center","background-size":"auto","background-attachment":"scroll","background-type":"","background-media":"","overlay-type":"","overlay-color":"","overlay-opacity":"","overlay-gradient":""},"tablet":{"background-color":"","background-image":"","background-repeat":"repeat","background-position":"center center","background-size":"auto","background-attachment":"scroll","background-type":"","background-media":"","overlay-type":"","overlay-color":"","overlay-opacity":"","overlay-gradient":""},"mobile":{"background-color":"","background-image":"","background-repeat":"repeat","background-position":"center center","background-size":"auto","background-attachment":"scroll","background-type":"","background-media":"","overlay-type":"","overlay-color":"","overlay-opacity":"","overlay-gradient":""}},"ast-content-background-meta":{"desktop":{"background-color":"var(--ast-global-color-5)","background-image":"","background-repeat":"repeat","background-position":"center center","background-size":"auto","background-attachment":"scroll","background-type":"","background-media":"","overlay-type":"","overlay-color":"","overlay-opacity":"","overlay-gradient":""},"tablet":{"background-color":"var(--ast-global-color-5)","background-image":"","background-repeat":"repeat","background-position":"center center","background-size":"auto","background-attachment":"scroll","background-type":"","background-media":"","overlay-type":"","overlay-color":"","overlay-opacity":"","overlay-gradient":""},"mobile":{"background-color":"var(--ast-global-color-5)","background-image":"","background-repeat":"repeat","background-position":"center center","background-size":"auto","background-attachment":"scroll","background-type":"","background-media":"","overlay-type":"","overlay-color":"","overlay-opacity":"","overlay-gradient":""}},"_glsr_average":0,"_glsr_ranking":0,"_glsr_reviews":0},"product_brand":[1584],"product_cat":[208,239,205,204,449],"product_tag":[214,675,315,318,676],"class_list":{"0":"post-68990","1":"product","2":"type-product","3":"status-publish","4":"has-post-thumbnail","6":"product_brand-louis-vuitton","7":"product_cat-handtaschen","8":"product_cat-louis-vuitton","9":"product_cat-tragetaschen","10":"product_cat-umhaengetaschen","11":"product_cat-bald-wieder-da","12":"product_tag-louis-vuitton","13":"product_tag-louis-vuitton-m41112","14":"product_tag-louis-vuitton-speedy","15":"product_tag-louis-vuitton-speedy-30","16":"product_tag-louis-vuitton-speedy-30-bandouliere","17":"desktop-align-left","18":"tablet-align-left","19":"mobile-align-left","20":"ast-product-gallery-layout-first-image-large","21":"ast-magnify-disabled","22":"ast-product-tabs-layout-accordion","24":"first","25":"outofstock","26":"sold-individually","27":"purchasable","28":"product-type-simple"},"spectra_custom_meta":{"copied_media_ids":["a:0:{}","a:0:{}"],"referenced_media_ids":["a:21:{i:0;i:69014;i:1;i:69043;i:2;i:69042;i:3;i:69022;i:4;i:69007;i:5;i:69006;i:6;i:69019;i:7;i:69018;i:8;i:69013;i:9;i:69008;i:10;i:69011;i:11;i:69009;i:12;i:69016;i:13;i:69015;i:14;i:69010;i:15;i:69020;i:16;i:69004;i:17;i:69005;i:18;i:69012;i:19;i:69017;i:20;i:69021;}","a:21:{i:0;i:69014;i:1;i:69043;i:2;i:69042;i:3;i:69022;i:4;i:69007;i:5;i:69006;i:6;i:69019;i:7;i:69018;i:8;i:69013;i:9;i:69008;i:10;i:69011;i:11;i:69009;i:12;i:69016;i:13;i:69015;i:14;i:69010;i:15;i:69020;i:16;i:69004;i:17;i:69005;i:18;i:69012;i:19;i:69017;i:20;i:69021;}"],"_regular_price":["1090"],"total_sales":["2"],"_tax_status":["none"],"_tax_class":[""],"_manage_stock":["yes"],"_backorders":["no"],"_sold_individually":["yes"],"_crosssell_ids":["a:2:{i:0;i:26463;i:1;i:23109;}"],"_virtual":["no"],"_downloadable":["no"],"_product_image_gallery":["69043,69042,69022,69007,69006,69019,69018,69013,69008,69011,69009,69016,69015,69010,69020,69004,69005,69012,69017,69021"],"_download_limit":["-1"],"_download_expiry":["-1"],"_thumbnail_id":["69014"],"_stock":["0"],"_stock_status":["outofstock"],"_wc_average_rating":[0],"_wc_review_count":["0"],"_product_attributes":["a:3:{s:8:\"pa_brand\";a:7:{s:4:\"name\";s:8:\"pa_brand\";s:5:\"value\";s:0:\"\";s:8:\"position\";i:1;s:10:\"is_visible\";i:0;s:12:\"is_variation\";i:0;s:11:\"is_taxonomy\";i:1;s:16:\"checkout_visible\";i:0;}s:8:\"pa_color\";a:7:{s:4:\"name\";s:8:\"pa_color\";s:5:\"value\";s:0:\"\";s:8:\"position\";i:2;s:10:\"is_visible\";i:0;s:12:\"is_variation\";i:0;s:11:\"is_taxonomy\";i:1;s:16:\"checkout_visible\";i:0;}s:9:\"pa_gender\";a:7:{s:4:\"name\";s:9:\"pa_gender\";s:5:\"value\";s:0:\"\";s:8:\"position\";i:3;s:10:\"is_visible\";i:0;s:12:\"is_variation\";i:0;s:11:\"is_taxonomy\";i:1;s:16:\"checkout_visible\";i:0;}}"],"_product_version":["10.2.2"],"_price":["1090"],"_wpml_media_featured":["1","1","1","1","1","1","1"],"_wpml_media_duplicate":["1","1","1","1","1","1","1"],"_wpml_word_count":["129"],"_wpml_location_migration_done":["1"],"_fusion":["a:3:{s:17:\"slider_visibility\";s:51:\"small-visibility,medium-visibility,large-visibility\";s:11:\"slider_type\";s:2:\"no\";s:9:\"wooslider\";s:1:\"0\";}"],"rank_math_seo_score":["81"],"rank_math_focus_keyword":["louis vuitton"],"_purchase_price_field":["690"],"_internal_warehouse_number_field":["P5-0962"],"_unit":[""],"_unit_base":[""],"_unit_product":[""],"_unit_price_auto":["no"],"_unit_price_regular":[""],"_unit_price":[""],"_unit_price_sale":[""],"_sale_price_label":[""],"_sale_price_regular_label":[""],"_mini_desc":["Louis Vuitton Speedy 30 Bandouliere Monogram Canvas"],"_defect_description":[""],"_allergen_ids":["a:0:{}"],"_warranty_attachment_id":[""],"_min_age":[""],"_ts_gtin":[""],"_ts_mpn":[""],"_delivery_time_countries":["a:0:{}"],"_free_shipping":["no"],"_service":["no"],"_photovoltaic_system":["no"],"_used_good":["yes"],"_defective_copy":["no"],"_is_food":["no"],"_differential_taxation":["yes"],"_gzd_version":["3.20.2"],"_hs_code":[""],"_manufacture_country":["0"],"_rank_math_gtin_code":[""],"_fusion_google_fonts":[""],"fusion_builder_status":["active"],"rank_math_primary_product_cat":["0"],"_wcml_custom_prices_status":["1"],"avada_post_views_count":["16"],"avada_today_post_views_count":["3"],"avada_post_views_count_today_date":["07-04-2023"],"_sale_price_dates_to_USD":[""],"_sale_price_dates_from_USD":[""],"_sale_price_USD":[""],"_regular_price_USD":[""],"_wcml_schedule_USD":["0"],"_deposit_type":[""],"_nutrient_ids":["a:0:{}"],"_nutrient_reference_value":["100g"],"_ingredients":[""],"_nutri_score":[""],"_alcohol_content":[""],"_drained_weight":[""],"_net_filling_quantity":[""],"_food_distributor":[""],"_food_description":[""],"_food_place_of_origin":[""],"_deposit_quantity":[""],"yikes_woo_products_tabs":["a:2:{i:0;a:3:{s:5:\"title\";s:21:\"Weitere Informationen\";s:2:\"id\";s:21:\"weitere-informationen\";s:7:\"content\";s:640:\"<strong>Material au\u00dfen:<\/strong> Beschichtetes Monogram Canvas mit Griffen sowie Schultergurt aus Rindsleder\r\n<strong>Material innen:<\/strong> Braunes Textilinnenfutter\r\n<strong>Ma\u00dfe:<\/strong> 30 x 21 x 17 cm\r\n<strong>Date Code: <\/strong>Chip\r\n<strong>Lieferumfang:<\/strong> Louis Vuitton Staubbeutel, Box (flach, da die Speedy beim Kauf gefaltet verpackt war), Schloss und 2 Schl\u00fcssel\r\n\r\n<strong data-start=\"241\" data-end=\"253\">Hinweis:<\/strong>\u00a0F\u00fcr den Versand wird die Tasche\u00a0<strong data-start=\"286\" data-end=\"317\" data-is-only-node=\"\">nicht in der Box verschickt<\/strong>, da wir sie nicht falten. Die Box wird separat beigelegt.\";}i:1;a:3:{s:5:\"title\";s:7:\"Zustand\";s:2:\"id\";s:7:\"zustand\";s:7:\"content\";s:356:\"<strong>Gesamtzustand: <\/strong>Sehr gut\r\n<strong>Canvas:<\/strong> Intakt mit vereinzelt leichten Gebrauchsspuren\r\n<strong>Vachetta: <\/strong>Honigfarbene Patina mit vereinzelt leichten Gebrauchsspuren\r\n<strong>Hardware: <\/strong>Leichte Gebrauchsspuren\r\n<strong>Rei\u00dfverschluss: <\/strong>Schlie\u00dft fl\u00fcssig\r\n<strong>Innenraum: <\/strong>Sauber und gepflegt\";}}"],"site-sidebar-layout":["default"],"site-content-layout":["default"],"theme-transparent-header-meta":["default"],"stick-header-meta":["default"],"_pys_conversion_label_settings":["a:3:{s:6:\"enable\";b:0;s:5:\"label\";s:0:\"\";s:2:\"id\";s:14:\"AW-11184563350\";}"],"_pys_super_pack_cpt_url":[""],"_pys_super_pack_cpt_condition":["only"],"_pys_super_pack_cpt_cart":["hidden"],"_woosea_brand":[""],"_woosea_mpn":[""],"_woosea_upc":[""],"_woosea_ean":[""],"_woosea_gtin":[""],"_woosea_color":[""],"_woosea_size":[""],"_woosea_gender":[""],"_woosea_material":[""],"_woosea_pattern":[""],"_woosea_optimized_title":[""],"_woosea_unit_pricing_measure":[""],"_woosea_unit_pricing_base_measure":[""],"_woosea_condition":[""],"_woosea_age_group":["adult"],"_woosea_installment_months":[""],"_woosea_installment_amount":[""],"_woosea_exclude_product":["no"],"_woosea_cost_of_good_sold":[""],"_woosea_multipack":[""],"_woosea_is_bundle":[""],"_woosea_energy_efficiency_class":[""],"_woosea_min_energy_efficiency_class":[""],"_woosea_max_energy_efficiency_class":[""],"_woosea_is_promotion":[""],"_woosea_custom_field_0":[""],"_woosea_custom_field_1":[""],"_woosea_custom_field_2":[""],"_woosea_custom_field_3":[""],"_woosea_custom_field_4":[""],"_pys_head_footer":["a:7:{s:14:\"disable_global\";b:0;s:8:\"head_any\";s:0:\"\";s:12:\"head_desktop\";s:0:\"\";s:11:\"head_mobile\";s:0:\"\";s:10:\"footer_any\";s:0:\"\";s:14:\"footer_desktop\";s:0:\"\";s:13:\"footer_mobile\";s:0:\"\";}"],"_customs_description":[""],"_is_non_returnable":["no"],"_wp_old_date":["2023-07-08","2023-07-27","2023-07-26","2023-09-24"],"_wpml_media_has_media":["1"],"litespeed_vpi_list_mobile":["a:2:{i:0;s:8:\"logo.png\";i:1;s:93:\"Louis-Vuitton-Speedy-Bandouliere-Monogram-vorn-schulterriemen-2023-0274JPG-scaled-500x500.jpg\";}"],"litespeed_vpi_list":["a:4:{i:0;s:8:\"logo.png\";i:1;s:6:\"de.png\";i:2;s:93:\"Louis-Vuitton-Speedy-Bandouliere-Monogram-vorn-schulterriemen-2023-0274JPG-scaled-500x500.jpg\";i:3;s:35:\"three-o-clock-clock-svgrepo-com.svg\";}"],"_internal_date_code":["RFID Chip"],"_internal_product_origin":["Frankreich"],"ast-site-content-layout":["default"],"site-content-style":["default"],"site-sidebar-style":["default"],"_sale_price_dates_to_CHF":[""],"_sale_price_dates_from_CHF":[""],"_sale_price_CHF":[""],"_regular_price_CHF":[""],"_wcml_schedule_CHF":["0"],"_sale_price_dates_to_GBP":[""],"_sale_price_dates_from_GBP":[""],"_sale_price_GBP":[""],"_regular_price_GBP":[""],"_wcml_schedule_GBP":["0"],"_product_rating":["A"],"rank_math_robots":["a:1:{i:0;s:5:\"index\";}"],"_izettle_image_lookup_key":["3kyncy1cEe-udXp3qLWasA-WXVwlC1uEe-vRgPF746glg"],"woocommerce_izettle_product_uuid":["5978ec96-2d6e-11ef-a19f-353536383939"],"woocommerce_izettle_variant_uuid":["59790582-2d6e-11ef-81d3-353536383939"],"_izettle_updated":["1718713744"],"_product_shipping_weight":["1kg"],"_not_in_inventory_checkbox":[""],"_product_available_from_field":["2025-10-03T19:00"],"_manufacturer_slug":["lvmh-moet-hennessy-louis-vuitton-se"],"_safety_attachment_ids":["a:0:{}"],"_izettle_barcode":[""],"_izettle_nosync":[""],"_izettle_cost_price":[""],"_izettle_special_price":[""],"_izettle_product_name":[""],"_zettle_product_cat_id":[""],"_shipping_length":[""],"_shipping_width":[""],"_shipping_height":[""],"_nickx_video_text_url":["a:1:{i:0;s:0:\"\";}"],"_nickx_product_video_type":["a:1:{i:0;s:23:\"nickx_video_url_youtube\";}"],"_nickx_product_video_thumb_ids":["a:1:{i:0;s:0:\"\";}"],"_custom_html_content":[""],"similar_product_key":["1759002057"],"_sku":["P5-0962"],"_edit_lock":["1761124342:4"],"_edit_last":["4"],"sib_push_meta_box_present":["1"],"sib_push_send_notification":["0"],"sib_push_target_segment_ids":["@ALL"],"_safety_instructions":[""],"_wireless_electronic_device":["no"],"_device_contains_power_supply":["no"],"_device_charging_supports_usb_pd":["no"],"_device_charging_watt_min":[""],"_device_charging_watt_max":[""],"_ship_separately_via":[""],"_product_reserve_till_field":[""],"rank_math_primary_product_brand":["1584"],"_ame_cpe_post_policy":["{\"accessProtection\":{\"active\":\"replace\"}}"],"_gdrive_field":["https:\/\/drive.google.com\/drive\/u\/1\/folders\/1CzpQnp7Dq2Wm0dYCmAeXqHa7yvZmYnTG"],"_customer_view":["14"],"_custom_view_last_updated":["2025-10-23 08:29:09"],"astra-migrate-meta-layouts":["set"],"last_permotional_email_sent_on":["22.10.2025 09:51"],"_wcml_average_rating":[null],"_wcml_review_count":[null],"_wcml_rating_count":[null],"rank_math_analytic_object_id":["370"],"_uag_page_assets":["a:9:{s:3:\"css\";s:0:\"\";s:2:\"js\";s:0:\"\";s:18:\"current_block_list\";a:6:{i:0;s:26:\"woocommerce\/filter-wrapper\";i:1;s:24:\"woocommerce\/price-filter\";i:2;s:30:\"woocommerce\/product-categories\";i:3;s:14:\"core\/paragraph\";i:4;s:14:\"core\/shortcode\";i:5;s:11:\"core\/search\";}s:8:\"uag_flag\";b:0;s:11:\"uag_version\";s:10:\"1775471992\";s:6:\"gfonts\";a:0:{}s:10:\"gfonts_url\";s:0:\"\";s:12:\"gfonts_files\";a:0:{}s:14:\"uag_faq_layout\";b:0;}"],"_wc_rating_count":[""]},"uagb_featured_image_src":{"full":["https:\/\/ilovehandbags.com\/wp-content\/uploads\/sites\/3\/Louis-Vuitton-Speedy-30-Bandouliere-Monogram-Canvas-0962-09.jpg",2000,1500,false],"thumbnail":["https:\/\/ilovehandbags.com\/wp-content\/uploads\/sites\/3\/Louis-Vuitton-Speedy-30-Bandouliere-Monogram-Canvas-0962-09-150x150.jpg",150,150,true],"medium":["https:\/\/ilovehandbags.com\/wp-content\/uploads\/sites\/3\/Louis-Vuitton-Speedy-30-Bandouliere-Monogram-Canvas-0962-09-300x300.jpg",300,300,true],"medium_large":["https:\/\/ilovehandbags.com\/wp-content\/uploads\/sites\/3\/Louis-Vuitton-Speedy-30-Bandouliere-Monogram-Canvas-0962-09-768x768.jpg",768,768,true],"large":["https:\/\/ilovehandbags.com\/wp-content\/uploads\/sites\/3\/Louis-Vuitton-Speedy-30-Bandouliere-Monogram-Canvas-0962-09-1024x1024.jpg",1024,1024,true],"1536x1536":["https:\/\/ilovehandbags.com\/wp-content\/uploads\/sites\/3\/Louis-Vuitton-Speedy-30-Bandouliere-Monogram-Canvas-0962-09.jpg",1536,1152,false],"2048x2048":["https:\/\/ilovehandbags.com\/wp-content\/uploads\/sites\/3\/Louis-Vuitton-Speedy-30-Bandouliere-Monogram-Canvas-0962-09.jpg",2000,1500,false],"woocommerce_thumbnail":["https:\/\/ilovehandbags.com\/wp-content\/uploads\/sites\/3\/Louis-Vuitton-Speedy-30-Bandouliere-Monogram-Canvas-0962-09-500x500.jpg",500,500,true],"woocommerce_single":["https:\/\/ilovehandbags.com\/wp-content\/uploads\/sites\/3\/Louis-Vuitton-Speedy-30-Bandouliere-Monogram-Canvas-0962-09-500x500.jpg",500,500,true],"woocommerce_gallery_thumbnail":["https:\/\/ilovehandbags.com\/wp-content\/uploads\/sites\/3\/Louis-Vuitton-Speedy-30-Bandouliere-Monogram-Canvas-0962-09-100x100.jpg",100,100,true]},"uagb_author_info":{"display_name":"ILoveHandbags","author_link":"https:\/\/ilovehandbags.com\/de\/author\/"},"uagb_comment_info":0,"uagb_excerpt":"Die Louis Vuitton Speedy 30 Bandouliere in Monogram Canvas ist eine ideale Handtasche f\u00fcr den Alltag. Das Modell ist zeitlos und kann zu verschiedenen Anl\u00e4ssen getragen werden. Die Speedy ist sowohl elegant als auch praktisch und verleiht jedem Outfit einen Hauch von Luxus und Stil. Die hohe Qualit\u00e4t der Materialien und Verarbeitung machen die Speedy&hellip;","_links":{"self":[{"href":"https:\/\/ilovehandbags.com\/de\/wp-json\/wp\/v2\/product\/68990","targetHints":{"allow":["GET"]}}],"collection":[{"href":"https:\/\/ilovehandbags.com\/de\/wp-json\/wp\/v2\/product"}],"about":[{"href":"https:\/\/ilovehandbags.com\/de\/wp-json\/wp\/v2\/types\/product"}],"wp:featuredmedia":[{"embeddable":true,"href":"https:\/\/ilovehandbags.com\/de\/wp-json\/wp\/v2\/media\/69014"}],"wp:attachment":[{"href":"https:\/\/ilovehandbags.com\/de\/wp-json\/wp\/v2\/media?parent=68990"}],"wp:term":[{"taxonomy":"product_brand","embeddable":true,"href":"https:\/\/ilovehandbags.com\/de\/wp-json\/wp\/v2\/product_brand?post=68990"},{"taxonomy":"product_cat","embeddable":true,"href":"https:\/\/ilovehandbags.com\/de\/wp-json\/wp\/v2\/product_cat?post=68990"},{"taxonomy":"product_tag","embeddable":true,"href":"https:\/\/ilovehandbags.com\/de\/wp-json\/wp\/v2\/product_tag?post=68990"}],"curies":[{"name":"wp","href":"https:\/\/api.w.org\/{rel}","templated":true}]}}