{"id":70384,"date":"2025-10-30T14:59:58","date_gmt":"2025-10-30T13:59:58","guid":{"rendered":"https:\/\/ilovehandbags.com\/?post_type=product&#038;p=70384"},"modified":"2026-02-18T11:36:26","modified_gmt":"2026-02-18T10:36:26","slug":"louis-vuitton-bolt-3","status":"publish","type":"product","link":"https:\/\/ilovehandbags.com\/de\/louis-vuitton-bolt-3\/","title":{"rendered":"Louis Vuitton Bolt"},"content":{"rendered":"","protected":false},"excerpt":{"rendered":"<p>Der Louis Vuitton Bolt ist ein luxuri\u00f6ses Accessoire, das durch seine Vielseitigkeit \u00fcberzeugt. Er kann stilvoll als Taschenanh\u00e4nger getragen werden und verleiht deiner Handtasche einen individuellen Akzent. Ebenso praktisch l\u00e4sst er sich als eleganter Schl\u00fcsselhalter verwenden, sodass deine Schl\u00fcssel jederzeit griffbereit und sicher verstaut sind. Besonders beliebt ist der Bolt zudem als Riemenverl\u00e4ngerung, etwa f\u00fcr die Louis Vuitton Pochette Accessoires, die dadurch noch flexibler einsetzbar wird. Gefertigt aus hochwertigen Materialien und versehen mit den typischen Louis Vuitton Details, vereint dieses Accessoire Funktionalit\u00e4t und zeitlose Eleganz \u2013 ein Must-have f\u00fcr alle, die ihre Designerst\u00fccke individuell erg\u00e4nzen m\u00f6chten.<\/p>\n","protected":false},"featured_media":70388,"template":"","meta":{"_uag_custom_page_level_css":"","site-sidebar-layout":"default","site-content-layout":"default","ast-site-content-layout":"default","site-content-style":"default","site-sidebar-style":"default","ast-global-header-display":"","ast-banner-title-visibility":"","ast-main-header-display":"","ast-hfb-above-header-display":"","ast-hfb-below-header-display":"","ast-hfb-mobile-header-display":"","site-post-title":"","ast-breadcrumbs-content":"","ast-featured-img":"","footer-sml-layout":"","ast-disable-related-posts":"","theme-transparent-header-meta":"default","adv-header-id-meta":"","stick-header-meta":"default","header-above-stick-meta":"","header-main-stick-meta":"","header-below-stick-meta":"","astra-migrate-meta-layouts":"set","ast-page-background-enabled":"default","ast-page-background-meta":{"desktop":{"background-color":"var(--ast-global-color-4)","background-image":"","background-repeat":"repeat","background-position":"center center","background-size":"auto","background-attachment":"scroll","background-type":"","background-media":"","overlay-type":"","overlay-color":"","overlay-opacity":"","overlay-gradient":""},"tablet":{"background-color":"","background-image":"","background-repeat":"repeat","background-position":"center center","background-size":"auto","background-attachment":"scroll","background-type":"","background-media":"","overlay-type":"","overlay-color":"","overlay-opacity":"","overlay-gradient":""},"mobile":{"background-color":"","background-image":"","background-repeat":"repeat","background-position":"center center","background-size":"auto","background-attachment":"scroll","background-type":"","background-media":"","overlay-type":"","overlay-color":"","overlay-opacity":"","overlay-gradient":""}},"ast-content-background-meta":{"desktop":{"background-color":"var(--ast-global-color-5)","background-image":"","background-repeat":"repeat","background-position":"center center","background-size":"auto","background-attachment":"scroll","background-type":"","background-media":"","overlay-type":"","overlay-color":"","overlay-opacity":"","overlay-gradient":""},"tablet":{"background-color":"var(--ast-global-color-5)","background-image":"","background-repeat":"repeat","background-position":"center center","background-size":"auto","background-attachment":"scroll","background-type":"","background-media":"","overlay-type":"","overlay-color":"","overlay-opacity":"","overlay-gradient":""},"mobile":{"background-color":"var(--ast-global-color-5)","background-image":"","background-repeat":"repeat","background-position":"center center","background-size":"auto","background-attachment":"scroll","background-type":"","background-media":"","overlay-type":"","overlay-color":"","overlay-opacity":"","overlay-gradient":""}},"_glsr_average":0,"_glsr_ranking":0,"_glsr_reviews":0},"product_brand":[1584],"product_cat":[239,195,206],"product_tag":[214,857,278],"class_list":{"0":"post-70384","1":"product","2":"type-product","3":"status-publish","4":"has-post-thumbnail","6":"product_brand-louis-vuitton","7":"product_cat-louis-vuitton","8":"product_cat-taschenschmuck","9":"product_cat-zubehoer","10":"product_tag-louis-vuitton","11":"product_tag-louis-vuitton-bolt","12":"product_tag-louis-vuitton-taschenanhaenger","13":"desktop-align-left","14":"tablet-align-left","15":"mobile-align-left","16":"ast-product-gallery-layout-first-image-large","17":"ast-magnify-disabled","18":"ast-product-tabs-layout-accordion","20":"first","21":"instock","22":"sold-individually","23":"taxable","24":"shipping-taxable","25":"purchasable","26":"product-type-simple"},"spectra_custom_meta":{"copied_media_ids":["a:0:{}","a:0:{}","a:0:{}"],"referenced_media_ids":["a:3:{i:0;i:70388;i:1;i:70387;i:2;i:70386;}","a:3:{i:0;i:70388;i:1;i:70387;i:2;i:70386;}","a:3:{i:0;i:70388;i:1;i:70387;i:2;i:70386;}"],"_sku":["P5-0938-2"],"_regular_price":["110"],"total_sales":["1"],"_tax_status":["taxable"],"_tax_class":[""],"_manage_stock":["yes"],"_backorders":["no"],"_sold_individually":["yes"],"_virtual":["no"],"_downloadable":["no"],"_product_image_gallery":["70387,70386"],"_download_limit":["-1"],"_download_expiry":["-1"],"_thumbnail_id":["70388"],"_stock":["1"],"_stock_status":["instock"],"_wc_average_rating":[0],"_wc_review_count":["0"],"_product_attributes":["a:3:{s:8:\"pa_brand\";a:7:{s:4:\"name\";s:8:\"pa_brand\";s:5:\"value\";s:0:\"\";s:8:\"position\";i:1;s:10:\"is_visible\";i:0;s:12:\"is_variation\";i:0;s:11:\"is_taxonomy\";i:1;s:16:\"checkout_visible\";i:0;}s:8:\"pa_color\";a:7:{s:4:\"name\";s:8:\"pa_color\";s:5:\"value\";s:0:\"\";s:8:\"position\";i:2;s:10:\"is_visible\";i:0;s:12:\"is_variation\";i:0;s:11:\"is_taxonomy\";i:1;s:16:\"checkout_visible\";i:0;}s:9:\"pa_gender\";a:7:{s:4:\"name\";s:9:\"pa_gender\";s:5:\"value\";s:0:\"\";s:8:\"position\";i:3;s:10:\"is_visible\";i:0;s:12:\"is_variation\";i:0;s:11:\"is_taxonomy\";i:1;s:16:\"checkout_visible\";i:0;}}"],"_product_version":["10.5.1"],"_price":["110"],"_wpml_media_featured":["1","1","1","1","1","1","1","1","1"],"_wpml_media_duplicate":["1","1","1","1","1","1","1","1","1"],"_wpml_word_count":["135"],"_wpml_location_migration_done":["1"],"_fusion":["a:3:{s:17:\"slider_visibility\";s:51:\"small-visibility,medium-visibility,large-visibility\";s:11:\"slider_type\";s:2:\"no\";s:9:\"wooslider\";s:1:\"0\";}"],"rank_math_seo_score":["81"],"rank_math_focus_keyword":["Louis Vuitton Bolt"],"_purchase_price_field":["52,37"],"_internal_warehouse_number_field":["P5-0938-2"],"_unit":[""],"_unit_base":[""],"_unit_product":[""],"_unit_price_auto":["no"],"_unit_price_regular":[""],"_unit_price":[""],"_unit_price_sale":[""],"_sale_price_label":[""],"_sale_price_regular_label":[""],"_mini_desc":["Louis Vuitton Bolt Taschenverl\u00e4ngerung Taschenanh\u00e4nger"],"_defect_description":[""],"_allergen_ids":["a:0:{}"],"_warranty_attachment_id":[""],"_min_age":[""],"_ts_gtin":[""],"_ts_mpn":[""],"_delivery_time_countries":["a:0:{}"],"_free_shipping":["no"],"_service":["no"],"_photovoltaic_system":["no"],"_used_good":["yes"],"_defective_copy":["no"],"_is_food":["no"],"_differential_taxation":["no"],"_gzd_version":["3.20.3"],"_hs_code":[""],"_manufacture_country":["0"],"_rank_math_gtin_code":[""],"_fusion_google_fonts":[""],"fusion_builder_status":["active"],"rank_math_primary_product_cat":["0"],"_wcml_custom_prices_status":["0"],"avada_post_views_count":["49"],"avada_today_post_views_count":["1"],"avada_post_views_count_today_date":["03-04-2023"],"yikes_woo_products_tabs":["a:2:{i:0;a:3:{s:5:\"title\";s:21:\"Weitere Informationen\";s:2:\"id\";s:21:\"weitere-informationen\";s:7:\"content\";s:218:\"<strong>Material: <\/strong>Metall\r\n<strong>Ma\u00dfe: <\/strong>9 cm\r\n<strong>Lieferumfang:<\/strong> I Love Handbags Staubbeutel, die abgebildete Handtasche geh\u00f6rt nicht zum Lieferumfang und dient ausschlie\u00dflich zur Deko.\";}i:1;a:3:{s:5:\"title\";s:7:\"Zustand\";s:2:\"id\";s:7:\"zustand\";s:7:\"content\";s:95:\"<strong>Gesamtzustand: <\/strong>Gut\r\n<strong>Hardware: <\/strong>Gebrauchsspuren und Abreibungen\";}}"],"_deposit_type":[""],"_nutrient_ids":["a:0:{}"],"_nutrient_reference_value":["100g"],"_ingredients":[""],"_nutri_score":[""],"_alcohol_content":[""],"_drained_weight":[""],"_net_filling_quantity":[""],"_food_distributor":[""],"_food_description":[""],"_food_place_of_origin":[""],"_deposit_quantity":[""],"site-sidebar-layout":["default"],"site-content-layout":["default"],"theme-transparent-header-meta":["default"],"stick-header-meta":["default"],"_pys_conversion_label_settings":["a:3:{s:6:\"enable\";b:0;s:5:\"label\";s:0:\"\";s:2:\"id\";s:14:\"AW-11184563350\";}"],"_pys_super_pack_cpt_url":[""],"_pys_super_pack_cpt_condition":["only"],"_pys_super_pack_cpt_cart":["hidden"],"_woosea_brand":[""],"_woosea_mpn":[""],"_woosea_upc":[""],"_woosea_ean":[""],"_woosea_gtin":[""],"_woosea_color":[""],"_woosea_size":[""],"_woosea_gender":[""],"_woosea_material":[""],"_woosea_pattern":[""],"_woosea_optimized_title":[""],"_woosea_unit_pricing_measure":[""],"_woosea_unit_pricing_base_measure":[""],"_woosea_condition":[""],"_woosea_age_group":["adult"],"_woosea_installment_months":[""],"_woosea_installment_amount":[""],"_woosea_exclude_product":["no"],"_woosea_cost_of_good_sold":[""],"_woosea_multipack":[""],"_woosea_is_bundle":[""],"_woosea_energy_efficiency_class":[""],"_woosea_min_energy_efficiency_class":[""],"_woosea_max_energy_efficiency_class":[""],"_woosea_is_promotion":[""],"_woosea_custom_field_0":[""],"_woosea_custom_field_1":[""],"_woosea_custom_field_2":[""],"_woosea_custom_field_3":[""],"_woosea_custom_field_4":[""],"_pys_head_footer":["a:7:{s:14:\"disable_global\";b:0;s:8:\"head_any\";s:0:\"\";s:12:\"head_desktop\";s:0:\"\";s:11:\"head_mobile\";s:0:\"\";s:10:\"footer_any\";s:0:\"\";s:14:\"footer_desktop\";s:0:\"\";s:13:\"footer_mobile\";s:0:\"\";}"],"_wp_old_date":["2023-04-02","2024-08-16"],"_customs_description":[""],"_is_non_returnable":["no"],"rank_math_contentai_score":["a:4:{s:9:\"wordCount\";s:4:\"1.14\";s:9:\"linkCount\";s:1:\"0\";s:12:\"headingCount\";s:1:\"0\";s:10:\"mediaCount\";s:5:\"31.11\";}"],"ast-site-content-layout":["default"],"site-content-style":["default"],"site-sidebar-style":["default"],"_wpml_media_has_media":["1"],"litespeed_vpi_list_mobile":["a:2:{i:0;s:8:\"logo.png\";i:1;s:61:\"Louis-Vuitton-Bolt-Vorderseite-2023-0312-1-scaled-500x500.jpg\";}"],"litespeed_vpi_list":["a:3:{i:0;s:8:\"logo.png\";i:1;s:6:\"de.png\";i:2;s:61:\"Louis-Vuitton-Bolt-Vorderseite-2023-0312-1-scaled-500x500.jpg\";}"],"_internal_date_code":["nicht vorhanden"],"_internal_product_origin":["Frankreich"],"rank_math_robots":["a:1:{i:0;s:5:\"index\";}"],"_not_in_inventory_checkbox":[""],"_product_rating":["B"],"_custom_html_content":[""],"_wpml_post_translation_editor_native":["no"],"_product_shipping_weight":["1kg"],"_zettle_product_cat_id":[""],"_shipping_length":[""],"_shipping_width":[""],"_shipping_height":[""],"_customer_view":["8"],"_custom_view_last_updated":["2026-04-02 20:06:49"],"_product_available_from_field":["2025-10-31T19:00"],"_manufacturer_slug":["lvmh-moet-hennessy-louis-vuitton-se"],"_safety_instructions":[""],"_safety_attachment_ids":["a:0:{}"],"_izettle_barcode":[""],"_izettle_nosync":[""],"_izettle_cost_price":[""],"_izettle_special_price":[""],"_izettle_product_name":[""],"_nickx_video_text_url":["a:1:{i:0;s:0:\"\";}"],"_nickx_product_video_type":["a:1:{i:0;s:23:\"nickx_video_url_youtube\";}"],"_nickx_product_video_thumb_ids":["a:1:{i:0;s:0:\"\";}"],"_izettle_image_lookup_key":["3kyncy1cEe-udXp3qLWasA-6uGxPbF9Ee-js4RN3_UpeQ"],"woocommerce_izettle_product_uuid":["eae61878-b17d-11ef-8d57-353536383939"],"woocommerce_izettle_variant_uuid":["eae64ce4-b17d-11ef-bc04-353536383939"],"_izettle_updated":["1734310823"],"similar_product_key":["1757531400"],"sib_push_meta_box_present":["1"],"sib_push_send_notification":["0"],"sib_push_target_segment_ids":["@ALL"],"_wireless_electronic_device":["no"],"_device_contains_power_supply":["no"],"_device_charging_supports_usb_pd":["no"],"_device_charging_watt_min":[""],"_device_charging_watt_max":[""],"_ship_separately_via":[""],"_product_reserve_till_field":[""],"rank_math_primary_product_brand":["1584"],"_ame_cpe_post_policy":["{\"accessProtection\":{\"active\":\"replace\"}}"],"_gdrive_field":["https:\/\/drive.googlhttps:\/\/drive.google.com\/drive\/u\/1\/folders\/1WTYphxrWpgJxeiUlw_L_PDYwNi1WA0tTe.com\/drive\/u\/1\/folders\/1t-j2RdGdYWekfyfPEXKiYa_lERQNe9bH"],"_zettle_barcode":[""],"_edit_lock":["1770561042:4"],"_edit_last":["4"],"sib_push_send_notification_delay_seconds":["0"],"_is_non_alcoholic":["no"],"astra-migrate-meta-layouts":["set"],"rank_math_analytic_object_id":["299"],"_wcml_average_rating":[null],"_wcml_review_count":[null],"_wcml_rating_count":[null],"_uag_page_assets":["a:9:{s:3:\"css\";s:0:\"\";s:2:\"js\";s:0:\"\";s:18:\"current_block_list\";a:6:{i:0;s:26:\"woocommerce\/filter-wrapper\";i:1;s:24:\"woocommerce\/price-filter\";i:2;s:30:\"woocommerce\/product-categories\";i:3;s:14:\"core\/paragraph\";i:4;s:14:\"core\/shortcode\";i:5;s:11:\"core\/search\";}s:8:\"uag_flag\";b:0;s:11:\"uag_version\";s:10:\"1775349914\";s:6:\"gfonts\";a:0:{}s:10:\"gfonts_url\";s:0:\"\";s:12:\"gfonts_files\";a:0:{}s:14:\"uag_faq_layout\";b:0;}"],"_wc_rating_count":[""]},"uagb_featured_image_src":{"full":["https:\/\/ilovehandbags.com\/wp-content\/uploads\/sites\/3\/Louis-Vuitton-Bolt-0938-02-01.jpg",2048,2048,false],"thumbnail":["https:\/\/ilovehandbags.com\/wp-content\/uploads\/sites\/3\/Louis-Vuitton-Bolt-0938-02-01-150x150.jpg",150,150,true],"medium":["https:\/\/ilovehandbags.com\/wp-content\/uploads\/sites\/3\/Louis-Vuitton-Bolt-0938-02-01-300x300.jpg",300,300,true],"medium_large":["https:\/\/ilovehandbags.com\/wp-content\/uploads\/sites\/3\/Louis-Vuitton-Bolt-0938-02-01-768x768.jpg",768,768,true],"large":["https:\/\/ilovehandbags.com\/wp-content\/uploads\/sites\/3\/Louis-Vuitton-Bolt-0938-02-01-1024x1024.jpg",1024,1024,true],"1536x1536":["https:\/\/ilovehandbags.com\/wp-content\/uploads\/sites\/3\/Louis-Vuitton-Bolt-0938-02-01.jpg",1536,1536,false],"2048x2048":["https:\/\/ilovehandbags.com\/wp-content\/uploads\/sites\/3\/Louis-Vuitton-Bolt-0938-02-01.jpg",2048,2048,false],"woocommerce_thumbnail":["https:\/\/ilovehandbags.com\/wp-content\/uploads\/sites\/3\/Louis-Vuitton-Bolt-0938-02-01-500x500.jpg",500,500,true],"woocommerce_single":["https:\/\/ilovehandbags.com\/wp-content\/uploads\/sites\/3\/Louis-Vuitton-Bolt-0938-02-01-500x500.jpg",500,500,true],"woocommerce_gallery_thumbnail":["https:\/\/ilovehandbags.com\/wp-content\/uploads\/sites\/3\/Louis-Vuitton-Bolt-0938-02-01-100x100.jpg",100,100,true]},"uagb_author_info":{"display_name":"ILoveHandbags","author_link":"https:\/\/ilovehandbags.com\/de\/author\/"},"uagb_comment_info":0,"uagb_excerpt":"Der Louis Vuitton Bolt ist ein luxuri\u00f6ses Accessoire, das durch seine Vielseitigkeit \u00fcberzeugt. Er kann stilvoll als Taschenanh\u00e4nger getragen werden und verleiht deiner Handtasche einen individuellen Akzent. Ebenso praktisch l\u00e4sst er sich als eleganter Schl\u00fcsselhalter verwenden, sodass deine Schl\u00fcssel jederzeit griffbereit und sicher verstaut sind. Besonders beliebt ist der Bolt zudem als Riemenverl\u00e4ngerung, etwa f\u00fcr&hellip;","_links":{"self":[{"href":"https:\/\/ilovehandbags.com\/de\/wp-json\/wp\/v2\/product\/70384","targetHints":{"allow":["GET"]}}],"collection":[{"href":"https:\/\/ilovehandbags.com\/de\/wp-json\/wp\/v2\/product"}],"about":[{"href":"https:\/\/ilovehandbags.com\/de\/wp-json\/wp\/v2\/types\/product"}],"wp:featuredmedia":[{"embeddable":true,"href":"https:\/\/ilovehandbags.com\/de\/wp-json\/wp\/v2\/media\/70388"}],"wp:attachment":[{"href":"https:\/\/ilovehandbags.com\/de\/wp-json\/wp\/v2\/media?parent=70384"}],"wp:term":[{"taxonomy":"product_brand","embeddable":true,"href":"https:\/\/ilovehandbags.com\/de\/wp-json\/wp\/v2\/product_brand?post=70384"},{"taxonomy":"product_cat","embeddable":true,"href":"https:\/\/ilovehandbags.com\/de\/wp-json\/wp\/v2\/product_cat?post=70384"},{"taxonomy":"product_tag","embeddable":true,"href":"https:\/\/ilovehandbags.com\/de\/wp-json\/wp\/v2\/product_tag?post=70384"}],"curies":[{"name":"wp","href":"https:\/\/api.w.org\/{rel}","templated":true}]}}