{"id":72518,"date":"2025-12-10T12:02:06","date_gmt":"2025-12-10T11:02:06","guid":{"rendered":"https:\/\/ilovehandbags.com\/?post_type=product&#038;p=72518"},"modified":"2026-02-03T15:52:15","modified_gmt":"2026-02-03T14:52:15","slug":"louis-vuitton-let-go-denim-1049","status":"publish","type":"product","link":"https:\/\/ilovehandbags.com\/de\/louis-vuitton-let-go-denim-1049\/","title":{"rendered":"Louis Vuitton Let Go PM Sky Denim"},"content":{"rendered":"","protected":false},"excerpt":{"rendered":"<p data-start=\"167\" data-end=\"630\">Die Louis Vuitton Let Go PM Denim ist ein au\u00dfergew\u00f6hnliches Statement-Piece, das die ikonische Handschrift des Hauses neu interpretiert. Gefertigt aus charakteristischem Monogram Denim verbindet dieses Modell l\u00e4ssige Coolness mit luxuri\u00f6sen Details. Der weich strukturierte Denimstoff verleiht der Tasche einen modernen, leicht verspielten Look, w\u00e4hrend die eleganten Lederakzente und die goldfarbene Hardware f\u00fcr die typische Louis-Vuitton-Note sorgen. Durch ihre harmonische Form bietet die Let Go ausreichend Platz f\u00fcr deine t\u00e4glichen Essentials und bleibt dabei angenehm leicht zu tragen. Der praktische Schulterriemen aus Vachetta Ledererm\u00f6glicht ein bequemes Tragen \u2013 ob im Alltag, unterwegs oder als besonderer Akzent zu eleganteren Outfits. Im Inneren sorgt ein strukturiertes Fach f\u00fcr \u00dcbersicht und macht die Tasche zum perfekten Begleiter f\u00fcr jeden Tag. Mit ihrem besonderen Materialmix, der hochwertigen Verarbeitung und dem unverwechselbaren Denim-Monogramm ist die Louis Vuitton Let Go Denim ein echtes Sammlerst\u00fcck: stilvoll, charakterstark und ideal f\u00fcr alle, die ihre Tasche gern als modisches Highlight tragen.<\/p>\n","protected":false},"featured_media":72526,"template":"","meta":{"_uag_custom_page_level_css":"","site-sidebar-layout":"default","site-content-layout":"default","ast-site-content-layout":"default","site-content-style":"default","site-sidebar-style":"default","ast-global-header-display":"","ast-banner-title-visibility":"","ast-main-header-display":"","ast-hfb-above-header-display":"","ast-hfb-below-header-display":"","ast-hfb-mobile-header-display":"","site-post-title":"","ast-breadcrumbs-content":"","ast-featured-img":"","footer-sml-layout":"","ast-disable-related-posts":"","theme-transparent-header-meta":"default","adv-header-id-meta":"","stick-header-meta":"default","header-above-stick-meta":"","header-main-stick-meta":"","header-below-stick-meta":"","astra-migrate-meta-layouts":"set","ast-page-background-enabled":"default","ast-page-background-meta":{"desktop":{"background-color":"var(--ast-global-color-4)","background-image":"","background-repeat":"repeat","background-position":"center center","background-size":"auto","background-attachment":"scroll","background-type":"","background-media":"","overlay-type":"","overlay-color":"","overlay-opacity":"","overlay-gradient":""},"tablet":{"background-color":"","background-image":"","background-repeat":"repeat","background-position":"center center","background-size":"auto","background-attachment":"scroll","background-type":"","background-media":"","overlay-type":"","overlay-color":"","overlay-opacity":"","overlay-gradient":""},"mobile":{"background-color":"","background-image":"","background-repeat":"repeat","background-position":"center center","background-size":"auto","background-attachment":"scroll","background-type":"","background-media":"","overlay-type":"","overlay-color":"","overlay-opacity":"","overlay-gradient":""}},"ast-content-background-meta":{"desktop":{"background-color":"var(--ast-global-color-5)","background-image":"","background-repeat":"repeat","background-position":"center center","background-size":"auto","background-attachment":"scroll","background-type":"","background-media":"","overlay-type":"","overlay-color":"","overlay-opacity":"","overlay-gradient":""},"tablet":{"background-color":"var(--ast-global-color-5)","background-image":"","background-repeat":"repeat","background-position":"center center","background-size":"auto","background-attachment":"scroll","background-type":"","background-media":"","overlay-type":"","overlay-color":"","overlay-opacity":"","overlay-gradient":""},"mobile":{"background-color":"var(--ast-global-color-5)","background-image":"","background-repeat":"repeat","background-position":"center center","background-size":"auto","background-attachment":"scroll","background-type":"","background-media":"","overlay-type":"","overlay-color":"","overlay-opacity":"","overlay-gradient":""}},"_glsr_average":0,"_glsr_ranking":0,"_glsr_reviews":0},"product_brand":[1584],"product_cat":[208,242,448,239,205,204,449],"product_tag":[214,2031,2032],"class_list":{"0":"post-72518","1":"product","2":"type-product","3":"status-publish","4":"has-post-thumbnail","6":"product_brand-louis-vuitton","7":"product_cat-handtaschen","8":"product_cat-kleine-taschen","9":"product_cat-limited-editions","10":"product_cat-louis-vuitton","11":"product_cat-tragetaschen","12":"product_cat-umhaengetaschen","13":"product_cat-bald-wieder-da","14":"product_tag-louis-vuitton","15":"product_tag-louis-vuitton-let-go-denim","16":"product_tag-louis-vuitton-m24897","17":"desktop-align-left","18":"tablet-align-left","19":"mobile-align-left","20":"ast-product-gallery-layout-first-image-large","21":"ast-magnify-disabled","22":"ast-product-tabs-layout-accordion","24":"first","25":"outofstock","26":"sold-individually","27":"purchasable","28":"product-type-simple"},"spectra_custom_meta":{"copied_media_ids":["a:0:{}","a:0:{}","a:0:{}"],"referenced_media_ids":["a:20:{i:0;i:72526;i:1;i:72545;i:2;i:72546;i:3;i:72528;i:4;i:72540;i:5;i:72539;i:6;i:72535;i:7;i:72534;i:8;i:72537;i:9;i:72527;i:10;i:72529;i:11;i:72543;i:12;i:72541;i:13;i:72536;i:14;i:72544;i:15;i:72533;i:16;i:72542;i:17;i:72531;i:18;i:72538;i:19;i:72525;}","a:20:{i:0;i:72526;i:1;i:72545;i:2;i:72546;i:3;i:72528;i:4;i:72540;i:5;i:72539;i:6;i:72535;i:7;i:72534;i:8;i:72537;i:9;i:72527;i:10;i:72529;i:11;i:72543;i:12;i:72541;i:13;i:72536;i:14;i:72544;i:15;i:72533;i:16;i:72542;i:17;i:72531;i:18;i:72538;i:19;i:72525;}","a:20:{i:0;i:72526;i:1;i:72545;i:2;i:72546;i:3;i:72528;i:4;i:72540;i:5;i:72539;i:6;i:72535;i:7;i:72534;i:8;i:72537;i:9;i:72527;i:10;i:72529;i:11;i:72543;i:12;i:72541;i:13;i:72536;i:14;i:72544;i:15;i:72533;i:16;i:72542;i:17;i:72531;i:18;i:72538;i:19;i:72525;}"],"_regular_price":["2790"],"total_sales":["0"],"_tax_status":["none"],"_tax_class":[""],"_manage_stock":["yes"],"_backorders":["no"],"_sold_individually":["yes"],"_virtual":["no"],"_downloadable":["no"],"_product_image_gallery":["72545,72546,72528,72540,72539,72535,72534,72537,72527,72529,72543,72541,72536,72544,72533,72542,72531,72538,72525"],"_download_limit":["-1"],"_download_expiry":["-1"],"_thumbnail_id":["72526"],"_stock":["0"],"_stock_status":["outofstock"],"_wc_average_rating":[0],"_wc_review_count":["0"],"_product_attributes":["a:3:{s:8:\"pa_brand\";a:7:{s:4:\"name\";s:8:\"pa_brand\";s:5:\"value\";s:0:\"\";s:8:\"position\";i:1;s:10:\"is_visible\";i:0;s:12:\"is_variation\";i:0;s:11:\"is_taxonomy\";i:1;s:16:\"checkout_visible\";i:0;}s:8:\"pa_color\";a:7:{s:4:\"name\";s:8:\"pa_color\";s:5:\"value\";s:0:\"\";s:8:\"position\";i:2;s:10:\"is_visible\";i:0;s:12:\"is_variation\";i:0;s:11:\"is_taxonomy\";i:1;s:16:\"checkout_visible\";i:0;}s:9:\"pa_gender\";a:7:{s:4:\"name\";s:9:\"pa_gender\";s:5:\"value\";s:0:\"\";s:8:\"position\";i:3;s:10:\"is_visible\";i:0;s:12:\"is_variation\";i:0;s:11:\"is_taxonomy\";i:1;s:16:\"checkout_visible\";i:0;}}"],"_product_version":["10.4.3"],"_price":["2790"],"_not_in_inventory_checkbox":["",""],"_wpml_media_featured":["1","1","1","1","1","1","1","1"],"_wpml_media_duplicate":["1","1","1","1","1","1","1","1"],"_wpml_word_count":["204"],"_wpml_location_migration_done":["1"],"_fusion":["a:3:{s:17:\"slider_visibility\";s:51:\"small-visibility,medium-visibility,large-visibility\";s:11:\"slider_type\";s:2:\"no\";s:9:\"wooslider\";s:1:\"0\";}"],"rank_math_seo_score":["83"],"rank_math_focus_keyword":["Louis Vuitton"],"_purchase_price_field":["1750"],"_internal_warehouse_number_field":["P5-1049"],"_unit":[""],"_unit_base":[""],"_unit_product":[""],"_unit_price_auto":["no"],"_unit_price_regular":[""],"_unit_price":[""],"_unit_price_sale":[""],"_sale_price_label":[""],"_sale_price_regular_label":[""],"_mini_desc":["Louis Vuitton Let Go PM Sky Denim"],"_defect_description":[""],"_allergen_ids":["a:0:{}"],"_warranty_attachment_id":[""],"_min_age":[""],"_ts_gtin":[""],"_ts_mpn":[""],"_delivery_time_countries":["a:0:{}"],"_free_shipping":["no"],"_service":["no"],"_photovoltaic_system":["no"],"_used_good":["yes"],"_defective_copy":["no"],"_is_food":["no"],"_differential_taxation":["yes"],"_gzd_version":["3.20.5"],"_hs_code":[""],"_manufacture_country":[""],"_rank_math_gtin_code":[""],"_fusion_google_fonts":[""],"fusion_builder_status":["active"],"rank_math_primary_product_cat":["0"],"_wcml_custom_prices_status":["1"],"avada_post_views_count":["18"],"avada_today_post_views_count":["2"],"avada_post_views_count_today_date":["14-04-2023"],"_sale_price_dates_to_USD":[""],"_sale_price_dates_from_USD":[""],"_sale_price_USD":[""],"_regular_price_USD":[""],"_wcml_schedule_USD":["0"],"_deposit_type":[""],"_nutrient_ids":["a:0:{}"],"_nutrient_reference_value":["100g"],"_ingredients":[""],"_nutri_score":[""],"_alcohol_content":[""],"_drained_weight":[""],"_net_filling_quantity":[""],"_food_distributor":[""],"_food_description":[""],"_food_place_of_origin":[""],"_deposit_quantity":[""],"yikes_woo_products_tabs":["a:2:{i:0;a:3:{s:5:\"title\";s:21:\"Weitere Informationen\";s:2:\"id\";s:21:\"weitere-informationen\";s:7:\"content\";s:669:\"<strong>Material au\u00dfen: <\/strong>Blauer Denim mit Bes\u00e4tzen sowie Schultreriemen aus Rindsleder und goldfarbener Hardware\r\n<strong style=\"font-size: 16px;\">Material innen:<\/strong> Denim\r\n<strong style=\"font-size: 16px;\">Ma\u00dfe:<\/strong><span style=\"font-size: 16px;\"> (B) 28 x (H) 23 x (T) 10,5 cm\r\n<strong>L\u00e4nge Schulterriemen: <\/strong>ca. 123 bis 136 cm<strong>\r\n<\/strong><\/span><strong style=\"font-size: 16px;\">Date Code:<\/strong><span style=\"font-size: 16px;\"> Chip\r\n<strong>SKU:<\/strong> M24897\r\n<\/span><strong style=\"font-size: 16px;\">Lieferumfang: <\/strong><span style=\"font-size: 16px;\">Louis Vuitton Box (leicht besch\u00e4digt) und Staubbeutel<\/span>\r\n\r\n&nbsp;\";}i:1;a:3:{s:5:\"title\";s:7:\"Zustand\";s:2:\"id\";s:7:\"zustand\";s:7:\"content\";s:282:\"<strong>Gesamtzustand: <\/strong>Neuwertig\r\n<strong>Material:<\/strong> Intakt mit minimalsten Gebrauchsspuren durch Lageung\r\n<strong>Vachetta Leder:<\/strong> Neuwertiger Zustand\r\n<strong>Hardware: <\/strong>Minimalste Gebrauchsspuren durch Lagerung\r\n<strong>Innenraum: <\/strong>Sauber\";}}"],"site-sidebar-layout":["default"],"site-content-layout":["default"],"theme-transparent-header-meta":["default"],"stick-header-meta":["default"],"_wp_old_date":["2023-04-14","2023-05-08","2023-05-15","2023-05-27","2025-10-15"],"_pys_conversion_label_settings":["a:3:{s:6:\"enable\";b:0;s:5:\"label\";s:0:\"\";s:2:\"id\";s:14:\"AW-11184563350\";}"],"_pys_super_pack_cpt_url":[""],"_pys_super_pack_cpt_condition":["only"],"_pys_super_pack_cpt_cart":["hidden"],"_pys_head_footer":["a:7:{s:14:\"disable_global\";b:0;s:8:\"head_any\";s:0:\"\";s:12:\"head_desktop\";s:0:\"\";s:11:\"head_mobile\";s:0:\"\";s:10:\"footer_any\";s:0:\"\";s:14:\"footer_desktop\";s:0:\"\";s:13:\"footer_mobile\";s:0:\"\";}"],"_borlabs-cookie-custom-code":[""],"_woosea_brand":[""],"_woosea_mpn":[""],"_woosea_upc":[""],"_woosea_ean":[""],"_woosea_gtin":[""],"_woosea_color":[""],"_woosea_size":[""],"_woosea_gender":[""],"_woosea_material":[""],"_woosea_pattern":[""],"_woosea_optimized_title":[""],"_woosea_unit_pricing_measure":[""],"_woosea_unit_pricing_base_measure":[""],"_woosea_condition":[""],"_woosea_age_group":["adult"],"_woosea_installment_months":[""],"_woosea_installment_amount":[""],"_woosea_exclude_product":["no"],"_woosea_cost_of_good_sold":[""],"_woosea_multipack":[""],"_woosea_is_bundle":[""],"_woosea_energy_efficiency_class":[""],"_woosea_min_energy_efficiency_class":[""],"_woosea_max_energy_efficiency_class":[""],"_woosea_is_promotion":[""],"_woosea_custom_field_0":[""],"_woosea_custom_field_1":[""],"_woosea_custom_field_2":[""],"_woosea_custom_field_3":[""],"_woosea_custom_field_4":[""],"litespeed_vpi_list":["a:2:{i:0;s:8:\"logo.png\";i:1;s:58:\"Louis-.Vuitton-OnthegoMM-vorn-2023-0215-scaled-500x500.jpg\";}"],"_customs_description":[""],"_is_non_returnable":["no"],"litespeed_vpi_list_mobile":["a:2:{i:0;s:8:\"logo.png\";i:1;s:58:\"Louis-.Vuitton-OnthegoMM-vorn-2023-0215-scaled-500x500.jpg\";}"],"_internal_date_code":["Chip"],"_internal_product_origin":["Frankreich"],"_product_rating":["N"],"_wpml_media_has_media":["1"],"ast-site-content-layout":["default"],"site-content-style":["default"],"site-sidebar-style":["default"],"_sale_price_dates_to_CHF":[""],"_sale_price_dates_from_CHF":[""],"_sale_price_CHF":[""],"_regular_price_CHF":[""],"_wcml_schedule_CHF":["0"],"_sale_price_dates_to_GBP":[""],"_sale_price_dates_from_GBP":[""],"_sale_price_GBP":[""],"_regular_price_GBP":[""],"_wcml_schedule_GBP":["0"],"_rank_math_video":["true"],"rank_math_robots":["a:1:{i:0;s:5:\"index\";}"],"_customer_view":["19"],"_custom_view_last_updated":["2026-01-21 13:02:38"],"_custom_html_content":[""],"_shipping_length":[""],"_shipping_width":[""],"_shipping_height":[""],"_product_shipping_weight":["1kg"],"_product_available_from_field":["2025-12-12T19:00"],"_manufacturer_slug":["lvmh-moet-hennessy-louis-vuitton-se"],"_safety_instructions":[""],"_safety_attachment_ids":["a:0:{}"],"_zettle_product_cat_id":[""],"_nickx_video_text_url":["a:1:{i:0;s:0:\"\";}"],"_nickx_product_video_type":["a:1:{i:0;s:23:\"nickx_video_url_youtube\";}"],"_nickx_product_video_thumb_ids":["a:1:{i:0;s:0:\"\";}"],"_product_reserve_till_field":[""],"similar_product_key":["1741440598"],"_wireless_electronic_device":["no"],"_device_contains_power_supply":["no"],"_device_charging_supports_usb_pd":["no"],"_device_charging_watt_min":["0"],"_device_charging_watt_max":["0"],"_izettle_barcode":[""],"_izettle_nosync":[""],"_izettle_cost_price":[""],"_izettle_special_price":[""],"_izettle_product_name":[""],"rank_math_primary_product_brand":["1584"],"_wpml_post_translation_editor_native":["no"],"_izettle_image_lookup_key":["3kyncy1cEe-udXp3qLWasA-QQGIqP5PEe-lTAtB80JPuw"],"woocommerce_izettle_product_uuid":["41053d88-fe4f-11ef-8bc4-353536383939"],"woocommerce_izettle_variant_uuid":["41055a7a-fe4f-11ef-80ad-353536383939"],"_izettle_updated":["1741914022"],"sib_push_meta_box_present":["1"],"sib_push_send_notification":["0"],"sib_push_target_segment_ids":["@ALL"],"_ame_cpe_post_policy":["{\"accessProtection\":{\"active\":\"replace\"}}"],"_ship_separately_via":[""],"sib_push_send_notification_delay_seconds":["0"],"_is_non_alcoholic":["no"],"_mid_code":[""],"_shipping_weight":[""],"_sku":["P5-1049"],"_edit_lock":["1770130337:4"],"_edit_last":["4"],"_gdrive_field":["https:\/\/drive.google.com\/drive\/u\/1\/folders\/1oQ5mhBBpTZHd7Cm4JDAwAQYC8sDQvL63"],"_entrupy_echtheitszertifikat":["yes"],"_wcml_average_rating":[null],"_wcml_review_count":[null],"_wcml_rating_count":[null],"astra-migrate-meta-layouts":["set"],"rank_math_analytic_object_id":["153"],"rank_math_internal_links_processed":["1"],"_uag_page_assets":["a:9:{s:3:\"css\";s:0:\"\";s:2:\"js\";s:0:\"\";s:18:\"current_block_list\";a:6:{i:0;s:26:\"woocommerce\/filter-wrapper\";i:1;s:24:\"woocommerce\/price-filter\";i:2;s:30:\"woocommerce\/product-categories\";i:3;s:14:\"core\/paragraph\";i:4;s:14:\"core\/shortcode\";i:5;s:11:\"core\/search\";}s:8:\"uag_flag\";b:0;s:11:\"uag_version\";s:10:\"1777296085\";s:6:\"gfonts\";a:0:{}s:10:\"gfonts_url\";s:0:\"\";s:12:\"gfonts_files\";a:0:{}s:14:\"uag_faq_layout\";b:0;}"],"_wc_rating_count":[""]},"uagb_featured_image_src":{"full":["https:\/\/ilovehandbags.com\/wp-content\/uploads\/sites\/3\/Louis-Vuitton-Let-Go-PM-Sky-Denim-1049-19.jpg",2048,1536,false],"thumbnail":["https:\/\/ilovehandbags.com\/wp-content\/uploads\/sites\/3\/Louis-Vuitton-Let-Go-PM-Sky-Denim-1049-19-150x150.jpg",150,150,true],"medium":["https:\/\/ilovehandbags.com\/wp-content\/uploads\/sites\/3\/Louis-Vuitton-Let-Go-PM-Sky-Denim-1049-19-300x300.jpg",300,300,true],"medium_large":["https:\/\/ilovehandbags.com\/wp-content\/uploads\/sites\/3\/Louis-Vuitton-Let-Go-PM-Sky-Denim-1049-19-768x768.jpg",768,768,true],"large":["https:\/\/ilovehandbags.com\/wp-content\/uploads\/sites\/3\/Louis-Vuitton-Let-Go-PM-Sky-Denim-1049-19-1024x1024.jpg",1024,1024,true],"1536x1536":["https:\/\/ilovehandbags.com\/wp-content\/uploads\/sites\/3\/Louis-Vuitton-Let-Go-PM-Sky-Denim-1049-19.jpg",1536,1152,false],"2048x2048":["https:\/\/ilovehandbags.com\/wp-content\/uploads\/sites\/3\/Louis-Vuitton-Let-Go-PM-Sky-Denim-1049-19.jpg",2048,1536,false],"woocommerce_thumbnail":["https:\/\/ilovehandbags.com\/wp-content\/uploads\/sites\/3\/Louis-Vuitton-Let-Go-PM-Sky-Denim-1049-19-500x500.jpg",500,500,true],"woocommerce_single":["https:\/\/ilovehandbags.com\/wp-content\/uploads\/sites\/3\/Louis-Vuitton-Let-Go-PM-Sky-Denim-1049-19-500x500.jpg",500,500,true],"woocommerce_gallery_thumbnail":["https:\/\/ilovehandbags.com\/wp-content\/uploads\/sites\/3\/Louis-Vuitton-Let-Go-PM-Sky-Denim-1049-19-100x100.jpg",100,100,true]},"uagb_author_info":{"display_name":"ILoveHandbags","author_link":"https:\/\/ilovehandbags.com\/de\/author\/"},"uagb_comment_info":0,"uagb_excerpt":"Die Louis Vuitton Let Go PM Denim ist ein au\u00dfergew\u00f6hnliches Statement-Piece, das die ikonische Handschrift des Hauses neu interpretiert. Gefertigt aus charakteristischem Monogram Denim verbindet dieses Modell l\u00e4ssige Coolness mit luxuri\u00f6sen Details. Der weich strukturierte Denimstoff verleiht der Tasche einen modernen, leicht verspielten Look, w\u00e4hrend die eleganten Lederakzente und die goldfarbene Hardware f\u00fcr die typische&hellip;","_links":{"self":[{"href":"https:\/\/ilovehandbags.com\/de\/wp-json\/wp\/v2\/product\/72518","targetHints":{"allow":["GET"]}}],"collection":[{"href":"https:\/\/ilovehandbags.com\/de\/wp-json\/wp\/v2\/product"}],"about":[{"href":"https:\/\/ilovehandbags.com\/de\/wp-json\/wp\/v2\/types\/product"}],"wp:featuredmedia":[{"embeddable":true,"href":"https:\/\/ilovehandbags.com\/de\/wp-json\/wp\/v2\/media\/72526"}],"wp:attachment":[{"href":"https:\/\/ilovehandbags.com\/de\/wp-json\/wp\/v2\/media?parent=72518"}],"wp:term":[{"taxonomy":"product_brand","embeddable":true,"href":"https:\/\/ilovehandbags.com\/de\/wp-json\/wp\/v2\/product_brand?post=72518"},{"taxonomy":"product_cat","embeddable":true,"href":"https:\/\/ilovehandbags.com\/de\/wp-json\/wp\/v2\/product_cat?post=72518"},{"taxonomy":"product_tag","embeddable":true,"href":"https:\/\/ilovehandbags.com\/de\/wp-json\/wp\/v2\/product_tag?post=72518"}],"curies":[{"name":"wp","href":"https:\/\/api.w.org\/{rel}","templated":true}]}}