{"id":72602,"date":"2025-12-10T12:01:39","date_gmt":"2025-12-10T11:01:39","guid":{"rendered":"https:\/\/ilovehandbags.com\/?post_type=product&#038;p=72602"},"modified":"2026-02-03T21:16:27","modified_gmt":"2026-02-03T20:16:27","slug":"louis-vuitton-lockmini-geldboerse-1052","status":"publish","type":"product","link":"https:\/\/ilovehandbags.com\/de\/louis-vuitton-lockmini-geldboerse-1052\/","title":{"rendered":"Louis Vuitton Lockmini Geldb\u00f6rse"},"content":{"rendered":"","protected":false},"excerpt":{"rendered":"<p data-start=\"140\" data-end=\"474\">Die Louis Vuitton Lockmini Geldb\u00f6rse ist das kompakteste Portemonnaie, das Louis Vuitton je entworfen hat \u2013 perfekt f\u00fcr alle, die Wert auf stilvolle Minimalit\u00e4t und maximale Funktionalit\u00e4t legen. Dank ihrer \u00e4u\u00dferst handlichen Gr\u00f6\u00dfe passt sie m\u00fchelos in kleine Handtaschen, Clutches oder sogar in die Hosentasche, ohne aufzutragen. Gefertigt aus weichem, hochwertigem Kalbsleder, \u00fcberzeugt die Lockmini durch ihre luxuri\u00f6se Haptik und das elegante Design. Der klassische \u00dcberschlag wird von einem stilvollen Druckknopf mit den ikonischen LV-Initialen akzentuiert und verleiht dem Portemonnaie einen zeitlosen Wiedererkennungswert. Trotz ihrer kompakten Form bietet die Geldb\u00f6rse im Inneren \u00fcberraschend viel Platz: Mehrere Kreditkartenf\u00e4cher sowie ein langes Steckfach f\u00fcr Geldscheine sorgen f\u00fcr eine \u00fcbersichtliche Organisation aller wichtigen Essentials. Die Lockmini ist damit der ideale Begleiter f\u00fcr den Alltag, Reisen oder Abende, an denen du nur das N\u00f6tigste mitnehmen m\u00f6chtest \u2013 luxuri\u00f6s, praktisch und typisch Louis Vuitton.<\/p>\n","protected":false},"featured_media":72611,"template":"","meta":{"_uag_custom_page_level_css":"","site-sidebar-layout":"default","site-content-layout":"default","ast-site-content-layout":"default","site-content-style":"default","site-sidebar-style":"default","ast-global-header-display":"","ast-banner-title-visibility":"","ast-main-header-display":"","ast-hfb-above-header-display":"","ast-hfb-below-header-display":"","ast-hfb-mobile-header-display":"","site-post-title":"","ast-breadcrumbs-content":"","ast-featured-img":"","footer-sml-layout":"","ast-disable-related-posts":"","theme-transparent-header-meta":"default","adv-header-id-meta":"","stick-header-meta":"default","header-above-stick-meta":"","header-main-stick-meta":"","header-below-stick-meta":"","astra-migrate-meta-layouts":"set","ast-page-background-enabled":"default","ast-page-background-meta":{"desktop":{"background-color":"var(--ast-global-color-4)","background-image":"","background-repeat":"repeat","background-position":"center center","background-size":"auto","background-attachment":"scroll","background-type":"","background-media":"","overlay-type":"","overlay-color":"","overlay-opacity":"","overlay-gradient":""},"tablet":{"background-color":"","background-image":"","background-repeat":"repeat","background-position":"center center","background-size":"auto","background-attachment":"scroll","background-type":"","background-media":"","overlay-type":"","overlay-color":"","overlay-opacity":"","overlay-gradient":""},"mobile":{"background-color":"","background-image":"","background-repeat":"repeat","background-position":"center center","background-size":"auto","background-attachment":"scroll","background-type":"","background-media":"","overlay-type":"","overlay-color":"","overlay-opacity":"","overlay-gradient":""}},"ast-content-background-meta":{"desktop":{"background-color":"var(--ast-global-color-5)","background-image":"","background-repeat":"repeat","background-position":"center center","background-size":"auto","background-attachment":"scroll","background-type":"","background-media":"","overlay-type":"","overlay-color":"","overlay-opacity":"","overlay-gradient":""},"tablet":{"background-color":"var(--ast-global-color-5)","background-image":"","background-repeat":"repeat","background-position":"center center","background-size":"auto","background-attachment":"scroll","background-type":"","background-media":"","overlay-type":"","overlay-color":"","overlay-opacity":"","overlay-gradient":""},"mobile":{"background-color":"var(--ast-global-color-5)","background-image":"","background-repeat":"repeat","background-position":"center center","background-size":"auto","background-attachment":"scroll","background-type":"","background-media":"","overlay-type":"","overlay-color":"","overlay-opacity":"","overlay-gradient":""}},"_glsr_average":0,"_glsr_ranking":0,"_glsr_reviews":0},"product_brand":[1584],"product_cat":[191,237,239],"product_tag":[214,313,2033],"class_list":{"0":"post-72602","1":"product","2":"type-product","3":"status-publish","4":"has-post-thumbnail","6":"product_brand-louis-vuitton","7":"product_cat-geldboersen","8":"product_cat-kleinlederwaren","9":"product_cat-louis-vuitton","10":"product_tag-louis-vuitton","11":"product_tag-louis-vuitton-geldboerse","12":"product_tag-louis-vuitton-lockmini","13":"desktop-align-left","14":"tablet-align-left","15":"mobile-align-left","16":"ast-product-gallery-layout-first-image-large","17":"ast-magnify-disabled","18":"ast-product-tabs-layout-accordion","20":"first","21":"instock","22":"sold-individually","23":"purchasable","24":"product-type-simple"},"spectra_custom_meta":{"copied_media_ids":["a:0:{}","a:0:{}"],"referenced_media_ids":["a:10:{i:0;i:72611;i:1;i:72608;i:2;i:72607;i:3;i:72609;i:4;i:72613;i:5;i:72606;i:6;i:72612;i:7;i:72610;i:8;i:72615;i:9;i:72614;}","a:10:{i:0;i:72611;i:1;i:72608;i:2;i:72607;i:3;i:72609;i:4;i:72613;i:5;i:72606;i:6;i:72612;i:7;i:72610;i:8;i:72615;i:9;i:72614;}"],"_regular_price":["490"],"total_sales":["0"],"_tax_status":["none"],"_tax_class":[""],"_manage_stock":["yes"],"_backorders":["no"],"_sold_individually":["yes"],"_virtual":["no"],"_downloadable":["no"],"_product_image_gallery":["72608,72607,72609,72613,72606,72612,72610,72615,72614"],"_download_limit":["-1"],"_download_expiry":["-1"],"_thumbnail_id":["72611"],"_stock":["1"],"_stock_status":["instock"],"_wc_average_rating":[0],"_wc_review_count":["0"],"_product_attributes":["a:3:{s:8:\"pa_brand\";a:7:{s:4:\"name\";s:8:\"pa_brand\";s:5:\"value\";s:0:\"\";s:8:\"position\";i:1;s:10:\"is_visible\";i:0;s:12:\"is_variation\";i:1;s:11:\"is_taxonomy\";i:1;s:16:\"checkout_visible\";i:0;}s:8:\"pa_color\";a:7:{s:4:\"name\";s:8:\"pa_color\";s:5:\"value\";s:0:\"\";s:8:\"position\";i:2;s:10:\"is_visible\";i:0;s:12:\"is_variation\";i:1;s:11:\"is_taxonomy\";i:1;s:16:\"checkout_visible\";i:0;}s:9:\"pa_gender\";a:7:{s:4:\"name\";s:9:\"pa_gender\";s:5:\"value\";s:0:\"\";s:8:\"position\";i:3;s:10:\"is_visible\";i:0;s:12:\"is_variation\";i:1;s:11:\"is_taxonomy\";i:1;s:16:\"checkout_visible\";i:0;}}"],"_product_version":["10.4.3"],"_price":["490"],"_wpml_media_featured":["1","1","1","1","1","1","1","1","1","1"],"_wpml_media_duplicate":["1","1","1","1","1","1","1","1","1","1"],"_wpml_word_count":["190"],"_wpml_location_migration_done":["1"],"_fusion":["a:3:{s:17:\"slider_visibility\";s:51:\"small-visibility,medium-visibility,large-visibility\";s:11:\"slider_type\";s:2:\"no\";s:9:\"wooslider\";s:1:\"0\";}"],"rank_math_seo_score":["77"],"rank_math_focus_keyword":["Louis Vuitton"],"_purchase_price_field":["370"],"_internal_warehouse_number_field":["P5-1052-K"],"_unit":[""],"_unit_base":[""],"_unit_product":[""],"_unit_price_auto":["no"],"_unit_price_regular":[""],"_unit_price":[""],"_unit_price_sale":[""],"_sale_price_label":[""],"_sale_price_regular_label":[""],"_mini_desc":["Louis Vuitton Lockmini Geldb\u00f6rse"],"_defect_description":[""],"_allergen_ids":["a:0:{}"],"_warranty_attachment_id":[""],"_min_age":[""],"_ts_gtin":[""],"_ts_mpn":[""],"_delivery_time_countries":["a:0:{}"],"_free_shipping":["no"],"_service":["no"],"_photovoltaic_system":["no"],"_used_good":["yes"],"_defective_copy":["no"],"_is_food":["no"],"_differential_taxation":["yes"],"_gzd_version":["3.20.5"],"_hs_code":[""],"_manufacture_country":[""],"_rank_math_gtin_code":[""],"_fusion_google_fonts":[""],"fusion_builder_status":["active"],"rank_math_primary_product_cat":["0"],"_wcml_custom_prices_status":["0"],"avada_post_views_count":["49"],"avada_today_post_views_count":["1"],"avada_post_views_count_today_date":["14-04-2023"],"_deposit_type":[""],"_nutrient_ids":["a:0:{}"],"_nutrient_reference_value":["100g"],"_ingredients":[""],"_nutri_score":[""],"_alcohol_content":[""],"_drained_weight":[""],"_net_filling_quantity":[""],"_food_distributor":[""],"_food_description":[""],"_food_place_of_origin":[""],"_deposit_quantity":[""],"yikes_woo_products_tabs":["a:2:{i:0;a:3:{s:5:\"title\";s:21:\"Weitere Informationen\";s:2:\"id\";s:21:\"weitere-informationen\";s:7:\"content\";s:539:\"<strong>Material au\u00dfen: <\/strong>Kalbsleder im Farbton Greige \/ Beige und goldfarbener Hardware\r\n<strong style=\"font-size: 16px;\">Material innen: <\/strong><span style=\"font-size: 16px;\">Kalbsleder\r\n<\/span><strong style=\"font-size: 16px;\">Ma\u00dfe: <\/strong><span style=\"font-size: 16px;\">10 x 7 x 2,5 cm\r\n<\/span><strong style=\"font-size: 16px;\">Date Code: <\/strong><span style=\"font-size: 16px;\">RFID Chip\r\n<\/span><strong style=\"font-size: 16px;\">Lieferumfang:<\/strong><span style=\"font-size: 16px;\"> Louis Vuitton Box und Staubbeutel<\/span>\";}i:1;a:3:{s:5:\"title\";s:7:\"Zustand\";s:2:\"id\";s:7:\"zustand\";s:7:\"content\";s:222:\"<strong>Gesamtzustand: <\/strong>Neuwertig\r\n<strong>Leder: <\/strong>Intakt mit minimalen Gebrauchsspuren\r\n<strong>Druckknopf:<\/strong> Schlie\u00dft einwandfrei\r\n<strong>Innenraum:\u00a0<\/strong>Sauber mit minimalen Gebrauchsspuren\";}}"],"site-sidebar-layout":["default"],"site-content-layout":["default"],"theme-transparent-header-meta":["default"],"stick-header-meta":["default"],"_wp_old_date":["2023-04-08","2023-05-02","2023-09-28","2024-08-23"],"_pys_conversion_label_settings":["a:3:{s:6:\"enable\";b:0;s:5:\"label\";s:0:\"\";s:2:\"id\";s:14:\"AW-11184563350\";}"],"_pys_super_pack_cpt_url":[""],"_pys_super_pack_cpt_condition":["only"],"_pys_super_pack_cpt_cart":["hidden"],"_pys_head_footer":["a:7:{s:14:\"disable_global\";b:0;s:8:\"head_any\";s:0:\"\";s:12:\"head_desktop\";s:0:\"\";s:11:\"head_mobile\";s:0:\"\";s:10:\"footer_any\";s:0:\"\";s:14:\"footer_desktop\";s:0:\"\";s:13:\"footer_mobile\";s:0:\"\";}"],"_woosea_brand":[""],"_woosea_mpn":[""],"_woosea_upc":[""],"_woosea_ean":[""],"_woosea_gtin":[""],"_woosea_color":[""],"_woosea_size":[""],"_woosea_gender":[""],"_woosea_material":[""],"_woosea_pattern":[""],"_woosea_optimized_title":[""],"_woosea_unit_pricing_measure":[""],"_woosea_unit_pricing_base_measure":[""],"_woosea_condition":[""],"_woosea_age_group":["adult"],"_woosea_installment_months":[""],"_woosea_installment_amount":[""],"_woosea_exclude_product":["no"],"_woosea_cost_of_good_sold":[""],"_woosea_multipack":[""],"_woosea_is_bundle":[""],"_woosea_energy_efficiency_class":[""],"_woosea_min_energy_efficiency_class":[""],"_woosea_max_energy_efficiency_class":[""],"_woosea_is_promotion":[""],"_woosea_custom_field_0":[""],"_woosea_custom_field_1":[""],"_woosea_custom_field_2":[""],"_woosea_custom_field_3":[""],"_woosea_custom_field_4":[""],"_customs_description":[""],"_is_non_returnable":["no"],"ast-site-content-layout":["default"],"site-content-style":["default"],"site-sidebar-style":["default"],"_wpml_media_has_media":["1"],"litespeed_vpi_list_mobile":["a:2:{i:0;s:8:\"logo.png\";i:1;s:44:\"PhotoRoom_20230518_154603-scaled-500x500.jpg\";}"],"litespeed_vpi_list":["a:4:{i:0;s:8:\"logo.png\";i:1;s:6:\"de.png\";i:2;s:44:\"PhotoRoom_20230518_154603-scaled-500x500.jpg\";i:3;s:35:\"three-o-clock-clock-svgrepo-com.svg\";}"],"_internal_date_code":["RFID Chip"],"_internal_product_origin":["Spanien"],"_product_rating":["N"],"rank_math_robots":["a:1:{i:0;s:5:\"index\";}"],"_customer_view":["9"],"_custom_view_last_updated":["2026-04-04 22:05:50"],"_not_in_inventory_checkbox":["yes"],"_shipping_length":[""],"_shipping_width":[""],"_shipping_height":[""],"_custom_html_content":[""],"_product_shipping_weight":["1kg"],"_izettle_barcode":["0290000458400"],"_izettle_nosync":[""],"_izettle_cost_price":[""],"_izettle_special_price":[""],"_izettle_product_name":[""],"_zettle_product_cat_id":[""],"_wpml_post_translation_editor_native":["no"],"_izettle_image_lookup_key":["3kyncy1cEe-udXp3qLWasA-zGqEgJwtEe-FoFiXmlKJgw"],"woocommerce_izettle_product_uuid":["bc026d6a-63ce-11ef-9a9c-353536383939"],"woocommerce_izettle_variant_uuid":["f1377fb0-6127-11ef-a3dc-353536383939"],"_izettle_updated":["1731978136"],"_izettle_product_etag":["1BCEDCF3C5728E3AFC5D6A7E5E20224F"],"_product_available_from_field":["2025-12-12T19:00"],"_manufacturer_slug":["lvmh-moet-hennessy-louis-vuitton-se"],"_safety_instructions":[""],"_safety_attachment_ids":["a:0:{}"],"_wireless_electronic_device":["no"],"_device_contains_power_supply":["no"],"_device_charging_supports_usb_pd":["no"],"_device_charging_watt_min":["0"],"_device_charging_watt_max":["0"],"_nickx_video_text_url":["a:1:{i:0;s:0:\"\";}"],"_nickx_product_video_type":["a:1:{i:0;s:23:\"nickx_video_url_youtube\";}"],"_nickx_product_video_thumb_ids":["a:1:{i:0;s:0:\"\";}"],"rank_math_primary_product_brand":["1584"],"_product_reserve_till_field":[""],"similar_product_key":["1765360600"],"_sku":["P5-1052-K"],"_edit_lock":["1770227740:4"],"_edit_last":["4"],"sib_push_meta_box_present":["1"],"sib_push_send_notification":["0"],"sib_push_send_notification_delay_seconds":["0"],"sib_push_target_segment_ids":["@ALL"],"_is_non_alcoholic":["no"],"_mid_code":[""],"_ship_separately_via":[""],"_shipping_weight":[""],"_ame_cpe_post_policy":["{\"accessProtection\":{\"active\":\"replace\"}}"],"_gdrive_field":["https:\/\/drive.google.com\/drive\/u\/1\/folders\/1W4fOjOXBGCTHX0ZU74zwz36CTtONNMBA"],"_entrupy_echtheitszertifikat":["yes"],"_wcml_average_rating":[null],"_wcml_review_count":[null],"_wcml_rating_count":[null],"astra-migrate-meta-layouts":["set"],"rank_math_analytic_object_id":["155"],"_uag_page_assets":["a:9:{s:3:\"css\";s:0:\"\";s:2:\"js\";s:0:\"\";s:18:\"current_block_list\";a:6:{i:0;s:26:\"woocommerce\/filter-wrapper\";i:1;s:24:\"woocommerce\/price-filter\";i:2;s:30:\"woocommerce\/product-categories\";i:3;s:14:\"core\/paragraph\";i:4;s:14:\"core\/shortcode\";i:5;s:11:\"core\/search\";}s:8:\"uag_flag\";b:0;s:11:\"uag_version\";s:10:\"1775471992\";s:6:\"gfonts\";a:0:{}s:10:\"gfonts_url\";s:0:\"\";s:12:\"gfonts_files\";a:0:{}s:14:\"uag_faq_layout\";b:0;}"],"_wc_rating_count":[""]},"uagb_featured_image_src":{"full":["https:\/\/ilovehandbags.com\/wp-content\/uploads\/sites\/3\/Louis-Vuitton-Lockmini-Geldboerse-1052-05.jpg",2048,1536,false],"thumbnail":["https:\/\/ilovehandbags.com\/wp-content\/uploads\/sites\/3\/Louis-Vuitton-Lockmini-Geldboerse-1052-05-150x150.jpg",150,150,true],"medium":["https:\/\/ilovehandbags.com\/wp-content\/uploads\/sites\/3\/Louis-Vuitton-Lockmini-Geldboerse-1052-05-300x300.jpg",300,300,true],"medium_large":["https:\/\/ilovehandbags.com\/wp-content\/uploads\/sites\/3\/Louis-Vuitton-Lockmini-Geldboerse-1052-05-768x768.jpg",768,768,true],"large":["https:\/\/ilovehandbags.com\/wp-content\/uploads\/sites\/3\/Louis-Vuitton-Lockmini-Geldboerse-1052-05-1024x1024.jpg",1024,1024,true],"1536x1536":["https:\/\/ilovehandbags.com\/wp-content\/uploads\/sites\/3\/Louis-Vuitton-Lockmini-Geldboerse-1052-05.jpg",1536,1152,false],"2048x2048":["https:\/\/ilovehandbags.com\/wp-content\/uploads\/sites\/3\/Louis-Vuitton-Lockmini-Geldboerse-1052-05.jpg",2048,1536,false],"woocommerce_thumbnail":["https:\/\/ilovehandbags.com\/wp-content\/uploads\/sites\/3\/Louis-Vuitton-Lockmini-Geldboerse-1052-05-500x500.jpg",500,500,true],"woocommerce_single":["https:\/\/ilovehandbags.com\/wp-content\/uploads\/sites\/3\/Louis-Vuitton-Lockmini-Geldboerse-1052-05-500x500.jpg",500,500,true],"woocommerce_gallery_thumbnail":["https:\/\/ilovehandbags.com\/wp-content\/uploads\/sites\/3\/Louis-Vuitton-Lockmini-Geldboerse-1052-05-100x100.jpg",100,100,true]},"uagb_author_info":{"display_name":"ILoveHandbags","author_link":"https:\/\/ilovehandbags.com\/de\/author\/"},"uagb_comment_info":0,"uagb_excerpt":"Die Louis Vuitton Lockmini Geldb\u00f6rse ist das kompakteste Portemonnaie, das Louis Vuitton je entworfen hat \u2013 perfekt f\u00fcr alle, die Wert auf stilvolle Minimalit\u00e4t und maximale Funktionalit\u00e4t legen. Dank ihrer \u00e4u\u00dferst handlichen Gr\u00f6\u00dfe passt sie m\u00fchelos in kleine Handtaschen, Clutches oder sogar in die Hosentasche, ohne aufzutragen. Gefertigt aus weichem, hochwertigem Kalbsleder, \u00fcberzeugt die Lockmini&hellip;","_links":{"self":[{"href":"https:\/\/ilovehandbags.com\/de\/wp-json\/wp\/v2\/product\/72602","targetHints":{"allow":["GET"]}}],"collection":[{"href":"https:\/\/ilovehandbags.com\/de\/wp-json\/wp\/v2\/product"}],"about":[{"href":"https:\/\/ilovehandbags.com\/de\/wp-json\/wp\/v2\/types\/product"}],"wp:featuredmedia":[{"embeddable":true,"href":"https:\/\/ilovehandbags.com\/de\/wp-json\/wp\/v2\/media\/72611"}],"wp:attachment":[{"href":"https:\/\/ilovehandbags.com\/de\/wp-json\/wp\/v2\/media?parent=72602"}],"wp:term":[{"taxonomy":"product_brand","embeddable":true,"href":"https:\/\/ilovehandbags.com\/de\/wp-json\/wp\/v2\/product_brand?post=72602"},{"taxonomy":"product_cat","embeddable":true,"href":"https:\/\/ilovehandbags.com\/de\/wp-json\/wp\/v2\/product_cat?post=72602"},{"taxonomy":"product_tag","embeddable":true,"href":"https:\/\/ilovehandbags.com\/de\/wp-json\/wp\/v2\/product_tag?post=72602"}],"curies":[{"name":"wp","href":"https:\/\/api.w.org\/{rel}","templated":true}]}}