{"id":73376,"date":"2025-12-29T16:30:39","date_gmt":"2025-12-29T15:30:39","guid":{"rendered":"https:\/\/ilovehandbags.com\/?post_type=product&#038;p=73376"},"modified":"2025-12-30T14:33:59","modified_gmt":"2025-12-30T13:33:59","slug":"louis-vuitton-stylo-agenda-ballpoint-pen-silber","status":"publish","type":"product","link":"https:\/\/ilovehandbags.com\/de\/louis-vuitton-stylo-agenda-ballpoint-pen-silber\/","title":{"rendered":"Louis Vuitton Stylo Agenda Ballpoint Pen Silber"},"content":{"rendered":"","protected":false},"excerpt":{"rendered":"<div class=\"flex-shrink-0 flex flex-col relative items-end\">\n<div class=\"pt-0\">\n<div class=\"gizmo-bot-avatar flex h-8 w-8 items-center justify-center overflow-hidden rounded-full\">\n<div class=\"relative p-1 rounded-sm flex items-center justify-center bg-token-main-surface-primary text-token-text-primary h-8 w-8\">\n<p data-start=\"201\" data-end=\"500\">Der Louis Vuitton Stylo Agenda Ballpoint Pen in edlem Silber vereint luxuri\u00f6ses Design mit h\u00f6chster Funktionalit\u00e4t. Als stilvoller Begleiter f\u00fcr deine Louis Vuitton Agenda oder andere Notizb\u00fccher ist dieser Kugelschreiber die perfekte Erg\u00e4nzung f\u00fcr alle, die Wert auf Eleganz und Exklusivit\u00e4t legen. Gefertigt aus hochwertigen Materialien und veredelt mit der typischen Louis Vuitton Handschrift, \u00fcberzeugt der Kugelschreiber durch seine schlanke Silhouette und die pr\u00e4zise Schreibqualit\u00e4t. Das elegante Silberfinish macht ihn zu einem dezenten, aber unverkennbaren Accessoire, das Professionalit\u00e4t und Stilbewusstsein unterstreicht. Ob im Alltag, im Business-Meeting oder unterwegs \u2013 mit dem Louis Vuitton Stylo Agenda Ballpoint Pen setzt du bei jeder Notiz ein Statement. Ein luxuri\u00f6ses Schreibger\u00e4t, das Funktionalit\u00e4t und \u00c4sthetik perfekt verbindet und dein Schreib-Erlebnis auf ein neues Level hebt.<\/p>\n<\/div>\n<\/div>\n<\/div>\n<\/div>\n","protected":false},"featured_media":67983,"template":"","meta":{"_uag_custom_page_level_css":"","site-sidebar-layout":"default","site-content-layout":"default","ast-site-content-layout":"default","site-content-style":"default","site-sidebar-style":"default","ast-global-header-display":"","ast-banner-title-visibility":"","ast-main-header-display":"","ast-hfb-above-header-display":"","ast-hfb-below-header-display":"","ast-hfb-mobile-header-display":"","site-post-title":"","ast-breadcrumbs-content":"","ast-featured-img":"","footer-sml-layout":"","ast-disable-related-posts":"","theme-transparent-header-meta":"default","adv-header-id-meta":"","stick-header-meta":"default","header-above-stick-meta":"","header-main-stick-meta":"","header-below-stick-meta":"","astra-migrate-meta-layouts":"set","ast-page-background-enabled":"default","ast-page-background-meta":{"desktop":{"background-color":"var(--ast-global-color-4)","background-image":"","background-repeat":"repeat","background-position":"center center","background-size":"auto","background-attachment":"scroll","background-type":"","background-media":"","overlay-type":"","overlay-color":"","overlay-opacity":"","overlay-gradient":""},"tablet":{"background-color":"","background-image":"","background-repeat":"repeat","background-position":"center center","background-size":"auto","background-attachment":"scroll","background-type":"","background-media":"","overlay-type":"","overlay-color":"","overlay-opacity":"","overlay-gradient":""},"mobile":{"background-color":"","background-image":"","background-repeat":"repeat","background-position":"center center","background-size":"auto","background-attachment":"scroll","background-type":"","background-media":"","overlay-type":"","overlay-color":"","overlay-opacity":"","overlay-gradient":""}},"ast-content-background-meta":{"desktop":{"background-color":"var(--ast-global-color-5)","background-image":"","background-repeat":"repeat","background-position":"center center","background-size":"auto","background-attachment":"scroll","background-type":"","background-media":"","overlay-type":"","overlay-color":"","overlay-opacity":"","overlay-gradient":""},"tablet":{"background-color":"var(--ast-global-color-5)","background-image":"","background-repeat":"repeat","background-position":"center center","background-size":"auto","background-attachment":"scroll","background-type":"","background-media":"","overlay-type":"","overlay-color":"","overlay-opacity":"","overlay-gradient":""},"mobile":{"background-color":"var(--ast-global-color-5)","background-image":"","background-repeat":"repeat","background-position":"center center","background-size":"auto","background-attachment":"scroll","background-type":"","background-media":"","overlay-type":"","overlay-color":"","overlay-opacity":"","overlay-gradient":""}},"_glsr_average":0,"_glsr_ranking":0,"_glsr_reviews":0},"product_brand":[1584],"product_cat":[239,541,516,206],"product_tag":[214,1898,1899],"class_list":{"0":"post-73376","1":"product","2":"type-product","3":"status-publish","4":"has-post-thumbnail","6":"product_brand-louis-vuitton","7":"product_cat-louis-vuitton","8":"product_cat-herren","9":"product_cat-neu-im-shop","10":"product_cat-zubehoer","11":"product_tag-louis-vuitton","12":"product_tag-louis-vuitton-ballpoint","13":"product_tag-louis-vuitton-kugelschreiber","14":"desktop-align-left","15":"tablet-align-left","16":"mobile-align-left","17":"ast-product-gallery-layout-first-image-large","18":"ast-magnify-disabled","19":"ast-product-tabs-layout-accordion","21":"first","22":"instock","23":"sold-individually","24":"taxable","25":"shipping-taxable","26":"purchasable","27":"product-type-simple"},"spectra_custom_meta":{"copied_media_ids":["a:0:{}","a:0:{}","a:0:{}"],"referenced_media_ids":["a:5:{i:0;i:67983;i:1;i:67981;i:2;i:67980;i:3;i:67982;i:4;i:67984;}","a:5:{i:0;i:67983;i:1;i:67981;i:2;i:67980;i:3;i:67982;i:4;i:67984;}","a:5:{i:0;i:67983;i:1;i:67981;i:2;i:67980;i:3;i:67982;i:4;i:67984;}"],"_sku":["P5-0939-3"],"_regular_price":["110"],"total_sales":["0"],"_tax_status":["taxable"],"_tax_class":[""],"_manage_stock":["yes"],"_backorders":["no"],"_sold_individually":["yes"],"_virtual":["no"],"_downloadable":["no"],"_product_image_gallery":["67981,67980,67982,67984"],"_download_limit":["-1"],"_download_expiry":["-1"],"_thumbnail_id":["67983"],"_stock":["1"],"_stock_status":["instock"],"_wc_average_rating":[0],"_wc_review_count":["0"],"_product_attributes":["a:3:{s:8:\"pa_brand\";a:7:{s:4:\"name\";s:8:\"pa_brand\";s:5:\"value\";s:0:\"\";s:8:\"position\";i:1;s:10:\"is_visible\";i:0;s:12:\"is_variation\";i:1;s:11:\"is_taxonomy\";i:1;s:16:\"checkout_visible\";i:0;}s:8:\"pa_color\";a:7:{s:4:\"name\";s:8:\"pa_color\";s:5:\"value\";s:0:\"\";s:8:\"position\";i:2;s:10:\"is_visible\";i:0;s:12:\"is_variation\";i:1;s:11:\"is_taxonomy\";i:1;s:16:\"checkout_visible\";i:0;}s:9:\"pa_gender\";a:7:{s:4:\"name\";s:9:\"pa_gender\";s:5:\"value\";s:0:\"\";s:8:\"position\";i:3;s:10:\"is_visible\";i:0;s:12:\"is_variation\";i:1;s:11:\"is_taxonomy\";i:1;s:16:\"checkout_visible\";i:0;}}"],"_product_version":["10.4.3"],"_price":["110"],"_wpml_media_featured":["1","1","1","1","1","1"],"_wpml_media_duplicate":["1","1","1","1","1","1"],"_wpml_word_count":["169"],"_wpml_location_migration_done":["1"],"_fusion":["a:3:{s:17:\"slider_visibility\";s:51:\"small-visibility,medium-visibility,large-visibility\";s:11:\"slider_type\";s:2:\"no\";s:9:\"wooslider\";s:1:\"0\";}"],"rank_math_seo_score":["70"],"rank_math_focus_keyword":["louis vuitton"],"_purchase_price_field":["36,02"],"_internal_warehouse_number_field":["P5-0939-3"],"_unit":[""],"_unit_base":[""],"_unit_product":[""],"_unit_price_auto":["no"],"_unit_price_regular":[""],"_unit_price":[""],"_unit_price_sale":[""],"_sale_price_label":[""],"_sale_price_regular_label":[""],"_mini_desc":["Louis Vuitton Stylo Agenda Ballpoint Pen Silber"],"_defect_description":[""],"_allergen_ids":["a:0:{}"],"_warranty_attachment_id":[""],"_min_age":[""],"_ts_gtin":[""],"_ts_mpn":[""],"_delivery_time_countries":["a:0:{}"],"_free_shipping":["no"],"_service":["no"],"_photovoltaic_system":["no"],"_used_good":["yes"],"_defective_copy":["no"],"_is_food":["no"],"_differential_taxation":["no"],"_gzd_version":["3.20.4"],"_hs_code":[""],"_manufacture_country":[""],"_rank_math_gtin_code":[""],"_fusion_google_fonts":[""],"fusion_builder_status":["active"],"rank_math_primary_product_cat":["239"],"_wcml_custom_prices_status":["0"],"avada_post_views_count":["55"],"avada_today_post_views_count":["1"],"avada_post_views_count_today_date":["07-04-2023"],"yikes_woo_products_tabs":["a:2:{i:0;a:3:{s:5:\"title\";s:21:\"Weitere Informationen\";s:2:\"id\";s:21:\"weitere-informationen\";s:7:\"content\";s:280:\"<strong>Material: <\/strong>Metall\r\n<strong>L\u00e4nge: <\/strong>ca. 11 cm\r\n<strong style=\"font-size: 16px;\">Lieferumfang:<\/strong><span style=\"font-size: 16px;\"> I Love Handbags Staubbeutel. Die abgebildte Agenda geh\u00f6rt nicht um Lieferumfang und dient zur Veranschaulichung.\u00a0<\/span>\";}i:1;a:3:{s:5:\"title\";s:7:\"Zustand\";s:2:\"id\";s:7:\"zustand\";s:7:\"content\";s:272:\"<strong>Gesamtzustand: <\/strong>Sehr gut\r\n<strong data-start=\"371\" data-end=\"393\">Metalloberfl\u00e4che:<\/strong> Leichte Gebrauchsspuren, insgesamt gepflegter Eindruck\r\n<strong data-start=\"453\" data-end=\"476\">Kugelschreibermine:<\/strong> Vorhanden, schreibt jedoch nicht mehr\";}}"],"_deposit_type":[""],"_nutrient_ids":["a:0:{}"],"_nutrient_reference_value":["100g"],"_ingredients":[""],"_nutri_score":[""],"_alcohol_content":[""],"_drained_weight":[""],"_net_filling_quantity":[""],"_food_distributor":[""],"_food_description":[""],"_food_place_of_origin":[""],"_deposit_quantity":[""],"site-sidebar-layout":["default"],"site-content-layout":["default"],"theme-transparent-header-meta":["default"],"stick-header-meta":["default"],"_pys_conversion_label_settings":["a:3:{s:6:\"enable\";b:0;s:5:\"label\";s:0:\"\";s:2:\"id\";s:14:\"AW-11184563350\";}"],"_pys_super_pack_cpt_url":[""],"_pys_super_pack_cpt_condition":["only"],"_pys_super_pack_cpt_cart":["hidden"],"_woosea_brand":[""],"_woosea_mpn":[""],"_woosea_upc":[""],"_woosea_ean":[""],"_woosea_gtin":[""],"_woosea_color":[""],"_woosea_size":[""],"_woosea_gender":[""],"_woosea_material":[""],"_woosea_pattern":[""],"_woosea_optimized_title":[""],"_woosea_unit_pricing_measure":[""],"_woosea_unit_pricing_base_measure":[""],"_woosea_condition":[""],"_woosea_age_group":["adult"],"_woosea_installment_months":[""],"_woosea_installment_amount":[""],"_woosea_exclude_product":["no"],"_woosea_cost_of_good_sold":[""],"_woosea_multipack":[""],"_woosea_is_bundle":[""],"_woosea_energy_efficiency_class":[""],"_woosea_min_energy_efficiency_class":[""],"_woosea_max_energy_efficiency_class":[""],"_woosea_is_promotion":[""],"_woosea_custom_field_0":[""],"_woosea_custom_field_1":[""],"_woosea_custom_field_2":[""],"_woosea_custom_field_3":[""],"_woosea_custom_field_4":[""],"_pys_head_footer":["a:7:{s:14:\"disable_global\";b:0;s:8:\"head_any\";s:0:\"\";s:12:\"head_desktop\";s:0:\"\";s:11:\"head_mobile\";s:0:\"\";s:10:\"footer_any\";s:0:\"\";s:14:\"footer_desktop\";s:0:\"\";s:13:\"footer_mobile\";s:0:\"\";}"],"_customs_description":[""],"_is_non_returnable":["no"],"_wpml_media_has_media":["1"],"ast-site-content-layout":["default"],"site-content-style":["default"],"site-sidebar-style":["default"],"litespeed_vpi_list_mobile":["a:2:{i:0;s:8:\"logo.png\";i:1;s:78:\"Louis-Vuitton-Schluesseletui-Monogram-Vorderseite-2023-0328-scaled-500x500.jpg\";}"],"litespeed_vpi_list":["a:4:{i:0;s:8:\"logo.png\";i:1;s:6:\"de.png\";i:2;s:78:\"Louis-Vuitton-Schluesseletui-Monogram-Vorderseite-2023-0328-scaled-500x500.jpg\";i:3;s:35:\"three-o-clock-clock-svgrepo-com.svg\";}"],"_internal_date_code":["CA0032"],"_internal_product_origin":["Frankreich"],"_product_rating":["A"],"_not_in_inventory_checkbox":[""],"_shipping_length":[""],"_shipping_width":[""],"_shipping_height":[""],"_custom_html_content":[""],"_customer_view":["17"],"_custom_view_last_updated":["2026-04-03 11:55:14"],"_wpml_post_translation_editor_native":["no"],"_wp_old_date":["2024-05-31","2024-06-28","2025-12-31"],"_zettle_product_cat_id":[""],"_product_shipping_weight":["1kg"],"_manufacturer_slug":["lvmh-moet-hennessy-louis-vuitton-se"],"_safety_attachment_ids":["a:0:{}"],"woocommerce_izettle_product_uuid":["0ee2615a-60a6-11f0-8991-353536383939"],"woocommerce_izettle_variant_uuid":["eb81c316-8bb4-11ef-9e01-353536383939"],"_izettle_updated":["1752904809"],"_izettle_barcode":[""],"_izettle_nosync":[""],"_izettle_cost_price":[""],"_izettle_special_price":[""],"_izettle_product_name":[""],"_nickx_video_text_url":["a:1:{i:0;s:0:\"\";}"],"_nickx_product_video_type":["a:1:{i:0;s:23:\"nickx_video_url_youtube\";}"],"_nickx_product_video_thumb_ids":["a:1:{i:0;s:0:\"\";}"],"rank_math_title":["Louis Vuitton Stylos Etui: Stilvoller Schutz f\u00fcr Brillen"],"rank_math_description":["Entdecke das Louis Vuitton Brillenetui aus Monogram Canvas. Elegantes Design und Funktionalit\u00e4t f\u00fcr modebewusste Schn\u00e4ppchenj\u00e4ger."],"_product_available_from_field":["2026-01-02T19:00"],"_safety_instructions":[""],"_wireless_electronic_device":["no"],"_device_contains_power_supply":["no"],"_device_charging_supports_usb_pd":["no"],"_device_charging_watt_min":["0"],"_device_charging_watt_max":["0"],"similar_product_key":["1742377744"],"rank_math_primary_product_brand":["0"],"_product_reserve_till_field":[""],"_default_delivery_time":[""],"sib_push_meta_box_present":["1"],"sib_push_send_notification":["0"],"sib_push_target_segment_ids":["@ALL"],"_ame_cpe_post_policy":["{\"accessProtection\":{\"active\":\"replace\"}}"],"_izettle_image_lookup_key":["3kyncy1cEe-udXp3qLWasA-Dt-TI2CmEfCpWyviqqr3MQ"],"_ship_separately_via":[""],"_gdrive_field":["https:\/\/drive.google.com\/drive\/u\/1\/folders\/1HFTALx4yhLwfDwzJFij_RwYWutAGr6M8"],"_zettle_barcode":[""],"sib_push_send_notification_delay_seconds":["0"],"_is_non_alcoholic":["no"],"_mid_code":[""],"_shipping_weight":[""],"_edit_lock":["1767101559:4"],"_edit_last":["4"],"_entrupy_echtheitszertifikat":[""],"_wcml_average_rating":[null],"_wcml_review_count":[null],"_wcml_rating_count":[null],"astra-migrate-meta-layouts":["set"],"rank_math_analytic_object_id":["116"],"_uag_page_assets":["a:9:{s:3:\"css\";s:0:\"\";s:2:\"js\";s:0:\"\";s:18:\"current_block_list\";a:6:{i:0;s:26:\"woocommerce\/filter-wrapper\";i:1;s:24:\"woocommerce\/price-filter\";i:2;s:30:\"woocommerce\/product-categories\";i:3;s:14:\"core\/paragraph\";i:4;s:14:\"core\/shortcode\";i:5;s:11:\"core\/search\";}s:8:\"uag_flag\";b:0;s:11:\"uag_version\";s:10:\"1775349914\";s:6:\"gfonts\";a:0:{}s:10:\"gfonts_url\";s:0:\"\";s:12:\"gfonts_files\";a:0:{}s:14:\"uag_faq_layout\";b:0;}"],"_wc_rating_count":[""]},"uagb_featured_image_src":{"full":["https:\/\/ilovehandbags.com\/wp-content\/uploads\/sites\/3\/Louis-Vuitton-Agenda-Ballpoint-Pen-0939-02.png",2000,1500,false],"thumbnail":["https:\/\/ilovehandbags.com\/wp-content\/uploads\/sites\/3\/Louis-Vuitton-Agenda-Ballpoint-Pen-0939-02-150x150.png.jpg",150,150,true],"medium":["https:\/\/ilovehandbags.com\/wp-content\/uploads\/sites\/3\/Louis-Vuitton-Agenda-Ballpoint-Pen-0939-02-300x300.png.jpg",300,300,true],"medium_large":["https:\/\/ilovehandbags.com\/wp-content\/uploads\/sites\/3\/Louis-Vuitton-Agenda-Ballpoint-Pen-0939-02-768x768.png.jpg",768,768,true],"large":["https:\/\/ilovehandbags.com\/wp-content\/uploads\/sites\/3\/Louis-Vuitton-Agenda-Ballpoint-Pen-0939-02-1024x1024.png.jpg",1024,1024,true],"1536x1536":["https:\/\/ilovehandbags.com\/wp-content\/uploads\/sites\/3\/Louis-Vuitton-Agenda-Ballpoint-Pen-0939-02.png",1536,1152,false],"2048x2048":["https:\/\/ilovehandbags.com\/wp-content\/uploads\/sites\/3\/Louis-Vuitton-Agenda-Ballpoint-Pen-0939-02.png",2000,1500,false],"woocommerce_thumbnail":["https:\/\/ilovehandbags.com\/wp-content\/uploads\/sites\/3\/Louis-Vuitton-Agenda-Ballpoint-Pen-0939-02-500x500.png.jpg",500,500,true],"woocommerce_single":["https:\/\/ilovehandbags.com\/wp-content\/uploads\/sites\/3\/Louis-Vuitton-Agenda-Ballpoint-Pen-0939-02-500x500.png.jpg",500,500,true],"woocommerce_gallery_thumbnail":["https:\/\/ilovehandbags.com\/wp-content\/uploads\/sites\/3\/Louis-Vuitton-Agenda-Ballpoint-Pen-0939-02-100x100.png.jpg",100,100,true]},"uagb_author_info":{"display_name":"ILoveHandbags","author_link":"https:\/\/ilovehandbags.com\/de\/author\/"},"uagb_comment_info":0,"uagb_excerpt":"Der Louis Vuitton Stylo Agenda Ballpoint Pen in edlem Silber vereint luxuri\u00f6ses Design mit h\u00f6chster Funktionalit\u00e4t. Als stilvoller Begleiter f\u00fcr deine Louis Vuitton Agenda oder andere Notizb\u00fccher ist dieser Kugelschreiber die perfekte Erg\u00e4nzung f\u00fcr alle, die Wert auf Eleganz und Exklusivit\u00e4t legen. Gefertigt aus hochwertigen Materialien und veredelt mit der typischen Louis Vuitton Handschrift, \u00fcberzeugt&hellip;","_links":{"self":[{"href":"https:\/\/ilovehandbags.com\/de\/wp-json\/wp\/v2\/product\/73376","targetHints":{"allow":["GET"]}}],"collection":[{"href":"https:\/\/ilovehandbags.com\/de\/wp-json\/wp\/v2\/product"}],"about":[{"href":"https:\/\/ilovehandbags.com\/de\/wp-json\/wp\/v2\/types\/product"}],"wp:featuredmedia":[{"embeddable":true,"href":"https:\/\/ilovehandbags.com\/de\/wp-json\/wp\/v2\/media\/67983"}],"wp:attachment":[{"href":"https:\/\/ilovehandbags.com\/de\/wp-json\/wp\/v2\/media?parent=73376"}],"wp:term":[{"taxonomy":"product_brand","embeddable":true,"href":"https:\/\/ilovehandbags.com\/de\/wp-json\/wp\/v2\/product_brand?post=73376"},{"taxonomy":"product_cat","embeddable":true,"href":"https:\/\/ilovehandbags.com\/de\/wp-json\/wp\/v2\/product_cat?post=73376"},{"taxonomy":"product_tag","embeddable":true,"href":"https:\/\/ilovehandbags.com\/de\/wp-json\/wp\/v2\/product_tag?post=73376"}],"curies":[{"name":"wp","href":"https:\/\/api.w.org\/{rel}","templated":true}]}}