{"id":74541,"date":"2026-01-21T09:34:52","date_gmt":"2026-01-21T08:34:52","guid":{"rendered":"https:\/\/ilovehandbags.com\/?post_type=product&#038;p=74541"},"modified":"2026-03-31T14:29:12","modified_gmt":"2026-03-31T12:29:12","slug":"chanel-boy-wallet-on-chain-woc-1097","status":"publish","type":"product","link":"https:\/\/ilovehandbags.com\/de\/chanel-boy-wallet-on-chain-woc-1097\/","title":{"rendered":"Chanel Boy Wallet on Chain WOC"},"content":{"rendered":"","protected":false},"excerpt":{"rendered":"<p data-start=\"232\" data-end=\"636\">Die Chanel Boy Wallet on Chain in schwarzem Lammleder mit Ruthenium Hardware vereint ikonisches Design mit moderner Eleganz und ist eines der begehrtesten Signature-Modelle des Hauses Chanel. Das fein genarbte, weich schimmernde Lammleder verleiht der Tasche eine au\u00dfergew\u00f6hnlich luxuri\u00f6se Haptik, w\u00e4hrend die markante, leicht k\u00fchle Ruthenium-Hardware einen zeitgem\u00e4\u00dfen, urbanen Akzent setzt. Ihr charakteristisches Boy-Design mit dem grafischen Kantendetail macht dieses Modell zu einem Statement-Piece, das gleichzeitig unglaublich vielseitig ist. Trotz der kompakten Gr\u00f6\u00dfe bietet die Wallet on Chain durch das durchdachte Innenlayout \u00fcberraschend viel Platz f\u00fcr deine Essentials \u2013 inklusive Kartenf\u00e4chern und einem Hauptfach, in dem Smartphone, Schl\u00fcssel und kleine Alltagsbegleiter problemlos Platz finden. Dank der eleganten, leichten Kette kannst du die Tasche flexibel \u00fcber der Schulter oder crossbody tragen \u2013 ideal f\u00fcr den Tag, den Abend und besondere Anl\u00e4sse. Der Mix aus weichem Lammleder, strukturierter Verarbeitung und mattem Ruthenium-Finish macht diese Boy WOC zu einer perfekten Wahl f\u00fcr alle, die klassische Chanel-DNA mit einem modernen, selbstbewussten Touch verbinden m\u00f6chten.<\/p>\n","protected":false},"featured_media":74554,"template":"","meta":{"_uag_custom_page_level_css":"","site-sidebar-layout":"default","site-content-layout":"default","ast-site-content-layout":"default","site-content-style":"default","site-sidebar-style":"default","ast-global-header-display":"","ast-banner-title-visibility":"","ast-main-header-display":"","ast-hfb-above-header-display":"","ast-hfb-below-header-display":"","ast-hfb-mobile-header-display":"","site-post-title":"","ast-breadcrumbs-content":"","ast-featured-img":"","footer-sml-layout":"","ast-disable-related-posts":"","theme-transparent-header-meta":"default","adv-header-id-meta":"","stick-header-meta":"default","header-above-stick-meta":"","header-main-stick-meta":"","header-below-stick-meta":"","astra-migrate-meta-layouts":"set","ast-page-background-enabled":"default","ast-page-background-meta":{"desktop":{"background-color":"var(--ast-global-color-4)","background-image":"","background-repeat":"repeat","background-position":"center center","background-size":"auto","background-attachment":"scroll","background-type":"","background-media":"","overlay-type":"","overlay-color":"","overlay-opacity":"","overlay-gradient":""},"tablet":{"background-color":"","background-image":"","background-repeat":"repeat","background-position":"center center","background-size":"auto","background-attachment":"scroll","background-type":"","background-media":"","overlay-type":"","overlay-color":"","overlay-opacity":"","overlay-gradient":""},"mobile":{"background-color":"","background-image":"","background-repeat":"repeat","background-position":"center center","background-size":"auto","background-attachment":"scroll","background-type":"","background-media":"","overlay-type":"","overlay-color":"","overlay-opacity":"","overlay-gradient":""}},"ast-content-background-meta":{"desktop":{"background-color":"var(--ast-global-color-5)","background-image":"","background-repeat":"repeat","background-position":"center center","background-size":"auto","background-attachment":"scroll","background-type":"","background-media":"","overlay-type":"","overlay-color":"","overlay-opacity":"","overlay-gradient":""},"tablet":{"background-color":"var(--ast-global-color-5)","background-image":"","background-repeat":"repeat","background-position":"center center","background-size":"auto","background-attachment":"scroll","background-type":"","background-media":"","overlay-type":"","overlay-color":"","overlay-opacity":"","overlay-gradient":""},"mobile":{"background-color":"var(--ast-global-color-5)","background-image":"","background-repeat":"repeat","background-position":"center center","background-size":"auto","background-attachment":"scroll","background-type":"","background-media":"","overlay-type":"","overlay-color":"","overlay-opacity":"","overlay-gradient":""}},"_glsr_average":0,"_glsr_ranking":0,"_glsr_reviews":0},"product_brand":[1593],"product_cat":[235,208,242,447,204,449],"product_tag":[325,327,326],"class_list":{"0":"post-74541","1":"product","2":"type-product","3":"status-publish","4":"has-post-thumbnail","6":"product_brand-chanel","7":"product_cat-chanel","8":"product_cat-handtaschen","9":"product_cat-kleine-taschen","10":"product_cat-sale","11":"product_cat-umhaengetaschen","12":"product_cat-bald-wieder-da","13":"product_tag-chanel","14":"product_tag-chanel-wallet-on-chain","15":"product_tag-chanel-woc","16":"desktop-align-left","17":"tablet-align-left","18":"mobile-align-left","19":"ast-product-gallery-layout-first-image-large","20":"ast-magnify-disabled","21":"ast-product-tabs-layout-accordion","23":"first","24":"outofstock","25":"sale","26":"sold-individually","27":"purchasable","28":"product-type-simple"},"spectra_custom_meta":{"copied_media_ids":["a:0:{}","a:0:{}"],"referenced_media_ids":["a:14:{i:0;i:74554;i:1;i:74559;i:2;i:74544;i:3;i:74549;i:4;i:74543;i:5;i:74548;i:6;i:74545;i:7;i:74547;i:8;i:74551;i:9;i:74546;i:10;i:74556;i:11;i:74550;i:12;i:74552;i:13;i:74555;}","a:14:{i:0;i:74554;i:1;i:74559;i:2;i:74544;i:3;i:74549;i:4;i:74543;i:5;i:74548;i:6;i:74545;i:7;i:74547;i:8;i:74551;i:9;i:74546;i:10;i:74556;i:11;i:74550;i:12;i:74552;i:13;i:74555;}"],"_regular_price":["2290"],"total_sales":["1"],"_tax_status":["none"],"_tax_class":[""],"_manage_stock":["yes"],"_backorders":["no"],"_sold_individually":["yes"],"_crosssell_ids":["a:1:{i:0;i:23129;}"],"_virtual":["no"],"_downloadable":["no"],"_product_image_gallery":["74559,74544,74549,74543,74548,74545,74547,74551,74546,74556,74550,74552,74555"],"_download_limit":["-1"],"_download_expiry":["-1"],"_thumbnail_id":["74554"],"_stock":["0"],"_stock_status":["outofstock"],"_wc_average_rating":[0],"_wc_review_count":["0"],"_product_attributes":["a:3:{s:8:\"pa_brand\";a:7:{s:4:\"name\";s:8:\"pa_brand\";s:5:\"value\";s:0:\"\";s:8:\"position\";i:0;s:10:\"is_visible\";i:0;s:12:\"is_variation\";i:1;s:11:\"is_taxonomy\";i:1;s:16:\"checkout_visible\";i:0;}s:8:\"pa_color\";a:7:{s:4:\"name\";s:8:\"pa_color\";s:5:\"value\";s:0:\"\";s:8:\"position\";i:1;s:10:\"is_visible\";i:0;s:12:\"is_variation\";i:1;s:11:\"is_taxonomy\";i:1;s:16:\"checkout_visible\";i:0;}s:9:\"pa_gender\";a:7:{s:4:\"name\";s:9:\"pa_gender\";s:5:\"value\";s:0:\"\";s:8:\"position\";i:2;s:10:\"is_visible\";i:0;s:12:\"is_variation\";i:1;s:11:\"is_taxonomy\";i:1;s:16:\"checkout_visible\";i:0;}}"],"_product_version":["10.6.1"],"_price":["1990"],"_wpml_media_featured":["1","1","1","1"],"_wpml_media_duplicate":["1","1","1","1"],"_wpml_word_count":["217"],"_wpml_location_migration_done":["1"],"_fusion":["a:3:{s:17:\"slider_visibility\";s:51:\"small-visibility,medium-visibility,large-visibility\";s:11:\"slider_type\";s:2:\"no\";s:9:\"wooslider\";s:1:\"0\";}"],"rank_math_seo_score":["83"],"rank_math_focus_keyword":["chanel"],"_purchase_price_field":["1490"],"_internal_warehouse_number_field":["P6-1097"],"_unit":[""],"_unit_base":[""],"_unit_product":[""],"_unit_price_auto":["no"],"_unit_price_regular":[""],"_unit_price":[""],"_unit_price_sale":[""],"_sale_price_label":[""],"_sale_price_regular_label":[""],"_mini_desc":["Chanel Boy Wallet on Chain WOC"],"_defect_description":[""],"_allergen_ids":["a:0:{}"],"_warranty_attachment_id":[""],"_min_age":[""],"_ts_gtin":[""],"_ts_mpn":[""],"_delivery_time_countries":["a:0:{}"],"_free_shipping":["no"],"_service":["no"],"_photovoltaic_system":["no"],"_used_good":["yes"],"_defective_copy":["no"],"_is_food":["no"],"_differential_taxation":["yes"],"_gzd_version":["4.0.1"],"_hs_code":[""],"_manufacture_country":[""],"_rank_math_gtin_code":[""],"_fusion_google_fonts":[""],"fusion_builder_status":["active"],"rank_math_primary_product_cat":["235"],"_wcml_custom_prices_status":["0"],"avada_post_views_count":["50"],"avada_today_post_views_count":["3"],"avada_post_views_count_today_date":["12-04-2023"],"yikes_woo_products_tabs":["a:2:{i:0;a:3:{s:5:\"title\";s:21:\"Weitere Informationen\";s:2:\"id\";s:21:\"weitere-informationen\";s:7:\"content\";s:358:\"<strong>Material au\u00dfen: <\/strong>Schwarzes Lammleder mit rutheniumfarbener Metallhardware\r\n<strong>Material innen: <\/strong>Scharzer Textilstoff\r\n<strong>Ma\u00dfe: <\/strong>12 \u00d7 19 \u00d7 3,5 cm\r\n<strong>Herstellungsjahr: <\/strong>2014-15\r\n<strong>Lieferumfang:<\/strong> Chanel Box (leicht besch\u00e4digt), Staubbeutel, ID Karte und Base Shaper (kein Chanel Produkt)\";}i:1;a:3:{s:5:\"title\";s:7:\"Zustand\";s:2:\"id\";s:7:\"zustand\";s:7:\"content\";s:395:\"<strong>Gesamtzustand: <\/strong>Sehr gut\r\n<strong>Leder: <\/strong>Intakt mit vereinzelten leichten Gebrauchsspuren wie feinen Kratzern, leichtem Anrieb; im Innenbereich leichte Abdr\u00fccke von der Kette und dem Rei\u00dfverschluss\r\n<strong>Rei\u00dfverschluss: <\/strong>Schlie\u00dft einwandfrei und fl\u00fcssig\r\n<strong>Hardware: <\/strong>Leichte Gebrauchsspuren\r\n<strong>Innenraum: <\/strong>Sauber und gepflegt\";}}"],"_deposit_type":[""],"_nutrient_ids":["a:0:{}"],"_nutrient_reference_value":["100g"],"_ingredients":[""],"_nutri_score":[""],"_alcohol_content":[""],"_drained_weight":[""],"_net_filling_quantity":[""],"_food_distributor":[""],"_food_description":[""],"_food_place_of_origin":[""],"_deposit_quantity":[""],"site-sidebar-layout":["default"],"site-content-layout":["default"],"theme-transparent-header-meta":["default"],"stick-header-meta":["default"],"_default_delivery_time":[""],"_pys_conversion_label_settings":["a:3:{s:6:\"enable\";b:0;s:5:\"label\";s:0:\"\";s:2:\"id\";s:14:\"AW-11184563350\";}"],"_pys_super_pack_cpt_url":[""],"_pys_super_pack_cpt_condition":["only"],"_pys_super_pack_cpt_cart":["hidden"],"_woosea_brand":[""],"_woosea_mpn":[""],"_woosea_upc":[""],"_woosea_ean":[""],"_woosea_gtin":[""],"_woosea_color":[""],"_woosea_size":[""],"_woosea_gender":[""],"_woosea_material":[""],"_woosea_pattern":[""],"_woosea_optimized_title":[""],"_woosea_unit_pricing_measure":[""],"_woosea_unit_pricing_base_measure":[""],"_woosea_condition":[""],"_woosea_age_group":["adult"],"_woosea_installment_months":[""],"_woosea_installment_amount":[""],"_woosea_exclude_product":["no"],"_woosea_cost_of_good_sold":[""],"_woosea_multipack":[""],"_woosea_is_bundle":[""],"_woosea_energy_efficiency_class":[""],"_woosea_min_energy_efficiency_class":[""],"_woosea_max_energy_efficiency_class":[""],"_woosea_is_promotion":[""],"_woosea_custom_field_0":[""],"_woosea_custom_field_1":[""],"_woosea_custom_field_2":[""],"_woosea_custom_field_3":[""],"_woosea_custom_field_4":[""],"_pys_head_footer":["a:7:{s:14:\"disable_global\";b:0;s:8:\"head_any\";s:0:\"\";s:12:\"head_desktop\";s:0:\"\";s:11:\"head_mobile\";s:0:\"\";s:10:\"footer_any\";s:0:\"\";s:14:\"footer_desktop\";s:0:\"\";s:13:\"footer_mobile\";s:0:\"\";}"],"litespeed_vpi_list":["a:2:{i:0;s:8:\"logo.png\";i:1;s:60:\"Chanel-Woc-Caviar-schwarz-kette-2023-0082-scaled-500x500.jpg\";}"],"_customs_description":[""],"_wp_old_date":["2023-04-07","2023-06-01"],"_is_non_returnable":["no"],"_wpml_media_has_media":["1"],"litespeed_vpi_list_mobile":["a:2:{i:0;s:8:\"logo.png\";i:1;s:60:\"Chanel-Woc-Caviar-schwarz-kette-2023-0082-scaled-500x500.jpg\";}"],"_rank_math_video":["true"],"_product_shipping_weight":["1kg"],"_internal_date_code":["20084384"],"_internal_product_origin":["Italien"],"_product_rating":["A"],"_not_in_inventory_checkbox":[""],"_product_available_from_field":["2026-01-23T19:00"],"_manufacturer_slug":["chanel-s-a-s"],"_safety_attachment_ids":["a:0:{}"],"_zettle_product_cat_id":[""],"_shipping_length":[""],"_shipping_width":[""],"_shipping_height":[""],"_nickx_video_text_url":["a:1:{i:0;s:0:\"\";}"],"_nickx_product_video_type":["a:1:{i:0;s:23:\"nickx_video_url_youtube\";}"],"_nickx_product_video_thumb_ids":["a:1:{i:0;s:0:\"\";}"],"_custom_html_content":[""],"ast-site-content-layout":["default"],"site-content-style":["default"],"site-sidebar-style":["default"],"similar_product_key":["1746631395"],"_wpml_post_translation_editor_native":["no"],"sib_push_meta_box_present":["1"],"sib_push_send_notification":["0"],"sib_push_target_segment_ids":["@ALL"],"_safety_instructions":[""],"_wireless_electronic_device":["no"],"_device_contains_power_supply":["no"],"_device_charging_supports_usb_pd":["no"],"_device_charging_watt_min":["0"],"_device_charging_watt_max":["0"],"_izettle_barcode":[""],"_izettle_nosync":[""],"_izettle_cost_price":[""],"_izettle_special_price":[""],"_izettle_product_name":[""],"rank_math_primary_product_brand":["0"],"_ame_cpe_post_policy":["{\"accessProtection\":{\"active\":\"replace\"}}"],"_product_reserve_till_field":["2026-04-01T18:00"],"_izettle_image_lookup_key":["3kyncy1cEe-udXp3qLWasA-edkO6SvjEfCilrnB7CsT3A"],"woocommerce_izettle_product_uuid":["79dd7a78-2be3-11f0-9c8f-353536383939"],"woocommerce_izettle_variant_uuid":["79ddb628-2be3-11f0-80be-353536383939"],"_izettle_updated":["1746748823"],"_customer_view":["25"],"_custom_view_last_updated":["2026-03-31 14:13:47"],"_izettle_product_etag":["BF28D7AE1A91E7BA0DB3DF0DF2FE90B0"],"sib_push_send_notification_delay_seconds":["0"],"_is_non_alcoholic":["no"],"_ship_separately_via":[""],"_sku":["P6-1097"],"_edit_lock":["1774876814:4"],"_edit_last":["4"],"_entrupy_echtheitszertifikat":["yes"],"_mid_code":[""],"_shipping_weight":[""],"_gdrive_field":["https:\/\/drive.google.com\/drive\/u\/1\/folders\/1x3MhU-CdCe8_sF8kXlRmpHYkrCR_gym6"],"rank_math_analytic_object_id":["55"],"rank_math_internal_links_processed":["1"],"_sale_price":["1990"],"_custom_thumbnail":["a:1:{i:0;s:2:\"no\";}"],"_video_schema":["a:1:{i:0;s:2:\"no\";}"],"_nickx_video_upload_date":["a:1:{i:0;s:0:\"\";}"],"_nickx_video_name":["a:1:{i:0;s:0:\"\";}"],"_nickx_video_description":["a:1:{i:0;s:0:\"\";}"],"_product_reserve_add_cart_link_key":["tKfrxBkunHEQAMTpCZblqUYDySsXemGgOazRjovLFJNcwiPdVIhW1774872138"],"astra-migrate-meta-layouts":["set"],"_wcml_average_rating":[null],"_wcml_review_count":[null],"_wcml_rating_count":[null],"_uag_page_assets":["a:9:{s:3:\"css\";s:0:\"\";s:2:\"js\";s:0:\"\";s:18:\"current_block_list\";a:6:{i:0;s:26:\"woocommerce\/filter-wrapper\";i:1;s:24:\"woocommerce\/price-filter\";i:2;s:30:\"woocommerce\/product-categories\";i:3;s:14:\"core\/paragraph\";i:4;s:14:\"core\/shortcode\";i:5;s:11:\"core\/search\";}s:8:\"uag_flag\";b:0;s:11:\"uag_version\";s:10:\"1777162682\";s:6:\"gfonts\";a:0:{}s:10:\"gfonts_url\";s:0:\"\";s:12:\"gfonts_files\";a:0:{}s:14:\"uag_faq_layout\";b:0;}"],"_wc_rating_count":[""]},"uagb_featured_image_src":{"full":["https:\/\/ilovehandbags.com\/wp-content\/uploads\/sites\/3\/Chanel-Boy-Wallet-on-Chain-WOC-1097-09.jpg",2048,1365,false],"thumbnail":["https:\/\/ilovehandbags.com\/wp-content\/uploads\/sites\/3\/Chanel-Boy-Wallet-on-Chain-WOC-1097-09-150x150.jpg",150,150,true],"medium":["https:\/\/ilovehandbags.com\/wp-content\/uploads\/sites\/3\/Chanel-Boy-Wallet-on-Chain-WOC-1097-09-300x300.jpg",300,300,true],"medium_large":["https:\/\/ilovehandbags.com\/wp-content\/uploads\/sites\/3\/Chanel-Boy-Wallet-on-Chain-WOC-1097-09-768x768.jpg",768,768,true],"large":["https:\/\/ilovehandbags.com\/wp-content\/uploads\/sites\/3\/Chanel-Boy-Wallet-on-Chain-WOC-1097-09-1024x1024.jpg",1024,1024,true],"1536x1536":["https:\/\/ilovehandbags.com\/wp-content\/uploads\/sites\/3\/Chanel-Boy-Wallet-on-Chain-WOC-1097-09.jpg",1536,1024,false],"2048x2048":["https:\/\/ilovehandbags.com\/wp-content\/uploads\/sites\/3\/Chanel-Boy-Wallet-on-Chain-WOC-1097-09.jpg",2048,1365,false],"woocommerce_thumbnail":["https:\/\/ilovehandbags.com\/wp-content\/uploads\/sites\/3\/Chanel-Boy-Wallet-on-Chain-WOC-1097-09-500x500.jpg",500,500,true],"woocommerce_single":["https:\/\/ilovehandbags.com\/wp-content\/uploads\/sites\/3\/Chanel-Boy-Wallet-on-Chain-WOC-1097-09-500x500.jpg",500,500,true],"woocommerce_gallery_thumbnail":["https:\/\/ilovehandbags.com\/wp-content\/uploads\/sites\/3\/Chanel-Boy-Wallet-on-Chain-WOC-1097-09-100x100.jpg",100,100,true]},"uagb_author_info":{"display_name":"ILoveHandbags","author_link":"https:\/\/ilovehandbags.com\/de\/author\/"},"uagb_comment_info":0,"uagb_excerpt":"Die Chanel Boy Wallet on Chain in schwarzem Lammleder mit Ruthenium Hardware vereint ikonisches Design mit moderner Eleganz und ist eines der begehrtesten Signature-Modelle des Hauses Chanel. Das fein genarbte, weich schimmernde Lammleder verleiht der Tasche eine au\u00dfergew\u00f6hnlich luxuri\u00f6se Haptik, w\u00e4hrend die markante, leicht k\u00fchle Ruthenium-Hardware einen zeitgem\u00e4\u00dfen, urbanen Akzent setzt. Ihr charakteristisches Boy-Design mit&hellip;","_links":{"self":[{"href":"https:\/\/ilovehandbags.com\/de\/wp-json\/wp\/v2\/product\/74541","targetHints":{"allow":["GET"]}}],"collection":[{"href":"https:\/\/ilovehandbags.com\/de\/wp-json\/wp\/v2\/product"}],"about":[{"href":"https:\/\/ilovehandbags.com\/de\/wp-json\/wp\/v2\/types\/product"}],"wp:featuredmedia":[{"embeddable":true,"href":"https:\/\/ilovehandbags.com\/de\/wp-json\/wp\/v2\/media\/74554"}],"wp:attachment":[{"href":"https:\/\/ilovehandbags.com\/de\/wp-json\/wp\/v2\/media?parent=74541"}],"wp:term":[{"taxonomy":"product_brand","embeddable":true,"href":"https:\/\/ilovehandbags.com\/de\/wp-json\/wp\/v2\/product_brand?post=74541"},{"taxonomy":"product_cat","embeddable":true,"href":"https:\/\/ilovehandbags.com\/de\/wp-json\/wp\/v2\/product_cat?post=74541"},{"taxonomy":"product_tag","embeddable":true,"href":"https:\/\/ilovehandbags.com\/de\/wp-json\/wp\/v2\/product_tag?post=74541"}],"curies":[{"name":"wp","href":"https:\/\/api.w.org\/{rel}","templated":true}]}}