{"id":75289,"date":"2026-02-05T10:02:32","date_gmt":"2026-02-05T09:02:32","guid":{"rendered":"https:\/\/ilovehandbags.com\/?post_type=product&#038;p=75289"},"modified":"2026-03-17T22:03:48","modified_gmt":"2026-03-17T21:03:48","slug":"louis-vuitton-cabas-mezzo-1107","status":"publish","type":"product","link":"https:\/\/ilovehandbags.com\/de\/louis-vuitton-cabas-mezzo-1107\/","title":{"rendered":"Louis Vuitton Cabas Mezzo Monogram Canvas"},"content":{"rendered":"","protected":false},"excerpt":{"rendered":"<p data-start=\"176\" data-end=\"485\">Entdecke den Louis Vuitton Cabas Mezzo Shopper \u2013 eine stilvolle Kombination aus zeitloser Eleganz und hoher Alltagstauglichkeit. Gefertigt aus dem ikonischen Monogram Canvas und erg\u00e4nzt durch hochwertige Lederdetails, \u00fcberzeugt dieses Modell durch seine robuste Verarbeitung und seine langlebige Qualit\u00e4t. Das gro\u00dfz\u00fcgige Hauptfach bietet ausreichend Platz f\u00fcr alles, was Du im Alltag brauchst \u2013 von Geldb\u00f6rse und Smartphone bis hin zu Kosmetiktasche oder kleinen Unterlagen. Dank der durchdachten Innenaufteilung bleibt dabei alles \u00fcbersichtlich organisiert. Die bequemen Schulterriemen sorgen f\u00fcr einen angenehmen Tragekomfort, auch wenn die Tasche einmal etwas voller gepackt ist. Ob im B\u00fcro, beim Stadtbummel oder auf Reisen \u2013 der Cabas Mezzo ist ein vielseitiger Begleiter, der Funktionalit\u00e4t und klassischen Louis-Vuitton-Stil perfekt vereint.<\/p>\n","protected":false},"featured_media":75303,"template":"","meta":{"_uag_custom_page_level_css":"","site-sidebar-layout":"default","site-content-layout":"default","ast-site-content-layout":"default","site-content-style":"default","site-sidebar-style":"default","ast-global-header-display":"","ast-banner-title-visibility":"","ast-main-header-display":"","ast-hfb-above-header-display":"","ast-hfb-below-header-display":"","ast-hfb-mobile-header-display":"","site-post-title":"","ast-breadcrumbs-content":"","ast-featured-img":"","footer-sml-layout":"","ast-disable-related-posts":"","theme-transparent-header-meta":"default","adv-header-id-meta":"","stick-header-meta":"default","header-above-stick-meta":"","header-main-stick-meta":"","header-below-stick-meta":"","astra-migrate-meta-layouts":"set","ast-page-background-enabled":"default","ast-page-background-meta":{"desktop":{"background-color":"var(--ast-global-color-4)","background-image":"","background-repeat":"repeat","background-position":"center center","background-size":"auto","background-attachment":"scroll","background-type":"","background-media":"","overlay-type":"","overlay-color":"","overlay-opacity":"","overlay-gradient":""},"tablet":{"background-color":"","background-image":"","background-repeat":"repeat","background-position":"center center","background-size":"auto","background-attachment":"scroll","background-type":"","background-media":"","overlay-type":"","overlay-color":"","overlay-opacity":"","overlay-gradient":""},"mobile":{"background-color":"","background-image":"","background-repeat":"repeat","background-position":"center center","background-size":"auto","background-attachment":"scroll","background-type":"","background-media":"","overlay-type":"","overlay-color":"","overlay-opacity":"","overlay-gradient":""}},"ast-content-background-meta":{"desktop":{"background-color":"var(--ast-global-color-5)","background-image":"","background-repeat":"repeat","background-position":"center center","background-size":"auto","background-attachment":"scroll","background-type":"","background-media":"","overlay-type":"","overlay-color":"","overlay-opacity":"","overlay-gradient":""},"tablet":{"background-color":"var(--ast-global-color-5)","background-image":"","background-repeat":"repeat","background-position":"center center","background-size":"auto","background-attachment":"scroll","background-type":"","background-media":"","overlay-type":"","overlay-color":"","overlay-opacity":"","overlay-gradient":""},"mobile":{"background-color":"var(--ast-global-color-5)","background-image":"","background-repeat":"repeat","background-position":"center center","background-size":"auto","background-attachment":"scroll","background-type":"","background-media":"","overlay-type":"","overlay-color":"","overlay-opacity":"","overlay-gradient":""}},"_glsr_average":0,"_glsr_ranking":0,"_glsr_reviews":0},"product_brand":[1584],"product_cat":[208,239,204,451,449],"product_tag":[214,1040,1039,1041],"class_list":{"0":"post-75289","1":"product","2":"type-product","3":"status-publish","4":"has-post-thumbnail","6":"product_brand-louis-vuitton","7":"product_cat-handtaschen","8":"product_cat-louis-vuitton","9":"product_cat-umhaengetaschen","10":"product_cat-vintage","11":"product_cat-bald-wieder-da","12":"product_tag-louis-vuitton","13":"product_tag-louis-vuitton-cabas","14":"product_tag-louis-vuitton-cabas-mezzo","15":"product_tag-louis-vuitton-m51151","16":"desktop-align-left","17":"tablet-align-left","18":"mobile-align-left","19":"ast-product-gallery-layout-first-image-large","20":"ast-magnify-disabled","21":"ast-product-tabs-layout-accordion","23":"first","24":"outofstock","25":"sold-individually","26":"taxable","27":"shipping-taxable","28":"purchasable","29":"product-type-simple"},"spectra_custom_meta":{"copied_media_ids":["a:0:{}","a:0:{}"],"referenced_media_ids":["a:15:{i:0;i:75303;i:1;i:75305;i:2;i:75291;i:3;i:75294;i:4;i:75296;i:5;i:75300;i:6;i:75293;i:7;i:75295;i:8;i:75298;i:9;i:75297;i:10;i:75302;i:11;i:75304;i:12;i:75301;i:13;i:75292;i:14;i:75299;}","a:15:{i:0;i:75303;i:1;i:75305;i:2;i:75291;i:3;i:75294;i:4;i:75296;i:5;i:75300;i:6;i:75293;i:7;i:75295;i:8;i:75298;i:9;i:75297;i:10;i:75302;i:11;i:75304;i:12;i:75301;i:13;i:75292;i:14;i:75299;}"],"_regular_price":["720"],"total_sales":["1"],"_tax_status":["taxable"],"_tax_class":[""],"_manage_stock":["yes"],"_backorders":["no"],"_sold_individually":["yes"],"_virtual":["no"],"_downloadable":["no"],"_product_image_gallery":["75305,75291,75294,75296,75300,75293,75295,75298,75297,75302,75304,75301,75292,75299"],"_download_limit":["-1"],"_download_expiry":["-1"],"_thumbnail_id":["75303"],"_stock":["0"],"_stock_status":["outofstock"],"_wc_average_rating":[0],"_wc_review_count":["0"],"_product_attributes":["a:3:{s:9:\"pa_gender\";a:7:{s:4:\"name\";s:9:\"pa_gender\";s:5:\"value\";s:0:\"\";s:8:\"position\";i:0;s:10:\"is_visible\";i:0;s:12:\"is_variation\";i:1;s:11:\"is_taxonomy\";i:1;s:16:\"checkout_visible\";i:0;}s:8:\"pa_color\";a:7:{s:4:\"name\";s:8:\"pa_color\";s:5:\"value\";s:0:\"\";s:8:\"position\";i:1;s:10:\"is_visible\";i:0;s:12:\"is_variation\";i:1;s:11:\"is_taxonomy\";i:1;s:16:\"checkout_visible\";i:0;}s:8:\"pa_brand\";a:7:{s:4:\"name\";s:8:\"pa_brand\";s:5:\"value\";s:0:\"\";s:8:\"position\";i:2;s:10:\"is_visible\";i:0;s:12:\"is_variation\";i:1;s:11:\"is_taxonomy\";i:1;s:16:\"checkout_visible\";i:0;}}"],"_product_version":["10.6.1"],"_price":["720"],"_wpml_media_featured":["1","1","1","1","1","1","1","1","1"],"_wpml_media_duplicate":["1","1","1","1","1","1","1","1","1"],"_wpml_word_count":["158"],"_wpml_location_migration_done":["1"],"_fusion":["a:3:{s:17:\"slider_visibility\";s:51:\"small-visibility,medium-visibility,large-visibility\";s:11:\"slider_type\";s:2:\"no\";s:9:\"wooslider\";s:1:\"0\";}"],"rank_math_seo_score":["81"],"rank_math_focus_keyword":["Louis Vuitton"],"_purchase_price_field":["447,64"],"_internal_warehouse_number_field":["P6-1107"],"_unit":[""],"_unit_base":[""],"_unit_product":[""],"_unit_price_auto":["no"],"_unit_price_regular":[""],"_unit_price":[""],"_unit_price_sale":[""],"_sale_price_label":[""],"_sale_price_regular_label":[""],"_mini_desc":["Louis Vuitton Cabas Mezzo Monogram Canvas"],"_defect_description":[""],"_allergen_ids":["a:0:{}"],"_warranty_attachment_id":[""],"_min_age":[""],"_ts_gtin":[""],"_ts_mpn":[""],"_delivery_time_countries":["a:0:{}"],"_free_shipping":["no"],"_service":["no"],"_photovoltaic_system":["no"],"_used_good":["yes"],"_defective_copy":["no"],"_is_food":["no"],"_differential_taxation":["no"],"_gzd_version":["3.20.7"],"_hs_code":[""],"_manufacture_country":[""],"_rank_math_gtin_code":["M51151"],"_fusion_google_fonts":[""],"fusion_builder_status":["active"],"rank_math_primary_product_cat":["0"],"_wcml_custom_prices_status":["1"],"avada_post_views_count":["22"],"avada_today_post_views_count":["8"],"avada_post_views_count_today_date":["10-04-2023"],"_sale_price_dates_to_USD":[""],"_sale_price_dates_from_USD":[""],"_sale_price_USD":[""],"_regular_price_USD":[""],"_wcml_schedule_USD":["0"],"yikes_woo_products_tabs":["a:2:{i:0;a:3:{s:5:\"title\";s:21:\"Weitere Informationen\";s:2:\"id\";s:21:\"weitere-informationen\";s:7:\"content\";s:341:\"<strong>Material au\u00dfen: <\/strong>Monogram Canvas mit Griffen aus Rindsleder\r\n<strong>Material innen:<\/strong> Braunes Textilinnenfutter\r\n<strong>Ma\u00dfe: <\/strong>(B) 35 x (H) 32 x (T) 15 cm\r\n<strong>Date Code \/ Herstellungsjahr: <\/strong>TH0022 \/ 2002\r\n<strong>SKU: <\/strong>M51151\r\n<strong>Lieferumfang:<\/strong> I Love Handbags Staubbeutel\";}i:1;a:3:{s:5:\"title\";s:7:\"Zustand\";s:2:\"id\";s:7:\"zustand\";s:7:\"content\";s:1384:\"<p data-start=\"154\" data-end=\"191\"><strong data-start=\"154\" data-end=\"172\">Gesamtzustand:<\/strong> Gut bis sehr gut\r\n<strong style=\"font-size: 16px;\" data-start=\"194\" data-end=\"205\">Canvas:<\/strong><span style=\"font-size: 16px;\"> Intakt und gepflegt\r\n<strong style=\"font-size: 16px;\" data-start=\"486\" data-end=\"505\">Vachetta-Leder:<\/strong> Mittlere, gleichm\u00e4\u00dfige Patina mit Flecken und feinen Kratzern; Leder weiterhin geschmeidig\r\n<\/span><strong style=\"font-size: 16px;\" data-start=\"230\" data-end=\"240\">Ecken:<\/strong><span style=\"font-size: 16px;\"> Leichter Abrieb mit vereinzelt sehr kleinen Besch\u00e4digungen\r\n<\/span><strong style=\"font-size: 16px;\" data-start=\"304\" data-end=\"329\">Schulterriemen:<\/strong><span style=\"font-size: 16px;\"> Alters- und nutzungsbedingter Abrieb an den Kanten (Br\u00fcnierung) sowie vereinzelt leichte, oberfl\u00e4chliche Rissbildungen; insgesamt stabil und funktional\r\n<\/span><strong style=\"font-size: 16px;\" data-start=\"609\" data-end=\"628\">Rei\u00dfverschluss:<\/strong><span style=\"font-size: 16px;\"> Schlie\u00dft einwandfrei und leichtg\u00e4ngig\r\n<\/span><strong style=\"font-size: 16px;\" data-start=\"671\" data-end=\"684\">Hardware:<\/strong><span style=\"font-size: 16px;\"> Leichte, alters\u00fcbliche Gebrauchsspuren\r\n<\/span><strong style=\"font-size: 16px;\" data-start=\"728\" data-end=\"742\">Innenraum:<\/strong><span style=\"font-size: 16px;\"> Sauber und gepflegt<\/span><\/p>\";}}"],"_deposit_type":[""],"_nutrient_ids":["a:0:{}"],"_nutrient_reference_value":["100g"],"_ingredients":[""],"_nutri_score":[""],"_alcohol_content":[""],"_drained_weight":[""],"_net_filling_quantity":[""],"_food_distributor":[""],"_food_description":[""],"_food_place_of_origin":[""],"_deposit_quantity":[""],"site-sidebar-layout":["default"],"site-content-layout":["default"],"theme-transparent-header-meta":["default"],"stick-header-meta":["default"],"_pys_conversion_label_settings":["a:3:{s:6:\"enable\";b:0;s:5:\"label\";s:0:\"\";s:2:\"id\";s:14:\"AW-11184563350\";}"],"_pys_super_pack_cpt_url":[""],"_pys_super_pack_cpt_condition":["only"],"_pys_super_pack_cpt_cart":["hidden"],"_woosea_brand":[""],"_woosea_mpn":[""],"_woosea_upc":[""],"_woosea_ean":[""],"_woosea_gtin":[""],"_woosea_color":[""],"_woosea_size":[""],"_woosea_gender":[""],"_woosea_material":[""],"_woosea_pattern":[""],"_woosea_optimized_title":[""],"_woosea_unit_pricing_measure":[""],"_woosea_unit_pricing_base_measure":[""],"_woosea_condition":["used"],"_woosea_age_group":["adult"],"_woosea_installment_months":[""],"_woosea_installment_amount":[""],"_woosea_exclude_product":["no"],"_woosea_cost_of_good_sold":[""],"_woosea_multipack":[""],"_woosea_is_bundle":[""],"_woosea_energy_efficiency_class":[""],"_woosea_min_energy_efficiency_class":[""],"_woosea_max_energy_efficiency_class":[""],"_woosea_is_promotion":[""],"_woosea_custom_field_0":[""],"_woosea_custom_field_1":[""],"_woosea_custom_field_2":[""],"_woosea_custom_field_3":[""],"_woosea_custom_field_4":[""],"_pys_head_footer":["a:7:{s:14:\"disable_global\";b:0;s:8:\"head_any\";s:0:\"\";s:12:\"head_desktop\";s:0:\"\";s:11:\"head_mobile\";s:0:\"\";s:10:\"footer_any\";s:0:\"\";s:14:\"footer_desktop\";s:0:\"\";s:13:\"footer_mobile\";s:0:\"\";}"],"_wp_old_date":["2023-04-25","2023-04-24","2024-02-21","2024-02-28"],"_customs_description":[""],"_is_non_returnable":["no"],"ast-site-content-layout":["default"],"site-content-style":["default"],"site-sidebar-style":["default"],"litespeed_vpi_list_mobile":["a:2:{i:0;s:8:\"logo.png\";i:1;s:59:\"Louis-vuitton-Piano-Cabas-vorn-2023-0248-scaled-500x500.jpg\";}"],"litespeed_vpi_list":["a:4:{i:0;s:8:\"logo.png\";i:1;s:6:\"de.png\";i:2;s:59:\"Louis-vuitton-Piano-Cabas-vorn-2023-0248-scaled-500x500.jpg\";i:3;s:35:\"three-o-clock-clock-svgrepo-com.svg\";}"],"_internal_date_code":["TH0022"],"_internal_product_origin":["Frankreich"],"_sale_price_dates_to_CHF":[""],"_sale_price_dates_from_CHF":[""],"_sale_price_CHF":[""],"_regular_price_CHF":[""],"_wcml_schedule_CHF":["0"],"_sale_price_dates_to_GBP":[""],"_sale_price_dates_from_GBP":[""],"_sale_price_GBP":[""],"_regular_price_GBP":[""],"_wcml_schedule_GBP":["0"],"_product_rating":["between A and B"],"_custom_html_content":[""],"rank_math_robots":["a:1:{i:0;s:5:\"index\";}"],"_not_in_inventory_checkbox":[""],"_wpml_post_translation_editor_native":["no"],"_customer_view":["10"],"_custom_view_last_updated":["2026-03-01 12:59:05"],"_shipping_length":[""],"_shipping_width":[""],"_shipping_height":[""],"_zettle_product_cat_id":[""],"_product_shipping_weight":["1kg"],"_product_available_from_field":["2026-02-06T19:00"],"_manufacturer_slug":["lvmh-moet-hennessy-louis-vuitton-se"],"_safety_attachment_ids":["a:0:{}"],"_izettle_barcode":[""],"_izettle_nosync":[""],"_izettle_cost_price":[""],"_izettle_special_price":[""],"_izettle_product_name":[""],"_nickx_video_text_url":["a:1:{i:0;s:0:\"\";}"],"_nickx_product_video_type":["a:1:{i:0;s:23:\"nickx_video_url_youtube\";}"],"_nickx_product_video_thumb_ids":["a:1:{i:0;s:0:\"\";}"],"woocommerce_izettle_product_uuid":["adfe92b6-19e0-11f0-a91c-353536383939"],"woocommerce_izettle_variant_uuid":["cc7e59b8-a674-11ef-9657-353536383939"],"_izettle_updated":["1755928934"],"_izettle_image_lookup_key":["3kyncy1cEe-udXp3qLWasA-iP2vC0bBEfCNwfgUZ_DeuA"],"_izettle_product_etag":["0D58FB3A2BC42DAF8CF695689052DD5D"],"_safety_instructions":[""],"_product_reserve_till_field":[""],"_wireless_electronic_device":["no"],"_device_contains_power_supply":["no"],"_device_charging_supports_usb_pd":["no"],"_device_charging_watt_min":["0"],"_device_charging_watt_max":["0"],"similar_product_key":["1744702918"],"rank_math_primary_product_brand":["1584"],"_wpml_media_has_media":["1"],"sib_push_meta_box_present":["1"],"sib_push_send_notification":["0"],"sib_push_send_notification_delay_seconds":["0"],"sib_push_target_segment_ids":["@ALL"],"_is_non_alcoholic":["no"],"_ship_separately_via":[""],"_ame_cpe_post_policy":["{\"accessProtection\":{\"active\":\"replace\"}}"],"_sku":["P6-1107"],"_edit_lock":["1773781299:4"],"_gdrive_field":["https:\/\/drive.google.com\/drive\/u\/1\/folders\/16MCOUnr3hTJ7vqJz9kceTiOc7FANcKyD"],"_edit_last":["4"],"_entrupy_echtheitszertifikat":["yes"],"_mid_code":[""],"_shipping_weight":[""],"rank_math_analytic_object_id":["15"],"_wcml_average_rating":[null],"_wcml_review_count":[null],"_wcml_rating_count":[null],"_custom_thumbnail":["a:1:{i:0;s:2:\"no\";}"],"_video_schema":["a:1:{i:0;s:2:\"no\";}"],"_nickx_video_upload_date":["a:1:{i:0;s:0:\"\";}"],"_nickx_video_name":["a:1:{i:0;s:0:\"\";}"],"_nickx_video_description":["a:1:{i:0;s:0:\"\";}"],"rank_math_internal_links_processed":["1"],"astra-migrate-meta-layouts":["set"],"_uag_page_assets":["a:9:{s:3:\"css\";s:0:\"\";s:2:\"js\";s:0:\"\";s:18:\"current_block_list\";a:6:{i:0;s:26:\"woocommerce\/filter-wrapper\";i:1;s:24:\"woocommerce\/price-filter\";i:2;s:30:\"woocommerce\/product-categories\";i:3;s:14:\"core\/paragraph\";i:4;s:14:\"core\/shortcode\";i:5;s:11:\"core\/search\";}s:8:\"uag_flag\";b:0;s:11:\"uag_version\";s:10:\"1776275997\";s:6:\"gfonts\";a:0:{}s:10:\"gfonts_url\";s:0:\"\";s:12:\"gfonts_files\";a:0:{}s:14:\"uag_faq_layout\";b:0;}"],"_wc_rating_count":[""]},"uagb_featured_image_src":{"full":["https:\/\/ilovehandbags.com\/wp-content\/uploads\/sites\/3\/Louis-Vuitton-Cabas-Mezzo-Monogram-Canvas-1107-04.jpg",2048,2048,false],"thumbnail":["https:\/\/ilovehandbags.com\/wp-content\/uploads\/sites\/3\/Louis-Vuitton-Cabas-Mezzo-Monogram-Canvas-1107-04-150x150.jpg",150,150,true],"medium":["https:\/\/ilovehandbags.com\/wp-content\/uploads\/sites\/3\/Louis-Vuitton-Cabas-Mezzo-Monogram-Canvas-1107-04-300x300.jpg",300,300,true],"medium_large":["https:\/\/ilovehandbags.com\/wp-content\/uploads\/sites\/3\/Louis-Vuitton-Cabas-Mezzo-Monogram-Canvas-1107-04-768x768.jpg",768,768,true],"large":["https:\/\/ilovehandbags.com\/wp-content\/uploads\/sites\/3\/Louis-Vuitton-Cabas-Mezzo-Monogram-Canvas-1107-04-1024x1024.jpg",1024,1024,true],"1536x1536":["https:\/\/ilovehandbags.com\/wp-content\/uploads\/sites\/3\/Louis-Vuitton-Cabas-Mezzo-Monogram-Canvas-1107-04.jpg",1536,1536,false],"2048x2048":["https:\/\/ilovehandbags.com\/wp-content\/uploads\/sites\/3\/Louis-Vuitton-Cabas-Mezzo-Monogram-Canvas-1107-04.jpg",2048,2048,false],"woocommerce_thumbnail":["https:\/\/ilovehandbags.com\/wp-content\/uploads\/sites\/3\/Louis-Vuitton-Cabas-Mezzo-Monogram-Canvas-1107-04-500x500.jpg",500,500,true],"woocommerce_single":["https:\/\/ilovehandbags.com\/wp-content\/uploads\/sites\/3\/Louis-Vuitton-Cabas-Mezzo-Monogram-Canvas-1107-04-500x500.jpg",500,500,true],"woocommerce_gallery_thumbnail":["https:\/\/ilovehandbags.com\/wp-content\/uploads\/sites\/3\/Louis-Vuitton-Cabas-Mezzo-Monogram-Canvas-1107-04-100x100.jpg",100,100,true]},"uagb_author_info":{"display_name":"ILoveHandbags","author_link":"https:\/\/ilovehandbags.com\/de\/author\/"},"uagb_comment_info":0,"uagb_excerpt":"Entdecke den Louis Vuitton Cabas Mezzo Shopper \u2013 eine stilvolle Kombination aus zeitloser Eleganz und hoher Alltagstauglichkeit. Gefertigt aus dem ikonischen Monogram Canvas und erg\u00e4nzt durch hochwertige Lederdetails, \u00fcberzeugt dieses Modell durch seine robuste Verarbeitung und seine langlebige Qualit\u00e4t. Das gro\u00dfz\u00fcgige Hauptfach bietet ausreichend Platz f\u00fcr alles, was Du im Alltag brauchst \u2013 von Geldb\u00f6rse&hellip;","_links":{"self":[{"href":"https:\/\/ilovehandbags.com\/de\/wp-json\/wp\/v2\/product\/75289","targetHints":{"allow":["GET"]}}],"collection":[{"href":"https:\/\/ilovehandbags.com\/de\/wp-json\/wp\/v2\/product"}],"about":[{"href":"https:\/\/ilovehandbags.com\/de\/wp-json\/wp\/v2\/types\/product"}],"wp:featuredmedia":[{"embeddable":true,"href":"https:\/\/ilovehandbags.com\/de\/wp-json\/wp\/v2\/media\/75303"}],"wp:attachment":[{"href":"https:\/\/ilovehandbags.com\/de\/wp-json\/wp\/v2\/media?parent=75289"}],"wp:term":[{"taxonomy":"product_brand","embeddable":true,"href":"https:\/\/ilovehandbags.com\/de\/wp-json\/wp\/v2\/product_brand?post=75289"},{"taxonomy":"product_cat","embeddable":true,"href":"https:\/\/ilovehandbags.com\/de\/wp-json\/wp\/v2\/product_cat?post=75289"},{"taxonomy":"product_tag","embeddable":true,"href":"https:\/\/ilovehandbags.com\/de\/wp-json\/wp\/v2\/product_tag?post=75289"}],"curies":[{"name":"wp","href":"https:\/\/api.w.org\/{rel}","templated":true}]}}