{"id":75924,"date":"2026-02-13T08:15:14","date_gmt":"2026-02-13T07:15:14","guid":{"rendered":"https:\/\/ilovehandbags.com\/?post_type=product&#038;p=75924"},"modified":"2026-02-19T12:44:08","modified_gmt":"2026-02-19T11:44:08","slug":"saint-laurent-loulou-large-schwarz-1131","status":"publish","type":"product","link":"https:\/\/ilovehandbags.com\/de\/saint-laurent-loulou-large-schwarz-1131\/","title":{"rendered":"Saint Laurent Loulou Large Schwarz"},"content":{"rendered":"","protected":false},"excerpt":{"rendered":"<p data-start=\"130\" data-end=\"555\">Die Saint Laurent Loulou Large ist eine ikonische Handtasche, die zeitlose Eleganz mit gro\u00dfz\u00fcgiger Funktionalit\u00e4t verbindet. Gefertigt aus weichem, schwarzem Lammleder mit der charakteristischen Chevron-Steppung, strahlt sie luxuri\u00f6se Zur\u00fcckhaltung und moderne Raffinesse aus. Die silberfarbene Hardware mit dem ikonischen YSL-Logo auf der Vorderseite setzt edle Akzente und rundet das elegante Gesamtbild ab. Im Inneren \u00fcberzeugt die Loulou Large mit einem gro\u00dfz\u00fcgigen Hauptfach, das ausreichend Platz f\u00fcr alle t\u00e4glichen Essentials und dar\u00fcber hinaus bietet. Mehrere Innenf\u00e4cher sowie eine Rei\u00dfverschlusstasche sorgen f\u00fcr eine \u00fcbersichtliche Organisation. Die Magnetklappe erm\u00f6glicht einen komfortablen Zugriff und schlie\u00dft die Tasche sicher. Der Ketten-Schulterriemen l\u00e4sst sich vielseitig tragen \u2013 klassisch \u00fcber der Schulter oder l\u00e4ssig Crossbody \u2013 und macht die Loulou Large zu einem idealen Begleiter f\u00fcr Alltag, Business und besondere Anl\u00e4sse. Mit ihrem ikonischen Design, der hochwertigen Verarbeitung und dem gro\u00dfz\u00fcgigen Format ist die Saint Laurent Loulou Large ein stilvolles Statement f\u00fcr alle, die luxuri\u00f6sen Komfort und zeitlose Eleganz sch\u00e4tzen.<\/p>\n","protected":false},"featured_media":75930,"template":"","meta":{"_uag_custom_page_level_css":"","site-sidebar-layout":"default","site-content-layout":"default","ast-site-content-layout":"default","site-content-style":"default","site-sidebar-style":"default","ast-global-header-display":"","ast-banner-title-visibility":"","ast-main-header-display":"","ast-hfb-above-header-display":"","ast-hfb-below-header-display":"","ast-hfb-mobile-header-display":"","site-post-title":"","ast-breadcrumbs-content":"","ast-featured-img":"","footer-sml-layout":"","ast-disable-related-posts":"","theme-transparent-header-meta":"default","adv-header-id-meta":"","stick-header-meta":"default","header-above-stick-meta":"","header-main-stick-meta":"","header-below-stick-meta":"","astra-migrate-meta-layouts":"set","ast-page-background-enabled":"default","ast-page-background-meta":{"desktop":{"background-color":"var(--ast-global-color-4)","background-image":"","background-repeat":"repeat","background-position":"center center","background-size":"auto","background-attachment":"scroll","background-type":"","background-media":"","overlay-type":"","overlay-color":"","overlay-opacity":"","overlay-gradient":""},"tablet":{"background-color":"","background-image":"","background-repeat":"repeat","background-position":"center center","background-size":"auto","background-attachment":"scroll","background-type":"","background-media":"","overlay-type":"","overlay-color":"","overlay-opacity":"","overlay-gradient":""},"mobile":{"background-color":"","background-image":"","background-repeat":"repeat","background-position":"center center","background-size":"auto","background-attachment":"scroll","background-type":"","background-media":"","overlay-type":"","overlay-color":"","overlay-opacity":"","overlay-gradient":""}},"ast-content-background-meta":{"desktop":{"background-color":"var(--ast-global-color-5)","background-image":"","background-repeat":"repeat","background-position":"center center","background-size":"auto","background-attachment":"scroll","background-type":"","background-media":"","overlay-type":"","overlay-color":"","overlay-opacity":"","overlay-gradient":""},"tablet":{"background-color":"var(--ast-global-color-5)","background-image":"","background-repeat":"repeat","background-position":"center center","background-size":"auto","background-attachment":"scroll","background-type":"","background-media":"","overlay-type":"","overlay-color":"","overlay-opacity":"","overlay-gradient":""},"mobile":{"background-color":"var(--ast-global-color-5)","background-image":"","background-repeat":"repeat","background-position":"center center","background-size":"auto","background-attachment":"scroll","background-type":"","background-media":"","overlay-type":"","overlay-color":"","overlay-opacity":"","overlay-gradient":""}},"_glsr_average":0,"_glsr_ranking":0,"_glsr_reviews":0},"product_brand":[1592],"product_cat":[208,1324,204,449],"product_tag":[1418,1419,2098],"class_list":{"0":"post-75924","1":"product","2":"type-product","3":"status-publish","4":"has-post-thumbnail","6":"product_brand-saint-laurent","7":"product_cat-handtaschen","8":"product_cat-saintlaurent","9":"product_cat-umhaengetaschen","10":"product_cat-bald-wieder-da","11":"product_tag-saint-laurent","12":"product_tag-saint-laurent-loulou","13":"product_tag-saint-laurent-loulou-large","14":"desktop-align-left","15":"tablet-align-left","16":"mobile-align-left","17":"ast-product-gallery-layout-first-image-large","18":"ast-magnify-disabled","19":"ast-product-tabs-layout-accordion","21":"first","22":"outofstock","23":"sold-individually","24":"purchasable","25":"product-type-simple"},"spectra_custom_meta":{"copied_media_ids":["a:0:{}","a:0:{}"],"referenced_media_ids":["a:17:{i:0;i:75930;i:1;i:75942;i:2;i:75926;i:3;i:75929;i:4;i:75937;i:5;i:75939;i:6;i:75927;i:7;i:75934;i:8;i:75938;i:9;i:75935;i:10;i:75932;i:11;i:75928;i:12;i:75933;i:13;i:75940;i:14;i:75931;i:15;i:75941;i:16;i:75936;}","a:17:{i:0;i:75930;i:1;i:75942;i:2;i:75926;i:3;i:75929;i:4;i:75937;i:5;i:75939;i:6;i:75927;i:7;i:75934;i:8;i:75938;i:9;i:75935;i:10;i:75932;i:11;i:75928;i:12;i:75933;i:13;i:75940;i:14;i:75931;i:15;i:75941;i:16;i:75936;}"],"_regular_price":["2190"],"total_sales":["1"],"_tax_status":["none"],"_tax_class":[""],"_manage_stock":["yes"],"_backorders":["no"],"_sold_individually":["yes"],"_crosssell_ids":["a:1:{i:0;i:23129;}"],"_virtual":["no"],"_downloadable":["no"],"_product_image_gallery":["75942,75926,75929,75937,75939,75927,75934,75938,75935,75932,75928,75933,75940,75931,75941,75936"],"_download_limit":["-1"],"_download_expiry":["-1"],"_thumbnail_id":["75930"],"_stock":["0"],"_stock_status":["outofstock"],"_wc_average_rating":[0],"_wc_review_count":["0"],"_product_attributes":["a:3:{s:8:\"pa_brand\";a:7:{s:4:\"name\";s:8:\"pa_brand\";s:5:\"value\";s:0:\"\";s:8:\"position\";i:1;s:10:\"is_visible\";i:0;s:12:\"is_variation\";i:1;s:11:\"is_taxonomy\";i:1;s:16:\"checkout_visible\";i:0;}s:8:\"pa_color\";a:7:{s:4:\"name\";s:8:\"pa_color\";s:5:\"value\";s:0:\"\";s:8:\"position\";i:2;s:10:\"is_visible\";i:0;s:12:\"is_variation\";i:1;s:11:\"is_taxonomy\";i:1;s:16:\"checkout_visible\";i:0;}s:9:\"pa_gender\";a:7:{s:4:\"name\";s:9:\"pa_gender\";s:5:\"value\";s:0:\"\";s:8:\"position\";i:3;s:10:\"is_visible\";i:0;s:12:\"is_variation\";i:1;s:11:\"is_taxonomy\";i:1;s:16:\"checkout_visible\";i:0;}}"],"_product_version":["10.5.2"],"_price":["2190"],"_wpml_media_featured":["1","1","1","1"],"_wpml_media_duplicate":["1","1","1","1"],"_wpml_word_count":["214"],"_wpml_location_migration_done":["1"],"_fusion":["a:3:{s:17:\"slider_visibility\";s:51:\"small-visibility,medium-visibility,large-visibility\";s:11:\"slider_type\";s:2:\"no\";s:9:\"wooslider\";s:1:\"0\";}"],"rank_math_seo_score":["78"],"rank_math_focus_keyword":["saint laurent"],"_purchase_price_field":["1350"],"_internal_warehouse_number_field":["P5-0873"],"_unit":[""],"_unit_base":[""],"_unit_product":[""],"_unit_price_auto":["no"],"_unit_price_regular":[""],"_unit_price":[""],"_unit_price_sale":[""],"_sale_price_label":[""],"_sale_price_regular_label":[""],"_mini_desc":["Saint Laurent Loulou Small Schwarz"],"_defect_description":[""],"_allergen_ids":["a:0:{}"],"_warranty_attachment_id":[""],"_min_age":[""],"_ts_gtin":[""],"_ts_mpn":[""],"_delivery_time_countries":["a:0:{}"],"_free_shipping":["no"],"_service":["no"],"_photovoltaic_system":["no"],"_used_good":["yes"],"_defective_copy":["no"],"_is_food":["no"],"_differential_taxation":["yes"],"_gzd_version":["3.20.5"],"_hs_code":[""],"_manufacture_country":[""],"_rank_math_gtin_code":[""],"_fusion_google_fonts":[""],"fusion_builder_status":["active"],"rank_math_primary_product_cat":["0"],"_wcml_custom_prices_status":["0"],"avada_post_views_count":["50"],"avada_today_post_views_count":["3"],"avada_post_views_count_today_date":["12-04-2023"],"yikes_woo_products_tabs":["a:2:{i:0;a:3:{s:5:\"title\";s:21:\"Weitere Informationen\";s:2:\"id\";s:21:\"weitere-informationen\";s:7:\"content\";s:328:\"<strong>Material au\u00dfen: <\/strong>Schwarzes Lammleder mit silberfarbener Hardware\r\n<strong>Material innen: <\/strong>Textilinnenfutter\r\n<strong>Ma\u00dfe: <\/strong>(B) 38 \u00d7 (H) 267 \u00d7 (T) 14 cm\r\n<strong>Seriennummer \/ Herstellungsjahr:<\/strong> ROY574947 0920 \/ 2020\r\n<strong>Lieferumfang:<\/strong> Saint Laurent Box und Staubbeutel\";}i:1;a:3:{s:5:\"title\";s:7:\"Zustand\";s:2:\"id\";s:7:\"zustand\";s:7:\"content\";s:317:\"<strong>Gesamtzustand: <\/strong>Neuwertig\r\n<strong>Leder: <\/strong>Intakt mit vereinzelt mit minimalen Gebrauchsspuren\r\n<strong>Ecken: <\/strong>Vereinzelt minimaler Abrieb\r\n<strong>Verschluss: <\/strong>Schlie\u00dft gut\r\n<strong>Hardware: <\/strong>Minimale Gebrauchsspuren\r\n<strong>Innenraum: <\/strong>Sauber und gepflegt\";}}"],"_deposit_type":[""],"_nutrient_ids":["a:0:{}"],"_nutrient_reference_value":["100g"],"_ingredients":[""],"_nutri_score":[""],"_alcohol_content":[""],"_drained_weight":[""],"_net_filling_quantity":[""],"_food_distributor":[""],"_food_description":[""],"_food_place_of_origin":[""],"_deposit_quantity":[""],"site-sidebar-layout":["default"],"site-content-layout":["default"],"theme-transparent-header-meta":["default"],"stick-header-meta":["default"],"_default_delivery_time":[""],"rank_math_robots":["a:1:{i:0;s:5:\"index\";}"],"_pys_conversion_label_settings":["a:3:{s:6:\"enable\";b:0;s:5:\"label\";s:0:\"\";s:2:\"id\";s:14:\"AW-11184563350\";}"],"_pys_super_pack_cpt_url":[""],"_pys_super_pack_cpt_condition":["only"],"_pys_super_pack_cpt_cart":["hidden"],"_woosea_brand":[""],"_woosea_mpn":[""],"_woosea_upc":[""],"_woosea_ean":[""],"_woosea_gtin":[""],"_woosea_color":[""],"_woosea_size":[""],"_woosea_gender":[""],"_woosea_material":[""],"_woosea_pattern":[""],"_woosea_optimized_title":[""],"_woosea_unit_pricing_measure":[""],"_woosea_unit_pricing_base_measure":[""],"_woosea_condition":[""],"_woosea_age_group":["adult"],"_woosea_installment_months":[""],"_woosea_installment_amount":[""],"_woosea_exclude_product":["no"],"_woosea_cost_of_good_sold":[""],"_woosea_multipack":[""],"_woosea_is_bundle":[""],"_woosea_energy_efficiency_class":[""],"_woosea_min_energy_efficiency_class":[""],"_woosea_max_energy_efficiency_class":[""],"_woosea_is_promotion":[""],"_woosea_custom_field_0":[""],"_woosea_custom_field_1":[""],"_woosea_custom_field_2":[""],"_woosea_custom_field_3":[""],"_woosea_custom_field_4":[""],"_pys_head_footer":["a:7:{s:14:\"disable_global\";b:0;s:8:\"head_any\";s:0:\"\";s:12:\"head_desktop\";s:0:\"\";s:11:\"head_mobile\";s:0:\"\";s:10:\"footer_any\";s:0:\"\";s:14:\"footer_desktop\";s:0:\"\";s:13:\"footer_mobile\";s:0:\"\";}"],"litespeed_vpi_list":["a:3:{i:0;s:8:\"logo.png\";i:1;s:6:\"de.png\";i:2;s:80:\"Louis-Vuitton-Pochette-Accessoires-Damier-Azur-vorn-2023-0220-scaled-500x500.jpg\";}"],"_customs_description":[""],"_wp_old_date":["2023-04-07","2023-06-01","2023-08-29","2024-02-02","2024-05-31","2024-12-12","2025-01-03","2026-02-18"],"_is_non_returnable":["no"],"ast-site-content-layout":["default"],"site-content-style":["default"],"site-sidebar-style":["default"],"litespeed_vpi_list_mobile":["a:2:{i:0;s:8:\"logo.png\";i:1;s:80:\"Louis-Vuitton-Pochette-Accessoires-Damier-Azur-vorn-2023-0220-scaled-500x500.jpg\";}"],"_internal_date_code":["ROY574947 0920"],"_internal_product_origin":["Italien"],"rank_math_contentai_score":["a:4:{s:9:\"wordCount\";s:4:\"4.64\";s:9:\"linkCount\";s:1:\"0\";s:12:\"headingCount\";s:1:\"0\";s:10:\"mediaCount\";s:3:\"100\";}"],"_not_in_inventory_checkbox":[""],"_product_rating":["N"],"_custom_html_content":[""],"_wpml_post_translation_editor_native":["no"],"_customer_view":["22"],"_custom_view_last_updated":["2026-02-22 13:10:45"],"_shipping_length":[""],"_shipping_width":[""],"_shipping_height":[""],"_zettle_product_cat_id":[""],"_product_shipping_weight":["1kg"],"_product_available_from_field":["2026-02-13T19:00"],"_manufacturer_slug":["yves-saint-laurent-s-a-s"],"_safety_instructions":[""],"_safety_attachment_ids":["a:0:{}"],"_nickx_video_text_url":["a:1:{i:0;s:0:\"\";}"],"_nickx_product_video_type":["a:1:{i:0;s:23:\"nickx_video_url_youtube\";}"],"_nickx_product_video_thumb_ids":["a:1:{i:0;s:0:\"\";}"],"_product_reserve_till_field":[""],"_wpml_media_has_media":["1"],"similar_product_key":["1737217336"],"_wireless_electronic_device":["no"],"_device_contains_power_supply":["no"],"_device_charging_supports_usb_pd":["no"],"_device_charging_watt_min":["0"],"_device_charging_watt_max":["0"],"rank_math_primary_product_brand":["1584"],"sib_push_meta_box_present":["1"],"sib_push_send_notification":["0"],"sib_push_target_segment_ids":["@ALL"],"_izettle_barcode":[""],"_izettle_nosync":[""],"_izettle_cost_price":[""],"_izettle_special_price":[""],"_izettle_product_name":[""],"_ame_cpe_post_policy":["{\"accessProtection\":{\"active\":\"replace\"}}"],"_izettle_image_lookup_key":["3kyncy1cEe-udXp3qLWasA-dzZP3VcrEfCdQLfAI3vn-Q"],"woocommerce_izettle_product_uuid":["7739581e-572b-11f0-8456-353536383939"],"woocommerce_izettle_variant_uuid":["77397448-572b-11f0-a86b-353536383939"],"_izettle_updated":["1753430654"],"_sku":["P6-1131"],"_edit_lock":["1770966947:4"],"_edit_last":["4"],"sib_push_send_notification_delay_seconds":["0"],"_entrupy_echtheitszertifikat":["yes"],"_is_non_alcoholic":["no"],"_mid_code":[""],"_ship_separately_via":[""],"_shipping_weight":[""],"_gdrive_field":["https:\/\/drive.google.com\/drive\/u\/1\/folders\/1JM_7zP-W8VjoorHjHB4lfxPswk6veWmU"],"astra-migrate-meta-layouts":["set"],"rank_math_analytic_object_id":["2610"],"_wcml_average_rating":[null],"_wcml_review_count":[null],"_wcml_rating_count":[null],"rank_math_internal_links_processed":["1"],"_uag_page_assets":["a:9:{s:3:\"css\";s:0:\"\";s:2:\"js\";s:0:\"\";s:18:\"current_block_list\";a:6:{i:0;s:26:\"woocommerce\/filter-wrapper\";i:1;s:24:\"woocommerce\/price-filter\";i:2;s:30:\"woocommerce\/product-categories\";i:3;s:14:\"core\/paragraph\";i:4;s:14:\"core\/shortcode\";i:5;s:11:\"core\/search\";}s:8:\"uag_flag\";b:0;s:11:\"uag_version\";s:10:\"1775471992\";s:6:\"gfonts\";a:0:{}s:10:\"gfonts_url\";s:0:\"\";s:12:\"gfonts_files\";a:0:{}s:14:\"uag_faq_layout\";b:0;}"],"_wc_rating_count":[""]},"uagb_featured_image_src":{"full":["https:\/\/ilovehandbags.com\/wp-content\/uploads\/sites\/3\/Saint-Laurent-Loulou-Large-Schwarz-1131-13-scaled.jpg",2560,2560,false],"thumbnail":["https:\/\/ilovehandbags.com\/wp-content\/uploads\/sites\/3\/Saint-Laurent-Loulou-Large-Schwarz-1131-13-150x150.jpg",150,150,true],"medium":["https:\/\/ilovehandbags.com\/wp-content\/uploads\/sites\/3\/Saint-Laurent-Loulou-Large-Schwarz-1131-13-300x300.jpg",300,300,true],"medium_large":["https:\/\/ilovehandbags.com\/wp-content\/uploads\/sites\/3\/Saint-Laurent-Loulou-Large-Schwarz-1131-13-768x768.jpg",768,768,true],"large":["https:\/\/ilovehandbags.com\/wp-content\/uploads\/sites\/3\/Saint-Laurent-Loulou-Large-Schwarz-1131-13-1024x1024.jpg",1024,1024,true],"1536x1536":["https:\/\/ilovehandbags.com\/wp-content\/uploads\/sites\/3\/Saint-Laurent-Loulou-Large-Schwarz-1131-13-scaled.jpg",1536,1536,false],"2048x2048":["https:\/\/ilovehandbags.com\/wp-content\/uploads\/sites\/3\/Saint-Laurent-Loulou-Large-Schwarz-1131-13-scaled.jpg",2048,2048,false],"woocommerce_thumbnail":["https:\/\/ilovehandbags.com\/wp-content\/uploads\/sites\/3\/Saint-Laurent-Loulou-Large-Schwarz-1131-13-500x500.jpg",500,500,true],"woocommerce_single":["https:\/\/ilovehandbags.com\/wp-content\/uploads\/sites\/3\/Saint-Laurent-Loulou-Large-Schwarz-1131-13-500x500.jpg",500,500,true],"woocommerce_gallery_thumbnail":["https:\/\/ilovehandbags.com\/wp-content\/uploads\/sites\/3\/Saint-Laurent-Loulou-Large-Schwarz-1131-13-100x100.jpg",100,100,true]},"uagb_author_info":{"display_name":"ILoveHandbags","author_link":"https:\/\/ilovehandbags.com\/de\/author\/"},"uagb_comment_info":0,"uagb_excerpt":"Die Saint Laurent Loulou Large ist eine ikonische Handtasche, die zeitlose Eleganz mit gro\u00dfz\u00fcgiger Funktionalit\u00e4t verbindet. Gefertigt aus weichem, schwarzem Lammleder mit der charakteristischen Chevron-Steppung, strahlt sie luxuri\u00f6se Zur\u00fcckhaltung und moderne Raffinesse aus. Die silberfarbene Hardware mit dem ikonischen YSL-Logo auf der Vorderseite setzt edle Akzente und rundet das elegante Gesamtbild ab. Im Inneren \u00fcberzeugt&hellip;","_links":{"self":[{"href":"https:\/\/ilovehandbags.com\/de\/wp-json\/wp\/v2\/product\/75924","targetHints":{"allow":["GET"]}}],"collection":[{"href":"https:\/\/ilovehandbags.com\/de\/wp-json\/wp\/v2\/product"}],"about":[{"href":"https:\/\/ilovehandbags.com\/de\/wp-json\/wp\/v2\/types\/product"}],"wp:featuredmedia":[{"embeddable":true,"href":"https:\/\/ilovehandbags.com\/de\/wp-json\/wp\/v2\/media\/75930"}],"wp:attachment":[{"href":"https:\/\/ilovehandbags.com\/de\/wp-json\/wp\/v2\/media?parent=75924"}],"wp:term":[{"taxonomy":"product_brand","embeddable":true,"href":"https:\/\/ilovehandbags.com\/de\/wp-json\/wp\/v2\/product_brand?post=75924"},{"taxonomy":"product_cat","embeddable":true,"href":"https:\/\/ilovehandbags.com\/de\/wp-json\/wp\/v2\/product_cat?post=75924"},{"taxonomy":"product_tag","embeddable":true,"href":"https:\/\/ilovehandbags.com\/de\/wp-json\/wp\/v2\/product_tag?post=75924"}],"curies":[{"name":"wp","href":"https:\/\/api.w.org\/{rel}","templated":true}]}}