{"id":76073,"date":"2026-02-13T08:18:43","date_gmt":"2026-02-13T07:18:43","guid":{"rendered":"https:\/\/ilovehandbags.com\/?post_type=product&#038;p=76073"},"modified":"2026-02-27T10:45:10","modified_gmt":"2026-02-27T09:45:10","slug":"louis-vuitton-loop-pm-1139","status":"publish","type":"product","link":"https:\/\/ilovehandbags.com\/de\/louis-vuitton-loop-pm-1139\/","title":{"rendered":"Louis Vuitton Loop PM"},"content":{"rendered":"","protected":false},"excerpt":{"rendered":"<p data-start=\"209\" data-end=\"557\">Die Louis Vuitton Loop PM in Monogram Canvas ist die perfekte Verbindung aus ikonischem Marken-Erbe und modernem Y2K-Revival. Mit ihrer markanten Halbmond-Silhouette greift sie den Stil der fr\u00fchen 2000er-Jahre auf und interpretiert ihn zeitgem\u00e4\u00df neu. Die kompakte, geschwungene Form macht sie zu einem echten Statement-Piece f\u00fcr modebewusste Looks. Gefertigt aus dem klassischen Monogram Canvas mit naturbelassenem Vachetta-Leder vereint die Loop PM Langlebigkeit mit unverkennbarer Louis Vuitton \u00c4sthetik. Die goldfarbene Hardware setzt luxuri\u00f6se Akzente und unterstreicht den trendigen Charakter der Tasche. Besonders charakteristisch ist die kurze, Y2K-typische Schultertrageweise, die sich eng unter dem Arm tr\u00e4gt und an die ikonischen Baguette-Bags der 2000er erinnert. Trotz ihrer kompakten Gr\u00f6\u00dfe bietet die PM ausreichend Platz f\u00fcr Smartphone, Kartenetui, Schl\u00fcssel und weitere Essentials. Der Rei\u00dfverschluss sch\u00fctzt den Inhalt sicher, w\u00e4hrend das textile Innenfutter die hochwertige Verarbeitung abrundet. Dank des abnehmbaren und verstellbaren Schulterriemens l\u00e4sst sich die Tasche flexibel tragen \u2013 klassisch \u00fcber der Schulter oder modern als Crossbody-Bag. Die Louis Vuitton Loop PM z\u00e4hlt zu den gefragten Modellen der aktuellen Kollektion von <span class=\"hover:entity-accent entity-underline inline cursor-pointer align-baseline\"><span class=\"whitespace-normal\">Louis Vuitton<\/span><\/span>. Sie vereint Y2K-\u00c4sthetik, ikonisches Monogram-Design und Alltagstauglichkeit in einer kompakten Luxus-Handtasche, die sowohl Trend-Piece als auch zeitloser Klassiker ist.<\/p>\n","protected":false},"featured_media":76088,"template":"","meta":{"_uag_custom_page_level_css":"","site-sidebar-layout":"default","site-content-layout":"default","ast-site-content-layout":"default","site-content-style":"default","site-sidebar-style":"default","ast-global-header-display":"","ast-banner-title-visibility":"","ast-main-header-display":"","ast-hfb-above-header-display":"","ast-hfb-below-header-display":"","ast-hfb-mobile-header-display":"","site-post-title":"","ast-breadcrumbs-content":"","ast-featured-img":"","footer-sml-layout":"","ast-disable-related-posts":"","theme-transparent-header-meta":"default","adv-header-id-meta":"","stick-header-meta":"default","header-above-stick-meta":"","header-main-stick-meta":"","header-below-stick-meta":"","astra-migrate-meta-layouts":"set","ast-page-background-enabled":"default","ast-page-background-meta":{"desktop":{"background-color":"var(--ast-global-color-4)","background-image":"","background-repeat":"repeat","background-position":"center center","background-size":"auto","background-attachment":"scroll","background-type":"","background-media":"","overlay-type":"","overlay-color":"","overlay-opacity":"","overlay-gradient":""},"tablet":{"background-color":"","background-image":"","background-repeat":"repeat","background-position":"center center","background-size":"auto","background-attachment":"scroll","background-type":"","background-media":"","overlay-type":"","overlay-color":"","overlay-opacity":"","overlay-gradient":""},"mobile":{"background-color":"","background-image":"","background-repeat":"repeat","background-position":"center center","background-size":"auto","background-attachment":"scroll","background-type":"","background-media":"","overlay-type":"","overlay-color":"","overlay-opacity":"","overlay-gradient":""}},"ast-content-background-meta":{"desktop":{"background-color":"var(--ast-global-color-5)","background-image":"","background-repeat":"repeat","background-position":"center center","background-size":"auto","background-attachment":"scroll","background-type":"","background-media":"","overlay-type":"","overlay-color":"","overlay-opacity":"","overlay-gradient":""},"tablet":{"background-color":"var(--ast-global-color-5)","background-image":"","background-repeat":"repeat","background-position":"center center","background-size":"auto","background-attachment":"scroll","background-type":"","background-media":"","overlay-type":"","overlay-color":"","overlay-opacity":"","overlay-gradient":""},"mobile":{"background-color":"var(--ast-global-color-5)","background-image":"","background-repeat":"repeat","background-position":"center center","background-size":"auto","background-attachment":"scroll","background-type":"","background-media":"","overlay-type":"","overlay-color":"","overlay-opacity":"","overlay-gradient":""}},"_glsr_average":0,"_glsr_ranking":0,"_glsr_reviews":0},"product_brand":[1584],"product_cat":[208,239,204,449],"product_tag":[214,2106,2105,2107],"class_list":{"0":"post-76073","1":"product","2":"type-product","3":"status-publish","4":"has-post-thumbnail","6":"product_brand-louis-vuitton","7":"product_cat-handtaschen","8":"product_cat-louis-vuitton","9":"product_cat-umhaengetaschen","10":"product_cat-bald-wieder-da","11":"product_tag-louis-vuitton","12":"product_tag-louis-vuitton-loop","13":"product_tag-louis-vuitton-loop-pm","14":"product_tag-louis-vuitton-m81098","15":"desktop-align-left","16":"tablet-align-left","17":"mobile-align-left","18":"ast-product-gallery-layout-first-image-large","19":"ast-magnify-disabled","20":"ast-product-tabs-layout-accordion","22":"first","23":"outofstock","24":"purchasable","25":"product-type-simple"},"spectra_custom_meta":{"copied_media_ids":["a:0:{}","a:0:{}","a:0:{}","a:0:{}"],"referenced_media_ids":["a:16:{i:0;i:76088;i:1;i:76089;i:2;i:76090;i:3;i:76083;i:4;i:76080;i:5;i:76082;i:6;i:76085;i:7;i:76075;i:8;i:76078;i:9;i:76079;i:10;i:76077;i:11;i:76087;i:12;i:76086;i:13;i:76076;i:14;i:76081;i:15;i:76084;}","a:16:{i:0;i:76088;i:1;i:76089;i:2;i:76090;i:3;i:76083;i:4;i:76080;i:5;i:76082;i:6;i:76085;i:7;i:76075;i:8;i:76078;i:9;i:76079;i:10;i:76077;i:11;i:76087;i:12;i:76086;i:13;i:76076;i:14;i:76081;i:15;i:76084;}","a:16:{i:0;i:76088;i:1;i:76089;i:2;i:76090;i:3;i:76083;i:4;i:76080;i:5;i:76082;i:6;i:76085;i:7;i:76075;i:8;i:76078;i:9;i:76079;i:10;i:76077;i:11;i:76087;i:12;i:76086;i:13;i:76076;i:14;i:76081;i:15;i:76084;}","a:16:{i:0;i:76088;i:1;i:76089;i:2;i:76090;i:3;i:76083;i:4;i:76080;i:5;i:76082;i:6;i:76085;i:7;i:76075;i:8;i:76078;i:9;i:76079;i:10;i:76077;i:11;i:76087;i:12;i:76086;i:13;i:76076;i:14;i:76081;i:15;i:76084;}"],"_regular_price":["1590"],"total_sales":["2"],"_tax_status":["none"],"_tax_class":[""],"_manage_stock":["yes"],"_backorders":["no"],"_sold_individually":["no"],"_virtual":["no"],"_downloadable":["no"],"_product_image_gallery":["76089,76090,76083,76080,76082,76085,76075,76078,76079,76077,76087,76086,76076,76081,76084"],"_download_limit":["-1"],"_download_expiry":["-1"],"_thumbnail_id":["76088"],"_stock":["0"],"_stock_status":["outofstock"],"_wc_average_rating":[0],"_wc_review_count":["0"],"_product_attributes":["a:3:{s:8:\"pa_brand\";a:7:{s:4:\"name\";s:8:\"pa_brand\";s:5:\"value\";s:0:\"\";s:8:\"position\";i:0;s:10:\"is_visible\";i:0;s:12:\"is_variation\";i:1;s:11:\"is_taxonomy\";i:1;s:16:\"checkout_visible\";i:0;}s:9:\"pa_gender\";a:7:{s:4:\"name\";s:9:\"pa_gender\";s:5:\"value\";s:0:\"\";s:8:\"position\";i:1;s:10:\"is_visible\";i:0;s:12:\"is_variation\";i:1;s:11:\"is_taxonomy\";i:1;s:16:\"checkout_visible\";i:0;}s:8:\"pa_color\";a:7:{s:4:\"name\";s:8:\"pa_color\";s:5:\"value\";s:0:\"\";s:8:\"position\";i:2;s:10:\"is_visible\";i:0;s:12:\"is_variation\";i:1;s:11:\"is_taxonomy\";i:1;s:16:\"checkout_visible\";i:0;}}"],"_product_version":["10.5.2"],"_price":["1590"],"_wpml_media_featured":["1","1","1","1","1","1","1","1"],"_wpml_media_duplicate":["1","1","1","1","1","1","1","1"],"_wpml_word_count":["256"],"_wpml_location_migration_done":["1"],"_fusion":["a:3:{s:17:\"slider_visibility\";s:51:\"small-visibility,medium-visibility,large-visibility\";s:11:\"slider_type\";s:2:\"no\";s:9:\"wooslider\";s:1:\"0\";}"],"rank_math_seo_score":["83"],"rank_math_focus_keyword":["louis vuitton"],"_purchase_price_field":["860"],"_internal_warehouse_number_field":["P6-1139"],"_unit":[""],"_unit_base":[""],"_unit_product":[""],"_unit_price_auto":["no"],"_unit_price_regular":[""],"_unit_price":[""],"_unit_price_sale":[""],"_sale_price_label":[""],"_sale_price_regular_label":[""],"_mini_desc":["Louis Vuitton Loop PM"],"_defect_description":[""],"_allergen_ids":["a:0:{}"],"_warranty_attachment_id":[""],"_min_age":[""],"_ts_gtin":[""],"_ts_mpn":[""],"_delivery_time_countries":["a:0:{}"],"_free_shipping":["no"],"_service":["no"],"_photovoltaic_system":["no"],"_used_good":["yes"],"_defective_copy":["no"],"_is_food":["no"],"_differential_taxation":["yes"],"_gzd_version":["3.20.7"],"_hs_code":[""],"_manufacture_country":[""],"_rank_math_gtin_code":[""],"_fusion_google_fonts":[""],"fusion_builder_status":["active"],"rank_math_primary_product_cat":["0"],"_wcml_custom_prices_status":["0"],"avada_post_views_count":["15"],"avada_today_post_views_count":["2"],"avada_post_views_count_today_date":["10-04-2023"],"yikes_woo_products_tabs":["a:2:{i:0;a:3:{s:5:\"title\";s:21:\"Weitere Informationen\";s:2:\"id\";s:21:\"weitere-informationen\";s:7:\"content\";s:508:\"<strong>Material au\u00dfen:<\/strong> Monogram Canvas mit patiniertem, naturbelassenem Rindsleder und goldfarbener Hardware\r\n<strong>Material innen: <\/strong>Mikrofaserinnenfutter in Beige\r\n<strong>Ma\u00dfe:<\/strong> (B) 23 x (H) 13 x (T) 6 cm\r\n<strong>Ma\u00dfe Schulterriemen: <\/strong>(L) 60-97 cm, (B) 1,8 cm\r\n<strong>L\u00e4nge Schulterkette: <\/strong>37 cm\r\n<strong>Date Code: <\/strong>RFID Chip\r\n<strong>SKU:<\/strong> M81098\r\n<strong>Lieferumfang:<\/strong> Louis Vuitton Staubbeutel, Box, Schulterriemen sowie -kette\";}i:1;a:3:{s:5:\"title\";s:7:\"Zustand\";s:2:\"id\";s:7:\"zustand\";s:7:\"content\";s:388:\"<strong>Gesamtzustand: <\/strong>Sehr gut bis neuwertig\r\n<strong>Canvas:<\/strong> Intakt, vereinzelt minimale Geberauchsspuren\r\n<strong>Leder: <\/strong>Minimale Gebrauchsspuren, minimaler Abrieb an der Br\u00fcnierung des Schulterriemens\r\n<strong>Verschluss: <\/strong>Schlie\u00dft gut\r\n<strong>Hardware: <\/strong>Minimale Gebrauchsspuren vorhanden\r\n<strong>Innenraum: <\/strong>Sauber und gepflegt\";}}"],"_deposit_type":[""],"_nutrient_ids":["a:0:{}"],"_nutrient_reference_value":["100g"],"_ingredients":[""],"_nutri_score":[""],"_alcohol_content":[""],"_drained_weight":[""],"_net_filling_quantity":[""],"_food_distributor":[""],"_food_description":[""],"_food_place_of_origin":[""],"_deposit_quantity":[""],"site-sidebar-layout":["default"],"site-content-layout":["default"],"theme-transparent-header-meta":["default"],"stick-header-meta":["default"],"_wp_old_date":["2023-04-09","2023-07-04","2023-05-04","2023-07-12","2026-02-14"],"_pys_conversion_label_settings":["a:3:{s:6:\"enable\";b:0;s:5:\"label\";s:0:\"\";s:2:\"id\";s:14:\"AW-11184563350\";}"],"_pys_super_pack_cpt_url":[""],"_pys_super_pack_cpt_condition":["only"],"_pys_super_pack_cpt_cart":["hidden"],"_woosea_brand":[""],"_woosea_mpn":[""],"_woosea_upc":[""],"_woosea_ean":[""],"_woosea_gtin":[""],"_woosea_color":[""],"_woosea_size":[""],"_woosea_gender":[""],"_woosea_material":[""],"_woosea_pattern":[""],"_woosea_optimized_title":[""],"_woosea_unit_pricing_measure":[""],"_woosea_unit_pricing_base_measure":[""],"_woosea_condition":[""],"_woosea_age_group":["adult"],"_woosea_installment_months":[""],"_woosea_installment_amount":[""],"_woosea_exclude_product":["no"],"_woosea_cost_of_good_sold":[""],"_woosea_multipack":[""],"_woosea_is_bundle":[""],"_woosea_energy_efficiency_class":[""],"_woosea_min_energy_efficiency_class":[""],"_woosea_max_energy_efficiency_class":[""],"_woosea_is_promotion":[""],"_woosea_custom_field_0":[""],"_woosea_custom_field_1":[""],"_woosea_custom_field_2":[""],"_woosea_custom_field_3":[""],"_woosea_custom_field_4":[""],"_pys_head_footer":["a:7:{s:14:\"disable_global\";b:0;s:8:\"head_any\";s:0:\"\";s:12:\"head_desktop\";s:0:\"\";s:11:\"head_mobile\";s:0:\"\";s:10:\"footer_any\";s:0:\"\";s:14:\"footer_desktop\";s:0:\"\";s:13:\"footer_mobile\";s:0:\"\";}"],"_customs_description":[""],"_is_non_returnable":["no"],"_wpml_media_has_media":["1"],"litespeed_vpi_list_mobile":["a:2:{i:0;s:8:\"logo.png\";i:1;s:80:\"Louis-Vuitton-Metis-Rose-Poudre-vorn-schulterriemen-2023-0271-scaled-500x500.jpg\";}"],"_internal_date_code":["RFID Chip"],"_internal_product_origin":["Frankreich"],"ast-site-content-layout":["default"],"site-content-style":["default"],"site-sidebar-style":["default"],"litespeed_vpi_list":["a:5:{i:0;s:8:\"logo.png\";i:1;s:6:\"de.png\";i:2;s:80:\"Louis-Vuitton-Metis-Rose-Poudre-vorn-schulterriemen-2023-0271-scaled-500x500.jpg\";i:3;s:35:\"three-o-clock-clock-svgrepo-com.svg\";i:4;s:23:\"authentic_black_100.png\";}"],"_product_rating":["A"],"rank_math_robots":["a:1:{i:0;s:5:\"index\";}"],"_customer_view":["18"],"_custom_view_last_updated":["2026-02-28 11:59:19"],"_not_in_inventory_checkbox":[""],"_custom_html_content":[""],"_product_shipping_weight":["1kg"],"_manufacturer_slug":["lvmh-moet-hennessy-louis-vuitton-se"],"_safety_attachment_ids":["a:0:{}"],"_zettle_product_cat_id":[""],"_shipping_length":[""],"_shipping_width":[""],"_shipping_height":[""],"_nickx_video_text_url":["a:1:{i:0;s:0:\"\";}"],"_nickx_product_video_type":["a:1:{i:0;s:23:\"nickx_video_url_youtube\";}"],"_nickx_product_video_thumb_ids":["a:1:{i:0;s:0:\"\";}"],"_product_available_from_field":["2026-02-13T19:00"],"_safety_instructions":[""],"_product_reserve_till_field":["2026-02-27T18:00"],"similar_product_key":["1747132357"],"sib_push_meta_box_present":["1"],"sib_push_send_notification":["0"],"sib_push_target_segment_ids":["@ALL"],"_wireless_electronic_device":["no"],"_device_contains_power_supply":["no"],"_device_charging_supports_usb_pd":["no"],"_device_charging_watt_min":["0"],"_device_charging_watt_max":["0"],"rank_math_primary_product_brand":["1584"],"_ame_cpe_post_policy":["{\"accessProtection\":{\"active\":\"replace\"}}"],"_wpml_post_translation_editor_native":["no"],"_izettle_barcode":[""],"_izettle_nosync":[""],"_izettle_cost_price":[""],"_izettle_special_price":[""],"_izettle_product_name":[""],"_izettle_image_lookup_key":["3kyncy1cEe-udXp3qLWasA-_EwoPXjgEfCEqoOyza8esQ"],"woocommerce_izettle_product_uuid":["fc4f0c84-78e0-11f0-a377-353536383939"],"woocommerce_izettle_variant_uuid":["fc4f2af2-78e0-11f0-9015-353536383939"],"_izettle_updated":["1755237603"],"sib_push_send_notification_delay_seconds":["0"],"_is_non_alcoholic":["no"],"_mid_code":[""],"_ship_separately_via":[""],"_shipping_weight":[""],"last_permotional_email_sent_on":["25.02.2026 12:23"],"_product_reserve_add_cart_link_key":["QanEgpRcNFPuZfSehtJKDjsmOXMVzoBLWTdvxIkbwrCYHqUGiyAl1766133383"],"_entrupy_echtheitszertifikat":["yes"],"rank_math_analytic_object_id":["2611"],"_sku":["P6-1139"],"_edit_lock":["1772188217:1"],"_edit_last":["4"],"_gdrive_field":["https:\/\/drive.google.com\/drive\/u\/1\/folders\/1MI1AugqbyVhIBR07EoxN5pRzr-8u60sI"],"astra-migrate-meta-layouts":["set"],"_wcml_average_rating":[null],"_wcml_review_count":[null],"_wcml_rating_count":[null],"rank_math_internal_links_processed":["1"],"_uag_page_assets":["a:9:{s:3:\"css\";s:0:\"\";s:2:\"js\";s:0:\"\";s:18:\"current_block_list\";a:6:{i:0;s:26:\"woocommerce\/filter-wrapper\";i:1;s:24:\"woocommerce\/price-filter\";i:2;s:30:\"woocommerce\/product-categories\";i:3;s:14:\"core\/paragraph\";i:4;s:14:\"core\/shortcode\";i:5;s:11:\"core\/search\";}s:8:\"uag_flag\";b:0;s:11:\"uag_version\";s:10:\"1775471992\";s:6:\"gfonts\";a:0:{}s:10:\"gfonts_url\";s:0:\"\";s:12:\"gfonts_files\";a:0:{}s:14:\"uag_faq_layout\";b:0;}"],"_wc_rating_count":[""]},"uagb_featured_image_src":{"full":["https:\/\/ilovehandbags.com\/wp-content\/uploads\/sites\/3\/Louis-Vuitton-Loop-PM-1139-01-scaled.jpg",2560,2560,false],"thumbnail":["https:\/\/ilovehandbags.com\/wp-content\/uploads\/sites\/3\/Louis-Vuitton-Loop-PM-1139-01-150x150.jpg",150,150,true],"medium":["https:\/\/ilovehandbags.com\/wp-content\/uploads\/sites\/3\/Louis-Vuitton-Loop-PM-1139-01-300x300.jpg",300,300,true],"medium_large":["https:\/\/ilovehandbags.com\/wp-content\/uploads\/sites\/3\/Louis-Vuitton-Loop-PM-1139-01-768x768.jpg",768,768,true],"large":["https:\/\/ilovehandbags.com\/wp-content\/uploads\/sites\/3\/Louis-Vuitton-Loop-PM-1139-01-1024x1024.jpg",1024,1024,true],"1536x1536":["https:\/\/ilovehandbags.com\/wp-content\/uploads\/sites\/3\/Louis-Vuitton-Loop-PM-1139-01-scaled.jpg",1536,1536,false],"2048x2048":["https:\/\/ilovehandbags.com\/wp-content\/uploads\/sites\/3\/Louis-Vuitton-Loop-PM-1139-01-scaled.jpg",2048,2048,false],"woocommerce_thumbnail":["https:\/\/ilovehandbags.com\/wp-content\/uploads\/sites\/3\/Louis-Vuitton-Loop-PM-1139-01-500x500.jpg",500,500,true],"woocommerce_single":["https:\/\/ilovehandbags.com\/wp-content\/uploads\/sites\/3\/Louis-Vuitton-Loop-PM-1139-01-500x500.jpg",500,500,true],"woocommerce_gallery_thumbnail":["https:\/\/ilovehandbags.com\/wp-content\/uploads\/sites\/3\/Louis-Vuitton-Loop-PM-1139-01-100x100.jpg",100,100,true]},"uagb_author_info":{"display_name":"ILoveHandbags","author_link":"https:\/\/ilovehandbags.com\/de\/author\/"},"uagb_comment_info":0,"uagb_excerpt":"Die Louis Vuitton Loop PM in Monogram Canvas ist die perfekte Verbindung aus ikonischem Marken-Erbe und modernem Y2K-Revival. Mit ihrer markanten Halbmond-Silhouette greift sie den Stil der fr\u00fchen 2000er-Jahre auf und interpretiert ihn zeitgem\u00e4\u00df neu. Die kompakte, geschwungene Form macht sie zu einem echten Statement-Piece f\u00fcr modebewusste Looks. Gefertigt aus dem klassischen Monogram Canvas mit&hellip;","_links":{"self":[{"href":"https:\/\/ilovehandbags.com\/de\/wp-json\/wp\/v2\/product\/76073","targetHints":{"allow":["GET"]}}],"collection":[{"href":"https:\/\/ilovehandbags.com\/de\/wp-json\/wp\/v2\/product"}],"about":[{"href":"https:\/\/ilovehandbags.com\/de\/wp-json\/wp\/v2\/types\/product"}],"wp:featuredmedia":[{"embeddable":true,"href":"https:\/\/ilovehandbags.com\/de\/wp-json\/wp\/v2\/media\/76088"}],"wp:attachment":[{"href":"https:\/\/ilovehandbags.com\/de\/wp-json\/wp\/v2\/media?parent=76073"}],"wp:term":[{"taxonomy":"product_brand","embeddable":true,"href":"https:\/\/ilovehandbags.com\/de\/wp-json\/wp\/v2\/product_brand?post=76073"},{"taxonomy":"product_cat","embeddable":true,"href":"https:\/\/ilovehandbags.com\/de\/wp-json\/wp\/v2\/product_cat?post=76073"},{"taxonomy":"product_tag","embeddable":true,"href":"https:\/\/ilovehandbags.com\/de\/wp-json\/wp\/v2\/product_tag?post=76073"}],"curies":[{"name":"wp","href":"https:\/\/api.w.org\/{rel}","templated":true}]}}