{"id":76444,"date":"2026-02-17T12:06:59","date_gmt":"2026-02-17T11:06:59","guid":{"rendered":"https:\/\/ilovehandbags.com\/?post_type=product&#038;p=76444"},"modified":"2026-02-22T11:12:08","modified_gmt":"2026-02-22T10:12:08","slug":"hermes-carre-90-concours-detriers-1146","status":"publish","type":"product","link":"https:\/\/ilovehandbags.com\/de\/hermes-carre-90-concours-detriers-1146\/","title":{"rendered":"Herm\u00e8s Carr\u00e9 90 Concours d&#8217;Etriers Seide"},"content":{"rendered":"","protected":false},"excerpt":{"rendered":"<p data-start=\"153\" data-end=\"530\">Das Herm\u00e8s Carr\u00e9 90 \u201eConcours d\u2019\u00c9triers\u201c ist ein ikonisches Seidentuch, das die traditionsreiche Reit- und Sattelkunst des Hauses Herm\u00e8s in einer detailreichen und zugleich kraftvollen Komposition zelebriert. Das Motiv zeigt kunstvoll arrangierte Steigb\u00fcgel in unterschiedlichen Formen und Ausf\u00fchrungen \u2013 eine Hommage an die historischen Wurzeln der Maison als Sattlerei. Entworfen wurde \u201eConcours d\u2019\u00c9triers\u201c von <span class=\"hover:entity-accent entity-underline inline cursor-pointer align-baseline\"><span class=\"whitespace-normal\">Virgnie Jamin<\/span><\/span>\u00a0f\u00fcr das Haus <span class=\"hover:entity-accent entity-underline inline cursor-pointer align-baseline\"><span class=\"whitespace-normal\">Herm\u00e8s<\/span><\/span>. Seine Designs sind bekannt f\u00fcr ihre klare Linienf\u00fchrung, harmonische Symmetrie und klassische Eleganz \u2013 Merkmale, die auch dieses Tuch pr\u00e4gen. In der pinken Farbvariante wirkt das traditionsreiche Motiv besonders modern und ausdrucksstark. Die kr\u00e4ftigen Ros\u00e9t\u00f6ne verleihen dem grafischen Design eine lebendige Frische, w\u00e4hrend feine Kontraste und pr\u00e4zise Druckdetails die einzelnen Elemente wirkungsvoll hervorheben. Gefertigt aus 100 Prozent feinster Seide \u00fcberzeugt das Carr\u00e9 90 durch seine geschmeidige Haptik und den charakteristisch flie\u00dfenden Fall. Der handrollierte Saum unterstreicht die hohe Handwerkskunst, f\u00fcr die Herm\u00e8s weltweit gesch\u00e4tzt wird. Die exzellente Drucktechnik bringt die intensiven Farben und die filigranen Details des Motivs besonders klar zur Geltung. Mit seinem klassischen Format von etwa 90 \u00d7 90 cm bietet das Seidentuch vielseitige Stylingm\u00f6glichkeiten \u2013 elegant um den Hals gebunden, locker \u00fcber die Schultern gelegt oder als stilvolles Detail an einer Handtasche getragen. \u201eConcours d\u2019\u00c9triers\u201c ist ein zeitloses Design mit starkem Bezug zur Herm\u00e8s-Tradition und eine ausdrucksstarke Erg\u00e4nzung f\u00fcr jede Sammlung hochwertiger Seident\u00fccher.<\/p>\n","protected":false},"featured_media":76556,"template":"","meta":{"_uag_custom_page_level_css":"","site-sidebar-layout":"default","site-content-layout":"default","ast-site-content-layout":"default","site-content-style":"default","site-sidebar-style":"default","ast-global-header-display":"","ast-banner-title-visibility":"","ast-main-header-display":"","ast-hfb-above-header-display":"","ast-hfb-below-header-display":"","ast-hfb-mobile-header-display":"","site-post-title":"","ast-breadcrumbs-content":"","ast-featured-img":"","footer-sml-layout":"","ast-disable-related-posts":"","theme-transparent-header-meta":"default","adv-header-id-meta":"","stick-header-meta":"default","header-above-stick-meta":"","header-main-stick-meta":"","header-below-stick-meta":"","astra-migrate-meta-layouts":"set","ast-page-background-enabled":"default","ast-page-background-meta":{"desktop":{"background-color":"var(--ast-global-color-4)","background-image":"","background-repeat":"repeat","background-position":"center center","background-size":"auto","background-attachment":"scroll","background-type":"","background-media":"","overlay-type":"","overlay-color":"","overlay-opacity":"","overlay-gradient":""},"tablet":{"background-color":"","background-image":"","background-repeat":"repeat","background-position":"center center","background-size":"auto","background-attachment":"scroll","background-type":"","background-media":"","overlay-type":"","overlay-color":"","overlay-opacity":"","overlay-gradient":""},"mobile":{"background-color":"","background-image":"","background-repeat":"repeat","background-position":"center center","background-size":"auto","background-attachment":"scroll","background-type":"","background-media":"","overlay-type":"","overlay-color":"","overlay-opacity":"","overlay-gradient":""}},"ast-content-background-meta":{"desktop":{"background-color":"var(--ast-global-color-5)","background-image":"","background-repeat":"repeat","background-position":"center center","background-size":"auto","background-attachment":"scroll","background-type":"","background-media":"","overlay-type":"","overlay-color":"","overlay-opacity":"","overlay-gradient":""},"tablet":{"background-color":"var(--ast-global-color-5)","background-image":"","background-repeat":"repeat","background-position":"center center","background-size":"auto","background-attachment":"scroll","background-type":"","background-media":"","overlay-type":"","overlay-color":"","overlay-opacity":"","overlay-gradient":""},"mobile":{"background-color":"var(--ast-global-color-5)","background-image":"","background-repeat":"repeat","background-position":"center center","background-size":"auto","background-attachment":"scroll","background-type":"","background-media":"","overlay-type":"","overlay-color":"","overlay-opacity":"","overlay-gradient":""}},"_glsr_average":0,"_glsr_ranking":0,"_glsr_reviews":0},"product_brand":[1589],"product_cat":[1323,2103,449],"product_tag":[1353,2104],"class_list":{"0":"post-76444","1":"product","2":"type-product","3":"status-publish","4":"has-post-thumbnail","6":"product_brand-hermes","7":"product_cat-hermes","8":"product_cat-tuecher-und-schals","9":"product_cat-bald-wieder-da","10":"product_tag-hermes","11":"product_tag-hermes-carre","12":"desktop-align-left","13":"tablet-align-left","14":"mobile-align-left","15":"ast-product-gallery-layout-first-image-large","16":"ast-magnify-disabled","17":"ast-product-tabs-layout-accordion","19":"first","20":"outofstock","21":"sold-individually","22":"taxable","23":"shipping-taxable","24":"purchasable","25":"product-type-simple"},"spectra_custom_meta":{"copied_media_ids":["a:0:{}","a:0:{}","a:0:{}"],"referenced_media_ids":["a:13:{i:0;i:76556;i:1;i:76558;i:2;i:76554;i:3;i:76550;i:4;i:76552;i:5;i:76549;i:6;i:76553;i:7;i:76548;i:8;i:76557;i:9;i:76551;i:10;i:76559;i:11;i:76547;i:12;i:76555;}","a:13:{i:0;i:76556;i:1;i:76558;i:2;i:76554;i:3;i:76550;i:4;i:76552;i:5;i:76549;i:6;i:76553;i:7;i:76548;i:8;i:76557;i:9;i:76551;i:10;i:76559;i:11;i:76547;i:12;i:76555;}","a:13:{i:0;i:76556;i:1;i:76558;i:2;i:76554;i:3;i:76550;i:4;i:76552;i:5;i:76549;i:6;i:76553;i:7;i:76548;i:8;i:76557;i:9;i:76551;i:10;i:76559;i:11;i:76547;i:12;i:76555;}"],"_regular_price":["260"],"total_sales":["1"],"_tax_status":["taxable"],"_tax_class":[""],"_manage_stock":["yes"],"_backorders":["no"],"_sold_individually":["yes"],"_virtual":["no"],"_downloadable":["no"],"_product_image_gallery":["76558,76554,76550,76552,76549,76553,76548,76557,76551,76559,76547,76555"],"_download_limit":["-1"],"_download_expiry":["-1"],"_thumbnail_id":["76556"],"_stock":["0"],"_stock_status":["outofstock"],"_wc_average_rating":[0],"_wc_review_count":["0"],"_product_attributes":["a:3:{s:8:\"pa_brand\";a:7:{s:4:\"name\";s:8:\"pa_brand\";s:5:\"value\";s:0:\"\";s:8:\"position\";i:0;s:10:\"is_visible\";i:0;s:12:\"is_variation\";i:1;s:11:\"is_taxonomy\";i:1;s:16:\"checkout_visible\";i:0;}s:8:\"pa_color\";a:7:{s:4:\"name\";s:8:\"pa_color\";s:5:\"value\";s:0:\"\";s:8:\"position\";i:1;s:10:\"is_visible\";i:0;s:12:\"is_variation\";i:1;s:11:\"is_taxonomy\";i:1;s:16:\"checkout_visible\";i:0;}s:9:\"pa_gender\";a:7:{s:4:\"name\";s:9:\"pa_gender\";s:5:\"value\";s:0:\"\";s:8:\"position\";i:2;s:10:\"is_visible\";i:0;s:12:\"is_variation\";i:1;s:11:\"is_taxonomy\";i:1;s:16:\"checkout_visible\";i:0;}}"],"_product_version":["10.5.2"],"_price":["260"],"_wpml_media_featured":["1","1","1","1","1","1","1","1","1"],"_wpml_media_duplicate":["1","1","1","1","1","1","1","1","1"],"_wpml_word_count":["297"],"_wpml_location_migration_done":["1"],"_fusion":["a:3:{s:17:\"slider_visibility\";s:51:\"small-visibility,medium-visibility,large-visibility\";s:11:\"slider_type\";s:2:\"no\";s:9:\"wooslider\";s:1:\"0\";}"],"rank_math_seo_score":["86"],"rank_math_focus_keyword":["hermes"],"_purchase_price_field":["123,96"],"_internal_warehouse_number_field":["P6-1146"],"_unit":["stueck"],"_unit_base":[""],"_unit_product":[""],"_unit_price_auto":["no"],"_unit_price_regular":[""],"_unit_price":[""],"_unit_price_sale":[""],"_sale_price_label":[""],"_sale_price_regular_label":[""],"_mini_desc":["Herm\u00e8s Carr\u00e9 90 Concours d'Etriers Seide"],"_defect_description":[""],"_allergen_ids":["a:0:{}"],"_warranty_attachment_id":[""],"_min_age":[""],"_ts_gtin":[""],"_ts_mpn":[""],"_delivery_time_countries":["a:0:{}"],"_free_shipping":["no"],"_service":["no"],"_photovoltaic_system":["no"],"_used_good":["yes"],"_defective_copy":["no"],"_is_food":["no"],"_differential_taxation":["no"],"_gzd_version":["3.20.6"],"_hs_code":[""],"_manufacture_country":[""],"_rank_math_gtin_code":["M71480"],"_fusion_google_fonts":[""],"fusion_builder_status":["active"],"rank_math_primary_product_cat":["0"],"_wcml_custom_prices_status":["0"],"avada_post_views_count":["100"],"avada_today_post_views_count":["1"],"avada_post_views_count_today_date":["13-04-2023"],"_deposit_type":[""],"_nutrient_ids":["a:0:{}"],"_nutrient_reference_value":["100g"],"_ingredients":[""],"_nutri_score":[""],"_alcohol_content":[""],"_drained_weight":[""],"_net_filling_quantity":[""],"_food_distributor":[""],"_food_description":[""],"_food_place_of_origin":[""],"_deposit_quantity":[""],"yikes_woo_products_tabs":["a:2:{i:0;a:3:{s:5:\"title\";s:21:\"Weitere Informationen\";s:2:\"id\";s:21:\"weitere-informationen\";s:7:\"content\";s:310:\"<strong>Material:<\/strong> 100 % Seide<br data-start=\"21\" data-end=\"24\" \/><strong>Ma\u00dfe:<\/strong> ca. 90 x 90 cm<br data-start=\"44\" data-end=\"47\" \/><strong>Design:<\/strong> Concours d'Etriers \u2013 Originalentwurf von Virginie Jamin<br data-start=\"140\" data-end=\"143\" \/><strong>Lieferumfang:<\/strong> Herm\u00e8s Box\";}i:1;a:3:{s:5:\"title\";s:7:\"Zustand\";s:2:\"id\";s:7:\"zustand\";s:7:\"content\";s:124:\"<strong>Gesamtzustand:<\/strong> Sehr gut\r\n<strong>Seide:<\/strong> Leichte Gebrauchsspuren wie kleine Fadenzieher und Flecken\";}}"],"site-sidebar-layout":["default"],"site-content-layout":["default"],"theme-transparent-header-meta":["default"],"stick-header-meta":["default"],"_default_delivery_time":[""],"rank_math_robots":["a:1:{i:0;s:5:\"index\";}"],"_pys_conversion_label_settings":["a:3:{s:6:\"enable\";b:0;s:5:\"label\";s:0:\"\";s:2:\"id\";s:14:\"AW-11184563350\";}"],"_pys_super_pack_cpt_url":[""],"_pys_super_pack_cpt_condition":["only"],"_pys_super_pack_cpt_cart":["hidden"],"_woosea_brand":[""],"_woosea_mpn":[""],"_woosea_upc":[""],"_woosea_ean":[""],"_woosea_gtin":[""],"_woosea_color":[""],"_woosea_size":[""],"_woosea_gender":[""],"_woosea_material":[""],"_woosea_pattern":[""],"_woosea_optimized_title":[""],"_woosea_unit_pricing_measure":[""],"_woosea_unit_pricing_base_measure":[""],"_woosea_condition":[""],"_woosea_age_group":["adult"],"_woosea_installment_months":[""],"_woosea_installment_amount":[""],"_woosea_exclude_product":["no"],"_woosea_cost_of_good_sold":[""],"_woosea_multipack":[""],"_woosea_is_bundle":[""],"_woosea_energy_efficiency_class":[""],"_woosea_min_energy_efficiency_class":[""],"_woosea_max_energy_efficiency_class":[""],"_woosea_is_promotion":[""],"_woosea_custom_field_0":[""],"_woosea_custom_field_1":[""],"_woosea_custom_field_2":[""],"_woosea_custom_field_3":[""],"_woosea_custom_field_4":[""],"_pys_head_footer":["a:7:{s:14:\"disable_global\";b:0;s:8:\"head_any\";s:0:\"\";s:12:\"head_desktop\";s:0:\"\";s:11:\"head_mobile\";s:0:\"\";s:10:\"footer_any\";s:0:\"\";s:14:\"footer_desktop\";s:0:\"\";s:13:\"footer_mobile\";s:0:\"\";}"],"_wp_old_date":["2023-04-02","2024-07-11","2026-02-14","2026-02-18"],"_customs_description":[""],"_is_non_returnable":["no"],"_wpml_media_has_media":["1"],"litespeed_vpi_list_mobile":["a:2:{i:0;s:8:\"logo.png\";i:1;s:48:\"PhotoRoom_002_20230402_134833-scaled-500x500.jpg\";}"],"litespeed_vpi_list":["a:4:{i:0;s:8:\"logo.png\";i:1;s:6:\"de.png\";i:2;s:48:\"PhotoRoom_002_20230402_134833-scaled-500x500.jpg\";i:3;s:35:\"three-o-clock-clock-svgrepo-com.svg\";}"],"_internal_date_code":["Nicht vorhanden"],"_internal_product_origin":["Frankreich"],"_product_rating":["A"],"ast-site-content-layout":["default"],"site-content-style":["default"],"site-sidebar-style":["default"],"_rank_math_video":["true"],"_not_in_inventory_checkbox":[""],"_customer_view":["7"],"_custom_view_last_updated":["2026-02-20 19:18:39"],"_zettle_product_cat_id":[""],"_shipping_length":[""],"_shipping_width":[""],"_shipping_height":[""],"_custom_html_content":[""],"_izettle_barcode":["0290000441501"],"_izettle_nosync":[""],"_izettle_cost_price":[""],"_izettle_special_price":[""],"_izettle_product_name":[""],"_wpml_post_translation_editor_native":["no"],"_product_shipping_weight":["1kg"],"similar_product_key":["1770803824"],"rank_math_primary_product_brand":["1589"],"sib_push_meta_box_present":["1"],"sib_push_send_notification":["0"],"sib_push_send_notification_delay_seconds":["0"],"sib_push_target_segment_ids":["@ALL"],"_entrupy_echtheitszertifikat":[""],"_product_available_from_field":["2026-02-20T19:00"],"_manufacturer_slug":["hermes-international-sa"],"_safety_instructions":[""],"_is_non_alcoholic":["no"],"_safety_attachment_ids":["a:0:{}"],"_wireless_electronic_device":["no"],"_device_contains_power_supply":["no"],"_device_charging_supports_usb_pd":["no"],"_device_charging_watt_min":[""],"_device_charging_watt_max":[""],"_mid_code":[""],"_ship_separately_via":[""],"_shipping_weight":[""],"_product_reserve_till_field":[""],"_nickx_video_text_url":["a:1:{i:0;s:0:\"\";}"],"_nickx_product_video_type":["a:1:{i:0;s:23:\"nickx_video_url_youtube\";}"],"_nickx_product_video_thumb_ids":["a:1:{i:0;s:0:\"\";}"],"_ame_cpe_post_policy":["{\"accessProtection\":{\"active\":\"replace\"}}"],"_gdrive_field":["https:\/\/drive.google.com\/drive\/u\/1\/folders\/1LBavLDJHsvOv7J6jrsaVVNfIEtThPbvG"],"rank_math_analytic_object_id":["2631"],"_sku":["P6-1146"],"_edit_lock":["1771755004:4"],"_edit_last":["4"],"_wcml_average_rating":[null],"_wcml_review_count":[null],"_wcml_rating_count":[null],"astra-migrate-meta-layouts":["set"],"rank_math_internal_links_processed":["1"],"_uag_page_assets":["a:9:{s:3:\"css\";s:0:\"\";s:2:\"js\";s:0:\"\";s:18:\"current_block_list\";a:6:{i:0;s:26:\"woocommerce\/filter-wrapper\";i:1;s:24:\"woocommerce\/price-filter\";i:2;s:30:\"woocommerce\/product-categories\";i:3;s:14:\"core\/paragraph\";i:4;s:14:\"core\/shortcode\";i:5;s:11:\"core\/search\";}s:8:\"uag_flag\";b:0;s:11:\"uag_version\";s:10:\"1775471992\";s:6:\"gfonts\";a:0:{}s:10:\"gfonts_url\";s:0:\"\";s:12:\"gfonts_files\";a:0:{}s:14:\"uag_faq_layout\";b:0;}"],"_wc_rating_count":[""]},"uagb_featured_image_src":{"full":["https:\/\/ilovehandbags.com\/wp-content\/uploads\/sites\/3\/Hermes-Carre-Concours-d-Etriers-1146-05-scaled.jpg",2560,2560,false],"thumbnail":["https:\/\/ilovehandbags.com\/wp-content\/uploads\/sites\/3\/Hermes-Carre-Concours-d-Etriers-1146-05-150x150.jpg",150,150,true],"medium":["https:\/\/ilovehandbags.com\/wp-content\/uploads\/sites\/3\/Hermes-Carre-Concours-d-Etriers-1146-05-300x300.jpg",300,300,true],"medium_large":["https:\/\/ilovehandbags.com\/wp-content\/uploads\/sites\/3\/Hermes-Carre-Concours-d-Etriers-1146-05-768x768.jpg",768,768,true],"large":["https:\/\/ilovehandbags.com\/wp-content\/uploads\/sites\/3\/Hermes-Carre-Concours-d-Etriers-1146-05-1024x1024.jpg",1024,1024,true],"1536x1536":["https:\/\/ilovehandbags.com\/wp-content\/uploads\/sites\/3\/Hermes-Carre-Concours-d-Etriers-1146-05-scaled.jpg",1536,1536,false],"2048x2048":["https:\/\/ilovehandbags.com\/wp-content\/uploads\/sites\/3\/Hermes-Carre-Concours-d-Etriers-1146-05-scaled.jpg",2048,2048,false],"woocommerce_thumbnail":["https:\/\/ilovehandbags.com\/wp-content\/uploads\/sites\/3\/Hermes-Carre-Concours-d-Etriers-1146-05-500x500.jpg",500,500,true],"woocommerce_single":["https:\/\/ilovehandbags.com\/wp-content\/uploads\/sites\/3\/Hermes-Carre-Concours-d-Etriers-1146-05-500x500.jpg",500,500,true],"woocommerce_gallery_thumbnail":["https:\/\/ilovehandbags.com\/wp-content\/uploads\/sites\/3\/Hermes-Carre-Concours-d-Etriers-1146-05-100x100.jpg",100,100,true]},"uagb_author_info":{"display_name":"ILoveHandbags","author_link":"https:\/\/ilovehandbags.com\/de\/author\/"},"uagb_comment_info":0,"uagb_excerpt":"Das Herm\u00e8s Carr\u00e9 90 \u201eConcours d\u2019\u00c9triers\u201c ist ein ikonisches Seidentuch, das die traditionsreiche Reit- und Sattelkunst des Hauses Herm\u00e8s in einer detailreichen und zugleich kraftvollen Komposition zelebriert. Das Motiv zeigt kunstvoll arrangierte Steigb\u00fcgel in unterschiedlichen Formen und Ausf\u00fchrungen \u2013 eine Hommage an die historischen Wurzeln der Maison als Sattlerei. Entworfen wurde \u201eConcours d\u2019\u00c9triers\u201c von Virgnie&hellip;","_links":{"self":[{"href":"https:\/\/ilovehandbags.com\/de\/wp-json\/wp\/v2\/product\/76444","targetHints":{"allow":["GET"]}}],"collection":[{"href":"https:\/\/ilovehandbags.com\/de\/wp-json\/wp\/v2\/product"}],"about":[{"href":"https:\/\/ilovehandbags.com\/de\/wp-json\/wp\/v2\/types\/product"}],"wp:featuredmedia":[{"embeddable":true,"href":"https:\/\/ilovehandbags.com\/de\/wp-json\/wp\/v2\/media\/76556"}],"wp:attachment":[{"href":"https:\/\/ilovehandbags.com\/de\/wp-json\/wp\/v2\/media?parent=76444"}],"wp:term":[{"taxonomy":"product_brand","embeddable":true,"href":"https:\/\/ilovehandbags.com\/de\/wp-json\/wp\/v2\/product_brand?post=76444"},{"taxonomy":"product_cat","embeddable":true,"href":"https:\/\/ilovehandbags.com\/de\/wp-json\/wp\/v2\/product_cat?post=76444"},{"taxonomy":"product_tag","embeddable":true,"href":"https:\/\/ilovehandbags.com\/de\/wp-json\/wp\/v2\/product_tag?post=76444"}],"curies":[{"name":"wp","href":"https:\/\/api.w.org\/{rel}","templated":true}]}}